{"id":29837,"date":"2025-01-22T15:27:53","date_gmt":"2025-01-22T15:27:53","guid":{"rendered":"https:\/\/joyasyasmin.com\/producto\/staerke-und-harmonie-armband\/"},"modified":"2025-08-06T07:33:00","modified_gmt":"2025-08-06T07:33:00","slug":"staerke-und-harmonie-armband","status":"publish","type":"product","link":"https:\/\/joyasyasmin.com\/de\/producto\/staerke-und-harmonie-armband\/","title":{"rendered":"St\u00e4rke und Harmonie Armband"},"content":{"rendered":"","protected":false},"excerpt":{"rendered":"<p>Entdecken Sie unser exklusives Armband aus <strong>925er Silber<\/strong>, ein Schmuckst\u00fcck, das Eleganz und spirituelle Bedeutung vereint. Dieses St\u00fcck zeichnet sich durch sein einzigartiges Design aus, das ein <strong>5-mm-Gliederarmband<\/strong> zusammen mit einer zarten <strong>4-mm-Rolo-Kette<\/strong> integriert und eine Gesamtl\u00e4nge von <strong>20 cm<\/strong> erreicht, ideal f\u00fcr jede Gelegenheit. <\/p>\n<p>Das Armband ist mit einem Satz sorgf\u00e4ltig ausgew\u00e4hlter Medaillen mit Anh\u00e4nger verziert. Jede Medaille wird von Natursteinen begleitet, die nicht nur ihre Sch\u00f6nheit unterstreichen, sondern dem Tr\u00e4ger auch positive Energie und Harmonie verleihen. <\/p>\n<ul>\n<li><strong>Wunderbare Jungfrau,<\/strong> Symbol des Schutzes und des Glaubens.<\/li>\n<li><strong>Hl. Judas Thadd\u00e4us<\/strong>, Schutzpatron der schwierigen und verzweifelten F\u00e4lle.<\/li>\n<li><strong>T\u00fcrkisches Auge<\/strong>, Amulett gegen den b\u00f6sen Blick.<\/li>\n<li><strong>Tetragrammaton<\/strong>, ein m\u00e4chtiges Symbol des Schutzes.<\/li>\n<\/ul>\n","protected":false},"featured_media":29740,"comment_status":"open","ping_status":"closed","template":"","meta":{"_acf_changed":false,"_joinchat":[]},"product_brand":[],"product_cat":[1787],"product_tag":[],"class_list":{"0":"post-29837","1":"product","2":"type-product","3":"status-publish","4":"has-post-thumbnail","6":"product_cat-armbander","8":"first","9":"instock","10":"shipping-taxable","11":"purchasable","12":"product-type-simple"},"acf":[],"yoast_head":"<!-- This site is optimized with the Yoast SEO plugin v27.3 - https:\/\/yoast.com\/product\/yoast-seo-wordpress\/ -->\n<title>St\u00e4rke und Harmonie Armband - Yasmin<\/title>\n<meta name=\"description\" content=\"Strength and Harmony Armband aus 925er Silber, 20 cm lang und mit religi\u00f6sen Medaillen und Natursteinen. Eleganz und Schutz in einem einzigartigen Design. 925 Silber\" \/>\n<meta name=\"robots\" content=\"index, follow, max-snippet:-1, max-image-preview:large, max-video-preview:-1\" \/>\n<link rel=\"canonical\" href=\"https:\/\/joyasyasmin.com\/de\/producto\/staerke-und-harmonie-armband\/\" \/>\n<meta property=\"og:locale\" content=\"de_DE\" \/>\n<meta property=\"og:title\" content=\"St\u00e4rke und Harmonie Armband - Yasmin\" \/>\n<meta property=\"og:description\" content=\"Strength and Harmony Armband aus 925er Silber, 20 cm lang und mit religi\u00f6sen Medaillen und Natursteinen. Eleganz und Schutz in einem einzigartigen Design. 925 Silber\" \/>\n<meta property=\"og:url\" content=\"https:\/\/joyasyasmin.com\/de\/producto\/staerke-und-harmonie-armband\/\" \/>\n<meta property=\"og:site_name\" content=\"Yasmin\" \/>\n<meta property=\"article:publisher\" content=\"https:\/\/www.facebook.com\/Joyas-Yasmin-217664058934169\/\" \/>\n<meta property=\"article:modified_time\" content=\"2025-08-06T07:33:00+00:00\" \/>\n<meta property=\"og:image\" content=\"https:\/\/joyasyasmin.com\/wp-content\/uploads\/2025\/01\/pulsera-fuerza-y-armonia-.jpg\" \/>\n\t<meta property=\"og:image:width\" content=\"1000\" \/>\n\t<meta property=\"og:image:height\" content=\"1000\" \/>\n\t<meta property=\"og:image:type\" content=\"image\/jpeg\" \/>\n<meta name=\"twitter:card\" content=\"summary_large_image\" \/>\n<script type=\"application\/ld+json\" class=\"yoast-schema-graph\">{\"@context\":\"https:\\\/\\\/schema.org\",\"@graph\":[{\"@type\":[\"WebPage\",\"ItemPage\"],\"@id\":\"https:\\\/\\\/joyasyasmin.com\\\/de\\\/producto\\\/staerke-und-harmonie-armband\\\/\",\"url\":\"https:\\\/\\\/joyasyasmin.com\\\/de\\\/producto\\\/staerke-und-harmonie-armband\\\/\",\"name\":\"St\u00e4rke und Harmonie Armband - Yasmin\",\"isPartOf\":{\"@id\":\"https:\\\/\\\/joyasyasmin.com\\\/de\\\/#website\"},\"primaryImageOfPage\":{\"@id\":\"https:\\\/\\\/joyasyasmin.com\\\/de\\\/producto\\\/staerke-und-harmonie-armband\\\/#primaryimage\"},\"image\":{\"@id\":\"https:\\\/\\\/joyasyasmin.com\\\/de\\\/producto\\\/staerke-und-harmonie-armband\\\/#primaryimage\"},\"thumbnailUrl\":\"https:\\\/\\\/joyasyasmin.com\\\/wp-content\\\/uploads\\\/2025\\\/01\\\/pulsera-fuerza-y-armonia-.jpg\",\"datePublished\":\"2025-01-22T15:27:53+00:00\",\"dateModified\":\"2025-08-06T07:33:00+00:00\",\"description\":\"Strength and Harmony Armband aus 925er Silber, 20 cm lang und mit religi\u00f6sen Medaillen und Natursteinen. Eleganz und Schutz in einem einzigartigen Design. 925 Silber\",\"breadcrumb\":{\"@id\":\"https:\\\/\\\/joyasyasmin.com\\\/de\\\/producto\\\/staerke-und-harmonie-armband\\\/#breadcrumb\"},\"inLanguage\":\"de\",\"potentialAction\":[{\"@type\":\"ReadAction\",\"target\":[\"https:\\\/\\\/joyasyasmin.com\\\/de\\\/producto\\\/staerke-und-harmonie-armband\\\/\"]}]},{\"@type\":\"ImageObject\",\"inLanguage\":\"de\",\"@id\":\"https:\\\/\\\/joyasyasmin.com\\\/de\\\/producto\\\/staerke-und-harmonie-armband\\\/#primaryimage\",\"url\":\"https:\\\/\\\/joyasyasmin.com\\\/wp-content\\\/uploads\\\/2025\\\/01\\\/pulsera-fuerza-y-armonia-.jpg\",\"contentUrl\":\"https:\\\/\\\/joyasyasmin.com\\\/wp-content\\\/uploads\\\/2025\\\/01\\\/pulsera-fuerza-y-armonia-.jpg\",\"width\":1000,\"height\":1000,\"caption\":\"925 Silber Armband zum Verkauf St\u00e4rke und Harmonie\"},{\"@type\":\"BreadcrumbList\",\"@id\":\"https:\\\/\\\/joyasyasmin.com\\\/de\\\/producto\\\/staerke-und-harmonie-armband\\\/#breadcrumb\",\"itemListElement\":[{\"@type\":\"ListItem\",\"position\":1,\"name\":\"Portada\",\"item\":\"https:\\\/\\\/joyasyasmin.com\\\/de\\\/heim\\\/\"},{\"@type\":\"ListItem\",\"position\":2,\"name\":\"Shop\",\"item\":\"https:\\\/\\\/joyasyasmin.com\\\/de\\\/shop\\\/\"},{\"@type\":\"ListItem\",\"position\":3,\"name\":\"St\u00e4rke und Harmonie Armband\"}]},{\"@type\":\"WebSite\",\"@id\":\"https:\\\/\\\/joyasyasmin.com\\\/de\\\/#website\",\"url\":\"https:\\\/\\\/joyasyasmin.com\\\/de\\\/\",\"name\":\"Yasmin\",\"description\":\"Joyer\u00eda de Plata 925 - Pendientes, pulseras, anillos, colgantes y m\u00e1s!\",\"publisher\":{\"@id\":\"https:\\\/\\\/joyasyasmin.com\\\/de\\\/#organization\"},\"potentialAction\":[{\"@type\":\"SearchAction\",\"target\":{\"@type\":\"EntryPoint\",\"urlTemplate\":\"https:\\\/\\\/joyasyasmin.com\\\/de\\\/?s={search_term_string}\"},\"query-input\":{\"@type\":\"PropertyValueSpecification\",\"valueRequired\":true,\"valueName\":\"search_term_string\"}}],\"inLanguage\":\"de\"},{\"@type\":\"Organization\",\"@id\":\"https:\\\/\\\/joyasyasmin.com\\\/de\\\/#organization\",\"name\":\"joyas yasmin\",\"url\":\"https:\\\/\\\/joyasyasmin.com\\\/de\\\/\",\"logo\":{\"@type\":\"ImageObject\",\"inLanguage\":\"de\",\"@id\":\"https:\\\/\\\/joyasyasmin.com\\\/de\\\/#\\\/schema\\\/logo\\\/image\\\/\",\"url\":\"https:\\\/\\\/joyasyasmin.com\\\/wp-content\\\/uploads\\\/2017\\\/06\\\/IMG-20200429-WA0051.jpg\",\"contentUrl\":\"https:\\\/\\\/joyasyasmin.com\\\/wp-content\\\/uploads\\\/2017\\\/06\\\/IMG-20200429-WA0051.jpg\",\"width\":1080,\"height\":545,\"caption\":\"joyas yasmin\"},\"image\":{\"@id\":\"https:\\\/\\\/joyasyasmin.com\\\/de\\\/#\\\/schema\\\/logo\\\/image\\\/\"},\"sameAs\":[\"https:\\\/\\\/www.facebook.com\\\/Joyas-Yasmin-217664058934169\\\/\",\"https:\\\/\\\/www.instagram.com\\\/invites\\\/contact\\\/\"]}]}<\/script>\n<!-- \/ Yoast SEO plugin. -->","yoast_head_json":{"title":"St\u00e4rke und Harmonie Armband - Yasmin","description":"Strength and Harmony Armband aus 925er Silber, 20 cm lang und mit religi\u00f6sen Medaillen und Natursteinen. Eleganz und Schutz in einem einzigartigen Design. 925 Silber","robots":{"index":"index","follow":"follow","max-snippet":"max-snippet:-1","max-image-preview":"max-image-preview:large","max-video-preview":"max-video-preview:-1"},"canonical":"https:\/\/joyasyasmin.com\/de\/producto\/staerke-und-harmonie-armband\/","og_locale":"de_DE","og_title":"St\u00e4rke und Harmonie Armband - Yasmin","og_description":"Strength and Harmony Armband aus 925er Silber, 20 cm lang und mit religi\u00f6sen Medaillen und Natursteinen. Eleganz und Schutz in einem einzigartigen Design. 925 Silber","og_url":"https:\/\/joyasyasmin.com\/de\/producto\/staerke-und-harmonie-armband\/","og_site_name":"Yasmin","article_publisher":"https:\/\/www.facebook.com\/Joyas-Yasmin-217664058934169\/","article_modified_time":"2025-08-06T07:33:00+00:00","og_image":[{"width":1000,"height":1000,"url":"https:\/\/joyasyasmin.com\/wp-content\/uploads\/2025\/01\/pulsera-fuerza-y-armonia-.jpg","type":"image\/jpeg"}],"twitter_card":"summary_large_image","schema":{"@context":"https:\/\/schema.org","@graph":[{"@type":["WebPage","ItemPage"],"@id":"https:\/\/joyasyasmin.com\/de\/producto\/staerke-und-harmonie-armband\/","url":"https:\/\/joyasyasmin.com\/de\/producto\/staerke-und-harmonie-armband\/","name":"St\u00e4rke und Harmonie Armband - Yasmin","isPartOf":{"@id":"https:\/\/joyasyasmin.com\/de\/#website"},"primaryImageOfPage":{"@id":"https:\/\/joyasyasmin.com\/de\/producto\/staerke-und-harmonie-armband\/#primaryimage"},"image":{"@id":"https:\/\/joyasyasmin.com\/de\/producto\/staerke-und-harmonie-armband\/#primaryimage"},"thumbnailUrl":"https:\/\/joyasyasmin.com\/wp-content\/uploads\/2025\/01\/pulsera-fuerza-y-armonia-.jpg","datePublished":"2025-01-22T15:27:53+00:00","dateModified":"2025-08-06T07:33:00+00:00","description":"Strength and Harmony Armband aus 925er Silber, 20 cm lang und mit religi\u00f6sen Medaillen und Natursteinen. Eleganz und Schutz in einem einzigartigen Design. 925 Silber","breadcrumb":{"@id":"https:\/\/joyasyasmin.com\/de\/producto\/staerke-und-harmonie-armband\/#breadcrumb"},"inLanguage":"de","potentialAction":[{"@type":"ReadAction","target":["https:\/\/joyasyasmin.com\/de\/producto\/staerke-und-harmonie-armband\/"]}]},{"@type":"ImageObject","inLanguage":"de","@id":"https:\/\/joyasyasmin.com\/de\/producto\/staerke-und-harmonie-armband\/#primaryimage","url":"https:\/\/joyasyasmin.com\/wp-content\/uploads\/2025\/01\/pulsera-fuerza-y-armonia-.jpg","contentUrl":"https:\/\/joyasyasmin.com\/wp-content\/uploads\/2025\/01\/pulsera-fuerza-y-armonia-.jpg","width":1000,"height":1000,"caption":"925 Silber Armband zum Verkauf St\u00e4rke und Harmonie"},{"@type":"BreadcrumbList","@id":"https:\/\/joyasyasmin.com\/de\/producto\/staerke-und-harmonie-armband\/#breadcrumb","itemListElement":[{"@type":"ListItem","position":1,"name":"Portada","item":"https:\/\/joyasyasmin.com\/de\/heim\/"},{"@type":"ListItem","position":2,"name":"Shop","item":"https:\/\/joyasyasmin.com\/de\/shop\/"},{"@type":"ListItem","position":3,"name":"St\u00e4rke und Harmonie Armband"}]},{"@type":"WebSite","@id":"https:\/\/joyasyasmin.com\/de\/#website","url":"https:\/\/joyasyasmin.com\/de\/","name":"Yasmin","description":"Joyer\u00eda de Plata 925 - Pendientes, pulseras, anillos, colgantes y m\u00e1s!","publisher":{"@id":"https:\/\/joyasyasmin.com\/de\/#organization"},"potentialAction":[{"@type":"SearchAction","target":{"@type":"EntryPoint","urlTemplate":"https:\/\/joyasyasmin.com\/de\/?s={search_term_string}"},"query-input":{"@type":"PropertyValueSpecification","valueRequired":true,"valueName":"search_term_string"}}],"inLanguage":"de"},{"@type":"Organization","@id":"https:\/\/joyasyasmin.com\/de\/#organization","name":"joyas yasmin","url":"https:\/\/joyasyasmin.com\/de\/","logo":{"@type":"ImageObject","inLanguage":"de","@id":"https:\/\/joyasyasmin.com\/de\/#\/schema\/logo\/image\/","url":"https:\/\/joyasyasmin.com\/wp-content\/uploads\/2017\/06\/IMG-20200429-WA0051.jpg","contentUrl":"https:\/\/joyasyasmin.com\/wp-content\/uploads\/2017\/06\/IMG-20200429-WA0051.jpg","width":1080,"height":545,"caption":"joyas yasmin"},"image":{"@id":"https:\/\/joyasyasmin.com\/de\/#\/schema\/logo\/image\/"},"sameAs":["https:\/\/www.facebook.com\/Joyas-Yasmin-217664058934169\/","https:\/\/www.instagram.com\/invites\/contact\/"]}]}},"_links":{"self":[{"href":"https:\/\/joyasyasmin.com\/de\/wp-json\/wp\/v2\/product\/29837","targetHints":{"allow":["GET"]}}],"collection":[{"href":"https:\/\/joyasyasmin.com\/de\/wp-json\/wp\/v2\/product"}],"about":[{"href":"https:\/\/joyasyasmin.com\/de\/wp-json\/wp\/v2\/types\/product"}],"replies":[{"embeddable":true,"href":"https:\/\/joyasyasmin.com\/de\/wp-json\/wp\/v2\/comments?post=29837"}],"version-history":[{"count":1,"href":"https:\/\/joyasyasmin.com\/de\/wp-json\/wp\/v2\/product\/29837\/revisions"}],"predecessor-version":[{"id":34202,"href":"https:\/\/joyasyasmin.com\/de\/wp-json\/wp\/v2\/product\/29837\/revisions\/34202"}],"wp:featuredmedia":[{"embeddable":true,"href":"https:\/\/joyasyasmin.com\/de\/wp-json\/wp\/v2\/media\/29740"}],"wp:attachment":[{"href":"https:\/\/joyasyasmin.com\/de\/wp-json\/wp\/v2\/media?parent=29837"}],"wp:term":[{"taxonomy":"product_brand","embeddable":true,"href":"https:\/\/joyasyasmin.com\/de\/wp-json\/wp\/v2\/product_brand?post=29837"},{"taxonomy":"product_cat","embeddable":true,"href":"https:\/\/joyasyasmin.com\/de\/wp-json\/wp\/v2\/product_cat?post=29837"},{"taxonomy":"product_tag","embeddable":true,"href":"https:\/\/joyasyasmin.com\/de\/wp-json\/wp\/v2\/product_tag?post=29837"}],"curies":[{"name":"wp","href":"https:\/\/api.w.org\/{rel}","templated":true}]}}