{"id":30633,"date":"2025-01-30T21:47:16","date_gmt":"2025-01-30T21:47:16","guid":{"rendered":"https:\/\/joyasyasmin.com\/producto\/jungfrau-von-guadalupe-anhaenger\/"},"modified":"2026-02-04T09:27:10","modified_gmt":"2026-02-04T09:27:10","slug":"jungfrau-von-guadalupe-anhaenger","status":"publish","type":"product","link":"https:\/\/joyasyasmin.com\/de\/producto\/jungfrau-von-guadalupe-anhaenger\/","title":{"rendered":"Jungfrau von Guadalupe Anh\u00e4nger"},"content":{"rendered":"","protected":false},"excerpt":{"rendered":"<div class=\"flex-shrink-0 flex flex-col relative items-end\">\n<div>\n<div class=\"pt-0\">\n<div class=\"gizmo-bot-avatar flex h-8 w-8 items-center justify-center overflow-hidden rounded-full\">\n<div class=\"relative p-1 rounded-sm flex items-center justify-center bg-token-main-surface-primary text-token-text-primary h-8 w-8\">Dieser wundersch\u00f6ne <strong>Anh\u00e4nger der Jungfrau von Guadalupe<\/strong> aus <strong>Sterlingsilber<\/strong> ist ein St\u00fcck Glauben und Hingabe. Mit einer Gr\u00f6\u00dfe von <strong>2 cm<\/strong> wird es mit einer eleganten <strong>45 cm langen Kette<\/strong> geliefert, die sich perfekt zum Tragen am Herzen eignet. <\/div>\n<\/div>\n<\/div>\n<\/div>\n<\/div>\n<div class=\"group\/conversation-turn relative flex w-full min-w-0 flex-col agent-turn\">\n<div class=\"flex-col gap-1 md:gap-3\">\n<div class=\"flex max-w-full flex-col flex-grow\">\n<div class=\"min-h-8 text-message flex w-full flex-col items-end gap-2 whitespace-normal break-words text-start [.text-message+&amp;]:mt-5\" dir=\"auto\" data-message-author-role=\"assistant\" data-message-id=\"b49163b3-4244-47b2-8b42-40b409229a34\" data-message-model-slug=\"gpt-4o\">\n<div class=\"flex w-full flex-col gap-1 empty:hidden first:pt-[3px]\">\n<div class=\"markdown prose w-full break-words dark:prose-invert light\">\n<p>Die Jungfrau von Guadalupe ist f\u00fcr Millionen von Gl\u00e4ubigen ein Symbol der Liebe, der Hoffnung und des Schutzes. Zahlreiche Wunder werden ihr zugeschrieben und sie gilt als die geistliche Mutter Mexikos und all jener, die ihre F\u00fchrung und ihren Schutz suchen. Das Tragen seines Bildes ist ein Zeichen des Glaubens und der Hingabe sowie eine Erinnerung an seine Gegenwart und seinen Segen im Alltag.  <\/p>\n<p>&nbsp;<\/p>\n<\/div>\n<\/div>\n<\/div>\n<\/div>\n<\/div>\n<\/div>\n","protected":false},"featured_media":29966,"comment_status":"open","ping_status":"closed","template":"","meta":{"_acf_changed":false,"_joinchat":[]},"product_brand":[],"product_cat":[1874],"product_tag":[],"class_list":{"0":"post-30633","1":"product","2":"type-product","3":"status-publish","4":"has-post-thumbnail","6":"product_cat-anhanger","8":"first","9":"instock","10":"shipping-taxable","11":"purchasable","12":"product-type-variable"},"acf":[],"yoast_head":"<!-- This site is optimized with the Yoast SEO plugin v27.2 - https:\/\/yoast.com\/product\/yoast-seo-wordpress\/ -->\n<title>Jungfrau von Guadalupe Anh\u00e4nger - Yasmin<\/title>\n<meta name=\"description\" content=\"Anh\u00e4nger der Jungfrau von Guadalupe aus Sterlingsilber (2 cm) mit 45 cm langer Kette. Symbol des Glaubens und des Schutzes, ideal als besonderes Geschenk oder pers\u00f6nlicher Gebrauch.\" \/>\n<meta name=\"robots\" content=\"index, follow, max-snippet:-1, max-image-preview:large, max-video-preview:-1\" \/>\n<link rel=\"canonical\" href=\"https:\/\/joyasyasmin.com\/de\/producto\/jungfrau-von-guadalupe-anhaenger\/\" \/>\n<meta property=\"og:locale\" content=\"de_DE\" \/>\n<meta property=\"og:title\" content=\"Jungfrau von Guadalupe Anh\u00e4nger - Yasmin\" \/>\n<meta property=\"og:description\" content=\"Anh\u00e4nger der Jungfrau von Guadalupe aus Sterlingsilber (2 cm) mit 45 cm langer Kette. Symbol des Glaubens und des Schutzes, ideal als besonderes Geschenk oder pers\u00f6nlicher Gebrauch.\" \/>\n<meta property=\"og:url\" content=\"https:\/\/joyasyasmin.com\/de\/producto\/jungfrau-von-guadalupe-anhaenger\/\" \/>\n<meta property=\"og:site_name\" content=\"Yasmin\" \/>\n<meta property=\"article:publisher\" content=\"https:\/\/www.facebook.com\/Joyas-Yasmin-217664058934169\/\" \/>\n<meta property=\"article:modified_time\" content=\"2026-02-04T09:27:10+00:00\" \/>\n<meta property=\"og:image\" content=\"https:\/\/joyasyasmin.com\/wp-content\/uploads\/2025\/01\/colgante-virgen-guadalupe.jpg\" \/>\n\t<meta property=\"og:image:width\" content=\"1000\" \/>\n\t<meta property=\"og:image:height\" content=\"1000\" \/>\n\t<meta property=\"og:image:type\" content=\"image\/jpeg\" \/>\n<meta name=\"twitter:card\" content=\"summary_large_image\" \/>\n<script type=\"application\/ld+json\" class=\"yoast-schema-graph\">{\"@context\":\"https:\/\/schema.org\",\"@graph\":[{\"@type\":[\"WebPage\",\"ItemPage\"],\"@id\":\"https:\/\/joyasyasmin.com\/de\/producto\/jungfrau-von-guadalupe-anhaenger\/\",\"url\":\"https:\/\/joyasyasmin.com\/de\/producto\/jungfrau-von-guadalupe-anhaenger\/\",\"name\":\"Jungfrau von Guadalupe Anh\u00e4nger - Yasmin\",\"isPartOf\":{\"@id\":\"https:\/\/joyasyasmin.com\/de\/#website\"},\"primaryImageOfPage\":{\"@id\":\"https:\/\/joyasyasmin.com\/de\/producto\/jungfrau-von-guadalupe-anhaenger\/#primaryimage\"},\"image\":{\"@id\":\"https:\/\/joyasyasmin.com\/de\/producto\/jungfrau-von-guadalupe-anhaenger\/#primaryimage\"},\"thumbnailUrl\":\"https:\/\/joyasyasmin.com\/wp-content\/uploads\/2025\/01\/colgante-virgen-guadalupe.jpg\",\"datePublished\":\"2025-01-30T21:47:16+00:00\",\"dateModified\":\"2026-02-04T09:27:10+00:00\",\"description\":\"Anh\u00e4nger der Jungfrau von Guadalupe aus Sterlingsilber (2 cm) mit 45 cm langer Kette. Symbol des Glaubens und des Schutzes, ideal als besonderes Geschenk oder pers\u00f6nlicher Gebrauch.\",\"breadcrumb\":{\"@id\":\"https:\/\/joyasyasmin.com\/de\/producto\/jungfrau-von-guadalupe-anhaenger\/#breadcrumb\"},\"inLanguage\":\"de\",\"potentialAction\":[{\"@type\":\"ReadAction\",\"target\":[\"https:\/\/joyasyasmin.com\/de\/producto\/jungfrau-von-guadalupe-anhaenger\/\"]}]},{\"@type\":\"ImageObject\",\"inLanguage\":\"de\",\"@id\":\"https:\/\/joyasyasmin.com\/de\/producto\/jungfrau-von-guadalupe-anhaenger\/#primaryimage\",\"url\":\"https:\/\/joyasyasmin.com\/wp-content\/uploads\/2025\/01\/colgante-virgen-guadalupe.jpg\",\"contentUrl\":\"https:\/\/joyasyasmin.com\/wp-content\/uploads\/2025\/01\/colgante-virgen-guadalupe.jpg\",\"width\":1000,\"height\":1000,\"caption\":\"Verkauf der Medaille der Jungfrau von Guadalupe in 925 Sterling Silber\"},{\"@type\":\"BreadcrumbList\",\"@id\":\"https:\/\/joyasyasmin.com\/de\/producto\/jungfrau-von-guadalupe-anhaenger\/#breadcrumb\",\"itemListElement\":[{\"@type\":\"ListItem\",\"position\":1,\"name\":\"Portada\",\"item\":\"https:\/\/joyasyasmin.com\/de\/heim\/\"},{\"@type\":\"ListItem\",\"position\":2,\"name\":\"Shop\",\"item\":\"https:\/\/joyasyasmin.com\/de\/shop\/\"},{\"@type\":\"ListItem\",\"position\":3,\"name\":\"Jungfrau von Guadalupe Anh\u00e4nger\"}]},{\"@type\":\"WebSite\",\"@id\":\"https:\/\/joyasyasmin.com\/de\/#website\",\"url\":\"https:\/\/joyasyasmin.com\/de\/\",\"name\":\"Yasmin\",\"description\":\"Joyer\u00eda de Plata 925 - Pendientes, pulseras, anillos, colgantes y m\u00e1s!\",\"publisher\":{\"@id\":\"https:\/\/joyasyasmin.com\/de\/#organization\"},\"potentialAction\":[{\"@type\":\"SearchAction\",\"target\":{\"@type\":\"EntryPoint\",\"urlTemplate\":\"https:\/\/joyasyasmin.com\/de\/?s={search_term_string}\"},\"query-input\":{\"@type\":\"PropertyValueSpecification\",\"valueRequired\":true,\"valueName\":\"search_term_string\"}}],\"inLanguage\":\"de\"},{\"@type\":\"Organization\",\"@id\":\"https:\/\/joyasyasmin.com\/de\/#organization\",\"name\":\"joyas yasmin\",\"url\":\"https:\/\/joyasyasmin.com\/de\/\",\"logo\":{\"@type\":\"ImageObject\",\"inLanguage\":\"de\",\"@id\":\"https:\/\/joyasyasmin.com\/de\/#\/schema\/logo\/image\/\",\"url\":\"https:\/\/joyasyasmin.com\/wp-content\/uploads\/2017\/06\/IMG-20200429-WA0051.jpg\",\"contentUrl\":\"https:\/\/joyasyasmin.com\/wp-content\/uploads\/2017\/06\/IMG-20200429-WA0051.jpg\",\"width\":1080,\"height\":545,\"caption\":\"joyas yasmin\"},\"image\":{\"@id\":\"https:\/\/joyasyasmin.com\/de\/#\/schema\/logo\/image\/\"},\"sameAs\":[\"https:\/\/www.facebook.com\/Joyas-Yasmin-217664058934169\/\",\"https:\/\/www.instagram.com\/invites\/contact\/\"]}]}<\/script>\n<!-- \/ Yoast SEO plugin. -->","yoast_head_json":{"title":"Jungfrau von Guadalupe Anh\u00e4nger - Yasmin","description":"Anh\u00e4nger der Jungfrau von Guadalupe aus Sterlingsilber (2 cm) mit 45 cm langer Kette. Symbol des Glaubens und des Schutzes, ideal als besonderes Geschenk oder pers\u00f6nlicher Gebrauch.","robots":{"index":"index","follow":"follow","max-snippet":"max-snippet:-1","max-image-preview":"max-image-preview:large","max-video-preview":"max-video-preview:-1"},"canonical":"https:\/\/joyasyasmin.com\/de\/producto\/jungfrau-von-guadalupe-anhaenger\/","og_locale":"de_DE","og_title":"Jungfrau von Guadalupe Anh\u00e4nger - Yasmin","og_description":"Anh\u00e4nger der Jungfrau von Guadalupe aus Sterlingsilber (2 cm) mit 45 cm langer Kette. Symbol des Glaubens und des Schutzes, ideal als besonderes Geschenk oder pers\u00f6nlicher Gebrauch.","og_url":"https:\/\/joyasyasmin.com\/de\/producto\/jungfrau-von-guadalupe-anhaenger\/","og_site_name":"Yasmin","article_publisher":"https:\/\/www.facebook.com\/Joyas-Yasmin-217664058934169\/","article_modified_time":"2026-02-04T09:27:10+00:00","og_image":[{"width":1000,"height":1000,"url":"https:\/\/joyasyasmin.com\/wp-content\/uploads\/2025\/01\/colgante-virgen-guadalupe.jpg","type":"image\/jpeg"}],"twitter_card":"summary_large_image","schema":{"@context":"https:\/\/schema.org","@graph":[{"@type":["WebPage","ItemPage"],"@id":"https:\/\/joyasyasmin.com\/de\/producto\/jungfrau-von-guadalupe-anhaenger\/","url":"https:\/\/joyasyasmin.com\/de\/producto\/jungfrau-von-guadalupe-anhaenger\/","name":"Jungfrau von Guadalupe Anh\u00e4nger - Yasmin","isPartOf":{"@id":"https:\/\/joyasyasmin.com\/de\/#website"},"primaryImageOfPage":{"@id":"https:\/\/joyasyasmin.com\/de\/producto\/jungfrau-von-guadalupe-anhaenger\/#primaryimage"},"image":{"@id":"https:\/\/joyasyasmin.com\/de\/producto\/jungfrau-von-guadalupe-anhaenger\/#primaryimage"},"thumbnailUrl":"https:\/\/joyasyasmin.com\/wp-content\/uploads\/2025\/01\/colgante-virgen-guadalupe.jpg","datePublished":"2025-01-30T21:47:16+00:00","dateModified":"2026-02-04T09:27:10+00:00","description":"Anh\u00e4nger der Jungfrau von Guadalupe aus Sterlingsilber (2 cm) mit 45 cm langer Kette. Symbol des Glaubens und des Schutzes, ideal als besonderes Geschenk oder pers\u00f6nlicher Gebrauch.","breadcrumb":{"@id":"https:\/\/joyasyasmin.com\/de\/producto\/jungfrau-von-guadalupe-anhaenger\/#breadcrumb"},"inLanguage":"de","potentialAction":[{"@type":"ReadAction","target":["https:\/\/joyasyasmin.com\/de\/producto\/jungfrau-von-guadalupe-anhaenger\/"]}]},{"@type":"ImageObject","inLanguage":"de","@id":"https:\/\/joyasyasmin.com\/de\/producto\/jungfrau-von-guadalupe-anhaenger\/#primaryimage","url":"https:\/\/joyasyasmin.com\/wp-content\/uploads\/2025\/01\/colgante-virgen-guadalupe.jpg","contentUrl":"https:\/\/joyasyasmin.com\/wp-content\/uploads\/2025\/01\/colgante-virgen-guadalupe.jpg","width":1000,"height":1000,"caption":"Verkauf der Medaille der Jungfrau von Guadalupe in 925 Sterling Silber"},{"@type":"BreadcrumbList","@id":"https:\/\/joyasyasmin.com\/de\/producto\/jungfrau-von-guadalupe-anhaenger\/#breadcrumb","itemListElement":[{"@type":"ListItem","position":1,"name":"Portada","item":"https:\/\/joyasyasmin.com\/de\/heim\/"},{"@type":"ListItem","position":2,"name":"Shop","item":"https:\/\/joyasyasmin.com\/de\/shop\/"},{"@type":"ListItem","position":3,"name":"Jungfrau von Guadalupe Anh\u00e4nger"}]},{"@type":"WebSite","@id":"https:\/\/joyasyasmin.com\/de\/#website","url":"https:\/\/joyasyasmin.com\/de\/","name":"Yasmin","description":"Joyer\u00eda de Plata 925 - Pendientes, pulseras, anillos, colgantes y m\u00e1s!","publisher":{"@id":"https:\/\/joyasyasmin.com\/de\/#organization"},"potentialAction":[{"@type":"SearchAction","target":{"@type":"EntryPoint","urlTemplate":"https:\/\/joyasyasmin.com\/de\/?s={search_term_string}"},"query-input":{"@type":"PropertyValueSpecification","valueRequired":true,"valueName":"search_term_string"}}],"inLanguage":"de"},{"@type":"Organization","@id":"https:\/\/joyasyasmin.com\/de\/#organization","name":"joyas yasmin","url":"https:\/\/joyasyasmin.com\/de\/","logo":{"@type":"ImageObject","inLanguage":"de","@id":"https:\/\/joyasyasmin.com\/de\/#\/schema\/logo\/image\/","url":"https:\/\/joyasyasmin.com\/wp-content\/uploads\/2017\/06\/IMG-20200429-WA0051.jpg","contentUrl":"https:\/\/joyasyasmin.com\/wp-content\/uploads\/2017\/06\/IMG-20200429-WA0051.jpg","width":1080,"height":545,"caption":"joyas yasmin"},"image":{"@id":"https:\/\/joyasyasmin.com\/de\/#\/schema\/logo\/image\/"},"sameAs":["https:\/\/www.facebook.com\/Joyas-Yasmin-217664058934169\/","https:\/\/www.instagram.com\/invites\/contact\/"]}]}},"_links":{"self":[{"href":"https:\/\/joyasyasmin.com\/de\/wp-json\/wp\/v2\/product\/30633","targetHints":{"allow":["GET"]}}],"collection":[{"href":"https:\/\/joyasyasmin.com\/de\/wp-json\/wp\/v2\/product"}],"about":[{"href":"https:\/\/joyasyasmin.com\/de\/wp-json\/wp\/v2\/types\/product"}],"replies":[{"embeddable":true,"href":"https:\/\/joyasyasmin.com\/de\/wp-json\/wp\/v2\/comments?post=30633"}],"version-history":[{"count":1,"href":"https:\/\/joyasyasmin.com\/de\/wp-json\/wp\/v2\/product\/30633\/revisions"}],"predecessor-version":[{"id":37930,"href":"https:\/\/joyasyasmin.com\/de\/wp-json\/wp\/v2\/product\/30633\/revisions\/37930"}],"wp:featuredmedia":[{"embeddable":true,"href":"https:\/\/joyasyasmin.com\/de\/wp-json\/wp\/v2\/media\/29966"}],"wp:attachment":[{"href":"https:\/\/joyasyasmin.com\/de\/wp-json\/wp\/v2\/media?parent=30633"}],"wp:term":[{"taxonomy":"product_brand","embeddable":true,"href":"https:\/\/joyasyasmin.com\/de\/wp-json\/wp\/v2\/product_brand?post=30633"},{"taxonomy":"product_cat","embeddable":true,"href":"https:\/\/joyasyasmin.com\/de\/wp-json\/wp\/v2\/product_cat?post=30633"},{"taxonomy":"product_tag","embeddable":true,"href":"https:\/\/joyasyasmin.com\/de\/wp-json\/wp\/v2\/product_tag?post=30633"}],"curies":[{"name":"wp","href":"https:\/\/api.w.org\/{rel}","templated":true}]}}