{"id":30706,"date":"2025-02-05T19:00:31","date_gmt":"2025-02-05T19:00:31","guid":{"rendered":"https:\/\/joyasyasmin.com\/producto\/natuerlicher-ovaler-steinring\/"},"modified":"2025-08-06T07:33:47","modified_gmt":"2025-08-06T07:33:47","slug":"natuerlicher-ovaler-steinring","status":"publish","type":"product","link":"https:\/\/joyasyasmin.com\/de\/producto\/natuerlicher-ovaler-steinring\/","title":{"rendered":"Nat\u00fcrlicher ovaler Steinring"},"content":{"rendered":"","protected":false},"excerpt":{"rendered":"<p>Entdecken Sie die Eleganz und Brillanz unseres <strong>Rings aus 925er Silber,<\/strong> der aus einem <strong>wundersch\u00f6nen ovalen Naturstein von 9&#215;6 mm<\/strong> gefertigt ist. Erh\u00e4ltlich in einer Vielzahl von Natursteinen (mit Ausnahme von T\u00fcrkis, der synthetisch ist), ist dieser Ring perfekt f\u00fcr alle, die ein anspruchsvolles und zeitloses Accessoire suchen. Sein Finish <strong>in 925er Silber<\/strong> garantiert Qualit\u00e4t und Langlebigkeit, ideal f\u00fcr den t\u00e4glichen Gebrauch oder als besonderes Geschenk.  <\/p>\n<p>\ud83d\udc8d <strong>W\u00e4hlen Sie Ihren Lieblingsstein und tragen Sie einen Ring mit Stil und Bedeutung.<\/strong><\/p>\n","protected":false},"featured_media":30062,"comment_status":"open","ping_status":"closed","template":"","meta":{"_acf_changed":false,"_joinchat":[]},"product_brand":[],"product_cat":[1850],"product_tag":[],"class_list":{"0":"post-30706","1":"product","2":"type-product","3":"status-publish","4":"has-post-thumbnail","6":"product_cat-ringe-ringe","8":"first","9":"instock","10":"shipping-taxable","11":"purchasable","12":"product-type-variable"},"acf":[],"yoast_head":"<!-- This site is optimized with the Yoast SEO plugin v27.2 - https:\/\/yoast.com\/product\/yoast-seo-wordpress\/ -->\n<title>Nat\u00fcrlicher ovaler Steinring - Yasmin<\/title>\n<meta name=\"description\" content=\"Ring aus 925er Silber mit 9x6 mm ovalem Naturstein. Elegantes und raffiniertes Design, erh\u00e4ltlich in verschiedenen Steinen (T\u00fcrkis ist synthetisch).\" \/>\n<meta name=\"robots\" content=\"index, follow, max-snippet:-1, max-image-preview:large, max-video-preview:-1\" \/>\n<link rel=\"canonical\" href=\"https:\/\/joyasyasmin.com\/de\/producto\/natuerlicher-ovaler-steinring\/\" \/>\n<meta property=\"og:locale\" content=\"de_DE\" \/>\n<meta property=\"og:title\" content=\"Nat\u00fcrlicher ovaler Steinring - Yasmin\" \/>\n<meta property=\"og:description\" content=\"Ring aus 925er Silber mit 9x6 mm ovalem Naturstein. Elegantes und raffiniertes Design, erh\u00e4ltlich in verschiedenen Steinen (T\u00fcrkis ist synthetisch).\" \/>\n<meta property=\"og:url\" content=\"https:\/\/joyasyasmin.com\/de\/producto\/natuerlicher-ovaler-steinring\/\" \/>\n<meta property=\"og:site_name\" content=\"Yasmin\" \/>\n<meta property=\"article:publisher\" content=\"https:\/\/www.facebook.com\/Joyas-Yasmin-217664058934169\/\" \/>\n<meta property=\"article:modified_time\" content=\"2025-08-06T07:33:47+00:00\" \/>\n<meta property=\"og:image\" content=\"https:\/\/joyasyasmin.com\/wp-content\/uploads\/2025\/02\/anillo-rubi.jpg\" \/>\n\t<meta property=\"og:image:width\" content=\"1000\" \/>\n\t<meta property=\"og:image:height\" content=\"1000\" \/>\n\t<meta property=\"og:image:type\" content=\"image\/jpeg\" \/>\n<meta name=\"twitter:card\" content=\"summary_large_image\" \/>\n<script type=\"application\/ld+json\" class=\"yoast-schema-graph\">{\"@context\":\"https:\/\/schema.org\",\"@graph\":[{\"@type\":[\"WebPage\",\"ItemPage\"],\"@id\":\"https:\/\/joyasyasmin.com\/de\/producto\/natuerlicher-ovaler-steinring\/\",\"url\":\"https:\/\/joyasyasmin.com\/de\/producto\/natuerlicher-ovaler-steinring\/\",\"name\":\"Nat\u00fcrlicher ovaler Steinring - Yasmin\",\"isPartOf\":{\"@id\":\"https:\/\/joyasyasmin.com\/de\/#website\"},\"primaryImageOfPage\":{\"@id\":\"https:\/\/joyasyasmin.com\/de\/producto\/natuerlicher-ovaler-steinring\/#primaryimage\"},\"image\":{\"@id\":\"https:\/\/joyasyasmin.com\/de\/producto\/natuerlicher-ovaler-steinring\/#primaryimage\"},\"thumbnailUrl\":\"https:\/\/joyasyasmin.com\/wp-content\/uploads\/2025\/02\/anillo-rubi.jpg\",\"datePublished\":\"2025-02-05T19:00:31+00:00\",\"dateModified\":\"2025-08-06T07:33:47+00:00\",\"description\":\"Ring aus 925er Silber mit 9x6 mm ovalem Naturstein. Elegantes und raffiniertes Design, erh\u00e4ltlich in verschiedenen Steinen (T\u00fcrkis ist synthetisch).\",\"breadcrumb\":{\"@id\":\"https:\/\/joyasyasmin.com\/de\/producto\/natuerlicher-ovaler-steinring\/#breadcrumb\"},\"inLanguage\":\"de\",\"potentialAction\":[{\"@type\":\"ReadAction\",\"target\":[\"https:\/\/joyasyasmin.com\/de\/producto\/natuerlicher-ovaler-steinring\/\"]}]},{\"@type\":\"ImageObject\",\"inLanguage\":\"de\",\"@id\":\"https:\/\/joyasyasmin.com\/de\/producto\/natuerlicher-ovaler-steinring\/#primaryimage\",\"url\":\"https:\/\/joyasyasmin.com\/wp-content\/uploads\/2025\/02\/anillo-rubi.jpg\",\"contentUrl\":\"https:\/\/joyasyasmin.com\/wp-content\/uploads\/2025\/02\/anillo-rubi.jpg\",\"width\":1000,\"height\":1000,\"caption\":\"925 Silber Ring zum Verkauf mit nat\u00fcrlichen Rubi Steinen\"},{\"@type\":\"BreadcrumbList\",\"@id\":\"https:\/\/joyasyasmin.com\/de\/producto\/natuerlicher-ovaler-steinring\/#breadcrumb\",\"itemListElement\":[{\"@type\":\"ListItem\",\"position\":1,\"name\":\"Portada\",\"item\":\"https:\/\/joyasyasmin.com\/de\/heim\/\"},{\"@type\":\"ListItem\",\"position\":2,\"name\":\"Shop\",\"item\":\"https:\/\/joyasyasmin.com\/de\/shop\/\"},{\"@type\":\"ListItem\",\"position\":3,\"name\":\"Nat\u00fcrlicher ovaler Steinring\"}]},{\"@type\":\"WebSite\",\"@id\":\"https:\/\/joyasyasmin.com\/de\/#website\",\"url\":\"https:\/\/joyasyasmin.com\/de\/\",\"name\":\"Yasmin\",\"description\":\"Joyer\u00eda de Plata 925 - Pendientes, pulseras, anillos, colgantes y m\u00e1s!\",\"publisher\":{\"@id\":\"https:\/\/joyasyasmin.com\/de\/#organization\"},\"potentialAction\":[{\"@type\":\"SearchAction\",\"target\":{\"@type\":\"EntryPoint\",\"urlTemplate\":\"https:\/\/joyasyasmin.com\/de\/?s={search_term_string}\"},\"query-input\":{\"@type\":\"PropertyValueSpecification\",\"valueRequired\":true,\"valueName\":\"search_term_string\"}}],\"inLanguage\":\"de\"},{\"@type\":\"Organization\",\"@id\":\"https:\/\/joyasyasmin.com\/de\/#organization\",\"name\":\"joyas yasmin\",\"url\":\"https:\/\/joyasyasmin.com\/de\/\",\"logo\":{\"@type\":\"ImageObject\",\"inLanguage\":\"de\",\"@id\":\"https:\/\/joyasyasmin.com\/de\/#\/schema\/logo\/image\/\",\"url\":\"https:\/\/joyasyasmin.com\/wp-content\/uploads\/2017\/06\/IMG-20200429-WA0051.jpg\",\"contentUrl\":\"https:\/\/joyasyasmin.com\/wp-content\/uploads\/2017\/06\/IMG-20200429-WA0051.jpg\",\"width\":1080,\"height\":545,\"caption\":\"joyas yasmin\"},\"image\":{\"@id\":\"https:\/\/joyasyasmin.com\/de\/#\/schema\/logo\/image\/\"},\"sameAs\":[\"https:\/\/www.facebook.com\/Joyas-Yasmin-217664058934169\/\",\"https:\/\/www.instagram.com\/invites\/contact\/\"]}]}<\/script>\n<!-- \/ Yoast SEO plugin. -->","yoast_head_json":{"title":"Nat\u00fcrlicher ovaler Steinring - Yasmin","description":"Ring aus 925er Silber mit 9x6 mm ovalem Naturstein. Elegantes und raffiniertes Design, erh\u00e4ltlich in verschiedenen Steinen (T\u00fcrkis ist synthetisch).","robots":{"index":"index","follow":"follow","max-snippet":"max-snippet:-1","max-image-preview":"max-image-preview:large","max-video-preview":"max-video-preview:-1"},"canonical":"https:\/\/joyasyasmin.com\/de\/producto\/natuerlicher-ovaler-steinring\/","og_locale":"de_DE","og_title":"Nat\u00fcrlicher ovaler Steinring - Yasmin","og_description":"Ring aus 925er Silber mit 9x6 mm ovalem Naturstein. Elegantes und raffiniertes Design, erh\u00e4ltlich in verschiedenen Steinen (T\u00fcrkis ist synthetisch).","og_url":"https:\/\/joyasyasmin.com\/de\/producto\/natuerlicher-ovaler-steinring\/","og_site_name":"Yasmin","article_publisher":"https:\/\/www.facebook.com\/Joyas-Yasmin-217664058934169\/","article_modified_time":"2025-08-06T07:33:47+00:00","og_image":[{"width":1000,"height":1000,"url":"https:\/\/joyasyasmin.com\/wp-content\/uploads\/2025\/02\/anillo-rubi.jpg","type":"image\/jpeg"}],"twitter_card":"summary_large_image","schema":{"@context":"https:\/\/schema.org","@graph":[{"@type":["WebPage","ItemPage"],"@id":"https:\/\/joyasyasmin.com\/de\/producto\/natuerlicher-ovaler-steinring\/","url":"https:\/\/joyasyasmin.com\/de\/producto\/natuerlicher-ovaler-steinring\/","name":"Nat\u00fcrlicher ovaler Steinring - Yasmin","isPartOf":{"@id":"https:\/\/joyasyasmin.com\/de\/#website"},"primaryImageOfPage":{"@id":"https:\/\/joyasyasmin.com\/de\/producto\/natuerlicher-ovaler-steinring\/#primaryimage"},"image":{"@id":"https:\/\/joyasyasmin.com\/de\/producto\/natuerlicher-ovaler-steinring\/#primaryimage"},"thumbnailUrl":"https:\/\/joyasyasmin.com\/wp-content\/uploads\/2025\/02\/anillo-rubi.jpg","datePublished":"2025-02-05T19:00:31+00:00","dateModified":"2025-08-06T07:33:47+00:00","description":"Ring aus 925er Silber mit 9x6 mm ovalem Naturstein. Elegantes und raffiniertes Design, erh\u00e4ltlich in verschiedenen Steinen (T\u00fcrkis ist synthetisch).","breadcrumb":{"@id":"https:\/\/joyasyasmin.com\/de\/producto\/natuerlicher-ovaler-steinring\/#breadcrumb"},"inLanguage":"de","potentialAction":[{"@type":"ReadAction","target":["https:\/\/joyasyasmin.com\/de\/producto\/natuerlicher-ovaler-steinring\/"]}]},{"@type":"ImageObject","inLanguage":"de","@id":"https:\/\/joyasyasmin.com\/de\/producto\/natuerlicher-ovaler-steinring\/#primaryimage","url":"https:\/\/joyasyasmin.com\/wp-content\/uploads\/2025\/02\/anillo-rubi.jpg","contentUrl":"https:\/\/joyasyasmin.com\/wp-content\/uploads\/2025\/02\/anillo-rubi.jpg","width":1000,"height":1000,"caption":"925 Silber Ring zum Verkauf mit nat\u00fcrlichen Rubi Steinen"},{"@type":"BreadcrumbList","@id":"https:\/\/joyasyasmin.com\/de\/producto\/natuerlicher-ovaler-steinring\/#breadcrumb","itemListElement":[{"@type":"ListItem","position":1,"name":"Portada","item":"https:\/\/joyasyasmin.com\/de\/heim\/"},{"@type":"ListItem","position":2,"name":"Shop","item":"https:\/\/joyasyasmin.com\/de\/shop\/"},{"@type":"ListItem","position":3,"name":"Nat\u00fcrlicher ovaler Steinring"}]},{"@type":"WebSite","@id":"https:\/\/joyasyasmin.com\/de\/#website","url":"https:\/\/joyasyasmin.com\/de\/","name":"Yasmin","description":"Joyer\u00eda de Plata 925 - Pendientes, pulseras, anillos, colgantes y m\u00e1s!","publisher":{"@id":"https:\/\/joyasyasmin.com\/de\/#organization"},"potentialAction":[{"@type":"SearchAction","target":{"@type":"EntryPoint","urlTemplate":"https:\/\/joyasyasmin.com\/de\/?s={search_term_string}"},"query-input":{"@type":"PropertyValueSpecification","valueRequired":true,"valueName":"search_term_string"}}],"inLanguage":"de"},{"@type":"Organization","@id":"https:\/\/joyasyasmin.com\/de\/#organization","name":"joyas yasmin","url":"https:\/\/joyasyasmin.com\/de\/","logo":{"@type":"ImageObject","inLanguage":"de","@id":"https:\/\/joyasyasmin.com\/de\/#\/schema\/logo\/image\/","url":"https:\/\/joyasyasmin.com\/wp-content\/uploads\/2017\/06\/IMG-20200429-WA0051.jpg","contentUrl":"https:\/\/joyasyasmin.com\/wp-content\/uploads\/2017\/06\/IMG-20200429-WA0051.jpg","width":1080,"height":545,"caption":"joyas yasmin"},"image":{"@id":"https:\/\/joyasyasmin.com\/de\/#\/schema\/logo\/image\/"},"sameAs":["https:\/\/www.facebook.com\/Joyas-Yasmin-217664058934169\/","https:\/\/www.instagram.com\/invites\/contact\/"]}]}},"_links":{"self":[{"href":"https:\/\/joyasyasmin.com\/de\/wp-json\/wp\/v2\/product\/30706","targetHints":{"allow":["GET"]}}],"collection":[{"href":"https:\/\/joyasyasmin.com\/de\/wp-json\/wp\/v2\/product"}],"about":[{"href":"https:\/\/joyasyasmin.com\/de\/wp-json\/wp\/v2\/types\/product"}],"replies":[{"embeddable":true,"href":"https:\/\/joyasyasmin.com\/de\/wp-json\/wp\/v2\/comments?post=30706"}],"version-history":[{"count":1,"href":"https:\/\/joyasyasmin.com\/de\/wp-json\/wp\/v2\/product\/30706\/revisions"}],"predecessor-version":[{"id":32388,"href":"https:\/\/joyasyasmin.com\/de\/wp-json\/wp\/v2\/product\/30706\/revisions\/32388"}],"wp:featuredmedia":[{"embeddable":true,"href":"https:\/\/joyasyasmin.com\/de\/wp-json\/wp\/v2\/media\/30062"}],"wp:attachment":[{"href":"https:\/\/joyasyasmin.com\/de\/wp-json\/wp\/v2\/media?parent=30706"}],"wp:term":[{"taxonomy":"product_brand","embeddable":true,"href":"https:\/\/joyasyasmin.com\/de\/wp-json\/wp\/v2\/product_brand?post=30706"},{"taxonomy":"product_cat","embeddable":true,"href":"https:\/\/joyasyasmin.com\/de\/wp-json\/wp\/v2\/product_cat?post=30706"},{"taxonomy":"product_tag","embeddable":true,"href":"https:\/\/joyasyasmin.com\/de\/wp-json\/wp\/v2\/product_tag?post=30706"}],"curies":[{"name":"wp","href":"https:\/\/api.w.org\/{rel}","templated":true}]}}