{"id":30873,"date":"2025-02-24T15:42:36","date_gmt":"2025-02-24T15:42:36","guid":{"rendered":"https:\/\/joyasyasmin.com\/producto\/harmony-ovales-gliederarmband\/"},"modified":"2025-05-13T11:03:57","modified_gmt":"2025-05-13T11:03:57","slug":"harmony-ovales-gliederarmband","status":"publish","type":"product","link":"https:\/\/joyasyasmin.com\/de\/producto\/harmony-ovales-gliederarmband\/","title":{"rendered":"Harmony Ovales Gliederarmband"},"content":{"rendered":"","protected":false},"excerpt":{"rendered":"<p>12 mm Armonia ovales Gliederarmband aus 925er Silber, das glatte und elegant geschnitzte Glieder kombiniert. Sein einzigartiges Design verleiht ihm eine raffinierte Note, die ideal ist, um jeden Stil zu erg\u00e4nzen. Mit einer L\u00e4nge von 20cm passt sich dieses St\u00fcck perfekt am Handgelenk an. Ein vielseitiges und zeitloses Accessoire, perfekt f\u00fcr besondere Anl\u00e4sse oder f\u00fcr den t\u00e4glichen Gebrauch. Verleihen Sie Ihrem Look mit diesem hochwertigen Armband einen Hauch von Vornehmheit    <\/p>\n","protected":false},"featured_media":30455,"comment_status":"open","ping_status":"closed","template":"","meta":{"_acf_changed":false,"_joinchat":[]},"product_brand":[],"product_cat":[1787],"product_tag":[],"class_list":{"0":"post-30873","1":"product","2":"type-product","3":"status-publish","4":"has-post-thumbnail","6":"product_cat-armbander","8":"first","9":"instock","10":"shipping-taxable","11":"purchasable","12":"product-type-simple"},"acf":[],"yoast_head":"<!-- This site is optimized with the Yoast SEO plugin v27.2 - https:\/\/yoast.com\/product\/yoast-seo-wordpress\/ -->\n<title>Harmony Ovales Gliederarmband - Yasmin<\/title>\n<meta name=\"description\" content=\"12 mm Armonia ovales Gliederarmband aus 925er Silber, mit glatten und geschnitzten Gliedern, misst 20 cm lang und vereint Eleganz und zeitgen\u00f6ssischen Stil\" \/>\n<meta name=\"robots\" content=\"index, follow, max-snippet:-1, max-image-preview:large, max-video-preview:-1\" \/>\n<link rel=\"canonical\" href=\"https:\/\/joyasyasmin.com\/de\/producto\/harmony-ovales-gliederarmband\/\" \/>\n<meta property=\"og:locale\" content=\"de_DE\" \/>\n<meta property=\"og:title\" content=\"Harmony Ovales Gliederarmband - Yasmin\" \/>\n<meta property=\"og:description\" content=\"12 mm Armonia ovales Gliederarmband aus 925er Silber, mit glatten und geschnitzten Gliedern, misst 20 cm lang und vereint Eleganz und zeitgen\u00f6ssischen Stil\" \/>\n<meta property=\"og:url\" content=\"https:\/\/joyasyasmin.com\/de\/producto\/harmony-ovales-gliederarmband\/\" \/>\n<meta property=\"og:site_name\" content=\"Yasmin\" \/>\n<meta property=\"article:publisher\" content=\"https:\/\/www.facebook.com\/Joyas-Yasmin-217664058934169\/\" \/>\n<meta property=\"article:modified_time\" content=\"2025-05-13T11:03:57+00:00\" \/>\n<meta property=\"og:image\" content=\"https:\/\/joyasyasmin.com\/wp-content\/uploads\/2025\/02\/pulsera-eslabones-ovalados.jpg\" \/>\n\t<meta property=\"og:image:width\" content=\"1000\" \/>\n\t<meta property=\"og:image:height\" content=\"1000\" \/>\n\t<meta property=\"og:image:type\" content=\"image\/jpeg\" \/>\n<meta name=\"twitter:card\" content=\"summary_large_image\" \/>\n<script type=\"application\/ld+json\" class=\"yoast-schema-graph\">{\"@context\":\"https:\/\/schema.org\",\"@graph\":[{\"@type\":[\"WebPage\",\"ItemPage\"],\"@id\":\"https:\/\/joyasyasmin.com\/de\/producto\/harmony-ovales-gliederarmband\/\",\"url\":\"https:\/\/joyasyasmin.com\/de\/producto\/harmony-ovales-gliederarmband\/\",\"name\":\"Harmony Ovales Gliederarmband - Yasmin\",\"isPartOf\":{\"@id\":\"https:\/\/joyasyasmin.com\/de\/#website\"},\"primaryImageOfPage\":{\"@id\":\"https:\/\/joyasyasmin.com\/de\/producto\/harmony-ovales-gliederarmband\/#primaryimage\"},\"image\":{\"@id\":\"https:\/\/joyasyasmin.com\/de\/producto\/harmony-ovales-gliederarmband\/#primaryimage\"},\"thumbnailUrl\":\"https:\/\/joyasyasmin.com\/wp-content\/uploads\/2025\/02\/pulsera-eslabones-ovalados.jpg\",\"datePublished\":\"2025-02-24T15:42:36+00:00\",\"dateModified\":\"2025-05-13T11:03:57+00:00\",\"description\":\"12 mm Armonia ovales Gliederarmband aus 925er Silber, mit glatten und geschnitzten Gliedern, misst 20 cm lang und vereint Eleganz und zeitgen\u00f6ssischen Stil\",\"breadcrumb\":{\"@id\":\"https:\/\/joyasyasmin.com\/de\/producto\/harmony-ovales-gliederarmband\/#breadcrumb\"},\"inLanguage\":\"de\",\"potentialAction\":[{\"@type\":\"ReadAction\",\"target\":[\"https:\/\/joyasyasmin.com\/de\/producto\/harmony-ovales-gliederarmband\/\"]}]},{\"@type\":\"ImageObject\",\"inLanguage\":\"de\",\"@id\":\"https:\/\/joyasyasmin.com\/de\/producto\/harmony-ovales-gliederarmband\/#primaryimage\",\"url\":\"https:\/\/joyasyasmin.com\/wp-content\/uploads\/2025\/02\/pulsera-eslabones-ovalados.jpg\",\"contentUrl\":\"https:\/\/joyasyasmin.com\/wp-content\/uploads\/2025\/02\/pulsera-eslabones-ovalados.jpg\",\"width\":1000,\"height\":1000,\"caption\":\"Ovales Gliederarmband Sale 925 Silber\"},{\"@type\":\"BreadcrumbList\",\"@id\":\"https:\/\/joyasyasmin.com\/de\/producto\/harmony-ovales-gliederarmband\/#breadcrumb\",\"itemListElement\":[{\"@type\":\"ListItem\",\"position\":1,\"name\":\"Portada\",\"item\":\"https:\/\/joyasyasmin.com\/de\/heim\/\"},{\"@type\":\"ListItem\",\"position\":2,\"name\":\"Shop\",\"item\":\"https:\/\/joyasyasmin.com\/de\/shop\/\"},{\"@type\":\"ListItem\",\"position\":3,\"name\":\"Harmony Ovales Gliederarmband\"}]},{\"@type\":\"WebSite\",\"@id\":\"https:\/\/joyasyasmin.com\/de\/#website\",\"url\":\"https:\/\/joyasyasmin.com\/de\/\",\"name\":\"Yasmin\",\"description\":\"Joyer\u00eda de Plata 925 - Pendientes, pulseras, anillos, colgantes y m\u00e1s!\",\"publisher\":{\"@id\":\"https:\/\/joyasyasmin.com\/de\/#organization\"},\"potentialAction\":[{\"@type\":\"SearchAction\",\"target\":{\"@type\":\"EntryPoint\",\"urlTemplate\":\"https:\/\/joyasyasmin.com\/de\/?s={search_term_string}\"},\"query-input\":{\"@type\":\"PropertyValueSpecification\",\"valueRequired\":true,\"valueName\":\"search_term_string\"}}],\"inLanguage\":\"de\"},{\"@type\":\"Organization\",\"@id\":\"https:\/\/joyasyasmin.com\/de\/#organization\",\"name\":\"joyas yasmin\",\"url\":\"https:\/\/joyasyasmin.com\/de\/\",\"logo\":{\"@type\":\"ImageObject\",\"inLanguage\":\"de\",\"@id\":\"https:\/\/joyasyasmin.com\/de\/#\/schema\/logo\/image\/\",\"url\":\"https:\/\/joyasyasmin.com\/wp-content\/uploads\/2017\/06\/IMG-20200429-WA0051.jpg\",\"contentUrl\":\"https:\/\/joyasyasmin.com\/wp-content\/uploads\/2017\/06\/IMG-20200429-WA0051.jpg\",\"width\":1080,\"height\":545,\"caption\":\"joyas yasmin\"},\"image\":{\"@id\":\"https:\/\/joyasyasmin.com\/de\/#\/schema\/logo\/image\/\"},\"sameAs\":[\"https:\/\/www.facebook.com\/Joyas-Yasmin-217664058934169\/\",\"https:\/\/www.instagram.com\/invites\/contact\/\"]}]}<\/script>\n<!-- \/ Yoast SEO plugin. -->","yoast_head_json":{"title":"Harmony Ovales Gliederarmband - Yasmin","description":"12 mm Armonia ovales Gliederarmband aus 925er Silber, mit glatten und geschnitzten Gliedern, misst 20 cm lang und vereint Eleganz und zeitgen\u00f6ssischen Stil","robots":{"index":"index","follow":"follow","max-snippet":"max-snippet:-1","max-image-preview":"max-image-preview:large","max-video-preview":"max-video-preview:-1"},"canonical":"https:\/\/joyasyasmin.com\/de\/producto\/harmony-ovales-gliederarmband\/","og_locale":"de_DE","og_title":"Harmony Ovales Gliederarmband - Yasmin","og_description":"12 mm Armonia ovales Gliederarmband aus 925er Silber, mit glatten und geschnitzten Gliedern, misst 20 cm lang und vereint Eleganz und zeitgen\u00f6ssischen Stil","og_url":"https:\/\/joyasyasmin.com\/de\/producto\/harmony-ovales-gliederarmband\/","og_site_name":"Yasmin","article_publisher":"https:\/\/www.facebook.com\/Joyas-Yasmin-217664058934169\/","article_modified_time":"2025-05-13T11:03:57+00:00","og_image":[{"width":1000,"height":1000,"url":"https:\/\/joyasyasmin.com\/wp-content\/uploads\/2025\/02\/pulsera-eslabones-ovalados.jpg","type":"image\/jpeg"}],"twitter_card":"summary_large_image","schema":{"@context":"https:\/\/schema.org","@graph":[{"@type":["WebPage","ItemPage"],"@id":"https:\/\/joyasyasmin.com\/de\/producto\/harmony-ovales-gliederarmband\/","url":"https:\/\/joyasyasmin.com\/de\/producto\/harmony-ovales-gliederarmband\/","name":"Harmony Ovales Gliederarmband - Yasmin","isPartOf":{"@id":"https:\/\/joyasyasmin.com\/de\/#website"},"primaryImageOfPage":{"@id":"https:\/\/joyasyasmin.com\/de\/producto\/harmony-ovales-gliederarmband\/#primaryimage"},"image":{"@id":"https:\/\/joyasyasmin.com\/de\/producto\/harmony-ovales-gliederarmband\/#primaryimage"},"thumbnailUrl":"https:\/\/joyasyasmin.com\/wp-content\/uploads\/2025\/02\/pulsera-eslabones-ovalados.jpg","datePublished":"2025-02-24T15:42:36+00:00","dateModified":"2025-05-13T11:03:57+00:00","description":"12 mm Armonia ovales Gliederarmband aus 925er Silber, mit glatten und geschnitzten Gliedern, misst 20 cm lang und vereint Eleganz und zeitgen\u00f6ssischen Stil","breadcrumb":{"@id":"https:\/\/joyasyasmin.com\/de\/producto\/harmony-ovales-gliederarmband\/#breadcrumb"},"inLanguage":"de","potentialAction":[{"@type":"ReadAction","target":["https:\/\/joyasyasmin.com\/de\/producto\/harmony-ovales-gliederarmband\/"]}]},{"@type":"ImageObject","inLanguage":"de","@id":"https:\/\/joyasyasmin.com\/de\/producto\/harmony-ovales-gliederarmband\/#primaryimage","url":"https:\/\/joyasyasmin.com\/wp-content\/uploads\/2025\/02\/pulsera-eslabones-ovalados.jpg","contentUrl":"https:\/\/joyasyasmin.com\/wp-content\/uploads\/2025\/02\/pulsera-eslabones-ovalados.jpg","width":1000,"height":1000,"caption":"Ovales Gliederarmband Sale 925 Silber"},{"@type":"BreadcrumbList","@id":"https:\/\/joyasyasmin.com\/de\/producto\/harmony-ovales-gliederarmband\/#breadcrumb","itemListElement":[{"@type":"ListItem","position":1,"name":"Portada","item":"https:\/\/joyasyasmin.com\/de\/heim\/"},{"@type":"ListItem","position":2,"name":"Shop","item":"https:\/\/joyasyasmin.com\/de\/shop\/"},{"@type":"ListItem","position":3,"name":"Harmony Ovales Gliederarmband"}]},{"@type":"WebSite","@id":"https:\/\/joyasyasmin.com\/de\/#website","url":"https:\/\/joyasyasmin.com\/de\/","name":"Yasmin","description":"Joyer\u00eda de Plata 925 - Pendientes, pulseras, anillos, colgantes y m\u00e1s!","publisher":{"@id":"https:\/\/joyasyasmin.com\/de\/#organization"},"potentialAction":[{"@type":"SearchAction","target":{"@type":"EntryPoint","urlTemplate":"https:\/\/joyasyasmin.com\/de\/?s={search_term_string}"},"query-input":{"@type":"PropertyValueSpecification","valueRequired":true,"valueName":"search_term_string"}}],"inLanguage":"de"},{"@type":"Organization","@id":"https:\/\/joyasyasmin.com\/de\/#organization","name":"joyas yasmin","url":"https:\/\/joyasyasmin.com\/de\/","logo":{"@type":"ImageObject","inLanguage":"de","@id":"https:\/\/joyasyasmin.com\/de\/#\/schema\/logo\/image\/","url":"https:\/\/joyasyasmin.com\/wp-content\/uploads\/2017\/06\/IMG-20200429-WA0051.jpg","contentUrl":"https:\/\/joyasyasmin.com\/wp-content\/uploads\/2017\/06\/IMG-20200429-WA0051.jpg","width":1080,"height":545,"caption":"joyas yasmin"},"image":{"@id":"https:\/\/joyasyasmin.com\/de\/#\/schema\/logo\/image\/"},"sameAs":["https:\/\/www.facebook.com\/Joyas-Yasmin-217664058934169\/","https:\/\/www.instagram.com\/invites\/contact\/"]}]}},"_links":{"self":[{"href":"https:\/\/joyasyasmin.com\/de\/wp-json\/wp\/v2\/product\/30873","targetHints":{"allow":["GET"]}}],"collection":[{"href":"https:\/\/joyasyasmin.com\/de\/wp-json\/wp\/v2\/product"}],"about":[{"href":"https:\/\/joyasyasmin.com\/de\/wp-json\/wp\/v2\/types\/product"}],"replies":[{"embeddable":true,"href":"https:\/\/joyasyasmin.com\/de\/wp-json\/wp\/v2\/comments?post=30873"}],"version-history":[{"count":1,"href":"https:\/\/joyasyasmin.com\/de\/wp-json\/wp\/v2\/product\/30873\/revisions"}],"predecessor-version":[{"id":32409,"href":"https:\/\/joyasyasmin.com\/de\/wp-json\/wp\/v2\/product\/30873\/revisions\/32409"}],"wp:featuredmedia":[{"embeddable":true,"href":"https:\/\/joyasyasmin.com\/de\/wp-json\/wp\/v2\/media\/30455"}],"wp:attachment":[{"href":"https:\/\/joyasyasmin.com\/de\/wp-json\/wp\/v2\/media?parent=30873"}],"wp:term":[{"taxonomy":"product_brand","embeddable":true,"href":"https:\/\/joyasyasmin.com\/de\/wp-json\/wp\/v2\/product_brand?post=30873"},{"taxonomy":"product_cat","embeddable":true,"href":"https:\/\/joyasyasmin.com\/de\/wp-json\/wp\/v2\/product_cat?post=30873"},{"taxonomy":"product_tag","embeddable":true,"href":"https:\/\/joyasyasmin.com\/de\/wp-json\/wp\/v2\/product_tag?post=30873"}],"curies":[{"name":"wp","href":"https:\/\/api.w.org\/{rel}","templated":true}]}}