{"id":31141,"date":"2025-03-12T22:10:41","date_gmt":"2025-03-12T22:10:41","guid":{"rendered":"https:\/\/joyasyasmin.com\/producto\/drei-erzengel-armband\/"},"modified":"2025-03-12T22:10:41","modified_gmt":"2025-03-12T22:10:41","slug":"drei-erzengel-armband","status":"publish","type":"product","link":"https:\/\/joyasyasmin.com\/de\/producto\/drei-erzengel-armband\/","title":{"rendered":"Drei Erzengel Armband"},"content":{"rendered":"","protected":false},"excerpt":{"rendered":"<p>Tragen Sie mit diesem wundersch\u00f6nen Armband aus 925er Silber immer den Schutz und die F\u00fchrung der m\u00e4chtigen <strong>San Miguel, San Rafael und San Uriel<\/strong> . Das elegante Design aus 2 mm starken Rolo-Gliedern hebt ein <strong>15-mm-Blech<\/strong> hervor, das mit Laser tief graviert ist und ein feines und langlebiges Detail gew\u00e4hrleistet. <\/p>\n<p>\ud83d\udd39 <strong>San Miguel<\/strong> \ud83d\udee1\ufe0f \u2013 Der Besch\u00fctzer und Krieger gegen das B\u00f6se.<br \/>\n\ud83d\udd39 <strong>Heiliger Raphael<\/strong> \ud83d\udc9a \u2013 Der Heiler von K\u00f6rper und Seele.<br \/>\n\ud83d\udd39 <strong>Heiliger Uriel<\/strong> \ud83d\udd25 \u2013 Der Tr\u00e4ger des Lichts und der g\u00f6ttlichen Weisheit und F\u00fclle.<\/p>\n<p>Ein Amulett voller Bedeutung, ideal f\u00fcr Schutz, Heilung und Licht auf Ihrem Weg. Nehmen Sie es mit oder schenken Sie es als Symbol des Glaubens und des Segens! \ud83d\ude4f\u2728  <\/p>\n<p>&nbsp;<\/p>\n","protected":false},"featured_media":31034,"comment_status":"open","ping_status":"closed","template":"","meta":{"_acf_changed":false,"_joinchat":[]},"product_brand":[],"product_cat":[1787],"product_tag":[1928],"class_list":{"0":"post-31141","1":"product","2":"type-product","3":"status-publish","4":"has-post-thumbnail","6":"product_cat-armbander","7":"product_tag-neue-kollektion","9":"first","10":"instock","11":"shipping-taxable","12":"purchasable","13":"product-type-simple"},"acf":[],"yoast_head":"<!-- This site is optimized with the Yoast SEO plugin v27.2 - https:\/\/yoast.com\/product\/yoast-seo-wordpress\/ -->\n<title>Drei Erzengel Armband - Yasmin<\/title>\n<meta name=\"description\" content=\"Drei Erzengel Armband aus 925 Silber: Heiliger Michael, Heiliger Raphael und Heiliger Uriel. Elegantes Design mit lasergraviertem Furnier, verstellbar (17 + 3 cm). Schutz und Glaube.\" \/>\n<meta name=\"robots\" content=\"index, follow, max-snippet:-1, max-image-preview:large, max-video-preview:-1\" \/>\n<link rel=\"canonical\" href=\"https:\/\/joyasyasmin.com\/de\/producto\/drei-erzengel-armband\/\" \/>\n<meta property=\"og:locale\" content=\"de_DE\" \/>\n<meta property=\"og:title\" content=\"Drei Erzengel Armband - Yasmin\" \/>\n<meta property=\"og:description\" content=\"Drei Erzengel Armband aus 925 Silber: Heiliger Michael, Heiliger Raphael und Heiliger Uriel. Elegantes Design mit lasergraviertem Furnier, verstellbar (17 + 3 cm). Schutz und Glaube.\" \/>\n<meta property=\"og:url\" content=\"https:\/\/joyasyasmin.com\/de\/producto\/drei-erzengel-armband\/\" \/>\n<meta property=\"og:site_name\" content=\"Yasmin\" \/>\n<meta property=\"article:publisher\" content=\"https:\/\/www.facebook.com\/Joyas-Yasmin-217664058934169\/\" \/>\n<meta property=\"og:image\" content=\"https:\/\/joyasyasmin.com\/wp-content\/uploads\/2025\/03\/pulsera-tres-arcangeles-de-plata.jpg\" \/>\n\t<meta property=\"og:image:width\" content=\"1000\" \/>\n\t<meta property=\"og:image:height\" content=\"1000\" \/>\n\t<meta property=\"og:image:type\" content=\"image\/jpeg\" \/>\n<meta name=\"twitter:card\" content=\"summary_large_image\" \/>\n<script type=\"application\/ld+json\" class=\"yoast-schema-graph\">{\"@context\":\"https:\/\/schema.org\",\"@graph\":[{\"@type\":[\"WebPage\",\"ItemPage\"],\"@id\":\"https:\/\/joyasyasmin.com\/de\/producto\/drei-erzengel-armband\/\",\"url\":\"https:\/\/joyasyasmin.com\/de\/producto\/drei-erzengel-armband\/\",\"name\":\"Drei Erzengel Armband - Yasmin\",\"isPartOf\":{\"@id\":\"https:\/\/joyasyasmin.com\/de\/#website\"},\"primaryImageOfPage\":{\"@id\":\"https:\/\/joyasyasmin.com\/de\/producto\/drei-erzengel-armband\/#primaryimage\"},\"image\":{\"@id\":\"https:\/\/joyasyasmin.com\/de\/producto\/drei-erzengel-armband\/#primaryimage\"},\"thumbnailUrl\":\"https:\/\/joyasyasmin.com\/wp-content\/uploads\/2025\/03\/pulsera-tres-arcangeles-de-plata.jpg\",\"datePublished\":\"2025-03-12T22:10:41+00:00\",\"description\":\"Drei Erzengel Armband aus 925 Silber: Heiliger Michael, Heiliger Raphael und Heiliger Uriel. Elegantes Design mit lasergraviertem Furnier, verstellbar (17 + 3 cm). Schutz und Glaube.\",\"breadcrumb\":{\"@id\":\"https:\/\/joyasyasmin.com\/de\/producto\/drei-erzengel-armband\/#breadcrumb\"},\"inLanguage\":\"de\",\"potentialAction\":[{\"@type\":\"ReadAction\",\"target\":[\"https:\/\/joyasyasmin.com\/de\/producto\/drei-erzengel-armband\/\"]}]},{\"@type\":\"ImageObject\",\"inLanguage\":\"de\",\"@id\":\"https:\/\/joyasyasmin.com\/de\/producto\/drei-erzengel-armband\/#primaryimage\",\"url\":\"https:\/\/joyasyasmin.com\/wp-content\/uploads\/2025\/03\/pulsera-tres-arcangeles-de-plata.jpg\",\"contentUrl\":\"https:\/\/joyasyasmin.com\/wp-content\/uploads\/2025\/03\/pulsera-tres-arcangeles-de-plata.jpg\",\"width\":1000,\"height\":1000,\"caption\":\"Drei Erzengel Armband in 925 Silber zu verkaufen\"},{\"@type\":\"BreadcrumbList\",\"@id\":\"https:\/\/joyasyasmin.com\/de\/producto\/drei-erzengel-armband\/#breadcrumb\",\"itemListElement\":[{\"@type\":\"ListItem\",\"position\":1,\"name\":\"Portada\",\"item\":\"https:\/\/joyasyasmin.com\/de\/heim\/\"},{\"@type\":\"ListItem\",\"position\":2,\"name\":\"Shop\",\"item\":\"https:\/\/joyasyasmin.com\/de\/shop\/\"},{\"@type\":\"ListItem\",\"position\":3,\"name\":\"Drei Erzengel Armband\"}]},{\"@type\":\"WebSite\",\"@id\":\"https:\/\/joyasyasmin.com\/de\/#website\",\"url\":\"https:\/\/joyasyasmin.com\/de\/\",\"name\":\"Yasmin\",\"description\":\"Joyer\u00eda de Plata 925 - Pendientes, pulseras, anillos, colgantes y m\u00e1s!\",\"publisher\":{\"@id\":\"https:\/\/joyasyasmin.com\/de\/#organization\"},\"potentialAction\":[{\"@type\":\"SearchAction\",\"target\":{\"@type\":\"EntryPoint\",\"urlTemplate\":\"https:\/\/joyasyasmin.com\/de\/?s={search_term_string}\"},\"query-input\":{\"@type\":\"PropertyValueSpecification\",\"valueRequired\":true,\"valueName\":\"search_term_string\"}}],\"inLanguage\":\"de\"},{\"@type\":\"Organization\",\"@id\":\"https:\/\/joyasyasmin.com\/de\/#organization\",\"name\":\"joyas yasmin\",\"url\":\"https:\/\/joyasyasmin.com\/de\/\",\"logo\":{\"@type\":\"ImageObject\",\"inLanguage\":\"de\",\"@id\":\"https:\/\/joyasyasmin.com\/de\/#\/schema\/logo\/image\/\",\"url\":\"https:\/\/joyasyasmin.com\/wp-content\/uploads\/2017\/06\/IMG-20200429-WA0051.jpg\",\"contentUrl\":\"https:\/\/joyasyasmin.com\/wp-content\/uploads\/2017\/06\/IMG-20200429-WA0051.jpg\",\"width\":1080,\"height\":545,\"caption\":\"joyas yasmin\"},\"image\":{\"@id\":\"https:\/\/joyasyasmin.com\/de\/#\/schema\/logo\/image\/\"},\"sameAs\":[\"https:\/\/www.facebook.com\/Joyas-Yasmin-217664058934169\/\",\"https:\/\/www.instagram.com\/invites\/contact\/\"]}]}<\/script>\n<!-- \/ Yoast SEO plugin. -->","yoast_head_json":{"title":"Drei Erzengel Armband - Yasmin","description":"Drei Erzengel Armband aus 925 Silber: Heiliger Michael, Heiliger Raphael und Heiliger Uriel. Elegantes Design mit lasergraviertem Furnier, verstellbar (17 + 3 cm). Schutz und Glaube.","robots":{"index":"index","follow":"follow","max-snippet":"max-snippet:-1","max-image-preview":"max-image-preview:large","max-video-preview":"max-video-preview:-1"},"canonical":"https:\/\/joyasyasmin.com\/de\/producto\/drei-erzengel-armband\/","og_locale":"de_DE","og_title":"Drei Erzengel Armband - Yasmin","og_description":"Drei Erzengel Armband aus 925 Silber: Heiliger Michael, Heiliger Raphael und Heiliger Uriel. Elegantes Design mit lasergraviertem Furnier, verstellbar (17 + 3 cm). Schutz und Glaube.","og_url":"https:\/\/joyasyasmin.com\/de\/producto\/drei-erzengel-armband\/","og_site_name":"Yasmin","article_publisher":"https:\/\/www.facebook.com\/Joyas-Yasmin-217664058934169\/","og_image":[{"width":1000,"height":1000,"url":"https:\/\/joyasyasmin.com\/wp-content\/uploads\/2025\/03\/pulsera-tres-arcangeles-de-plata.jpg","type":"image\/jpeg"}],"twitter_card":"summary_large_image","schema":{"@context":"https:\/\/schema.org","@graph":[{"@type":["WebPage","ItemPage"],"@id":"https:\/\/joyasyasmin.com\/de\/producto\/drei-erzengel-armband\/","url":"https:\/\/joyasyasmin.com\/de\/producto\/drei-erzengel-armband\/","name":"Drei Erzengel Armband - Yasmin","isPartOf":{"@id":"https:\/\/joyasyasmin.com\/de\/#website"},"primaryImageOfPage":{"@id":"https:\/\/joyasyasmin.com\/de\/producto\/drei-erzengel-armband\/#primaryimage"},"image":{"@id":"https:\/\/joyasyasmin.com\/de\/producto\/drei-erzengel-armband\/#primaryimage"},"thumbnailUrl":"https:\/\/joyasyasmin.com\/wp-content\/uploads\/2025\/03\/pulsera-tres-arcangeles-de-plata.jpg","datePublished":"2025-03-12T22:10:41+00:00","description":"Drei Erzengel Armband aus 925 Silber: Heiliger Michael, Heiliger Raphael und Heiliger Uriel. Elegantes Design mit lasergraviertem Furnier, verstellbar (17 + 3 cm). Schutz und Glaube.","breadcrumb":{"@id":"https:\/\/joyasyasmin.com\/de\/producto\/drei-erzengel-armband\/#breadcrumb"},"inLanguage":"de","potentialAction":[{"@type":"ReadAction","target":["https:\/\/joyasyasmin.com\/de\/producto\/drei-erzengel-armband\/"]}]},{"@type":"ImageObject","inLanguage":"de","@id":"https:\/\/joyasyasmin.com\/de\/producto\/drei-erzengel-armband\/#primaryimage","url":"https:\/\/joyasyasmin.com\/wp-content\/uploads\/2025\/03\/pulsera-tres-arcangeles-de-plata.jpg","contentUrl":"https:\/\/joyasyasmin.com\/wp-content\/uploads\/2025\/03\/pulsera-tres-arcangeles-de-plata.jpg","width":1000,"height":1000,"caption":"Drei Erzengel Armband in 925 Silber zu verkaufen"},{"@type":"BreadcrumbList","@id":"https:\/\/joyasyasmin.com\/de\/producto\/drei-erzengel-armband\/#breadcrumb","itemListElement":[{"@type":"ListItem","position":1,"name":"Portada","item":"https:\/\/joyasyasmin.com\/de\/heim\/"},{"@type":"ListItem","position":2,"name":"Shop","item":"https:\/\/joyasyasmin.com\/de\/shop\/"},{"@type":"ListItem","position":3,"name":"Drei Erzengel Armband"}]},{"@type":"WebSite","@id":"https:\/\/joyasyasmin.com\/de\/#website","url":"https:\/\/joyasyasmin.com\/de\/","name":"Yasmin","description":"Joyer\u00eda de Plata 925 - Pendientes, pulseras, anillos, colgantes y m\u00e1s!","publisher":{"@id":"https:\/\/joyasyasmin.com\/de\/#organization"},"potentialAction":[{"@type":"SearchAction","target":{"@type":"EntryPoint","urlTemplate":"https:\/\/joyasyasmin.com\/de\/?s={search_term_string}"},"query-input":{"@type":"PropertyValueSpecification","valueRequired":true,"valueName":"search_term_string"}}],"inLanguage":"de"},{"@type":"Organization","@id":"https:\/\/joyasyasmin.com\/de\/#organization","name":"joyas yasmin","url":"https:\/\/joyasyasmin.com\/de\/","logo":{"@type":"ImageObject","inLanguage":"de","@id":"https:\/\/joyasyasmin.com\/de\/#\/schema\/logo\/image\/","url":"https:\/\/joyasyasmin.com\/wp-content\/uploads\/2017\/06\/IMG-20200429-WA0051.jpg","contentUrl":"https:\/\/joyasyasmin.com\/wp-content\/uploads\/2017\/06\/IMG-20200429-WA0051.jpg","width":1080,"height":545,"caption":"joyas yasmin"},"image":{"@id":"https:\/\/joyasyasmin.com\/de\/#\/schema\/logo\/image\/"},"sameAs":["https:\/\/www.facebook.com\/Joyas-Yasmin-217664058934169\/","https:\/\/www.instagram.com\/invites\/contact\/"]}]}},"_links":{"self":[{"href":"https:\/\/joyasyasmin.com\/de\/wp-json\/wp\/v2\/product\/31141","targetHints":{"allow":["GET"]}}],"collection":[{"href":"https:\/\/joyasyasmin.com\/de\/wp-json\/wp\/v2\/product"}],"about":[{"href":"https:\/\/joyasyasmin.com\/de\/wp-json\/wp\/v2\/types\/product"}],"replies":[{"embeddable":true,"href":"https:\/\/joyasyasmin.com\/de\/wp-json\/wp\/v2\/comments?post=31141"}],"version-history":[{"count":0,"href":"https:\/\/joyasyasmin.com\/de\/wp-json\/wp\/v2\/product\/31141\/revisions"}],"wp:featuredmedia":[{"embeddable":true,"href":"https:\/\/joyasyasmin.com\/de\/wp-json\/wp\/v2\/media\/31034"}],"wp:attachment":[{"href":"https:\/\/joyasyasmin.com\/de\/wp-json\/wp\/v2\/media?parent=31141"}],"wp:term":[{"taxonomy":"product_brand","embeddable":true,"href":"https:\/\/joyasyasmin.com\/de\/wp-json\/wp\/v2\/product_brand?post=31141"},{"taxonomy":"product_cat","embeddable":true,"href":"https:\/\/joyasyasmin.com\/de\/wp-json\/wp\/v2\/product_cat?post=31141"},{"taxonomy":"product_tag","embeddable":true,"href":"https:\/\/joyasyasmin.com\/de\/wp-json\/wp\/v2\/product_tag?post=31141"}],"curies":[{"name":"wp","href":"https:\/\/api.w.org\/{rel}","templated":true}]}}