{"id":31148,"date":"2025-03-12T15:18:28","date_gmt":"2025-03-12T15:18:28","guid":{"rendered":"https:\/\/joyasyasmin.com\/producto\/gedrechselte-creolen-mit-design\/"},"modified":"2025-03-12T15:18:28","modified_gmt":"2025-03-12T15:18:28","slug":"gedrechselte-creolen-mit-design","status":"publish","type":"product","link":"https:\/\/joyasyasmin.com\/de\/producto\/gedrechselte-creolen-mit-design\/","title":{"rendered":"Gedrechselte Creolen mit Design"},"content":{"rendered":"","protected":false},"excerpt":{"rendered":"<p>Die gedrechselten Creolen mit Design sind aus 925er Silber gefertigt und verf\u00fcgen \u00fcber ein elegantes Laubs\u00e4gedesign in Form von Wellen, das ihnen einen raffinierten und zeitlosen Stil verleiht. Er ist in zwei Gr\u00f6\u00dfen erh\u00e4ltlich: 25 mm und 35 mm Durchmesser und passt sich an unterschiedliche Vorlieben und Stile an. Seine Breite von 3 mm bietet eine perfekte Balance zwischen Subtilit\u00e4t und Pr\u00e4senz, ideal f\u00fcr alle, die ein unverwechselbares und dennoch vielseitiges Accessoire suchen.  <\/p>\n","protected":false},"featured_media":31004,"comment_status":"open","ping_status":"closed","template":"","meta":{"_acf_changed":false,"_joinchat":[]},"product_brand":[],"product_cat":[1770],"product_tag":[1928],"class_list":{"0":"post-31148","1":"product","2":"type-product","3":"status-publish","4":"has-post-thumbnail","6":"product_cat-ohrringe-und-ohrringe","7":"product_tag-neue-kollektion","9":"first","10":"instock","11":"shipping-taxable","12":"purchasable","13":"product-type-variable"},"acf":[],"yoast_head":"<!-- This site is optimized with the Yoast SEO plugin v27.2 - https:\/\/yoast.com\/product\/yoast-seo-wordpress\/ -->\n<title>Gedrechselte Creolen mit Design - Yasmin<\/title>\n<meta name=\"description\" content=\"Drechselcreolen im Greca-Design in 925er Silber in Wellen, erh\u00e4ltlich in 25 mm und 35 mm Durchmesser, mit einer Breite von 3 mm. Elegant, zeitlos und vielseitig.\" \/>\n<meta name=\"robots\" content=\"index, follow, max-snippet:-1, max-image-preview:large, max-video-preview:-1\" \/>\n<link rel=\"canonical\" href=\"https:\/\/joyasyasmin.com\/de\/producto\/gedrechselte-creolen-mit-design\/\" \/>\n<meta property=\"og:locale\" content=\"de_DE\" \/>\n<meta property=\"og:title\" content=\"Gedrechselte Creolen mit Design - Yasmin\" \/>\n<meta property=\"og:description\" content=\"Drechselcreolen im Greca-Design in 925er Silber in Wellen, erh\u00e4ltlich in 25 mm und 35 mm Durchmesser, mit einer Breite von 3 mm. Elegant, zeitlos und vielseitig.\" \/>\n<meta property=\"og:url\" content=\"https:\/\/joyasyasmin.com\/de\/producto\/gedrechselte-creolen-mit-design\/\" \/>\n<meta property=\"og:site_name\" content=\"Yasmin\" \/>\n<meta property=\"article:publisher\" content=\"https:\/\/www.facebook.com\/Joyas-Yasmin-217664058934169\/\" \/>\n<meta property=\"og:image\" content=\"https:\/\/joyasyasmin.com\/wp-content\/uploads\/2025\/03\/aro-greca-versace-diseno.jpg\" \/>\n\t<meta property=\"og:image:width\" content=\"1000\" \/>\n\t<meta property=\"og:image:height\" content=\"1000\" \/>\n\t<meta property=\"og:image:type\" content=\"image\/jpeg\" \/>\n<meta name=\"twitter:card\" content=\"summary_large_image\" \/>\n<script type=\"application\/ld+json\" class=\"yoast-schema-graph\">{\"@context\":\"https:\/\/schema.org\",\"@graph\":[{\"@type\":[\"WebPage\",\"ItemPage\"],\"@id\":\"https:\/\/joyasyasmin.com\/de\/producto\/gedrechselte-creolen-mit-design\/\",\"url\":\"https:\/\/joyasyasmin.com\/de\/producto\/gedrechselte-creolen-mit-design\/\",\"name\":\"Gedrechselte Creolen mit Design - Yasmin\",\"isPartOf\":{\"@id\":\"https:\/\/joyasyasmin.com\/de\/#website\"},\"primaryImageOfPage\":{\"@id\":\"https:\/\/joyasyasmin.com\/de\/producto\/gedrechselte-creolen-mit-design\/#primaryimage\"},\"image\":{\"@id\":\"https:\/\/joyasyasmin.com\/de\/producto\/gedrechselte-creolen-mit-design\/#primaryimage\"},\"thumbnailUrl\":\"https:\/\/joyasyasmin.com\/wp-content\/uploads\/2025\/03\/aro-greca-versace-diseno.jpg\",\"datePublished\":\"2025-03-12T15:18:28+00:00\",\"description\":\"Drechselcreolen im Greca-Design in 925er Silber in Wellen, erh\u00e4ltlich in 25 mm und 35 mm Durchmesser, mit einer Breite von 3 mm. Elegant, zeitlos und vielseitig.\",\"breadcrumb\":{\"@id\":\"https:\/\/joyasyasmin.com\/de\/producto\/gedrechselte-creolen-mit-design\/#breadcrumb\"},\"inLanguage\":\"de\",\"potentialAction\":[{\"@type\":\"ReadAction\",\"target\":[\"https:\/\/joyasyasmin.com\/de\/producto\/gedrechselte-creolen-mit-design\/\"]}]},{\"@type\":\"ImageObject\",\"inLanguage\":\"de\",\"@id\":\"https:\/\/joyasyasmin.com\/de\/producto\/gedrechselte-creolen-mit-design\/#primaryimage\",\"url\":\"https:\/\/joyasyasmin.com\/wp-content\/uploads\/2025\/03\/aro-greca-versace-diseno.jpg\",\"contentUrl\":\"https:\/\/joyasyasmin.com\/wp-content\/uploads\/2025\/03\/aro-greca-versace-diseno.jpg\",\"width\":1000,\"height\":1000,\"caption\":\"Verkauf von Versace Greca Hoop Design 925 Sterling Silber\"},{\"@type\":\"BreadcrumbList\",\"@id\":\"https:\/\/joyasyasmin.com\/de\/producto\/gedrechselte-creolen-mit-design\/#breadcrumb\",\"itemListElement\":[{\"@type\":\"ListItem\",\"position\":1,\"name\":\"Portada\",\"item\":\"https:\/\/joyasyasmin.com\/de\/heim\/\"},{\"@type\":\"ListItem\",\"position\":2,\"name\":\"Shop\",\"item\":\"https:\/\/joyasyasmin.com\/de\/shop\/\"},{\"@type\":\"ListItem\",\"position\":3,\"name\":\"Gedrechselte Creolen mit Design\"}]},{\"@type\":\"WebSite\",\"@id\":\"https:\/\/joyasyasmin.com\/de\/#website\",\"url\":\"https:\/\/joyasyasmin.com\/de\/\",\"name\":\"Yasmin\",\"description\":\"Joyer\u00eda de Plata 925 - Pendientes, pulseras, anillos, colgantes y m\u00e1s!\",\"publisher\":{\"@id\":\"https:\/\/joyasyasmin.com\/de\/#organization\"},\"potentialAction\":[{\"@type\":\"SearchAction\",\"target\":{\"@type\":\"EntryPoint\",\"urlTemplate\":\"https:\/\/joyasyasmin.com\/de\/?s={search_term_string}\"},\"query-input\":{\"@type\":\"PropertyValueSpecification\",\"valueRequired\":true,\"valueName\":\"search_term_string\"}}],\"inLanguage\":\"de\"},{\"@type\":\"Organization\",\"@id\":\"https:\/\/joyasyasmin.com\/de\/#organization\",\"name\":\"joyas yasmin\",\"url\":\"https:\/\/joyasyasmin.com\/de\/\",\"logo\":{\"@type\":\"ImageObject\",\"inLanguage\":\"de\",\"@id\":\"https:\/\/joyasyasmin.com\/de\/#\/schema\/logo\/image\/\",\"url\":\"https:\/\/joyasyasmin.com\/wp-content\/uploads\/2017\/06\/IMG-20200429-WA0051.jpg\",\"contentUrl\":\"https:\/\/joyasyasmin.com\/wp-content\/uploads\/2017\/06\/IMG-20200429-WA0051.jpg\",\"width\":1080,\"height\":545,\"caption\":\"joyas yasmin\"},\"image\":{\"@id\":\"https:\/\/joyasyasmin.com\/de\/#\/schema\/logo\/image\/\"},\"sameAs\":[\"https:\/\/www.facebook.com\/Joyas-Yasmin-217664058934169\/\",\"https:\/\/www.instagram.com\/invites\/contact\/\"]}]}<\/script>\n<!-- \/ Yoast SEO plugin. -->","yoast_head_json":{"title":"Gedrechselte Creolen mit Design - Yasmin","description":"Drechselcreolen im Greca-Design in 925er Silber in Wellen, erh\u00e4ltlich in 25 mm und 35 mm Durchmesser, mit einer Breite von 3 mm. Elegant, zeitlos und vielseitig.","robots":{"index":"index","follow":"follow","max-snippet":"max-snippet:-1","max-image-preview":"max-image-preview:large","max-video-preview":"max-video-preview:-1"},"canonical":"https:\/\/joyasyasmin.com\/de\/producto\/gedrechselte-creolen-mit-design\/","og_locale":"de_DE","og_title":"Gedrechselte Creolen mit Design - Yasmin","og_description":"Drechselcreolen im Greca-Design in 925er Silber in Wellen, erh\u00e4ltlich in 25 mm und 35 mm Durchmesser, mit einer Breite von 3 mm. Elegant, zeitlos und vielseitig.","og_url":"https:\/\/joyasyasmin.com\/de\/producto\/gedrechselte-creolen-mit-design\/","og_site_name":"Yasmin","article_publisher":"https:\/\/www.facebook.com\/Joyas-Yasmin-217664058934169\/","og_image":[{"width":1000,"height":1000,"url":"https:\/\/joyasyasmin.com\/wp-content\/uploads\/2025\/03\/aro-greca-versace-diseno.jpg","type":"image\/jpeg"}],"twitter_card":"summary_large_image","schema":{"@context":"https:\/\/schema.org","@graph":[{"@type":["WebPage","ItemPage"],"@id":"https:\/\/joyasyasmin.com\/de\/producto\/gedrechselte-creolen-mit-design\/","url":"https:\/\/joyasyasmin.com\/de\/producto\/gedrechselte-creolen-mit-design\/","name":"Gedrechselte Creolen mit Design - Yasmin","isPartOf":{"@id":"https:\/\/joyasyasmin.com\/de\/#website"},"primaryImageOfPage":{"@id":"https:\/\/joyasyasmin.com\/de\/producto\/gedrechselte-creolen-mit-design\/#primaryimage"},"image":{"@id":"https:\/\/joyasyasmin.com\/de\/producto\/gedrechselte-creolen-mit-design\/#primaryimage"},"thumbnailUrl":"https:\/\/joyasyasmin.com\/wp-content\/uploads\/2025\/03\/aro-greca-versace-diseno.jpg","datePublished":"2025-03-12T15:18:28+00:00","description":"Drechselcreolen im Greca-Design in 925er Silber in Wellen, erh\u00e4ltlich in 25 mm und 35 mm Durchmesser, mit einer Breite von 3 mm. Elegant, zeitlos und vielseitig.","breadcrumb":{"@id":"https:\/\/joyasyasmin.com\/de\/producto\/gedrechselte-creolen-mit-design\/#breadcrumb"},"inLanguage":"de","potentialAction":[{"@type":"ReadAction","target":["https:\/\/joyasyasmin.com\/de\/producto\/gedrechselte-creolen-mit-design\/"]}]},{"@type":"ImageObject","inLanguage":"de","@id":"https:\/\/joyasyasmin.com\/de\/producto\/gedrechselte-creolen-mit-design\/#primaryimage","url":"https:\/\/joyasyasmin.com\/wp-content\/uploads\/2025\/03\/aro-greca-versace-diseno.jpg","contentUrl":"https:\/\/joyasyasmin.com\/wp-content\/uploads\/2025\/03\/aro-greca-versace-diseno.jpg","width":1000,"height":1000,"caption":"Verkauf von Versace Greca Hoop Design 925 Sterling Silber"},{"@type":"BreadcrumbList","@id":"https:\/\/joyasyasmin.com\/de\/producto\/gedrechselte-creolen-mit-design\/#breadcrumb","itemListElement":[{"@type":"ListItem","position":1,"name":"Portada","item":"https:\/\/joyasyasmin.com\/de\/heim\/"},{"@type":"ListItem","position":2,"name":"Shop","item":"https:\/\/joyasyasmin.com\/de\/shop\/"},{"@type":"ListItem","position":3,"name":"Gedrechselte Creolen mit Design"}]},{"@type":"WebSite","@id":"https:\/\/joyasyasmin.com\/de\/#website","url":"https:\/\/joyasyasmin.com\/de\/","name":"Yasmin","description":"Joyer\u00eda de Plata 925 - Pendientes, pulseras, anillos, colgantes y m\u00e1s!","publisher":{"@id":"https:\/\/joyasyasmin.com\/de\/#organization"},"potentialAction":[{"@type":"SearchAction","target":{"@type":"EntryPoint","urlTemplate":"https:\/\/joyasyasmin.com\/de\/?s={search_term_string}"},"query-input":{"@type":"PropertyValueSpecification","valueRequired":true,"valueName":"search_term_string"}}],"inLanguage":"de"},{"@type":"Organization","@id":"https:\/\/joyasyasmin.com\/de\/#organization","name":"joyas yasmin","url":"https:\/\/joyasyasmin.com\/de\/","logo":{"@type":"ImageObject","inLanguage":"de","@id":"https:\/\/joyasyasmin.com\/de\/#\/schema\/logo\/image\/","url":"https:\/\/joyasyasmin.com\/wp-content\/uploads\/2017\/06\/IMG-20200429-WA0051.jpg","contentUrl":"https:\/\/joyasyasmin.com\/wp-content\/uploads\/2017\/06\/IMG-20200429-WA0051.jpg","width":1080,"height":545,"caption":"joyas yasmin"},"image":{"@id":"https:\/\/joyasyasmin.com\/de\/#\/schema\/logo\/image\/"},"sameAs":["https:\/\/www.facebook.com\/Joyas-Yasmin-217664058934169\/","https:\/\/www.instagram.com\/invites\/contact\/"]}]}},"_links":{"self":[{"href":"https:\/\/joyasyasmin.com\/de\/wp-json\/wp\/v2\/product\/31148","targetHints":{"allow":["GET"]}}],"collection":[{"href":"https:\/\/joyasyasmin.com\/de\/wp-json\/wp\/v2\/product"}],"about":[{"href":"https:\/\/joyasyasmin.com\/de\/wp-json\/wp\/v2\/types\/product"}],"replies":[{"embeddable":true,"href":"https:\/\/joyasyasmin.com\/de\/wp-json\/wp\/v2\/comments?post=31148"}],"version-history":[{"count":0,"href":"https:\/\/joyasyasmin.com\/de\/wp-json\/wp\/v2\/product\/31148\/revisions"}],"wp:featuredmedia":[{"embeddable":true,"href":"https:\/\/joyasyasmin.com\/de\/wp-json\/wp\/v2\/media\/31004"}],"wp:attachment":[{"href":"https:\/\/joyasyasmin.com\/de\/wp-json\/wp\/v2\/media?parent=31148"}],"wp:term":[{"taxonomy":"product_brand","embeddable":true,"href":"https:\/\/joyasyasmin.com\/de\/wp-json\/wp\/v2\/product_brand?post=31148"},{"taxonomy":"product_cat","embeddable":true,"href":"https:\/\/joyasyasmin.com\/de\/wp-json\/wp\/v2\/product_cat?post=31148"},{"taxonomy":"product_tag","embeddable":true,"href":"https:\/\/joyasyasmin.com\/de\/wp-json\/wp\/v2\/product_tag?post=31148"}],"curies":[{"name":"wp","href":"https:\/\/api.w.org\/{rel}","templated":true}]}}