{"id":32350,"date":"2025-03-26T12:33:38","date_gmt":"2025-03-26T12:33:38","guid":{"rendered":"https:\/\/joyasyasmin.com\/producto\/doppelter-schutzanhaenger-vor-dem-boesen\/"},"modified":"2025-11-10T11:28:44","modified_gmt":"2025-11-10T11:28:44","slug":"doppelter-schutzanhaenger-vor-dem-boesen","status":"publish","type":"product","link":"https:\/\/joyasyasmin.com\/de\/producto\/doppelter-schutzanhaenger-vor-dem-boesen\/","title":{"rendered":"Doppelter Schutzanh\u00e4nger vor dem B\u00f6sen"},"content":{"rendered":"","protected":false},"excerpt":{"rendered":"<p>Entdecken Sie energetischen und spirituellen Schutz mit diesem Doppelanh\u00e4nger, der das Tetragrammaton und den Hexenknoten vereint, Symbole des Gleichgewichts und des Schutzes der Ahnen. Ein einzigartiges Design aus 925er Silber, das Eleganz und Kraft vereint. Ideal f\u00fcr diejenigen, die Harmonie und Verbundenheit suchen.  <\/p>\n","protected":false},"featured_media":31267,"comment_status":"open","ping_status":"closed","template":"","meta":{"_acf_changed":false,"_joinchat":[]},"product_brand":[],"product_cat":[1874],"product_tag":[],"class_list":{"0":"post-32350","1":"product","2":"type-product","3":"status-publish","4":"has-post-thumbnail","6":"product_cat-anhanger","8":"first","9":"instock","10":"shipping-taxable","11":"purchasable","12":"product-type-variable"},"acf":[],"yoast_head":"<!-- This site is optimized with the Yoast SEO plugin v27.2 - https:\/\/yoast.com\/product\/yoast-seo-wordpress\/ -->\n<title>Doppelter Schutzanh\u00e4nger vor dem B\u00f6sen - Yasmin<\/title>\n<meta name=\"description\" content=\"Doppelter Schutz vor b\u00f6sem Anh\u00e4nger, Tetragrammaton und Hexenknoten aus 925er Silber. Amulett des spirituellen Schutzes und der positiven Energie. Kaufen Sie jetzt Ihre!\" \/>\n<meta name=\"robots\" content=\"index, follow, max-snippet:-1, max-image-preview:large, max-video-preview:-1\" \/>\n<link rel=\"canonical\" href=\"https:\/\/joyasyasmin.com\/de\/producto\/doppelter-schutzanhaenger-vor-dem-boesen\/\" \/>\n<meta property=\"og:locale\" content=\"de_DE\" \/>\n<meta property=\"og:title\" content=\"Doppelter Schutzanh\u00e4nger vor dem B\u00f6sen - Yasmin\" \/>\n<meta property=\"og:description\" content=\"Doppelter Schutz vor b\u00f6sem Anh\u00e4nger, Tetragrammaton und Hexenknoten aus 925er Silber. Amulett des spirituellen Schutzes und der positiven Energie. Kaufen Sie jetzt Ihre!\" \/>\n<meta property=\"og:url\" content=\"https:\/\/joyasyasmin.com\/de\/producto\/doppelter-schutzanhaenger-vor-dem-boesen\/\" \/>\n<meta property=\"og:site_name\" content=\"Yasmin\" \/>\n<meta property=\"article:publisher\" content=\"https:\/\/www.facebook.com\/Joyas-Yasmin-217664058934169\/\" \/>\n<meta property=\"article:modified_time\" content=\"2025-11-10T11:28:44+00:00\" \/>\n<meta property=\"og:image\" content=\"https:\/\/joyasyasmin.com\/wp-content\/uploads\/2025\/03\/doble-proteccion.jpg\" \/>\n\t<meta property=\"og:image:width\" content=\"1000\" \/>\n\t<meta property=\"og:image:height\" content=\"1000\" \/>\n\t<meta property=\"og:image:type\" content=\"image\/jpeg\" \/>\n<meta name=\"twitter:card\" content=\"summary_large_image\" \/>\n<script type=\"application\/ld+json\" class=\"yoast-schema-graph\">{\"@context\":\"https:\/\/schema.org\",\"@graph\":[{\"@type\":[\"WebPage\",\"ItemPage\"],\"@id\":\"https:\/\/joyasyasmin.com\/de\/producto\/doppelter-schutzanhaenger-vor-dem-boesen\/\",\"url\":\"https:\/\/joyasyasmin.com\/de\/producto\/doppelter-schutzanhaenger-vor-dem-boesen\/\",\"name\":\"Doppelter Schutzanh\u00e4nger vor dem B\u00f6sen - Yasmin\",\"isPartOf\":{\"@id\":\"https:\/\/joyasyasmin.com\/de\/#website\"},\"primaryImageOfPage\":{\"@id\":\"https:\/\/joyasyasmin.com\/de\/producto\/doppelter-schutzanhaenger-vor-dem-boesen\/#primaryimage\"},\"image\":{\"@id\":\"https:\/\/joyasyasmin.com\/de\/producto\/doppelter-schutzanhaenger-vor-dem-boesen\/#primaryimage\"},\"thumbnailUrl\":\"https:\/\/joyasyasmin.com\/wp-content\/uploads\/2025\/03\/doble-proteccion.jpg\",\"datePublished\":\"2025-03-26T12:33:38+00:00\",\"dateModified\":\"2025-11-10T11:28:44+00:00\",\"description\":\"Doppelter Schutz vor b\u00f6sem Anh\u00e4nger, Tetragrammaton und Hexenknoten aus 925er Silber. Amulett des spirituellen Schutzes und der positiven Energie. Kaufen Sie jetzt Ihre!\",\"breadcrumb\":{\"@id\":\"https:\/\/joyasyasmin.com\/de\/producto\/doppelter-schutzanhaenger-vor-dem-boesen\/#breadcrumb\"},\"inLanguage\":\"de\",\"potentialAction\":[{\"@type\":\"ReadAction\",\"target\":[\"https:\/\/joyasyasmin.com\/de\/producto\/doppelter-schutzanhaenger-vor-dem-boesen\/\"]}]},{\"@type\":\"ImageObject\",\"inLanguage\":\"de\",\"@id\":\"https:\/\/joyasyasmin.com\/de\/producto\/doppelter-schutzanhaenger-vor-dem-boesen\/#primaryimage\",\"url\":\"https:\/\/joyasyasmin.com\/wp-content\/uploads\/2025\/03\/doble-proteccion.jpg\",\"contentUrl\":\"https:\/\/joyasyasmin.com\/wp-content\/uploads\/2025\/03\/doble-proteccion.jpg\",\"width\":1000,\"height\":1000,\"caption\":\"925 Sterling Silber Doppelter Schutz B\u00f6ser Anh\u00e4nger zum Verkauf\"},{\"@type\":\"BreadcrumbList\",\"@id\":\"https:\/\/joyasyasmin.com\/de\/producto\/doppelter-schutzanhaenger-vor-dem-boesen\/#breadcrumb\",\"itemListElement\":[{\"@type\":\"ListItem\",\"position\":1,\"name\":\"Portada\",\"item\":\"https:\/\/joyasyasmin.com\/de\/heim\/\"},{\"@type\":\"ListItem\",\"position\":2,\"name\":\"Shop\",\"item\":\"https:\/\/joyasyasmin.com\/de\/shop\/\"},{\"@type\":\"ListItem\",\"position\":3,\"name\":\"Doppelter Schutzanh\u00e4nger vor dem B\u00f6sen\"}]},{\"@type\":\"WebSite\",\"@id\":\"https:\/\/joyasyasmin.com\/de\/#website\",\"url\":\"https:\/\/joyasyasmin.com\/de\/\",\"name\":\"Yasmin\",\"description\":\"Joyer\u00eda de Plata 925 - Pendientes, pulseras, anillos, colgantes y m\u00e1s!\",\"publisher\":{\"@id\":\"https:\/\/joyasyasmin.com\/de\/#organization\"},\"potentialAction\":[{\"@type\":\"SearchAction\",\"target\":{\"@type\":\"EntryPoint\",\"urlTemplate\":\"https:\/\/joyasyasmin.com\/de\/?s={search_term_string}\"},\"query-input\":{\"@type\":\"PropertyValueSpecification\",\"valueRequired\":true,\"valueName\":\"search_term_string\"}}],\"inLanguage\":\"de\"},{\"@type\":\"Organization\",\"@id\":\"https:\/\/joyasyasmin.com\/de\/#organization\",\"name\":\"joyas yasmin\",\"url\":\"https:\/\/joyasyasmin.com\/de\/\",\"logo\":{\"@type\":\"ImageObject\",\"inLanguage\":\"de\",\"@id\":\"https:\/\/joyasyasmin.com\/de\/#\/schema\/logo\/image\/\",\"url\":\"https:\/\/joyasyasmin.com\/wp-content\/uploads\/2017\/06\/IMG-20200429-WA0051.jpg\",\"contentUrl\":\"https:\/\/joyasyasmin.com\/wp-content\/uploads\/2017\/06\/IMG-20200429-WA0051.jpg\",\"width\":1080,\"height\":545,\"caption\":\"joyas yasmin\"},\"image\":{\"@id\":\"https:\/\/joyasyasmin.com\/de\/#\/schema\/logo\/image\/\"},\"sameAs\":[\"https:\/\/www.facebook.com\/Joyas-Yasmin-217664058934169\/\",\"https:\/\/www.instagram.com\/invites\/contact\/\"]}]}<\/script>\n<!-- \/ Yoast SEO plugin. -->","yoast_head_json":{"title":"Doppelter Schutzanh\u00e4nger vor dem B\u00f6sen - Yasmin","description":"Doppelter Schutz vor b\u00f6sem Anh\u00e4nger, Tetragrammaton und Hexenknoten aus 925er Silber. Amulett des spirituellen Schutzes und der positiven Energie. Kaufen Sie jetzt Ihre!","robots":{"index":"index","follow":"follow","max-snippet":"max-snippet:-1","max-image-preview":"max-image-preview:large","max-video-preview":"max-video-preview:-1"},"canonical":"https:\/\/joyasyasmin.com\/de\/producto\/doppelter-schutzanhaenger-vor-dem-boesen\/","og_locale":"de_DE","og_title":"Doppelter Schutzanh\u00e4nger vor dem B\u00f6sen - Yasmin","og_description":"Doppelter Schutz vor b\u00f6sem Anh\u00e4nger, Tetragrammaton und Hexenknoten aus 925er Silber. Amulett des spirituellen Schutzes und der positiven Energie. Kaufen Sie jetzt Ihre!","og_url":"https:\/\/joyasyasmin.com\/de\/producto\/doppelter-schutzanhaenger-vor-dem-boesen\/","og_site_name":"Yasmin","article_publisher":"https:\/\/www.facebook.com\/Joyas-Yasmin-217664058934169\/","article_modified_time":"2025-11-10T11:28:44+00:00","og_image":[{"width":1000,"height":1000,"url":"https:\/\/joyasyasmin.com\/wp-content\/uploads\/2025\/03\/doble-proteccion.jpg","type":"image\/jpeg"}],"twitter_card":"summary_large_image","schema":{"@context":"https:\/\/schema.org","@graph":[{"@type":["WebPage","ItemPage"],"@id":"https:\/\/joyasyasmin.com\/de\/producto\/doppelter-schutzanhaenger-vor-dem-boesen\/","url":"https:\/\/joyasyasmin.com\/de\/producto\/doppelter-schutzanhaenger-vor-dem-boesen\/","name":"Doppelter Schutzanh\u00e4nger vor dem B\u00f6sen - Yasmin","isPartOf":{"@id":"https:\/\/joyasyasmin.com\/de\/#website"},"primaryImageOfPage":{"@id":"https:\/\/joyasyasmin.com\/de\/producto\/doppelter-schutzanhaenger-vor-dem-boesen\/#primaryimage"},"image":{"@id":"https:\/\/joyasyasmin.com\/de\/producto\/doppelter-schutzanhaenger-vor-dem-boesen\/#primaryimage"},"thumbnailUrl":"https:\/\/joyasyasmin.com\/wp-content\/uploads\/2025\/03\/doble-proteccion.jpg","datePublished":"2025-03-26T12:33:38+00:00","dateModified":"2025-11-10T11:28:44+00:00","description":"Doppelter Schutz vor b\u00f6sem Anh\u00e4nger, Tetragrammaton und Hexenknoten aus 925er Silber. Amulett des spirituellen Schutzes und der positiven Energie. Kaufen Sie jetzt Ihre!","breadcrumb":{"@id":"https:\/\/joyasyasmin.com\/de\/producto\/doppelter-schutzanhaenger-vor-dem-boesen\/#breadcrumb"},"inLanguage":"de","potentialAction":[{"@type":"ReadAction","target":["https:\/\/joyasyasmin.com\/de\/producto\/doppelter-schutzanhaenger-vor-dem-boesen\/"]}]},{"@type":"ImageObject","inLanguage":"de","@id":"https:\/\/joyasyasmin.com\/de\/producto\/doppelter-schutzanhaenger-vor-dem-boesen\/#primaryimage","url":"https:\/\/joyasyasmin.com\/wp-content\/uploads\/2025\/03\/doble-proteccion.jpg","contentUrl":"https:\/\/joyasyasmin.com\/wp-content\/uploads\/2025\/03\/doble-proteccion.jpg","width":1000,"height":1000,"caption":"925 Sterling Silber Doppelter Schutz B\u00f6ser Anh\u00e4nger zum Verkauf"},{"@type":"BreadcrumbList","@id":"https:\/\/joyasyasmin.com\/de\/producto\/doppelter-schutzanhaenger-vor-dem-boesen\/#breadcrumb","itemListElement":[{"@type":"ListItem","position":1,"name":"Portada","item":"https:\/\/joyasyasmin.com\/de\/heim\/"},{"@type":"ListItem","position":2,"name":"Shop","item":"https:\/\/joyasyasmin.com\/de\/shop\/"},{"@type":"ListItem","position":3,"name":"Doppelter Schutzanh\u00e4nger vor dem B\u00f6sen"}]},{"@type":"WebSite","@id":"https:\/\/joyasyasmin.com\/de\/#website","url":"https:\/\/joyasyasmin.com\/de\/","name":"Yasmin","description":"Joyer\u00eda de Plata 925 - Pendientes, pulseras, anillos, colgantes y m\u00e1s!","publisher":{"@id":"https:\/\/joyasyasmin.com\/de\/#organization"},"potentialAction":[{"@type":"SearchAction","target":{"@type":"EntryPoint","urlTemplate":"https:\/\/joyasyasmin.com\/de\/?s={search_term_string}"},"query-input":{"@type":"PropertyValueSpecification","valueRequired":true,"valueName":"search_term_string"}}],"inLanguage":"de"},{"@type":"Organization","@id":"https:\/\/joyasyasmin.com\/de\/#organization","name":"joyas yasmin","url":"https:\/\/joyasyasmin.com\/de\/","logo":{"@type":"ImageObject","inLanguage":"de","@id":"https:\/\/joyasyasmin.com\/de\/#\/schema\/logo\/image\/","url":"https:\/\/joyasyasmin.com\/wp-content\/uploads\/2017\/06\/IMG-20200429-WA0051.jpg","contentUrl":"https:\/\/joyasyasmin.com\/wp-content\/uploads\/2017\/06\/IMG-20200429-WA0051.jpg","width":1080,"height":545,"caption":"joyas yasmin"},"image":{"@id":"https:\/\/joyasyasmin.com\/de\/#\/schema\/logo\/image\/"},"sameAs":["https:\/\/www.facebook.com\/Joyas-Yasmin-217664058934169\/","https:\/\/www.instagram.com\/invites\/contact\/"]}]}},"_links":{"self":[{"href":"https:\/\/joyasyasmin.com\/de\/wp-json\/wp\/v2\/product\/32350","targetHints":{"allow":["GET"]}}],"collection":[{"href":"https:\/\/joyasyasmin.com\/de\/wp-json\/wp\/v2\/product"}],"about":[{"href":"https:\/\/joyasyasmin.com\/de\/wp-json\/wp\/v2\/types\/product"}],"replies":[{"embeddable":true,"href":"https:\/\/joyasyasmin.com\/de\/wp-json\/wp\/v2\/comments?post=32350"}],"version-history":[{"count":1,"href":"https:\/\/joyasyasmin.com\/de\/wp-json\/wp\/v2\/product\/32350\/revisions"}],"predecessor-version":[{"id":35719,"href":"https:\/\/joyasyasmin.com\/de\/wp-json\/wp\/v2\/product\/32350\/revisions\/35719"}],"wp:featuredmedia":[{"embeddable":true,"href":"https:\/\/joyasyasmin.com\/de\/wp-json\/wp\/v2\/media\/31267"}],"wp:attachment":[{"href":"https:\/\/joyasyasmin.com\/de\/wp-json\/wp\/v2\/media?parent=32350"}],"wp:term":[{"taxonomy":"product_brand","embeddable":true,"href":"https:\/\/joyasyasmin.com\/de\/wp-json\/wp\/v2\/product_brand?post=32350"},{"taxonomy":"product_cat","embeddable":true,"href":"https:\/\/joyasyasmin.com\/de\/wp-json\/wp\/v2\/product_cat?post=32350"},{"taxonomy":"product_tag","embeddable":true,"href":"https:\/\/joyasyasmin.com\/de\/wp-json\/wp\/v2\/product_tag?post=32350"}],"curies":[{"name":"wp","href":"https:\/\/api.w.org\/{rel}","templated":true}]}}