{"id":32376,"date":"2025-04-12T19:52:38","date_gmt":"2025-04-12T19:52:38","guid":{"rendered":"https:\/\/joyasyasmin.com\/producto\/argentea-creolen\/"},"modified":"2025-04-12T19:52:38","modified_gmt":"2025-04-12T19:52:38","slug":"argentea-creolen","status":"publish","type":"product","link":"https:\/\/joyasyasmin.com\/de\/producto\/argentea-creolen\/","title":{"rendered":"Argentea Creolen"},"content":{"rendered":"","protected":false},"excerpt":{"rendered":"<p>Der Argentea Hoop aus 925er Silber verf\u00fcgt \u00fcber ein gedrechseltes Design, das mit Zirkonen verziert ist, die f\u00fcr einen dezenten und eleganten Glanz sorgen. In der Mitte sticht eine zarte Perlmuschel hervor, die einen klassischen und raffinierten Touch verleiht. Mit einer Gr\u00f6\u00dfe von 23 mm ist es ein auff\u00e4lliges und dennoch bequemes St\u00fcck, das sich sowohl f\u00fcr den Alltag als auch f\u00fcr besondere Anl\u00e4sse eignet. Sein Schnappverschluss sorgt f\u00fcr eine einfache Platzierung und sicheren Halt.   <\/p>\n","protected":false},"featured_media":31602,"comment_status":"open","ping_status":"closed","template":"","meta":{"_acf_changed":false,"_joinchat":[]},"product_brand":[],"product_cat":[1770],"product_tag":[],"class_list":{"0":"post-32376","1":"product","2":"type-product","3":"status-publish","4":"has-post-thumbnail","6":"product_cat-ohrringe-und-ohrringe","8":"first","9":"instock","10":"shipping-taxable","11":"purchasable","12":"product-type-simple"},"acf":[],"yoast_head":"<!-- This site is optimized with the Yoast SEO plugin v27.2 - https:\/\/yoast.com\/product\/yoast-seo-wordpress\/ -->\n<title>Argentea Creolen - Yasmin<\/title>\n<meta name=\"description\" content=\"Argentea Creolen aus 925er Silber, mit gedrechseltem Design, gl\u00e4nzendem Zirkonia und zentraler Perlmuschel. Gr\u00f6\u00dfe 23 mm, Druckknopfverschluss. Ideal f\u00fcr Ihren Lieblingstag.\" \/>\n<meta name=\"robots\" content=\"index, follow, max-snippet:-1, max-image-preview:large, max-video-preview:-1\" \/>\n<link rel=\"canonical\" href=\"https:\/\/joyasyasmin.com\/de\/producto\/argentea-creolen\/\" \/>\n<meta property=\"og:locale\" content=\"de_DE\" \/>\n<meta property=\"og:title\" content=\"Argentea Creolen - Yasmin\" \/>\n<meta property=\"og:description\" content=\"Argentea Creolen aus 925er Silber, mit gedrechseltem Design, gl\u00e4nzendem Zirkonia und zentraler Perlmuschel. Gr\u00f6\u00dfe 23 mm, Druckknopfverschluss. Ideal f\u00fcr Ihren Lieblingstag.\" \/>\n<meta property=\"og:url\" content=\"https:\/\/joyasyasmin.com\/de\/producto\/argentea-creolen\/\" \/>\n<meta property=\"og:site_name\" content=\"Yasmin\" \/>\n<meta property=\"article:publisher\" content=\"https:\/\/www.facebook.com\/Joyas-Yasmin-217664058934169\/\" \/>\n<meta property=\"og:image\" content=\"https:\/\/joyasyasmin.com\/wp-content\/uploads\/2025\/04\/Aros-Argentea.jpg\" \/>\n\t<meta property=\"og:image:width\" content=\"1000\" \/>\n\t<meta property=\"og:image:height\" content=\"1000\" \/>\n\t<meta property=\"og:image:type\" content=\"image\/jpeg\" \/>\n<meta name=\"twitter:card\" content=\"summary_large_image\" \/>\n<script type=\"application\/ld+json\" class=\"yoast-schema-graph\">{\"@context\":\"https:\/\/schema.org\",\"@graph\":[{\"@type\":[\"WebPage\",\"ItemPage\"],\"@id\":\"https:\/\/joyasyasmin.com\/de\/producto\/argentea-creolen\/\",\"url\":\"https:\/\/joyasyasmin.com\/de\/producto\/argentea-creolen\/\",\"name\":\"Argentea Creolen - Yasmin\",\"isPartOf\":{\"@id\":\"https:\/\/joyasyasmin.com\/de\/#website\"},\"primaryImageOfPage\":{\"@id\":\"https:\/\/joyasyasmin.com\/de\/producto\/argentea-creolen\/#primaryimage\"},\"image\":{\"@id\":\"https:\/\/joyasyasmin.com\/de\/producto\/argentea-creolen\/#primaryimage\"},\"thumbnailUrl\":\"https:\/\/joyasyasmin.com\/wp-content\/uploads\/2025\/04\/Aros-Argentea.jpg\",\"datePublished\":\"2025-04-12T19:52:38+00:00\",\"description\":\"Argentea Creolen aus 925er Silber, mit gedrechseltem Design, gl\u00e4nzendem Zirkonia und zentraler Perlmuschel. Gr\u00f6\u00dfe 23 mm, Druckknopfverschluss. Ideal f\u00fcr Ihren Lieblingstag.\",\"breadcrumb\":{\"@id\":\"https:\/\/joyasyasmin.com\/de\/producto\/argentea-creolen\/#breadcrumb\"},\"inLanguage\":\"de\",\"potentialAction\":[{\"@type\":\"ReadAction\",\"target\":[\"https:\/\/joyasyasmin.com\/de\/producto\/argentea-creolen\/\"]}]},{\"@type\":\"ImageObject\",\"inLanguage\":\"de\",\"@id\":\"https:\/\/joyasyasmin.com\/de\/producto\/argentea-creolen\/#primaryimage\",\"url\":\"https:\/\/joyasyasmin.com\/wp-content\/uploads\/2025\/04\/Aros-Argentea.jpg\",\"contentUrl\":\"https:\/\/joyasyasmin.com\/wp-content\/uploads\/2025\/04\/Aros-Argentea.jpg\",\"width\":1000,\"height\":1000,\"caption\":\"Verkauf von 925 Sterling Silber Silber Ringring mit Perle\"},{\"@type\":\"BreadcrumbList\",\"@id\":\"https:\/\/joyasyasmin.com\/de\/producto\/argentea-creolen\/#breadcrumb\",\"itemListElement\":[{\"@type\":\"ListItem\",\"position\":1,\"name\":\"Portada\",\"item\":\"https:\/\/joyasyasmin.com\/de\/heim\/\"},{\"@type\":\"ListItem\",\"position\":2,\"name\":\"Shop\",\"item\":\"https:\/\/joyasyasmin.com\/de\/shop\/\"},{\"@type\":\"ListItem\",\"position\":3,\"name\":\"Argentea Creolen\"}]},{\"@type\":\"WebSite\",\"@id\":\"https:\/\/joyasyasmin.com\/de\/#website\",\"url\":\"https:\/\/joyasyasmin.com\/de\/\",\"name\":\"Yasmin\",\"description\":\"Joyer\u00eda de Plata 925 - Pendientes, pulseras, anillos, colgantes y m\u00e1s!\",\"publisher\":{\"@id\":\"https:\/\/joyasyasmin.com\/de\/#organization\"},\"potentialAction\":[{\"@type\":\"SearchAction\",\"target\":{\"@type\":\"EntryPoint\",\"urlTemplate\":\"https:\/\/joyasyasmin.com\/de\/?s={search_term_string}\"},\"query-input\":{\"@type\":\"PropertyValueSpecification\",\"valueRequired\":true,\"valueName\":\"search_term_string\"}}],\"inLanguage\":\"de\"},{\"@type\":\"Organization\",\"@id\":\"https:\/\/joyasyasmin.com\/de\/#organization\",\"name\":\"joyas yasmin\",\"url\":\"https:\/\/joyasyasmin.com\/de\/\",\"logo\":{\"@type\":\"ImageObject\",\"inLanguage\":\"de\",\"@id\":\"https:\/\/joyasyasmin.com\/de\/#\/schema\/logo\/image\/\",\"url\":\"https:\/\/joyasyasmin.com\/wp-content\/uploads\/2017\/06\/IMG-20200429-WA0051.jpg\",\"contentUrl\":\"https:\/\/joyasyasmin.com\/wp-content\/uploads\/2017\/06\/IMG-20200429-WA0051.jpg\",\"width\":1080,\"height\":545,\"caption\":\"joyas yasmin\"},\"image\":{\"@id\":\"https:\/\/joyasyasmin.com\/de\/#\/schema\/logo\/image\/\"},\"sameAs\":[\"https:\/\/www.facebook.com\/Joyas-Yasmin-217664058934169\/\",\"https:\/\/www.instagram.com\/invites\/contact\/\"]}]}<\/script>\n<!-- \/ Yoast SEO plugin. -->","yoast_head_json":{"title":"Argentea Creolen - Yasmin","description":"Argentea Creolen aus 925er Silber, mit gedrechseltem Design, gl\u00e4nzendem Zirkonia und zentraler Perlmuschel. Gr\u00f6\u00dfe 23 mm, Druckknopfverschluss. Ideal f\u00fcr Ihren Lieblingstag.","robots":{"index":"index","follow":"follow","max-snippet":"max-snippet:-1","max-image-preview":"max-image-preview:large","max-video-preview":"max-video-preview:-1"},"canonical":"https:\/\/joyasyasmin.com\/de\/producto\/argentea-creolen\/","og_locale":"de_DE","og_title":"Argentea Creolen - Yasmin","og_description":"Argentea Creolen aus 925er Silber, mit gedrechseltem Design, gl\u00e4nzendem Zirkonia und zentraler Perlmuschel. Gr\u00f6\u00dfe 23 mm, Druckknopfverschluss. Ideal f\u00fcr Ihren Lieblingstag.","og_url":"https:\/\/joyasyasmin.com\/de\/producto\/argentea-creolen\/","og_site_name":"Yasmin","article_publisher":"https:\/\/www.facebook.com\/Joyas-Yasmin-217664058934169\/","og_image":[{"width":1000,"height":1000,"url":"https:\/\/joyasyasmin.com\/wp-content\/uploads\/2025\/04\/Aros-Argentea.jpg","type":"image\/jpeg"}],"twitter_card":"summary_large_image","schema":{"@context":"https:\/\/schema.org","@graph":[{"@type":["WebPage","ItemPage"],"@id":"https:\/\/joyasyasmin.com\/de\/producto\/argentea-creolen\/","url":"https:\/\/joyasyasmin.com\/de\/producto\/argentea-creolen\/","name":"Argentea Creolen - Yasmin","isPartOf":{"@id":"https:\/\/joyasyasmin.com\/de\/#website"},"primaryImageOfPage":{"@id":"https:\/\/joyasyasmin.com\/de\/producto\/argentea-creolen\/#primaryimage"},"image":{"@id":"https:\/\/joyasyasmin.com\/de\/producto\/argentea-creolen\/#primaryimage"},"thumbnailUrl":"https:\/\/joyasyasmin.com\/wp-content\/uploads\/2025\/04\/Aros-Argentea.jpg","datePublished":"2025-04-12T19:52:38+00:00","description":"Argentea Creolen aus 925er Silber, mit gedrechseltem Design, gl\u00e4nzendem Zirkonia und zentraler Perlmuschel. Gr\u00f6\u00dfe 23 mm, Druckknopfverschluss. Ideal f\u00fcr Ihren Lieblingstag.","breadcrumb":{"@id":"https:\/\/joyasyasmin.com\/de\/producto\/argentea-creolen\/#breadcrumb"},"inLanguage":"de","potentialAction":[{"@type":"ReadAction","target":["https:\/\/joyasyasmin.com\/de\/producto\/argentea-creolen\/"]}]},{"@type":"ImageObject","inLanguage":"de","@id":"https:\/\/joyasyasmin.com\/de\/producto\/argentea-creolen\/#primaryimage","url":"https:\/\/joyasyasmin.com\/wp-content\/uploads\/2025\/04\/Aros-Argentea.jpg","contentUrl":"https:\/\/joyasyasmin.com\/wp-content\/uploads\/2025\/04\/Aros-Argentea.jpg","width":1000,"height":1000,"caption":"Verkauf von 925 Sterling Silber Silber Ringring mit Perle"},{"@type":"BreadcrumbList","@id":"https:\/\/joyasyasmin.com\/de\/producto\/argentea-creolen\/#breadcrumb","itemListElement":[{"@type":"ListItem","position":1,"name":"Portada","item":"https:\/\/joyasyasmin.com\/de\/heim\/"},{"@type":"ListItem","position":2,"name":"Shop","item":"https:\/\/joyasyasmin.com\/de\/shop\/"},{"@type":"ListItem","position":3,"name":"Argentea Creolen"}]},{"@type":"WebSite","@id":"https:\/\/joyasyasmin.com\/de\/#website","url":"https:\/\/joyasyasmin.com\/de\/","name":"Yasmin","description":"Joyer\u00eda de Plata 925 - Pendientes, pulseras, anillos, colgantes y m\u00e1s!","publisher":{"@id":"https:\/\/joyasyasmin.com\/de\/#organization"},"potentialAction":[{"@type":"SearchAction","target":{"@type":"EntryPoint","urlTemplate":"https:\/\/joyasyasmin.com\/de\/?s={search_term_string}"},"query-input":{"@type":"PropertyValueSpecification","valueRequired":true,"valueName":"search_term_string"}}],"inLanguage":"de"},{"@type":"Organization","@id":"https:\/\/joyasyasmin.com\/de\/#organization","name":"joyas yasmin","url":"https:\/\/joyasyasmin.com\/de\/","logo":{"@type":"ImageObject","inLanguage":"de","@id":"https:\/\/joyasyasmin.com\/de\/#\/schema\/logo\/image\/","url":"https:\/\/joyasyasmin.com\/wp-content\/uploads\/2017\/06\/IMG-20200429-WA0051.jpg","contentUrl":"https:\/\/joyasyasmin.com\/wp-content\/uploads\/2017\/06\/IMG-20200429-WA0051.jpg","width":1080,"height":545,"caption":"joyas yasmin"},"image":{"@id":"https:\/\/joyasyasmin.com\/de\/#\/schema\/logo\/image\/"},"sameAs":["https:\/\/www.facebook.com\/Joyas-Yasmin-217664058934169\/","https:\/\/www.instagram.com\/invites\/contact\/"]}]}},"_links":{"self":[{"href":"https:\/\/joyasyasmin.com\/de\/wp-json\/wp\/v2\/product\/32376","targetHints":{"allow":["GET"]}}],"collection":[{"href":"https:\/\/joyasyasmin.com\/de\/wp-json\/wp\/v2\/product"}],"about":[{"href":"https:\/\/joyasyasmin.com\/de\/wp-json\/wp\/v2\/types\/product"}],"replies":[{"embeddable":true,"href":"https:\/\/joyasyasmin.com\/de\/wp-json\/wp\/v2\/comments?post=32376"}],"version-history":[{"count":0,"href":"https:\/\/joyasyasmin.com\/de\/wp-json\/wp\/v2\/product\/32376\/revisions"}],"wp:featuredmedia":[{"embeddable":true,"href":"https:\/\/joyasyasmin.com\/de\/wp-json\/wp\/v2\/media\/31602"}],"wp:attachment":[{"href":"https:\/\/joyasyasmin.com\/de\/wp-json\/wp\/v2\/media?parent=32376"}],"wp:term":[{"taxonomy":"product_brand","embeddable":true,"href":"https:\/\/joyasyasmin.com\/de\/wp-json\/wp\/v2\/product_brand?post=32376"},{"taxonomy":"product_cat","embeddable":true,"href":"https:\/\/joyasyasmin.com\/de\/wp-json\/wp\/v2\/product_cat?post=32376"},{"taxonomy":"product_tag","embeddable":true,"href":"https:\/\/joyasyasmin.com\/de\/wp-json\/wp\/v2\/product_tag?post=32376"}],"curies":[{"name":"wp","href":"https:\/\/api.w.org\/{rel}","templated":true}]}}