{"id":33422,"date":"2025-06-03T14:55:55","date_gmt":"2025-06-03T14:55:55","guid":{"rendered":"https:\/\/joyasyasmin.com\/producto\/sun-knoechel-orthese\/"},"modified":"2025-06-03T14:55:55","modified_gmt":"2025-06-03T14:55:55","slug":"sun-knoechel-orthese","status":"publish","type":"product","link":"https:\/\/joyasyasmin.com\/de\/producto\/sun-knoechel-orthese\/","title":{"rendered":"Sun Kn\u00f6chel Orthese"},"content":{"rendered":"","protected":false},"excerpt":{"rendered":"<p>Fu\u00dffesseln aus 2,5 mm mehrfarbigen Kristallsteinen kombiniert mit glatten 3 mm Kugeln und zarten Stegen aus 925er Silber. Er misst 22,5 cm plus 2,5 cm in der Verl\u00e4ngerung. Sie k\u00f6nnen es allein oder mit einem 15 mm Sonnenanh\u00e4nger f\u00fcr eine besondere Note w\u00e4hlen. Leicht, farbenfroh und perfekt f\u00fcr den Sommer.   <\/p>\n","protected":false},"featured_media":32786,"comment_status":"open","ping_status":"closed","template":"","meta":{"_acf_changed":false,"_joinchat":[]},"product_brand":[],"product_cat":[1906],"product_tag":[],"class_list":{"0":"post-33422","1":"product","2":"type-product","3":"status-publish","4":"has-post-thumbnail","6":"product_cat-fusketten","8":"first","9":"instock","10":"shipping-taxable","11":"purchasable","12":"product-type-variable"},"acf":[],"yoast_head":"<!-- This site is optimized with the Yoast SEO plugin v27.2 - https:\/\/yoast.com\/product\/yoast-seo-wordpress\/ -->\n<title>Sun Kn\u00f6chel Orthese - Yasmin<\/title>\n<meta name=\"description\" content=\"Fu\u00dfkettchen aus farbigem Stein mit Details aus 925er Silber. Einstellbares Ma\u00df von 22,5 + 2,5 cm. Erh\u00e4ltlich allein oder mit 15 mm Sonnenanh\u00e4nger. Kostenloser Versand.\" \/>\n<meta name=\"robots\" content=\"index, follow, max-snippet:-1, max-image-preview:large, max-video-preview:-1\" \/>\n<link rel=\"canonical\" href=\"https:\/\/joyasyasmin.com\/de\/producto\/sun-knoechel-orthese\/\" \/>\n<meta property=\"og:locale\" content=\"de_DE\" \/>\n<meta property=\"og:title\" content=\"Sun Kn\u00f6chel Orthese - Yasmin\" \/>\n<meta property=\"og:description\" content=\"Fu\u00dfkettchen aus farbigem Stein mit Details aus 925er Silber. Einstellbares Ma\u00df von 22,5 + 2,5 cm. Erh\u00e4ltlich allein oder mit 15 mm Sonnenanh\u00e4nger. Kostenloser Versand.\" \/>\n<meta property=\"og:url\" content=\"https:\/\/joyasyasmin.com\/de\/producto\/sun-knoechel-orthese\/\" \/>\n<meta property=\"og:site_name\" content=\"Yasmin\" \/>\n<meta property=\"article:publisher\" content=\"https:\/\/www.facebook.com\/Joyas-Yasmin-217664058934169\/\" \/>\n<meta property=\"og:image\" content=\"https:\/\/joyasyasmin.com\/wp-content\/uploads\/2025\/06\/tobillera-del-sol.jpg\" \/>\n\t<meta property=\"og:image:width\" content=\"1000\" \/>\n\t<meta property=\"og:image:height\" content=\"1000\" \/>\n\t<meta property=\"og:image:type\" content=\"image\/jpeg\" \/>\n<meta name=\"twitter:card\" content=\"summary_large_image\" \/>\n<script type=\"application\/ld+json\" class=\"yoast-schema-graph\">{\"@context\":\"https:\/\/schema.org\",\"@graph\":[{\"@type\":[\"WebPage\",\"ItemPage\"],\"@id\":\"https:\/\/joyasyasmin.com\/de\/producto\/sun-knoechel-orthese\/\",\"url\":\"https:\/\/joyasyasmin.com\/de\/producto\/sun-knoechel-orthese\/\",\"name\":\"Sun Kn\u00f6chel Orthese - Yasmin\",\"isPartOf\":{\"@id\":\"https:\/\/joyasyasmin.com\/de\/#website\"},\"primaryImageOfPage\":{\"@id\":\"https:\/\/joyasyasmin.com\/de\/producto\/sun-knoechel-orthese\/#primaryimage\"},\"image\":{\"@id\":\"https:\/\/joyasyasmin.com\/de\/producto\/sun-knoechel-orthese\/#primaryimage\"},\"thumbnailUrl\":\"https:\/\/joyasyasmin.com\/wp-content\/uploads\/2025\/06\/tobillera-del-sol.jpg\",\"datePublished\":\"2025-06-03T14:55:55+00:00\",\"description\":\"Fu\u00dfkettchen aus farbigem Stein mit Details aus 925er Silber. Einstellbares Ma\u00df von 22,5 + 2,5 cm. Erh\u00e4ltlich allein oder mit 15 mm Sonnenanh\u00e4nger. Kostenloser Versand.\",\"breadcrumb\":{\"@id\":\"https:\/\/joyasyasmin.com\/de\/producto\/sun-knoechel-orthese\/#breadcrumb\"},\"inLanguage\":\"de\",\"potentialAction\":[{\"@type\":\"ReadAction\",\"target\":[\"https:\/\/joyasyasmin.com\/de\/producto\/sun-knoechel-orthese\/\"]}]},{\"@type\":\"ImageObject\",\"inLanguage\":\"de\",\"@id\":\"https:\/\/joyasyasmin.com\/de\/producto\/sun-knoechel-orthese\/#primaryimage\",\"url\":\"https:\/\/joyasyasmin.com\/wp-content\/uploads\/2025\/06\/tobillera-del-sol.jpg\",\"contentUrl\":\"https:\/\/joyasyasmin.com\/wp-content\/uploads\/2025\/06\/tobillera-del-sol.jpg\",\"width\":1000,\"height\":1000,\"caption\":\"Farbige Steine Fu\u00dfkettchen zum Verkauf eines 925 Silber Sonnenanh\u00e4ngers\"},{\"@type\":\"BreadcrumbList\",\"@id\":\"https:\/\/joyasyasmin.com\/de\/producto\/sun-knoechel-orthese\/#breadcrumb\",\"itemListElement\":[{\"@type\":\"ListItem\",\"position\":1,\"name\":\"Portada\",\"item\":\"https:\/\/joyasyasmin.com\/de\/heim\/\"},{\"@type\":\"ListItem\",\"position\":2,\"name\":\"Shop\",\"item\":\"https:\/\/joyasyasmin.com\/de\/shop\/\"},{\"@type\":\"ListItem\",\"position\":3,\"name\":\"Sun Kn\u00f6chel Orthese\"}]},{\"@type\":\"WebSite\",\"@id\":\"https:\/\/joyasyasmin.com\/de\/#website\",\"url\":\"https:\/\/joyasyasmin.com\/de\/\",\"name\":\"Yasmin\",\"description\":\"Joyer\u00eda de Plata 925 - Pendientes, pulseras, anillos, colgantes y m\u00e1s!\",\"publisher\":{\"@id\":\"https:\/\/joyasyasmin.com\/de\/#organization\"},\"potentialAction\":[{\"@type\":\"SearchAction\",\"target\":{\"@type\":\"EntryPoint\",\"urlTemplate\":\"https:\/\/joyasyasmin.com\/de\/?s={search_term_string}\"},\"query-input\":{\"@type\":\"PropertyValueSpecification\",\"valueRequired\":true,\"valueName\":\"search_term_string\"}}],\"inLanguage\":\"de\"},{\"@type\":\"Organization\",\"@id\":\"https:\/\/joyasyasmin.com\/de\/#organization\",\"name\":\"joyas yasmin\",\"url\":\"https:\/\/joyasyasmin.com\/de\/\",\"logo\":{\"@type\":\"ImageObject\",\"inLanguage\":\"de\",\"@id\":\"https:\/\/joyasyasmin.com\/de\/#\/schema\/logo\/image\/\",\"url\":\"https:\/\/joyasyasmin.com\/wp-content\/uploads\/2017\/06\/IMG-20200429-WA0051.jpg\",\"contentUrl\":\"https:\/\/joyasyasmin.com\/wp-content\/uploads\/2017\/06\/IMG-20200429-WA0051.jpg\",\"width\":1080,\"height\":545,\"caption\":\"joyas yasmin\"},\"image\":{\"@id\":\"https:\/\/joyasyasmin.com\/de\/#\/schema\/logo\/image\/\"},\"sameAs\":[\"https:\/\/www.facebook.com\/Joyas-Yasmin-217664058934169\/\",\"https:\/\/www.instagram.com\/invites\/contact\/\"]}]}<\/script>\n<!-- \/ Yoast SEO plugin. -->","yoast_head_json":{"title":"Sun Kn\u00f6chel Orthese - Yasmin","description":"Fu\u00dfkettchen aus farbigem Stein mit Details aus 925er Silber. Einstellbares Ma\u00df von 22,5 + 2,5 cm. Erh\u00e4ltlich allein oder mit 15 mm Sonnenanh\u00e4nger. Kostenloser Versand.","robots":{"index":"index","follow":"follow","max-snippet":"max-snippet:-1","max-image-preview":"max-image-preview:large","max-video-preview":"max-video-preview:-1"},"canonical":"https:\/\/joyasyasmin.com\/de\/producto\/sun-knoechel-orthese\/","og_locale":"de_DE","og_title":"Sun Kn\u00f6chel Orthese - Yasmin","og_description":"Fu\u00dfkettchen aus farbigem Stein mit Details aus 925er Silber. Einstellbares Ma\u00df von 22,5 + 2,5 cm. Erh\u00e4ltlich allein oder mit 15 mm Sonnenanh\u00e4nger. Kostenloser Versand.","og_url":"https:\/\/joyasyasmin.com\/de\/producto\/sun-knoechel-orthese\/","og_site_name":"Yasmin","article_publisher":"https:\/\/www.facebook.com\/Joyas-Yasmin-217664058934169\/","og_image":[{"width":1000,"height":1000,"url":"https:\/\/joyasyasmin.com\/wp-content\/uploads\/2025\/06\/tobillera-del-sol.jpg","type":"image\/jpeg"}],"twitter_card":"summary_large_image","schema":{"@context":"https:\/\/schema.org","@graph":[{"@type":["WebPage","ItemPage"],"@id":"https:\/\/joyasyasmin.com\/de\/producto\/sun-knoechel-orthese\/","url":"https:\/\/joyasyasmin.com\/de\/producto\/sun-knoechel-orthese\/","name":"Sun Kn\u00f6chel Orthese - Yasmin","isPartOf":{"@id":"https:\/\/joyasyasmin.com\/de\/#website"},"primaryImageOfPage":{"@id":"https:\/\/joyasyasmin.com\/de\/producto\/sun-knoechel-orthese\/#primaryimage"},"image":{"@id":"https:\/\/joyasyasmin.com\/de\/producto\/sun-knoechel-orthese\/#primaryimage"},"thumbnailUrl":"https:\/\/joyasyasmin.com\/wp-content\/uploads\/2025\/06\/tobillera-del-sol.jpg","datePublished":"2025-06-03T14:55:55+00:00","description":"Fu\u00dfkettchen aus farbigem Stein mit Details aus 925er Silber. Einstellbares Ma\u00df von 22,5 + 2,5 cm. Erh\u00e4ltlich allein oder mit 15 mm Sonnenanh\u00e4nger. Kostenloser Versand.","breadcrumb":{"@id":"https:\/\/joyasyasmin.com\/de\/producto\/sun-knoechel-orthese\/#breadcrumb"},"inLanguage":"de","potentialAction":[{"@type":"ReadAction","target":["https:\/\/joyasyasmin.com\/de\/producto\/sun-knoechel-orthese\/"]}]},{"@type":"ImageObject","inLanguage":"de","@id":"https:\/\/joyasyasmin.com\/de\/producto\/sun-knoechel-orthese\/#primaryimage","url":"https:\/\/joyasyasmin.com\/wp-content\/uploads\/2025\/06\/tobillera-del-sol.jpg","contentUrl":"https:\/\/joyasyasmin.com\/wp-content\/uploads\/2025\/06\/tobillera-del-sol.jpg","width":1000,"height":1000,"caption":"Farbige Steine Fu\u00dfkettchen zum Verkauf eines 925 Silber Sonnenanh\u00e4ngers"},{"@type":"BreadcrumbList","@id":"https:\/\/joyasyasmin.com\/de\/producto\/sun-knoechel-orthese\/#breadcrumb","itemListElement":[{"@type":"ListItem","position":1,"name":"Portada","item":"https:\/\/joyasyasmin.com\/de\/heim\/"},{"@type":"ListItem","position":2,"name":"Shop","item":"https:\/\/joyasyasmin.com\/de\/shop\/"},{"@type":"ListItem","position":3,"name":"Sun Kn\u00f6chel Orthese"}]},{"@type":"WebSite","@id":"https:\/\/joyasyasmin.com\/de\/#website","url":"https:\/\/joyasyasmin.com\/de\/","name":"Yasmin","description":"Joyer\u00eda de Plata 925 - Pendientes, pulseras, anillos, colgantes y m\u00e1s!","publisher":{"@id":"https:\/\/joyasyasmin.com\/de\/#organization"},"potentialAction":[{"@type":"SearchAction","target":{"@type":"EntryPoint","urlTemplate":"https:\/\/joyasyasmin.com\/de\/?s={search_term_string}"},"query-input":{"@type":"PropertyValueSpecification","valueRequired":true,"valueName":"search_term_string"}}],"inLanguage":"de"},{"@type":"Organization","@id":"https:\/\/joyasyasmin.com\/de\/#organization","name":"joyas yasmin","url":"https:\/\/joyasyasmin.com\/de\/","logo":{"@type":"ImageObject","inLanguage":"de","@id":"https:\/\/joyasyasmin.com\/de\/#\/schema\/logo\/image\/","url":"https:\/\/joyasyasmin.com\/wp-content\/uploads\/2017\/06\/IMG-20200429-WA0051.jpg","contentUrl":"https:\/\/joyasyasmin.com\/wp-content\/uploads\/2017\/06\/IMG-20200429-WA0051.jpg","width":1080,"height":545,"caption":"joyas yasmin"},"image":{"@id":"https:\/\/joyasyasmin.com\/de\/#\/schema\/logo\/image\/"},"sameAs":["https:\/\/www.facebook.com\/Joyas-Yasmin-217664058934169\/","https:\/\/www.instagram.com\/invites\/contact\/"]}]}},"_links":{"self":[{"href":"https:\/\/joyasyasmin.com\/de\/wp-json\/wp\/v2\/product\/33422","targetHints":{"allow":["GET"]}}],"collection":[{"href":"https:\/\/joyasyasmin.com\/de\/wp-json\/wp\/v2\/product"}],"about":[{"href":"https:\/\/joyasyasmin.com\/de\/wp-json\/wp\/v2\/types\/product"}],"replies":[{"embeddable":true,"href":"https:\/\/joyasyasmin.com\/de\/wp-json\/wp\/v2\/comments?post=33422"}],"version-history":[{"count":0,"href":"https:\/\/joyasyasmin.com\/de\/wp-json\/wp\/v2\/product\/33422\/revisions"}],"wp:featuredmedia":[{"embeddable":true,"href":"https:\/\/joyasyasmin.com\/de\/wp-json\/wp\/v2\/media\/32786"}],"wp:attachment":[{"href":"https:\/\/joyasyasmin.com\/de\/wp-json\/wp\/v2\/media?parent=33422"}],"wp:term":[{"taxonomy":"product_brand","embeddable":true,"href":"https:\/\/joyasyasmin.com\/de\/wp-json\/wp\/v2\/product_brand?post=33422"},{"taxonomy":"product_cat","embeddable":true,"href":"https:\/\/joyasyasmin.com\/de\/wp-json\/wp\/v2\/product_cat?post=33422"},{"taxonomy":"product_tag","embeddable":true,"href":"https:\/\/joyasyasmin.com\/de\/wp-json\/wp\/v2\/product_tag?post=33422"}],"curies":[{"name":"wp","href":"https:\/\/api.w.org\/{rel}","templated":true}]}}