{"id":34208,"date":"2025-07-13T20:43:47","date_gmt":"2025-07-13T20:43:47","guid":{"rendered":"https:\/\/joyasyasmin.com\/producto\/knoechelorthese-raices-del-mar\/"},"modified":"2025-07-13T20:43:47","modified_gmt":"2025-07-13T20:43:47","slug":"knoechelorthese-raices-del-mar","status":"publish","type":"product","link":"https:\/\/joyasyasmin.com\/de\/producto\/knoechelorthese-raices-del-mar\/","title":{"rendered":"Kn\u00f6chelorthese Ra\u00edces del Mar"},"content":{"rendered":"","protected":false},"excerpt":{"rendered":"<p>Ra\u00edces del mar Fu\u00dfkettchen aus 925er Silber mit 6 mm Anh\u00e4ngern in Form von Kakteen und Schildkr\u00f6ten, die f\u00fcr einen nat\u00fcrlichen und strandigen Stil sorgen. Ihr Design Ra\u00edces del Mar spiegelt die Verbundenheit mit dem Land und dem Meer wider. L\u00e4nge von 23 + 3 cm.  <\/p>\n","protected":false},"featured_media":33880,"comment_status":"open","ping_status":"closed","template":"","meta":{"_acf_changed":false,"_joinchat":[]},"product_brand":[],"product_cat":[1906],"product_tag":[],"class_list":{"0":"post-34208","1":"product","2":"type-product","3":"status-publish","4":"has-post-thumbnail","6":"product_cat-fusketten","8":"first","9":"instock","10":"shipping-taxable","11":"purchasable","12":"product-type-simple"},"acf":[],"yoast_head":"<!-- This site is optimized with the Yoast SEO plugin v27.2 - https:\/\/yoast.com\/product\/yoast-seo-wordpress\/ -->\n<title>Kn\u00f6chelorthese Ra\u00edces del Mar - Yasmin<\/title>\n<meta name=\"description\" content=\"Ra\u00edces del Mar Fu\u00dfkettchen aus 925er Silber mit 6 mm Kaktus- und Schildkr\u00f6tenanh\u00e4ngern. Ideal f\u00fcr einen nat\u00fcrlichen und sommerlichen Look. Verstellbar von 23 + 3 cm.\" \/>\n<meta name=\"robots\" content=\"index, follow, max-snippet:-1, max-image-preview:large, max-video-preview:-1\" \/>\n<link rel=\"canonical\" href=\"https:\/\/joyasyasmin.com\/de\/producto\/knoechelorthese-raices-del-mar\/\" \/>\n<meta property=\"og:locale\" content=\"de_DE\" \/>\n<meta property=\"og:title\" content=\"Kn\u00f6chelorthese Ra\u00edces del Mar - Yasmin\" \/>\n<meta property=\"og:description\" content=\"Ra\u00edces del Mar Fu\u00dfkettchen aus 925er Silber mit 6 mm Kaktus- und Schildkr\u00f6tenanh\u00e4ngern. Ideal f\u00fcr einen nat\u00fcrlichen und sommerlichen Look. Verstellbar von 23 + 3 cm.\" \/>\n<meta property=\"og:url\" content=\"https:\/\/joyasyasmin.com\/de\/producto\/knoechelorthese-raices-del-mar\/\" \/>\n<meta property=\"og:site_name\" content=\"Yasmin\" \/>\n<meta property=\"article:publisher\" content=\"https:\/\/www.facebook.com\/Joyas-Yasmin-217664058934169\/\" \/>\n<meta property=\"og:image\" content=\"https:\/\/joyasyasmin.com\/wp-content\/uploads\/2025\/07\/tobillera-raices-del-mar.jpg\" \/>\n\t<meta property=\"og:image:width\" content=\"1000\" \/>\n\t<meta property=\"og:image:height\" content=\"1000\" \/>\n\t<meta property=\"og:image:type\" content=\"image\/jpeg\" \/>\n<meta name=\"twitter:card\" content=\"summary_large_image\" \/>\n<script type=\"application\/ld+json\" class=\"yoast-schema-graph\">{\"@context\":\"https:\/\/schema.org\",\"@graph\":[{\"@type\":[\"WebPage\",\"ItemPage\"],\"@id\":\"https:\/\/joyasyasmin.com\/de\/producto\/knoechelorthese-raices-del-mar\/\",\"url\":\"https:\/\/joyasyasmin.com\/de\/producto\/knoechelorthese-raices-del-mar\/\",\"name\":\"Kn\u00f6chelorthese Ra\u00edces del Mar - Yasmin\",\"isPartOf\":{\"@id\":\"https:\/\/joyasyasmin.com\/de\/#website\"},\"primaryImageOfPage\":{\"@id\":\"https:\/\/joyasyasmin.com\/de\/producto\/knoechelorthese-raices-del-mar\/#primaryimage\"},\"image\":{\"@id\":\"https:\/\/joyasyasmin.com\/de\/producto\/knoechelorthese-raices-del-mar\/#primaryimage\"},\"thumbnailUrl\":\"https:\/\/joyasyasmin.com\/wp-content\/uploads\/2025\/07\/tobillera-raices-del-mar.jpg\",\"datePublished\":\"2025-07-13T20:43:47+00:00\",\"description\":\"Ra\u00edces del Mar Fu\u00dfkettchen aus 925er Silber mit 6 mm Kaktus- und Schildkr\u00f6tenanh\u00e4ngern. Ideal f\u00fcr einen nat\u00fcrlichen und sommerlichen Look. Verstellbar von 23 + 3 cm.\",\"breadcrumb\":{\"@id\":\"https:\/\/joyasyasmin.com\/de\/producto\/knoechelorthese-raices-del-mar\/#breadcrumb\"},\"inLanguage\":\"de\",\"potentialAction\":[{\"@type\":\"ReadAction\",\"target\":[\"https:\/\/joyasyasmin.com\/de\/producto\/knoechelorthese-raices-del-mar\/\"]}]},{\"@type\":\"ImageObject\",\"inLanguage\":\"de\",\"@id\":\"https:\/\/joyasyasmin.com\/de\/producto\/knoechelorthese-raices-del-mar\/#primaryimage\",\"url\":\"https:\/\/joyasyasmin.com\/wp-content\/uploads\/2025\/07\/tobillera-raices-del-mar.jpg\",\"contentUrl\":\"https:\/\/joyasyasmin.com\/wp-content\/uploads\/2025\/07\/tobillera-raices-del-mar.jpg\",\"width\":1000,\"height\":1000,\"caption\":\"Verkauf von Ra\u00edces dell Mar de Plata 925 Fu\u00dfkettchen\"},{\"@type\":\"BreadcrumbList\",\"@id\":\"https:\/\/joyasyasmin.com\/de\/producto\/knoechelorthese-raices-del-mar\/#breadcrumb\",\"itemListElement\":[{\"@type\":\"ListItem\",\"position\":1,\"name\":\"Portada\",\"item\":\"https:\/\/joyasyasmin.com\/de\/heim\/\"},{\"@type\":\"ListItem\",\"position\":2,\"name\":\"Shop\",\"item\":\"https:\/\/joyasyasmin.com\/de\/shop\/\"},{\"@type\":\"ListItem\",\"position\":3,\"name\":\"Kn\u00f6chelorthese Ra\u00edces del Mar\"}]},{\"@type\":\"WebSite\",\"@id\":\"https:\/\/joyasyasmin.com\/de\/#website\",\"url\":\"https:\/\/joyasyasmin.com\/de\/\",\"name\":\"Yasmin\",\"description\":\"Joyer\u00eda de Plata 925 - Pendientes, pulseras, anillos, colgantes y m\u00e1s!\",\"publisher\":{\"@id\":\"https:\/\/joyasyasmin.com\/de\/#organization\"},\"potentialAction\":[{\"@type\":\"SearchAction\",\"target\":{\"@type\":\"EntryPoint\",\"urlTemplate\":\"https:\/\/joyasyasmin.com\/de\/?s={search_term_string}\"},\"query-input\":{\"@type\":\"PropertyValueSpecification\",\"valueRequired\":true,\"valueName\":\"search_term_string\"}}],\"inLanguage\":\"de\"},{\"@type\":\"Organization\",\"@id\":\"https:\/\/joyasyasmin.com\/de\/#organization\",\"name\":\"joyas yasmin\",\"url\":\"https:\/\/joyasyasmin.com\/de\/\",\"logo\":{\"@type\":\"ImageObject\",\"inLanguage\":\"de\",\"@id\":\"https:\/\/joyasyasmin.com\/de\/#\/schema\/logo\/image\/\",\"url\":\"https:\/\/joyasyasmin.com\/wp-content\/uploads\/2017\/06\/IMG-20200429-WA0051.jpg\",\"contentUrl\":\"https:\/\/joyasyasmin.com\/wp-content\/uploads\/2017\/06\/IMG-20200429-WA0051.jpg\",\"width\":1080,\"height\":545,\"caption\":\"joyas yasmin\"},\"image\":{\"@id\":\"https:\/\/joyasyasmin.com\/de\/#\/schema\/logo\/image\/\"},\"sameAs\":[\"https:\/\/www.facebook.com\/Joyas-Yasmin-217664058934169\/\",\"https:\/\/www.instagram.com\/invites\/contact\/\"]}]}<\/script>\n<!-- \/ Yoast SEO plugin. -->","yoast_head_json":{"title":"Kn\u00f6chelorthese Ra\u00edces del Mar - Yasmin","description":"Ra\u00edces del Mar Fu\u00dfkettchen aus 925er Silber mit 6 mm Kaktus- und Schildkr\u00f6tenanh\u00e4ngern. Ideal f\u00fcr einen nat\u00fcrlichen und sommerlichen Look. Verstellbar von 23 + 3 cm.","robots":{"index":"index","follow":"follow","max-snippet":"max-snippet:-1","max-image-preview":"max-image-preview:large","max-video-preview":"max-video-preview:-1"},"canonical":"https:\/\/joyasyasmin.com\/de\/producto\/knoechelorthese-raices-del-mar\/","og_locale":"de_DE","og_title":"Kn\u00f6chelorthese Ra\u00edces del Mar - Yasmin","og_description":"Ra\u00edces del Mar Fu\u00dfkettchen aus 925er Silber mit 6 mm Kaktus- und Schildkr\u00f6tenanh\u00e4ngern. Ideal f\u00fcr einen nat\u00fcrlichen und sommerlichen Look. Verstellbar von 23 + 3 cm.","og_url":"https:\/\/joyasyasmin.com\/de\/producto\/knoechelorthese-raices-del-mar\/","og_site_name":"Yasmin","article_publisher":"https:\/\/www.facebook.com\/Joyas-Yasmin-217664058934169\/","og_image":[{"width":1000,"height":1000,"url":"https:\/\/joyasyasmin.com\/wp-content\/uploads\/2025\/07\/tobillera-raices-del-mar.jpg","type":"image\/jpeg"}],"twitter_card":"summary_large_image","schema":{"@context":"https:\/\/schema.org","@graph":[{"@type":["WebPage","ItemPage"],"@id":"https:\/\/joyasyasmin.com\/de\/producto\/knoechelorthese-raices-del-mar\/","url":"https:\/\/joyasyasmin.com\/de\/producto\/knoechelorthese-raices-del-mar\/","name":"Kn\u00f6chelorthese Ra\u00edces del Mar - Yasmin","isPartOf":{"@id":"https:\/\/joyasyasmin.com\/de\/#website"},"primaryImageOfPage":{"@id":"https:\/\/joyasyasmin.com\/de\/producto\/knoechelorthese-raices-del-mar\/#primaryimage"},"image":{"@id":"https:\/\/joyasyasmin.com\/de\/producto\/knoechelorthese-raices-del-mar\/#primaryimage"},"thumbnailUrl":"https:\/\/joyasyasmin.com\/wp-content\/uploads\/2025\/07\/tobillera-raices-del-mar.jpg","datePublished":"2025-07-13T20:43:47+00:00","description":"Ra\u00edces del Mar Fu\u00dfkettchen aus 925er Silber mit 6 mm Kaktus- und Schildkr\u00f6tenanh\u00e4ngern. Ideal f\u00fcr einen nat\u00fcrlichen und sommerlichen Look. Verstellbar von 23 + 3 cm.","breadcrumb":{"@id":"https:\/\/joyasyasmin.com\/de\/producto\/knoechelorthese-raices-del-mar\/#breadcrumb"},"inLanguage":"de","potentialAction":[{"@type":"ReadAction","target":["https:\/\/joyasyasmin.com\/de\/producto\/knoechelorthese-raices-del-mar\/"]}]},{"@type":"ImageObject","inLanguage":"de","@id":"https:\/\/joyasyasmin.com\/de\/producto\/knoechelorthese-raices-del-mar\/#primaryimage","url":"https:\/\/joyasyasmin.com\/wp-content\/uploads\/2025\/07\/tobillera-raices-del-mar.jpg","contentUrl":"https:\/\/joyasyasmin.com\/wp-content\/uploads\/2025\/07\/tobillera-raices-del-mar.jpg","width":1000,"height":1000,"caption":"Verkauf von Ra\u00edces dell Mar de Plata 925 Fu\u00dfkettchen"},{"@type":"BreadcrumbList","@id":"https:\/\/joyasyasmin.com\/de\/producto\/knoechelorthese-raices-del-mar\/#breadcrumb","itemListElement":[{"@type":"ListItem","position":1,"name":"Portada","item":"https:\/\/joyasyasmin.com\/de\/heim\/"},{"@type":"ListItem","position":2,"name":"Shop","item":"https:\/\/joyasyasmin.com\/de\/shop\/"},{"@type":"ListItem","position":3,"name":"Kn\u00f6chelorthese Ra\u00edces del Mar"}]},{"@type":"WebSite","@id":"https:\/\/joyasyasmin.com\/de\/#website","url":"https:\/\/joyasyasmin.com\/de\/","name":"Yasmin","description":"Joyer\u00eda de Plata 925 - Pendientes, pulseras, anillos, colgantes y m\u00e1s!","publisher":{"@id":"https:\/\/joyasyasmin.com\/de\/#organization"},"potentialAction":[{"@type":"SearchAction","target":{"@type":"EntryPoint","urlTemplate":"https:\/\/joyasyasmin.com\/de\/?s={search_term_string}"},"query-input":{"@type":"PropertyValueSpecification","valueRequired":true,"valueName":"search_term_string"}}],"inLanguage":"de"},{"@type":"Organization","@id":"https:\/\/joyasyasmin.com\/de\/#organization","name":"joyas yasmin","url":"https:\/\/joyasyasmin.com\/de\/","logo":{"@type":"ImageObject","inLanguage":"de","@id":"https:\/\/joyasyasmin.com\/de\/#\/schema\/logo\/image\/","url":"https:\/\/joyasyasmin.com\/wp-content\/uploads\/2017\/06\/IMG-20200429-WA0051.jpg","contentUrl":"https:\/\/joyasyasmin.com\/wp-content\/uploads\/2017\/06\/IMG-20200429-WA0051.jpg","width":1080,"height":545,"caption":"joyas yasmin"},"image":{"@id":"https:\/\/joyasyasmin.com\/de\/#\/schema\/logo\/image\/"},"sameAs":["https:\/\/www.facebook.com\/Joyas-Yasmin-217664058934169\/","https:\/\/www.instagram.com\/invites\/contact\/"]}]}},"_links":{"self":[{"href":"https:\/\/joyasyasmin.com\/de\/wp-json\/wp\/v2\/product\/34208","targetHints":{"allow":["GET"]}}],"collection":[{"href":"https:\/\/joyasyasmin.com\/de\/wp-json\/wp\/v2\/product"}],"about":[{"href":"https:\/\/joyasyasmin.com\/de\/wp-json\/wp\/v2\/types\/product"}],"replies":[{"embeddable":true,"href":"https:\/\/joyasyasmin.com\/de\/wp-json\/wp\/v2\/comments?post=34208"}],"version-history":[{"count":0,"href":"https:\/\/joyasyasmin.com\/de\/wp-json\/wp\/v2\/product\/34208\/revisions"}],"wp:featuredmedia":[{"embeddable":true,"href":"https:\/\/joyasyasmin.com\/de\/wp-json\/wp\/v2\/media\/33880"}],"wp:attachment":[{"href":"https:\/\/joyasyasmin.com\/de\/wp-json\/wp\/v2\/media?parent=34208"}],"wp:term":[{"taxonomy":"product_brand","embeddable":true,"href":"https:\/\/joyasyasmin.com\/de\/wp-json\/wp\/v2\/product_brand?post=34208"},{"taxonomy":"product_cat","embeddable":true,"href":"https:\/\/joyasyasmin.com\/de\/wp-json\/wp\/v2\/product_cat?post=34208"},{"taxonomy":"product_tag","embeddable":true,"href":"https:\/\/joyasyasmin.com\/de\/wp-json\/wp\/v2\/product_tag?post=34208"}],"curies":[{"name":"wp","href":"https:\/\/api.w.org\/{rel}","templated":true}]}}