{"id":34794,"date":"2025-09-13T10:42:00","date_gmt":"2025-09-13T10:42:00","guid":{"rendered":"https:\/\/joyasyasmin.com\/producto\/natursteine-woechentliche-armbaender\/"},"modified":"2025-09-13T10:42:00","modified_gmt":"2025-09-13T10:42:00","slug":"natursteine-woechentliche-armbaender","status":"publish","type":"product","link":"https:\/\/joyasyasmin.com\/de\/producto\/natursteine-woechentliche-armbaender\/","title":{"rendered":"Natursteine W\u00f6chentliche Armb\u00e4nder"},"content":{"rendered":"","protected":false},"excerpt":{"rendered":"<p>Handgefertigte Natursteine mit Malachit, Amethyst, afrikanischem T\u00fcrkis, Rubin, Zirkonblau, Zirkon und Labradorit, montiert mit 925er Silberbroschen. Sein elegantes und einzigartiges Design wertet jeden Look auf, mit 2 mm Steinen und einer verstellbaren L\u00e4nge von 17 + 3 cm. Ein exklusives Schmuckst\u00fcck, das Energie, Stil und Qualit\u00e4t vereint, um es t\u00e4glich zu verschenken oder zu tragen. Wenn Sie die beiden Kombis zusammen bestellen, erhalten Sie das siebte Armband als Geschenk.   <\/p>\n","protected":false},"featured_media":34727,"comment_status":"open","ping_status":"closed","template":"","meta":{"_acf_changed":false,"_joinchat":[]},"product_brand":[],"product_cat":[1787],"product_tag":[],"class_list":{"0":"post-34794","1":"product","2":"type-product","3":"status-publish","4":"has-post-thumbnail","6":"product_cat-armbander","8":"first","9":"instock","10":"shipping-taxable","11":"purchasable","12":"product-type-variable"},"acf":[],"yoast_head":"<!-- This site is optimized with the Yoast SEO plugin v27.2 - https:\/\/yoast.com\/product\/yoast-seo-wordpress\/ -->\n<title>Natursteine W\u00f6chentliche Armb\u00e4nder - Yasmin<\/title>\n<meta name=\"description\" content=\"Handgefertigte Natursteine Wochenarmb\u00e4nder mit Malachit, Amethyst, afrikanischem T\u00fcrkis, Rubin, Zirkon und Labradorit, mit einem Verschluss aus 925er Silber.\" \/>\n<meta name=\"robots\" content=\"index, follow, max-snippet:-1, max-image-preview:large, max-video-preview:-1\" \/>\n<link rel=\"canonical\" href=\"https:\/\/joyasyasmin.com\/de\/producto\/natursteine-woechentliche-armbaender\/\" \/>\n<meta property=\"og:locale\" content=\"de_DE\" \/>\n<meta property=\"og:title\" content=\"Natursteine W\u00f6chentliche Armb\u00e4nder - Yasmin\" \/>\n<meta property=\"og:description\" content=\"Handgefertigte Natursteine Wochenarmb\u00e4nder mit Malachit, Amethyst, afrikanischem T\u00fcrkis, Rubin, Zirkon und Labradorit, mit einem Verschluss aus 925er Silber.\" \/>\n<meta property=\"og:url\" content=\"https:\/\/joyasyasmin.com\/de\/producto\/natursteine-woechentliche-armbaender\/\" \/>\n<meta property=\"og:site_name\" content=\"Yasmin\" \/>\n<meta property=\"article:publisher\" content=\"https:\/\/www.facebook.com\/Joyas-Yasmin-217664058934169\/\" \/>\n<meta property=\"og:image\" content=\"https:\/\/joyasyasmin.com\/wp-content\/uploads\/2025\/09\/semanario-piedra-natural.jpg\" \/>\n\t<meta property=\"og:image:width\" content=\"1000\" \/>\n\t<meta property=\"og:image:height\" content=\"1000\" \/>\n\t<meta property=\"og:image:type\" content=\"image\/jpeg\" \/>\n<meta name=\"twitter:card\" content=\"summary_large_image\" \/>\n<script type=\"application\/ld+json\" class=\"yoast-schema-graph\">{\"@context\":\"https:\/\/schema.org\",\"@graph\":[{\"@type\":[\"WebPage\",\"ItemPage\"],\"@id\":\"https:\/\/joyasyasmin.com\/de\/producto\/natursteine-woechentliche-armbaender\/\",\"url\":\"https:\/\/joyasyasmin.com\/de\/producto\/natursteine-woechentliche-armbaender\/\",\"name\":\"Natursteine W\u00f6chentliche Armb\u00e4nder - Yasmin\",\"isPartOf\":{\"@id\":\"https:\/\/joyasyasmin.com\/de\/#website\"},\"primaryImageOfPage\":{\"@id\":\"https:\/\/joyasyasmin.com\/de\/producto\/natursteine-woechentliche-armbaender\/#primaryimage\"},\"image\":{\"@id\":\"https:\/\/joyasyasmin.com\/de\/producto\/natursteine-woechentliche-armbaender\/#primaryimage\"},\"thumbnailUrl\":\"https:\/\/joyasyasmin.com\/wp-content\/uploads\/2025\/09\/semanario-piedra-natural.jpg\",\"datePublished\":\"2025-09-13T10:42:00+00:00\",\"description\":\"Handgefertigte Natursteine Wochenarmb\u00e4nder mit Malachit, Amethyst, afrikanischem T\u00fcrkis, Rubin, Zirkon und Labradorit, mit einem Verschluss aus 925er Silber.\",\"breadcrumb\":{\"@id\":\"https:\/\/joyasyasmin.com\/de\/producto\/natursteine-woechentliche-armbaender\/#breadcrumb\"},\"inLanguage\":\"de\",\"potentialAction\":[{\"@type\":\"ReadAction\",\"target\":[\"https:\/\/joyasyasmin.com\/de\/producto\/natursteine-woechentliche-armbaender\/\"]}]},{\"@type\":\"ImageObject\",\"inLanguage\":\"de\",\"@id\":\"https:\/\/joyasyasmin.com\/de\/producto\/natursteine-woechentliche-armbaender\/#primaryimage\",\"url\":\"https:\/\/joyasyasmin.com\/wp-content\/uploads\/2025\/09\/semanario-piedra-natural.jpg\",\"contentUrl\":\"https:\/\/joyasyasmin.com\/wp-content\/uploads\/2025\/09\/semanario-piedra-natural.jpg\",\"width\":1000,\"height\":1000,\"caption\":\"W\u00f6chentlicher Verkauf von 925 Sterling Silber Armband\"},{\"@type\":\"BreadcrumbList\",\"@id\":\"https:\/\/joyasyasmin.com\/de\/producto\/natursteine-woechentliche-armbaender\/#breadcrumb\",\"itemListElement\":[{\"@type\":\"ListItem\",\"position\":1,\"name\":\"Portada\",\"item\":\"https:\/\/joyasyasmin.com\/de\/heim\/\"},{\"@type\":\"ListItem\",\"position\":2,\"name\":\"Shop\",\"item\":\"https:\/\/joyasyasmin.com\/de\/shop\/\"},{\"@type\":\"ListItem\",\"position\":3,\"name\":\"Natursteine W\u00f6chentliche Armb\u00e4nder\"}]},{\"@type\":\"WebSite\",\"@id\":\"https:\/\/joyasyasmin.com\/de\/#website\",\"url\":\"https:\/\/joyasyasmin.com\/de\/\",\"name\":\"Yasmin\",\"description\":\"Joyer\u00eda de Plata 925 - Pendientes, pulseras, anillos, colgantes y m\u00e1s!\",\"publisher\":{\"@id\":\"https:\/\/joyasyasmin.com\/de\/#organization\"},\"potentialAction\":[{\"@type\":\"SearchAction\",\"target\":{\"@type\":\"EntryPoint\",\"urlTemplate\":\"https:\/\/joyasyasmin.com\/de\/?s={search_term_string}\"},\"query-input\":{\"@type\":\"PropertyValueSpecification\",\"valueRequired\":true,\"valueName\":\"search_term_string\"}}],\"inLanguage\":\"de\"},{\"@type\":\"Organization\",\"@id\":\"https:\/\/joyasyasmin.com\/de\/#organization\",\"name\":\"joyas yasmin\",\"url\":\"https:\/\/joyasyasmin.com\/de\/\",\"logo\":{\"@type\":\"ImageObject\",\"inLanguage\":\"de\",\"@id\":\"https:\/\/joyasyasmin.com\/de\/#\/schema\/logo\/image\/\",\"url\":\"https:\/\/joyasyasmin.com\/wp-content\/uploads\/2017\/06\/IMG-20200429-WA0051.jpg\",\"contentUrl\":\"https:\/\/joyasyasmin.com\/wp-content\/uploads\/2017\/06\/IMG-20200429-WA0051.jpg\",\"width\":1080,\"height\":545,\"caption\":\"joyas yasmin\"},\"image\":{\"@id\":\"https:\/\/joyasyasmin.com\/de\/#\/schema\/logo\/image\/\"},\"sameAs\":[\"https:\/\/www.facebook.com\/Joyas-Yasmin-217664058934169\/\",\"https:\/\/www.instagram.com\/invites\/contact\/\"]}]}<\/script>\n<!-- \/ Yoast SEO plugin. -->","yoast_head_json":{"title":"Natursteine W\u00f6chentliche Armb\u00e4nder - Yasmin","description":"Handgefertigte Natursteine Wochenarmb\u00e4nder mit Malachit, Amethyst, afrikanischem T\u00fcrkis, Rubin, Zirkon und Labradorit, mit einem Verschluss aus 925er Silber.","robots":{"index":"index","follow":"follow","max-snippet":"max-snippet:-1","max-image-preview":"max-image-preview:large","max-video-preview":"max-video-preview:-1"},"canonical":"https:\/\/joyasyasmin.com\/de\/producto\/natursteine-woechentliche-armbaender\/","og_locale":"de_DE","og_title":"Natursteine W\u00f6chentliche Armb\u00e4nder - Yasmin","og_description":"Handgefertigte Natursteine Wochenarmb\u00e4nder mit Malachit, Amethyst, afrikanischem T\u00fcrkis, Rubin, Zirkon und Labradorit, mit einem Verschluss aus 925er Silber.","og_url":"https:\/\/joyasyasmin.com\/de\/producto\/natursteine-woechentliche-armbaender\/","og_site_name":"Yasmin","article_publisher":"https:\/\/www.facebook.com\/Joyas-Yasmin-217664058934169\/","og_image":[{"width":1000,"height":1000,"url":"https:\/\/joyasyasmin.com\/wp-content\/uploads\/2025\/09\/semanario-piedra-natural.jpg","type":"image\/jpeg"}],"twitter_card":"summary_large_image","schema":{"@context":"https:\/\/schema.org","@graph":[{"@type":["WebPage","ItemPage"],"@id":"https:\/\/joyasyasmin.com\/de\/producto\/natursteine-woechentliche-armbaender\/","url":"https:\/\/joyasyasmin.com\/de\/producto\/natursteine-woechentliche-armbaender\/","name":"Natursteine W\u00f6chentliche Armb\u00e4nder - Yasmin","isPartOf":{"@id":"https:\/\/joyasyasmin.com\/de\/#website"},"primaryImageOfPage":{"@id":"https:\/\/joyasyasmin.com\/de\/producto\/natursteine-woechentliche-armbaender\/#primaryimage"},"image":{"@id":"https:\/\/joyasyasmin.com\/de\/producto\/natursteine-woechentliche-armbaender\/#primaryimage"},"thumbnailUrl":"https:\/\/joyasyasmin.com\/wp-content\/uploads\/2025\/09\/semanario-piedra-natural.jpg","datePublished":"2025-09-13T10:42:00+00:00","description":"Handgefertigte Natursteine Wochenarmb\u00e4nder mit Malachit, Amethyst, afrikanischem T\u00fcrkis, Rubin, Zirkon und Labradorit, mit einem Verschluss aus 925er Silber.","breadcrumb":{"@id":"https:\/\/joyasyasmin.com\/de\/producto\/natursteine-woechentliche-armbaender\/#breadcrumb"},"inLanguage":"de","potentialAction":[{"@type":"ReadAction","target":["https:\/\/joyasyasmin.com\/de\/producto\/natursteine-woechentliche-armbaender\/"]}]},{"@type":"ImageObject","inLanguage":"de","@id":"https:\/\/joyasyasmin.com\/de\/producto\/natursteine-woechentliche-armbaender\/#primaryimage","url":"https:\/\/joyasyasmin.com\/wp-content\/uploads\/2025\/09\/semanario-piedra-natural.jpg","contentUrl":"https:\/\/joyasyasmin.com\/wp-content\/uploads\/2025\/09\/semanario-piedra-natural.jpg","width":1000,"height":1000,"caption":"W\u00f6chentlicher Verkauf von 925 Sterling Silber Armband"},{"@type":"BreadcrumbList","@id":"https:\/\/joyasyasmin.com\/de\/producto\/natursteine-woechentliche-armbaender\/#breadcrumb","itemListElement":[{"@type":"ListItem","position":1,"name":"Portada","item":"https:\/\/joyasyasmin.com\/de\/heim\/"},{"@type":"ListItem","position":2,"name":"Shop","item":"https:\/\/joyasyasmin.com\/de\/shop\/"},{"@type":"ListItem","position":3,"name":"Natursteine W\u00f6chentliche Armb\u00e4nder"}]},{"@type":"WebSite","@id":"https:\/\/joyasyasmin.com\/de\/#website","url":"https:\/\/joyasyasmin.com\/de\/","name":"Yasmin","description":"Joyer\u00eda de Plata 925 - Pendientes, pulseras, anillos, colgantes y m\u00e1s!","publisher":{"@id":"https:\/\/joyasyasmin.com\/de\/#organization"},"potentialAction":[{"@type":"SearchAction","target":{"@type":"EntryPoint","urlTemplate":"https:\/\/joyasyasmin.com\/de\/?s={search_term_string}"},"query-input":{"@type":"PropertyValueSpecification","valueRequired":true,"valueName":"search_term_string"}}],"inLanguage":"de"},{"@type":"Organization","@id":"https:\/\/joyasyasmin.com\/de\/#organization","name":"joyas yasmin","url":"https:\/\/joyasyasmin.com\/de\/","logo":{"@type":"ImageObject","inLanguage":"de","@id":"https:\/\/joyasyasmin.com\/de\/#\/schema\/logo\/image\/","url":"https:\/\/joyasyasmin.com\/wp-content\/uploads\/2017\/06\/IMG-20200429-WA0051.jpg","contentUrl":"https:\/\/joyasyasmin.com\/wp-content\/uploads\/2017\/06\/IMG-20200429-WA0051.jpg","width":1080,"height":545,"caption":"joyas yasmin"},"image":{"@id":"https:\/\/joyasyasmin.com\/de\/#\/schema\/logo\/image\/"},"sameAs":["https:\/\/www.facebook.com\/Joyas-Yasmin-217664058934169\/","https:\/\/www.instagram.com\/invites\/contact\/"]}]}},"_links":{"self":[{"href":"https:\/\/joyasyasmin.com\/de\/wp-json\/wp\/v2\/product\/34794","targetHints":{"allow":["GET"]}}],"collection":[{"href":"https:\/\/joyasyasmin.com\/de\/wp-json\/wp\/v2\/product"}],"about":[{"href":"https:\/\/joyasyasmin.com\/de\/wp-json\/wp\/v2\/types\/product"}],"replies":[{"embeddable":true,"href":"https:\/\/joyasyasmin.com\/de\/wp-json\/wp\/v2\/comments?post=34794"}],"version-history":[{"count":0,"href":"https:\/\/joyasyasmin.com\/de\/wp-json\/wp\/v2\/product\/34794\/revisions"}],"wp:featuredmedia":[{"embeddable":true,"href":"https:\/\/joyasyasmin.com\/de\/wp-json\/wp\/v2\/media\/34727"}],"wp:attachment":[{"href":"https:\/\/joyasyasmin.com\/de\/wp-json\/wp\/v2\/media?parent=34794"}],"wp:term":[{"taxonomy":"product_brand","embeddable":true,"href":"https:\/\/joyasyasmin.com\/de\/wp-json\/wp\/v2\/product_brand?post=34794"},{"taxonomy":"product_cat","embeddable":true,"href":"https:\/\/joyasyasmin.com\/de\/wp-json\/wp\/v2\/product_cat?post=34794"},{"taxonomy":"product_tag","embeddable":true,"href":"https:\/\/joyasyasmin.com\/de\/wp-json\/wp\/v2\/product_tag?post=34794"}],"curies":[{"name":"wp","href":"https:\/\/api.w.org\/{rel}","templated":true}]}}