{"id":35189,"date":"2025-10-01T08:23:58","date_gmt":"2025-10-01T08:23:58","guid":{"rendered":"https:\/\/joyasyasmin.com\/producto\/makramee-armband-mit-drei-schutzvorrichtungen\/"},"modified":"2025-10-01T08:23:58","modified_gmt":"2025-10-01T08:23:58","slug":"makramee-armband-mit-drei-schutzvorrichtungen","status":"publish","type":"product","link":"https:\/\/joyasyasmin.com\/de\/producto\/makramee-armband-mit-drei-schutzvorrichtungen\/","title":{"rendered":"Makramee-Armband mit drei Schutzvorrichtungen"},"content":{"rendered":"","protected":false},"excerpt":{"rendered":"<p>Rotes Makramee-Armband mit 925er Silbermedaillen, das drei m\u00e4chtige Schutzma\u00dfnahmen vereint: die Sankt-Benedikt-Medaille gegen negative Energien, das t\u00fcrkische Auge, das den Neid vertreibt, und das Caravaca-Kreuz, Symbol des Glaubens und des Schutzes. Ein elegantes und spirituelles Accessoire, das gute Laune und st\u00e4ndigen Schutz anzieht. <\/p>\n","protected":false},"featured_media":34988,"comment_status":"open","ping_status":"closed","template":"","meta":{"_acf_changed":false,"_joinchat":[]},"product_brand":[],"product_cat":[1787],"product_tag":[],"class_list":{"0":"post-35189","1":"product","2":"type-product","3":"status-publish","4":"has-post-thumbnail","6":"product_cat-armbander","8":"first","9":"instock","10":"shipping-taxable","11":"purchasable","12":"product-type-simple"},"acf":[],"yoast_head":"<!-- This site is optimized with the Yoast SEO plugin v27.2 - https:\/\/yoast.com\/product\/yoast-seo-wordpress\/ -->\n<title>Makramee-Armband mit drei Schutzvorrichtungen - Yasmin<\/title>\n<meta name=\"description\" content=\"Makramee-Armband mit drei Schutzvorrichtungen: Heiliger Benedikt, t\u00fcrkisches Auge und Caravaca-Kreuz. Eleganz und Schutz in einem einzigartigen Accessoire voller positiver Energie.\" \/>\n<meta name=\"robots\" content=\"index, follow, max-snippet:-1, max-image-preview:large, max-video-preview:-1\" \/>\n<link rel=\"canonical\" href=\"https:\/\/joyasyasmin.com\/de\/producto\/makramee-armband-mit-drei-schutzvorrichtungen\/\" \/>\n<meta property=\"og:locale\" content=\"de_DE\" \/>\n<meta property=\"og:title\" content=\"Makramee-Armband mit drei Schutzvorrichtungen - Yasmin\" \/>\n<meta property=\"og:description\" content=\"Makramee-Armband mit drei Schutzvorrichtungen: Heiliger Benedikt, t\u00fcrkisches Auge und Caravaca-Kreuz. Eleganz und Schutz in einem einzigartigen Accessoire voller positiver Energie.\" \/>\n<meta property=\"og:url\" content=\"https:\/\/joyasyasmin.com\/de\/producto\/makramee-armband-mit-drei-schutzvorrichtungen\/\" \/>\n<meta property=\"og:site_name\" content=\"Yasmin\" \/>\n<meta property=\"article:publisher\" content=\"https:\/\/www.facebook.com\/Joyas-Yasmin-217664058934169\/\" \/>\n<meta property=\"og:image\" content=\"https:\/\/joyasyasmin.com\/wp-content\/uploads\/2025\/10\/pulsera-macrame-3-protecciones.jpg\" \/>\n\t<meta property=\"og:image:width\" content=\"1000\" \/>\n\t<meta property=\"og:image:height\" content=\"1000\" \/>\n\t<meta property=\"og:image:type\" content=\"image\/jpeg\" \/>\n<meta name=\"twitter:card\" content=\"summary_large_image\" \/>\n<script type=\"application\/ld+json\" class=\"yoast-schema-graph\">{\"@context\":\"https:\/\/schema.org\",\"@graph\":[{\"@type\":[\"WebPage\",\"ItemPage\"],\"@id\":\"https:\/\/joyasyasmin.com\/de\/producto\/makramee-armband-mit-drei-schutzvorrichtungen\/\",\"url\":\"https:\/\/joyasyasmin.com\/de\/producto\/makramee-armband-mit-drei-schutzvorrichtungen\/\",\"name\":\"Makramee-Armband mit drei Schutzvorrichtungen - Yasmin\",\"isPartOf\":{\"@id\":\"https:\/\/joyasyasmin.com\/de\/#website\"},\"primaryImageOfPage\":{\"@id\":\"https:\/\/joyasyasmin.com\/de\/producto\/makramee-armband-mit-drei-schutzvorrichtungen\/#primaryimage\"},\"image\":{\"@id\":\"https:\/\/joyasyasmin.com\/de\/producto\/makramee-armband-mit-drei-schutzvorrichtungen\/#primaryimage\"},\"thumbnailUrl\":\"https:\/\/joyasyasmin.com\/wp-content\/uploads\/2025\/10\/pulsera-macrame-3-protecciones.jpg\",\"datePublished\":\"2025-10-01T08:23:58+00:00\",\"description\":\"Makramee-Armband mit drei Schutzvorrichtungen: Heiliger Benedikt, t\u00fcrkisches Auge und Caravaca-Kreuz. Eleganz und Schutz in einem einzigartigen Accessoire voller positiver Energie.\",\"breadcrumb\":{\"@id\":\"https:\/\/joyasyasmin.com\/de\/producto\/makramee-armband-mit-drei-schutzvorrichtungen\/#breadcrumb\"},\"inLanguage\":\"de\",\"potentialAction\":[{\"@type\":\"ReadAction\",\"target\":[\"https:\/\/joyasyasmin.com\/de\/producto\/makramee-armband-mit-drei-schutzvorrichtungen\/\"]}]},{\"@type\":\"ImageObject\",\"inLanguage\":\"de\",\"@id\":\"https:\/\/joyasyasmin.com\/de\/producto\/makramee-armband-mit-drei-schutzvorrichtungen\/#primaryimage\",\"url\":\"https:\/\/joyasyasmin.com\/wp-content\/uploads\/2025\/10\/pulsera-macrame-3-protecciones.jpg\",\"contentUrl\":\"https:\/\/joyasyasmin.com\/wp-content\/uploads\/2025\/10\/pulsera-macrame-3-protecciones.jpg\",\"width\":1000,\"height\":1000,\"caption\":\"925 Silber Armband zum Verkauf in Rot Maram\u00e9 und 925 Silber\"},{\"@type\":\"BreadcrumbList\",\"@id\":\"https:\/\/joyasyasmin.com\/de\/producto\/makramee-armband-mit-drei-schutzvorrichtungen\/#breadcrumb\",\"itemListElement\":[{\"@type\":\"ListItem\",\"position\":1,\"name\":\"Portada\",\"item\":\"https:\/\/joyasyasmin.com\/de\/heim\/\"},{\"@type\":\"ListItem\",\"position\":2,\"name\":\"Shop\",\"item\":\"https:\/\/joyasyasmin.com\/de\/shop\/\"},{\"@type\":\"ListItem\",\"position\":3,\"name\":\"Makramee-Armband mit drei Schutzvorrichtungen\"}]},{\"@type\":\"WebSite\",\"@id\":\"https:\/\/joyasyasmin.com\/de\/#website\",\"url\":\"https:\/\/joyasyasmin.com\/de\/\",\"name\":\"Yasmin\",\"description\":\"Joyer\u00eda de Plata 925 - Pendientes, pulseras, anillos, colgantes y m\u00e1s!\",\"publisher\":{\"@id\":\"https:\/\/joyasyasmin.com\/de\/#organization\"},\"potentialAction\":[{\"@type\":\"SearchAction\",\"target\":{\"@type\":\"EntryPoint\",\"urlTemplate\":\"https:\/\/joyasyasmin.com\/de\/?s={search_term_string}\"},\"query-input\":{\"@type\":\"PropertyValueSpecification\",\"valueRequired\":true,\"valueName\":\"search_term_string\"}}],\"inLanguage\":\"de\"},{\"@type\":\"Organization\",\"@id\":\"https:\/\/joyasyasmin.com\/de\/#organization\",\"name\":\"joyas yasmin\",\"url\":\"https:\/\/joyasyasmin.com\/de\/\",\"logo\":{\"@type\":\"ImageObject\",\"inLanguage\":\"de\",\"@id\":\"https:\/\/joyasyasmin.com\/de\/#\/schema\/logo\/image\/\",\"url\":\"https:\/\/joyasyasmin.com\/wp-content\/uploads\/2017\/06\/IMG-20200429-WA0051.jpg\",\"contentUrl\":\"https:\/\/joyasyasmin.com\/wp-content\/uploads\/2017\/06\/IMG-20200429-WA0051.jpg\",\"width\":1080,\"height\":545,\"caption\":\"joyas yasmin\"},\"image\":{\"@id\":\"https:\/\/joyasyasmin.com\/de\/#\/schema\/logo\/image\/\"},\"sameAs\":[\"https:\/\/www.facebook.com\/Joyas-Yasmin-217664058934169\/\",\"https:\/\/www.instagram.com\/invites\/contact\/\"]}]}<\/script>\n<!-- \/ Yoast SEO plugin. -->","yoast_head_json":{"title":"Makramee-Armband mit drei Schutzvorrichtungen - Yasmin","description":"Makramee-Armband mit drei Schutzvorrichtungen: Heiliger Benedikt, t\u00fcrkisches Auge und Caravaca-Kreuz. Eleganz und Schutz in einem einzigartigen Accessoire voller positiver Energie.","robots":{"index":"index","follow":"follow","max-snippet":"max-snippet:-1","max-image-preview":"max-image-preview:large","max-video-preview":"max-video-preview:-1"},"canonical":"https:\/\/joyasyasmin.com\/de\/producto\/makramee-armband-mit-drei-schutzvorrichtungen\/","og_locale":"de_DE","og_title":"Makramee-Armband mit drei Schutzvorrichtungen - Yasmin","og_description":"Makramee-Armband mit drei Schutzvorrichtungen: Heiliger Benedikt, t\u00fcrkisches Auge und Caravaca-Kreuz. Eleganz und Schutz in einem einzigartigen Accessoire voller positiver Energie.","og_url":"https:\/\/joyasyasmin.com\/de\/producto\/makramee-armband-mit-drei-schutzvorrichtungen\/","og_site_name":"Yasmin","article_publisher":"https:\/\/www.facebook.com\/Joyas-Yasmin-217664058934169\/","og_image":[{"width":1000,"height":1000,"url":"https:\/\/joyasyasmin.com\/wp-content\/uploads\/2025\/10\/pulsera-macrame-3-protecciones.jpg","type":"image\/jpeg"}],"twitter_card":"summary_large_image","schema":{"@context":"https:\/\/schema.org","@graph":[{"@type":["WebPage","ItemPage"],"@id":"https:\/\/joyasyasmin.com\/de\/producto\/makramee-armband-mit-drei-schutzvorrichtungen\/","url":"https:\/\/joyasyasmin.com\/de\/producto\/makramee-armband-mit-drei-schutzvorrichtungen\/","name":"Makramee-Armband mit drei Schutzvorrichtungen - Yasmin","isPartOf":{"@id":"https:\/\/joyasyasmin.com\/de\/#website"},"primaryImageOfPage":{"@id":"https:\/\/joyasyasmin.com\/de\/producto\/makramee-armband-mit-drei-schutzvorrichtungen\/#primaryimage"},"image":{"@id":"https:\/\/joyasyasmin.com\/de\/producto\/makramee-armband-mit-drei-schutzvorrichtungen\/#primaryimage"},"thumbnailUrl":"https:\/\/joyasyasmin.com\/wp-content\/uploads\/2025\/10\/pulsera-macrame-3-protecciones.jpg","datePublished":"2025-10-01T08:23:58+00:00","description":"Makramee-Armband mit drei Schutzvorrichtungen: Heiliger Benedikt, t\u00fcrkisches Auge und Caravaca-Kreuz. Eleganz und Schutz in einem einzigartigen Accessoire voller positiver Energie.","breadcrumb":{"@id":"https:\/\/joyasyasmin.com\/de\/producto\/makramee-armband-mit-drei-schutzvorrichtungen\/#breadcrumb"},"inLanguage":"de","potentialAction":[{"@type":"ReadAction","target":["https:\/\/joyasyasmin.com\/de\/producto\/makramee-armband-mit-drei-schutzvorrichtungen\/"]}]},{"@type":"ImageObject","inLanguage":"de","@id":"https:\/\/joyasyasmin.com\/de\/producto\/makramee-armband-mit-drei-schutzvorrichtungen\/#primaryimage","url":"https:\/\/joyasyasmin.com\/wp-content\/uploads\/2025\/10\/pulsera-macrame-3-protecciones.jpg","contentUrl":"https:\/\/joyasyasmin.com\/wp-content\/uploads\/2025\/10\/pulsera-macrame-3-protecciones.jpg","width":1000,"height":1000,"caption":"925 Silber Armband zum Verkauf in Rot Maram\u00e9 und 925 Silber"},{"@type":"BreadcrumbList","@id":"https:\/\/joyasyasmin.com\/de\/producto\/makramee-armband-mit-drei-schutzvorrichtungen\/#breadcrumb","itemListElement":[{"@type":"ListItem","position":1,"name":"Portada","item":"https:\/\/joyasyasmin.com\/de\/heim\/"},{"@type":"ListItem","position":2,"name":"Shop","item":"https:\/\/joyasyasmin.com\/de\/shop\/"},{"@type":"ListItem","position":3,"name":"Makramee-Armband mit drei Schutzvorrichtungen"}]},{"@type":"WebSite","@id":"https:\/\/joyasyasmin.com\/de\/#website","url":"https:\/\/joyasyasmin.com\/de\/","name":"Yasmin","description":"Joyer\u00eda de Plata 925 - Pendientes, pulseras, anillos, colgantes y m\u00e1s!","publisher":{"@id":"https:\/\/joyasyasmin.com\/de\/#organization"},"potentialAction":[{"@type":"SearchAction","target":{"@type":"EntryPoint","urlTemplate":"https:\/\/joyasyasmin.com\/de\/?s={search_term_string}"},"query-input":{"@type":"PropertyValueSpecification","valueRequired":true,"valueName":"search_term_string"}}],"inLanguage":"de"},{"@type":"Organization","@id":"https:\/\/joyasyasmin.com\/de\/#organization","name":"joyas yasmin","url":"https:\/\/joyasyasmin.com\/de\/","logo":{"@type":"ImageObject","inLanguage":"de","@id":"https:\/\/joyasyasmin.com\/de\/#\/schema\/logo\/image\/","url":"https:\/\/joyasyasmin.com\/wp-content\/uploads\/2017\/06\/IMG-20200429-WA0051.jpg","contentUrl":"https:\/\/joyasyasmin.com\/wp-content\/uploads\/2017\/06\/IMG-20200429-WA0051.jpg","width":1080,"height":545,"caption":"joyas yasmin"},"image":{"@id":"https:\/\/joyasyasmin.com\/de\/#\/schema\/logo\/image\/"},"sameAs":["https:\/\/www.facebook.com\/Joyas-Yasmin-217664058934169\/","https:\/\/www.instagram.com\/invites\/contact\/"]}]}},"_links":{"self":[{"href":"https:\/\/joyasyasmin.com\/de\/wp-json\/wp\/v2\/product\/35189","targetHints":{"allow":["GET"]}}],"collection":[{"href":"https:\/\/joyasyasmin.com\/de\/wp-json\/wp\/v2\/product"}],"about":[{"href":"https:\/\/joyasyasmin.com\/de\/wp-json\/wp\/v2\/types\/product"}],"replies":[{"embeddable":true,"href":"https:\/\/joyasyasmin.com\/de\/wp-json\/wp\/v2\/comments?post=35189"}],"version-history":[{"count":0,"href":"https:\/\/joyasyasmin.com\/de\/wp-json\/wp\/v2\/product\/35189\/revisions"}],"wp:featuredmedia":[{"embeddable":true,"href":"https:\/\/joyasyasmin.com\/de\/wp-json\/wp\/v2\/media\/34988"}],"wp:attachment":[{"href":"https:\/\/joyasyasmin.com\/de\/wp-json\/wp\/v2\/media?parent=35189"}],"wp:term":[{"taxonomy":"product_brand","embeddable":true,"href":"https:\/\/joyasyasmin.com\/de\/wp-json\/wp\/v2\/product_brand?post=35189"},{"taxonomy":"product_cat","embeddable":true,"href":"https:\/\/joyasyasmin.com\/de\/wp-json\/wp\/v2\/product_cat?post=35189"},{"taxonomy":"product_tag","embeddable":true,"href":"https:\/\/joyasyasmin.com\/de\/wp-json\/wp\/v2\/product_tag?post=35189"}],"curies":[{"name":"wp","href":"https:\/\/api.w.org\/{rel}","templated":true}]}}