{"id":35694,"date":"2025-10-30T13:28:56","date_gmt":"2025-10-30T13:28:56","guid":{"rendered":"https:\/\/joyasyasmin.com\/producto\/anhaenger-aus-moldavitstein\/"},"modified":"2025-10-30T13:28:56","modified_gmt":"2025-10-30T13:28:56","slug":"anhaenger-aus-moldavitstein","status":"publish","type":"product","link":"https:\/\/joyasyasmin.com\/de\/producto\/anhaenger-aus-moldavitstein\/","title":{"rendered":"Anh\u00e4nger aus Moldavitstein"},"content":{"rendered":"","protected":false},"excerpt":{"rendered":"<p>Anh\u00e4nger aus Moldavitstein, es ist kosmische Transformation und Verbindung, umh\u00fcllt von reinem Silber, Gr\u00f6\u00dfe 11 mm und alle Steine sind unterschiedlich im Design.<br data-start=\"287\" data-end=\"290\">Seine Energie erh\u00f6ht die Schwingung und zieht positive Ver\u00e4nderungen in K\u00f6rper und Seele an.<br data-start=\"363\" data-end=\"366\">Jedes Schmuckst\u00fcck ist ein Unikat, das durch die Kraft des Universums geschaffen wurde.<br data-start=\"420\" data-end=\"423\">Entdecke seine Kraft und sp\u00fcre die Energie, die dich ruft.<\/p>\n","protected":false},"featured_media":35443,"comment_status":"open","ping_status":"closed","template":"","meta":{"_acf_changed":false,"_joinchat":[]},"product_brand":[],"product_cat":[1874],"product_tag":[],"class_list":{"0":"post-35694","1":"product","2":"type-product","3":"status-publish","4":"has-post-thumbnail","6":"product_cat-anhanger","8":"first","9":"instock","10":"shipping-taxable","11":"purchasable","12":"product-type-variable"},"acf":[],"yoast_head":"<!-- This site is optimized with the Yoast SEO plugin v27.3 - https:\/\/yoast.com\/product\/yoast-seo-wordpress\/ -->\n<title>Anh\u00e4nger aus Moldavitstein - Yasmin<\/title>\n<meta name=\"description\" content=\"Entdecken Sie die kosmische Energie des mit Silber \u00fcberzogenen Anh\u00e4ngers aus Moldavitstein. Erh\u00f6hen Sie Ihre Schwingung und ziehen Sie spirituelle Transformation an, Gr\u00f6\u00dfe 11m.\" \/>\n<meta name=\"robots\" content=\"index, follow, max-snippet:-1, max-image-preview:large, max-video-preview:-1\" \/>\n<link rel=\"canonical\" href=\"https:\/\/joyasyasmin.com\/de\/producto\/anhaenger-aus-moldavitstein\/\" \/>\n<meta property=\"og:locale\" content=\"de_DE\" \/>\n<meta property=\"og:title\" content=\"Anh\u00e4nger aus Moldavitstein - Yasmin\" \/>\n<meta property=\"og:description\" content=\"Entdecken Sie die kosmische Energie des mit Silber \u00fcberzogenen Anh\u00e4ngers aus Moldavitstein. Erh\u00f6hen Sie Ihre Schwingung und ziehen Sie spirituelle Transformation an, Gr\u00f6\u00dfe 11m.\" \/>\n<meta property=\"og:url\" content=\"https:\/\/joyasyasmin.com\/de\/producto\/anhaenger-aus-moldavitstein\/\" \/>\n<meta property=\"og:site_name\" content=\"Yasmin\" \/>\n<meta property=\"article:publisher\" content=\"https:\/\/www.facebook.com\/Joyas-Yasmin-217664058934169\/\" \/>\n<meta property=\"og:image\" content=\"https:\/\/joyasyasmin.com\/wp-content\/uploads\/2025\/10\/cadena-con-moldavita.jpg\" \/>\n\t<meta property=\"og:image:width\" content=\"1000\" \/>\n\t<meta property=\"og:image:height\" content=\"1000\" \/>\n\t<meta property=\"og:image:type\" content=\"image\/jpeg\" \/>\n<meta name=\"twitter:card\" content=\"summary_large_image\" \/>\n<script type=\"application\/ld+json\" class=\"yoast-schema-graph\">{\"@context\":\"https:\\\/\\\/schema.org\",\"@graph\":[{\"@type\":[\"WebPage\",\"ItemPage\"],\"@id\":\"https:\\\/\\\/joyasyasmin.com\\\/de\\\/producto\\\/anhaenger-aus-moldavitstein\\\/\",\"url\":\"https:\\\/\\\/joyasyasmin.com\\\/de\\\/producto\\\/anhaenger-aus-moldavitstein\\\/\",\"name\":\"Anh\u00e4nger aus Moldavitstein - Yasmin\",\"isPartOf\":{\"@id\":\"https:\\\/\\\/joyasyasmin.com\\\/de\\\/#website\"},\"primaryImageOfPage\":{\"@id\":\"https:\\\/\\\/joyasyasmin.com\\\/de\\\/producto\\\/anhaenger-aus-moldavitstein\\\/#primaryimage\"},\"image\":{\"@id\":\"https:\\\/\\\/joyasyasmin.com\\\/de\\\/producto\\\/anhaenger-aus-moldavitstein\\\/#primaryimage\"},\"thumbnailUrl\":\"https:\\\/\\\/joyasyasmin.com\\\/wp-content\\\/uploads\\\/2025\\\/10\\\/cadena-con-moldavita.jpg\",\"datePublished\":\"2025-10-30T13:28:56+00:00\",\"description\":\"Entdecken Sie die kosmische Energie des mit Silber \u00fcberzogenen Anh\u00e4ngers aus Moldavitstein. Erh\u00f6hen Sie Ihre Schwingung und ziehen Sie spirituelle Transformation an, Gr\u00f6\u00dfe 11m.\",\"breadcrumb\":{\"@id\":\"https:\\\/\\\/joyasyasmin.com\\\/de\\\/producto\\\/anhaenger-aus-moldavitstein\\\/#breadcrumb\"},\"inLanguage\":\"de\",\"potentialAction\":[{\"@type\":\"ReadAction\",\"target\":[\"https:\\\/\\\/joyasyasmin.com\\\/de\\\/producto\\\/anhaenger-aus-moldavitstein\\\/\"]}]},{\"@type\":\"ImageObject\",\"inLanguage\":\"de\",\"@id\":\"https:\\\/\\\/joyasyasmin.com\\\/de\\\/producto\\\/anhaenger-aus-moldavitstein\\\/#primaryimage\",\"url\":\"https:\\\/\\\/joyasyasmin.com\\\/wp-content\\\/uploads\\\/2025\\\/10\\\/cadena-con-moldavita.jpg\",\"contentUrl\":\"https:\\\/\\\/joyasyasmin.com\\\/wp-content\\\/uploads\\\/2025\\\/10\\\/cadena-con-moldavita.jpg\",\"width\":1000,\"height\":1000,\"caption\":\"Moldavit Anh\u00e4nger mit Kette zu verkaufen\"},{\"@type\":\"BreadcrumbList\",\"@id\":\"https:\\\/\\\/joyasyasmin.com\\\/de\\\/producto\\\/anhaenger-aus-moldavitstein\\\/#breadcrumb\",\"itemListElement\":[{\"@type\":\"ListItem\",\"position\":1,\"name\":\"Portada\",\"item\":\"https:\\\/\\\/joyasyasmin.com\\\/de\\\/heim\\\/\"},{\"@type\":\"ListItem\",\"position\":2,\"name\":\"Shop\",\"item\":\"https:\\\/\\\/joyasyasmin.com\\\/de\\\/shop\\\/\"},{\"@type\":\"ListItem\",\"position\":3,\"name\":\"Anh\u00e4nger aus Moldavitstein\"}]},{\"@type\":\"WebSite\",\"@id\":\"https:\\\/\\\/joyasyasmin.com\\\/de\\\/#website\",\"url\":\"https:\\\/\\\/joyasyasmin.com\\\/de\\\/\",\"name\":\"Yasmin\",\"description\":\"Joyer\u00eda de Plata 925 - Pendientes, pulseras, anillos, colgantes y m\u00e1s!\",\"publisher\":{\"@id\":\"https:\\\/\\\/joyasyasmin.com\\\/de\\\/#organization\"},\"potentialAction\":[{\"@type\":\"SearchAction\",\"target\":{\"@type\":\"EntryPoint\",\"urlTemplate\":\"https:\\\/\\\/joyasyasmin.com\\\/de\\\/?s={search_term_string}\"},\"query-input\":{\"@type\":\"PropertyValueSpecification\",\"valueRequired\":true,\"valueName\":\"search_term_string\"}}],\"inLanguage\":\"de\"},{\"@type\":\"Organization\",\"@id\":\"https:\\\/\\\/joyasyasmin.com\\\/de\\\/#organization\",\"name\":\"joyas yasmin\",\"url\":\"https:\\\/\\\/joyasyasmin.com\\\/de\\\/\",\"logo\":{\"@type\":\"ImageObject\",\"inLanguage\":\"de\",\"@id\":\"https:\\\/\\\/joyasyasmin.com\\\/de\\\/#\\\/schema\\\/logo\\\/image\\\/\",\"url\":\"https:\\\/\\\/joyasyasmin.com\\\/wp-content\\\/uploads\\\/2017\\\/06\\\/IMG-20200429-WA0051.jpg\",\"contentUrl\":\"https:\\\/\\\/joyasyasmin.com\\\/wp-content\\\/uploads\\\/2017\\\/06\\\/IMG-20200429-WA0051.jpg\",\"width\":1080,\"height\":545,\"caption\":\"joyas yasmin\"},\"image\":{\"@id\":\"https:\\\/\\\/joyasyasmin.com\\\/de\\\/#\\\/schema\\\/logo\\\/image\\\/\"},\"sameAs\":[\"https:\\\/\\\/www.facebook.com\\\/Joyas-Yasmin-217664058934169\\\/\",\"https:\\\/\\\/www.instagram.com\\\/invites\\\/contact\\\/\"]}]}<\/script>\n<!-- \/ Yoast SEO plugin. -->","yoast_head_json":{"title":"Anh\u00e4nger aus Moldavitstein - Yasmin","description":"Entdecken Sie die kosmische Energie des mit Silber \u00fcberzogenen Anh\u00e4ngers aus Moldavitstein. Erh\u00f6hen Sie Ihre Schwingung und ziehen Sie spirituelle Transformation an, Gr\u00f6\u00dfe 11m.","robots":{"index":"index","follow":"follow","max-snippet":"max-snippet:-1","max-image-preview":"max-image-preview:large","max-video-preview":"max-video-preview:-1"},"canonical":"https:\/\/joyasyasmin.com\/de\/producto\/anhaenger-aus-moldavitstein\/","og_locale":"de_DE","og_title":"Anh\u00e4nger aus Moldavitstein - Yasmin","og_description":"Entdecken Sie die kosmische Energie des mit Silber \u00fcberzogenen Anh\u00e4ngers aus Moldavitstein. Erh\u00f6hen Sie Ihre Schwingung und ziehen Sie spirituelle Transformation an, Gr\u00f6\u00dfe 11m.","og_url":"https:\/\/joyasyasmin.com\/de\/producto\/anhaenger-aus-moldavitstein\/","og_site_name":"Yasmin","article_publisher":"https:\/\/www.facebook.com\/Joyas-Yasmin-217664058934169\/","og_image":[{"width":1000,"height":1000,"url":"https:\/\/joyasyasmin.com\/wp-content\/uploads\/2025\/10\/cadena-con-moldavita.jpg","type":"image\/jpeg"}],"twitter_card":"summary_large_image","schema":{"@context":"https:\/\/schema.org","@graph":[{"@type":["WebPage","ItemPage"],"@id":"https:\/\/joyasyasmin.com\/de\/producto\/anhaenger-aus-moldavitstein\/","url":"https:\/\/joyasyasmin.com\/de\/producto\/anhaenger-aus-moldavitstein\/","name":"Anh\u00e4nger aus Moldavitstein - Yasmin","isPartOf":{"@id":"https:\/\/joyasyasmin.com\/de\/#website"},"primaryImageOfPage":{"@id":"https:\/\/joyasyasmin.com\/de\/producto\/anhaenger-aus-moldavitstein\/#primaryimage"},"image":{"@id":"https:\/\/joyasyasmin.com\/de\/producto\/anhaenger-aus-moldavitstein\/#primaryimage"},"thumbnailUrl":"https:\/\/joyasyasmin.com\/wp-content\/uploads\/2025\/10\/cadena-con-moldavita.jpg","datePublished":"2025-10-30T13:28:56+00:00","description":"Entdecken Sie die kosmische Energie des mit Silber \u00fcberzogenen Anh\u00e4ngers aus Moldavitstein. Erh\u00f6hen Sie Ihre Schwingung und ziehen Sie spirituelle Transformation an, Gr\u00f6\u00dfe 11m.","breadcrumb":{"@id":"https:\/\/joyasyasmin.com\/de\/producto\/anhaenger-aus-moldavitstein\/#breadcrumb"},"inLanguage":"de","potentialAction":[{"@type":"ReadAction","target":["https:\/\/joyasyasmin.com\/de\/producto\/anhaenger-aus-moldavitstein\/"]}]},{"@type":"ImageObject","inLanguage":"de","@id":"https:\/\/joyasyasmin.com\/de\/producto\/anhaenger-aus-moldavitstein\/#primaryimage","url":"https:\/\/joyasyasmin.com\/wp-content\/uploads\/2025\/10\/cadena-con-moldavita.jpg","contentUrl":"https:\/\/joyasyasmin.com\/wp-content\/uploads\/2025\/10\/cadena-con-moldavita.jpg","width":1000,"height":1000,"caption":"Moldavit Anh\u00e4nger mit Kette zu verkaufen"},{"@type":"BreadcrumbList","@id":"https:\/\/joyasyasmin.com\/de\/producto\/anhaenger-aus-moldavitstein\/#breadcrumb","itemListElement":[{"@type":"ListItem","position":1,"name":"Portada","item":"https:\/\/joyasyasmin.com\/de\/heim\/"},{"@type":"ListItem","position":2,"name":"Shop","item":"https:\/\/joyasyasmin.com\/de\/shop\/"},{"@type":"ListItem","position":3,"name":"Anh\u00e4nger aus Moldavitstein"}]},{"@type":"WebSite","@id":"https:\/\/joyasyasmin.com\/de\/#website","url":"https:\/\/joyasyasmin.com\/de\/","name":"Yasmin","description":"Joyer\u00eda de Plata 925 - Pendientes, pulseras, anillos, colgantes y m\u00e1s!","publisher":{"@id":"https:\/\/joyasyasmin.com\/de\/#organization"},"potentialAction":[{"@type":"SearchAction","target":{"@type":"EntryPoint","urlTemplate":"https:\/\/joyasyasmin.com\/de\/?s={search_term_string}"},"query-input":{"@type":"PropertyValueSpecification","valueRequired":true,"valueName":"search_term_string"}}],"inLanguage":"de"},{"@type":"Organization","@id":"https:\/\/joyasyasmin.com\/de\/#organization","name":"joyas yasmin","url":"https:\/\/joyasyasmin.com\/de\/","logo":{"@type":"ImageObject","inLanguage":"de","@id":"https:\/\/joyasyasmin.com\/de\/#\/schema\/logo\/image\/","url":"https:\/\/joyasyasmin.com\/wp-content\/uploads\/2017\/06\/IMG-20200429-WA0051.jpg","contentUrl":"https:\/\/joyasyasmin.com\/wp-content\/uploads\/2017\/06\/IMG-20200429-WA0051.jpg","width":1080,"height":545,"caption":"joyas yasmin"},"image":{"@id":"https:\/\/joyasyasmin.com\/de\/#\/schema\/logo\/image\/"},"sameAs":["https:\/\/www.facebook.com\/Joyas-Yasmin-217664058934169\/","https:\/\/www.instagram.com\/invites\/contact\/"]}]}},"_links":{"self":[{"href":"https:\/\/joyasyasmin.com\/de\/wp-json\/wp\/v2\/product\/35694","targetHints":{"allow":["GET"]}}],"collection":[{"href":"https:\/\/joyasyasmin.com\/de\/wp-json\/wp\/v2\/product"}],"about":[{"href":"https:\/\/joyasyasmin.com\/de\/wp-json\/wp\/v2\/types\/product"}],"replies":[{"embeddable":true,"href":"https:\/\/joyasyasmin.com\/de\/wp-json\/wp\/v2\/comments?post=35694"}],"version-history":[{"count":0,"href":"https:\/\/joyasyasmin.com\/de\/wp-json\/wp\/v2\/product\/35694\/revisions"}],"wp:featuredmedia":[{"embeddable":true,"href":"https:\/\/joyasyasmin.com\/de\/wp-json\/wp\/v2\/media\/35443"}],"wp:attachment":[{"href":"https:\/\/joyasyasmin.com\/de\/wp-json\/wp\/v2\/media?parent=35694"}],"wp:term":[{"taxonomy":"product_brand","embeddable":true,"href":"https:\/\/joyasyasmin.com\/de\/wp-json\/wp\/v2\/product_brand?post=35694"},{"taxonomy":"product_cat","embeddable":true,"href":"https:\/\/joyasyasmin.com\/de\/wp-json\/wp\/v2\/product_cat?post=35694"},{"taxonomy":"product_tag","embeddable":true,"href":"https:\/\/joyasyasmin.com\/de\/wp-json\/wp\/v2\/product_tag?post=35694"}],"curies":[{"name":"wp","href":"https:\/\/api.w.org\/{rel}","templated":true}]}}