{"id":37483,"date":"2026-01-14T18:29:33","date_gmt":"2026-01-14T18:29:33","guid":{"rendered":"https:\/\/joyasyasmin.com\/producto\/yasmin-creol-ohrringe\/"},"modified":"2026-01-14T18:29:33","modified_gmt":"2026-01-14T18:29:33","slug":"yasmin-creol-ohrringe","status":"publish","type":"product","link":"https:\/\/joyasyasmin.com\/de\/producto\/yasmin-creol-ohrringe\/","title":{"rendered":"Yasmin-Creol-Ohrringe"},"content":{"rendered":"","protected":false},"excerpt":{"rendered":"<p>Yasmin-Creol-Ohrringe aus Silber, mit einem zarten offenen Design, das Glanz und Eleganz verleiht. Sie sind 25 mm lang und haben einen Druckknopfverschluss f\u00fcr mehr Komfort und Sicherheit. Erh\u00e4ltlich in Silber und 18-karat-vergoldetem Silber mit drei Mikrometern, ideal f\u00fcr einen eleganten und aktuellen Look.  <\/p>\n","protected":false},"featured_media":37007,"comment_status":"open","ping_status":"closed","template":"","meta":{"_acf_changed":false,"_joinchat":[]},"product_brand":[],"product_cat":[1770],"product_tag":[1928],"class_list":{"0":"post-37483","1":"product","2":"type-product","3":"status-publish","4":"has-post-thumbnail","6":"product_cat-ohrringe-und-ohrringe","7":"product_tag-neue-kollektion","9":"first","10":"instock","11":"shipping-taxable","12":"purchasable","13":"product-type-variable"},"acf":[],"yoast_head":"<!-- This site is optimized with the Yoast SEO plugin v27.2 - https:\/\/yoast.com\/product\/yoast-seo-wordpress\/ -->\n<title>Yasmin-Creol-Ohrringe - Yasmin<\/title>\n<meta name=\"description\" content=\"Yasmin Hoops Ohrringe aus 25 mm Silber oder 18 karat vergoldetem Silber mit Druckknopfverschluss. Elegantes und anspruchsvolles Design f\u00fcr den t\u00e4glichen Gebrauch.\" \/>\n<meta name=\"robots\" content=\"index, follow, max-snippet:-1, max-image-preview:large, max-video-preview:-1\" \/>\n<link rel=\"canonical\" href=\"https:\/\/joyasyasmin.com\/de\/producto\/yasmin-creol-ohrringe\/\" \/>\n<meta property=\"og:locale\" content=\"de_DE\" \/>\n<meta property=\"og:title\" content=\"Yasmin-Creol-Ohrringe - Yasmin\" \/>\n<meta property=\"og:description\" content=\"Yasmin Hoops Ohrringe aus 25 mm Silber oder 18 karat vergoldetem Silber mit Druckknopfverschluss. Elegantes und anspruchsvolles Design f\u00fcr den t\u00e4glichen Gebrauch.\" \/>\n<meta property=\"og:url\" content=\"https:\/\/joyasyasmin.com\/de\/producto\/yasmin-creol-ohrringe\/\" \/>\n<meta property=\"og:site_name\" content=\"Yasmin\" \/>\n<meta property=\"article:publisher\" content=\"https:\/\/www.facebook.com\/Joyas-Yasmin-217664058934169\/\" \/>\n<meta property=\"og:image\" content=\"https:\/\/joyasyasmin.com\/wp-content\/uploads\/2026\/01\/pendientes-yasmin.jpg\" \/>\n\t<meta property=\"og:image:width\" content=\"1000\" \/>\n\t<meta property=\"og:image:height\" content=\"1000\" \/>\n\t<meta property=\"og:image:type\" content=\"image\/jpeg\" \/>\n<meta name=\"twitter:card\" content=\"summary_large_image\" \/>\n<script type=\"application\/ld+json\" class=\"yoast-schema-graph\">{\"@context\":\"https:\/\/schema.org\",\"@graph\":[{\"@type\":[\"WebPage\",\"ItemPage\"],\"@id\":\"https:\/\/joyasyasmin.com\/de\/producto\/yasmin-creol-ohrringe\/\",\"url\":\"https:\/\/joyasyasmin.com\/de\/producto\/yasmin-creol-ohrringe\/\",\"name\":\"Yasmin-Creol-Ohrringe - Yasmin\",\"isPartOf\":{\"@id\":\"https:\/\/joyasyasmin.com\/de\/#website\"},\"primaryImageOfPage\":{\"@id\":\"https:\/\/joyasyasmin.com\/de\/producto\/yasmin-creol-ohrringe\/#primaryimage\"},\"image\":{\"@id\":\"https:\/\/joyasyasmin.com\/de\/producto\/yasmin-creol-ohrringe\/#primaryimage\"},\"thumbnailUrl\":\"https:\/\/joyasyasmin.com\/wp-content\/uploads\/2026\/01\/pendientes-yasmin.jpg\",\"datePublished\":\"2026-01-14T18:29:33+00:00\",\"description\":\"Yasmin Hoops Ohrringe aus 25 mm Silber oder 18 karat vergoldetem Silber mit Druckknopfverschluss. Elegantes und anspruchsvolles Design f\u00fcr den t\u00e4glichen Gebrauch.\",\"breadcrumb\":{\"@id\":\"https:\/\/joyasyasmin.com\/de\/producto\/yasmin-creol-ohrringe\/#breadcrumb\"},\"inLanguage\":\"de\",\"potentialAction\":[{\"@type\":\"ReadAction\",\"target\":[\"https:\/\/joyasyasmin.com\/de\/producto\/yasmin-creol-ohrringe\/\"]}]},{\"@type\":\"ImageObject\",\"inLanguage\":\"de\",\"@id\":\"https:\/\/joyasyasmin.com\/de\/producto\/yasmin-creol-ohrringe\/#primaryimage\",\"url\":\"https:\/\/joyasyasmin.com\/wp-content\/uploads\/2026\/01\/pendientes-yasmin.jpg\",\"contentUrl\":\"https:\/\/joyasyasmin.com\/wp-content\/uploads\/2026\/01\/pendientes-yasmin.jpg\",\"width\":1000,\"height\":1000,\"caption\":\"Yasmin-Creolohrringe zum Verkauf in 925 Sterlingsilber\"},{\"@type\":\"BreadcrumbList\",\"@id\":\"https:\/\/joyasyasmin.com\/de\/producto\/yasmin-creol-ohrringe\/#breadcrumb\",\"itemListElement\":[{\"@type\":\"ListItem\",\"position\":1,\"name\":\"Portada\",\"item\":\"https:\/\/joyasyasmin.com\/de\/heim\/\"},{\"@type\":\"ListItem\",\"position\":2,\"name\":\"Shop\",\"item\":\"https:\/\/joyasyasmin.com\/de\/shop\/\"},{\"@type\":\"ListItem\",\"position\":3,\"name\":\"Yasmin-Creol-Ohrringe\"}]},{\"@type\":\"WebSite\",\"@id\":\"https:\/\/joyasyasmin.com\/de\/#website\",\"url\":\"https:\/\/joyasyasmin.com\/de\/\",\"name\":\"Yasmin\",\"description\":\"Joyer\u00eda de Plata 925 - Pendientes, pulseras, anillos, colgantes y m\u00e1s!\",\"publisher\":{\"@id\":\"https:\/\/joyasyasmin.com\/de\/#organization\"},\"potentialAction\":[{\"@type\":\"SearchAction\",\"target\":{\"@type\":\"EntryPoint\",\"urlTemplate\":\"https:\/\/joyasyasmin.com\/de\/?s={search_term_string}\"},\"query-input\":{\"@type\":\"PropertyValueSpecification\",\"valueRequired\":true,\"valueName\":\"search_term_string\"}}],\"inLanguage\":\"de\"},{\"@type\":\"Organization\",\"@id\":\"https:\/\/joyasyasmin.com\/de\/#organization\",\"name\":\"joyas yasmin\",\"url\":\"https:\/\/joyasyasmin.com\/de\/\",\"logo\":{\"@type\":\"ImageObject\",\"inLanguage\":\"de\",\"@id\":\"https:\/\/joyasyasmin.com\/de\/#\/schema\/logo\/image\/\",\"url\":\"https:\/\/joyasyasmin.com\/wp-content\/uploads\/2017\/06\/IMG-20200429-WA0051.jpg\",\"contentUrl\":\"https:\/\/joyasyasmin.com\/wp-content\/uploads\/2017\/06\/IMG-20200429-WA0051.jpg\",\"width\":1080,\"height\":545,\"caption\":\"joyas yasmin\"},\"image\":{\"@id\":\"https:\/\/joyasyasmin.com\/de\/#\/schema\/logo\/image\/\"},\"sameAs\":[\"https:\/\/www.facebook.com\/Joyas-Yasmin-217664058934169\/\",\"https:\/\/www.instagram.com\/invites\/contact\/\"]}]}<\/script>\n<!-- \/ Yoast SEO plugin. -->","yoast_head_json":{"title":"Yasmin-Creol-Ohrringe - Yasmin","description":"Yasmin Hoops Ohrringe aus 25 mm Silber oder 18 karat vergoldetem Silber mit Druckknopfverschluss. Elegantes und anspruchsvolles Design f\u00fcr den t\u00e4glichen Gebrauch.","robots":{"index":"index","follow":"follow","max-snippet":"max-snippet:-1","max-image-preview":"max-image-preview:large","max-video-preview":"max-video-preview:-1"},"canonical":"https:\/\/joyasyasmin.com\/de\/producto\/yasmin-creol-ohrringe\/","og_locale":"de_DE","og_title":"Yasmin-Creol-Ohrringe - Yasmin","og_description":"Yasmin Hoops Ohrringe aus 25 mm Silber oder 18 karat vergoldetem Silber mit Druckknopfverschluss. Elegantes und anspruchsvolles Design f\u00fcr den t\u00e4glichen Gebrauch.","og_url":"https:\/\/joyasyasmin.com\/de\/producto\/yasmin-creol-ohrringe\/","og_site_name":"Yasmin","article_publisher":"https:\/\/www.facebook.com\/Joyas-Yasmin-217664058934169\/","og_image":[{"width":1000,"height":1000,"url":"https:\/\/joyasyasmin.com\/wp-content\/uploads\/2026\/01\/pendientes-yasmin.jpg","type":"image\/jpeg"}],"twitter_card":"summary_large_image","schema":{"@context":"https:\/\/schema.org","@graph":[{"@type":["WebPage","ItemPage"],"@id":"https:\/\/joyasyasmin.com\/de\/producto\/yasmin-creol-ohrringe\/","url":"https:\/\/joyasyasmin.com\/de\/producto\/yasmin-creol-ohrringe\/","name":"Yasmin-Creol-Ohrringe - Yasmin","isPartOf":{"@id":"https:\/\/joyasyasmin.com\/de\/#website"},"primaryImageOfPage":{"@id":"https:\/\/joyasyasmin.com\/de\/producto\/yasmin-creol-ohrringe\/#primaryimage"},"image":{"@id":"https:\/\/joyasyasmin.com\/de\/producto\/yasmin-creol-ohrringe\/#primaryimage"},"thumbnailUrl":"https:\/\/joyasyasmin.com\/wp-content\/uploads\/2026\/01\/pendientes-yasmin.jpg","datePublished":"2026-01-14T18:29:33+00:00","description":"Yasmin Hoops Ohrringe aus 25 mm Silber oder 18 karat vergoldetem Silber mit Druckknopfverschluss. Elegantes und anspruchsvolles Design f\u00fcr den t\u00e4glichen Gebrauch.","breadcrumb":{"@id":"https:\/\/joyasyasmin.com\/de\/producto\/yasmin-creol-ohrringe\/#breadcrumb"},"inLanguage":"de","potentialAction":[{"@type":"ReadAction","target":["https:\/\/joyasyasmin.com\/de\/producto\/yasmin-creol-ohrringe\/"]}]},{"@type":"ImageObject","inLanguage":"de","@id":"https:\/\/joyasyasmin.com\/de\/producto\/yasmin-creol-ohrringe\/#primaryimage","url":"https:\/\/joyasyasmin.com\/wp-content\/uploads\/2026\/01\/pendientes-yasmin.jpg","contentUrl":"https:\/\/joyasyasmin.com\/wp-content\/uploads\/2026\/01\/pendientes-yasmin.jpg","width":1000,"height":1000,"caption":"Yasmin-Creolohrringe zum Verkauf in 925 Sterlingsilber"},{"@type":"BreadcrumbList","@id":"https:\/\/joyasyasmin.com\/de\/producto\/yasmin-creol-ohrringe\/#breadcrumb","itemListElement":[{"@type":"ListItem","position":1,"name":"Portada","item":"https:\/\/joyasyasmin.com\/de\/heim\/"},{"@type":"ListItem","position":2,"name":"Shop","item":"https:\/\/joyasyasmin.com\/de\/shop\/"},{"@type":"ListItem","position":3,"name":"Yasmin-Creol-Ohrringe"}]},{"@type":"WebSite","@id":"https:\/\/joyasyasmin.com\/de\/#website","url":"https:\/\/joyasyasmin.com\/de\/","name":"Yasmin","description":"Joyer\u00eda de Plata 925 - Pendientes, pulseras, anillos, colgantes y m\u00e1s!","publisher":{"@id":"https:\/\/joyasyasmin.com\/de\/#organization"},"potentialAction":[{"@type":"SearchAction","target":{"@type":"EntryPoint","urlTemplate":"https:\/\/joyasyasmin.com\/de\/?s={search_term_string}"},"query-input":{"@type":"PropertyValueSpecification","valueRequired":true,"valueName":"search_term_string"}}],"inLanguage":"de"},{"@type":"Organization","@id":"https:\/\/joyasyasmin.com\/de\/#organization","name":"joyas yasmin","url":"https:\/\/joyasyasmin.com\/de\/","logo":{"@type":"ImageObject","inLanguage":"de","@id":"https:\/\/joyasyasmin.com\/de\/#\/schema\/logo\/image\/","url":"https:\/\/joyasyasmin.com\/wp-content\/uploads\/2017\/06\/IMG-20200429-WA0051.jpg","contentUrl":"https:\/\/joyasyasmin.com\/wp-content\/uploads\/2017\/06\/IMG-20200429-WA0051.jpg","width":1080,"height":545,"caption":"joyas yasmin"},"image":{"@id":"https:\/\/joyasyasmin.com\/de\/#\/schema\/logo\/image\/"},"sameAs":["https:\/\/www.facebook.com\/Joyas-Yasmin-217664058934169\/","https:\/\/www.instagram.com\/invites\/contact\/"]}]}},"_links":{"self":[{"href":"https:\/\/joyasyasmin.com\/de\/wp-json\/wp\/v2\/product\/37483","targetHints":{"allow":["GET"]}}],"collection":[{"href":"https:\/\/joyasyasmin.com\/de\/wp-json\/wp\/v2\/product"}],"about":[{"href":"https:\/\/joyasyasmin.com\/de\/wp-json\/wp\/v2\/types\/product"}],"replies":[{"embeddable":true,"href":"https:\/\/joyasyasmin.com\/de\/wp-json\/wp\/v2\/comments?post=37483"}],"version-history":[{"count":0,"href":"https:\/\/joyasyasmin.com\/de\/wp-json\/wp\/v2\/product\/37483\/revisions"}],"wp:featuredmedia":[{"embeddable":true,"href":"https:\/\/joyasyasmin.com\/de\/wp-json\/wp\/v2\/media\/37007"}],"wp:attachment":[{"href":"https:\/\/joyasyasmin.com\/de\/wp-json\/wp\/v2\/media?parent=37483"}],"wp:term":[{"taxonomy":"product_brand","embeddable":true,"href":"https:\/\/joyasyasmin.com\/de\/wp-json\/wp\/v2\/product_brand?post=37483"},{"taxonomy":"product_cat","embeddable":true,"href":"https:\/\/joyasyasmin.com\/de\/wp-json\/wp\/v2\/product_cat?post=37483"},{"taxonomy":"product_tag","embeddable":true,"href":"https:\/\/joyasyasmin.com\/de\/wp-json\/wp\/v2\/product_tag?post=37483"}],"curies":[{"name":"wp","href":"https:\/\/api.w.org\/{rel}","templated":true}]}}