{"id":37873,"date":"2026-02-02T21:33:31","date_gmt":"2026-02-02T21:33:31","guid":{"rendered":"https:\/\/joyasyasmin.com\/producto\/du-und-ich-armband\/"},"modified":"2026-02-02T21:33:31","modified_gmt":"2026-02-02T21:33:31","slug":"du-und-ich-armband","status":"publish","type":"product","link":"https:\/\/joyasyasmin.com\/de\/producto\/du-und-ich-armband\/","title":{"rendered":"Du-und-ich-Armband"},"content":{"rendered":"","protected":false},"excerpt":{"rendered":"<p>Du-und-ich-Armband aus 925 Silber, mit zwei ineinander verschlungenen Herzen von 15 mm, wobei eines etwas gr\u00f6\u00dfer ist als das andere, was Einheit und Verbindung symbolisiert. Das Armband hat eine Dicke von 2 mm und eine verstellbare L\u00e4nge von 17 + 3 cm und bietet komfortables und vielseitiges Tragen. Ein romantisches und elegantes Design, ideal f\u00fcr den t\u00e4glichen Gebrauch oder Geschenke.  <\/p>\n","protected":false},"featured_media":37832,"comment_status":"open","ping_status":"closed","template":"","meta":{"_acf_changed":false,"_joinchat":[]},"product_brand":[],"product_cat":[1787],"product_tag":[1928],"class_list":{"0":"post-37873","1":"product","2":"type-product","3":"status-publish","4":"has-post-thumbnail","6":"product_cat-armbander","7":"product_tag-neue-kollektion","9":"first","10":"instock","11":"shipping-taxable","12":"purchasable","13":"product-type-simple"},"acf":[],"yoast_head":"<!-- This site is optimized with the Yoast SEO plugin v27.2 - https:\/\/yoast.com\/product\/yoast-seo-wordpress\/ -->\n<title>Du-und-ich-Armband - Yasmin<\/title>\n<meta name=\"description\" content=\"Du und ich-Armband aus 925er Silber mit zwei ineinander verschlungenen Herzen von 15 mm. Verstellbare L\u00e4nge von 17 + 3 cm und eine Dicke von 2 mm, romantisches und elegantes Design.\" \/>\n<meta name=\"robots\" content=\"index, follow, max-snippet:-1, max-image-preview:large, max-video-preview:-1\" \/>\n<link rel=\"canonical\" href=\"https:\/\/joyasyasmin.com\/de\/producto\/du-und-ich-armband\/\" \/>\n<meta property=\"og:locale\" content=\"de_DE\" \/>\n<meta property=\"og:title\" content=\"Du-und-ich-Armband - Yasmin\" \/>\n<meta property=\"og:description\" content=\"Du und ich-Armband aus 925er Silber mit zwei ineinander verschlungenen Herzen von 15 mm. Verstellbare L\u00e4nge von 17 + 3 cm und eine Dicke von 2 mm, romantisches und elegantes Design.\" \/>\n<meta property=\"og:url\" content=\"https:\/\/joyasyasmin.com\/de\/producto\/du-und-ich-armband\/\" \/>\n<meta property=\"og:site_name\" content=\"Yasmin\" \/>\n<meta property=\"article:publisher\" content=\"https:\/\/www.facebook.com\/Joyas-Yasmin-217664058934169\/\" \/>\n<meta property=\"og:image\" content=\"https:\/\/joyasyasmin.com\/wp-content\/uploads\/2026\/02\/pulsera-corazon-tu-y-yo.jpg\" \/>\n\t<meta property=\"og:image:width\" content=\"1000\" \/>\n\t<meta property=\"og:image:height\" content=\"1000\" \/>\n\t<meta property=\"og:image:type\" content=\"image\/jpeg\" \/>\n<meta name=\"twitter:card\" content=\"summary_large_image\" \/>\n<script type=\"application\/ld+json\" class=\"yoast-schema-graph\">{\"@context\":\"https:\/\/schema.org\",\"@graph\":[{\"@type\":[\"WebPage\",\"ItemPage\"],\"@id\":\"https:\/\/joyasyasmin.com\/de\/producto\/du-und-ich-armband\/\",\"url\":\"https:\/\/joyasyasmin.com\/de\/producto\/du-und-ich-armband\/\",\"name\":\"Du-und-ich-Armband - Yasmin\",\"isPartOf\":{\"@id\":\"https:\/\/joyasyasmin.com\/de\/#website\"},\"primaryImageOfPage\":{\"@id\":\"https:\/\/joyasyasmin.com\/de\/producto\/du-und-ich-armband\/#primaryimage\"},\"image\":{\"@id\":\"https:\/\/joyasyasmin.com\/de\/producto\/du-und-ich-armband\/#primaryimage\"},\"thumbnailUrl\":\"https:\/\/joyasyasmin.com\/wp-content\/uploads\/2026\/02\/pulsera-corazon-tu-y-yo.jpg\",\"datePublished\":\"2026-02-02T21:33:31+00:00\",\"description\":\"Du und ich-Armband aus 925er Silber mit zwei ineinander verschlungenen Herzen von 15 mm. Verstellbare L\u00e4nge von 17 + 3 cm und eine Dicke von 2 mm, romantisches und elegantes Design.\",\"breadcrumb\":{\"@id\":\"https:\/\/joyasyasmin.com\/de\/producto\/du-und-ich-armband\/#breadcrumb\"},\"inLanguage\":\"de\",\"potentialAction\":[{\"@type\":\"ReadAction\",\"target\":[\"https:\/\/joyasyasmin.com\/de\/producto\/du-und-ich-armband\/\"]}]},{\"@type\":\"ImageObject\",\"inLanguage\":\"de\",\"@id\":\"https:\/\/joyasyasmin.com\/de\/producto\/du-und-ich-armband\/#primaryimage\",\"url\":\"https:\/\/joyasyasmin.com\/wp-content\/uploads\/2026\/02\/pulsera-corazon-tu-y-yo.jpg\",\"contentUrl\":\"https:\/\/joyasyasmin.com\/wp-content\/uploads\/2026\/02\/pulsera-corazon-tu-y-yo.jpg\",\"width\":1000,\"height\":1000,\"caption\":\"Verkauf des du-und-mir-Armbands in 925 Silber\"},{\"@type\":\"BreadcrumbList\",\"@id\":\"https:\/\/joyasyasmin.com\/de\/producto\/du-und-ich-armband\/#breadcrumb\",\"itemListElement\":[{\"@type\":\"ListItem\",\"position\":1,\"name\":\"Portada\",\"item\":\"https:\/\/joyasyasmin.com\/de\/heim\/\"},{\"@type\":\"ListItem\",\"position\":2,\"name\":\"Shop\",\"item\":\"https:\/\/joyasyasmin.com\/de\/shop\/\"},{\"@type\":\"ListItem\",\"position\":3,\"name\":\"Du-und-ich-Armband\"}]},{\"@type\":\"WebSite\",\"@id\":\"https:\/\/joyasyasmin.com\/de\/#website\",\"url\":\"https:\/\/joyasyasmin.com\/de\/\",\"name\":\"Yasmin\",\"description\":\"Joyer\u00eda de Plata 925 - Pendientes, pulseras, anillos, colgantes y m\u00e1s!\",\"publisher\":{\"@id\":\"https:\/\/joyasyasmin.com\/de\/#organization\"},\"potentialAction\":[{\"@type\":\"SearchAction\",\"target\":{\"@type\":\"EntryPoint\",\"urlTemplate\":\"https:\/\/joyasyasmin.com\/de\/?s={search_term_string}\"},\"query-input\":{\"@type\":\"PropertyValueSpecification\",\"valueRequired\":true,\"valueName\":\"search_term_string\"}}],\"inLanguage\":\"de\"},{\"@type\":\"Organization\",\"@id\":\"https:\/\/joyasyasmin.com\/de\/#organization\",\"name\":\"joyas yasmin\",\"url\":\"https:\/\/joyasyasmin.com\/de\/\",\"logo\":{\"@type\":\"ImageObject\",\"inLanguage\":\"de\",\"@id\":\"https:\/\/joyasyasmin.com\/de\/#\/schema\/logo\/image\/\",\"url\":\"https:\/\/joyasyasmin.com\/wp-content\/uploads\/2017\/06\/IMG-20200429-WA0051.jpg\",\"contentUrl\":\"https:\/\/joyasyasmin.com\/wp-content\/uploads\/2017\/06\/IMG-20200429-WA0051.jpg\",\"width\":1080,\"height\":545,\"caption\":\"joyas yasmin\"},\"image\":{\"@id\":\"https:\/\/joyasyasmin.com\/de\/#\/schema\/logo\/image\/\"},\"sameAs\":[\"https:\/\/www.facebook.com\/Joyas-Yasmin-217664058934169\/\",\"https:\/\/www.instagram.com\/invites\/contact\/\"]}]}<\/script>\n<!-- \/ Yoast SEO plugin. -->","yoast_head_json":{"title":"Du-und-ich-Armband - Yasmin","description":"Du und ich-Armband aus 925er Silber mit zwei ineinander verschlungenen Herzen von 15 mm. Verstellbare L\u00e4nge von 17 + 3 cm und eine Dicke von 2 mm, romantisches und elegantes Design.","robots":{"index":"index","follow":"follow","max-snippet":"max-snippet:-1","max-image-preview":"max-image-preview:large","max-video-preview":"max-video-preview:-1"},"canonical":"https:\/\/joyasyasmin.com\/de\/producto\/du-und-ich-armband\/","og_locale":"de_DE","og_title":"Du-und-ich-Armband - Yasmin","og_description":"Du und ich-Armband aus 925er Silber mit zwei ineinander verschlungenen Herzen von 15 mm. Verstellbare L\u00e4nge von 17 + 3 cm und eine Dicke von 2 mm, romantisches und elegantes Design.","og_url":"https:\/\/joyasyasmin.com\/de\/producto\/du-und-ich-armband\/","og_site_name":"Yasmin","article_publisher":"https:\/\/www.facebook.com\/Joyas-Yasmin-217664058934169\/","og_image":[{"width":1000,"height":1000,"url":"https:\/\/joyasyasmin.com\/wp-content\/uploads\/2026\/02\/pulsera-corazon-tu-y-yo.jpg","type":"image\/jpeg"}],"twitter_card":"summary_large_image","schema":{"@context":"https:\/\/schema.org","@graph":[{"@type":["WebPage","ItemPage"],"@id":"https:\/\/joyasyasmin.com\/de\/producto\/du-und-ich-armband\/","url":"https:\/\/joyasyasmin.com\/de\/producto\/du-und-ich-armband\/","name":"Du-und-ich-Armband - Yasmin","isPartOf":{"@id":"https:\/\/joyasyasmin.com\/de\/#website"},"primaryImageOfPage":{"@id":"https:\/\/joyasyasmin.com\/de\/producto\/du-und-ich-armband\/#primaryimage"},"image":{"@id":"https:\/\/joyasyasmin.com\/de\/producto\/du-und-ich-armband\/#primaryimage"},"thumbnailUrl":"https:\/\/joyasyasmin.com\/wp-content\/uploads\/2026\/02\/pulsera-corazon-tu-y-yo.jpg","datePublished":"2026-02-02T21:33:31+00:00","description":"Du und ich-Armband aus 925er Silber mit zwei ineinander verschlungenen Herzen von 15 mm. Verstellbare L\u00e4nge von 17 + 3 cm und eine Dicke von 2 mm, romantisches und elegantes Design.","breadcrumb":{"@id":"https:\/\/joyasyasmin.com\/de\/producto\/du-und-ich-armband\/#breadcrumb"},"inLanguage":"de","potentialAction":[{"@type":"ReadAction","target":["https:\/\/joyasyasmin.com\/de\/producto\/du-und-ich-armband\/"]}]},{"@type":"ImageObject","inLanguage":"de","@id":"https:\/\/joyasyasmin.com\/de\/producto\/du-und-ich-armband\/#primaryimage","url":"https:\/\/joyasyasmin.com\/wp-content\/uploads\/2026\/02\/pulsera-corazon-tu-y-yo.jpg","contentUrl":"https:\/\/joyasyasmin.com\/wp-content\/uploads\/2026\/02\/pulsera-corazon-tu-y-yo.jpg","width":1000,"height":1000,"caption":"Verkauf des du-und-mir-Armbands in 925 Silber"},{"@type":"BreadcrumbList","@id":"https:\/\/joyasyasmin.com\/de\/producto\/du-und-ich-armband\/#breadcrumb","itemListElement":[{"@type":"ListItem","position":1,"name":"Portada","item":"https:\/\/joyasyasmin.com\/de\/heim\/"},{"@type":"ListItem","position":2,"name":"Shop","item":"https:\/\/joyasyasmin.com\/de\/shop\/"},{"@type":"ListItem","position":3,"name":"Du-und-ich-Armband"}]},{"@type":"WebSite","@id":"https:\/\/joyasyasmin.com\/de\/#website","url":"https:\/\/joyasyasmin.com\/de\/","name":"Yasmin","description":"Joyer\u00eda de Plata 925 - Pendientes, pulseras, anillos, colgantes y m\u00e1s!","publisher":{"@id":"https:\/\/joyasyasmin.com\/de\/#organization"},"potentialAction":[{"@type":"SearchAction","target":{"@type":"EntryPoint","urlTemplate":"https:\/\/joyasyasmin.com\/de\/?s={search_term_string}"},"query-input":{"@type":"PropertyValueSpecification","valueRequired":true,"valueName":"search_term_string"}}],"inLanguage":"de"},{"@type":"Organization","@id":"https:\/\/joyasyasmin.com\/de\/#organization","name":"joyas yasmin","url":"https:\/\/joyasyasmin.com\/de\/","logo":{"@type":"ImageObject","inLanguage":"de","@id":"https:\/\/joyasyasmin.com\/de\/#\/schema\/logo\/image\/","url":"https:\/\/joyasyasmin.com\/wp-content\/uploads\/2017\/06\/IMG-20200429-WA0051.jpg","contentUrl":"https:\/\/joyasyasmin.com\/wp-content\/uploads\/2017\/06\/IMG-20200429-WA0051.jpg","width":1080,"height":545,"caption":"joyas yasmin"},"image":{"@id":"https:\/\/joyasyasmin.com\/de\/#\/schema\/logo\/image\/"},"sameAs":["https:\/\/www.facebook.com\/Joyas-Yasmin-217664058934169\/","https:\/\/www.instagram.com\/invites\/contact\/"]}]}},"_links":{"self":[{"href":"https:\/\/joyasyasmin.com\/de\/wp-json\/wp\/v2\/product\/37873","targetHints":{"allow":["GET"]}}],"collection":[{"href":"https:\/\/joyasyasmin.com\/de\/wp-json\/wp\/v2\/product"}],"about":[{"href":"https:\/\/joyasyasmin.com\/de\/wp-json\/wp\/v2\/types\/product"}],"replies":[{"embeddable":true,"href":"https:\/\/joyasyasmin.com\/de\/wp-json\/wp\/v2\/comments?post=37873"}],"version-history":[{"count":0,"href":"https:\/\/joyasyasmin.com\/de\/wp-json\/wp\/v2\/product\/37873\/revisions"}],"wp:featuredmedia":[{"embeddable":true,"href":"https:\/\/joyasyasmin.com\/de\/wp-json\/wp\/v2\/media\/37832"}],"wp:attachment":[{"href":"https:\/\/joyasyasmin.com\/de\/wp-json\/wp\/v2\/media?parent=37873"}],"wp:term":[{"taxonomy":"product_brand","embeddable":true,"href":"https:\/\/joyasyasmin.com\/de\/wp-json\/wp\/v2\/product_brand?post=37873"},{"taxonomy":"product_cat","embeddable":true,"href":"https:\/\/joyasyasmin.com\/de\/wp-json\/wp\/v2\/product_cat?post=37873"},{"taxonomy":"product_tag","embeddable":true,"href":"https:\/\/joyasyasmin.com\/de\/wp-json\/wp\/v2\/product_tag?post=37873"}],"curies":[{"name":"wp","href":"https:\/\/api.w.org\/{rel}","templated":true}]}}