{"id":37886,"date":"2026-01-28T12:22:00","date_gmt":"2026-01-28T12:22:00","guid":{"rendered":"https:\/\/joyasyasmin.com\/producto\/gotland-amulettanhaenger\/"},"modified":"2026-01-28T12:22:00","modified_gmt":"2026-01-28T12:22:00","slug":"gotland-amulettanhaenger","status":"publish","type":"product","link":"https:\/\/joyasyasmin.com\/de\/producto\/gotland-amulettanhaenger\/","title":{"rendered":"Gotland-Amulettanh\u00e4nger"},"content":{"rendered":"","protected":false},"excerpt":{"rendered":"<p>Gotland-Amulett aus Silber, mit einem 12-mm-Anh\u00e4nger und einer 45 cm langen Kette, erh\u00e4ltlich mit Citrin oder Quarz. Dieses Ahnensymbol steht f\u00fcr Schutz, Gleichgewicht und spirituelle Verbindung und wird traditionell als Talisman positiver Energie verwendet. Citrin wird mit F\u00fclle und Vitalit\u00e4t assoziiert, w\u00e4hrend Quarz Harmonie und innere Klarheit symbolisiert.  <\/p>\n","protected":false},"featured_media":37716,"comment_status":"open","ping_status":"closed","template":"","meta":{"_acf_changed":false,"_joinchat":[]},"product_brand":[],"product_cat":[1874],"product_tag":[],"class_list":{"0":"post-37886","1":"product","2":"type-product","3":"status-publish","4":"has-post-thumbnail","6":"product_cat-anhanger","8":"first","9":"instock","10":"shipping-taxable","11":"purchasable","12":"product-type-variable"},"acf":[],"yoast_head":"<!-- This site is optimized with the Yoast SEO plugin v27.2 - https:\/\/yoast.com\/product\/yoast-seo-wordpress\/ -->\n<title>Gotland-Amulettanh\u00e4nger - Yasmin<\/title>\n<meta name=\"description\" content=\"12 mm silbernes Gotland-Amulett mit 45 cm Kette, erh\u00e4ltlich in Citrin oder Quarz. Symbol f\u00fcr Schutz, Gleichgewicht und positive Energie.\" \/>\n<meta name=\"robots\" content=\"index, follow, max-snippet:-1, max-image-preview:large, max-video-preview:-1\" \/>\n<link rel=\"canonical\" href=\"https:\/\/joyasyasmin.com\/de\/producto\/gotland-amulettanhaenger\/\" \/>\n<meta property=\"og:locale\" content=\"de_DE\" \/>\n<meta property=\"og:title\" content=\"Gotland-Amulettanh\u00e4nger - Yasmin\" \/>\n<meta property=\"og:description\" content=\"12 mm silbernes Gotland-Amulett mit 45 cm Kette, erh\u00e4ltlich in Citrin oder Quarz. Symbol f\u00fcr Schutz, Gleichgewicht und positive Energie.\" \/>\n<meta property=\"og:url\" content=\"https:\/\/joyasyasmin.com\/de\/producto\/gotland-amulettanhaenger\/\" \/>\n<meta property=\"og:site_name\" content=\"Yasmin\" \/>\n<meta property=\"article:publisher\" content=\"https:\/\/www.facebook.com\/Joyas-Yasmin-217664058934169\/\" \/>\n<meta property=\"og:image\" content=\"https:\/\/joyasyasmin.com\/wp-content\/uploads\/2026\/01\/colgante-goltrand-cuarzo.jpg\" \/>\n\t<meta property=\"og:image:width\" content=\"1000\" \/>\n\t<meta property=\"og:image:height\" content=\"1000\" \/>\n\t<meta property=\"og:image:type\" content=\"image\/jpeg\" \/>\n<meta name=\"twitter:card\" content=\"summary_large_image\" \/>\n<script type=\"application\/ld+json\" class=\"yoast-schema-graph\">{\"@context\":\"https:\/\/schema.org\",\"@graph\":[{\"@type\":[\"WebPage\",\"ItemPage\"],\"@id\":\"https:\/\/joyasyasmin.com\/de\/producto\/gotland-amulettanhaenger\/\",\"url\":\"https:\/\/joyasyasmin.com\/de\/producto\/gotland-amulettanhaenger\/\",\"name\":\"Gotland-Amulettanh\u00e4nger - Yasmin\",\"isPartOf\":{\"@id\":\"https:\/\/joyasyasmin.com\/de\/#website\"},\"primaryImageOfPage\":{\"@id\":\"https:\/\/joyasyasmin.com\/de\/producto\/gotland-amulettanhaenger\/#primaryimage\"},\"image\":{\"@id\":\"https:\/\/joyasyasmin.com\/de\/producto\/gotland-amulettanhaenger\/#primaryimage\"},\"thumbnailUrl\":\"https:\/\/joyasyasmin.com\/wp-content\/uploads\/2026\/01\/colgante-goltrand-cuarzo.jpg\",\"datePublished\":\"2026-01-28T12:22:00+00:00\",\"description\":\"12 mm silbernes Gotland-Amulett mit 45 cm Kette, erh\u00e4ltlich in Citrin oder Quarz. Symbol f\u00fcr Schutz, Gleichgewicht und positive Energie.\",\"breadcrumb\":{\"@id\":\"https:\/\/joyasyasmin.com\/de\/producto\/gotland-amulettanhaenger\/#breadcrumb\"},\"inLanguage\":\"de\",\"potentialAction\":[{\"@type\":\"ReadAction\",\"target\":[\"https:\/\/joyasyasmin.com\/de\/producto\/gotland-amulettanhaenger\/\"]}]},{\"@type\":\"ImageObject\",\"inLanguage\":\"de\",\"@id\":\"https:\/\/joyasyasmin.com\/de\/producto\/gotland-amulettanhaenger\/#primaryimage\",\"url\":\"https:\/\/joyasyasmin.com\/wp-content\/uploads\/2026\/01\/colgante-goltrand-cuarzo.jpg\",\"contentUrl\":\"https:\/\/joyasyasmin.com\/wp-content\/uploads\/2026\/01\/colgante-goltrand-cuarzo.jpg\",\"width\":1000,\"height\":1000,\"caption\":\"Gotland 925 Silberanh\u00e4nger zum Verkauf\"},{\"@type\":\"BreadcrumbList\",\"@id\":\"https:\/\/joyasyasmin.com\/de\/producto\/gotland-amulettanhaenger\/#breadcrumb\",\"itemListElement\":[{\"@type\":\"ListItem\",\"position\":1,\"name\":\"Portada\",\"item\":\"https:\/\/joyasyasmin.com\/de\/heim\/\"},{\"@type\":\"ListItem\",\"position\":2,\"name\":\"Shop\",\"item\":\"https:\/\/joyasyasmin.com\/de\/shop\/\"},{\"@type\":\"ListItem\",\"position\":3,\"name\":\"Gotland-Amulettanh\u00e4nger\"}]},{\"@type\":\"WebSite\",\"@id\":\"https:\/\/joyasyasmin.com\/de\/#website\",\"url\":\"https:\/\/joyasyasmin.com\/de\/\",\"name\":\"Yasmin\",\"description\":\"Joyer\u00eda de Plata 925 - Pendientes, pulseras, anillos, colgantes y m\u00e1s!\",\"publisher\":{\"@id\":\"https:\/\/joyasyasmin.com\/de\/#organization\"},\"potentialAction\":[{\"@type\":\"SearchAction\",\"target\":{\"@type\":\"EntryPoint\",\"urlTemplate\":\"https:\/\/joyasyasmin.com\/de\/?s={search_term_string}\"},\"query-input\":{\"@type\":\"PropertyValueSpecification\",\"valueRequired\":true,\"valueName\":\"search_term_string\"}}],\"inLanguage\":\"de\"},{\"@type\":\"Organization\",\"@id\":\"https:\/\/joyasyasmin.com\/de\/#organization\",\"name\":\"joyas yasmin\",\"url\":\"https:\/\/joyasyasmin.com\/de\/\",\"logo\":{\"@type\":\"ImageObject\",\"inLanguage\":\"de\",\"@id\":\"https:\/\/joyasyasmin.com\/de\/#\/schema\/logo\/image\/\",\"url\":\"https:\/\/joyasyasmin.com\/wp-content\/uploads\/2017\/06\/IMG-20200429-WA0051.jpg\",\"contentUrl\":\"https:\/\/joyasyasmin.com\/wp-content\/uploads\/2017\/06\/IMG-20200429-WA0051.jpg\",\"width\":1080,\"height\":545,\"caption\":\"joyas yasmin\"},\"image\":{\"@id\":\"https:\/\/joyasyasmin.com\/de\/#\/schema\/logo\/image\/\"},\"sameAs\":[\"https:\/\/www.facebook.com\/Joyas-Yasmin-217664058934169\/\",\"https:\/\/www.instagram.com\/invites\/contact\/\"]}]}<\/script>\n<!-- \/ Yoast SEO plugin. -->","yoast_head_json":{"title":"Gotland-Amulettanh\u00e4nger - Yasmin","description":"12 mm silbernes Gotland-Amulett mit 45 cm Kette, erh\u00e4ltlich in Citrin oder Quarz. Symbol f\u00fcr Schutz, Gleichgewicht und positive Energie.","robots":{"index":"index","follow":"follow","max-snippet":"max-snippet:-1","max-image-preview":"max-image-preview:large","max-video-preview":"max-video-preview:-1"},"canonical":"https:\/\/joyasyasmin.com\/de\/producto\/gotland-amulettanhaenger\/","og_locale":"de_DE","og_title":"Gotland-Amulettanh\u00e4nger - Yasmin","og_description":"12 mm silbernes Gotland-Amulett mit 45 cm Kette, erh\u00e4ltlich in Citrin oder Quarz. Symbol f\u00fcr Schutz, Gleichgewicht und positive Energie.","og_url":"https:\/\/joyasyasmin.com\/de\/producto\/gotland-amulettanhaenger\/","og_site_name":"Yasmin","article_publisher":"https:\/\/www.facebook.com\/Joyas-Yasmin-217664058934169\/","og_image":[{"width":1000,"height":1000,"url":"https:\/\/joyasyasmin.com\/wp-content\/uploads\/2026\/01\/colgante-goltrand-cuarzo.jpg","type":"image\/jpeg"}],"twitter_card":"summary_large_image","schema":{"@context":"https:\/\/schema.org","@graph":[{"@type":["WebPage","ItemPage"],"@id":"https:\/\/joyasyasmin.com\/de\/producto\/gotland-amulettanhaenger\/","url":"https:\/\/joyasyasmin.com\/de\/producto\/gotland-amulettanhaenger\/","name":"Gotland-Amulettanh\u00e4nger - Yasmin","isPartOf":{"@id":"https:\/\/joyasyasmin.com\/de\/#website"},"primaryImageOfPage":{"@id":"https:\/\/joyasyasmin.com\/de\/producto\/gotland-amulettanhaenger\/#primaryimage"},"image":{"@id":"https:\/\/joyasyasmin.com\/de\/producto\/gotland-amulettanhaenger\/#primaryimage"},"thumbnailUrl":"https:\/\/joyasyasmin.com\/wp-content\/uploads\/2026\/01\/colgante-goltrand-cuarzo.jpg","datePublished":"2026-01-28T12:22:00+00:00","description":"12 mm silbernes Gotland-Amulett mit 45 cm Kette, erh\u00e4ltlich in Citrin oder Quarz. Symbol f\u00fcr Schutz, Gleichgewicht und positive Energie.","breadcrumb":{"@id":"https:\/\/joyasyasmin.com\/de\/producto\/gotland-amulettanhaenger\/#breadcrumb"},"inLanguage":"de","potentialAction":[{"@type":"ReadAction","target":["https:\/\/joyasyasmin.com\/de\/producto\/gotland-amulettanhaenger\/"]}]},{"@type":"ImageObject","inLanguage":"de","@id":"https:\/\/joyasyasmin.com\/de\/producto\/gotland-amulettanhaenger\/#primaryimage","url":"https:\/\/joyasyasmin.com\/wp-content\/uploads\/2026\/01\/colgante-goltrand-cuarzo.jpg","contentUrl":"https:\/\/joyasyasmin.com\/wp-content\/uploads\/2026\/01\/colgante-goltrand-cuarzo.jpg","width":1000,"height":1000,"caption":"Gotland 925 Silberanh\u00e4nger zum Verkauf"},{"@type":"BreadcrumbList","@id":"https:\/\/joyasyasmin.com\/de\/producto\/gotland-amulettanhaenger\/#breadcrumb","itemListElement":[{"@type":"ListItem","position":1,"name":"Portada","item":"https:\/\/joyasyasmin.com\/de\/heim\/"},{"@type":"ListItem","position":2,"name":"Shop","item":"https:\/\/joyasyasmin.com\/de\/shop\/"},{"@type":"ListItem","position":3,"name":"Gotland-Amulettanh\u00e4nger"}]},{"@type":"WebSite","@id":"https:\/\/joyasyasmin.com\/de\/#website","url":"https:\/\/joyasyasmin.com\/de\/","name":"Yasmin","description":"Joyer\u00eda de Plata 925 - Pendientes, pulseras, anillos, colgantes y m\u00e1s!","publisher":{"@id":"https:\/\/joyasyasmin.com\/de\/#organization"},"potentialAction":[{"@type":"SearchAction","target":{"@type":"EntryPoint","urlTemplate":"https:\/\/joyasyasmin.com\/de\/?s={search_term_string}"},"query-input":{"@type":"PropertyValueSpecification","valueRequired":true,"valueName":"search_term_string"}}],"inLanguage":"de"},{"@type":"Organization","@id":"https:\/\/joyasyasmin.com\/de\/#organization","name":"joyas yasmin","url":"https:\/\/joyasyasmin.com\/de\/","logo":{"@type":"ImageObject","inLanguage":"de","@id":"https:\/\/joyasyasmin.com\/de\/#\/schema\/logo\/image\/","url":"https:\/\/joyasyasmin.com\/wp-content\/uploads\/2017\/06\/IMG-20200429-WA0051.jpg","contentUrl":"https:\/\/joyasyasmin.com\/wp-content\/uploads\/2017\/06\/IMG-20200429-WA0051.jpg","width":1080,"height":545,"caption":"joyas yasmin"},"image":{"@id":"https:\/\/joyasyasmin.com\/de\/#\/schema\/logo\/image\/"},"sameAs":["https:\/\/www.facebook.com\/Joyas-Yasmin-217664058934169\/","https:\/\/www.instagram.com\/invites\/contact\/"]}]}},"_links":{"self":[{"href":"https:\/\/joyasyasmin.com\/de\/wp-json\/wp\/v2\/product\/37886","targetHints":{"allow":["GET"]}}],"collection":[{"href":"https:\/\/joyasyasmin.com\/de\/wp-json\/wp\/v2\/product"}],"about":[{"href":"https:\/\/joyasyasmin.com\/de\/wp-json\/wp\/v2\/types\/product"}],"replies":[{"embeddable":true,"href":"https:\/\/joyasyasmin.com\/de\/wp-json\/wp\/v2\/comments?post=37886"}],"version-history":[{"count":0,"href":"https:\/\/joyasyasmin.com\/de\/wp-json\/wp\/v2\/product\/37886\/revisions"}],"wp:featuredmedia":[{"embeddable":true,"href":"https:\/\/joyasyasmin.com\/de\/wp-json\/wp\/v2\/media\/37716"}],"wp:attachment":[{"href":"https:\/\/joyasyasmin.com\/de\/wp-json\/wp\/v2\/media?parent=37886"}],"wp:term":[{"taxonomy":"product_brand","embeddable":true,"href":"https:\/\/joyasyasmin.com\/de\/wp-json\/wp\/v2\/product_brand?post=37886"},{"taxonomy":"product_cat","embeddable":true,"href":"https:\/\/joyasyasmin.com\/de\/wp-json\/wp\/v2\/product_cat?post=37886"},{"taxonomy":"product_tag","embeddable":true,"href":"https:\/\/joyasyasmin.com\/de\/wp-json\/wp\/v2\/product_tag?post=37886"}],"curies":[{"name":"wp","href":"https:\/\/api.w.org\/{rel}","templated":true}]}}