{"id":19296,"date":"2020-09-22T13:54:12","date_gmt":"2020-09-22T13:54:12","guid":{"rendered":"https:\/\/joyasyasmin.com\/politique-de-confidentialite\/"},"modified":"2024-11-19T13:40:47","modified_gmt":"2024-11-19T13:40:47","slug":"politique-de-confidentialite","status":"publish","type":"page","link":"https:\/\/joyasyasmin.com\/fr\/politique-de-confidentialite\/","title":{"rendered":"Politique de confidentialit\u00e9"},"content":{"rendered":"\n<h2 class=\"wp-block-heading\">Qui sommes-nous ?<\/h2>\n\n<p>L\u2019adresse de notre site web est la suivante : https:\/\/joyasyasmin.com.<\/p>\n\n<p>La confidentialit\u00e9 est d\u2019une grande importance pour YASMIN ELIANA MARIN RODRIGUEZ et nous souhaitons maintenir une attitude ouverte et transparente lors du traitement de vos donn\u00e9es personnelles. Par cons\u00e9quent, nous avons une politique qui d\u00e9finit la mani\u00e8re dont vos donn\u00e9es personnelles sont trait\u00e9es et prot\u00e9g\u00e9es.<\/p>\n\n<p><strong>Qui est responsable du traitement de vos donn\u00e9es ?<\/strong><\/p>\n\n<p>YASMIN ELIANA MARIN RODRIGUEZ &#8211; ESPAGNE | Num\u00e9ro de TVA : 79110822E | Adresse postale : FUENGIROLA (MALAGA), C.P. 29640, AVENIDA ACAPULCO N\u00b0 6 | E-mail:administracion@joyasyasmin.com<\/p>\n\n<p><strong>Dans quel but traitons-nous vos donn\u00e9es personnelles ?<\/strong><\/p>\n\n<p>Chez YASMIN ELIANA MARIN RODRIGUEZ, nous traitons les informations fournies par les parties int\u00e9ress\u00e9es afin d\u2019effectuer la gestion administrative, comptable et fiscale des services demand\u00e9s, ainsi que pour envoyer des communications commerciales sur nos produits et services, pour lesquels vous avez donn\u00e9 votre consentement.<\/p>\n\n<p><strong>Combien de temps conserverons-nous vos donn\u00e9es ?<\/strong><\/p>\n\n<p>Les donn\u00e9es seront conserv\u00e9es aussi longtemps que la relation commerciale sera maintenue, et le cas \u00e9ch\u00e9ant, pendant les ann\u00e9es n\u00e9cessaires au respect des obligations l\u00e9gales applicables.<\/p>\n\n<p><strong>Quelle est la l\u00e9gitimit\u00e9 du traitement de vos donn\u00e9es ?<\/strong><\/p>\n\n<p>Nous indiquons la base juridique du traitement de vos donn\u00e9es :<\/p>\n\n<p>&#8211; Ex\u00e9cution d\u2019un contrat : Fourniture des services demand\u00e9s<\/p>\n\n<p>&#8211; Consentement de l\u2019int\u00e9ress\u00e9 : Envoi de communications commerciales.<\/p>\n\n<p><strong>\u00c0 qui vos donn\u00e9es seront-elles communiqu\u00e9es<\/strong> ?<\/p>\n\n<p>Vos donn\u00e9es ne seront c\u00e9d\u00e9es qu\u2019\u00e0 des tiers pour lesquels nous avons d\u00fbment obtenu votre consentement, ainsi que pour nous conformer aux obligations l\u00e9gales.<\/p>\n\n<p><strong>Transferts de donn\u00e9es vers des pays tiers<\/strong><\/p>\n\n<p>Aucun transfert de donn\u00e9es vers des pays tiers n\u2019est pr\u00e9vu.<\/p>\n\n<p><strong>Quels sont vos droits lorsque vous nous fournissez vos donn\u00e9es ?<\/strong><\/p>\n\n<p>Toute personne a le droit d\u2019obtenir la confirmation que YASMIN ELIANA MARIN RODRIGUEZ traite ou non des donn\u00e9es personnelles la concernant.<\/p>\n\n<p>Les personnes concern\u00e9es ont le droit d\u2019acc\u00e9der \u00e0 leurs donn\u00e9es personnelles, ainsi que de demander la rectification des donn\u00e9es inexactes ou, le cas \u00e9ch\u00e9ant, de demander leur suppression lorsque, entre autres raisons, les donn\u00e9es ne sont plus n\u00e9cessaires aux fins pour lesquelles elles ont \u00e9t\u00e9 collect\u00e9es.<\/p>\n\n<p>Dans certaines circonstances, les parties int\u00e9ress\u00e9es peuvent demander la limitation du traitement de leurs donn\u00e9es, auquel cas nous ne les conserverons que pour l\u2019exercice ou la d\u00e9fense de r\u00e9clamations.<\/p>\n\n<p>Dans certaines circonstances et pour des raisons li\u00e9es \u00e0 leur situation particuli\u00e8re, les personnes concern\u00e9es peuvent s\u2019opposer au traitement de leurs donn\u00e9es. Dans ce cas, YASMIN ELIANA MARIN RODRIGUEZ cessera de traiter les donn\u00e9es, sauf pour des raisons l\u00e9gitimes imp\u00e9rieuses, ou pour l\u2019exercice ou la d\u00e9fense d\u2019\u00e9ventuelles r\u00e9clamations.<\/p>\n\n<p>Vous pouvez exercer vos droits de la mani\u00e8re suivante : en contactant l\u2019adresse e-mail du responsable du traitement mentionn\u00e9e ci-dessus, en joignant une copie de votre carte d\u2019identit\u00e9 ou de votre document d\u2019identit\u00e9.<\/p>\n\n<p>Si vous avez donn\u00e9 votre consentement \u00e0 une fin sp\u00e9cifique, vous avez le droit de retirer le consentement donn\u00e9 \u00e0 tout moment, sans affecter la lic\u00e9it\u00e9 du traitement bas\u00e9 sur le consentement avant son retrait.<\/p>\n\n<p>Si vous estimez que vos droits en mati\u00e8re de protection de vos donn\u00e9es personnelles ont \u00e9t\u00e9 viol\u00e9s, notamment lorsque vous n\u2019avez pas \u00e9t\u00e9 satisfait dans l\u2019exercice de vos droits, vous pouvez d\u00e9poser une plainte aupr\u00e8s de l\u2019autorit\u00e9 de contr\u00f4le comp\u00e9tente en mati\u00e8re de protection des donn\u00e9es via son site web :<\/p>\n\n<p><strong>Comment avons-nous obtenu vos donn\u00e9es ?<\/strong><\/p>\n\n<p>Les donn\u00e9es personnelles que nous traitons chez YASMIN ELIANA MARIN RODRIGUEZ ont \u00e9t\u00e9 fournies directement par l\u2019int\u00e9ress\u00e9.<\/p>\n\n<p>Les cat\u00e9gories de donn\u00e9es trait\u00e9es sont les suivantes :<\/p>\n\n<p>&#8211; Donn\u00e9es d\u2019identification<\/p>\n\n<p>&#8211; Adresses postales et e-mail<\/p>\n\n<p>&#8211; Informations commerciales<\/p>\n","protected":false},"excerpt":{"rendered":"<p>Qui sommes-nous ? L\u2019adresse de notre site web est la suivante : https:\/\/joyasyasmin.com. La confidentialit\u00e9 est d\u2019une grande importance pour YASMIN ELIANA MARIN RODRIGUEZ et nous souhaitons maintenir une attitude ouverte et transparente lors du traitement de vos donn\u00e9es personnelles. Par cons\u00e9quent, nous avons une politique qui d\u00e9finit la mani\u00e8re dont vos donn\u00e9es personnelles sont [&hellip;]<\/p>\n","protected":false},"author":1,"featured_media":0,"parent":0,"menu_order":0,"comment_status":"closed","ping_status":"open","template":"","meta":{"_acf_changed":false,"_joinchat":[],"footnotes":""},"class_list":["post-19296","page","type-page","status-publish","hentry"],"acf":[],"yoast_head":"<!-- This site is optimized with the Yoast SEO plugin v27.5 - https:\/\/yoast.com\/product\/yoast-seo-wordpress\/ -->\n<title>Politique de confidentialit\u00e9 - Yasmin<\/title>\n<meta name=\"robots\" content=\"index, follow, max-snippet:-1, max-image-preview:large, max-video-preview:-1\" \/>\n<link rel=\"canonical\" href=\"https:\/\/joyasyasmin.com\/fr\/politique-de-confidentialite\/\" \/>\n<meta property=\"og:locale\" content=\"fr_FR\" \/>\n<meta property=\"og:title\" content=\"Politique de confidentialit\u00e9 - Yasmin\" \/>\n<meta property=\"og:description\" content=\"Qui sommes-nous ? L\u2019adresse de notre site web est la suivante : https:\/\/joyasyasmin.com. La confidentialit\u00e9 est d\u2019une grande importance pour YASMIN ELIANA MARIN RODRIGUEZ et nous souhaitons maintenir une attitude ouverte et transparente lors du traitement de vos donn\u00e9es personnelles. Par cons\u00e9quent, nous avons une politique qui d\u00e9finit la mani\u00e8re dont vos donn\u00e9es personnelles sont [&hellip;]\" \/>\n<meta property=\"og:url\" content=\"https:\/\/joyasyasmin.com\/fr\/politique-de-confidentialite\/\" \/>\n<meta property=\"og:site_name\" content=\"Yasmin\" \/>\n<meta property=\"article:publisher\" content=\"https:\/\/www.facebook.com\/Joyas-Yasmin-217664058934169\/\" \/>\n<meta property=\"article:modified_time\" content=\"2024-11-19T13:40:47+00:00\" \/>\n<meta name=\"twitter:card\" content=\"summary_large_image\" \/>\n<meta name=\"twitter:label1\" content=\"Dur\u00e9e de lecture estim\u00e9e\" \/>\n\t<meta name=\"twitter:data1\" content=\"3 minutes\" \/>\n<script type=\"application\/ld+json\" class=\"yoast-schema-graph\">{\"@context\":\"https:\\\/\\\/schema.org\",\"@graph\":[{\"@type\":\"WebPage\",\"@id\":\"https:\\\/\\\/joyasyasmin.com\\\/fr\\\/politique-de-confidentialite\\\/\",\"url\":\"https:\\\/\\\/joyasyasmin.com\\\/fr\\\/politique-de-confidentialite\\\/\",\"name\":\"Politique de confidentialit\u00e9 - Yasmin\",\"isPartOf\":{\"@id\":\"https:\\\/\\\/joyasyasmin.com\\\/fr\\\/#website\"},\"datePublished\":\"2020-09-22T13:54:12+00:00\",\"dateModified\":\"2024-11-19T13:40:47+00:00\",\"breadcrumb\":{\"@id\":\"https:\\\/\\\/joyasyasmin.com\\\/fr\\\/politique-de-confidentialite\\\/#breadcrumb\"},\"inLanguage\":\"fr-FR\",\"potentialAction\":[{\"@type\":\"ReadAction\",\"target\":[\"https:\\\/\\\/joyasyasmin.com\\\/fr\\\/politique-de-confidentialite\\\/\"]}]},{\"@type\":\"BreadcrumbList\",\"@id\":\"https:\\\/\\\/joyasyasmin.com\\\/fr\\\/politique-de-confidentialite\\\/#breadcrumb\",\"itemListElement\":[{\"@type\":\"ListItem\",\"position\":1,\"name\":\"Portada\",\"item\":\"https:\\\/\\\/joyasyasmin.com\\\/fr\\\/domicile\\\/\"},{\"@type\":\"ListItem\",\"position\":2,\"name\":\"Politique de confidentialit\u00e9\"}]},{\"@type\":\"WebSite\",\"@id\":\"https:\\\/\\\/joyasyasmin.com\\\/fr\\\/#website\",\"url\":\"https:\\\/\\\/joyasyasmin.com\\\/fr\\\/\",\"name\":\"Yasmin\",\"description\":\"Joyer\u00eda de Plata 925 - Pendientes, pulseras, anillos, colgantes y m\u00e1s!\",\"publisher\":{\"@id\":\"https:\\\/\\\/joyasyasmin.com\\\/fr\\\/#organization\"},\"potentialAction\":[{\"@type\":\"SearchAction\",\"target\":{\"@type\":\"EntryPoint\",\"urlTemplate\":\"https:\\\/\\\/joyasyasmin.com\\\/fr\\\/?s={search_term_string}\"},\"query-input\":{\"@type\":\"PropertyValueSpecification\",\"valueRequired\":true,\"valueName\":\"search_term_string\"}}],\"inLanguage\":\"fr-FR\"},{\"@type\":\"Organization\",\"@id\":\"https:\\\/\\\/joyasyasmin.com\\\/fr\\\/#organization\",\"name\":\"joyas yasmin\",\"url\":\"https:\\\/\\\/joyasyasmin.com\\\/fr\\\/\",\"logo\":{\"@type\":\"ImageObject\",\"inLanguage\":\"fr-FR\",\"@id\":\"https:\\\/\\\/joyasyasmin.com\\\/fr\\\/#\\\/schema\\\/logo\\\/image\\\/\",\"url\":\"https:\\\/\\\/joyasyasmin.com\\\/wp-content\\\/uploads\\\/2017\\\/06\\\/IMG-20200429-WA0051.jpg\",\"contentUrl\":\"https:\\\/\\\/joyasyasmin.com\\\/wp-content\\\/uploads\\\/2017\\\/06\\\/IMG-20200429-WA0051.jpg\",\"width\":1080,\"height\":545,\"caption\":\"joyas yasmin\"},\"image\":{\"@id\":\"https:\\\/\\\/joyasyasmin.com\\\/fr\\\/#\\\/schema\\\/logo\\\/image\\\/\"},\"sameAs\":[\"https:\\\/\\\/www.facebook.com\\\/Joyas-Yasmin-217664058934169\\\/\",\"https:\\\/\\\/www.instagram.com\\\/invites\\\/contact\\\/\"]}]}<\/script>\n<!-- \/ Yoast SEO plugin. -->","yoast_head_json":{"title":"Politique de confidentialit\u00e9 - Yasmin","robots":{"index":"index","follow":"follow","max-snippet":"max-snippet:-1","max-image-preview":"max-image-preview:large","max-video-preview":"max-video-preview:-1"},"canonical":"https:\/\/joyasyasmin.com\/fr\/politique-de-confidentialite\/","og_locale":"fr_FR","og_title":"Politique de confidentialit\u00e9 - Yasmin","og_description":"Qui sommes-nous ? L\u2019adresse de notre site web est la suivante : https:\/\/joyasyasmin.com. La confidentialit\u00e9 est d\u2019une grande importance pour YASMIN ELIANA MARIN RODRIGUEZ et nous souhaitons maintenir une attitude ouverte et transparente lors du traitement de vos donn\u00e9es personnelles. Par cons\u00e9quent, nous avons une politique qui d\u00e9finit la mani\u00e8re dont vos donn\u00e9es personnelles sont [&hellip;]","og_url":"https:\/\/joyasyasmin.com\/fr\/politique-de-confidentialite\/","og_site_name":"Yasmin","article_publisher":"https:\/\/www.facebook.com\/Joyas-Yasmin-217664058934169\/","article_modified_time":"2024-11-19T13:40:47+00:00","twitter_card":"summary_large_image","twitter_misc":{"Dur\u00e9e de lecture estim\u00e9e":"3 minutes"},"schema":{"@context":"https:\/\/schema.org","@graph":[{"@type":"WebPage","@id":"https:\/\/joyasyasmin.com\/fr\/politique-de-confidentialite\/","url":"https:\/\/joyasyasmin.com\/fr\/politique-de-confidentialite\/","name":"Politique de confidentialit\u00e9 - Yasmin","isPartOf":{"@id":"https:\/\/joyasyasmin.com\/fr\/#website"},"datePublished":"2020-09-22T13:54:12+00:00","dateModified":"2024-11-19T13:40:47+00:00","breadcrumb":{"@id":"https:\/\/joyasyasmin.com\/fr\/politique-de-confidentialite\/#breadcrumb"},"inLanguage":"fr-FR","potentialAction":[{"@type":"ReadAction","target":["https:\/\/joyasyasmin.com\/fr\/politique-de-confidentialite\/"]}]},{"@type":"BreadcrumbList","@id":"https:\/\/joyasyasmin.com\/fr\/politique-de-confidentialite\/#breadcrumb","itemListElement":[{"@type":"ListItem","position":1,"name":"Portada","item":"https:\/\/joyasyasmin.com\/fr\/domicile\/"},{"@type":"ListItem","position":2,"name":"Politique de confidentialit\u00e9"}]},{"@type":"WebSite","@id":"https:\/\/joyasyasmin.com\/fr\/#website","url":"https:\/\/joyasyasmin.com\/fr\/","name":"Yasmin","description":"Joyer\u00eda de Plata 925 - Pendientes, pulseras, anillos, colgantes y m\u00e1s!","publisher":{"@id":"https:\/\/joyasyasmin.com\/fr\/#organization"},"potentialAction":[{"@type":"SearchAction","target":{"@type":"EntryPoint","urlTemplate":"https:\/\/joyasyasmin.com\/fr\/?s={search_term_string}"},"query-input":{"@type":"PropertyValueSpecification","valueRequired":true,"valueName":"search_term_string"}}],"inLanguage":"fr-FR"},{"@type":"Organization","@id":"https:\/\/joyasyasmin.com\/fr\/#organization","name":"joyas yasmin","url":"https:\/\/joyasyasmin.com\/fr\/","logo":{"@type":"ImageObject","inLanguage":"fr-FR","@id":"https:\/\/joyasyasmin.com\/fr\/#\/schema\/logo\/image\/","url":"https:\/\/joyasyasmin.com\/wp-content\/uploads\/2017\/06\/IMG-20200429-WA0051.jpg","contentUrl":"https:\/\/joyasyasmin.com\/wp-content\/uploads\/2017\/06\/IMG-20200429-WA0051.jpg","width":1080,"height":545,"caption":"joyas yasmin"},"image":{"@id":"https:\/\/joyasyasmin.com\/fr\/#\/schema\/logo\/image\/"},"sameAs":["https:\/\/www.facebook.com\/Joyas-Yasmin-217664058934169\/","https:\/\/www.instagram.com\/invites\/contact\/"]}]}},"_links":{"self":[{"href":"https:\/\/joyasyasmin.com\/fr\/wp-json\/wp\/v2\/pages\/19296","targetHints":{"allow":["GET"]}}],"collection":[{"href":"https:\/\/joyasyasmin.com\/fr\/wp-json\/wp\/v2\/pages"}],"about":[{"href":"https:\/\/joyasyasmin.com\/fr\/wp-json\/wp\/v2\/types\/page"}],"author":[{"embeddable":true,"href":"https:\/\/joyasyasmin.com\/fr\/wp-json\/wp\/v2\/users\/1"}],"replies":[{"embeddable":true,"href":"https:\/\/joyasyasmin.com\/fr\/wp-json\/wp\/v2\/comments?post=19296"}],"version-history":[{"count":1,"href":"https:\/\/joyasyasmin.com\/fr\/wp-json\/wp\/v2\/pages\/19296\/revisions"}],"predecessor-version":[{"id":19297,"href":"https:\/\/joyasyasmin.com\/fr\/wp-json\/wp\/v2\/pages\/19296\/revisions\/19297"}],"wp:attachment":[{"href":"https:\/\/joyasyasmin.com\/fr\/wp-json\/wp\/v2\/media?parent=19296"}],"curies":[{"name":"wp","href":"https:\/\/api.w.org\/{rel}","templated":true}]}}