{"id":19534,"date":"2024-08-31T12:36:33","date_gmt":"2024-08-31T12:36:33","guid":{"rendered":"https:\/\/joyasyasmin.com\/producto\/creole-greca-elegant\/"},"modified":"2026-02-04T09:27:02","modified_gmt":"2026-02-04T09:27:02","slug":"creole-greca-elegant","status":"publish","type":"product","link":"https:\/\/joyasyasmin.com\/fr\/producto\/creole-greca-elegant\/","title":{"rendered":"Cr\u00e9ole Greca \u00e9l\u00e9gant"},"content":{"rendered":"","protected":false},"excerpt":{"rendered":"<p>Ajoutez une touche de sophistication et d\u2019\u00e9clat \u00e0 votre collection de bijoux avec le cerceau Elegant Greca. Ce cerceau de style grec, avec fermeture \u00e0 pression, est un choix parfait pour ceux qui recherchent un accessoire alliant design classique et \u00e9l\u00e9gance moderne. Mesurant 15 mm de long sur 4 mm de large, le cerceau est id\u00e9al pour se d\u00e9marquer sans \u00eatre excessivement tape-\u00e0-l\u2019\u0153il.<\/p>\n<p>Le motif des frettes sur le cercle est orn\u00e9 de zircone, disponible en couleur ou en blanc chatoyant, qui apporte un \u00e9clat charmant et sophistiqu\u00e9. Les zircons sont soigneusement pos\u00e9s, assurant une finition \u00e9blouissante qui capte la lumi\u00e8re de fa\u00e7on exceptionnelle. La fermeture \u00e0 pression offre une tenue s\u00e9curis\u00e9e et confortable, rendant l\u2019armature facile \u00e0 enfiler et \u00e0 retirer, tout en maintenant un ajustement ferme toute la journ\u00e9e.<\/p>\n","protected":false},"featured_media":19539,"comment_status":"open","ping_status":"closed","template":"","meta":{"_acf_changed":false,"_joinchat":[]},"product_brand":[],"product_cat":[1775],"product_tag":[],"class_list":{"0":"post-19534","1":"product","2":"type-product","3":"status-publish","4":"has-post-thumbnail","6":"product_cat-boucles-doreilles-et-boucles-doreilles","8":"first","9":"instock","10":"shipping-taxable","11":"purchasable","12":"product-type-variable"},"acf":[],"yoast_head":"<!-- This site is optimized with the Yoast SEO plugin v27.2 - https:\/\/yoast.com\/product\/yoast-seo-wordpress\/ -->\n<title>Cr\u00e9ole Greca \u00e9l\u00e9gant - Yasmin<\/title>\n<meta name=\"description\" content=\"L\u2019\u00e9l\u00e9gant cerceau Greca, vous pouvez profiter de la beaut\u00e9 d\u2019un design d\u00e9taill\u00e9 et de la qualit\u00e9 des zircons, qu\u2019ils soient en blanc classique ou en couleur vibrante.\" \/>\n<meta name=\"robots\" content=\"index, follow, max-snippet:-1, max-image-preview:large, max-video-preview:-1\" \/>\n<link rel=\"canonical\" href=\"https:\/\/joyasyasmin.com\/fr\/producto\/creole-greca-elegant\/\" \/>\n<meta property=\"og:locale\" content=\"fr_FR\" \/>\n<meta property=\"og:title\" content=\"Cr\u00e9ole Greca \u00e9l\u00e9gant - Yasmin\" \/>\n<meta property=\"og:description\" content=\"L\u2019\u00e9l\u00e9gant cerceau Greca, vous pouvez profiter de la beaut\u00e9 d\u2019un design d\u00e9taill\u00e9 et de la qualit\u00e9 des zircons, qu\u2019ils soient en blanc classique ou en couleur vibrante.\" \/>\n<meta property=\"og:url\" content=\"https:\/\/joyasyasmin.com\/fr\/producto\/creole-greca-elegant\/\" \/>\n<meta property=\"og:site_name\" content=\"Yasmin\" \/>\n<meta property=\"article:publisher\" content=\"https:\/\/www.facebook.com\/Joyas-Yasmin-217664058934169\/\" \/>\n<meta property=\"article:modified_time\" content=\"2026-02-04T09:27:02+00:00\" \/>\n<meta property=\"og:image\" content=\"https:\/\/joyasyasmin.com\/wp-content\/uploads\/2024\/08\/aro-greca-de-plata-piedra.jpg\" \/>\n\t<meta property=\"og:image:width\" content=\"1000\" \/>\n\t<meta property=\"og:image:height\" content=\"1000\" \/>\n\t<meta property=\"og:image:type\" content=\"image\/jpeg\" \/>\n<meta name=\"twitter:card\" content=\"summary_large_image\" \/>\n<script type=\"application\/ld+json\" class=\"yoast-schema-graph\">{\"@context\":\"https:\/\/schema.org\",\"@graph\":[{\"@type\":[\"WebPage\",\"ItemPage\"],\"@id\":\"https:\/\/joyasyasmin.com\/fr\/producto\/creole-greca-elegant\/\",\"url\":\"https:\/\/joyasyasmin.com\/fr\/producto\/creole-greca-elegant\/\",\"name\":\"Cr\u00e9ole Greca \u00e9l\u00e9gant - Yasmin\",\"isPartOf\":{\"@id\":\"https:\/\/joyasyasmin.com\/fr\/#website\"},\"primaryImageOfPage\":{\"@id\":\"https:\/\/joyasyasmin.com\/fr\/producto\/creole-greca-elegant\/#primaryimage\"},\"image\":{\"@id\":\"https:\/\/joyasyasmin.com\/fr\/producto\/creole-greca-elegant\/#primaryimage\"},\"thumbnailUrl\":\"https:\/\/joyasyasmin.com\/wp-content\/uploads\/2024\/08\/aro-greca-de-plata-piedra.jpg\",\"datePublished\":\"2024-08-31T12:36:33+00:00\",\"dateModified\":\"2026-02-04T09:27:02+00:00\",\"description\":\"L\u2019\u00e9l\u00e9gant cerceau Greca, vous pouvez profiter de la beaut\u00e9 d\u2019un design d\u00e9taill\u00e9 et de la qualit\u00e9 des zircons, qu\u2019ils soient en blanc classique ou en couleur vibrante.\",\"breadcrumb\":{\"@id\":\"https:\/\/joyasyasmin.com\/fr\/producto\/creole-greca-elegant\/#breadcrumb\"},\"inLanguage\":\"fr-FR\",\"potentialAction\":[{\"@type\":\"ReadAction\",\"target\":[\"https:\/\/joyasyasmin.com\/fr\/producto\/creole-greca-elegant\/\"]}]},{\"@type\":\"ImageObject\",\"inLanguage\":\"fr-FR\",\"@id\":\"https:\/\/joyasyasmin.com\/fr\/producto\/creole-greca-elegant\/#primaryimage\",\"url\":\"https:\/\/joyasyasmin.com\/wp-content\/uploads\/2024\/08\/aro-greca-de-plata-piedra.jpg\",\"contentUrl\":\"https:\/\/joyasyasmin.com\/wp-content\/uploads\/2024\/08\/aro-greca-de-plata-piedra.jpg\",\"width\":1000,\"height\":1000,\"caption\":\"Vente d\u2019\u00e9l\u00e9gantes cr\u00e9oles grecques en argent sterling 925 avec zircons\"},{\"@type\":\"BreadcrumbList\",\"@id\":\"https:\/\/joyasyasmin.com\/fr\/producto\/creole-greca-elegant\/#breadcrumb\",\"itemListElement\":[{\"@type\":\"ListItem\",\"position\":1,\"name\":\"Portada\",\"item\":\"https:\/\/joyasyasmin.com\/fr\/domicile\/\"},{\"@type\":\"ListItem\",\"position\":2,\"name\":\"Boutique\",\"item\":\"https:\/\/joyasyasmin.com\/fr\/boutique\/\"},{\"@type\":\"ListItem\",\"position\":3,\"name\":\"Cr\u00e9ole Greca \u00e9l\u00e9gant\"}]},{\"@type\":\"WebSite\",\"@id\":\"https:\/\/joyasyasmin.com\/fr\/#website\",\"url\":\"https:\/\/joyasyasmin.com\/fr\/\",\"name\":\"Yasmin\",\"description\":\"Joyer\u00eda de Plata 925 - Pendientes, pulseras, anillos, colgantes y m\u00e1s!\",\"publisher\":{\"@id\":\"https:\/\/joyasyasmin.com\/fr\/#organization\"},\"potentialAction\":[{\"@type\":\"SearchAction\",\"target\":{\"@type\":\"EntryPoint\",\"urlTemplate\":\"https:\/\/joyasyasmin.com\/fr\/?s={search_term_string}\"},\"query-input\":{\"@type\":\"PropertyValueSpecification\",\"valueRequired\":true,\"valueName\":\"search_term_string\"}}],\"inLanguage\":\"fr-FR\"},{\"@type\":\"Organization\",\"@id\":\"https:\/\/joyasyasmin.com\/fr\/#organization\",\"name\":\"joyas yasmin\",\"url\":\"https:\/\/joyasyasmin.com\/fr\/\",\"logo\":{\"@type\":\"ImageObject\",\"inLanguage\":\"fr-FR\",\"@id\":\"https:\/\/joyasyasmin.com\/fr\/#\/schema\/logo\/image\/\",\"url\":\"https:\/\/joyasyasmin.com\/wp-content\/uploads\/2017\/06\/IMG-20200429-WA0051.jpg\",\"contentUrl\":\"https:\/\/joyasyasmin.com\/wp-content\/uploads\/2017\/06\/IMG-20200429-WA0051.jpg\",\"width\":1080,\"height\":545,\"caption\":\"joyas yasmin\"},\"image\":{\"@id\":\"https:\/\/joyasyasmin.com\/fr\/#\/schema\/logo\/image\/\"},\"sameAs\":[\"https:\/\/www.facebook.com\/Joyas-Yasmin-217664058934169\/\",\"https:\/\/www.instagram.com\/invites\/contact\/\"]}]}<\/script>\n<!-- \/ Yoast SEO plugin. -->","yoast_head_json":{"title":"Cr\u00e9ole Greca \u00e9l\u00e9gant - Yasmin","description":"L\u2019\u00e9l\u00e9gant cerceau Greca, vous pouvez profiter de la beaut\u00e9 d\u2019un design d\u00e9taill\u00e9 et de la qualit\u00e9 des zircons, qu\u2019ils soient en blanc classique ou en couleur vibrante.","robots":{"index":"index","follow":"follow","max-snippet":"max-snippet:-1","max-image-preview":"max-image-preview:large","max-video-preview":"max-video-preview:-1"},"canonical":"https:\/\/joyasyasmin.com\/fr\/producto\/creole-greca-elegant\/","og_locale":"fr_FR","og_title":"Cr\u00e9ole Greca \u00e9l\u00e9gant - Yasmin","og_description":"L\u2019\u00e9l\u00e9gant cerceau Greca, vous pouvez profiter de la beaut\u00e9 d\u2019un design d\u00e9taill\u00e9 et de la qualit\u00e9 des zircons, qu\u2019ils soient en blanc classique ou en couleur vibrante.","og_url":"https:\/\/joyasyasmin.com\/fr\/producto\/creole-greca-elegant\/","og_site_name":"Yasmin","article_publisher":"https:\/\/www.facebook.com\/Joyas-Yasmin-217664058934169\/","article_modified_time":"2026-02-04T09:27:02+00:00","og_image":[{"width":1000,"height":1000,"url":"https:\/\/joyasyasmin.com\/wp-content\/uploads\/2024\/08\/aro-greca-de-plata-piedra.jpg","type":"image\/jpeg"}],"twitter_card":"summary_large_image","schema":{"@context":"https:\/\/schema.org","@graph":[{"@type":["WebPage","ItemPage"],"@id":"https:\/\/joyasyasmin.com\/fr\/producto\/creole-greca-elegant\/","url":"https:\/\/joyasyasmin.com\/fr\/producto\/creole-greca-elegant\/","name":"Cr\u00e9ole Greca \u00e9l\u00e9gant - Yasmin","isPartOf":{"@id":"https:\/\/joyasyasmin.com\/fr\/#website"},"primaryImageOfPage":{"@id":"https:\/\/joyasyasmin.com\/fr\/producto\/creole-greca-elegant\/#primaryimage"},"image":{"@id":"https:\/\/joyasyasmin.com\/fr\/producto\/creole-greca-elegant\/#primaryimage"},"thumbnailUrl":"https:\/\/joyasyasmin.com\/wp-content\/uploads\/2024\/08\/aro-greca-de-plata-piedra.jpg","datePublished":"2024-08-31T12:36:33+00:00","dateModified":"2026-02-04T09:27:02+00:00","description":"L\u2019\u00e9l\u00e9gant cerceau Greca, vous pouvez profiter de la beaut\u00e9 d\u2019un design d\u00e9taill\u00e9 et de la qualit\u00e9 des zircons, qu\u2019ils soient en blanc classique ou en couleur vibrante.","breadcrumb":{"@id":"https:\/\/joyasyasmin.com\/fr\/producto\/creole-greca-elegant\/#breadcrumb"},"inLanguage":"fr-FR","potentialAction":[{"@type":"ReadAction","target":["https:\/\/joyasyasmin.com\/fr\/producto\/creole-greca-elegant\/"]}]},{"@type":"ImageObject","inLanguage":"fr-FR","@id":"https:\/\/joyasyasmin.com\/fr\/producto\/creole-greca-elegant\/#primaryimage","url":"https:\/\/joyasyasmin.com\/wp-content\/uploads\/2024\/08\/aro-greca-de-plata-piedra.jpg","contentUrl":"https:\/\/joyasyasmin.com\/wp-content\/uploads\/2024\/08\/aro-greca-de-plata-piedra.jpg","width":1000,"height":1000,"caption":"Vente d\u2019\u00e9l\u00e9gantes cr\u00e9oles grecques en argent sterling 925 avec zircons"},{"@type":"BreadcrumbList","@id":"https:\/\/joyasyasmin.com\/fr\/producto\/creole-greca-elegant\/#breadcrumb","itemListElement":[{"@type":"ListItem","position":1,"name":"Portada","item":"https:\/\/joyasyasmin.com\/fr\/domicile\/"},{"@type":"ListItem","position":2,"name":"Boutique","item":"https:\/\/joyasyasmin.com\/fr\/boutique\/"},{"@type":"ListItem","position":3,"name":"Cr\u00e9ole Greca \u00e9l\u00e9gant"}]},{"@type":"WebSite","@id":"https:\/\/joyasyasmin.com\/fr\/#website","url":"https:\/\/joyasyasmin.com\/fr\/","name":"Yasmin","description":"Joyer\u00eda de Plata 925 - Pendientes, pulseras, anillos, colgantes y m\u00e1s!","publisher":{"@id":"https:\/\/joyasyasmin.com\/fr\/#organization"},"potentialAction":[{"@type":"SearchAction","target":{"@type":"EntryPoint","urlTemplate":"https:\/\/joyasyasmin.com\/fr\/?s={search_term_string}"},"query-input":{"@type":"PropertyValueSpecification","valueRequired":true,"valueName":"search_term_string"}}],"inLanguage":"fr-FR"},{"@type":"Organization","@id":"https:\/\/joyasyasmin.com\/fr\/#organization","name":"joyas yasmin","url":"https:\/\/joyasyasmin.com\/fr\/","logo":{"@type":"ImageObject","inLanguage":"fr-FR","@id":"https:\/\/joyasyasmin.com\/fr\/#\/schema\/logo\/image\/","url":"https:\/\/joyasyasmin.com\/wp-content\/uploads\/2017\/06\/IMG-20200429-WA0051.jpg","contentUrl":"https:\/\/joyasyasmin.com\/wp-content\/uploads\/2017\/06\/IMG-20200429-WA0051.jpg","width":1080,"height":545,"caption":"joyas yasmin"},"image":{"@id":"https:\/\/joyasyasmin.com\/fr\/#\/schema\/logo\/image\/"},"sameAs":["https:\/\/www.facebook.com\/Joyas-Yasmin-217664058934169\/","https:\/\/www.instagram.com\/invites\/contact\/"]}]}},"_links":{"self":[{"href":"https:\/\/joyasyasmin.com\/fr\/wp-json\/wp\/v2\/product\/19534","targetHints":{"allow":["GET"]}}],"collection":[{"href":"https:\/\/joyasyasmin.com\/fr\/wp-json\/wp\/v2\/product"}],"about":[{"href":"https:\/\/joyasyasmin.com\/fr\/wp-json\/wp\/v2\/types\/product"}],"replies":[{"embeddable":true,"href":"https:\/\/joyasyasmin.com\/fr\/wp-json\/wp\/v2\/comments?post=19534"}],"version-history":[{"count":1,"href":"https:\/\/joyasyasmin.com\/fr\/wp-json\/wp\/v2\/product\/19534\/revisions"}],"predecessor-version":[{"id":37926,"href":"https:\/\/joyasyasmin.com\/fr\/wp-json\/wp\/v2\/product\/19534\/revisions\/37926"}],"wp:featuredmedia":[{"embeddable":true,"href":"https:\/\/joyasyasmin.com\/fr\/wp-json\/wp\/v2\/media\/19539"}],"wp:attachment":[{"href":"https:\/\/joyasyasmin.com\/fr\/wp-json\/wp\/v2\/media?parent=19534"}],"wp:term":[{"taxonomy":"product_brand","embeddable":true,"href":"https:\/\/joyasyasmin.com\/fr\/wp-json\/wp\/v2\/product_brand?post=19534"},{"taxonomy":"product_cat","embeddable":true,"href":"https:\/\/joyasyasmin.com\/fr\/wp-json\/wp\/v2\/product_cat?post=19534"},{"taxonomy":"product_tag","embeddable":true,"href":"https:\/\/joyasyasmin.com\/fr\/wp-json\/wp\/v2\/product_tag?post=19534"}],"curies":[{"name":"wp","href":"https:\/\/api.w.org\/{rel}","templated":true}]}}