{"id":19578,"date":"2024-09-14T09:40:21","date_gmt":"2024-09-14T09:40:21","guid":{"rendered":"https:\/\/joyasyasmin.com\/producto\/turquoise-bracelet\/"},"modified":"2025-01-16T19:22:53","modified_gmt":"2025-01-16T19:22:53","slug":"turquoise-bracelet","status":"publish","type":"product","link":"https:\/\/joyasyasmin.com\/fr\/producto\/turquoise-bracelet\/","title":{"rendered":"Turquoise Bracelet"},"content":{"rendered":"","protected":false},"excerpt":{"rendered":"<p>D\u00e9couvrez une beaut\u00e9 intemporelle et un style sophistiqu\u00e9 avec le bracelet en pierre turquoise de Turquesa Elegante, con\u00e7u pour ceux qui appr\u00e9cient les d\u00e9tails uniques. Cette pi\u00e8ce est soigneusement fabriqu\u00e9e avec une combinaison exquise de pierres turquoise de 5 mm et d\u2019une \u00e9l\u00e9gante cha\u00eene \u00e0 maillons de 3,5 mm. La moiti\u00e9 du bracelet comporte des pierres turquoises naturelles, connues pour leurs propri\u00e9t\u00e9s \u00e9nerg\u00e9tiques et leur couleur bleue vibrante qui symbolise la s\u00e9r\u00e9nit\u00e9 et la protection, tandis que l\u2019autre moiti\u00e9 est compos\u00e9e d\u2019une fine cha\u00eene en argent sterling 925, reconnue pour sa qualit\u00e9 et sa durabilit\u00e9. Le bracelet a une longueur standard de 19 cm, avec une cha\u00eene extensible suppl\u00e9mentaire de 3 cm, ce qui le rend ajustable \u00e0 diff\u00e9rentes tailles de poignet, assurant un ajustement confortable et personnalis\u00e9. De plus, chez Turquesa Elegante, nous vous offrons la possibilit\u00e9 de commander le bracelet dans la taille qui vous convient le mieux, s\u2019adaptant ainsi parfaitement \u00e0 vos besoins.  <\/p>\n","protected":false},"featured_media":19588,"comment_status":"open","ping_status":"closed","template":"","meta":{"_acf_changed":false,"_joinchat":[]},"product_brand":[],"product_cat":[1790],"product_tag":[],"class_list":{"0":"post-19578","1":"product","2":"type-product","3":"status-publish","4":"has-post-thumbnail","6":"product_cat-bracelets","8":"first","9":"instock","10":"shipping-taxable","11":"purchasable","12":"product-type-simple"},"acf":[],"yoast_head":"<!-- This site is optimized with the Yoast SEO plugin v27.3 - https:\/\/yoast.com\/product\/yoast-seo-wordpress\/ -->\n<title>Turquoise Bracelet - Yasmin<\/title>\n<meta name=\"description\" content=\"Le bracelet turquoise est le compl\u00e9ment parfait \u00e0 n\u2019importe quelle tenue, apportant une touche d\u2019\u00e9l\u00e9gance et de distinction, des propri\u00e9t\u00e9s \u00e9nerg\u00e9tiques. Argent 925.\" \/>\n<meta name=\"robots\" content=\"index, follow, max-snippet:-1, max-image-preview:large, max-video-preview:-1\" \/>\n<link rel=\"canonical\" href=\"https:\/\/joyasyasmin.com\/fr\/producto\/turquoise-bracelet\/\" \/>\n<meta property=\"og:locale\" content=\"fr_FR\" \/>\n<meta property=\"og:title\" content=\"Turquoise Bracelet - Yasmin\" \/>\n<meta property=\"og:description\" content=\"Le bracelet turquoise est le compl\u00e9ment parfait \u00e0 n\u2019importe quelle tenue, apportant une touche d\u2019\u00e9l\u00e9gance et de distinction, des propri\u00e9t\u00e9s \u00e9nerg\u00e9tiques. Argent 925.\" \/>\n<meta property=\"og:url\" content=\"https:\/\/joyasyasmin.com\/fr\/producto\/turquoise-bracelet\/\" \/>\n<meta property=\"og:site_name\" content=\"Yasmin\" \/>\n<meta property=\"article:publisher\" content=\"https:\/\/www.facebook.com\/Joyas-Yasmin-217664058934169\/\" \/>\n<meta property=\"article:modified_time\" content=\"2025-01-16T19:22:53+00:00\" \/>\n<meta property=\"og:image\" content=\"https:\/\/joyasyasmin.com\/wp-content\/uploads\/2024\/09\/pulsera-turquesa-tu-y-yo.jpg\" \/>\n\t<meta property=\"og:image:width\" content=\"1000\" \/>\n\t<meta property=\"og:image:height\" content=\"1000\" \/>\n\t<meta property=\"og:image:type\" content=\"image\/jpeg\" \/>\n<meta name=\"twitter:card\" content=\"summary_large_image\" \/>\n<script type=\"application\/ld+json\" class=\"yoast-schema-graph\">{\"@context\":\"https:\\\/\\\/schema.org\",\"@graph\":[{\"@type\":[\"WebPage\",\"ItemPage\"],\"@id\":\"https:\\\/\\\/joyasyasmin.com\\\/fr\\\/producto\\\/turquoise-bracelet\\\/\",\"url\":\"https:\\\/\\\/joyasyasmin.com\\\/fr\\\/producto\\\/turquoise-bracelet\\\/\",\"name\":\"Turquoise Bracelet - Yasmin\",\"isPartOf\":{\"@id\":\"https:\\\/\\\/joyasyasmin.com\\\/fr\\\/#website\"},\"primaryImageOfPage\":{\"@id\":\"https:\\\/\\\/joyasyasmin.com\\\/fr\\\/producto\\\/turquoise-bracelet\\\/#primaryimage\"},\"image\":{\"@id\":\"https:\\\/\\\/joyasyasmin.com\\\/fr\\\/producto\\\/turquoise-bracelet\\\/#primaryimage\"},\"thumbnailUrl\":\"https:\\\/\\\/joyasyasmin.com\\\/wp-content\\\/uploads\\\/2024\\\/09\\\/pulsera-turquesa-tu-y-yo.jpg\",\"datePublished\":\"2024-09-14T09:40:21+00:00\",\"dateModified\":\"2025-01-16T19:22:53+00:00\",\"description\":\"Le bracelet turquoise est le compl\u00e9ment parfait \u00e0 n\u2019importe quelle tenue, apportant une touche d\u2019\u00e9l\u00e9gance et de distinction, des propri\u00e9t\u00e9s \u00e9nerg\u00e9tiques. Argent 925.\",\"breadcrumb\":{\"@id\":\"https:\\\/\\\/joyasyasmin.com\\\/fr\\\/producto\\\/turquoise-bracelet\\\/#breadcrumb\"},\"inLanguage\":\"fr-FR\",\"potentialAction\":[{\"@type\":\"ReadAction\",\"target\":[\"https:\\\/\\\/joyasyasmin.com\\\/fr\\\/producto\\\/turquoise-bracelet\\\/\"]}]},{\"@type\":\"ImageObject\",\"inLanguage\":\"fr-FR\",\"@id\":\"https:\\\/\\\/joyasyasmin.com\\\/fr\\\/producto\\\/turquoise-bracelet\\\/#primaryimage\",\"url\":\"https:\\\/\\\/joyasyasmin.com\\\/wp-content\\\/uploads\\\/2024\\\/09\\\/pulsera-turquesa-tu-y-yo.jpg\",\"contentUrl\":\"https:\\\/\\\/joyasyasmin.com\\\/wp-content\\\/uploads\\\/2024\\\/09\\\/pulsera-turquesa-tu-y-yo.jpg\",\"width\":1000,\"height\":1000,\"caption\":\"Bracelet Turquoise \u00e0 vendre vous et moi en argent sterling 925\"},{\"@type\":\"BreadcrumbList\",\"@id\":\"https:\\\/\\\/joyasyasmin.com\\\/fr\\\/producto\\\/turquoise-bracelet\\\/#breadcrumb\",\"itemListElement\":[{\"@type\":\"ListItem\",\"position\":1,\"name\":\"Portada\",\"item\":\"https:\\\/\\\/joyasyasmin.com\\\/fr\\\/domicile\\\/\"},{\"@type\":\"ListItem\",\"position\":2,\"name\":\"Boutique\",\"item\":\"https:\\\/\\\/joyasyasmin.com\\\/fr\\\/boutique\\\/\"},{\"@type\":\"ListItem\",\"position\":3,\"name\":\"Turquoise Bracelet\"}]},{\"@type\":\"WebSite\",\"@id\":\"https:\\\/\\\/joyasyasmin.com\\\/fr\\\/#website\",\"url\":\"https:\\\/\\\/joyasyasmin.com\\\/fr\\\/\",\"name\":\"Yasmin\",\"description\":\"Joyer\u00eda de Plata 925 - Pendientes, pulseras, anillos, colgantes y m\u00e1s!\",\"publisher\":{\"@id\":\"https:\\\/\\\/joyasyasmin.com\\\/fr\\\/#organization\"},\"potentialAction\":[{\"@type\":\"SearchAction\",\"target\":{\"@type\":\"EntryPoint\",\"urlTemplate\":\"https:\\\/\\\/joyasyasmin.com\\\/fr\\\/?s={search_term_string}\"},\"query-input\":{\"@type\":\"PropertyValueSpecification\",\"valueRequired\":true,\"valueName\":\"search_term_string\"}}],\"inLanguage\":\"fr-FR\"},{\"@type\":\"Organization\",\"@id\":\"https:\\\/\\\/joyasyasmin.com\\\/fr\\\/#organization\",\"name\":\"joyas yasmin\",\"url\":\"https:\\\/\\\/joyasyasmin.com\\\/fr\\\/\",\"logo\":{\"@type\":\"ImageObject\",\"inLanguage\":\"fr-FR\",\"@id\":\"https:\\\/\\\/joyasyasmin.com\\\/fr\\\/#\\\/schema\\\/logo\\\/image\\\/\",\"url\":\"https:\\\/\\\/joyasyasmin.com\\\/wp-content\\\/uploads\\\/2017\\\/06\\\/IMG-20200429-WA0051.jpg\",\"contentUrl\":\"https:\\\/\\\/joyasyasmin.com\\\/wp-content\\\/uploads\\\/2017\\\/06\\\/IMG-20200429-WA0051.jpg\",\"width\":1080,\"height\":545,\"caption\":\"joyas yasmin\"},\"image\":{\"@id\":\"https:\\\/\\\/joyasyasmin.com\\\/fr\\\/#\\\/schema\\\/logo\\\/image\\\/\"},\"sameAs\":[\"https:\\\/\\\/www.facebook.com\\\/Joyas-Yasmin-217664058934169\\\/\",\"https:\\\/\\\/www.instagram.com\\\/invites\\\/contact\\\/\"]}]}<\/script>\n<!-- \/ Yoast SEO plugin. -->","yoast_head_json":{"title":"Turquoise Bracelet - Yasmin","description":"Le bracelet turquoise est le compl\u00e9ment parfait \u00e0 n\u2019importe quelle tenue, apportant une touche d\u2019\u00e9l\u00e9gance et de distinction, des propri\u00e9t\u00e9s \u00e9nerg\u00e9tiques. Argent 925.","robots":{"index":"index","follow":"follow","max-snippet":"max-snippet:-1","max-image-preview":"max-image-preview:large","max-video-preview":"max-video-preview:-1"},"canonical":"https:\/\/joyasyasmin.com\/fr\/producto\/turquoise-bracelet\/","og_locale":"fr_FR","og_title":"Turquoise Bracelet - Yasmin","og_description":"Le bracelet turquoise est le compl\u00e9ment parfait \u00e0 n\u2019importe quelle tenue, apportant une touche d\u2019\u00e9l\u00e9gance et de distinction, des propri\u00e9t\u00e9s \u00e9nerg\u00e9tiques. Argent 925.","og_url":"https:\/\/joyasyasmin.com\/fr\/producto\/turquoise-bracelet\/","og_site_name":"Yasmin","article_publisher":"https:\/\/www.facebook.com\/Joyas-Yasmin-217664058934169\/","article_modified_time":"2025-01-16T19:22:53+00:00","og_image":[{"width":1000,"height":1000,"url":"https:\/\/joyasyasmin.com\/wp-content\/uploads\/2024\/09\/pulsera-turquesa-tu-y-yo.jpg","type":"image\/jpeg"}],"twitter_card":"summary_large_image","schema":{"@context":"https:\/\/schema.org","@graph":[{"@type":["WebPage","ItemPage"],"@id":"https:\/\/joyasyasmin.com\/fr\/producto\/turquoise-bracelet\/","url":"https:\/\/joyasyasmin.com\/fr\/producto\/turquoise-bracelet\/","name":"Turquoise Bracelet - Yasmin","isPartOf":{"@id":"https:\/\/joyasyasmin.com\/fr\/#website"},"primaryImageOfPage":{"@id":"https:\/\/joyasyasmin.com\/fr\/producto\/turquoise-bracelet\/#primaryimage"},"image":{"@id":"https:\/\/joyasyasmin.com\/fr\/producto\/turquoise-bracelet\/#primaryimage"},"thumbnailUrl":"https:\/\/joyasyasmin.com\/wp-content\/uploads\/2024\/09\/pulsera-turquesa-tu-y-yo.jpg","datePublished":"2024-09-14T09:40:21+00:00","dateModified":"2025-01-16T19:22:53+00:00","description":"Le bracelet turquoise est le compl\u00e9ment parfait \u00e0 n\u2019importe quelle tenue, apportant une touche d\u2019\u00e9l\u00e9gance et de distinction, des propri\u00e9t\u00e9s \u00e9nerg\u00e9tiques. Argent 925.","breadcrumb":{"@id":"https:\/\/joyasyasmin.com\/fr\/producto\/turquoise-bracelet\/#breadcrumb"},"inLanguage":"fr-FR","potentialAction":[{"@type":"ReadAction","target":["https:\/\/joyasyasmin.com\/fr\/producto\/turquoise-bracelet\/"]}]},{"@type":"ImageObject","inLanguage":"fr-FR","@id":"https:\/\/joyasyasmin.com\/fr\/producto\/turquoise-bracelet\/#primaryimage","url":"https:\/\/joyasyasmin.com\/wp-content\/uploads\/2024\/09\/pulsera-turquesa-tu-y-yo.jpg","contentUrl":"https:\/\/joyasyasmin.com\/wp-content\/uploads\/2024\/09\/pulsera-turquesa-tu-y-yo.jpg","width":1000,"height":1000,"caption":"Bracelet Turquoise \u00e0 vendre vous et moi en argent sterling 925"},{"@type":"BreadcrumbList","@id":"https:\/\/joyasyasmin.com\/fr\/producto\/turquoise-bracelet\/#breadcrumb","itemListElement":[{"@type":"ListItem","position":1,"name":"Portada","item":"https:\/\/joyasyasmin.com\/fr\/domicile\/"},{"@type":"ListItem","position":2,"name":"Boutique","item":"https:\/\/joyasyasmin.com\/fr\/boutique\/"},{"@type":"ListItem","position":3,"name":"Turquoise Bracelet"}]},{"@type":"WebSite","@id":"https:\/\/joyasyasmin.com\/fr\/#website","url":"https:\/\/joyasyasmin.com\/fr\/","name":"Yasmin","description":"Joyer\u00eda de Plata 925 - Pendientes, pulseras, anillos, colgantes y m\u00e1s!","publisher":{"@id":"https:\/\/joyasyasmin.com\/fr\/#organization"},"potentialAction":[{"@type":"SearchAction","target":{"@type":"EntryPoint","urlTemplate":"https:\/\/joyasyasmin.com\/fr\/?s={search_term_string}"},"query-input":{"@type":"PropertyValueSpecification","valueRequired":true,"valueName":"search_term_string"}}],"inLanguage":"fr-FR"},{"@type":"Organization","@id":"https:\/\/joyasyasmin.com\/fr\/#organization","name":"joyas yasmin","url":"https:\/\/joyasyasmin.com\/fr\/","logo":{"@type":"ImageObject","inLanguage":"fr-FR","@id":"https:\/\/joyasyasmin.com\/fr\/#\/schema\/logo\/image\/","url":"https:\/\/joyasyasmin.com\/wp-content\/uploads\/2017\/06\/IMG-20200429-WA0051.jpg","contentUrl":"https:\/\/joyasyasmin.com\/wp-content\/uploads\/2017\/06\/IMG-20200429-WA0051.jpg","width":1080,"height":545,"caption":"joyas yasmin"},"image":{"@id":"https:\/\/joyasyasmin.com\/fr\/#\/schema\/logo\/image\/"},"sameAs":["https:\/\/www.facebook.com\/Joyas-Yasmin-217664058934169\/","https:\/\/www.instagram.com\/invites\/contact\/"]}]}},"_links":{"self":[{"href":"https:\/\/joyasyasmin.com\/fr\/wp-json\/wp\/v2\/product\/19578","targetHints":{"allow":["GET"]}}],"collection":[{"href":"https:\/\/joyasyasmin.com\/fr\/wp-json\/wp\/v2\/product"}],"about":[{"href":"https:\/\/joyasyasmin.com\/fr\/wp-json\/wp\/v2\/types\/product"}],"replies":[{"embeddable":true,"href":"https:\/\/joyasyasmin.com\/fr\/wp-json\/wp\/v2\/comments?post=19578"}],"version-history":[{"count":1,"href":"https:\/\/joyasyasmin.com\/fr\/wp-json\/wp\/v2\/product\/19578\/revisions"}],"predecessor-version":[{"id":29621,"href":"https:\/\/joyasyasmin.com\/fr\/wp-json\/wp\/v2\/product\/19578\/revisions\/29621"}],"wp:featuredmedia":[{"embeddable":true,"href":"https:\/\/joyasyasmin.com\/fr\/wp-json\/wp\/v2\/media\/19588"}],"wp:attachment":[{"href":"https:\/\/joyasyasmin.com\/fr\/wp-json\/wp\/v2\/media?parent=19578"}],"wp:term":[{"taxonomy":"product_brand","embeddable":true,"href":"https:\/\/joyasyasmin.com\/fr\/wp-json\/wp\/v2\/product_brand?post=19578"},{"taxonomy":"product_cat","embeddable":true,"href":"https:\/\/joyasyasmin.com\/fr\/wp-json\/wp\/v2\/product_cat?post=19578"},{"taxonomy":"product_tag","embeddable":true,"href":"https:\/\/joyasyasmin.com\/fr\/wp-json\/wp\/v2\/product_tag?post=19578"}],"curies":[{"name":"wp","href":"https:\/\/api.w.org\/{rel}","templated":true}]}}