{"id":19583,"date":"2024-09-15T19:03:31","date_gmt":"2024-09-15T19:03:31","guid":{"rendered":"https:\/\/joyasyasmin.com\/producto\/boucles-doreilles-omega-pearl-royale\/"},"modified":"2025-05-13T11:08:23","modified_gmt":"2025-05-13T11:08:23","slug":"boucles-doreilles-omega-pearl-royale","status":"publish","type":"product","link":"https:\/\/joyasyasmin.com\/fr\/producto\/boucles-doreilles-omega-pearl-royale\/","title":{"rendered":"Boucles d\u2019oreilles Omega Pearl Royale"},"content":{"rendered":"","protected":false},"excerpt":{"rendered":"<p>Les boucles d\u2019oreilles Omega Pearl Royale sont le choix parfait pour ceux qui cherchent \u00e0 combiner \u00e9l\u00e9gance et distinction dans leur style quotidien. Avec un design intemporel et sophistiqu\u00e9, ces boucles d\u2019oreilles sont dot\u00e9es d\u2019une fermeture de type om\u00e9ga, assurant confort et s\u00e9curit\u00e9 \u00e0 chaque utilisation. <\/p>\n<p>La pi\u00e8ce ma\u00eetresse de ce design est une d\u00e9licate perle de coquillage de 8 mm, qui d\u00e9gage un \u00e9clat doux et raffin\u00e9. Cr\u00e9\u00e9 avec des couches naturelles, ce type de perle refl\u00e8te la lumi\u00e8re avec un \u00e9clat qui compl\u00e8te parfaitement n\u2019importe quelle tenue, de la plus simple \u00e0 la plus \u00e9labor\u00e9e. <\/p>\n<p>Le design des boucles d\u2019oreilles est compl\u00e9t\u00e9 par un corps en forme de cercle, orn\u00e9 d\u2019un zirconium de couleur brillante en son centre, disponible en trois teintes : vert, bleu ou rouge. Cette touche de couleur donne un caract\u00e8re unique et personnel \u00e0 chaque paire de boucles d\u2019oreilles. De plus, le zirconium central est entour\u00e9 d\u2019une s\u00e9rie de zircons blancs qui rehaussent sa brillance, offrant un contraste \u00e9blouissant et sophistiqu\u00e9.  <\/p>\n","protected":false},"featured_media":19593,"comment_status":"open","ping_status":"closed","template":"","meta":{"_acf_changed":false,"_joinchat":[]},"product_brand":[],"product_cat":[1775],"product_tag":[],"class_list":{"0":"post-19583","1":"product","2":"type-product","3":"status-publish","4":"has-post-thumbnail","6":"product_cat-boucles-doreilles-et-boucles-doreilles","8":"first","9":"outofstock","10":"shipping-taxable","11":"purchasable","12":"product-type-variable"},"acf":[],"yoast_head":"<!-- This site is optimized with the Yoast SEO plugin v27.5 - https:\/\/yoast.com\/product\/yoast-seo-wordpress\/ -->\n<title>Boucles d\u2019oreilles Omega Pearl Royale - Yasmin<\/title>\n<meta name=\"description\" content=\"Les boucles d\u2019oreilles Omega Pearl Royale sont le choix parfait pour ceux qui cherchent \u00e0 combiner \u00e9l\u00e9gance et distinction dans leur style quotidien. Couleur Vert, Rubis et Bleu.\" \/>\n<meta name=\"robots\" content=\"index, follow, max-snippet:-1, max-image-preview:large, max-video-preview:-1\" \/>\n<link rel=\"canonical\" href=\"https:\/\/joyasyasmin.com\/fr\/producto\/boucles-doreilles-omega-pearl-royale\/\" \/>\n<meta property=\"og:locale\" content=\"fr_FR\" \/>\n<meta property=\"og:title\" content=\"Boucles d\u2019oreilles Omega Pearl Royale - Yasmin\" \/>\n<meta property=\"og:description\" content=\"Les boucles d\u2019oreilles Omega Pearl Royale sont le choix parfait pour ceux qui cherchent \u00e0 combiner \u00e9l\u00e9gance et distinction dans leur style quotidien. Couleur Vert, Rubis et Bleu.\" \/>\n<meta property=\"og:url\" content=\"https:\/\/joyasyasmin.com\/fr\/producto\/boucles-doreilles-omega-pearl-royale\/\" \/>\n<meta property=\"og:site_name\" content=\"Yasmin\" \/>\n<meta property=\"article:publisher\" content=\"https:\/\/www.facebook.com\/Joyas-Yasmin-217664058934169\/\" \/>\n<meta property=\"article:modified_time\" content=\"2025-05-13T11:08:23+00:00\" \/>\n<meta property=\"og:image\" content=\"https:\/\/joyasyasmin.com\/wp-content\/uploads\/2024\/09\/pendiente-omega-tu-y-yo.jpg\" \/>\n\t<meta property=\"og:image:width\" content=\"1000\" \/>\n\t<meta property=\"og:image:height\" content=\"1000\" \/>\n\t<meta property=\"og:image:type\" content=\"image\/jpeg\" \/>\n<meta name=\"twitter:card\" content=\"summary_large_image\" \/>\n<script type=\"application\/ld+json\" class=\"yoast-schema-graph\">{\"@context\":\"https:\\\/\\\/schema.org\",\"@graph\":[{\"@type\":[\"WebPage\",\"ItemPage\"],\"@id\":\"https:\\\/\\\/joyasyasmin.com\\\/fr\\\/producto\\\/boucles-doreilles-omega-pearl-royale\\\/\",\"url\":\"https:\\\/\\\/joyasyasmin.com\\\/fr\\\/producto\\\/boucles-doreilles-omega-pearl-royale\\\/\",\"name\":\"Boucles d\u2019oreilles Omega Pearl Royale - Yasmin\",\"isPartOf\":{\"@id\":\"https:\\\/\\\/joyasyasmin.com\\\/fr\\\/#website\"},\"primaryImageOfPage\":{\"@id\":\"https:\\\/\\\/joyasyasmin.com\\\/fr\\\/producto\\\/boucles-doreilles-omega-pearl-royale\\\/#primaryimage\"},\"image\":{\"@id\":\"https:\\\/\\\/joyasyasmin.com\\\/fr\\\/producto\\\/boucles-doreilles-omega-pearl-royale\\\/#primaryimage\"},\"thumbnailUrl\":\"https:\\\/\\\/joyasyasmin.com\\\/wp-content\\\/uploads\\\/2024\\\/09\\\/pendiente-omega-tu-y-yo.jpg\",\"datePublished\":\"2024-09-15T19:03:31+00:00\",\"dateModified\":\"2025-05-13T11:08:23+00:00\",\"description\":\"Les boucles d\u2019oreilles Omega Pearl Royale sont le choix parfait pour ceux qui cherchent \u00e0 combiner \u00e9l\u00e9gance et distinction dans leur style quotidien. Couleur Vert, Rubis et Bleu.\",\"breadcrumb\":{\"@id\":\"https:\\\/\\\/joyasyasmin.com\\\/fr\\\/producto\\\/boucles-doreilles-omega-pearl-royale\\\/#breadcrumb\"},\"inLanguage\":\"fr-FR\",\"potentialAction\":[{\"@type\":\"ReadAction\",\"target\":[\"https:\\\/\\\/joyasyasmin.com\\\/fr\\\/producto\\\/boucles-doreilles-omega-pearl-royale\\\/\"]}]},{\"@type\":\"ImageObject\",\"inLanguage\":\"fr-FR\",\"@id\":\"https:\\\/\\\/joyasyasmin.com\\\/fr\\\/producto\\\/boucles-doreilles-omega-pearl-royale\\\/#primaryimage\",\"url\":\"https:\\\/\\\/joyasyasmin.com\\\/wp-content\\\/uploads\\\/2024\\\/09\\\/pendiente-omega-tu-y-yo.jpg\",\"contentUrl\":\"https:\\\/\\\/joyasyasmin.com\\\/wp-content\\\/uploads\\\/2024\\\/09\\\/pendiente-omega-tu-y-yo.jpg\",\"width\":1000,\"height\":1000,\"caption\":\"Boucle d\u2019oreille Omega Royale \u00e0 vendre vous et moi en argent sterling 925\"},{\"@type\":\"BreadcrumbList\",\"@id\":\"https:\\\/\\\/joyasyasmin.com\\\/fr\\\/producto\\\/boucles-doreilles-omega-pearl-royale\\\/#breadcrumb\",\"itemListElement\":[{\"@type\":\"ListItem\",\"position\":1,\"name\":\"Portada\",\"item\":\"https:\\\/\\\/joyasyasmin.com\\\/fr\\\/domicile\\\/\"},{\"@type\":\"ListItem\",\"position\":2,\"name\":\"Boutique\",\"item\":\"https:\\\/\\\/joyasyasmin.com\\\/fr\\\/boutique\\\/\"},{\"@type\":\"ListItem\",\"position\":3,\"name\":\"Boucles d\u2019oreilles Omega Pearl Royale\"}]},{\"@type\":\"WebSite\",\"@id\":\"https:\\\/\\\/joyasyasmin.com\\\/fr\\\/#website\",\"url\":\"https:\\\/\\\/joyasyasmin.com\\\/fr\\\/\",\"name\":\"Yasmin\",\"description\":\"Joyer\u00eda de Plata 925 - Pendientes, pulseras, anillos, colgantes y m\u00e1s!\",\"publisher\":{\"@id\":\"https:\\\/\\\/joyasyasmin.com\\\/fr\\\/#organization\"},\"potentialAction\":[{\"@type\":\"SearchAction\",\"target\":{\"@type\":\"EntryPoint\",\"urlTemplate\":\"https:\\\/\\\/joyasyasmin.com\\\/fr\\\/?s={search_term_string}\"},\"query-input\":{\"@type\":\"PropertyValueSpecification\",\"valueRequired\":true,\"valueName\":\"search_term_string\"}}],\"inLanguage\":\"fr-FR\"},{\"@type\":\"Organization\",\"@id\":\"https:\\\/\\\/joyasyasmin.com\\\/fr\\\/#organization\",\"name\":\"joyas yasmin\",\"url\":\"https:\\\/\\\/joyasyasmin.com\\\/fr\\\/\",\"logo\":{\"@type\":\"ImageObject\",\"inLanguage\":\"fr-FR\",\"@id\":\"https:\\\/\\\/joyasyasmin.com\\\/fr\\\/#\\\/schema\\\/logo\\\/image\\\/\",\"url\":\"https:\\\/\\\/joyasyasmin.com\\\/wp-content\\\/uploads\\\/2017\\\/06\\\/IMG-20200429-WA0051.jpg\",\"contentUrl\":\"https:\\\/\\\/joyasyasmin.com\\\/wp-content\\\/uploads\\\/2017\\\/06\\\/IMG-20200429-WA0051.jpg\",\"width\":1080,\"height\":545,\"caption\":\"joyas yasmin\"},\"image\":{\"@id\":\"https:\\\/\\\/joyasyasmin.com\\\/fr\\\/#\\\/schema\\\/logo\\\/image\\\/\"},\"sameAs\":[\"https:\\\/\\\/www.facebook.com\\\/Joyas-Yasmin-217664058934169\\\/\",\"https:\\\/\\\/www.instagram.com\\\/invites\\\/contact\\\/\"]}]}<\/script>\n<!-- \/ Yoast SEO plugin. -->","yoast_head_json":{"title":"Boucles d\u2019oreilles Omega Pearl Royale - Yasmin","description":"Les boucles d\u2019oreilles Omega Pearl Royale sont le choix parfait pour ceux qui cherchent \u00e0 combiner \u00e9l\u00e9gance et distinction dans leur style quotidien. Couleur Vert, Rubis et Bleu.","robots":{"index":"index","follow":"follow","max-snippet":"max-snippet:-1","max-image-preview":"max-image-preview:large","max-video-preview":"max-video-preview:-1"},"canonical":"https:\/\/joyasyasmin.com\/fr\/producto\/boucles-doreilles-omega-pearl-royale\/","og_locale":"fr_FR","og_title":"Boucles d\u2019oreilles Omega Pearl Royale - Yasmin","og_description":"Les boucles d\u2019oreilles Omega Pearl Royale sont le choix parfait pour ceux qui cherchent \u00e0 combiner \u00e9l\u00e9gance et distinction dans leur style quotidien. Couleur Vert, Rubis et Bleu.","og_url":"https:\/\/joyasyasmin.com\/fr\/producto\/boucles-doreilles-omega-pearl-royale\/","og_site_name":"Yasmin","article_publisher":"https:\/\/www.facebook.com\/Joyas-Yasmin-217664058934169\/","article_modified_time":"2025-05-13T11:08:23+00:00","og_image":[{"width":1000,"height":1000,"url":"https:\/\/joyasyasmin.com\/wp-content\/uploads\/2024\/09\/pendiente-omega-tu-y-yo.jpg","type":"image\/jpeg"}],"twitter_card":"summary_large_image","schema":{"@context":"https:\/\/schema.org","@graph":[{"@type":["WebPage","ItemPage"],"@id":"https:\/\/joyasyasmin.com\/fr\/producto\/boucles-doreilles-omega-pearl-royale\/","url":"https:\/\/joyasyasmin.com\/fr\/producto\/boucles-doreilles-omega-pearl-royale\/","name":"Boucles d\u2019oreilles Omega Pearl Royale - Yasmin","isPartOf":{"@id":"https:\/\/joyasyasmin.com\/fr\/#website"},"primaryImageOfPage":{"@id":"https:\/\/joyasyasmin.com\/fr\/producto\/boucles-doreilles-omega-pearl-royale\/#primaryimage"},"image":{"@id":"https:\/\/joyasyasmin.com\/fr\/producto\/boucles-doreilles-omega-pearl-royale\/#primaryimage"},"thumbnailUrl":"https:\/\/joyasyasmin.com\/wp-content\/uploads\/2024\/09\/pendiente-omega-tu-y-yo.jpg","datePublished":"2024-09-15T19:03:31+00:00","dateModified":"2025-05-13T11:08:23+00:00","description":"Les boucles d\u2019oreilles Omega Pearl Royale sont le choix parfait pour ceux qui cherchent \u00e0 combiner \u00e9l\u00e9gance et distinction dans leur style quotidien. Couleur Vert, Rubis et Bleu.","breadcrumb":{"@id":"https:\/\/joyasyasmin.com\/fr\/producto\/boucles-doreilles-omega-pearl-royale\/#breadcrumb"},"inLanguage":"fr-FR","potentialAction":[{"@type":"ReadAction","target":["https:\/\/joyasyasmin.com\/fr\/producto\/boucles-doreilles-omega-pearl-royale\/"]}]},{"@type":"ImageObject","inLanguage":"fr-FR","@id":"https:\/\/joyasyasmin.com\/fr\/producto\/boucles-doreilles-omega-pearl-royale\/#primaryimage","url":"https:\/\/joyasyasmin.com\/wp-content\/uploads\/2024\/09\/pendiente-omega-tu-y-yo.jpg","contentUrl":"https:\/\/joyasyasmin.com\/wp-content\/uploads\/2024\/09\/pendiente-omega-tu-y-yo.jpg","width":1000,"height":1000,"caption":"Boucle d\u2019oreille Omega Royale \u00e0 vendre vous et moi en argent sterling 925"},{"@type":"BreadcrumbList","@id":"https:\/\/joyasyasmin.com\/fr\/producto\/boucles-doreilles-omega-pearl-royale\/#breadcrumb","itemListElement":[{"@type":"ListItem","position":1,"name":"Portada","item":"https:\/\/joyasyasmin.com\/fr\/domicile\/"},{"@type":"ListItem","position":2,"name":"Boutique","item":"https:\/\/joyasyasmin.com\/fr\/boutique\/"},{"@type":"ListItem","position":3,"name":"Boucles d\u2019oreilles Omega Pearl Royale"}]},{"@type":"WebSite","@id":"https:\/\/joyasyasmin.com\/fr\/#website","url":"https:\/\/joyasyasmin.com\/fr\/","name":"Yasmin","description":"Joyer\u00eda de Plata 925 - Pendientes, pulseras, anillos, colgantes y m\u00e1s!","publisher":{"@id":"https:\/\/joyasyasmin.com\/fr\/#organization"},"potentialAction":[{"@type":"SearchAction","target":{"@type":"EntryPoint","urlTemplate":"https:\/\/joyasyasmin.com\/fr\/?s={search_term_string}"},"query-input":{"@type":"PropertyValueSpecification","valueRequired":true,"valueName":"search_term_string"}}],"inLanguage":"fr-FR"},{"@type":"Organization","@id":"https:\/\/joyasyasmin.com\/fr\/#organization","name":"joyas yasmin","url":"https:\/\/joyasyasmin.com\/fr\/","logo":{"@type":"ImageObject","inLanguage":"fr-FR","@id":"https:\/\/joyasyasmin.com\/fr\/#\/schema\/logo\/image\/","url":"https:\/\/joyasyasmin.com\/wp-content\/uploads\/2017\/06\/IMG-20200429-WA0051.jpg","contentUrl":"https:\/\/joyasyasmin.com\/wp-content\/uploads\/2017\/06\/IMG-20200429-WA0051.jpg","width":1080,"height":545,"caption":"joyas yasmin"},"image":{"@id":"https:\/\/joyasyasmin.com\/fr\/#\/schema\/logo\/image\/"},"sameAs":["https:\/\/www.facebook.com\/Joyas-Yasmin-217664058934169\/","https:\/\/www.instagram.com\/invites\/contact\/"]}]}},"_links":{"self":[{"href":"https:\/\/joyasyasmin.com\/fr\/wp-json\/wp\/v2\/product\/19583","targetHints":{"allow":["GET"]}}],"collection":[{"href":"https:\/\/joyasyasmin.com\/fr\/wp-json\/wp\/v2\/product"}],"about":[{"href":"https:\/\/joyasyasmin.com\/fr\/wp-json\/wp\/v2\/types\/product"}],"replies":[{"embeddable":true,"href":"https:\/\/joyasyasmin.com\/fr\/wp-json\/wp\/v2\/comments?post=19583"}],"version-history":[{"count":1,"href":"https:\/\/joyasyasmin.com\/fr\/wp-json\/wp\/v2\/product\/19583\/revisions"}],"predecessor-version":[{"id":32472,"href":"https:\/\/joyasyasmin.com\/fr\/wp-json\/wp\/v2\/product\/19583\/revisions\/32472"}],"wp:featuredmedia":[{"embeddable":true,"href":"https:\/\/joyasyasmin.com\/fr\/wp-json\/wp\/v2\/media\/19593"}],"wp:attachment":[{"href":"https:\/\/joyasyasmin.com\/fr\/wp-json\/wp\/v2\/media?parent=19583"}],"wp:term":[{"taxonomy":"product_brand","embeddable":true,"href":"https:\/\/joyasyasmin.com\/fr\/wp-json\/wp\/v2\/product_brand?post=19583"},{"taxonomy":"product_cat","embeddable":true,"href":"https:\/\/joyasyasmin.com\/fr\/wp-json\/wp\/v2\/product_cat?post=19583"},{"taxonomy":"product_tag","embeddable":true,"href":"https:\/\/joyasyasmin.com\/fr\/wp-json\/wp\/v2\/product_tag?post=19583"}],"curies":[{"name":"wp","href":"https:\/\/api.w.org\/{rel}","templated":true}]}}