{"id":19702,"date":"2024-09-19T17:32:32","date_gmt":"2024-09-19T17:32:32","guid":{"rendered":"https:\/\/joyasyasmin.com\/producto\/collier-avec-des-pierres-dessence-naturelle\/"},"modified":"2025-09-01T07:45:14","modified_gmt":"2025-09-01T07:45:14","slug":"collier-avec-des-pierres-dessence-naturelle","status":"publish","type":"product","link":"https:\/\/joyasyasmin.com\/fr\/producto\/collier-avec-des-pierres-dessence-naturelle\/","title":{"rendered":"Collier avec des pierres d\u2019essence naturelle"},"content":{"rendered":"","protected":false},"excerpt":{"rendered":"<p>D\u00e9couvrez notre magnifique collier avec des pierres d\u2019essence naturelle en argent sterling 925, con\u00e7u pour ceux qui recherchent l\u2019harmonie, le style et une connexion sp\u00e9ciale avec la nature. Ce collier combine la puret\u00e9 de l\u2019argent sterling 925 avec l\u2019\u00e9nergie unique des pierres naturelles, cr\u00e9ant une pi\u00e8ce unique et puissante. <\/p>\n<p>Caract\u00e9ristiques du collier&nbsp;:<br \/>\n-Mat\u00e9riel&nbsp;: argent sterling 925, garantissant durabilit\u00e9 et brillance.<br \/>\n-Conception de la cha\u00eene&nbsp;: cha\u00eene rolo de 1 mm, d\u00e9licate mais r\u00e9sistante, id\u00e9ale pour avoir l\u2019air \u00e9l\u00e9gant en toute occasion.<br \/>\n&#8211; Largeur totale des pierres : 5 cm, offrant un aspect \u00e9quilibr\u00e9 et sophistiqu\u00e9.<br \/>\n&#8211; Largeur de la pierre individuelle : 8 mm, avec des pierres parfaitement sculpt\u00e9es pour une finition irr\u00e9prochable.<\/p>\n","protected":false},"featured_media":19712,"comment_status":"open","ping_status":"closed","template":"","meta":{"_acf_changed":false,"_joinchat":[]},"product_brand":[],"product_cat":[1819],"product_tag":[],"class_list":{"0":"post-19702","1":"product","2":"type-product","3":"status-publish","4":"has-post-thumbnail","6":"product_cat-colliers","8":"first","9":"instock","10":"shipping-taxable","11":"purchasable","12":"product-type-variable"},"acf":[],"yoast_head":"<!-- This site is optimized with the Yoast SEO plugin v27.2 - https:\/\/yoast.com\/product\/yoast-seo-wordpress\/ -->\n<title>Collier avec des pierres d\u2019essence naturelle - Yasmin<\/title>\n<meta name=\"description\" content=\"Le collier avec des pierres d\u2019essence naturelle, con\u00e7u pour ceux qui recherchent l\u2019harmonie, le style et une connexion sp\u00e9ciale avec la nature, est fabriqu\u00e9 en argent sterling 925.\" \/>\n<meta name=\"robots\" content=\"index, follow, max-snippet:-1, max-image-preview:large, max-video-preview:-1\" \/>\n<link rel=\"canonical\" href=\"https:\/\/joyasyasmin.com\/fr\/producto\/collier-avec-des-pierres-dessence-naturelle\/\" \/>\n<meta property=\"og:locale\" content=\"fr_FR\" \/>\n<meta property=\"og:title\" content=\"Collier avec des pierres d\u2019essence naturelle - Yasmin\" \/>\n<meta property=\"og:description\" content=\"Le collier avec des pierres d\u2019essence naturelle, con\u00e7u pour ceux qui recherchent l\u2019harmonie, le style et une connexion sp\u00e9ciale avec la nature, est fabriqu\u00e9 en argent sterling 925.\" \/>\n<meta property=\"og:url\" content=\"https:\/\/joyasyasmin.com\/fr\/producto\/collier-avec-des-pierres-dessence-naturelle\/\" \/>\n<meta property=\"og:site_name\" content=\"Yasmin\" \/>\n<meta property=\"article:publisher\" content=\"https:\/\/www.facebook.com\/Joyas-Yasmin-217664058934169\/\" \/>\n<meta property=\"article:modified_time\" content=\"2025-09-01T07:45:14+00:00\" \/>\n<meta property=\"og:image\" content=\"https:\/\/joyasyasmin.com\/wp-content\/uploads\/2024\/09\/collar-esencia-natural-de-chacras.jpg\" \/>\n\t<meta property=\"og:image:width\" content=\"1000\" \/>\n\t<meta property=\"og:image:height\" content=\"1000\" \/>\n\t<meta property=\"og:image:type\" content=\"image\/jpeg\" \/>\n<meta name=\"twitter:card\" content=\"summary_large_image\" \/>\n<script type=\"application\/ld+json\" class=\"yoast-schema-graph\">{\"@context\":\"https:\/\/schema.org\",\"@graph\":[{\"@type\":[\"WebPage\",\"ItemPage\"],\"@id\":\"https:\/\/joyasyasmin.com\/fr\/producto\/collier-avec-des-pierres-dessence-naturelle\/\",\"url\":\"https:\/\/joyasyasmin.com\/fr\/producto\/collier-avec-des-pierres-dessence-naturelle\/\",\"name\":\"Collier avec des pierres d\u2019essence naturelle - Yasmin\",\"isPartOf\":{\"@id\":\"https:\/\/joyasyasmin.com\/fr\/#website\"},\"primaryImageOfPage\":{\"@id\":\"https:\/\/joyasyasmin.com\/fr\/producto\/collier-avec-des-pierres-dessence-naturelle\/#primaryimage\"},\"image\":{\"@id\":\"https:\/\/joyasyasmin.com\/fr\/producto\/collier-avec-des-pierres-dessence-naturelle\/#primaryimage\"},\"thumbnailUrl\":\"https:\/\/joyasyasmin.com\/wp-content\/uploads\/2024\/09\/collar-esencia-natural-de-chacras.jpg\",\"datePublished\":\"2024-09-19T17:32:32+00:00\",\"dateModified\":\"2025-09-01T07:45:14+00:00\",\"description\":\"Le collier avec des pierres d\u2019essence naturelle, con\u00e7u pour ceux qui recherchent l\u2019harmonie, le style et une connexion sp\u00e9ciale avec la nature, est fabriqu\u00e9 en argent sterling 925.\",\"breadcrumb\":{\"@id\":\"https:\/\/joyasyasmin.com\/fr\/producto\/collier-avec-des-pierres-dessence-naturelle\/#breadcrumb\"},\"inLanguage\":\"fr-FR\",\"potentialAction\":[{\"@type\":\"ReadAction\",\"target\":[\"https:\/\/joyasyasmin.com\/fr\/producto\/collier-avec-des-pierres-dessence-naturelle\/\"]}]},{\"@type\":\"ImageObject\",\"inLanguage\":\"fr-FR\",\"@id\":\"https:\/\/joyasyasmin.com\/fr\/producto\/collier-avec-des-pierres-dessence-naturelle\/#primaryimage\",\"url\":\"https:\/\/joyasyasmin.com\/wp-content\/uploads\/2024\/09\/collar-esencia-natural-de-chacras.jpg\",\"contentUrl\":\"https:\/\/joyasyasmin.com\/wp-content\/uploads\/2024\/09\/collar-esencia-natural-de-chacras.jpg\",\"width\":1000,\"height\":1000,\"caption\":\"Collier d\u2019essence naturelle de 925 chakras en argent sterling\"},{\"@type\":\"BreadcrumbList\",\"@id\":\"https:\/\/joyasyasmin.com\/fr\/producto\/collier-avec-des-pierres-dessence-naturelle\/#breadcrumb\",\"itemListElement\":[{\"@type\":\"ListItem\",\"position\":1,\"name\":\"Portada\",\"item\":\"https:\/\/joyasyasmin.com\/fr\/domicile\/\"},{\"@type\":\"ListItem\",\"position\":2,\"name\":\"Boutique\",\"item\":\"https:\/\/joyasyasmin.com\/fr\/boutique\/\"},{\"@type\":\"ListItem\",\"position\":3,\"name\":\"Collier avec des pierres d\u2019essence naturelle\"}]},{\"@type\":\"WebSite\",\"@id\":\"https:\/\/joyasyasmin.com\/fr\/#website\",\"url\":\"https:\/\/joyasyasmin.com\/fr\/\",\"name\":\"Yasmin\",\"description\":\"Joyer\u00eda de Plata 925 - Pendientes, pulseras, anillos, colgantes y m\u00e1s!\",\"publisher\":{\"@id\":\"https:\/\/joyasyasmin.com\/fr\/#organization\"},\"potentialAction\":[{\"@type\":\"SearchAction\",\"target\":{\"@type\":\"EntryPoint\",\"urlTemplate\":\"https:\/\/joyasyasmin.com\/fr\/?s={search_term_string}\"},\"query-input\":{\"@type\":\"PropertyValueSpecification\",\"valueRequired\":true,\"valueName\":\"search_term_string\"}}],\"inLanguage\":\"fr-FR\"},{\"@type\":\"Organization\",\"@id\":\"https:\/\/joyasyasmin.com\/fr\/#organization\",\"name\":\"joyas yasmin\",\"url\":\"https:\/\/joyasyasmin.com\/fr\/\",\"logo\":{\"@type\":\"ImageObject\",\"inLanguage\":\"fr-FR\",\"@id\":\"https:\/\/joyasyasmin.com\/fr\/#\/schema\/logo\/image\/\",\"url\":\"https:\/\/joyasyasmin.com\/wp-content\/uploads\/2017\/06\/IMG-20200429-WA0051.jpg\",\"contentUrl\":\"https:\/\/joyasyasmin.com\/wp-content\/uploads\/2017\/06\/IMG-20200429-WA0051.jpg\",\"width\":1080,\"height\":545,\"caption\":\"joyas yasmin\"},\"image\":{\"@id\":\"https:\/\/joyasyasmin.com\/fr\/#\/schema\/logo\/image\/\"},\"sameAs\":[\"https:\/\/www.facebook.com\/Joyas-Yasmin-217664058934169\/\",\"https:\/\/www.instagram.com\/invites\/contact\/\"]}]}<\/script>\n<!-- \/ Yoast SEO plugin. -->","yoast_head_json":{"title":"Collier avec des pierres d\u2019essence naturelle - Yasmin","description":"Le collier avec des pierres d\u2019essence naturelle, con\u00e7u pour ceux qui recherchent l\u2019harmonie, le style et une connexion sp\u00e9ciale avec la nature, est fabriqu\u00e9 en argent sterling 925.","robots":{"index":"index","follow":"follow","max-snippet":"max-snippet:-1","max-image-preview":"max-image-preview:large","max-video-preview":"max-video-preview:-1"},"canonical":"https:\/\/joyasyasmin.com\/fr\/producto\/collier-avec-des-pierres-dessence-naturelle\/","og_locale":"fr_FR","og_title":"Collier avec des pierres d\u2019essence naturelle - Yasmin","og_description":"Le collier avec des pierres d\u2019essence naturelle, con\u00e7u pour ceux qui recherchent l\u2019harmonie, le style et une connexion sp\u00e9ciale avec la nature, est fabriqu\u00e9 en argent sterling 925.","og_url":"https:\/\/joyasyasmin.com\/fr\/producto\/collier-avec-des-pierres-dessence-naturelle\/","og_site_name":"Yasmin","article_publisher":"https:\/\/www.facebook.com\/Joyas-Yasmin-217664058934169\/","article_modified_time":"2025-09-01T07:45:14+00:00","og_image":[{"width":1000,"height":1000,"url":"https:\/\/joyasyasmin.com\/wp-content\/uploads\/2024\/09\/collar-esencia-natural-de-chacras.jpg","type":"image\/jpeg"}],"twitter_card":"summary_large_image","schema":{"@context":"https:\/\/schema.org","@graph":[{"@type":["WebPage","ItemPage"],"@id":"https:\/\/joyasyasmin.com\/fr\/producto\/collier-avec-des-pierres-dessence-naturelle\/","url":"https:\/\/joyasyasmin.com\/fr\/producto\/collier-avec-des-pierres-dessence-naturelle\/","name":"Collier avec des pierres d\u2019essence naturelle - Yasmin","isPartOf":{"@id":"https:\/\/joyasyasmin.com\/fr\/#website"},"primaryImageOfPage":{"@id":"https:\/\/joyasyasmin.com\/fr\/producto\/collier-avec-des-pierres-dessence-naturelle\/#primaryimage"},"image":{"@id":"https:\/\/joyasyasmin.com\/fr\/producto\/collier-avec-des-pierres-dessence-naturelle\/#primaryimage"},"thumbnailUrl":"https:\/\/joyasyasmin.com\/wp-content\/uploads\/2024\/09\/collar-esencia-natural-de-chacras.jpg","datePublished":"2024-09-19T17:32:32+00:00","dateModified":"2025-09-01T07:45:14+00:00","description":"Le collier avec des pierres d\u2019essence naturelle, con\u00e7u pour ceux qui recherchent l\u2019harmonie, le style et une connexion sp\u00e9ciale avec la nature, est fabriqu\u00e9 en argent sterling 925.","breadcrumb":{"@id":"https:\/\/joyasyasmin.com\/fr\/producto\/collier-avec-des-pierres-dessence-naturelle\/#breadcrumb"},"inLanguage":"fr-FR","potentialAction":[{"@type":"ReadAction","target":["https:\/\/joyasyasmin.com\/fr\/producto\/collier-avec-des-pierres-dessence-naturelle\/"]}]},{"@type":"ImageObject","inLanguage":"fr-FR","@id":"https:\/\/joyasyasmin.com\/fr\/producto\/collier-avec-des-pierres-dessence-naturelle\/#primaryimage","url":"https:\/\/joyasyasmin.com\/wp-content\/uploads\/2024\/09\/collar-esencia-natural-de-chacras.jpg","contentUrl":"https:\/\/joyasyasmin.com\/wp-content\/uploads\/2024\/09\/collar-esencia-natural-de-chacras.jpg","width":1000,"height":1000,"caption":"Collier d\u2019essence naturelle de 925 chakras en argent sterling"},{"@type":"BreadcrumbList","@id":"https:\/\/joyasyasmin.com\/fr\/producto\/collier-avec-des-pierres-dessence-naturelle\/#breadcrumb","itemListElement":[{"@type":"ListItem","position":1,"name":"Portada","item":"https:\/\/joyasyasmin.com\/fr\/domicile\/"},{"@type":"ListItem","position":2,"name":"Boutique","item":"https:\/\/joyasyasmin.com\/fr\/boutique\/"},{"@type":"ListItem","position":3,"name":"Collier avec des pierres d\u2019essence naturelle"}]},{"@type":"WebSite","@id":"https:\/\/joyasyasmin.com\/fr\/#website","url":"https:\/\/joyasyasmin.com\/fr\/","name":"Yasmin","description":"Joyer\u00eda de Plata 925 - Pendientes, pulseras, anillos, colgantes y m\u00e1s!","publisher":{"@id":"https:\/\/joyasyasmin.com\/fr\/#organization"},"potentialAction":[{"@type":"SearchAction","target":{"@type":"EntryPoint","urlTemplate":"https:\/\/joyasyasmin.com\/fr\/?s={search_term_string}"},"query-input":{"@type":"PropertyValueSpecification","valueRequired":true,"valueName":"search_term_string"}}],"inLanguage":"fr-FR"},{"@type":"Organization","@id":"https:\/\/joyasyasmin.com\/fr\/#organization","name":"joyas yasmin","url":"https:\/\/joyasyasmin.com\/fr\/","logo":{"@type":"ImageObject","inLanguage":"fr-FR","@id":"https:\/\/joyasyasmin.com\/fr\/#\/schema\/logo\/image\/","url":"https:\/\/joyasyasmin.com\/wp-content\/uploads\/2017\/06\/IMG-20200429-WA0051.jpg","contentUrl":"https:\/\/joyasyasmin.com\/wp-content\/uploads\/2017\/06\/IMG-20200429-WA0051.jpg","width":1080,"height":545,"caption":"joyas yasmin"},"image":{"@id":"https:\/\/joyasyasmin.com\/fr\/#\/schema\/logo\/image\/"},"sameAs":["https:\/\/www.facebook.com\/Joyas-Yasmin-217664058934169\/","https:\/\/www.instagram.com\/invites\/contact\/"]}]}},"_links":{"self":[{"href":"https:\/\/joyasyasmin.com\/fr\/wp-json\/wp\/v2\/product\/19702","targetHints":{"allow":["GET"]}}],"collection":[{"href":"https:\/\/joyasyasmin.com\/fr\/wp-json\/wp\/v2\/product"}],"about":[{"href":"https:\/\/joyasyasmin.com\/fr\/wp-json\/wp\/v2\/types\/product"}],"replies":[{"embeddable":true,"href":"https:\/\/joyasyasmin.com\/fr\/wp-json\/wp\/v2\/comments?post=19702"}],"version-history":[{"count":2,"href":"https:\/\/joyasyasmin.com\/fr\/wp-json\/wp\/v2\/product\/19702\/revisions"}],"predecessor-version":[{"id":34619,"href":"https:\/\/joyasyasmin.com\/fr\/wp-json\/wp\/v2\/product\/19702\/revisions\/34619"}],"wp:featuredmedia":[{"embeddable":true,"href":"https:\/\/joyasyasmin.com\/fr\/wp-json\/wp\/v2\/media\/19712"}],"wp:attachment":[{"href":"https:\/\/joyasyasmin.com\/fr\/wp-json\/wp\/v2\/media?parent=19702"}],"wp:term":[{"taxonomy":"product_brand","embeddable":true,"href":"https:\/\/joyasyasmin.com\/fr\/wp-json\/wp\/v2\/product_brand?post=19702"},{"taxonomy":"product_cat","embeddable":true,"href":"https:\/\/joyasyasmin.com\/fr\/wp-json\/wp\/v2\/product_cat?post=19702"},{"taxonomy":"product_tag","embeddable":true,"href":"https:\/\/joyasyasmin.com\/fr\/wp-json\/wp\/v2\/product_tag?post=19702"}],"curies":[{"name":"wp","href":"https:\/\/api.w.org\/{rel}","templated":true}]}}