{"id":19723,"date":"2024-09-19T18:10:31","date_gmt":"2024-09-19T18:10:31","guid":{"rendered":"https:\/\/joyasyasmin.com\/producto\/collier-fleur-porte-bonheur\/"},"modified":"2025-05-13T11:08:37","modified_gmt":"2025-05-13T11:08:37","slug":"collier-fleur-porte-bonheur","status":"publish","type":"product","link":"https:\/\/joyasyasmin.com\/fr\/producto\/collier-fleur-porte-bonheur\/","title":{"rendered":"Collier fleur porte-bonheur"},"content":{"rendered":"","protected":false},"excerpt":{"rendered":"<p>Le collier Lucky Flower est une pi\u00e8ce unique qui allie symbolisme et style en un seul accessoire. Inspir\u00e9 de la forme classique d\u2019un tr\u00e8fle ou d\u2019une fleur \u00e0 4 p\u00e9tales, ce collier est parfait pour ceux qui recherchent une touche de sophistication et un porte-bonheur. <\/p>\n<p>Le pendentif, en argent sterling 925, a un diam\u00e8tre de 12 mm, offrant la taille id\u00e9ale pour un look discret et \u00e9l\u00e9gant. Son design minimaliste et d\u00e9licat en fait une pi\u00e8ce intemporelle que vous pouvez porter en toute occasion, du quotidien aux \u00e9v\u00e9nements sp\u00e9ciaux. De plus, il est disponible dans une vari\u00e9t\u00e9 de couleurs : noir, nacre, bleu, rouge et vert, vous pouvez donc choisir celui qui convient le mieux \u00e0 votre style ou \u00e0 votre humeur.  <\/p>\n<p>La cha\u00eene, dans un style rolo de 2 mm, assure durabilit\u00e9 et r\u00e9sistance, sans perdre la finesse qui caract\u00e9rise ce bijou. Avec une longueur de 45 cm + 3 cm d\u2019extension, il s\u2019adapte confortablement autour du cou et vous permet de porter le pendentif \u00e0 la hauteur que vous pr\u00e9f\u00e9rez. <\/p>\n","protected":false},"featured_media":19729,"comment_status":"open","ping_status":"closed","template":"","meta":{"_acf_changed":false,"_joinchat":[]},"product_brand":[],"product_cat":[1819],"product_tag":[],"class_list":{"0":"post-19723","1":"product","2":"type-product","3":"status-publish","4":"has-post-thumbnail","6":"product_cat-colliers","8":"first","9":"instock","10":"shipping-taxable","11":"purchasable","12":"product-type-variable"},"acf":[],"yoast_head":"<!-- This site is optimized with the Yoast SEO plugin v27.2 - https:\/\/yoast.com\/product\/yoast-seo-wordpress\/ -->\n<title>Collier fleur porte-bonheur - Yasmin<\/title>\n<meta name=\"description\" content=\"Le collier Lucky Flower est une pi\u00e8ce unique qui allie symbolisme et style en un seul accessoire. Inspir\u00e9 par la forme classique d\u2019un tr\u00e8fle ou d\u2019une fleur.\" \/>\n<meta name=\"robots\" content=\"index, follow, max-snippet:-1, max-image-preview:large, max-video-preview:-1\" \/>\n<link rel=\"canonical\" href=\"https:\/\/joyasyasmin.com\/fr\/producto\/collier-fleur-porte-bonheur\/\" \/>\n<meta property=\"og:locale\" content=\"fr_FR\" \/>\n<meta property=\"og:title\" content=\"Collier fleur porte-bonheur - Yasmin\" \/>\n<meta property=\"og:description\" content=\"Le collier Lucky Flower est une pi\u00e8ce unique qui allie symbolisme et style en un seul accessoire. Inspir\u00e9 par la forme classique d\u2019un tr\u00e8fle ou d\u2019une fleur.\" \/>\n<meta property=\"og:url\" content=\"https:\/\/joyasyasmin.com\/fr\/producto\/collier-fleur-porte-bonheur\/\" \/>\n<meta property=\"og:site_name\" content=\"Yasmin\" \/>\n<meta property=\"article:publisher\" content=\"https:\/\/www.facebook.com\/Joyas-Yasmin-217664058934169\/\" \/>\n<meta property=\"article:modified_time\" content=\"2025-05-13T11:08:37+00:00\" \/>\n<meta property=\"og:image\" content=\"https:\/\/joyasyasmin.com\/wp-content\/uploads\/2024\/09\/collar-onix-con-plata.jpg\" \/>\n\t<meta property=\"og:image:width\" content=\"1000\" \/>\n\t<meta property=\"og:image:height\" content=\"1000\" \/>\n\t<meta property=\"og:image:type\" content=\"image\/jpeg\" \/>\n<meta name=\"twitter:card\" content=\"summary_large_image\" \/>\n<script type=\"application\/ld+json\" class=\"yoast-schema-graph\">{\"@context\":\"https:\/\/schema.org\",\"@graph\":[{\"@type\":[\"WebPage\",\"ItemPage\"],\"@id\":\"https:\/\/joyasyasmin.com\/fr\/producto\/collier-fleur-porte-bonheur\/\",\"url\":\"https:\/\/joyasyasmin.com\/fr\/producto\/collier-fleur-porte-bonheur\/\",\"name\":\"Collier fleur porte-bonheur - Yasmin\",\"isPartOf\":{\"@id\":\"https:\/\/joyasyasmin.com\/fr\/#website\"},\"primaryImageOfPage\":{\"@id\":\"https:\/\/joyasyasmin.com\/fr\/producto\/collier-fleur-porte-bonheur\/#primaryimage\"},\"image\":{\"@id\":\"https:\/\/joyasyasmin.com\/fr\/producto\/collier-fleur-porte-bonheur\/#primaryimage\"},\"thumbnailUrl\":\"https:\/\/joyasyasmin.com\/wp-content\/uploads\/2024\/09\/collar-onix-con-plata.jpg\",\"datePublished\":\"2024-09-19T18:10:31+00:00\",\"dateModified\":\"2025-05-13T11:08:37+00:00\",\"description\":\"Le collier Lucky Flower est une pi\u00e8ce unique qui allie symbolisme et style en un seul accessoire. Inspir\u00e9 par la forme classique d\u2019un tr\u00e8fle ou d\u2019une fleur.\",\"breadcrumb\":{\"@id\":\"https:\/\/joyasyasmin.com\/fr\/producto\/collier-fleur-porte-bonheur\/#breadcrumb\"},\"inLanguage\":\"fr-FR\",\"potentialAction\":[{\"@type\":\"ReadAction\",\"target\":[\"https:\/\/joyasyasmin.com\/fr\/producto\/collier-fleur-porte-bonheur\/\"]}]},{\"@type\":\"ImageObject\",\"inLanguage\":\"fr-FR\",\"@id\":\"https:\/\/joyasyasmin.com\/fr\/producto\/collier-fleur-porte-bonheur\/#primaryimage\",\"url\":\"https:\/\/joyasyasmin.com\/wp-content\/uploads\/2024\/09\/collar-onix-con-plata.jpg\",\"contentUrl\":\"https:\/\/joyasyasmin.com\/wp-content\/uploads\/2024\/09\/collar-onix-con-plata.jpg\",\"width\":1000,\"height\":1000,\"caption\":\"Collier en onyx de style tr\u00e8fle \u00e0 vendre avec de l\u2019argent sterling 925\"},{\"@type\":\"BreadcrumbList\",\"@id\":\"https:\/\/joyasyasmin.com\/fr\/producto\/collier-fleur-porte-bonheur\/#breadcrumb\",\"itemListElement\":[{\"@type\":\"ListItem\",\"position\":1,\"name\":\"Portada\",\"item\":\"https:\/\/joyasyasmin.com\/fr\/domicile\/\"},{\"@type\":\"ListItem\",\"position\":2,\"name\":\"Boutique\",\"item\":\"https:\/\/joyasyasmin.com\/fr\/boutique\/\"},{\"@type\":\"ListItem\",\"position\":3,\"name\":\"Collier fleur porte-bonheur\"}]},{\"@type\":\"WebSite\",\"@id\":\"https:\/\/joyasyasmin.com\/fr\/#website\",\"url\":\"https:\/\/joyasyasmin.com\/fr\/\",\"name\":\"Yasmin\",\"description\":\"Joyer\u00eda de Plata 925 - Pendientes, pulseras, anillos, colgantes y m\u00e1s!\",\"publisher\":{\"@id\":\"https:\/\/joyasyasmin.com\/fr\/#organization\"},\"potentialAction\":[{\"@type\":\"SearchAction\",\"target\":{\"@type\":\"EntryPoint\",\"urlTemplate\":\"https:\/\/joyasyasmin.com\/fr\/?s={search_term_string}\"},\"query-input\":{\"@type\":\"PropertyValueSpecification\",\"valueRequired\":true,\"valueName\":\"search_term_string\"}}],\"inLanguage\":\"fr-FR\"},{\"@type\":\"Organization\",\"@id\":\"https:\/\/joyasyasmin.com\/fr\/#organization\",\"name\":\"joyas yasmin\",\"url\":\"https:\/\/joyasyasmin.com\/fr\/\",\"logo\":{\"@type\":\"ImageObject\",\"inLanguage\":\"fr-FR\",\"@id\":\"https:\/\/joyasyasmin.com\/fr\/#\/schema\/logo\/image\/\",\"url\":\"https:\/\/joyasyasmin.com\/wp-content\/uploads\/2017\/06\/IMG-20200429-WA0051.jpg\",\"contentUrl\":\"https:\/\/joyasyasmin.com\/wp-content\/uploads\/2017\/06\/IMG-20200429-WA0051.jpg\",\"width\":1080,\"height\":545,\"caption\":\"joyas yasmin\"},\"image\":{\"@id\":\"https:\/\/joyasyasmin.com\/fr\/#\/schema\/logo\/image\/\"},\"sameAs\":[\"https:\/\/www.facebook.com\/Joyas-Yasmin-217664058934169\/\",\"https:\/\/www.instagram.com\/invites\/contact\/\"]}]}<\/script>\n<!-- \/ Yoast SEO plugin. -->","yoast_head_json":{"title":"Collier fleur porte-bonheur - Yasmin","description":"Le collier Lucky Flower est une pi\u00e8ce unique qui allie symbolisme et style en un seul accessoire. Inspir\u00e9 par la forme classique d\u2019un tr\u00e8fle ou d\u2019une fleur.","robots":{"index":"index","follow":"follow","max-snippet":"max-snippet:-1","max-image-preview":"max-image-preview:large","max-video-preview":"max-video-preview:-1"},"canonical":"https:\/\/joyasyasmin.com\/fr\/producto\/collier-fleur-porte-bonheur\/","og_locale":"fr_FR","og_title":"Collier fleur porte-bonheur - Yasmin","og_description":"Le collier Lucky Flower est une pi\u00e8ce unique qui allie symbolisme et style en un seul accessoire. Inspir\u00e9 par la forme classique d\u2019un tr\u00e8fle ou d\u2019une fleur.","og_url":"https:\/\/joyasyasmin.com\/fr\/producto\/collier-fleur-porte-bonheur\/","og_site_name":"Yasmin","article_publisher":"https:\/\/www.facebook.com\/Joyas-Yasmin-217664058934169\/","article_modified_time":"2025-05-13T11:08:37+00:00","og_image":[{"width":1000,"height":1000,"url":"https:\/\/joyasyasmin.com\/wp-content\/uploads\/2024\/09\/collar-onix-con-plata.jpg","type":"image\/jpeg"}],"twitter_card":"summary_large_image","schema":{"@context":"https:\/\/schema.org","@graph":[{"@type":["WebPage","ItemPage"],"@id":"https:\/\/joyasyasmin.com\/fr\/producto\/collier-fleur-porte-bonheur\/","url":"https:\/\/joyasyasmin.com\/fr\/producto\/collier-fleur-porte-bonheur\/","name":"Collier fleur porte-bonheur - Yasmin","isPartOf":{"@id":"https:\/\/joyasyasmin.com\/fr\/#website"},"primaryImageOfPage":{"@id":"https:\/\/joyasyasmin.com\/fr\/producto\/collier-fleur-porte-bonheur\/#primaryimage"},"image":{"@id":"https:\/\/joyasyasmin.com\/fr\/producto\/collier-fleur-porte-bonheur\/#primaryimage"},"thumbnailUrl":"https:\/\/joyasyasmin.com\/wp-content\/uploads\/2024\/09\/collar-onix-con-plata.jpg","datePublished":"2024-09-19T18:10:31+00:00","dateModified":"2025-05-13T11:08:37+00:00","description":"Le collier Lucky Flower est une pi\u00e8ce unique qui allie symbolisme et style en un seul accessoire. Inspir\u00e9 par la forme classique d\u2019un tr\u00e8fle ou d\u2019une fleur.","breadcrumb":{"@id":"https:\/\/joyasyasmin.com\/fr\/producto\/collier-fleur-porte-bonheur\/#breadcrumb"},"inLanguage":"fr-FR","potentialAction":[{"@type":"ReadAction","target":["https:\/\/joyasyasmin.com\/fr\/producto\/collier-fleur-porte-bonheur\/"]}]},{"@type":"ImageObject","inLanguage":"fr-FR","@id":"https:\/\/joyasyasmin.com\/fr\/producto\/collier-fleur-porte-bonheur\/#primaryimage","url":"https:\/\/joyasyasmin.com\/wp-content\/uploads\/2024\/09\/collar-onix-con-plata.jpg","contentUrl":"https:\/\/joyasyasmin.com\/wp-content\/uploads\/2024\/09\/collar-onix-con-plata.jpg","width":1000,"height":1000,"caption":"Collier en onyx de style tr\u00e8fle \u00e0 vendre avec de l\u2019argent sterling 925"},{"@type":"BreadcrumbList","@id":"https:\/\/joyasyasmin.com\/fr\/producto\/collier-fleur-porte-bonheur\/#breadcrumb","itemListElement":[{"@type":"ListItem","position":1,"name":"Portada","item":"https:\/\/joyasyasmin.com\/fr\/domicile\/"},{"@type":"ListItem","position":2,"name":"Boutique","item":"https:\/\/joyasyasmin.com\/fr\/boutique\/"},{"@type":"ListItem","position":3,"name":"Collier fleur porte-bonheur"}]},{"@type":"WebSite","@id":"https:\/\/joyasyasmin.com\/fr\/#website","url":"https:\/\/joyasyasmin.com\/fr\/","name":"Yasmin","description":"Joyer\u00eda de Plata 925 - Pendientes, pulseras, anillos, colgantes y m\u00e1s!","publisher":{"@id":"https:\/\/joyasyasmin.com\/fr\/#organization"},"potentialAction":[{"@type":"SearchAction","target":{"@type":"EntryPoint","urlTemplate":"https:\/\/joyasyasmin.com\/fr\/?s={search_term_string}"},"query-input":{"@type":"PropertyValueSpecification","valueRequired":true,"valueName":"search_term_string"}}],"inLanguage":"fr-FR"},{"@type":"Organization","@id":"https:\/\/joyasyasmin.com\/fr\/#organization","name":"joyas yasmin","url":"https:\/\/joyasyasmin.com\/fr\/","logo":{"@type":"ImageObject","inLanguage":"fr-FR","@id":"https:\/\/joyasyasmin.com\/fr\/#\/schema\/logo\/image\/","url":"https:\/\/joyasyasmin.com\/wp-content\/uploads\/2017\/06\/IMG-20200429-WA0051.jpg","contentUrl":"https:\/\/joyasyasmin.com\/wp-content\/uploads\/2017\/06\/IMG-20200429-WA0051.jpg","width":1080,"height":545,"caption":"joyas yasmin"},"image":{"@id":"https:\/\/joyasyasmin.com\/fr\/#\/schema\/logo\/image\/"},"sameAs":["https:\/\/www.facebook.com\/Joyas-Yasmin-217664058934169\/","https:\/\/www.instagram.com\/invites\/contact\/"]}]}},"_links":{"self":[{"href":"https:\/\/joyasyasmin.com\/fr\/wp-json\/wp\/v2\/product\/19723","targetHints":{"allow":["GET"]}}],"collection":[{"href":"https:\/\/joyasyasmin.com\/fr\/wp-json\/wp\/v2\/product"}],"about":[{"href":"https:\/\/joyasyasmin.com\/fr\/wp-json\/wp\/v2\/types\/product"}],"replies":[{"embeddable":true,"href":"https:\/\/joyasyasmin.com\/fr\/wp-json\/wp\/v2\/comments?post=19723"}],"version-history":[{"count":1,"href":"https:\/\/joyasyasmin.com\/fr\/wp-json\/wp\/v2\/product\/19723\/revisions"}],"predecessor-version":[{"id":32483,"href":"https:\/\/joyasyasmin.com\/fr\/wp-json\/wp\/v2\/product\/19723\/revisions\/32483"}],"wp:featuredmedia":[{"embeddable":true,"href":"https:\/\/joyasyasmin.com\/fr\/wp-json\/wp\/v2\/media\/19729"}],"wp:attachment":[{"href":"https:\/\/joyasyasmin.com\/fr\/wp-json\/wp\/v2\/media?parent=19723"}],"wp:term":[{"taxonomy":"product_brand","embeddable":true,"href":"https:\/\/joyasyasmin.com\/fr\/wp-json\/wp\/v2\/product_brand?post=19723"},{"taxonomy":"product_cat","embeddable":true,"href":"https:\/\/joyasyasmin.com\/fr\/wp-json\/wp\/v2\/product_cat?post=19723"},{"taxonomy":"product_tag","embeddable":true,"href":"https:\/\/joyasyasmin.com\/fr\/wp-json\/wp\/v2\/product_tag?post=19723"}],"curies":[{"name":"wp","href":"https:\/\/api.w.org\/{rel}","templated":true}]}}