{"id":19762,"date":"2024-09-19T18:27:43","date_gmt":"2024-09-19T18:27:43","guid":{"rendered":"https:\/\/joyasyasmin.com\/producto\/collier-trefle-elegance-et-chance\/"},"modified":"2025-05-13T11:08:36","modified_gmt":"2025-05-13T11:08:36","slug":"collier-trefle-elegance-et-chance","status":"publish","type":"product","link":"https:\/\/joyasyasmin.com\/fr\/producto\/collier-trefle-elegance-et-chance\/","title":{"rendered":"Collier tr\u00e8fle \u00e9l\u00e9gance et chance"},"content":{"rendered":"","protected":false},"excerpt":{"rendered":"<p>Le collier Clover Elegance and Luck est un bijou enchanteur qui allie style et symbolisme en une seule pi\u00e8ce sp\u00e9ciale. Ce magnifique design pr\u00e9sente trois tr\u00e8fles ou fleurs \u00e0 4 p\u00e9tales, repr\u00e9sentant la bonne fortune et la protection multipli\u00e9e. Fabriqu\u00e9 en argent sterling 925, ce collier se distingue non seulement par son design sophistiqu\u00e9, mais aussi par sa durabilit\u00e9 et sa qualit\u00e9.  <\/p>\n<p>Chaque tr\u00e8fle a un diam\u00e8tre de 12 mm, cr\u00e9ant un \u00e9quilibre parfait entre d\u00e9licatesse et pro\u00e9minence. De plus, vous pouvez choisir la couleur de chaque tr\u00e8fle entre le noir et le rouge, permettant \u00e0 cet accessoire de s\u2019adapter \u00e0 votre style personnel ou \u00e0 vos \u00e9motions. <\/p>\n<p>La cha\u00eene rolo de 2 mm d\u2019\u00e9paisseur est soigneusement con\u00e7ue pour assurer confort et r\u00e9sistance, et sa longueur de 45 cm + 3 cm d\u2019extension vous permet de l\u2019ajuster selon vos pr\u00e9f\u00e9rences. Ce collier est parfait pour un usage quotidien et des occasions sp\u00e9ciales, gr\u00e2ce \u00e0 son design polyvalent et intemporel. <\/p>\n","protected":false},"featured_media":19766,"comment_status":"open","ping_status":"closed","template":"","meta":{"_acf_changed":false,"_joinchat":[]},"product_brand":[],"product_cat":[1819],"product_tag":[],"class_list":{"0":"post-19762","1":"product","2":"type-product","3":"status-publish","4":"has-post-thumbnail","6":"product_cat-colliers","8":"first","9":"instock","10":"shipping-taxable","11":"purchasable","12":"product-type-variable"},"acf":[],"yoast_head":"<!-- This site is optimized with the Yoast SEO plugin v27.2 - https:\/\/yoast.com\/product\/yoast-seo-wordpress\/ -->\n<title>Collier tr\u00e8fle \u00e9l\u00e9gance et chance - Yasmin<\/title>\n<meta name=\"description\" content=\"Le collier Clover Elegance and Luck est un bijou enchanteur qui allie style et symbolisme en une seule pi\u00e8ce sp\u00e9ciale. Argent 925.\" \/>\n<meta name=\"robots\" content=\"index, follow, max-snippet:-1, max-image-preview:large, max-video-preview:-1\" \/>\n<link rel=\"canonical\" href=\"https:\/\/joyasyasmin.com\/fr\/producto\/collier-trefle-elegance-et-chance\/\" \/>\n<meta property=\"og:locale\" content=\"fr_FR\" \/>\n<meta property=\"og:title\" content=\"Collier tr\u00e8fle \u00e9l\u00e9gance et chance - Yasmin\" \/>\n<meta property=\"og:description\" content=\"Le collier Clover Elegance and Luck est un bijou enchanteur qui allie style et symbolisme en une seule pi\u00e8ce sp\u00e9ciale. Argent 925.\" \/>\n<meta property=\"og:url\" content=\"https:\/\/joyasyasmin.com\/fr\/producto\/collier-trefle-elegance-et-chance\/\" \/>\n<meta property=\"og:site_name\" content=\"Yasmin\" \/>\n<meta property=\"article:publisher\" content=\"https:\/\/www.facebook.com\/Joyas-Yasmin-217664058934169\/\" \/>\n<meta property=\"article:modified_time\" content=\"2025-05-13T11:08:36+00:00\" \/>\n<meta property=\"og:image\" content=\"https:\/\/joyasyasmin.com\/wp-content\/uploads\/2024\/09\/collar-trebol-onix.jpg\" \/>\n\t<meta property=\"og:image:width\" content=\"1000\" \/>\n\t<meta property=\"og:image:height\" content=\"1000\" \/>\n\t<meta property=\"og:image:type\" content=\"image\/jpeg\" \/>\n<meta name=\"twitter:card\" content=\"summary_large_image\" \/>\n<script type=\"application\/ld+json\" class=\"yoast-schema-graph\">{\"@context\":\"https:\/\/schema.org\",\"@graph\":[{\"@type\":[\"WebPage\",\"ItemPage\"],\"@id\":\"https:\/\/joyasyasmin.com\/fr\/producto\/collier-trefle-elegance-et-chance\/\",\"url\":\"https:\/\/joyasyasmin.com\/fr\/producto\/collier-trefle-elegance-et-chance\/\",\"name\":\"Collier tr\u00e8fle \u00e9l\u00e9gance et chance - Yasmin\",\"isPartOf\":{\"@id\":\"https:\/\/joyasyasmin.com\/fr\/#website\"},\"primaryImageOfPage\":{\"@id\":\"https:\/\/joyasyasmin.com\/fr\/producto\/collier-trefle-elegance-et-chance\/#primaryimage\"},\"image\":{\"@id\":\"https:\/\/joyasyasmin.com\/fr\/producto\/collier-trefle-elegance-et-chance\/#primaryimage\"},\"thumbnailUrl\":\"https:\/\/joyasyasmin.com\/wp-content\/uploads\/2024\/09\/collar-trebol-onix.jpg\",\"datePublished\":\"2024-09-19T18:27:43+00:00\",\"dateModified\":\"2025-05-13T11:08:36+00:00\",\"description\":\"Le collier Clover Elegance and Luck est un bijou enchanteur qui allie style et symbolisme en une seule pi\u00e8ce sp\u00e9ciale. Argent 925.\",\"breadcrumb\":{\"@id\":\"https:\/\/joyasyasmin.com\/fr\/producto\/collier-trefle-elegance-et-chance\/#breadcrumb\"},\"inLanguage\":\"fr-FR\",\"potentialAction\":[{\"@type\":\"ReadAction\",\"target\":[\"https:\/\/joyasyasmin.com\/fr\/producto\/collier-trefle-elegance-et-chance\/\"]}]},{\"@type\":\"ImageObject\",\"inLanguage\":\"fr-FR\",\"@id\":\"https:\/\/joyasyasmin.com\/fr\/producto\/collier-trefle-elegance-et-chance\/#primaryimage\",\"url\":\"https:\/\/joyasyasmin.com\/wp-content\/uploads\/2024\/09\/collar-trebol-onix.jpg\",\"contentUrl\":\"https:\/\/joyasyasmin.com\/wp-content\/uploads\/2024\/09\/collar-trebol-onix.jpg\",\"width\":1000,\"height\":1000,\"caption\":\"Vente de Collier tr\u00e8fle Onis en argent sterling 925\"},{\"@type\":\"BreadcrumbList\",\"@id\":\"https:\/\/joyasyasmin.com\/fr\/producto\/collier-trefle-elegance-et-chance\/#breadcrumb\",\"itemListElement\":[{\"@type\":\"ListItem\",\"position\":1,\"name\":\"Portada\",\"item\":\"https:\/\/joyasyasmin.com\/fr\/domicile\/\"},{\"@type\":\"ListItem\",\"position\":2,\"name\":\"Boutique\",\"item\":\"https:\/\/joyasyasmin.com\/fr\/boutique\/\"},{\"@type\":\"ListItem\",\"position\":3,\"name\":\"Collier tr\u00e8fle \u00e9l\u00e9gance et chance\"}]},{\"@type\":\"WebSite\",\"@id\":\"https:\/\/joyasyasmin.com\/fr\/#website\",\"url\":\"https:\/\/joyasyasmin.com\/fr\/\",\"name\":\"Yasmin\",\"description\":\"Joyer\u00eda de Plata 925 - Pendientes, pulseras, anillos, colgantes y m\u00e1s!\",\"publisher\":{\"@id\":\"https:\/\/joyasyasmin.com\/fr\/#organization\"},\"potentialAction\":[{\"@type\":\"SearchAction\",\"target\":{\"@type\":\"EntryPoint\",\"urlTemplate\":\"https:\/\/joyasyasmin.com\/fr\/?s={search_term_string}\"},\"query-input\":{\"@type\":\"PropertyValueSpecification\",\"valueRequired\":true,\"valueName\":\"search_term_string\"}}],\"inLanguage\":\"fr-FR\"},{\"@type\":\"Organization\",\"@id\":\"https:\/\/joyasyasmin.com\/fr\/#organization\",\"name\":\"joyas yasmin\",\"url\":\"https:\/\/joyasyasmin.com\/fr\/\",\"logo\":{\"@type\":\"ImageObject\",\"inLanguage\":\"fr-FR\",\"@id\":\"https:\/\/joyasyasmin.com\/fr\/#\/schema\/logo\/image\/\",\"url\":\"https:\/\/joyasyasmin.com\/wp-content\/uploads\/2017\/06\/IMG-20200429-WA0051.jpg\",\"contentUrl\":\"https:\/\/joyasyasmin.com\/wp-content\/uploads\/2017\/06\/IMG-20200429-WA0051.jpg\",\"width\":1080,\"height\":545,\"caption\":\"joyas yasmin\"},\"image\":{\"@id\":\"https:\/\/joyasyasmin.com\/fr\/#\/schema\/logo\/image\/\"},\"sameAs\":[\"https:\/\/www.facebook.com\/Joyas-Yasmin-217664058934169\/\",\"https:\/\/www.instagram.com\/invites\/contact\/\"]}]}<\/script>\n<!-- \/ Yoast SEO plugin. -->","yoast_head_json":{"title":"Collier tr\u00e8fle \u00e9l\u00e9gance et chance - Yasmin","description":"Le collier Clover Elegance and Luck est un bijou enchanteur qui allie style et symbolisme en une seule pi\u00e8ce sp\u00e9ciale. Argent 925.","robots":{"index":"index","follow":"follow","max-snippet":"max-snippet:-1","max-image-preview":"max-image-preview:large","max-video-preview":"max-video-preview:-1"},"canonical":"https:\/\/joyasyasmin.com\/fr\/producto\/collier-trefle-elegance-et-chance\/","og_locale":"fr_FR","og_title":"Collier tr\u00e8fle \u00e9l\u00e9gance et chance - Yasmin","og_description":"Le collier Clover Elegance and Luck est un bijou enchanteur qui allie style et symbolisme en une seule pi\u00e8ce sp\u00e9ciale. Argent 925.","og_url":"https:\/\/joyasyasmin.com\/fr\/producto\/collier-trefle-elegance-et-chance\/","og_site_name":"Yasmin","article_publisher":"https:\/\/www.facebook.com\/Joyas-Yasmin-217664058934169\/","article_modified_time":"2025-05-13T11:08:36+00:00","og_image":[{"width":1000,"height":1000,"url":"https:\/\/joyasyasmin.com\/wp-content\/uploads\/2024\/09\/collar-trebol-onix.jpg","type":"image\/jpeg"}],"twitter_card":"summary_large_image","schema":{"@context":"https:\/\/schema.org","@graph":[{"@type":["WebPage","ItemPage"],"@id":"https:\/\/joyasyasmin.com\/fr\/producto\/collier-trefle-elegance-et-chance\/","url":"https:\/\/joyasyasmin.com\/fr\/producto\/collier-trefle-elegance-et-chance\/","name":"Collier tr\u00e8fle \u00e9l\u00e9gance et chance - Yasmin","isPartOf":{"@id":"https:\/\/joyasyasmin.com\/fr\/#website"},"primaryImageOfPage":{"@id":"https:\/\/joyasyasmin.com\/fr\/producto\/collier-trefle-elegance-et-chance\/#primaryimage"},"image":{"@id":"https:\/\/joyasyasmin.com\/fr\/producto\/collier-trefle-elegance-et-chance\/#primaryimage"},"thumbnailUrl":"https:\/\/joyasyasmin.com\/wp-content\/uploads\/2024\/09\/collar-trebol-onix.jpg","datePublished":"2024-09-19T18:27:43+00:00","dateModified":"2025-05-13T11:08:36+00:00","description":"Le collier Clover Elegance and Luck est un bijou enchanteur qui allie style et symbolisme en une seule pi\u00e8ce sp\u00e9ciale. Argent 925.","breadcrumb":{"@id":"https:\/\/joyasyasmin.com\/fr\/producto\/collier-trefle-elegance-et-chance\/#breadcrumb"},"inLanguage":"fr-FR","potentialAction":[{"@type":"ReadAction","target":["https:\/\/joyasyasmin.com\/fr\/producto\/collier-trefle-elegance-et-chance\/"]}]},{"@type":"ImageObject","inLanguage":"fr-FR","@id":"https:\/\/joyasyasmin.com\/fr\/producto\/collier-trefle-elegance-et-chance\/#primaryimage","url":"https:\/\/joyasyasmin.com\/wp-content\/uploads\/2024\/09\/collar-trebol-onix.jpg","contentUrl":"https:\/\/joyasyasmin.com\/wp-content\/uploads\/2024\/09\/collar-trebol-onix.jpg","width":1000,"height":1000,"caption":"Vente de Collier tr\u00e8fle Onis en argent sterling 925"},{"@type":"BreadcrumbList","@id":"https:\/\/joyasyasmin.com\/fr\/producto\/collier-trefle-elegance-et-chance\/#breadcrumb","itemListElement":[{"@type":"ListItem","position":1,"name":"Portada","item":"https:\/\/joyasyasmin.com\/fr\/domicile\/"},{"@type":"ListItem","position":2,"name":"Boutique","item":"https:\/\/joyasyasmin.com\/fr\/boutique\/"},{"@type":"ListItem","position":3,"name":"Collier tr\u00e8fle \u00e9l\u00e9gance et chance"}]},{"@type":"WebSite","@id":"https:\/\/joyasyasmin.com\/fr\/#website","url":"https:\/\/joyasyasmin.com\/fr\/","name":"Yasmin","description":"Joyer\u00eda de Plata 925 - Pendientes, pulseras, anillos, colgantes y m\u00e1s!","publisher":{"@id":"https:\/\/joyasyasmin.com\/fr\/#organization"},"potentialAction":[{"@type":"SearchAction","target":{"@type":"EntryPoint","urlTemplate":"https:\/\/joyasyasmin.com\/fr\/?s={search_term_string}"},"query-input":{"@type":"PropertyValueSpecification","valueRequired":true,"valueName":"search_term_string"}}],"inLanguage":"fr-FR"},{"@type":"Organization","@id":"https:\/\/joyasyasmin.com\/fr\/#organization","name":"joyas yasmin","url":"https:\/\/joyasyasmin.com\/fr\/","logo":{"@type":"ImageObject","inLanguage":"fr-FR","@id":"https:\/\/joyasyasmin.com\/fr\/#\/schema\/logo\/image\/","url":"https:\/\/joyasyasmin.com\/wp-content\/uploads\/2017\/06\/IMG-20200429-WA0051.jpg","contentUrl":"https:\/\/joyasyasmin.com\/wp-content\/uploads\/2017\/06\/IMG-20200429-WA0051.jpg","width":1080,"height":545,"caption":"joyas yasmin"},"image":{"@id":"https:\/\/joyasyasmin.com\/fr\/#\/schema\/logo\/image\/"},"sameAs":["https:\/\/www.facebook.com\/Joyas-Yasmin-217664058934169\/","https:\/\/www.instagram.com\/invites\/contact\/"]}]}},"_links":{"self":[{"href":"https:\/\/joyasyasmin.com\/fr\/wp-json\/wp\/v2\/product\/19762","targetHints":{"allow":["GET"]}}],"collection":[{"href":"https:\/\/joyasyasmin.com\/fr\/wp-json\/wp\/v2\/product"}],"about":[{"href":"https:\/\/joyasyasmin.com\/fr\/wp-json\/wp\/v2\/types\/product"}],"replies":[{"embeddable":true,"href":"https:\/\/joyasyasmin.com\/fr\/wp-json\/wp\/v2\/comments?post=19762"}],"version-history":[{"count":1,"href":"https:\/\/joyasyasmin.com\/fr\/wp-json\/wp\/v2\/product\/19762\/revisions"}],"predecessor-version":[{"id":32482,"href":"https:\/\/joyasyasmin.com\/fr\/wp-json\/wp\/v2\/product\/19762\/revisions\/32482"}],"wp:featuredmedia":[{"embeddable":true,"href":"https:\/\/joyasyasmin.com\/fr\/wp-json\/wp\/v2\/media\/19766"}],"wp:attachment":[{"href":"https:\/\/joyasyasmin.com\/fr\/wp-json\/wp\/v2\/media?parent=19762"}],"wp:term":[{"taxonomy":"product_brand","embeddable":true,"href":"https:\/\/joyasyasmin.com\/fr\/wp-json\/wp\/v2\/product_brand?post=19762"},{"taxonomy":"product_cat","embeddable":true,"href":"https:\/\/joyasyasmin.com\/fr\/wp-json\/wp\/v2\/product_cat?post=19762"},{"taxonomy":"product_tag","embeddable":true,"href":"https:\/\/joyasyasmin.com\/fr\/wp-json\/wp\/v2\/product_tag?post=19762"}],"curies":[{"name":"wp","href":"https:\/\/api.w.org\/{rel}","templated":true}]}}