{"id":19838,"date":"2024-09-21T21:17:55","date_gmt":"2024-09-21T21:17:55","guid":{"rendered":"https:\/\/joyasyasmin.com\/producto\/bague-ovale-scintillant-avec-pierre\/"},"modified":"2025-08-14T11:52:23","modified_gmt":"2025-08-14T11:52:23","slug":"bague-ovale-scintillant-avec-pierre","status":"publish","type":"product","link":"https:\/\/joyasyasmin.com\/fr\/producto\/bague-ovale-scintillant-avec-pierre\/","title":{"rendered":"Bague ovale scintillant avec pierre"},"content":{"rendered":"","protected":false},"excerpt":{"rendered":"<p>La bague ovale scintillant de pierres est bien plus qu\u2019un simple bijou ; C\u2019est une d\u00e9claration de style. Avec son design ovale et sa largeur de 24 mm, cette bague devient le protagoniste de n\u2019importe quelle tenue, id\u00e9ale pour celles qui appr\u00e9cient les accessoires frappants sans perdre en sophistication. La pi\u00e8ce est disponible en trois options de pierres \u00e9blouissantes : l\u2019opale opalescente, connue pour ses teintes changeantes qui refl\u00e8tent la lumi\u00e8re dans des teintes magiques, la pierre de lune sereine et myst\u00e9rieuse, qui \u00e9voque l\u2019\u00e9nergie f\u00e9minine et l\u2019introspection, et la turquoise synth\u00e9tique vibrante, qui apporte une note de fra\u00eecheur et de modernit\u00e9 avec sa teinte bleue caract\u00e9ristique.  <\/p>\n","protected":false},"featured_media":19852,"comment_status":"open","ping_status":"closed","template":"","meta":{"_acf_changed":false,"_joinchat":[]},"product_brand":[],"product_cat":[1855],"product_tag":[],"class_list":{"0":"post-19838","1":"product","2":"type-product","3":"status-publish","4":"has-post-thumbnail","6":"product_cat-bagues-et-bagues","8":"first","9":"instock","10":"shipping-taxable","11":"purchasable","12":"product-type-variable"},"acf":[],"yoast_head":"<!-- This site is optimized with the Yoast SEO plugin v27.2 - https:\/\/yoast.com\/product\/yoast-seo-wordpress\/ -->\n<title>Bague ovale scintillant avec pierre - Yasmin<\/title>\n<meta name=\"description\" content=\"La bague ovale scintillant avec des pierres ajoute non seulement de la distinction, mais vous permet \u00e9galement d\u2019exprimer votre individualit\u00e9, pierre naturelle opale, pierre de lune.\" \/>\n<meta name=\"robots\" content=\"index, follow, max-snippet:-1, max-image-preview:large, max-video-preview:-1\" \/>\n<link rel=\"canonical\" href=\"https:\/\/joyasyasmin.com\/fr\/producto\/bague-ovale-scintillant-avec-pierre\/\" \/>\n<meta property=\"og:locale\" content=\"fr_FR\" \/>\n<meta property=\"og:title\" content=\"Bague ovale scintillant avec pierre - Yasmin\" \/>\n<meta property=\"og:description\" content=\"La bague ovale scintillant avec des pierres ajoute non seulement de la distinction, mais vous permet \u00e9galement d\u2019exprimer votre individualit\u00e9, pierre naturelle opale, pierre de lune.\" \/>\n<meta property=\"og:url\" content=\"https:\/\/joyasyasmin.com\/fr\/producto\/bague-ovale-scintillant-avec-pierre\/\" \/>\n<meta property=\"og:site_name\" content=\"Yasmin\" \/>\n<meta property=\"article:publisher\" content=\"https:\/\/www.facebook.com\/Joyas-Yasmin-217664058934169\/\" \/>\n<meta property=\"article:modified_time\" content=\"2025-08-14T11:52:23+00:00\" \/>\n<meta property=\"og:image\" content=\"https:\/\/joyasyasmin.com\/wp-content\/uploads\/2024\/09\/anillo-piedra-luna-natural.jpg\" \/>\n\t<meta property=\"og:image:width\" content=\"1000\" \/>\n\t<meta property=\"og:image:height\" content=\"1000\" \/>\n\t<meta property=\"og:image:type\" content=\"image\/jpeg\" \/>\n<meta name=\"twitter:card\" content=\"summary_large_image\" \/>\n<script type=\"application\/ld+json\" class=\"yoast-schema-graph\">{\"@context\":\"https:\/\/schema.org\",\"@graph\":[{\"@type\":[\"WebPage\",\"ItemPage\"],\"@id\":\"https:\/\/joyasyasmin.com\/fr\/producto\/bague-ovale-scintillant-avec-pierre\/\",\"url\":\"https:\/\/joyasyasmin.com\/fr\/producto\/bague-ovale-scintillant-avec-pierre\/\",\"name\":\"Bague ovale scintillant avec pierre - Yasmin\",\"isPartOf\":{\"@id\":\"https:\/\/joyasyasmin.com\/fr\/#website\"},\"primaryImageOfPage\":{\"@id\":\"https:\/\/joyasyasmin.com\/fr\/producto\/bague-ovale-scintillant-avec-pierre\/#primaryimage\"},\"image\":{\"@id\":\"https:\/\/joyasyasmin.com\/fr\/producto\/bague-ovale-scintillant-avec-pierre\/#primaryimage\"},\"thumbnailUrl\":\"https:\/\/joyasyasmin.com\/wp-content\/uploads\/2024\/09\/anillo-piedra-luna-natural.jpg\",\"datePublished\":\"2024-09-21T21:17:55+00:00\",\"dateModified\":\"2025-08-14T11:52:23+00:00\",\"description\":\"La bague ovale scintillant avec des pierres ajoute non seulement de la distinction, mais vous permet \u00e9galement d\u2019exprimer votre individualit\u00e9, pierre naturelle opale, pierre de lune.\",\"breadcrumb\":{\"@id\":\"https:\/\/joyasyasmin.com\/fr\/producto\/bague-ovale-scintillant-avec-pierre\/#breadcrumb\"},\"inLanguage\":\"fr-FR\",\"potentialAction\":[{\"@type\":\"ReadAction\",\"target\":[\"https:\/\/joyasyasmin.com\/fr\/producto\/bague-ovale-scintillant-avec-pierre\/\"]}]},{\"@type\":\"ImageObject\",\"inLanguage\":\"fr-FR\",\"@id\":\"https:\/\/joyasyasmin.com\/fr\/producto\/bague-ovale-scintillant-avec-pierre\/#primaryimage\",\"url\":\"https:\/\/joyasyasmin.com\/wp-content\/uploads\/2024\/09\/anillo-piedra-luna-natural.jpg\",\"contentUrl\":\"https:\/\/joyasyasmin.com\/wp-content\/uploads\/2024\/09\/anillo-piedra-luna-natural.jpg\",\"width\":1000,\"height\":1000,\"caption\":\"Bague Pierre de Lune Vente \u00c9tincelles de Pierre d\u2019Argent Sterling 925\"},{\"@type\":\"BreadcrumbList\",\"@id\":\"https:\/\/joyasyasmin.com\/fr\/producto\/bague-ovale-scintillant-avec-pierre\/#breadcrumb\",\"itemListElement\":[{\"@type\":\"ListItem\",\"position\":1,\"name\":\"Portada\",\"item\":\"https:\/\/joyasyasmin.com\/fr\/domicile\/\"},{\"@type\":\"ListItem\",\"position\":2,\"name\":\"Boutique\",\"item\":\"https:\/\/joyasyasmin.com\/fr\/boutique\/\"},{\"@type\":\"ListItem\",\"position\":3,\"name\":\"Bague ovale scintillant avec pierre\"}]},{\"@type\":\"WebSite\",\"@id\":\"https:\/\/joyasyasmin.com\/fr\/#website\",\"url\":\"https:\/\/joyasyasmin.com\/fr\/\",\"name\":\"Yasmin\",\"description\":\"Joyer\u00eda de Plata 925 - Pendientes, pulseras, anillos, colgantes y m\u00e1s!\",\"publisher\":{\"@id\":\"https:\/\/joyasyasmin.com\/fr\/#organization\"},\"potentialAction\":[{\"@type\":\"SearchAction\",\"target\":{\"@type\":\"EntryPoint\",\"urlTemplate\":\"https:\/\/joyasyasmin.com\/fr\/?s={search_term_string}\"},\"query-input\":{\"@type\":\"PropertyValueSpecification\",\"valueRequired\":true,\"valueName\":\"search_term_string\"}}],\"inLanguage\":\"fr-FR\"},{\"@type\":\"Organization\",\"@id\":\"https:\/\/joyasyasmin.com\/fr\/#organization\",\"name\":\"joyas yasmin\",\"url\":\"https:\/\/joyasyasmin.com\/fr\/\",\"logo\":{\"@type\":\"ImageObject\",\"inLanguage\":\"fr-FR\",\"@id\":\"https:\/\/joyasyasmin.com\/fr\/#\/schema\/logo\/image\/\",\"url\":\"https:\/\/joyasyasmin.com\/wp-content\/uploads\/2017\/06\/IMG-20200429-WA0051.jpg\",\"contentUrl\":\"https:\/\/joyasyasmin.com\/wp-content\/uploads\/2017\/06\/IMG-20200429-WA0051.jpg\",\"width\":1080,\"height\":545,\"caption\":\"joyas yasmin\"},\"image\":{\"@id\":\"https:\/\/joyasyasmin.com\/fr\/#\/schema\/logo\/image\/\"},\"sameAs\":[\"https:\/\/www.facebook.com\/Joyas-Yasmin-217664058934169\/\",\"https:\/\/www.instagram.com\/invites\/contact\/\"]}]}<\/script>\n<!-- \/ Yoast SEO plugin. -->","yoast_head_json":{"title":"Bague ovale scintillant avec pierre - Yasmin","description":"La bague ovale scintillant avec des pierres ajoute non seulement de la distinction, mais vous permet \u00e9galement d\u2019exprimer votre individualit\u00e9, pierre naturelle opale, pierre de lune.","robots":{"index":"index","follow":"follow","max-snippet":"max-snippet:-1","max-image-preview":"max-image-preview:large","max-video-preview":"max-video-preview:-1"},"canonical":"https:\/\/joyasyasmin.com\/fr\/producto\/bague-ovale-scintillant-avec-pierre\/","og_locale":"fr_FR","og_title":"Bague ovale scintillant avec pierre - Yasmin","og_description":"La bague ovale scintillant avec des pierres ajoute non seulement de la distinction, mais vous permet \u00e9galement d\u2019exprimer votre individualit\u00e9, pierre naturelle opale, pierre de lune.","og_url":"https:\/\/joyasyasmin.com\/fr\/producto\/bague-ovale-scintillant-avec-pierre\/","og_site_name":"Yasmin","article_publisher":"https:\/\/www.facebook.com\/Joyas-Yasmin-217664058934169\/","article_modified_time":"2025-08-14T11:52:23+00:00","og_image":[{"width":1000,"height":1000,"url":"https:\/\/joyasyasmin.com\/wp-content\/uploads\/2024\/09\/anillo-piedra-luna-natural.jpg","type":"image\/jpeg"}],"twitter_card":"summary_large_image","schema":{"@context":"https:\/\/schema.org","@graph":[{"@type":["WebPage","ItemPage"],"@id":"https:\/\/joyasyasmin.com\/fr\/producto\/bague-ovale-scintillant-avec-pierre\/","url":"https:\/\/joyasyasmin.com\/fr\/producto\/bague-ovale-scintillant-avec-pierre\/","name":"Bague ovale scintillant avec pierre - Yasmin","isPartOf":{"@id":"https:\/\/joyasyasmin.com\/fr\/#website"},"primaryImageOfPage":{"@id":"https:\/\/joyasyasmin.com\/fr\/producto\/bague-ovale-scintillant-avec-pierre\/#primaryimage"},"image":{"@id":"https:\/\/joyasyasmin.com\/fr\/producto\/bague-ovale-scintillant-avec-pierre\/#primaryimage"},"thumbnailUrl":"https:\/\/joyasyasmin.com\/wp-content\/uploads\/2024\/09\/anillo-piedra-luna-natural.jpg","datePublished":"2024-09-21T21:17:55+00:00","dateModified":"2025-08-14T11:52:23+00:00","description":"La bague ovale scintillant avec des pierres ajoute non seulement de la distinction, mais vous permet \u00e9galement d\u2019exprimer votre individualit\u00e9, pierre naturelle opale, pierre de lune.","breadcrumb":{"@id":"https:\/\/joyasyasmin.com\/fr\/producto\/bague-ovale-scintillant-avec-pierre\/#breadcrumb"},"inLanguage":"fr-FR","potentialAction":[{"@type":"ReadAction","target":["https:\/\/joyasyasmin.com\/fr\/producto\/bague-ovale-scintillant-avec-pierre\/"]}]},{"@type":"ImageObject","inLanguage":"fr-FR","@id":"https:\/\/joyasyasmin.com\/fr\/producto\/bague-ovale-scintillant-avec-pierre\/#primaryimage","url":"https:\/\/joyasyasmin.com\/wp-content\/uploads\/2024\/09\/anillo-piedra-luna-natural.jpg","contentUrl":"https:\/\/joyasyasmin.com\/wp-content\/uploads\/2024\/09\/anillo-piedra-luna-natural.jpg","width":1000,"height":1000,"caption":"Bague Pierre de Lune Vente \u00c9tincelles de Pierre d\u2019Argent Sterling 925"},{"@type":"BreadcrumbList","@id":"https:\/\/joyasyasmin.com\/fr\/producto\/bague-ovale-scintillant-avec-pierre\/#breadcrumb","itemListElement":[{"@type":"ListItem","position":1,"name":"Portada","item":"https:\/\/joyasyasmin.com\/fr\/domicile\/"},{"@type":"ListItem","position":2,"name":"Boutique","item":"https:\/\/joyasyasmin.com\/fr\/boutique\/"},{"@type":"ListItem","position":3,"name":"Bague ovale scintillant avec pierre"}]},{"@type":"WebSite","@id":"https:\/\/joyasyasmin.com\/fr\/#website","url":"https:\/\/joyasyasmin.com\/fr\/","name":"Yasmin","description":"Joyer\u00eda de Plata 925 - Pendientes, pulseras, anillos, colgantes y m\u00e1s!","publisher":{"@id":"https:\/\/joyasyasmin.com\/fr\/#organization"},"potentialAction":[{"@type":"SearchAction","target":{"@type":"EntryPoint","urlTemplate":"https:\/\/joyasyasmin.com\/fr\/?s={search_term_string}"},"query-input":{"@type":"PropertyValueSpecification","valueRequired":true,"valueName":"search_term_string"}}],"inLanguage":"fr-FR"},{"@type":"Organization","@id":"https:\/\/joyasyasmin.com\/fr\/#organization","name":"joyas yasmin","url":"https:\/\/joyasyasmin.com\/fr\/","logo":{"@type":"ImageObject","inLanguage":"fr-FR","@id":"https:\/\/joyasyasmin.com\/fr\/#\/schema\/logo\/image\/","url":"https:\/\/joyasyasmin.com\/wp-content\/uploads\/2017\/06\/IMG-20200429-WA0051.jpg","contentUrl":"https:\/\/joyasyasmin.com\/wp-content\/uploads\/2017\/06\/IMG-20200429-WA0051.jpg","width":1080,"height":545,"caption":"joyas yasmin"},"image":{"@id":"https:\/\/joyasyasmin.com\/fr\/#\/schema\/logo\/image\/"},"sameAs":["https:\/\/www.facebook.com\/Joyas-Yasmin-217664058934169\/","https:\/\/www.instagram.com\/invites\/contact\/"]}]}},"_links":{"self":[{"href":"https:\/\/joyasyasmin.com\/fr\/wp-json\/wp\/v2\/product\/19838","targetHints":{"allow":["GET"]}}],"collection":[{"href":"https:\/\/joyasyasmin.com\/fr\/wp-json\/wp\/v2\/product"}],"about":[{"href":"https:\/\/joyasyasmin.com\/fr\/wp-json\/wp\/v2\/types\/product"}],"replies":[{"embeddable":true,"href":"https:\/\/joyasyasmin.com\/fr\/wp-json\/wp\/v2\/comments?post=19838"}],"version-history":[{"count":1,"href":"https:\/\/joyasyasmin.com\/fr\/wp-json\/wp\/v2\/product\/19838\/revisions"}],"predecessor-version":[{"id":29631,"href":"https:\/\/joyasyasmin.com\/fr\/wp-json\/wp\/v2\/product\/19838\/revisions\/29631"}],"wp:featuredmedia":[{"embeddable":true,"href":"https:\/\/joyasyasmin.com\/fr\/wp-json\/wp\/v2\/media\/19852"}],"wp:attachment":[{"href":"https:\/\/joyasyasmin.com\/fr\/wp-json\/wp\/v2\/media?parent=19838"}],"wp:term":[{"taxonomy":"product_brand","embeddable":true,"href":"https:\/\/joyasyasmin.com\/fr\/wp-json\/wp\/v2\/product_brand?post=19838"},{"taxonomy":"product_cat","embeddable":true,"href":"https:\/\/joyasyasmin.com\/fr\/wp-json\/wp\/v2\/product_cat?post=19838"},{"taxonomy":"product_tag","embeddable":true,"href":"https:\/\/joyasyasmin.com\/fr\/wp-json\/wp\/v2\/product_tag?post=19838"}],"curies":[{"name":"wp","href":"https:\/\/api.w.org\/{rel}","templated":true}]}}