{"id":19856,"date":"2024-09-21T20:49:38","date_gmt":"2024-09-21T20:49:38","guid":{"rendered":"https:\/\/joyasyasmin.com\/producto\/boucle-doreille-trefle-elegance-et-chance\/"},"modified":"2025-09-01T07:45:26","modified_gmt":"2025-09-01T07:45:26","slug":"boucle-doreille-trefle-elegance-et-chance","status":"publish","type":"product","link":"https:\/\/joyasyasmin.com\/fr\/producto\/boucle-doreille-trefle-elegance-et-chance\/","title":{"rendered":"Boucle d\u2019oreille tr\u00e8fle \u00e9l\u00e9gance et chance"},"content":{"rendered":"","protected":false},"excerpt":{"rendered":"<p>D\u00e9couvrez la boucle d\u2019oreille Tr\u00e8fle \u00c9l\u00e9gance et porte-bonheur, un accessoire id\u00e9al pour celles qui cherchent \u00e0 ajouter une touche subtile et raffin\u00e9e \u00e0 leur style quotidien. Cette boucle d\u2019oreille est con\u00e7ue avec un d\u00e9licat tr\u00e8fle de 12 mm, symbolisant l\u2019\u00e9l\u00e9gance et la chance dans les moindres d\u00e9tails. Disponible en cinq couleurs vives : bleu, vert, blanc, rouge et noir, vous pouvez choisir la teinte qui convient le mieux \u00e0 votre personnalit\u00e9 ou la combiner avec diff\u00e9rents looks.  <\/p>\n<p>Fabriqu\u00e9 en argent sterling 925, il garantit une durabilit\u00e9 exceptionnelle et est doux au toucher, \u00e9tant parfait m\u00eame pour les personnes \u00e0 la peau sensible. De plus, il dispose d\u2019un \u00e9crou \u00e0 pression qui assure un placement confortable et s\u00fbr afin que vous puissiez le porter en toute tranquillit\u00e9 d\u2019esprit tout au long de la journ\u00e9e. <\/p>\n","protected":false},"featured_media":19873,"comment_status":"open","ping_status":"closed","template":"","meta":{"_acf_changed":false,"_joinchat":[]},"product_brand":[],"product_cat":[1775],"product_tag":[],"class_list":{"0":"post-19856","1":"product","2":"type-product","3":"status-publish","4":"has-post-thumbnail","6":"product_cat-boucles-doreilles-et-boucles-doreilles","8":"first","9":"instock","10":"shipping-taxable","11":"purchasable","12":"product-type-variable"},"acf":[],"yoast_head":"<!-- This site is optimized with the Yoast SEO plugin v27.2 - https:\/\/yoast.com\/product\/yoast-seo-wordpress\/ -->\n<title>Boucle d\u2019oreille tr\u00e8fle \u00e9l\u00e9gance et chance - Yasmin<\/title>\n<meta name=\"description\" content=\"La boucle d\u2019oreille Tr\u00e8fle \u00c9l\u00e9gance et Chance, un accessoire id\u00e9al pour ceux qui cherchent \u00e0 ajouter une touche subtile et raffin\u00e9e \u00e0 leur style quotidien, taille 12mm, argent 925.\" \/>\n<meta name=\"robots\" content=\"index, follow, max-snippet:-1, max-image-preview:large, max-video-preview:-1\" \/>\n<link rel=\"canonical\" href=\"https:\/\/joyasyasmin.com\/fr\/producto\/boucle-doreille-trefle-elegance-et-chance\/\" \/>\n<meta property=\"og:locale\" content=\"fr_FR\" \/>\n<meta property=\"og:title\" content=\"Boucle d\u2019oreille tr\u00e8fle \u00e9l\u00e9gance et chance - Yasmin\" \/>\n<meta property=\"og:description\" content=\"La boucle d\u2019oreille Tr\u00e8fle \u00c9l\u00e9gance et Chance, un accessoire id\u00e9al pour ceux qui cherchent \u00e0 ajouter une touche subtile et raffin\u00e9e \u00e0 leur style quotidien, taille 12mm, argent 925.\" \/>\n<meta property=\"og:url\" content=\"https:\/\/joyasyasmin.com\/fr\/producto\/boucle-doreille-trefle-elegance-et-chance\/\" \/>\n<meta property=\"og:site_name\" content=\"Yasmin\" \/>\n<meta property=\"article:publisher\" content=\"https:\/\/www.facebook.com\/Joyas-Yasmin-217664058934169\/\" \/>\n<meta property=\"article:modified_time\" content=\"2025-09-01T07:45:26+00:00\" \/>\n<meta property=\"og:image\" content=\"https:\/\/joyasyasmin.com\/wp-content\/uploads\/2024\/09\/pendiente-trebol-onix.jpg\" \/>\n\t<meta property=\"og:image:width\" content=\"1000\" \/>\n\t<meta property=\"og:image:height\" content=\"1000\" \/>\n\t<meta property=\"og:image:type\" content=\"image\/jpeg\" \/>\n<meta name=\"twitter:card\" content=\"summary_large_image\" \/>\n<script type=\"application\/ld+json\" class=\"yoast-schema-graph\">{\"@context\":\"https:\/\/schema.org\",\"@graph\":[{\"@type\":[\"WebPage\",\"ItemPage\"],\"@id\":\"https:\/\/joyasyasmin.com\/fr\/producto\/boucle-doreille-trefle-elegance-et-chance\/\",\"url\":\"https:\/\/joyasyasmin.com\/fr\/producto\/boucle-doreille-trefle-elegance-et-chance\/\",\"name\":\"Boucle d\u2019oreille tr\u00e8fle \u00e9l\u00e9gance et chance - Yasmin\",\"isPartOf\":{\"@id\":\"https:\/\/joyasyasmin.com\/fr\/#website\"},\"primaryImageOfPage\":{\"@id\":\"https:\/\/joyasyasmin.com\/fr\/producto\/boucle-doreille-trefle-elegance-et-chance\/#primaryimage\"},\"image\":{\"@id\":\"https:\/\/joyasyasmin.com\/fr\/producto\/boucle-doreille-trefle-elegance-et-chance\/#primaryimage\"},\"thumbnailUrl\":\"https:\/\/joyasyasmin.com\/wp-content\/uploads\/2024\/09\/pendiente-trebol-onix.jpg\",\"datePublished\":\"2024-09-21T20:49:38+00:00\",\"dateModified\":\"2025-09-01T07:45:26+00:00\",\"description\":\"La boucle d\u2019oreille Tr\u00e8fle \u00c9l\u00e9gance et Chance, un accessoire id\u00e9al pour ceux qui cherchent \u00e0 ajouter une touche subtile et raffin\u00e9e \u00e0 leur style quotidien, taille 12mm, argent 925.\",\"breadcrumb\":{\"@id\":\"https:\/\/joyasyasmin.com\/fr\/producto\/boucle-doreille-trefle-elegance-et-chance\/#breadcrumb\"},\"inLanguage\":\"fr-FR\",\"potentialAction\":[{\"@type\":\"ReadAction\",\"target\":[\"https:\/\/joyasyasmin.com\/fr\/producto\/boucle-doreille-trefle-elegance-et-chance\/\"]}]},{\"@type\":\"ImageObject\",\"inLanguage\":\"fr-FR\",\"@id\":\"https:\/\/joyasyasmin.com\/fr\/producto\/boucle-doreille-trefle-elegance-et-chance\/#primaryimage\",\"url\":\"https:\/\/joyasyasmin.com\/wp-content\/uploads\/2024\/09\/pendiente-trebol-onix.jpg\",\"contentUrl\":\"https:\/\/joyasyasmin.com\/wp-content\/uploads\/2024\/09\/pendiente-trebol-onix.jpg\",\"width\":1000,\"height\":1000,\"caption\":\"Vente de boucle d\u2019oreille tr\u00e8fle onyx en argent sterling 925, son design d\u2019\u00e9l\u00e9gance et de style.\"},{\"@type\":\"BreadcrumbList\",\"@id\":\"https:\/\/joyasyasmin.com\/fr\/producto\/boucle-doreille-trefle-elegance-et-chance\/#breadcrumb\",\"itemListElement\":[{\"@type\":\"ListItem\",\"position\":1,\"name\":\"Portada\",\"item\":\"https:\/\/joyasyasmin.com\/fr\/domicile\/\"},{\"@type\":\"ListItem\",\"position\":2,\"name\":\"Boutique\",\"item\":\"https:\/\/joyasyasmin.com\/fr\/boutique\/\"},{\"@type\":\"ListItem\",\"position\":3,\"name\":\"Boucle d\u2019oreille tr\u00e8fle \u00e9l\u00e9gance et chance\"}]},{\"@type\":\"WebSite\",\"@id\":\"https:\/\/joyasyasmin.com\/fr\/#website\",\"url\":\"https:\/\/joyasyasmin.com\/fr\/\",\"name\":\"Yasmin\",\"description\":\"Joyer\u00eda de Plata 925 - Pendientes, pulseras, anillos, colgantes y m\u00e1s!\",\"publisher\":{\"@id\":\"https:\/\/joyasyasmin.com\/fr\/#organization\"},\"potentialAction\":[{\"@type\":\"SearchAction\",\"target\":{\"@type\":\"EntryPoint\",\"urlTemplate\":\"https:\/\/joyasyasmin.com\/fr\/?s={search_term_string}\"},\"query-input\":{\"@type\":\"PropertyValueSpecification\",\"valueRequired\":true,\"valueName\":\"search_term_string\"}}],\"inLanguage\":\"fr-FR\"},{\"@type\":\"Organization\",\"@id\":\"https:\/\/joyasyasmin.com\/fr\/#organization\",\"name\":\"joyas yasmin\",\"url\":\"https:\/\/joyasyasmin.com\/fr\/\",\"logo\":{\"@type\":\"ImageObject\",\"inLanguage\":\"fr-FR\",\"@id\":\"https:\/\/joyasyasmin.com\/fr\/#\/schema\/logo\/image\/\",\"url\":\"https:\/\/joyasyasmin.com\/wp-content\/uploads\/2017\/06\/IMG-20200429-WA0051.jpg\",\"contentUrl\":\"https:\/\/joyasyasmin.com\/wp-content\/uploads\/2017\/06\/IMG-20200429-WA0051.jpg\",\"width\":1080,\"height\":545,\"caption\":\"joyas yasmin\"},\"image\":{\"@id\":\"https:\/\/joyasyasmin.com\/fr\/#\/schema\/logo\/image\/\"},\"sameAs\":[\"https:\/\/www.facebook.com\/Joyas-Yasmin-217664058934169\/\",\"https:\/\/www.instagram.com\/invites\/contact\/\"]}]}<\/script>\n<!-- \/ Yoast SEO plugin. -->","yoast_head_json":{"title":"Boucle d\u2019oreille tr\u00e8fle \u00e9l\u00e9gance et chance - Yasmin","description":"La boucle d\u2019oreille Tr\u00e8fle \u00c9l\u00e9gance et Chance, un accessoire id\u00e9al pour ceux qui cherchent \u00e0 ajouter une touche subtile et raffin\u00e9e \u00e0 leur style quotidien, taille 12mm, argent 925.","robots":{"index":"index","follow":"follow","max-snippet":"max-snippet:-1","max-image-preview":"max-image-preview:large","max-video-preview":"max-video-preview:-1"},"canonical":"https:\/\/joyasyasmin.com\/fr\/producto\/boucle-doreille-trefle-elegance-et-chance\/","og_locale":"fr_FR","og_title":"Boucle d\u2019oreille tr\u00e8fle \u00e9l\u00e9gance et chance - Yasmin","og_description":"La boucle d\u2019oreille Tr\u00e8fle \u00c9l\u00e9gance et Chance, un accessoire id\u00e9al pour ceux qui cherchent \u00e0 ajouter une touche subtile et raffin\u00e9e \u00e0 leur style quotidien, taille 12mm, argent 925.","og_url":"https:\/\/joyasyasmin.com\/fr\/producto\/boucle-doreille-trefle-elegance-et-chance\/","og_site_name":"Yasmin","article_publisher":"https:\/\/www.facebook.com\/Joyas-Yasmin-217664058934169\/","article_modified_time":"2025-09-01T07:45:26+00:00","og_image":[{"width":1000,"height":1000,"url":"https:\/\/joyasyasmin.com\/wp-content\/uploads\/2024\/09\/pendiente-trebol-onix.jpg","type":"image\/jpeg"}],"twitter_card":"summary_large_image","schema":{"@context":"https:\/\/schema.org","@graph":[{"@type":["WebPage","ItemPage"],"@id":"https:\/\/joyasyasmin.com\/fr\/producto\/boucle-doreille-trefle-elegance-et-chance\/","url":"https:\/\/joyasyasmin.com\/fr\/producto\/boucle-doreille-trefle-elegance-et-chance\/","name":"Boucle d\u2019oreille tr\u00e8fle \u00e9l\u00e9gance et chance - Yasmin","isPartOf":{"@id":"https:\/\/joyasyasmin.com\/fr\/#website"},"primaryImageOfPage":{"@id":"https:\/\/joyasyasmin.com\/fr\/producto\/boucle-doreille-trefle-elegance-et-chance\/#primaryimage"},"image":{"@id":"https:\/\/joyasyasmin.com\/fr\/producto\/boucle-doreille-trefle-elegance-et-chance\/#primaryimage"},"thumbnailUrl":"https:\/\/joyasyasmin.com\/wp-content\/uploads\/2024\/09\/pendiente-trebol-onix.jpg","datePublished":"2024-09-21T20:49:38+00:00","dateModified":"2025-09-01T07:45:26+00:00","description":"La boucle d\u2019oreille Tr\u00e8fle \u00c9l\u00e9gance et Chance, un accessoire id\u00e9al pour ceux qui cherchent \u00e0 ajouter une touche subtile et raffin\u00e9e \u00e0 leur style quotidien, taille 12mm, argent 925.","breadcrumb":{"@id":"https:\/\/joyasyasmin.com\/fr\/producto\/boucle-doreille-trefle-elegance-et-chance\/#breadcrumb"},"inLanguage":"fr-FR","potentialAction":[{"@type":"ReadAction","target":["https:\/\/joyasyasmin.com\/fr\/producto\/boucle-doreille-trefle-elegance-et-chance\/"]}]},{"@type":"ImageObject","inLanguage":"fr-FR","@id":"https:\/\/joyasyasmin.com\/fr\/producto\/boucle-doreille-trefle-elegance-et-chance\/#primaryimage","url":"https:\/\/joyasyasmin.com\/wp-content\/uploads\/2024\/09\/pendiente-trebol-onix.jpg","contentUrl":"https:\/\/joyasyasmin.com\/wp-content\/uploads\/2024\/09\/pendiente-trebol-onix.jpg","width":1000,"height":1000,"caption":"Vente de boucle d\u2019oreille tr\u00e8fle onyx en argent sterling 925, son design d\u2019\u00e9l\u00e9gance et de style."},{"@type":"BreadcrumbList","@id":"https:\/\/joyasyasmin.com\/fr\/producto\/boucle-doreille-trefle-elegance-et-chance\/#breadcrumb","itemListElement":[{"@type":"ListItem","position":1,"name":"Portada","item":"https:\/\/joyasyasmin.com\/fr\/domicile\/"},{"@type":"ListItem","position":2,"name":"Boutique","item":"https:\/\/joyasyasmin.com\/fr\/boutique\/"},{"@type":"ListItem","position":3,"name":"Boucle d\u2019oreille tr\u00e8fle \u00e9l\u00e9gance et chance"}]},{"@type":"WebSite","@id":"https:\/\/joyasyasmin.com\/fr\/#website","url":"https:\/\/joyasyasmin.com\/fr\/","name":"Yasmin","description":"Joyer\u00eda de Plata 925 - Pendientes, pulseras, anillos, colgantes y m\u00e1s!","publisher":{"@id":"https:\/\/joyasyasmin.com\/fr\/#organization"},"potentialAction":[{"@type":"SearchAction","target":{"@type":"EntryPoint","urlTemplate":"https:\/\/joyasyasmin.com\/fr\/?s={search_term_string}"},"query-input":{"@type":"PropertyValueSpecification","valueRequired":true,"valueName":"search_term_string"}}],"inLanguage":"fr-FR"},{"@type":"Organization","@id":"https:\/\/joyasyasmin.com\/fr\/#organization","name":"joyas yasmin","url":"https:\/\/joyasyasmin.com\/fr\/","logo":{"@type":"ImageObject","inLanguage":"fr-FR","@id":"https:\/\/joyasyasmin.com\/fr\/#\/schema\/logo\/image\/","url":"https:\/\/joyasyasmin.com\/wp-content\/uploads\/2017\/06\/IMG-20200429-WA0051.jpg","contentUrl":"https:\/\/joyasyasmin.com\/wp-content\/uploads\/2017\/06\/IMG-20200429-WA0051.jpg","width":1080,"height":545,"caption":"joyas yasmin"},"image":{"@id":"https:\/\/joyasyasmin.com\/fr\/#\/schema\/logo\/image\/"},"sameAs":["https:\/\/www.facebook.com\/Joyas-Yasmin-217664058934169\/","https:\/\/www.instagram.com\/invites\/contact\/"]}]}},"_links":{"self":[{"href":"https:\/\/joyasyasmin.com\/fr\/wp-json\/wp\/v2\/product\/19856","targetHints":{"allow":["GET"]}}],"collection":[{"href":"https:\/\/joyasyasmin.com\/fr\/wp-json\/wp\/v2\/product"}],"about":[{"href":"https:\/\/joyasyasmin.com\/fr\/wp-json\/wp\/v2\/types\/product"}],"replies":[{"embeddable":true,"href":"https:\/\/joyasyasmin.com\/fr\/wp-json\/wp\/v2\/comments?post=19856"}],"version-history":[{"count":1,"href":"https:\/\/joyasyasmin.com\/fr\/wp-json\/wp\/v2\/product\/19856\/revisions"}],"predecessor-version":[{"id":34624,"href":"https:\/\/joyasyasmin.com\/fr\/wp-json\/wp\/v2\/product\/19856\/revisions\/34624"}],"wp:featuredmedia":[{"embeddable":true,"href":"https:\/\/joyasyasmin.com\/fr\/wp-json\/wp\/v2\/media\/19873"}],"wp:attachment":[{"href":"https:\/\/joyasyasmin.com\/fr\/wp-json\/wp\/v2\/media?parent=19856"}],"wp:term":[{"taxonomy":"product_brand","embeddable":true,"href":"https:\/\/joyasyasmin.com\/fr\/wp-json\/wp\/v2\/product_brand?post=19856"},{"taxonomy":"product_cat","embeddable":true,"href":"https:\/\/joyasyasmin.com\/fr\/wp-json\/wp\/v2\/product_cat?post=19856"},{"taxonomy":"product_tag","embeddable":true,"href":"https:\/\/joyasyasmin.com\/fr\/wp-json\/wp\/v2\/product_tag?post=19856"}],"curies":[{"name":"wp","href":"https:\/\/api.w.org\/{rel}","templated":true}]}}