{"id":19985,"date":"2024-10-30T20:51:04","date_gmt":"2024-10-30T20:51:04","guid":{"rendered":"https:\/\/joyasyasmin.com\/producto\/bracelet-avec-la-medaille-san-miguel\/"},"modified":"2026-01-26T07:19:49","modified_gmt":"2026-01-26T07:19:49","slug":"bracelet-avec-la-medaille-san-miguel","status":"publish","type":"product","link":"https:\/\/joyasyasmin.com\/fr\/producto\/bracelet-avec-la-medaille-san-miguel\/","title":{"rendered":"Bracelet avec la m\u00e9daille San Miguel"},"content":{"rendered":"","protected":false},"excerpt":{"rendered":"<p>Le bracelet avec la m\u00e9daille de Saint-Michel est bien plus qu\u2019un accessoire ; Il repr\u00e9sente un symbole de protection et de foi avec un design \u00e9l\u00e9gant et contemporain. Avec une longueur de 17 cm et une extension de 3 cm, cette pi\u00e8ce s\u2019adapte confortablement \u00e0 n\u2019importe quel poignet, offrant un ajustement polyvalent qui peut \u00eatre ajust\u00e9 selon les pr\u00e9f\u00e9rences. Le bracelet est compos\u00e9 de d\u00e9licates boules d\u2019argent de 2 mm, alternant avec quelques boules de 4 mm qui ajoutent une touche visuelle subtile et sophistiqu\u00e9e de contraste. Cette combinaison de tailles de perles donne au bracelet une texture unique, se distinguant par son \u00e9l\u00e9gance et son style intemporel, id\u00e9al pour toutes les occasions, de l\u2019usure quotidienne aux \u00e9v\u00e9nements sp\u00e9ciaux.   <\/p>\n","protected":false},"featured_media":19989,"comment_status":"open","ping_status":"closed","template":"","meta":{"_acf_changed":false,"_joinchat":[]},"product_brand":[],"product_cat":[1790],"product_tag":[],"class_list":{"0":"post-19985","1":"product","2":"type-product","3":"status-publish","4":"has-post-thumbnail","6":"product_cat-bracelets","8":"first","9":"instock","10":"shipping-taxable","11":"purchasable","12":"product-type-simple"},"acf":[],"yoast_head":"<!-- This site is optimized with the Yoast SEO plugin v27.2 - https:\/\/yoast.com\/product\/yoast-seo-wordpress\/ -->\n<title>Bracelet avec la m\u00e9daille San Miguel - Yasmin<\/title>\n<meta name=\"description\" content=\"Bracelet avec la m\u00e9daille de Saint-Michel, l\u2019archange protecteur connu pour symboliser la force, la bravoure et la protection. Il est fabriqu\u00e9 en argent sterling 925.\" \/>\n<meta name=\"robots\" content=\"index, follow, max-snippet:-1, max-image-preview:large, max-video-preview:-1\" \/>\n<link rel=\"canonical\" href=\"https:\/\/joyasyasmin.com\/fr\/producto\/bracelet-avec-la-medaille-san-miguel\/\" \/>\n<meta property=\"og:locale\" content=\"fr_FR\" \/>\n<meta property=\"og:title\" content=\"Bracelet avec la m\u00e9daille San Miguel - Yasmin\" \/>\n<meta property=\"og:description\" content=\"Bracelet avec la m\u00e9daille de Saint-Michel, l\u2019archange protecteur connu pour symboliser la force, la bravoure et la protection. Il est fabriqu\u00e9 en argent sterling 925.\" \/>\n<meta property=\"og:url\" content=\"https:\/\/joyasyasmin.com\/fr\/producto\/bracelet-avec-la-medaille-san-miguel\/\" \/>\n<meta property=\"og:site_name\" content=\"Yasmin\" \/>\n<meta property=\"article:publisher\" content=\"https:\/\/www.facebook.com\/Joyas-Yasmin-217664058934169\/\" \/>\n<meta property=\"article:modified_time\" content=\"2026-01-26T07:19:49+00:00\" \/>\n<meta property=\"og:image\" content=\"https:\/\/joyasyasmin.com\/wp-content\/uploads\/2024\/10\/pulsera-medalla-san-miguel.jpg\" \/>\n\t<meta property=\"og:image:width\" content=\"1000\" \/>\n\t<meta property=\"og:image:height\" content=\"1000\" \/>\n\t<meta property=\"og:image:type\" content=\"image\/jpeg\" \/>\n<meta name=\"twitter:card\" content=\"summary_large_image\" \/>\n<script type=\"application\/ld+json\" class=\"yoast-schema-graph\">{\"@context\":\"https:\/\/schema.org\",\"@graph\":[{\"@type\":[\"WebPage\",\"ItemPage\"],\"@id\":\"https:\/\/joyasyasmin.com\/fr\/producto\/bracelet-avec-la-medaille-san-miguel\/\",\"url\":\"https:\/\/joyasyasmin.com\/fr\/producto\/bracelet-avec-la-medaille-san-miguel\/\",\"name\":\"Bracelet avec la m\u00e9daille San Miguel - Yasmin\",\"isPartOf\":{\"@id\":\"https:\/\/joyasyasmin.com\/fr\/#website\"},\"primaryImageOfPage\":{\"@id\":\"https:\/\/joyasyasmin.com\/fr\/producto\/bracelet-avec-la-medaille-san-miguel\/#primaryimage\"},\"image\":{\"@id\":\"https:\/\/joyasyasmin.com\/fr\/producto\/bracelet-avec-la-medaille-san-miguel\/#primaryimage\"},\"thumbnailUrl\":\"https:\/\/joyasyasmin.com\/wp-content\/uploads\/2024\/10\/pulsera-medalla-san-miguel.jpg\",\"datePublished\":\"2024-10-30T20:51:04+00:00\",\"dateModified\":\"2026-01-26T07:19:49+00:00\",\"description\":\"Bracelet avec la m\u00e9daille de Saint-Michel, l\u2019archange protecteur connu pour symboliser la force, la bravoure et la protection. Il est fabriqu\u00e9 en argent sterling 925.\",\"breadcrumb\":{\"@id\":\"https:\/\/joyasyasmin.com\/fr\/producto\/bracelet-avec-la-medaille-san-miguel\/#breadcrumb\"},\"inLanguage\":\"fr-FR\",\"potentialAction\":[{\"@type\":\"ReadAction\",\"target\":[\"https:\/\/joyasyasmin.com\/fr\/producto\/bracelet-avec-la-medaille-san-miguel\/\"]}]},{\"@type\":\"ImageObject\",\"inLanguage\":\"fr-FR\",\"@id\":\"https:\/\/joyasyasmin.com\/fr\/producto\/bracelet-avec-la-medaille-san-miguel\/#primaryimage\",\"url\":\"https:\/\/joyasyasmin.com\/wp-content\/uploads\/2024\/10\/pulsera-medalla-san-miguel.jpg\",\"contentUrl\":\"https:\/\/joyasyasmin.com\/wp-content\/uploads\/2024\/10\/pulsera-medalla-san-miguel.jpg\",\"width\":1000,\"height\":1000,\"caption\":\"Bracelet m\u00e9daille San Miguel en argent sterling 925\"},{\"@type\":\"BreadcrumbList\",\"@id\":\"https:\/\/joyasyasmin.com\/fr\/producto\/bracelet-avec-la-medaille-san-miguel\/#breadcrumb\",\"itemListElement\":[{\"@type\":\"ListItem\",\"position\":1,\"name\":\"Portada\",\"item\":\"https:\/\/joyasyasmin.com\/fr\/domicile\/\"},{\"@type\":\"ListItem\",\"position\":2,\"name\":\"Boutique\",\"item\":\"https:\/\/joyasyasmin.com\/fr\/boutique\/\"},{\"@type\":\"ListItem\",\"position\":3,\"name\":\"Bracelet avec la m\u00e9daille San Miguel\"}]},{\"@type\":\"WebSite\",\"@id\":\"https:\/\/joyasyasmin.com\/fr\/#website\",\"url\":\"https:\/\/joyasyasmin.com\/fr\/\",\"name\":\"Yasmin\",\"description\":\"Joyer\u00eda de Plata 925 - Pendientes, pulseras, anillos, colgantes y m\u00e1s!\",\"publisher\":{\"@id\":\"https:\/\/joyasyasmin.com\/fr\/#organization\"},\"potentialAction\":[{\"@type\":\"SearchAction\",\"target\":{\"@type\":\"EntryPoint\",\"urlTemplate\":\"https:\/\/joyasyasmin.com\/fr\/?s={search_term_string}\"},\"query-input\":{\"@type\":\"PropertyValueSpecification\",\"valueRequired\":true,\"valueName\":\"search_term_string\"}}],\"inLanguage\":\"fr-FR\"},{\"@type\":\"Organization\",\"@id\":\"https:\/\/joyasyasmin.com\/fr\/#organization\",\"name\":\"joyas yasmin\",\"url\":\"https:\/\/joyasyasmin.com\/fr\/\",\"logo\":{\"@type\":\"ImageObject\",\"inLanguage\":\"fr-FR\",\"@id\":\"https:\/\/joyasyasmin.com\/fr\/#\/schema\/logo\/image\/\",\"url\":\"https:\/\/joyasyasmin.com\/wp-content\/uploads\/2017\/06\/IMG-20200429-WA0051.jpg\",\"contentUrl\":\"https:\/\/joyasyasmin.com\/wp-content\/uploads\/2017\/06\/IMG-20200429-WA0051.jpg\",\"width\":1080,\"height\":545,\"caption\":\"joyas yasmin\"},\"image\":{\"@id\":\"https:\/\/joyasyasmin.com\/fr\/#\/schema\/logo\/image\/\"},\"sameAs\":[\"https:\/\/www.facebook.com\/Joyas-Yasmin-217664058934169\/\",\"https:\/\/www.instagram.com\/invites\/contact\/\"]}]}<\/script>\n<!-- \/ Yoast SEO plugin. -->","yoast_head_json":{"title":"Bracelet avec la m\u00e9daille San Miguel - Yasmin","description":"Bracelet avec la m\u00e9daille de Saint-Michel, l\u2019archange protecteur connu pour symboliser la force, la bravoure et la protection. Il est fabriqu\u00e9 en argent sterling 925.","robots":{"index":"index","follow":"follow","max-snippet":"max-snippet:-1","max-image-preview":"max-image-preview:large","max-video-preview":"max-video-preview:-1"},"canonical":"https:\/\/joyasyasmin.com\/fr\/producto\/bracelet-avec-la-medaille-san-miguel\/","og_locale":"fr_FR","og_title":"Bracelet avec la m\u00e9daille San Miguel - Yasmin","og_description":"Bracelet avec la m\u00e9daille de Saint-Michel, l\u2019archange protecteur connu pour symboliser la force, la bravoure et la protection. Il est fabriqu\u00e9 en argent sterling 925.","og_url":"https:\/\/joyasyasmin.com\/fr\/producto\/bracelet-avec-la-medaille-san-miguel\/","og_site_name":"Yasmin","article_publisher":"https:\/\/www.facebook.com\/Joyas-Yasmin-217664058934169\/","article_modified_time":"2026-01-26T07:19:49+00:00","og_image":[{"width":1000,"height":1000,"url":"https:\/\/joyasyasmin.com\/wp-content\/uploads\/2024\/10\/pulsera-medalla-san-miguel.jpg","type":"image\/jpeg"}],"twitter_card":"summary_large_image","schema":{"@context":"https:\/\/schema.org","@graph":[{"@type":["WebPage","ItemPage"],"@id":"https:\/\/joyasyasmin.com\/fr\/producto\/bracelet-avec-la-medaille-san-miguel\/","url":"https:\/\/joyasyasmin.com\/fr\/producto\/bracelet-avec-la-medaille-san-miguel\/","name":"Bracelet avec la m\u00e9daille San Miguel - Yasmin","isPartOf":{"@id":"https:\/\/joyasyasmin.com\/fr\/#website"},"primaryImageOfPage":{"@id":"https:\/\/joyasyasmin.com\/fr\/producto\/bracelet-avec-la-medaille-san-miguel\/#primaryimage"},"image":{"@id":"https:\/\/joyasyasmin.com\/fr\/producto\/bracelet-avec-la-medaille-san-miguel\/#primaryimage"},"thumbnailUrl":"https:\/\/joyasyasmin.com\/wp-content\/uploads\/2024\/10\/pulsera-medalla-san-miguel.jpg","datePublished":"2024-10-30T20:51:04+00:00","dateModified":"2026-01-26T07:19:49+00:00","description":"Bracelet avec la m\u00e9daille de Saint-Michel, l\u2019archange protecteur connu pour symboliser la force, la bravoure et la protection. Il est fabriqu\u00e9 en argent sterling 925.","breadcrumb":{"@id":"https:\/\/joyasyasmin.com\/fr\/producto\/bracelet-avec-la-medaille-san-miguel\/#breadcrumb"},"inLanguage":"fr-FR","potentialAction":[{"@type":"ReadAction","target":["https:\/\/joyasyasmin.com\/fr\/producto\/bracelet-avec-la-medaille-san-miguel\/"]}]},{"@type":"ImageObject","inLanguage":"fr-FR","@id":"https:\/\/joyasyasmin.com\/fr\/producto\/bracelet-avec-la-medaille-san-miguel\/#primaryimage","url":"https:\/\/joyasyasmin.com\/wp-content\/uploads\/2024\/10\/pulsera-medalla-san-miguel.jpg","contentUrl":"https:\/\/joyasyasmin.com\/wp-content\/uploads\/2024\/10\/pulsera-medalla-san-miguel.jpg","width":1000,"height":1000,"caption":"Bracelet m\u00e9daille San Miguel en argent sterling 925"},{"@type":"BreadcrumbList","@id":"https:\/\/joyasyasmin.com\/fr\/producto\/bracelet-avec-la-medaille-san-miguel\/#breadcrumb","itemListElement":[{"@type":"ListItem","position":1,"name":"Portada","item":"https:\/\/joyasyasmin.com\/fr\/domicile\/"},{"@type":"ListItem","position":2,"name":"Boutique","item":"https:\/\/joyasyasmin.com\/fr\/boutique\/"},{"@type":"ListItem","position":3,"name":"Bracelet avec la m\u00e9daille San Miguel"}]},{"@type":"WebSite","@id":"https:\/\/joyasyasmin.com\/fr\/#website","url":"https:\/\/joyasyasmin.com\/fr\/","name":"Yasmin","description":"Joyer\u00eda de Plata 925 - Pendientes, pulseras, anillos, colgantes y m\u00e1s!","publisher":{"@id":"https:\/\/joyasyasmin.com\/fr\/#organization"},"potentialAction":[{"@type":"SearchAction","target":{"@type":"EntryPoint","urlTemplate":"https:\/\/joyasyasmin.com\/fr\/?s={search_term_string}"},"query-input":{"@type":"PropertyValueSpecification","valueRequired":true,"valueName":"search_term_string"}}],"inLanguage":"fr-FR"},{"@type":"Organization","@id":"https:\/\/joyasyasmin.com\/fr\/#organization","name":"joyas yasmin","url":"https:\/\/joyasyasmin.com\/fr\/","logo":{"@type":"ImageObject","inLanguage":"fr-FR","@id":"https:\/\/joyasyasmin.com\/fr\/#\/schema\/logo\/image\/","url":"https:\/\/joyasyasmin.com\/wp-content\/uploads\/2017\/06\/IMG-20200429-WA0051.jpg","contentUrl":"https:\/\/joyasyasmin.com\/wp-content\/uploads\/2017\/06\/IMG-20200429-WA0051.jpg","width":1080,"height":545,"caption":"joyas yasmin"},"image":{"@id":"https:\/\/joyasyasmin.com\/fr\/#\/schema\/logo\/image\/"},"sameAs":["https:\/\/www.facebook.com\/Joyas-Yasmin-217664058934169\/","https:\/\/www.instagram.com\/invites\/contact\/"]}]}},"_links":{"self":[{"href":"https:\/\/joyasyasmin.com\/fr\/wp-json\/wp\/v2\/product\/19985","targetHints":{"allow":["GET"]}}],"collection":[{"href":"https:\/\/joyasyasmin.com\/fr\/wp-json\/wp\/v2\/product"}],"about":[{"href":"https:\/\/joyasyasmin.com\/fr\/wp-json\/wp\/v2\/types\/product"}],"replies":[{"embeddable":true,"href":"https:\/\/joyasyasmin.com\/fr\/wp-json\/wp\/v2\/comments?post=19985"}],"version-history":[{"count":1,"href":"https:\/\/joyasyasmin.com\/fr\/wp-json\/wp\/v2\/product\/19985\/revisions"}],"predecessor-version":[{"id":37473,"href":"https:\/\/joyasyasmin.com\/fr\/wp-json\/wp\/v2\/product\/19985\/revisions\/37473"}],"wp:featuredmedia":[{"embeddable":true,"href":"https:\/\/joyasyasmin.com\/fr\/wp-json\/wp\/v2\/media\/19989"}],"wp:attachment":[{"href":"https:\/\/joyasyasmin.com\/fr\/wp-json\/wp\/v2\/media?parent=19985"}],"wp:term":[{"taxonomy":"product_brand","embeddable":true,"href":"https:\/\/joyasyasmin.com\/fr\/wp-json\/wp\/v2\/product_brand?post=19985"},{"taxonomy":"product_cat","embeddable":true,"href":"https:\/\/joyasyasmin.com\/fr\/wp-json\/wp\/v2\/product_cat?post=19985"},{"taxonomy":"product_tag","embeddable":true,"href":"https:\/\/joyasyasmin.com\/fr\/wp-json\/wp\/v2\/product_tag?post=19985"}],"curies":[{"name":"wp","href":"https:\/\/api.w.org\/{rel}","templated":true}]}}