{"id":20015,"date":"2024-10-30T21:36:06","date_gmt":"2024-10-30T21:36:06","guid":{"rendered":"https:\/\/joyasyasmin.com\/producto\/bracelet-medaille-de-la-vierge-miraculeuse\/"},"modified":"2026-01-26T07:19:49","modified_gmt":"2026-01-26T07:19:49","slug":"bracelet-medaille-de-la-vierge-miraculeuse","status":"publish","type":"product","link":"https:\/\/joyasyasmin.com\/fr\/producto\/bracelet-medaille-de-la-vierge-miraculeuse\/","title":{"rendered":"Bracelet m\u00e9daille de la Vierge Miraculeuse"},"content":{"rendered":"","protected":false},"excerpt":{"rendered":"<p>Le bracelet m\u00e9daille de la vierge miraculeuse est un bijou plein de sens et de beaut\u00e9, id\u00e9al pour ceux qui recherchent une pi\u00e8ce qui allie spiritualit\u00e9 et \u00e9l\u00e9gance. Avec une mesure de 17 cm et une cha\u00eene extensible de 3 cm, ce bracelet est con\u00e7u pour s\u2019adapter confortablement \u00e0 n\u2019importe quel poignet. Sa structure comporte des boules argent\u00e9es de 2 mm alternant avec des boules de 4 mm, cr\u00e9ant un contraste subtil qui ajoute de la texture et du style \u00e0 la pi\u00e8ce.  <\/p>\n<p>La m\u00e9daille centrale de la Vierge Miraculeuse d\u2019une taille de 15 mm, apporte une touche particuli\u00e8re de d\u00e9votion et de protection \u00e0 ce bijou. La Vierge Miraculeuse est reconnue comme un symbole de foi et de direction spirituelle, \u00e9tant tr\u00e8s appr\u00e9ci\u00e9e parmi ceux qui recherchent le r\u00e9confort et la force. Situ\u00e9e au centre, la m\u00e9daille embellit non seulement le bracelet, mais en fait un rappel constant d\u2019espoir et de protection.  <\/p>\n","protected":false},"featured_media":20019,"comment_status":"open","ping_status":"closed","template":"","meta":{"_acf_changed":false,"_joinchat":[]},"product_brand":[],"product_cat":[1790],"product_tag":[],"class_list":{"0":"post-20015","1":"product","2":"type-product","3":"status-publish","4":"has-post-thumbnail","6":"product_cat-bracelets","8":"first","9":"instock","10":"shipping-taxable","11":"purchasable","12":"product-type-simple"},"acf":[],"yoast_head":"<!-- This site is optimized with the Yoast SEO plugin v27.2 - https:\/\/yoast.com\/product\/yoast-seo-wordpress\/ -->\n<title>Bracelet m\u00e9daille de la Vierge Miraculeuse - Yasmin<\/title>\n<meta name=\"description\" content=\"Le Bracelet M\u00e9daille Vierge Miraculeuse est un bijou plein de sens et de beaut\u00e9, alliant spiritualit\u00e9 et \u00e9l\u00e9gance. Il est fabriqu\u00e9 en argent sterling 925.\" \/>\n<meta name=\"robots\" content=\"index, follow, max-snippet:-1, max-image-preview:large, max-video-preview:-1\" \/>\n<link rel=\"canonical\" href=\"https:\/\/joyasyasmin.com\/fr\/producto\/bracelet-medaille-de-la-vierge-miraculeuse\/\" \/>\n<meta property=\"og:locale\" content=\"fr_FR\" \/>\n<meta property=\"og:title\" content=\"Bracelet m\u00e9daille de la Vierge Miraculeuse - Yasmin\" \/>\n<meta property=\"og:description\" content=\"Le Bracelet M\u00e9daille Vierge Miraculeuse est un bijou plein de sens et de beaut\u00e9, alliant spiritualit\u00e9 et \u00e9l\u00e9gance. Il est fabriqu\u00e9 en argent sterling 925.\" \/>\n<meta property=\"og:url\" content=\"https:\/\/joyasyasmin.com\/fr\/producto\/bracelet-medaille-de-la-vierge-miraculeuse\/\" \/>\n<meta property=\"og:site_name\" content=\"Yasmin\" \/>\n<meta property=\"article:publisher\" content=\"https:\/\/www.facebook.com\/Joyas-Yasmin-217664058934169\/\" \/>\n<meta property=\"article:modified_time\" content=\"2026-01-26T07:19:49+00:00\" \/>\n<meta property=\"og:image\" content=\"https:\/\/joyasyasmin.com\/wp-content\/uploads\/2024\/10\/pulsera-Medalla-milagrosa.jpg\" \/>\n\t<meta property=\"og:image:width\" content=\"1000\" \/>\n\t<meta property=\"og:image:height\" content=\"1000\" \/>\n\t<meta property=\"og:image:type\" content=\"image\/jpeg\" \/>\n<meta name=\"twitter:card\" content=\"summary_large_image\" \/>\n<script type=\"application\/ld+json\" class=\"yoast-schema-graph\">{\"@context\":\"https:\/\/schema.org\",\"@graph\":[{\"@type\":[\"WebPage\",\"ItemPage\"],\"@id\":\"https:\/\/joyasyasmin.com\/fr\/producto\/bracelet-medaille-de-la-vierge-miraculeuse\/\",\"url\":\"https:\/\/joyasyasmin.com\/fr\/producto\/bracelet-medaille-de-la-vierge-miraculeuse\/\",\"name\":\"Bracelet m\u00e9daille de la Vierge Miraculeuse - Yasmin\",\"isPartOf\":{\"@id\":\"https:\/\/joyasyasmin.com\/fr\/#website\"},\"primaryImageOfPage\":{\"@id\":\"https:\/\/joyasyasmin.com\/fr\/producto\/bracelet-medaille-de-la-vierge-miraculeuse\/#primaryimage\"},\"image\":{\"@id\":\"https:\/\/joyasyasmin.com\/fr\/producto\/bracelet-medaille-de-la-vierge-miraculeuse\/#primaryimage\"},\"thumbnailUrl\":\"https:\/\/joyasyasmin.com\/wp-content\/uploads\/2024\/10\/pulsera-Medalla-milagrosa.jpg\",\"datePublished\":\"2024-10-30T21:36:06+00:00\",\"dateModified\":\"2026-01-26T07:19:49+00:00\",\"description\":\"Le Bracelet M\u00e9daille Vierge Miraculeuse est un bijou plein de sens et de beaut\u00e9, alliant spiritualit\u00e9 et \u00e9l\u00e9gance. Il est fabriqu\u00e9 en argent sterling 925.\",\"breadcrumb\":{\"@id\":\"https:\/\/joyasyasmin.com\/fr\/producto\/bracelet-medaille-de-la-vierge-miraculeuse\/#breadcrumb\"},\"inLanguage\":\"fr-FR\",\"potentialAction\":[{\"@type\":\"ReadAction\",\"target\":[\"https:\/\/joyasyasmin.com\/fr\/producto\/bracelet-medaille-de-la-vierge-miraculeuse\/\"]}]},{\"@type\":\"ImageObject\",\"inLanguage\":\"fr-FR\",\"@id\":\"https:\/\/joyasyasmin.com\/fr\/producto\/bracelet-medaille-de-la-vierge-miraculeuse\/#primaryimage\",\"url\":\"https:\/\/joyasyasmin.com\/wp-content\/uploads\/2024\/10\/pulsera-Medalla-milagrosa.jpg\",\"contentUrl\":\"https:\/\/joyasyasmin.com\/wp-content\/uploads\/2024\/10\/pulsera-Medalla-milagrosa.jpg\",\"width\":1000,\"height\":1000,\"caption\":\"Bracelet M\u00e9daille Miraculeuse \u00e0 Vendre Argent Sterling 925\"},{\"@type\":\"BreadcrumbList\",\"@id\":\"https:\/\/joyasyasmin.com\/fr\/producto\/bracelet-medaille-de-la-vierge-miraculeuse\/#breadcrumb\",\"itemListElement\":[{\"@type\":\"ListItem\",\"position\":1,\"name\":\"Portada\",\"item\":\"https:\/\/joyasyasmin.com\/fr\/domicile\/\"},{\"@type\":\"ListItem\",\"position\":2,\"name\":\"Boutique\",\"item\":\"https:\/\/joyasyasmin.com\/fr\/boutique\/\"},{\"@type\":\"ListItem\",\"position\":3,\"name\":\"Bracelet m\u00e9daille de la Vierge Miraculeuse\"}]},{\"@type\":\"WebSite\",\"@id\":\"https:\/\/joyasyasmin.com\/fr\/#website\",\"url\":\"https:\/\/joyasyasmin.com\/fr\/\",\"name\":\"Yasmin\",\"description\":\"Joyer\u00eda de Plata 925 - Pendientes, pulseras, anillos, colgantes y m\u00e1s!\",\"publisher\":{\"@id\":\"https:\/\/joyasyasmin.com\/fr\/#organization\"},\"potentialAction\":[{\"@type\":\"SearchAction\",\"target\":{\"@type\":\"EntryPoint\",\"urlTemplate\":\"https:\/\/joyasyasmin.com\/fr\/?s={search_term_string}\"},\"query-input\":{\"@type\":\"PropertyValueSpecification\",\"valueRequired\":true,\"valueName\":\"search_term_string\"}}],\"inLanguage\":\"fr-FR\"},{\"@type\":\"Organization\",\"@id\":\"https:\/\/joyasyasmin.com\/fr\/#organization\",\"name\":\"joyas yasmin\",\"url\":\"https:\/\/joyasyasmin.com\/fr\/\",\"logo\":{\"@type\":\"ImageObject\",\"inLanguage\":\"fr-FR\",\"@id\":\"https:\/\/joyasyasmin.com\/fr\/#\/schema\/logo\/image\/\",\"url\":\"https:\/\/joyasyasmin.com\/wp-content\/uploads\/2017\/06\/IMG-20200429-WA0051.jpg\",\"contentUrl\":\"https:\/\/joyasyasmin.com\/wp-content\/uploads\/2017\/06\/IMG-20200429-WA0051.jpg\",\"width\":1080,\"height\":545,\"caption\":\"joyas yasmin\"},\"image\":{\"@id\":\"https:\/\/joyasyasmin.com\/fr\/#\/schema\/logo\/image\/\"},\"sameAs\":[\"https:\/\/www.facebook.com\/Joyas-Yasmin-217664058934169\/\",\"https:\/\/www.instagram.com\/invites\/contact\/\"]}]}<\/script>\n<!-- \/ Yoast SEO plugin. -->","yoast_head_json":{"title":"Bracelet m\u00e9daille de la Vierge Miraculeuse - Yasmin","description":"Le Bracelet M\u00e9daille Vierge Miraculeuse est un bijou plein de sens et de beaut\u00e9, alliant spiritualit\u00e9 et \u00e9l\u00e9gance. Il est fabriqu\u00e9 en argent sterling 925.","robots":{"index":"index","follow":"follow","max-snippet":"max-snippet:-1","max-image-preview":"max-image-preview:large","max-video-preview":"max-video-preview:-1"},"canonical":"https:\/\/joyasyasmin.com\/fr\/producto\/bracelet-medaille-de-la-vierge-miraculeuse\/","og_locale":"fr_FR","og_title":"Bracelet m\u00e9daille de la Vierge Miraculeuse - Yasmin","og_description":"Le Bracelet M\u00e9daille Vierge Miraculeuse est un bijou plein de sens et de beaut\u00e9, alliant spiritualit\u00e9 et \u00e9l\u00e9gance. Il est fabriqu\u00e9 en argent sterling 925.","og_url":"https:\/\/joyasyasmin.com\/fr\/producto\/bracelet-medaille-de-la-vierge-miraculeuse\/","og_site_name":"Yasmin","article_publisher":"https:\/\/www.facebook.com\/Joyas-Yasmin-217664058934169\/","article_modified_time":"2026-01-26T07:19:49+00:00","og_image":[{"width":1000,"height":1000,"url":"https:\/\/joyasyasmin.com\/wp-content\/uploads\/2024\/10\/pulsera-Medalla-milagrosa.jpg","type":"image\/jpeg"}],"twitter_card":"summary_large_image","schema":{"@context":"https:\/\/schema.org","@graph":[{"@type":["WebPage","ItemPage"],"@id":"https:\/\/joyasyasmin.com\/fr\/producto\/bracelet-medaille-de-la-vierge-miraculeuse\/","url":"https:\/\/joyasyasmin.com\/fr\/producto\/bracelet-medaille-de-la-vierge-miraculeuse\/","name":"Bracelet m\u00e9daille de la Vierge Miraculeuse - Yasmin","isPartOf":{"@id":"https:\/\/joyasyasmin.com\/fr\/#website"},"primaryImageOfPage":{"@id":"https:\/\/joyasyasmin.com\/fr\/producto\/bracelet-medaille-de-la-vierge-miraculeuse\/#primaryimage"},"image":{"@id":"https:\/\/joyasyasmin.com\/fr\/producto\/bracelet-medaille-de-la-vierge-miraculeuse\/#primaryimage"},"thumbnailUrl":"https:\/\/joyasyasmin.com\/wp-content\/uploads\/2024\/10\/pulsera-Medalla-milagrosa.jpg","datePublished":"2024-10-30T21:36:06+00:00","dateModified":"2026-01-26T07:19:49+00:00","description":"Le Bracelet M\u00e9daille Vierge Miraculeuse est un bijou plein de sens et de beaut\u00e9, alliant spiritualit\u00e9 et \u00e9l\u00e9gance. Il est fabriqu\u00e9 en argent sterling 925.","breadcrumb":{"@id":"https:\/\/joyasyasmin.com\/fr\/producto\/bracelet-medaille-de-la-vierge-miraculeuse\/#breadcrumb"},"inLanguage":"fr-FR","potentialAction":[{"@type":"ReadAction","target":["https:\/\/joyasyasmin.com\/fr\/producto\/bracelet-medaille-de-la-vierge-miraculeuse\/"]}]},{"@type":"ImageObject","inLanguage":"fr-FR","@id":"https:\/\/joyasyasmin.com\/fr\/producto\/bracelet-medaille-de-la-vierge-miraculeuse\/#primaryimage","url":"https:\/\/joyasyasmin.com\/wp-content\/uploads\/2024\/10\/pulsera-Medalla-milagrosa.jpg","contentUrl":"https:\/\/joyasyasmin.com\/wp-content\/uploads\/2024\/10\/pulsera-Medalla-milagrosa.jpg","width":1000,"height":1000,"caption":"Bracelet M\u00e9daille Miraculeuse \u00e0 Vendre Argent Sterling 925"},{"@type":"BreadcrumbList","@id":"https:\/\/joyasyasmin.com\/fr\/producto\/bracelet-medaille-de-la-vierge-miraculeuse\/#breadcrumb","itemListElement":[{"@type":"ListItem","position":1,"name":"Portada","item":"https:\/\/joyasyasmin.com\/fr\/domicile\/"},{"@type":"ListItem","position":2,"name":"Boutique","item":"https:\/\/joyasyasmin.com\/fr\/boutique\/"},{"@type":"ListItem","position":3,"name":"Bracelet m\u00e9daille de la Vierge Miraculeuse"}]},{"@type":"WebSite","@id":"https:\/\/joyasyasmin.com\/fr\/#website","url":"https:\/\/joyasyasmin.com\/fr\/","name":"Yasmin","description":"Joyer\u00eda de Plata 925 - Pendientes, pulseras, anillos, colgantes y m\u00e1s!","publisher":{"@id":"https:\/\/joyasyasmin.com\/fr\/#organization"},"potentialAction":[{"@type":"SearchAction","target":{"@type":"EntryPoint","urlTemplate":"https:\/\/joyasyasmin.com\/fr\/?s={search_term_string}"},"query-input":{"@type":"PropertyValueSpecification","valueRequired":true,"valueName":"search_term_string"}}],"inLanguage":"fr-FR"},{"@type":"Organization","@id":"https:\/\/joyasyasmin.com\/fr\/#organization","name":"joyas yasmin","url":"https:\/\/joyasyasmin.com\/fr\/","logo":{"@type":"ImageObject","inLanguage":"fr-FR","@id":"https:\/\/joyasyasmin.com\/fr\/#\/schema\/logo\/image\/","url":"https:\/\/joyasyasmin.com\/wp-content\/uploads\/2017\/06\/IMG-20200429-WA0051.jpg","contentUrl":"https:\/\/joyasyasmin.com\/wp-content\/uploads\/2017\/06\/IMG-20200429-WA0051.jpg","width":1080,"height":545,"caption":"joyas yasmin"},"image":{"@id":"https:\/\/joyasyasmin.com\/fr\/#\/schema\/logo\/image\/"},"sameAs":["https:\/\/www.facebook.com\/Joyas-Yasmin-217664058934169\/","https:\/\/www.instagram.com\/invites\/contact\/"]}]}},"_links":{"self":[{"href":"https:\/\/joyasyasmin.com\/fr\/wp-json\/wp\/v2\/product\/20015","targetHints":{"allow":["GET"]}}],"collection":[{"href":"https:\/\/joyasyasmin.com\/fr\/wp-json\/wp\/v2\/product"}],"about":[{"href":"https:\/\/joyasyasmin.com\/fr\/wp-json\/wp\/v2\/types\/product"}],"replies":[{"embeddable":true,"href":"https:\/\/joyasyasmin.com\/fr\/wp-json\/wp\/v2\/comments?post=20015"}],"version-history":[{"count":1,"href":"https:\/\/joyasyasmin.com\/fr\/wp-json\/wp\/v2\/product\/20015\/revisions"}],"predecessor-version":[{"id":34232,"href":"https:\/\/joyasyasmin.com\/fr\/wp-json\/wp\/v2\/product\/20015\/revisions\/34232"}],"wp:featuredmedia":[{"embeddable":true,"href":"https:\/\/joyasyasmin.com\/fr\/wp-json\/wp\/v2\/media\/20019"}],"wp:attachment":[{"href":"https:\/\/joyasyasmin.com\/fr\/wp-json\/wp\/v2\/media?parent=20015"}],"wp:term":[{"taxonomy":"product_brand","embeddable":true,"href":"https:\/\/joyasyasmin.com\/fr\/wp-json\/wp\/v2\/product_brand?post=20015"},{"taxonomy":"product_cat","embeddable":true,"href":"https:\/\/joyasyasmin.com\/fr\/wp-json\/wp\/v2\/product_cat?post=20015"},{"taxonomy":"product_tag","embeddable":true,"href":"https:\/\/joyasyasmin.com\/fr\/wp-json\/wp\/v2\/product_tag?post=20015"}],"curies":[{"name":"wp","href":"https:\/\/api.w.org\/{rel}","templated":true}]}}