{"id":20042,"date":"2024-07-07T19:31:16","date_gmt":"2024-07-07T19:31:16","guid":{"rendered":"https:\/\/joyasyasmin.com\/producto\/noeud-de-sorciere-bracelet-breloque-de-protection\/"},"modified":"2025-09-01T07:44:23","modified_gmt":"2025-09-01T07:44:23","slug":"noeud-de-sorciere-bracelet-breloque-de-protection","status":"publish","type":"product","link":"https:\/\/joyasyasmin.com\/fr\/producto\/noeud-de-sorciere-bracelet-breloque-de-protection\/","title":{"rendered":"Noeud de sorci\u00e8re Bracelet breloque de protection"},"content":{"rendered":"","protected":false},"excerpt":{"rendered":"<p>Explorez la puissance et l\u2019\u00e9l\u00e9gance de notre bracelet noeud de sorci\u00e8re \u00ab&nbsp;Protective Charm&nbsp;\u00bb. Cette pi\u00e8ce exquise, fabriqu\u00e9e en argent sterling 925, pr\u00e9sente un n\u0153ud de sorci\u00e8re complexe de 15 mm de diam\u00e8tre, symbole de protection et de continuit\u00e9. Le motif d\u00e9taill\u00e9 du n\u0153ud se d\u00e9marque au centre du bracelet, capturant l\u2019essence de la magie et du myst\u00e8re.  <\/p>\n<p>Le bracelet comprend une d\u00e9licate cha\u00eene rolo de 16 cm de long, avec une extension suppl\u00e9mentaire de 3 cm, permettant un ajustement parfait pour n\u2019importe quel poignet. Cette combinaison assure confort et style, faisant du bracelet Witch\u2019s Knot \u00ab&nbsp;Encanto Protector&nbsp;\u00bb un accessoire polyvalent et sophistiqu\u00e9. <\/p>\n","protected":false},"featured_media":20044,"comment_status":"open","ping_status":"closed","template":"","meta":{"_acf_changed":false,"_joinchat":[]},"product_brand":[],"product_cat":[1790],"product_tag":[],"class_list":{"0":"post-20042","1":"product","2":"type-product","3":"status-publish","4":"has-post-thumbnail","6":"product_cat-bracelets","8":"first","9":"instock","10":"shipping-taxable","11":"purchasable","12":"product-type-simple"},"acf":[],"yoast_head":"<!-- This site is optimized with the Yoast SEO plugin v27.3 - https:\/\/yoast.com\/product\/yoast-seo-wordpress\/ -->\n<title>Noeud de sorci\u00e8re Bracelet breloque de protection - Yasmin<\/title>\n<meta name=\"description\" content=\"Bracelet noeud de sorci\u00e8re charme protecteur, est un symbole ancestral, il est connu pour sa protection contre les \u00e9nergies n\u00e9gatives et attire la bonne fortune.\" \/>\n<meta name=\"robots\" content=\"index, follow, max-snippet:-1, max-image-preview:large, max-video-preview:-1\" \/>\n<link rel=\"canonical\" href=\"https:\/\/joyasyasmin.com\/fr\/producto\/noeud-de-sorciere-bracelet-breloque-de-protection\/\" \/>\n<meta property=\"og:locale\" content=\"fr_FR\" \/>\n<meta property=\"og:title\" content=\"Noeud de sorci\u00e8re Bracelet breloque de protection - Yasmin\" \/>\n<meta property=\"og:description\" content=\"Bracelet noeud de sorci\u00e8re charme protecteur, est un symbole ancestral, il est connu pour sa protection contre les \u00e9nergies n\u00e9gatives et attire la bonne fortune.\" \/>\n<meta property=\"og:url\" content=\"https:\/\/joyasyasmin.com\/fr\/producto\/noeud-de-sorciere-bracelet-breloque-de-protection\/\" \/>\n<meta property=\"og:site_name\" content=\"Yasmin\" \/>\n<meta property=\"article:publisher\" content=\"https:\/\/www.facebook.com\/Joyas-Yasmin-217664058934169\/\" \/>\n<meta property=\"article:modified_time\" content=\"2025-09-01T07:44:23+00:00\" \/>\n<meta property=\"og:image\" content=\"https:\/\/joyasyasmin.com\/wp-content\/uploads\/2024\/07\/pulsera-nudo-de-bruja-de-rolo.jpg\" \/>\n\t<meta property=\"og:image:width\" content=\"1000\" \/>\n\t<meta property=\"og:image:height\" content=\"1000\" \/>\n\t<meta property=\"og:image:type\" content=\"image\/jpeg\" \/>\n<meta name=\"twitter:card\" content=\"summary_large_image\" \/>\n<script type=\"application\/ld+json\" class=\"yoast-schema-graph\">{\"@context\":\"https:\\\/\\\/schema.org\",\"@graph\":[{\"@type\":[\"WebPage\",\"ItemPage\"],\"@id\":\"https:\\\/\\\/joyasyasmin.com\\\/fr\\\/producto\\\/noeud-de-sorciere-bracelet-breloque-de-protection\\\/\",\"url\":\"https:\\\/\\\/joyasyasmin.com\\\/fr\\\/producto\\\/noeud-de-sorciere-bracelet-breloque-de-protection\\\/\",\"name\":\"Noeud de sorci\u00e8re Bracelet breloque de protection - Yasmin\",\"isPartOf\":{\"@id\":\"https:\\\/\\\/joyasyasmin.com\\\/fr\\\/#website\"},\"primaryImageOfPage\":{\"@id\":\"https:\\\/\\\/joyasyasmin.com\\\/fr\\\/producto\\\/noeud-de-sorciere-bracelet-breloque-de-protection\\\/#primaryimage\"},\"image\":{\"@id\":\"https:\\\/\\\/joyasyasmin.com\\\/fr\\\/producto\\\/noeud-de-sorciere-bracelet-breloque-de-protection\\\/#primaryimage\"},\"thumbnailUrl\":\"https:\\\/\\\/joyasyasmin.com\\\/wp-content\\\/uploads\\\/2024\\\/07\\\/pulsera-nudo-de-bruja-de-rolo.jpg\",\"datePublished\":\"2024-07-07T19:31:16+00:00\",\"dateModified\":\"2025-09-01T07:44:23+00:00\",\"description\":\"Bracelet noeud de sorci\u00e8re charme protecteur, est un symbole ancestral, il est connu pour sa protection contre les \u00e9nergies n\u00e9gatives et attire la bonne fortune.\",\"breadcrumb\":{\"@id\":\"https:\\\/\\\/joyasyasmin.com\\\/fr\\\/producto\\\/noeud-de-sorciere-bracelet-breloque-de-protection\\\/#breadcrumb\"},\"inLanguage\":\"fr-FR\",\"potentialAction\":[{\"@type\":\"ReadAction\",\"target\":[\"https:\\\/\\\/joyasyasmin.com\\\/fr\\\/producto\\\/noeud-de-sorciere-bracelet-breloque-de-protection\\\/\"]}]},{\"@type\":\"ImageObject\",\"inLanguage\":\"fr-FR\",\"@id\":\"https:\\\/\\\/joyasyasmin.com\\\/fr\\\/producto\\\/noeud-de-sorciere-bracelet-breloque-de-protection\\\/#primaryimage\",\"url\":\"https:\\\/\\\/joyasyasmin.com\\\/wp-content\\\/uploads\\\/2024\\\/07\\\/pulsera-nudo-de-bruja-de-rolo.jpg\",\"contentUrl\":\"https:\\\/\\\/joyasyasmin.com\\\/wp-content\\\/uploads\\\/2024\\\/07\\\/pulsera-nudo-de-bruja-de-rolo.jpg\",\"width\":1000,\"height\":1000,\"caption\":\"Noeud de sorci\u00e8re Bracelet vente breloque de protection en argent sterling 925\"},{\"@type\":\"BreadcrumbList\",\"@id\":\"https:\\\/\\\/joyasyasmin.com\\\/fr\\\/producto\\\/noeud-de-sorciere-bracelet-breloque-de-protection\\\/#breadcrumb\",\"itemListElement\":[{\"@type\":\"ListItem\",\"position\":1,\"name\":\"Portada\",\"item\":\"https:\\\/\\\/joyasyasmin.com\\\/fr\\\/domicile\\\/\"},{\"@type\":\"ListItem\",\"position\":2,\"name\":\"Boutique\",\"item\":\"https:\\\/\\\/joyasyasmin.com\\\/fr\\\/boutique\\\/\"},{\"@type\":\"ListItem\",\"position\":3,\"name\":\"Noeud de sorci\u00e8re Bracelet breloque de protection\"}]},{\"@type\":\"WebSite\",\"@id\":\"https:\\\/\\\/joyasyasmin.com\\\/fr\\\/#website\",\"url\":\"https:\\\/\\\/joyasyasmin.com\\\/fr\\\/\",\"name\":\"Yasmin\",\"description\":\"Joyer\u00eda de Plata 925 - Pendientes, pulseras, anillos, colgantes y m\u00e1s!\",\"publisher\":{\"@id\":\"https:\\\/\\\/joyasyasmin.com\\\/fr\\\/#organization\"},\"potentialAction\":[{\"@type\":\"SearchAction\",\"target\":{\"@type\":\"EntryPoint\",\"urlTemplate\":\"https:\\\/\\\/joyasyasmin.com\\\/fr\\\/?s={search_term_string}\"},\"query-input\":{\"@type\":\"PropertyValueSpecification\",\"valueRequired\":true,\"valueName\":\"search_term_string\"}}],\"inLanguage\":\"fr-FR\"},{\"@type\":\"Organization\",\"@id\":\"https:\\\/\\\/joyasyasmin.com\\\/fr\\\/#organization\",\"name\":\"joyas yasmin\",\"url\":\"https:\\\/\\\/joyasyasmin.com\\\/fr\\\/\",\"logo\":{\"@type\":\"ImageObject\",\"inLanguage\":\"fr-FR\",\"@id\":\"https:\\\/\\\/joyasyasmin.com\\\/fr\\\/#\\\/schema\\\/logo\\\/image\\\/\",\"url\":\"https:\\\/\\\/joyasyasmin.com\\\/wp-content\\\/uploads\\\/2017\\\/06\\\/IMG-20200429-WA0051.jpg\",\"contentUrl\":\"https:\\\/\\\/joyasyasmin.com\\\/wp-content\\\/uploads\\\/2017\\\/06\\\/IMG-20200429-WA0051.jpg\",\"width\":1080,\"height\":545,\"caption\":\"joyas yasmin\"},\"image\":{\"@id\":\"https:\\\/\\\/joyasyasmin.com\\\/fr\\\/#\\\/schema\\\/logo\\\/image\\\/\"},\"sameAs\":[\"https:\\\/\\\/www.facebook.com\\\/Joyas-Yasmin-217664058934169\\\/\",\"https:\\\/\\\/www.instagram.com\\\/invites\\\/contact\\\/\"]}]}<\/script>\n<!-- \/ Yoast SEO plugin. -->","yoast_head_json":{"title":"Noeud de sorci\u00e8re Bracelet breloque de protection - Yasmin","description":"Bracelet noeud de sorci\u00e8re charme protecteur, est un symbole ancestral, il est connu pour sa protection contre les \u00e9nergies n\u00e9gatives et attire la bonne fortune.","robots":{"index":"index","follow":"follow","max-snippet":"max-snippet:-1","max-image-preview":"max-image-preview:large","max-video-preview":"max-video-preview:-1"},"canonical":"https:\/\/joyasyasmin.com\/fr\/producto\/noeud-de-sorciere-bracelet-breloque-de-protection\/","og_locale":"fr_FR","og_title":"Noeud de sorci\u00e8re Bracelet breloque de protection - Yasmin","og_description":"Bracelet noeud de sorci\u00e8re charme protecteur, est un symbole ancestral, il est connu pour sa protection contre les \u00e9nergies n\u00e9gatives et attire la bonne fortune.","og_url":"https:\/\/joyasyasmin.com\/fr\/producto\/noeud-de-sorciere-bracelet-breloque-de-protection\/","og_site_name":"Yasmin","article_publisher":"https:\/\/www.facebook.com\/Joyas-Yasmin-217664058934169\/","article_modified_time":"2025-09-01T07:44:23+00:00","og_image":[{"width":1000,"height":1000,"url":"https:\/\/joyasyasmin.com\/wp-content\/uploads\/2024\/07\/pulsera-nudo-de-bruja-de-rolo.jpg","type":"image\/jpeg"}],"twitter_card":"summary_large_image","schema":{"@context":"https:\/\/schema.org","@graph":[{"@type":["WebPage","ItemPage"],"@id":"https:\/\/joyasyasmin.com\/fr\/producto\/noeud-de-sorciere-bracelet-breloque-de-protection\/","url":"https:\/\/joyasyasmin.com\/fr\/producto\/noeud-de-sorciere-bracelet-breloque-de-protection\/","name":"Noeud de sorci\u00e8re Bracelet breloque de protection - Yasmin","isPartOf":{"@id":"https:\/\/joyasyasmin.com\/fr\/#website"},"primaryImageOfPage":{"@id":"https:\/\/joyasyasmin.com\/fr\/producto\/noeud-de-sorciere-bracelet-breloque-de-protection\/#primaryimage"},"image":{"@id":"https:\/\/joyasyasmin.com\/fr\/producto\/noeud-de-sorciere-bracelet-breloque-de-protection\/#primaryimage"},"thumbnailUrl":"https:\/\/joyasyasmin.com\/wp-content\/uploads\/2024\/07\/pulsera-nudo-de-bruja-de-rolo.jpg","datePublished":"2024-07-07T19:31:16+00:00","dateModified":"2025-09-01T07:44:23+00:00","description":"Bracelet noeud de sorci\u00e8re charme protecteur, est un symbole ancestral, il est connu pour sa protection contre les \u00e9nergies n\u00e9gatives et attire la bonne fortune.","breadcrumb":{"@id":"https:\/\/joyasyasmin.com\/fr\/producto\/noeud-de-sorciere-bracelet-breloque-de-protection\/#breadcrumb"},"inLanguage":"fr-FR","potentialAction":[{"@type":"ReadAction","target":["https:\/\/joyasyasmin.com\/fr\/producto\/noeud-de-sorciere-bracelet-breloque-de-protection\/"]}]},{"@type":"ImageObject","inLanguage":"fr-FR","@id":"https:\/\/joyasyasmin.com\/fr\/producto\/noeud-de-sorciere-bracelet-breloque-de-protection\/#primaryimage","url":"https:\/\/joyasyasmin.com\/wp-content\/uploads\/2024\/07\/pulsera-nudo-de-bruja-de-rolo.jpg","contentUrl":"https:\/\/joyasyasmin.com\/wp-content\/uploads\/2024\/07\/pulsera-nudo-de-bruja-de-rolo.jpg","width":1000,"height":1000,"caption":"Noeud de sorci\u00e8re Bracelet vente breloque de protection en argent sterling 925"},{"@type":"BreadcrumbList","@id":"https:\/\/joyasyasmin.com\/fr\/producto\/noeud-de-sorciere-bracelet-breloque-de-protection\/#breadcrumb","itemListElement":[{"@type":"ListItem","position":1,"name":"Portada","item":"https:\/\/joyasyasmin.com\/fr\/domicile\/"},{"@type":"ListItem","position":2,"name":"Boutique","item":"https:\/\/joyasyasmin.com\/fr\/boutique\/"},{"@type":"ListItem","position":3,"name":"Noeud de sorci\u00e8re Bracelet breloque de protection"}]},{"@type":"WebSite","@id":"https:\/\/joyasyasmin.com\/fr\/#website","url":"https:\/\/joyasyasmin.com\/fr\/","name":"Yasmin","description":"Joyer\u00eda de Plata 925 - Pendientes, pulseras, anillos, colgantes y m\u00e1s!","publisher":{"@id":"https:\/\/joyasyasmin.com\/fr\/#organization"},"potentialAction":[{"@type":"SearchAction","target":{"@type":"EntryPoint","urlTemplate":"https:\/\/joyasyasmin.com\/fr\/?s={search_term_string}"},"query-input":{"@type":"PropertyValueSpecification","valueRequired":true,"valueName":"search_term_string"}}],"inLanguage":"fr-FR"},{"@type":"Organization","@id":"https:\/\/joyasyasmin.com\/fr\/#organization","name":"joyas yasmin","url":"https:\/\/joyasyasmin.com\/fr\/","logo":{"@type":"ImageObject","inLanguage":"fr-FR","@id":"https:\/\/joyasyasmin.com\/fr\/#\/schema\/logo\/image\/","url":"https:\/\/joyasyasmin.com\/wp-content\/uploads\/2017\/06\/IMG-20200429-WA0051.jpg","contentUrl":"https:\/\/joyasyasmin.com\/wp-content\/uploads\/2017\/06\/IMG-20200429-WA0051.jpg","width":1080,"height":545,"caption":"joyas yasmin"},"image":{"@id":"https:\/\/joyasyasmin.com\/fr\/#\/schema\/logo\/image\/"},"sameAs":["https:\/\/www.facebook.com\/Joyas-Yasmin-217664058934169\/","https:\/\/www.instagram.com\/invites\/contact\/"]}]}},"_links":{"self":[{"href":"https:\/\/joyasyasmin.com\/fr\/wp-json\/wp\/v2\/product\/20042","targetHints":{"allow":["GET"]}}],"collection":[{"href":"https:\/\/joyasyasmin.com\/fr\/wp-json\/wp\/v2\/product"}],"about":[{"href":"https:\/\/joyasyasmin.com\/fr\/wp-json\/wp\/v2\/types\/product"}],"replies":[{"embeddable":true,"href":"https:\/\/joyasyasmin.com\/fr\/wp-json\/wp\/v2\/comments?post=20042"}],"version-history":[{"count":2,"href":"https:\/\/joyasyasmin.com\/fr\/wp-json\/wp\/v2\/product\/20042\/revisions"}],"predecessor-version":[{"id":34593,"href":"https:\/\/joyasyasmin.com\/fr\/wp-json\/wp\/v2\/product\/20042\/revisions\/34593"}],"wp:featuredmedia":[{"embeddable":true,"href":"https:\/\/joyasyasmin.com\/fr\/wp-json\/wp\/v2\/media\/20044"}],"wp:attachment":[{"href":"https:\/\/joyasyasmin.com\/fr\/wp-json\/wp\/v2\/media?parent=20042"}],"wp:term":[{"taxonomy":"product_brand","embeddable":true,"href":"https:\/\/joyasyasmin.com\/fr\/wp-json\/wp\/v2\/product_brand?post=20042"},{"taxonomy":"product_cat","embeddable":true,"href":"https:\/\/joyasyasmin.com\/fr\/wp-json\/wp\/v2\/product_cat?post=20042"},{"taxonomy":"product_tag","embeddable":true,"href":"https:\/\/joyasyasmin.com\/fr\/wp-json\/wp\/v2\/product_tag?post=20042"}],"curies":[{"name":"wp","href":"https:\/\/api.w.org\/{rel}","templated":true}]}}