{"id":20088,"date":"2024-07-08T21:03:34","date_gmt":"2024-07-08T21:03:34","guid":{"rendered":"https:\/\/joyasyasmin.com\/producto\/bague-miranda-ovale\/"},"modified":"2025-05-13T11:09:39","modified_gmt":"2025-05-13T11:09:39","slug":"bague-miranda-ovale","status":"publish","type":"product","link":"https:\/\/joyasyasmin.com\/fr\/producto\/bague-miranda-ovale\/","title":{"rendered":"Bague Miranda Ovale"},"content":{"rendered":"","protected":false},"excerpt":{"rendered":"<p>D\u00e9couvrez l\u2019\u00e9l\u00e9gance et le style avec notre spectaculaire bague ovale Miranda, une pi\u00e8ce unique con\u00e7ue pour rehausser votre beaut\u00e9 et votre sophistication. Cette bague est fabriqu\u00e9e en argent sterling 925, ce qui garantit sa haute qualit\u00e9 et sa durabilit\u00e9. L\u2019argent sterling 925 est connu pour sa r\u00e9sistance et sa brillance, ce qui garantit que votre bague conservera son aspect impeccable au fil du temps.  <\/p>\n<p>La bague ovale Miranda se distingue par son design innovant et moderne. Avec une forme ovale distinctive et une largeur de 25 mm, cette bague est une v\u00e9ritable d\u00e9claration de style. Sa conception d\u2019\u00e9lectroformage, une technique de fabrication avanc\u00e9e, vous permet de cr\u00e9er des pi\u00e8ces volumineuses mais l\u00e9g\u00e8res, offrant un confort in\u00e9gal\u00e9 lors du port\u00e9. La finition polie lui donne un \u00e9clat \u00e9blouissant qui attirera tous les regards.   <\/p>\n","protected":false},"featured_media":20097,"comment_status":"open","ping_status":"closed","template":"","meta":{"_acf_changed":false,"_joinchat":[]},"product_brand":[],"product_cat":[1855],"product_tag":[],"class_list":{"0":"post-20088","1":"product","2":"type-product","3":"status-publish","4":"has-post-thumbnail","6":"product_cat-bagues-et-bagues","8":"first","9":"instock","10":"shipping-taxable","11":"purchasable","12":"product-type-variable"},"acf":[],"yoast_head":"<!-- This site is optimized with the Yoast SEO plugin v27.2 - https:\/\/yoast.com\/product\/yoast-seo-wordpress\/ -->\n<title>Bague Miranda Ovale - Yasmin<\/title>\n<meta name=\"description\" content=\"Bague ovale Miranda, une pi\u00e8ce unique con\u00e7ue pour rehausser votre beaut\u00e9 et votre sophistication. Cette bague est fabriqu\u00e9e en argent sterling 925. Livraison gratuite.\" \/>\n<meta name=\"robots\" content=\"index, follow, max-snippet:-1, max-image-preview:large, max-video-preview:-1\" \/>\n<link rel=\"canonical\" href=\"https:\/\/joyasyasmin.com\/fr\/producto\/bague-miranda-ovale\/\" \/>\n<meta property=\"og:locale\" content=\"fr_FR\" \/>\n<meta property=\"og:title\" content=\"Bague Miranda Ovale - Yasmin\" \/>\n<meta property=\"og:description\" content=\"Bague ovale Miranda, une pi\u00e8ce unique con\u00e7ue pour rehausser votre beaut\u00e9 et votre sophistication. Cette bague est fabriqu\u00e9e en argent sterling 925. Livraison gratuite.\" \/>\n<meta property=\"og:url\" content=\"https:\/\/joyasyasmin.com\/fr\/producto\/bague-miranda-ovale\/\" \/>\n<meta property=\"og:site_name\" content=\"Yasmin\" \/>\n<meta property=\"article:publisher\" content=\"https:\/\/www.facebook.com\/Joyas-Yasmin-217664058934169\/\" \/>\n<meta property=\"article:modified_time\" content=\"2025-05-13T11:09:39+00:00\" \/>\n<meta property=\"og:image\" content=\"https:\/\/joyasyasmin.com\/wp-content\/uploads\/2024\/07\/anillo-ovalado-miranda.jpg\" \/>\n\t<meta property=\"og:image:width\" content=\"1000\" \/>\n\t<meta property=\"og:image:height\" content=\"1000\" \/>\n\t<meta property=\"og:image:type\" content=\"image\/jpeg\" \/>\n<meta name=\"twitter:card\" content=\"summary_large_image\" \/>\n<script type=\"application\/ld+json\" class=\"yoast-schema-graph\">{\"@context\":\"https:\/\/schema.org\",\"@graph\":[{\"@type\":[\"WebPage\",\"ItemPage\"],\"@id\":\"https:\/\/joyasyasmin.com\/fr\/producto\/bague-miranda-ovale\/\",\"url\":\"https:\/\/joyasyasmin.com\/fr\/producto\/bague-miranda-ovale\/\",\"name\":\"Bague Miranda Ovale - Yasmin\",\"isPartOf\":{\"@id\":\"https:\/\/joyasyasmin.com\/fr\/#website\"},\"primaryImageOfPage\":{\"@id\":\"https:\/\/joyasyasmin.com\/fr\/producto\/bague-miranda-ovale\/#primaryimage\"},\"image\":{\"@id\":\"https:\/\/joyasyasmin.com\/fr\/producto\/bague-miranda-ovale\/#primaryimage\"},\"thumbnailUrl\":\"https:\/\/joyasyasmin.com\/wp-content\/uploads\/2024\/07\/anillo-ovalado-miranda.jpg\",\"datePublished\":\"2024-07-08T21:03:34+00:00\",\"dateModified\":\"2025-05-13T11:09:39+00:00\",\"description\":\"Bague ovale Miranda, une pi\u00e8ce unique con\u00e7ue pour rehausser votre beaut\u00e9 et votre sophistication. Cette bague est fabriqu\u00e9e en argent sterling 925. Livraison gratuite.\",\"breadcrumb\":{\"@id\":\"https:\/\/joyasyasmin.com\/fr\/producto\/bague-miranda-ovale\/#breadcrumb\"},\"inLanguage\":\"fr-FR\",\"potentialAction\":[{\"@type\":\"ReadAction\",\"target\":[\"https:\/\/joyasyasmin.com\/fr\/producto\/bague-miranda-ovale\/\"]}]},{\"@type\":\"ImageObject\",\"inLanguage\":\"fr-FR\",\"@id\":\"https:\/\/joyasyasmin.com\/fr\/producto\/bague-miranda-ovale\/#primaryimage\",\"url\":\"https:\/\/joyasyasmin.com\/wp-content\/uploads\/2024\/07\/anillo-ovalado-miranda.jpg\",\"contentUrl\":\"https:\/\/joyasyasmin.com\/wp-content\/uploads\/2024\/07\/anillo-ovalado-miranda.jpg\",\"width\":1000,\"height\":1000,\"caption\":\"Bague ovale vente \u00e0 la recherche est faite d\u2019argent sterling 925\"},{\"@type\":\"BreadcrumbList\",\"@id\":\"https:\/\/joyasyasmin.com\/fr\/producto\/bague-miranda-ovale\/#breadcrumb\",\"itemListElement\":[{\"@type\":\"ListItem\",\"position\":1,\"name\":\"Portada\",\"item\":\"https:\/\/joyasyasmin.com\/fr\/domicile\/\"},{\"@type\":\"ListItem\",\"position\":2,\"name\":\"Boutique\",\"item\":\"https:\/\/joyasyasmin.com\/fr\/boutique\/\"},{\"@type\":\"ListItem\",\"position\":3,\"name\":\"Bague Miranda Ovale\"}]},{\"@type\":\"WebSite\",\"@id\":\"https:\/\/joyasyasmin.com\/fr\/#website\",\"url\":\"https:\/\/joyasyasmin.com\/fr\/\",\"name\":\"Yasmin\",\"description\":\"Joyer\u00eda de Plata 925 - Pendientes, pulseras, anillos, colgantes y m\u00e1s!\",\"publisher\":{\"@id\":\"https:\/\/joyasyasmin.com\/fr\/#organization\"},\"potentialAction\":[{\"@type\":\"SearchAction\",\"target\":{\"@type\":\"EntryPoint\",\"urlTemplate\":\"https:\/\/joyasyasmin.com\/fr\/?s={search_term_string}\"},\"query-input\":{\"@type\":\"PropertyValueSpecification\",\"valueRequired\":true,\"valueName\":\"search_term_string\"}}],\"inLanguage\":\"fr-FR\"},{\"@type\":\"Organization\",\"@id\":\"https:\/\/joyasyasmin.com\/fr\/#organization\",\"name\":\"joyas yasmin\",\"url\":\"https:\/\/joyasyasmin.com\/fr\/\",\"logo\":{\"@type\":\"ImageObject\",\"inLanguage\":\"fr-FR\",\"@id\":\"https:\/\/joyasyasmin.com\/fr\/#\/schema\/logo\/image\/\",\"url\":\"https:\/\/joyasyasmin.com\/wp-content\/uploads\/2017\/06\/IMG-20200429-WA0051.jpg\",\"contentUrl\":\"https:\/\/joyasyasmin.com\/wp-content\/uploads\/2017\/06\/IMG-20200429-WA0051.jpg\",\"width\":1080,\"height\":545,\"caption\":\"joyas yasmin\"},\"image\":{\"@id\":\"https:\/\/joyasyasmin.com\/fr\/#\/schema\/logo\/image\/\"},\"sameAs\":[\"https:\/\/www.facebook.com\/Joyas-Yasmin-217664058934169\/\",\"https:\/\/www.instagram.com\/invites\/contact\/\"]}]}<\/script>\n<!-- \/ Yoast SEO plugin. -->","yoast_head_json":{"title":"Bague Miranda Ovale - Yasmin","description":"Bague ovale Miranda, une pi\u00e8ce unique con\u00e7ue pour rehausser votre beaut\u00e9 et votre sophistication. Cette bague est fabriqu\u00e9e en argent sterling 925. Livraison gratuite.","robots":{"index":"index","follow":"follow","max-snippet":"max-snippet:-1","max-image-preview":"max-image-preview:large","max-video-preview":"max-video-preview:-1"},"canonical":"https:\/\/joyasyasmin.com\/fr\/producto\/bague-miranda-ovale\/","og_locale":"fr_FR","og_title":"Bague Miranda Ovale - Yasmin","og_description":"Bague ovale Miranda, une pi\u00e8ce unique con\u00e7ue pour rehausser votre beaut\u00e9 et votre sophistication. Cette bague est fabriqu\u00e9e en argent sterling 925. Livraison gratuite.","og_url":"https:\/\/joyasyasmin.com\/fr\/producto\/bague-miranda-ovale\/","og_site_name":"Yasmin","article_publisher":"https:\/\/www.facebook.com\/Joyas-Yasmin-217664058934169\/","article_modified_time":"2025-05-13T11:09:39+00:00","og_image":[{"width":1000,"height":1000,"url":"https:\/\/joyasyasmin.com\/wp-content\/uploads\/2024\/07\/anillo-ovalado-miranda.jpg","type":"image\/jpeg"}],"twitter_card":"summary_large_image","schema":{"@context":"https:\/\/schema.org","@graph":[{"@type":["WebPage","ItemPage"],"@id":"https:\/\/joyasyasmin.com\/fr\/producto\/bague-miranda-ovale\/","url":"https:\/\/joyasyasmin.com\/fr\/producto\/bague-miranda-ovale\/","name":"Bague Miranda Ovale - Yasmin","isPartOf":{"@id":"https:\/\/joyasyasmin.com\/fr\/#website"},"primaryImageOfPage":{"@id":"https:\/\/joyasyasmin.com\/fr\/producto\/bague-miranda-ovale\/#primaryimage"},"image":{"@id":"https:\/\/joyasyasmin.com\/fr\/producto\/bague-miranda-ovale\/#primaryimage"},"thumbnailUrl":"https:\/\/joyasyasmin.com\/wp-content\/uploads\/2024\/07\/anillo-ovalado-miranda.jpg","datePublished":"2024-07-08T21:03:34+00:00","dateModified":"2025-05-13T11:09:39+00:00","description":"Bague ovale Miranda, une pi\u00e8ce unique con\u00e7ue pour rehausser votre beaut\u00e9 et votre sophistication. Cette bague est fabriqu\u00e9e en argent sterling 925. Livraison gratuite.","breadcrumb":{"@id":"https:\/\/joyasyasmin.com\/fr\/producto\/bague-miranda-ovale\/#breadcrumb"},"inLanguage":"fr-FR","potentialAction":[{"@type":"ReadAction","target":["https:\/\/joyasyasmin.com\/fr\/producto\/bague-miranda-ovale\/"]}]},{"@type":"ImageObject","inLanguage":"fr-FR","@id":"https:\/\/joyasyasmin.com\/fr\/producto\/bague-miranda-ovale\/#primaryimage","url":"https:\/\/joyasyasmin.com\/wp-content\/uploads\/2024\/07\/anillo-ovalado-miranda.jpg","contentUrl":"https:\/\/joyasyasmin.com\/wp-content\/uploads\/2024\/07\/anillo-ovalado-miranda.jpg","width":1000,"height":1000,"caption":"Bague ovale vente \u00e0 la recherche est faite d\u2019argent sterling 925"},{"@type":"BreadcrumbList","@id":"https:\/\/joyasyasmin.com\/fr\/producto\/bague-miranda-ovale\/#breadcrumb","itemListElement":[{"@type":"ListItem","position":1,"name":"Portada","item":"https:\/\/joyasyasmin.com\/fr\/domicile\/"},{"@type":"ListItem","position":2,"name":"Boutique","item":"https:\/\/joyasyasmin.com\/fr\/boutique\/"},{"@type":"ListItem","position":3,"name":"Bague Miranda Ovale"}]},{"@type":"WebSite","@id":"https:\/\/joyasyasmin.com\/fr\/#website","url":"https:\/\/joyasyasmin.com\/fr\/","name":"Yasmin","description":"Joyer\u00eda de Plata 925 - Pendientes, pulseras, anillos, colgantes y m\u00e1s!","publisher":{"@id":"https:\/\/joyasyasmin.com\/fr\/#organization"},"potentialAction":[{"@type":"SearchAction","target":{"@type":"EntryPoint","urlTemplate":"https:\/\/joyasyasmin.com\/fr\/?s={search_term_string}"},"query-input":{"@type":"PropertyValueSpecification","valueRequired":true,"valueName":"search_term_string"}}],"inLanguage":"fr-FR"},{"@type":"Organization","@id":"https:\/\/joyasyasmin.com\/fr\/#organization","name":"joyas yasmin","url":"https:\/\/joyasyasmin.com\/fr\/","logo":{"@type":"ImageObject","inLanguage":"fr-FR","@id":"https:\/\/joyasyasmin.com\/fr\/#\/schema\/logo\/image\/","url":"https:\/\/joyasyasmin.com\/wp-content\/uploads\/2017\/06\/IMG-20200429-WA0051.jpg","contentUrl":"https:\/\/joyasyasmin.com\/wp-content\/uploads\/2017\/06\/IMG-20200429-WA0051.jpg","width":1080,"height":545,"caption":"joyas yasmin"},"image":{"@id":"https:\/\/joyasyasmin.com\/fr\/#\/schema\/logo\/image\/"},"sameAs":["https:\/\/www.facebook.com\/Joyas-Yasmin-217664058934169\/","https:\/\/www.instagram.com\/invites\/contact\/"]}]}},"_links":{"self":[{"href":"https:\/\/joyasyasmin.com\/fr\/wp-json\/wp\/v2\/product\/20088","targetHints":{"allow":["GET"]}}],"collection":[{"href":"https:\/\/joyasyasmin.com\/fr\/wp-json\/wp\/v2\/product"}],"about":[{"href":"https:\/\/joyasyasmin.com\/fr\/wp-json\/wp\/v2\/types\/product"}],"replies":[{"embeddable":true,"href":"https:\/\/joyasyasmin.com\/fr\/wp-json\/wp\/v2\/comments?post=20088"}],"version-history":[{"count":1,"href":"https:\/\/joyasyasmin.com\/fr\/wp-json\/wp\/v2\/product\/20088\/revisions"}],"predecessor-version":[{"id":32522,"href":"https:\/\/joyasyasmin.com\/fr\/wp-json\/wp\/v2\/product\/20088\/revisions\/32522"}],"wp:featuredmedia":[{"embeddable":true,"href":"https:\/\/joyasyasmin.com\/fr\/wp-json\/wp\/v2\/media\/20097"}],"wp:attachment":[{"href":"https:\/\/joyasyasmin.com\/fr\/wp-json\/wp\/v2\/media?parent=20088"}],"wp:term":[{"taxonomy":"product_brand","embeddable":true,"href":"https:\/\/joyasyasmin.com\/fr\/wp-json\/wp\/v2\/product_brand?post=20088"},{"taxonomy":"product_cat","embeddable":true,"href":"https:\/\/joyasyasmin.com\/fr\/wp-json\/wp\/v2\/product_cat?post=20088"},{"taxonomy":"product_tag","embeddable":true,"href":"https:\/\/joyasyasmin.com\/fr\/wp-json\/wp\/v2\/product_tag?post=20088"}],"curies":[{"name":"wp","href":"https:\/\/api.w.org\/{rel}","templated":true}]}}