{"id":20165,"date":"2024-07-15T09:49:02","date_gmt":"2024-07-15T09:49:02","guid":{"rendered":"https:\/\/joyasyasmin.com\/producto\/bracelet-rigide-a-trois-boules\/"},"modified":"2025-11-10T11:31:49","modified_gmt":"2025-11-10T11:31:49","slug":"bracelet-rigide-a-trois-boules","status":"publish","type":"product","link":"https:\/\/joyasyasmin.com\/fr\/producto\/bracelet-rigide-a-trois-boules\/","title":{"rendered":"Bracelet rigide \u00e0 trois boules"},"content":{"rendered":"","protected":false},"excerpt":{"rendered":"<p>D\u00e9couvrez l\u2019\u00e9l\u00e9gance et la simplicit\u00e9 de notre bracelet rigide ouvert \u00e0 3 billes en argent 925. Ce bijou exquis pr\u00e9sente un design moderne et minimaliste, parfait pour toutes les occasions. Fabriqu\u00e9 en argent sterling 925, le bracelet assure une durabilit\u00e9 et une brillance durable qui rehausse n\u2019importe quelle tenue.<\/p>\n<p>La structure du bracelet est rigide et ouverte, ce qui le rend facile \u00e0 mettre et \u00e0 ajuster au poignet.<br \/>\nD\u00e9tails de boule de taille diff\u00e9rente&nbsp;: \u00c0 chaque extr\u00e9mit\u00e9 du bracelet se trouvent trois boules d\u2019argent de tailles diff\u00e9rentes, la plus grande boule mesurant 6 mm. Ce design unique ajoute une touche distinctive et \u00e9l\u00e9gante.<\/p>\n<p>Dimensions : Le bracelet a un diam\u00e8tre de 60 mm et une \u00e9paisseur de 2 mm, offrant une combinaison parfaite de d\u00e9licatesse et de robustesse.<br \/>\nMat\u00e9riau : Fabriqu\u00e9 en argent 925 de haute qualit\u00e9, garantissant une r\u00e9sistance et une finition brillante.<\/p>\n","protected":false},"featured_media":20168,"comment_status":"open","ping_status":"closed","template":"","meta":{"_acf_changed":false,"_joinchat":[]},"product_brand":[],"product_cat":[1790],"product_tag":[],"class_list":{"0":"post-20165","1":"product","2":"type-product","3":"status-publish","4":"has-post-thumbnail","6":"product_cat-bracelets","8":"first","9":"instock","10":"shipping-taxable","11":"purchasable","12":"product-type-simple"},"acf":[],"yoast_head":"<!-- This site is optimized with the Yoast SEO plugin v27.2 - https:\/\/yoast.com\/product\/yoast-seo-wordpress\/ -->\n<title>Bracelet rigide \u00e0 trois boules - Yasmin<\/title>\n<meta name=\"description\" content=\"Le bracelet rigide \u00e0 trois boules est un bijou sophistiqu\u00e9 et moderne qui combine un design minimaliste avec des d\u00e9tails \u00e9l\u00e9gants, id\u00e9al pour vos looks.\" \/>\n<meta name=\"robots\" content=\"index, follow, max-snippet:-1, max-image-preview:large, max-video-preview:-1\" \/>\n<link rel=\"canonical\" href=\"https:\/\/joyasyasmin.com\/fr\/producto\/bracelet-rigide-a-trois-boules\/\" \/>\n<meta property=\"og:locale\" content=\"fr_FR\" \/>\n<meta property=\"og:title\" content=\"Bracelet rigide \u00e0 trois boules - Yasmin\" \/>\n<meta property=\"og:description\" content=\"Le bracelet rigide \u00e0 trois boules est un bijou sophistiqu\u00e9 et moderne qui combine un design minimaliste avec des d\u00e9tails \u00e9l\u00e9gants, id\u00e9al pour vos looks.\" \/>\n<meta property=\"og:url\" content=\"https:\/\/joyasyasmin.com\/fr\/producto\/bracelet-rigide-a-trois-boules\/\" \/>\n<meta property=\"og:site_name\" content=\"Yasmin\" \/>\n<meta property=\"article:publisher\" content=\"https:\/\/www.facebook.com\/Joyas-Yasmin-217664058934169\/\" \/>\n<meta property=\"article:modified_time\" content=\"2025-11-10T11:31:49+00:00\" \/>\n<meta property=\"og:image\" content=\"https:\/\/joyasyasmin.com\/wp-content\/uploads\/2024\/07\/pulsera-rigida-bolas-de-plata.jpg\" \/>\n\t<meta property=\"og:image:width\" content=\"1000\" \/>\n\t<meta property=\"og:image:height\" content=\"1000\" \/>\n\t<meta property=\"og:image:type\" content=\"image\/jpeg\" \/>\n<meta name=\"twitter:card\" content=\"summary_large_image\" \/>\n<script type=\"application\/ld+json\" class=\"yoast-schema-graph\">{\"@context\":\"https:\/\/schema.org\",\"@graph\":[{\"@type\":[\"WebPage\",\"ItemPage\"],\"@id\":\"https:\/\/joyasyasmin.com\/fr\/producto\/bracelet-rigide-a-trois-boules\/\",\"url\":\"https:\/\/joyasyasmin.com\/fr\/producto\/bracelet-rigide-a-trois-boules\/\",\"name\":\"Bracelet rigide \u00e0 trois boules - Yasmin\",\"isPartOf\":{\"@id\":\"https:\/\/joyasyasmin.com\/fr\/#website\"},\"primaryImageOfPage\":{\"@id\":\"https:\/\/joyasyasmin.com\/fr\/producto\/bracelet-rigide-a-trois-boules\/#primaryimage\"},\"image\":{\"@id\":\"https:\/\/joyasyasmin.com\/fr\/producto\/bracelet-rigide-a-trois-boules\/#primaryimage\"},\"thumbnailUrl\":\"https:\/\/joyasyasmin.com\/wp-content\/uploads\/2024\/07\/pulsera-rigida-bolas-de-plata.jpg\",\"datePublished\":\"2024-07-15T09:49:02+00:00\",\"dateModified\":\"2025-11-10T11:31:49+00:00\",\"description\":\"Le bracelet rigide \u00e0 trois boules est un bijou sophistiqu\u00e9 et moderne qui combine un design minimaliste avec des d\u00e9tails \u00e9l\u00e9gants, id\u00e9al pour vos looks.\",\"breadcrumb\":{\"@id\":\"https:\/\/joyasyasmin.com\/fr\/producto\/bracelet-rigide-a-trois-boules\/#breadcrumb\"},\"inLanguage\":\"fr-FR\",\"potentialAction\":[{\"@type\":\"ReadAction\",\"target\":[\"https:\/\/joyasyasmin.com\/fr\/producto\/bracelet-rigide-a-trois-boules\/\"]}]},{\"@type\":\"ImageObject\",\"inLanguage\":\"fr-FR\",\"@id\":\"https:\/\/joyasyasmin.com\/fr\/producto\/bracelet-rigide-a-trois-boules\/#primaryimage\",\"url\":\"https:\/\/joyasyasmin.com\/wp-content\/uploads\/2024\/07\/pulsera-rigida-bolas-de-plata.jpg\",\"contentUrl\":\"https:\/\/joyasyasmin.com\/wp-content\/uploads\/2024\/07\/pulsera-rigida-bolas-de-plata.jpg\",\"width\":1000,\"height\":1000,\"caption\":\"Bracelet rigide \u00e0 trois boules en argent sterling 925 \u00e0 vendre\"},{\"@type\":\"BreadcrumbList\",\"@id\":\"https:\/\/joyasyasmin.com\/fr\/producto\/bracelet-rigide-a-trois-boules\/#breadcrumb\",\"itemListElement\":[{\"@type\":\"ListItem\",\"position\":1,\"name\":\"Portada\",\"item\":\"https:\/\/joyasyasmin.com\/fr\/domicile\/\"},{\"@type\":\"ListItem\",\"position\":2,\"name\":\"Boutique\",\"item\":\"https:\/\/joyasyasmin.com\/fr\/boutique\/\"},{\"@type\":\"ListItem\",\"position\":3,\"name\":\"Bracelet rigide \u00e0 trois boules\"}]},{\"@type\":\"WebSite\",\"@id\":\"https:\/\/joyasyasmin.com\/fr\/#website\",\"url\":\"https:\/\/joyasyasmin.com\/fr\/\",\"name\":\"Yasmin\",\"description\":\"Joyer\u00eda de Plata 925 - Pendientes, pulseras, anillos, colgantes y m\u00e1s!\",\"publisher\":{\"@id\":\"https:\/\/joyasyasmin.com\/fr\/#organization\"},\"potentialAction\":[{\"@type\":\"SearchAction\",\"target\":{\"@type\":\"EntryPoint\",\"urlTemplate\":\"https:\/\/joyasyasmin.com\/fr\/?s={search_term_string}\"},\"query-input\":{\"@type\":\"PropertyValueSpecification\",\"valueRequired\":true,\"valueName\":\"search_term_string\"}}],\"inLanguage\":\"fr-FR\"},{\"@type\":\"Organization\",\"@id\":\"https:\/\/joyasyasmin.com\/fr\/#organization\",\"name\":\"joyas yasmin\",\"url\":\"https:\/\/joyasyasmin.com\/fr\/\",\"logo\":{\"@type\":\"ImageObject\",\"inLanguage\":\"fr-FR\",\"@id\":\"https:\/\/joyasyasmin.com\/fr\/#\/schema\/logo\/image\/\",\"url\":\"https:\/\/joyasyasmin.com\/wp-content\/uploads\/2017\/06\/IMG-20200429-WA0051.jpg\",\"contentUrl\":\"https:\/\/joyasyasmin.com\/wp-content\/uploads\/2017\/06\/IMG-20200429-WA0051.jpg\",\"width\":1080,\"height\":545,\"caption\":\"joyas yasmin\"},\"image\":{\"@id\":\"https:\/\/joyasyasmin.com\/fr\/#\/schema\/logo\/image\/\"},\"sameAs\":[\"https:\/\/www.facebook.com\/Joyas-Yasmin-217664058934169\/\",\"https:\/\/www.instagram.com\/invites\/contact\/\"]}]}<\/script>\n<!-- \/ Yoast SEO plugin. -->","yoast_head_json":{"title":"Bracelet rigide \u00e0 trois boules - Yasmin","description":"Le bracelet rigide \u00e0 trois boules est un bijou sophistiqu\u00e9 et moderne qui combine un design minimaliste avec des d\u00e9tails \u00e9l\u00e9gants, id\u00e9al pour vos looks.","robots":{"index":"index","follow":"follow","max-snippet":"max-snippet:-1","max-image-preview":"max-image-preview:large","max-video-preview":"max-video-preview:-1"},"canonical":"https:\/\/joyasyasmin.com\/fr\/producto\/bracelet-rigide-a-trois-boules\/","og_locale":"fr_FR","og_title":"Bracelet rigide \u00e0 trois boules - Yasmin","og_description":"Le bracelet rigide \u00e0 trois boules est un bijou sophistiqu\u00e9 et moderne qui combine un design minimaliste avec des d\u00e9tails \u00e9l\u00e9gants, id\u00e9al pour vos looks.","og_url":"https:\/\/joyasyasmin.com\/fr\/producto\/bracelet-rigide-a-trois-boules\/","og_site_name":"Yasmin","article_publisher":"https:\/\/www.facebook.com\/Joyas-Yasmin-217664058934169\/","article_modified_time":"2025-11-10T11:31:49+00:00","og_image":[{"width":1000,"height":1000,"url":"https:\/\/joyasyasmin.com\/wp-content\/uploads\/2024\/07\/pulsera-rigida-bolas-de-plata.jpg","type":"image\/jpeg"}],"twitter_card":"summary_large_image","schema":{"@context":"https:\/\/schema.org","@graph":[{"@type":["WebPage","ItemPage"],"@id":"https:\/\/joyasyasmin.com\/fr\/producto\/bracelet-rigide-a-trois-boules\/","url":"https:\/\/joyasyasmin.com\/fr\/producto\/bracelet-rigide-a-trois-boules\/","name":"Bracelet rigide \u00e0 trois boules - Yasmin","isPartOf":{"@id":"https:\/\/joyasyasmin.com\/fr\/#website"},"primaryImageOfPage":{"@id":"https:\/\/joyasyasmin.com\/fr\/producto\/bracelet-rigide-a-trois-boules\/#primaryimage"},"image":{"@id":"https:\/\/joyasyasmin.com\/fr\/producto\/bracelet-rigide-a-trois-boules\/#primaryimage"},"thumbnailUrl":"https:\/\/joyasyasmin.com\/wp-content\/uploads\/2024\/07\/pulsera-rigida-bolas-de-plata.jpg","datePublished":"2024-07-15T09:49:02+00:00","dateModified":"2025-11-10T11:31:49+00:00","description":"Le bracelet rigide \u00e0 trois boules est un bijou sophistiqu\u00e9 et moderne qui combine un design minimaliste avec des d\u00e9tails \u00e9l\u00e9gants, id\u00e9al pour vos looks.","breadcrumb":{"@id":"https:\/\/joyasyasmin.com\/fr\/producto\/bracelet-rigide-a-trois-boules\/#breadcrumb"},"inLanguage":"fr-FR","potentialAction":[{"@type":"ReadAction","target":["https:\/\/joyasyasmin.com\/fr\/producto\/bracelet-rigide-a-trois-boules\/"]}]},{"@type":"ImageObject","inLanguage":"fr-FR","@id":"https:\/\/joyasyasmin.com\/fr\/producto\/bracelet-rigide-a-trois-boules\/#primaryimage","url":"https:\/\/joyasyasmin.com\/wp-content\/uploads\/2024\/07\/pulsera-rigida-bolas-de-plata.jpg","contentUrl":"https:\/\/joyasyasmin.com\/wp-content\/uploads\/2024\/07\/pulsera-rigida-bolas-de-plata.jpg","width":1000,"height":1000,"caption":"Bracelet rigide \u00e0 trois boules en argent sterling 925 \u00e0 vendre"},{"@type":"BreadcrumbList","@id":"https:\/\/joyasyasmin.com\/fr\/producto\/bracelet-rigide-a-trois-boules\/#breadcrumb","itemListElement":[{"@type":"ListItem","position":1,"name":"Portada","item":"https:\/\/joyasyasmin.com\/fr\/domicile\/"},{"@type":"ListItem","position":2,"name":"Boutique","item":"https:\/\/joyasyasmin.com\/fr\/boutique\/"},{"@type":"ListItem","position":3,"name":"Bracelet rigide \u00e0 trois boules"}]},{"@type":"WebSite","@id":"https:\/\/joyasyasmin.com\/fr\/#website","url":"https:\/\/joyasyasmin.com\/fr\/","name":"Yasmin","description":"Joyer\u00eda de Plata 925 - Pendientes, pulseras, anillos, colgantes y m\u00e1s!","publisher":{"@id":"https:\/\/joyasyasmin.com\/fr\/#organization"},"potentialAction":[{"@type":"SearchAction","target":{"@type":"EntryPoint","urlTemplate":"https:\/\/joyasyasmin.com\/fr\/?s={search_term_string}"},"query-input":{"@type":"PropertyValueSpecification","valueRequired":true,"valueName":"search_term_string"}}],"inLanguage":"fr-FR"},{"@type":"Organization","@id":"https:\/\/joyasyasmin.com\/fr\/#organization","name":"joyas yasmin","url":"https:\/\/joyasyasmin.com\/fr\/","logo":{"@type":"ImageObject","inLanguage":"fr-FR","@id":"https:\/\/joyasyasmin.com\/fr\/#\/schema\/logo\/image\/","url":"https:\/\/joyasyasmin.com\/wp-content\/uploads\/2017\/06\/IMG-20200429-WA0051.jpg","contentUrl":"https:\/\/joyasyasmin.com\/wp-content\/uploads\/2017\/06\/IMG-20200429-WA0051.jpg","width":1080,"height":545,"caption":"joyas yasmin"},"image":{"@id":"https:\/\/joyasyasmin.com\/fr\/#\/schema\/logo\/image\/"},"sameAs":["https:\/\/www.facebook.com\/Joyas-Yasmin-217664058934169\/","https:\/\/www.instagram.com\/invites\/contact\/"]}]}},"_links":{"self":[{"href":"https:\/\/joyasyasmin.com\/fr\/wp-json\/wp\/v2\/product\/20165","targetHints":{"allow":["GET"]}}],"collection":[{"href":"https:\/\/joyasyasmin.com\/fr\/wp-json\/wp\/v2\/product"}],"about":[{"href":"https:\/\/joyasyasmin.com\/fr\/wp-json\/wp\/v2\/types\/product"}],"replies":[{"embeddable":true,"href":"https:\/\/joyasyasmin.com\/fr\/wp-json\/wp\/v2\/comments?post=20165"}],"version-history":[{"count":1,"href":"https:\/\/joyasyasmin.com\/fr\/wp-json\/wp\/v2\/product\/20165\/revisions"}],"predecessor-version":[{"id":35775,"href":"https:\/\/joyasyasmin.com\/fr\/wp-json\/wp\/v2\/product\/20165\/revisions\/35775"}],"wp:featuredmedia":[{"embeddable":true,"href":"https:\/\/joyasyasmin.com\/fr\/wp-json\/wp\/v2\/media\/20168"}],"wp:attachment":[{"href":"https:\/\/joyasyasmin.com\/fr\/wp-json\/wp\/v2\/media?parent=20165"}],"wp:term":[{"taxonomy":"product_brand","embeddable":true,"href":"https:\/\/joyasyasmin.com\/fr\/wp-json\/wp\/v2\/product_brand?post=20165"},{"taxonomy":"product_cat","embeddable":true,"href":"https:\/\/joyasyasmin.com\/fr\/wp-json\/wp\/v2\/product_cat?post=20165"},{"taxonomy":"product_tag","embeddable":true,"href":"https:\/\/joyasyasmin.com\/fr\/wp-json\/wp\/v2\/product_tag?post=20165"}],"curies":[{"name":"wp","href":"https:\/\/api.w.org\/{rel}","templated":true}]}}