{"id":20237,"date":"2024-06-24T20:19:13","date_gmt":"2024-06-24T20:19:13","guid":{"rendered":"https:\/\/joyasyasmin.com\/producto\/virgen-del-carmen-bracelet\/"},"modified":"2025-11-10T11:31:40","modified_gmt":"2025-11-10T11:31:40","slug":"virgen-del-carmen-bracelet","status":"publish","type":"product","link":"https:\/\/joyasyasmin.com\/fr\/producto\/virgen-del-carmen-bracelet\/","title":{"rendered":"Virgen del Carmen Bracelet"},"content":{"rendered":"","protected":false},"excerpt":{"rendered":"<p>Le bracelet montr\u00e9 sur l\u2019image est un bijou d\u00e9licat et \u00e9l\u00e9gant en argent sterling 925. Il pr\u00e9sente un design sophistiqu\u00e9 avec des perles argent\u00e9es mesurant 4 mm, entrecoup\u00e9es de petites perles de diff\u00e9rentes couleurs qui ajoutent une touche de dynamisme et de couleur \u00e0 la pi\u00e8ce. La longueur du bracelet est de 17 cm, avec une extension suppl\u00e9mentaire de 3 cm qui permet d\u2019ajuster la taille selon les pr\u00e9f\u00e9rences de l\u2019utilisateur, assurant un ajustement confortable et s\u00fbr.<\/p>\n<p>Un d\u00e9tail distinctif de ce bracelet est la m\u00e9daille pendentif, qui mesure 15 mm et est \u00e9galement en argent sterling 925. La m\u00e9daille semble repr\u00e9senter une figure religieuse, plus pr\u00e9cis\u00e9ment la Vierge du Carmen, ce qui lui donne une signification particuli\u00e8re et symbolique, id\u00e9ale pour ceux qui recherchent une connexion spirituelle dans leurs accessoires.<\/p>\n","protected":false},"featured_media":20238,"comment_status":"open","ping_status":"closed","template":"","meta":{"_acf_changed":false,"_joinchat":[]},"product_brand":[],"product_cat":[1790],"product_tag":[],"class_list":{"0":"post-20237","1":"product","2":"type-product","3":"status-publish","4":"has-post-thumbnail","6":"product_cat-bracelets","8":"first","9":"instock","10":"shipping-taxable","11":"purchasable","12":"product-type-simple"},"acf":[],"yoast_head":"<!-- This site is optimized with the Yoast SEO plugin v27.2 - https:\/\/yoast.com\/product\/yoast-seo-wordpress\/ -->\n<title>Virgen del Carmen Bracelet - Yasmin<\/title>\n<meta name=\"description\" content=\"Le bracelet de la Virgen del Carmen est une pi\u00e8ce qui refl\u00e8te sa beaut\u00e9 ainsi que sa signification spirituelle. C\u2019est un bijou d\u00e9licat et \u00e9l\u00e9gant. Argent sterling 925.\" \/>\n<meta name=\"robots\" content=\"index, follow, max-snippet:-1, max-image-preview:large, max-video-preview:-1\" \/>\n<link rel=\"canonical\" href=\"https:\/\/joyasyasmin.com\/fr\/producto\/virgen-del-carmen-bracelet\/\" \/>\n<meta property=\"og:locale\" content=\"fr_FR\" \/>\n<meta property=\"og:title\" content=\"Virgen del Carmen Bracelet - Yasmin\" \/>\n<meta property=\"og:description\" content=\"Le bracelet de la Virgen del Carmen est une pi\u00e8ce qui refl\u00e8te sa beaut\u00e9 ainsi que sa signification spirituelle. C\u2019est un bijou d\u00e9licat et \u00e9l\u00e9gant. Argent sterling 925.\" \/>\n<meta property=\"og:url\" content=\"https:\/\/joyasyasmin.com\/fr\/producto\/virgen-del-carmen-bracelet\/\" \/>\n<meta property=\"og:site_name\" content=\"Yasmin\" \/>\n<meta property=\"article:publisher\" content=\"https:\/\/www.facebook.com\/Joyas-Yasmin-217664058934169\/\" \/>\n<meta property=\"article:modified_time\" content=\"2025-11-10T11:31:40+00:00\" \/>\n<meta property=\"og:image\" content=\"https:\/\/joyasyasmin.com\/wp-content\/uploads\/2024\/06\/Pulsera-Virgen-del-Carmen.jpg\" \/>\n\t<meta property=\"og:image:width\" content=\"1000\" \/>\n\t<meta property=\"og:image:height\" content=\"1000\" \/>\n\t<meta property=\"og:image:type\" content=\"image\/jpeg\" \/>\n<meta name=\"twitter:card\" content=\"summary_large_image\" \/>\n<script type=\"application\/ld+json\" class=\"yoast-schema-graph\">{\"@context\":\"https:\/\/schema.org\",\"@graph\":[{\"@type\":[\"WebPage\",\"ItemPage\"],\"@id\":\"https:\/\/joyasyasmin.com\/fr\/producto\/virgen-del-carmen-bracelet\/\",\"url\":\"https:\/\/joyasyasmin.com\/fr\/producto\/virgen-del-carmen-bracelet\/\",\"name\":\"Virgen del Carmen Bracelet - Yasmin\",\"isPartOf\":{\"@id\":\"https:\/\/joyasyasmin.com\/fr\/#website\"},\"primaryImageOfPage\":{\"@id\":\"https:\/\/joyasyasmin.com\/fr\/producto\/virgen-del-carmen-bracelet\/#primaryimage\"},\"image\":{\"@id\":\"https:\/\/joyasyasmin.com\/fr\/producto\/virgen-del-carmen-bracelet\/#primaryimage\"},\"thumbnailUrl\":\"https:\/\/joyasyasmin.com\/wp-content\/uploads\/2024\/06\/Pulsera-Virgen-del-Carmen.jpg\",\"datePublished\":\"2024-06-24T20:19:13+00:00\",\"dateModified\":\"2025-11-10T11:31:40+00:00\",\"description\":\"Le bracelet de la Virgen del Carmen est une pi\u00e8ce qui refl\u00e8te sa beaut\u00e9 ainsi que sa signification spirituelle. C\u2019est un bijou d\u00e9licat et \u00e9l\u00e9gant. Argent sterling 925.\",\"breadcrumb\":{\"@id\":\"https:\/\/joyasyasmin.com\/fr\/producto\/virgen-del-carmen-bracelet\/#breadcrumb\"},\"inLanguage\":\"fr-FR\",\"potentialAction\":[{\"@type\":\"ReadAction\",\"target\":[\"https:\/\/joyasyasmin.com\/fr\/producto\/virgen-del-carmen-bracelet\/\"]}]},{\"@type\":\"ImageObject\",\"inLanguage\":\"fr-FR\",\"@id\":\"https:\/\/joyasyasmin.com\/fr\/producto\/virgen-del-carmen-bracelet\/#primaryimage\",\"url\":\"https:\/\/joyasyasmin.com\/wp-content\/uploads\/2024\/06\/Pulsera-Virgen-del-Carmen.jpg\",\"contentUrl\":\"https:\/\/joyasyasmin.com\/wp-content\/uploads\/2024\/06\/Pulsera-Virgen-del-Carmen.jpg\",\"width\":1000,\"height\":1000,\"caption\":\"Vente de Bracelet en argent sterling Virgen del Carmen 925\"},{\"@type\":\"BreadcrumbList\",\"@id\":\"https:\/\/joyasyasmin.com\/fr\/producto\/virgen-del-carmen-bracelet\/#breadcrumb\",\"itemListElement\":[{\"@type\":\"ListItem\",\"position\":1,\"name\":\"Portada\",\"item\":\"https:\/\/joyasyasmin.com\/fr\/domicile\/\"},{\"@type\":\"ListItem\",\"position\":2,\"name\":\"Boutique\",\"item\":\"https:\/\/joyasyasmin.com\/fr\/boutique\/\"},{\"@type\":\"ListItem\",\"position\":3,\"name\":\"Virgen del Carmen Bracelet\"}]},{\"@type\":\"WebSite\",\"@id\":\"https:\/\/joyasyasmin.com\/fr\/#website\",\"url\":\"https:\/\/joyasyasmin.com\/fr\/\",\"name\":\"Yasmin\",\"description\":\"Joyer\u00eda de Plata 925 - Pendientes, pulseras, anillos, colgantes y m\u00e1s!\",\"publisher\":{\"@id\":\"https:\/\/joyasyasmin.com\/fr\/#organization\"},\"potentialAction\":[{\"@type\":\"SearchAction\",\"target\":{\"@type\":\"EntryPoint\",\"urlTemplate\":\"https:\/\/joyasyasmin.com\/fr\/?s={search_term_string}\"},\"query-input\":{\"@type\":\"PropertyValueSpecification\",\"valueRequired\":true,\"valueName\":\"search_term_string\"}}],\"inLanguage\":\"fr-FR\"},{\"@type\":\"Organization\",\"@id\":\"https:\/\/joyasyasmin.com\/fr\/#organization\",\"name\":\"joyas yasmin\",\"url\":\"https:\/\/joyasyasmin.com\/fr\/\",\"logo\":{\"@type\":\"ImageObject\",\"inLanguage\":\"fr-FR\",\"@id\":\"https:\/\/joyasyasmin.com\/fr\/#\/schema\/logo\/image\/\",\"url\":\"https:\/\/joyasyasmin.com\/wp-content\/uploads\/2017\/06\/IMG-20200429-WA0051.jpg\",\"contentUrl\":\"https:\/\/joyasyasmin.com\/wp-content\/uploads\/2017\/06\/IMG-20200429-WA0051.jpg\",\"width\":1080,\"height\":545,\"caption\":\"joyas yasmin\"},\"image\":{\"@id\":\"https:\/\/joyasyasmin.com\/fr\/#\/schema\/logo\/image\/\"},\"sameAs\":[\"https:\/\/www.facebook.com\/Joyas-Yasmin-217664058934169\/\",\"https:\/\/www.instagram.com\/invites\/contact\/\"]}]}<\/script>\n<!-- \/ Yoast SEO plugin. -->","yoast_head_json":{"title":"Virgen del Carmen Bracelet - Yasmin","description":"Le bracelet de la Virgen del Carmen est une pi\u00e8ce qui refl\u00e8te sa beaut\u00e9 ainsi que sa signification spirituelle. C\u2019est un bijou d\u00e9licat et \u00e9l\u00e9gant. Argent sterling 925.","robots":{"index":"index","follow":"follow","max-snippet":"max-snippet:-1","max-image-preview":"max-image-preview:large","max-video-preview":"max-video-preview:-1"},"canonical":"https:\/\/joyasyasmin.com\/fr\/producto\/virgen-del-carmen-bracelet\/","og_locale":"fr_FR","og_title":"Virgen del Carmen Bracelet - Yasmin","og_description":"Le bracelet de la Virgen del Carmen est une pi\u00e8ce qui refl\u00e8te sa beaut\u00e9 ainsi que sa signification spirituelle. C\u2019est un bijou d\u00e9licat et \u00e9l\u00e9gant. Argent sterling 925.","og_url":"https:\/\/joyasyasmin.com\/fr\/producto\/virgen-del-carmen-bracelet\/","og_site_name":"Yasmin","article_publisher":"https:\/\/www.facebook.com\/Joyas-Yasmin-217664058934169\/","article_modified_time":"2025-11-10T11:31:40+00:00","og_image":[{"width":1000,"height":1000,"url":"https:\/\/joyasyasmin.com\/wp-content\/uploads\/2024\/06\/Pulsera-Virgen-del-Carmen.jpg","type":"image\/jpeg"}],"twitter_card":"summary_large_image","schema":{"@context":"https:\/\/schema.org","@graph":[{"@type":["WebPage","ItemPage"],"@id":"https:\/\/joyasyasmin.com\/fr\/producto\/virgen-del-carmen-bracelet\/","url":"https:\/\/joyasyasmin.com\/fr\/producto\/virgen-del-carmen-bracelet\/","name":"Virgen del Carmen Bracelet - Yasmin","isPartOf":{"@id":"https:\/\/joyasyasmin.com\/fr\/#website"},"primaryImageOfPage":{"@id":"https:\/\/joyasyasmin.com\/fr\/producto\/virgen-del-carmen-bracelet\/#primaryimage"},"image":{"@id":"https:\/\/joyasyasmin.com\/fr\/producto\/virgen-del-carmen-bracelet\/#primaryimage"},"thumbnailUrl":"https:\/\/joyasyasmin.com\/wp-content\/uploads\/2024\/06\/Pulsera-Virgen-del-Carmen.jpg","datePublished":"2024-06-24T20:19:13+00:00","dateModified":"2025-11-10T11:31:40+00:00","description":"Le bracelet de la Virgen del Carmen est une pi\u00e8ce qui refl\u00e8te sa beaut\u00e9 ainsi que sa signification spirituelle. C\u2019est un bijou d\u00e9licat et \u00e9l\u00e9gant. Argent sterling 925.","breadcrumb":{"@id":"https:\/\/joyasyasmin.com\/fr\/producto\/virgen-del-carmen-bracelet\/#breadcrumb"},"inLanguage":"fr-FR","potentialAction":[{"@type":"ReadAction","target":["https:\/\/joyasyasmin.com\/fr\/producto\/virgen-del-carmen-bracelet\/"]}]},{"@type":"ImageObject","inLanguage":"fr-FR","@id":"https:\/\/joyasyasmin.com\/fr\/producto\/virgen-del-carmen-bracelet\/#primaryimage","url":"https:\/\/joyasyasmin.com\/wp-content\/uploads\/2024\/06\/Pulsera-Virgen-del-Carmen.jpg","contentUrl":"https:\/\/joyasyasmin.com\/wp-content\/uploads\/2024\/06\/Pulsera-Virgen-del-Carmen.jpg","width":1000,"height":1000,"caption":"Vente de Bracelet en argent sterling Virgen del Carmen 925"},{"@type":"BreadcrumbList","@id":"https:\/\/joyasyasmin.com\/fr\/producto\/virgen-del-carmen-bracelet\/#breadcrumb","itemListElement":[{"@type":"ListItem","position":1,"name":"Portada","item":"https:\/\/joyasyasmin.com\/fr\/domicile\/"},{"@type":"ListItem","position":2,"name":"Boutique","item":"https:\/\/joyasyasmin.com\/fr\/boutique\/"},{"@type":"ListItem","position":3,"name":"Virgen del Carmen Bracelet"}]},{"@type":"WebSite","@id":"https:\/\/joyasyasmin.com\/fr\/#website","url":"https:\/\/joyasyasmin.com\/fr\/","name":"Yasmin","description":"Joyer\u00eda de Plata 925 - Pendientes, pulseras, anillos, colgantes y m\u00e1s!","publisher":{"@id":"https:\/\/joyasyasmin.com\/fr\/#organization"},"potentialAction":[{"@type":"SearchAction","target":{"@type":"EntryPoint","urlTemplate":"https:\/\/joyasyasmin.com\/fr\/?s={search_term_string}"},"query-input":{"@type":"PropertyValueSpecification","valueRequired":true,"valueName":"search_term_string"}}],"inLanguage":"fr-FR"},{"@type":"Organization","@id":"https:\/\/joyasyasmin.com\/fr\/#organization","name":"joyas yasmin","url":"https:\/\/joyasyasmin.com\/fr\/","logo":{"@type":"ImageObject","inLanguage":"fr-FR","@id":"https:\/\/joyasyasmin.com\/fr\/#\/schema\/logo\/image\/","url":"https:\/\/joyasyasmin.com\/wp-content\/uploads\/2017\/06\/IMG-20200429-WA0051.jpg","contentUrl":"https:\/\/joyasyasmin.com\/wp-content\/uploads\/2017\/06\/IMG-20200429-WA0051.jpg","width":1080,"height":545,"caption":"joyas yasmin"},"image":{"@id":"https:\/\/joyasyasmin.com\/fr\/#\/schema\/logo\/image\/"},"sameAs":["https:\/\/www.facebook.com\/Joyas-Yasmin-217664058934169\/","https:\/\/www.instagram.com\/invites\/contact\/"]}]}},"_links":{"self":[{"href":"https:\/\/joyasyasmin.com\/fr\/wp-json\/wp\/v2\/product\/20237","targetHints":{"allow":["GET"]}}],"collection":[{"href":"https:\/\/joyasyasmin.com\/fr\/wp-json\/wp\/v2\/product"}],"about":[{"href":"https:\/\/joyasyasmin.com\/fr\/wp-json\/wp\/v2\/types\/product"}],"replies":[{"embeddable":true,"href":"https:\/\/joyasyasmin.com\/fr\/wp-json\/wp\/v2\/comments?post=20237"}],"version-history":[{"count":1,"href":"https:\/\/joyasyasmin.com\/fr\/wp-json\/wp\/v2\/product\/20237\/revisions"}],"predecessor-version":[{"id":35768,"href":"https:\/\/joyasyasmin.com\/fr\/wp-json\/wp\/v2\/product\/20237\/revisions\/35768"}],"wp:featuredmedia":[{"embeddable":true,"href":"https:\/\/joyasyasmin.com\/fr\/wp-json\/wp\/v2\/media\/20238"}],"wp:attachment":[{"href":"https:\/\/joyasyasmin.com\/fr\/wp-json\/wp\/v2\/media?parent=20237"}],"wp:term":[{"taxonomy":"product_brand","embeddable":true,"href":"https:\/\/joyasyasmin.com\/fr\/wp-json\/wp\/v2\/product_brand?post=20237"},{"taxonomy":"product_cat","embeddable":true,"href":"https:\/\/joyasyasmin.com\/fr\/wp-json\/wp\/v2\/product_cat?post=20237"},{"taxonomy":"product_tag","embeddable":true,"href":"https:\/\/joyasyasmin.com\/fr\/wp-json\/wp\/v2\/product_tag?post=20237"}],"curies":[{"name":"wp","href":"https:\/\/api.w.org\/{rel}","templated":true}]}}