{"id":20359,"date":"2024-07-24T19:43:50","date_gmt":"2024-07-24T19:43:50","guid":{"rendered":"https:\/\/joyasyasmin.com\/producto\/tour-de-cou-a-chaine-mince\/"},"modified":"2025-11-10T11:31:56","modified_gmt":"2025-11-10T11:31:56","slug":"tour-de-cou-a-chaine-mince","status":"publish","type":"product","link":"https:\/\/joyasyasmin.com\/fr\/producto\/tour-de-cou-a-chaine-mince\/","title":{"rendered":"Tour de cou \u00e0 cha\u00eene mince"},"content":{"rendered":"","protected":false},"excerpt":{"rendered":"<p>Ajoutez une touche d\u2019\u00e9l\u00e9gance et de sens \u00e0 votre look avec notre ras de cou en cha\u00eene mince avec goutte, parfait pour toutes les occasions. Ce bijou d\u00e9licat, fabriqu\u00e9 en argent sterling 925, est dot\u00e9 d\u2019un pendentif en forme de goutte disponible en trois pierres pr\u00e9cieuses : l\u2019am\u00e9thyste, le quartz vert et l\u2019\u0153il de tigre. La cha\u00eene de 45 cm comprend un fermoir coulissant qui vous permet d\u2019ajuster la longueur pour obtenir le style souhait\u00e9.  <\/p>\n<p><strong>Caract\u00e9ristiques du pendentif :<\/strong><\/p>\n<ul>\n<li><strong>Am\u00e9thyste:<\/strong> Connue pour sa capacit\u00e9 \u00e0 calmer l\u2019esprit et \u00e0 favoriser la paix int\u00e9rieure, l\u2019am\u00e9thyste est une pierre de protection et de spiritualit\u00e9. Sa couleur violette vibrante ajoute une touche de sophistication et de s\u00e9r\u00e9nit\u00e9. <\/li>\n<li><strong>Quartz vert :<\/strong> Ce cristal est associ\u00e9 \u00e0 la sant\u00e9 et \u00e0 l\u2019\u00e9quilibre \u00e9motionnel. On dit que le quartz vert favorise l\u2019harmonie et le bien-\u00eatre g\u00e9n\u00e9ral, \u00e9tant un talisman de prosp\u00e9rit\u00e9 et de croissance. <\/li>\n<li><strong>Oeil de tigre :<\/strong> Pierre de force et de courage, l\u2019\u0153il de tigre est c\u00e9l\u00e8bre pour sa capacit\u00e9 \u00e0 renforcer la confiance et \u00e0 prot\u00e9ger contre la n\u00e9gativit\u00e9. Son motif brun dor\u00e9 distinctif est \u00e0 la fois puissant et captivant. <\/li>\n<\/ul>\n<p><strong>Sp\u00e9cifications du produit&nbsp;:<\/strong><\/p>\n<ul>\n<li><strong>Mat\u00e9riel:<\/strong> Argent sterling 925<\/li>\n<li><strong>Longueur de la cha\u00eene :<\/strong> 45 cm r\u00e9glable<\/li>\n<li><strong>Taille du pendentif :<\/strong> 18 mm de long x 10 mm de large<\/li>\n<li><strong>Type de fermoir :<\/strong> Glissi\u00e8re r\u00e9glable<\/li>\n<\/ul>\n","protected":false},"featured_media":20366,"comment_status":"open","ping_status":"closed","template":"","meta":{"_acf_changed":false,"_joinchat":[]},"product_brand":[],"product_cat":[1870],"product_tag":[],"class_list":{"0":"post-20359","1":"product","2":"type-product","3":"status-publish","4":"has-post-thumbnail","6":"product_cat-colliers-fr","8":"first","9":"instock","10":"shipping-taxable","11":"purchasable","12":"product-type-variable"},"acf":[],"yoast_head":"<!-- This site is optimized with the Yoast SEO plugin v27.2 - https:\/\/yoast.com\/product\/yoast-seo-wordpress\/ -->\n<title>Tour de cou \u00e0 cha\u00eene mince - Yasmin<\/title>\n<meta name=\"description\" content=\"D\u00e9couvrez notre ras de cou en argent 925 avec pendentif goutte. Disponible en am\u00e9thyste, quartz vert ou \u0153il de tigre.\" \/>\n<meta name=\"robots\" content=\"index, follow, max-snippet:-1, max-image-preview:large, max-video-preview:-1\" \/>\n<link rel=\"canonical\" href=\"https:\/\/joyasyasmin.com\/fr\/producto\/tour-de-cou-a-chaine-mince\/\" \/>\n<meta property=\"og:locale\" content=\"fr_FR\" \/>\n<meta property=\"og:title\" content=\"Tour de cou \u00e0 cha\u00eene mince - Yasmin\" \/>\n<meta property=\"og:description\" content=\"D\u00e9couvrez notre ras de cou en argent 925 avec pendentif goutte. Disponible en am\u00e9thyste, quartz vert ou \u0153il de tigre.\" \/>\n<meta property=\"og:url\" content=\"https:\/\/joyasyasmin.com\/fr\/producto\/tour-de-cou-a-chaine-mince\/\" \/>\n<meta property=\"og:site_name\" content=\"Yasmin\" \/>\n<meta property=\"article:publisher\" content=\"https:\/\/www.facebook.com\/Joyas-Yasmin-217664058934169\/\" \/>\n<meta property=\"article:modified_time\" content=\"2025-11-10T11:31:56+00:00\" \/>\n<meta property=\"og:image\" content=\"https:\/\/joyasyasmin.com\/wp-content\/uploads\/2024\/07\/colgante-gota-ojo-de-tigre.jpg\" \/>\n\t<meta property=\"og:image:width\" content=\"1000\" \/>\n\t<meta property=\"og:image:height\" content=\"1000\" \/>\n\t<meta property=\"og:image:type\" content=\"image\/jpeg\" \/>\n<meta name=\"twitter:card\" content=\"summary_large_image\" \/>\n<script type=\"application\/ld+json\" class=\"yoast-schema-graph\">{\"@context\":\"https:\/\/schema.org\",\"@graph\":[{\"@type\":[\"WebPage\",\"ItemPage\"],\"@id\":\"https:\/\/joyasyasmin.com\/fr\/producto\/tour-de-cou-a-chaine-mince\/\",\"url\":\"https:\/\/joyasyasmin.com\/fr\/producto\/tour-de-cou-a-chaine-mince\/\",\"name\":\"Tour de cou \u00e0 cha\u00eene mince - Yasmin\",\"isPartOf\":{\"@id\":\"https:\/\/joyasyasmin.com\/fr\/#website\"},\"primaryImageOfPage\":{\"@id\":\"https:\/\/joyasyasmin.com\/fr\/producto\/tour-de-cou-a-chaine-mince\/#primaryimage\"},\"image\":{\"@id\":\"https:\/\/joyasyasmin.com\/fr\/producto\/tour-de-cou-a-chaine-mince\/#primaryimage\"},\"thumbnailUrl\":\"https:\/\/joyasyasmin.com\/wp-content\/uploads\/2024\/07\/colgante-gota-ojo-de-tigre.jpg\",\"datePublished\":\"2024-07-24T19:43:50+00:00\",\"dateModified\":\"2025-11-10T11:31:56+00:00\",\"description\":\"D\u00e9couvrez notre ras de cou en argent 925 avec pendentif goutte. Disponible en am\u00e9thyste, quartz vert ou \u0153il de tigre.\",\"breadcrumb\":{\"@id\":\"https:\/\/joyasyasmin.com\/fr\/producto\/tour-de-cou-a-chaine-mince\/#breadcrumb\"},\"inLanguage\":\"fr-FR\",\"potentialAction\":[{\"@type\":\"ReadAction\",\"target\":[\"https:\/\/joyasyasmin.com\/fr\/producto\/tour-de-cou-a-chaine-mince\/\"]}]},{\"@type\":\"ImageObject\",\"inLanguage\":\"fr-FR\",\"@id\":\"https:\/\/joyasyasmin.com\/fr\/producto\/tour-de-cou-a-chaine-mince\/#primaryimage\",\"url\":\"https:\/\/joyasyasmin.com\/wp-content\/uploads\/2024\/07\/colgante-gota-ojo-de-tigre.jpg\",\"contentUrl\":\"https:\/\/joyasyasmin.com\/wp-content\/uploads\/2024\/07\/colgante-gota-ojo-de-tigre.jpg\",\"width\":1000,\"height\":1000,\"caption\":\"Collisionneur et ras de cou Oeil de tigre fin Pierre naturelle Cha\u00eene goutte Argent 925 Argent Sterling\"},{\"@type\":\"BreadcrumbList\",\"@id\":\"https:\/\/joyasyasmin.com\/fr\/producto\/tour-de-cou-a-chaine-mince\/#breadcrumb\",\"itemListElement\":[{\"@type\":\"ListItem\",\"position\":1,\"name\":\"Portada\",\"item\":\"https:\/\/joyasyasmin.com\/fr\/domicile\/\"},{\"@type\":\"ListItem\",\"position\":2,\"name\":\"Boutique\",\"item\":\"https:\/\/joyasyasmin.com\/fr\/boutique\/\"},{\"@type\":\"ListItem\",\"position\":3,\"name\":\"Tour de cou \u00e0 cha\u00eene mince\"}]},{\"@type\":\"WebSite\",\"@id\":\"https:\/\/joyasyasmin.com\/fr\/#website\",\"url\":\"https:\/\/joyasyasmin.com\/fr\/\",\"name\":\"Yasmin\",\"description\":\"Joyer\u00eda de Plata 925 - Pendientes, pulseras, anillos, colgantes y m\u00e1s!\",\"publisher\":{\"@id\":\"https:\/\/joyasyasmin.com\/fr\/#organization\"},\"potentialAction\":[{\"@type\":\"SearchAction\",\"target\":{\"@type\":\"EntryPoint\",\"urlTemplate\":\"https:\/\/joyasyasmin.com\/fr\/?s={search_term_string}\"},\"query-input\":{\"@type\":\"PropertyValueSpecification\",\"valueRequired\":true,\"valueName\":\"search_term_string\"}}],\"inLanguage\":\"fr-FR\"},{\"@type\":\"Organization\",\"@id\":\"https:\/\/joyasyasmin.com\/fr\/#organization\",\"name\":\"joyas yasmin\",\"url\":\"https:\/\/joyasyasmin.com\/fr\/\",\"logo\":{\"@type\":\"ImageObject\",\"inLanguage\":\"fr-FR\",\"@id\":\"https:\/\/joyasyasmin.com\/fr\/#\/schema\/logo\/image\/\",\"url\":\"https:\/\/joyasyasmin.com\/wp-content\/uploads\/2017\/06\/IMG-20200429-WA0051.jpg\",\"contentUrl\":\"https:\/\/joyasyasmin.com\/wp-content\/uploads\/2017\/06\/IMG-20200429-WA0051.jpg\",\"width\":1080,\"height\":545,\"caption\":\"joyas yasmin\"},\"image\":{\"@id\":\"https:\/\/joyasyasmin.com\/fr\/#\/schema\/logo\/image\/\"},\"sameAs\":[\"https:\/\/www.facebook.com\/Joyas-Yasmin-217664058934169\/\",\"https:\/\/www.instagram.com\/invites\/contact\/\"]}]}<\/script>\n<!-- \/ Yoast SEO plugin. -->","yoast_head_json":{"title":"Tour de cou \u00e0 cha\u00eene mince - Yasmin","description":"D\u00e9couvrez notre ras de cou en argent 925 avec pendentif goutte. Disponible en am\u00e9thyste, quartz vert ou \u0153il de tigre.","robots":{"index":"index","follow":"follow","max-snippet":"max-snippet:-1","max-image-preview":"max-image-preview:large","max-video-preview":"max-video-preview:-1"},"canonical":"https:\/\/joyasyasmin.com\/fr\/producto\/tour-de-cou-a-chaine-mince\/","og_locale":"fr_FR","og_title":"Tour de cou \u00e0 cha\u00eene mince - Yasmin","og_description":"D\u00e9couvrez notre ras de cou en argent 925 avec pendentif goutte. Disponible en am\u00e9thyste, quartz vert ou \u0153il de tigre.","og_url":"https:\/\/joyasyasmin.com\/fr\/producto\/tour-de-cou-a-chaine-mince\/","og_site_name":"Yasmin","article_publisher":"https:\/\/www.facebook.com\/Joyas-Yasmin-217664058934169\/","article_modified_time":"2025-11-10T11:31:56+00:00","og_image":[{"width":1000,"height":1000,"url":"https:\/\/joyasyasmin.com\/wp-content\/uploads\/2024\/07\/colgante-gota-ojo-de-tigre.jpg","type":"image\/jpeg"}],"twitter_card":"summary_large_image","schema":{"@context":"https:\/\/schema.org","@graph":[{"@type":["WebPage","ItemPage"],"@id":"https:\/\/joyasyasmin.com\/fr\/producto\/tour-de-cou-a-chaine-mince\/","url":"https:\/\/joyasyasmin.com\/fr\/producto\/tour-de-cou-a-chaine-mince\/","name":"Tour de cou \u00e0 cha\u00eene mince - Yasmin","isPartOf":{"@id":"https:\/\/joyasyasmin.com\/fr\/#website"},"primaryImageOfPage":{"@id":"https:\/\/joyasyasmin.com\/fr\/producto\/tour-de-cou-a-chaine-mince\/#primaryimage"},"image":{"@id":"https:\/\/joyasyasmin.com\/fr\/producto\/tour-de-cou-a-chaine-mince\/#primaryimage"},"thumbnailUrl":"https:\/\/joyasyasmin.com\/wp-content\/uploads\/2024\/07\/colgante-gota-ojo-de-tigre.jpg","datePublished":"2024-07-24T19:43:50+00:00","dateModified":"2025-11-10T11:31:56+00:00","description":"D\u00e9couvrez notre ras de cou en argent 925 avec pendentif goutte. Disponible en am\u00e9thyste, quartz vert ou \u0153il de tigre.","breadcrumb":{"@id":"https:\/\/joyasyasmin.com\/fr\/producto\/tour-de-cou-a-chaine-mince\/#breadcrumb"},"inLanguage":"fr-FR","potentialAction":[{"@type":"ReadAction","target":["https:\/\/joyasyasmin.com\/fr\/producto\/tour-de-cou-a-chaine-mince\/"]}]},{"@type":"ImageObject","inLanguage":"fr-FR","@id":"https:\/\/joyasyasmin.com\/fr\/producto\/tour-de-cou-a-chaine-mince\/#primaryimage","url":"https:\/\/joyasyasmin.com\/wp-content\/uploads\/2024\/07\/colgante-gota-ojo-de-tigre.jpg","contentUrl":"https:\/\/joyasyasmin.com\/wp-content\/uploads\/2024\/07\/colgante-gota-ojo-de-tigre.jpg","width":1000,"height":1000,"caption":"Collisionneur et ras de cou Oeil de tigre fin Pierre naturelle Cha\u00eene goutte Argent 925 Argent Sterling"},{"@type":"BreadcrumbList","@id":"https:\/\/joyasyasmin.com\/fr\/producto\/tour-de-cou-a-chaine-mince\/#breadcrumb","itemListElement":[{"@type":"ListItem","position":1,"name":"Portada","item":"https:\/\/joyasyasmin.com\/fr\/domicile\/"},{"@type":"ListItem","position":2,"name":"Boutique","item":"https:\/\/joyasyasmin.com\/fr\/boutique\/"},{"@type":"ListItem","position":3,"name":"Tour de cou \u00e0 cha\u00eene mince"}]},{"@type":"WebSite","@id":"https:\/\/joyasyasmin.com\/fr\/#website","url":"https:\/\/joyasyasmin.com\/fr\/","name":"Yasmin","description":"Joyer\u00eda de Plata 925 - Pendientes, pulseras, anillos, colgantes y m\u00e1s!","publisher":{"@id":"https:\/\/joyasyasmin.com\/fr\/#organization"},"potentialAction":[{"@type":"SearchAction","target":{"@type":"EntryPoint","urlTemplate":"https:\/\/joyasyasmin.com\/fr\/?s={search_term_string}"},"query-input":{"@type":"PropertyValueSpecification","valueRequired":true,"valueName":"search_term_string"}}],"inLanguage":"fr-FR"},{"@type":"Organization","@id":"https:\/\/joyasyasmin.com\/fr\/#organization","name":"joyas yasmin","url":"https:\/\/joyasyasmin.com\/fr\/","logo":{"@type":"ImageObject","inLanguage":"fr-FR","@id":"https:\/\/joyasyasmin.com\/fr\/#\/schema\/logo\/image\/","url":"https:\/\/joyasyasmin.com\/wp-content\/uploads\/2017\/06\/IMG-20200429-WA0051.jpg","contentUrl":"https:\/\/joyasyasmin.com\/wp-content\/uploads\/2017\/06\/IMG-20200429-WA0051.jpg","width":1080,"height":545,"caption":"joyas yasmin"},"image":{"@id":"https:\/\/joyasyasmin.com\/fr\/#\/schema\/logo\/image\/"},"sameAs":["https:\/\/www.facebook.com\/Joyas-Yasmin-217664058934169\/","https:\/\/www.instagram.com\/invites\/contact\/"]}]}},"_links":{"self":[{"href":"https:\/\/joyasyasmin.com\/fr\/wp-json\/wp\/v2\/product\/20359","targetHints":{"allow":["GET"]}}],"collection":[{"href":"https:\/\/joyasyasmin.com\/fr\/wp-json\/wp\/v2\/product"}],"about":[{"href":"https:\/\/joyasyasmin.com\/fr\/wp-json\/wp\/v2\/types\/product"}],"replies":[{"embeddable":true,"href":"https:\/\/joyasyasmin.com\/fr\/wp-json\/wp\/v2\/comments?post=20359"}],"version-history":[{"count":1,"href":"https:\/\/joyasyasmin.com\/fr\/wp-json\/wp\/v2\/product\/20359\/revisions"}],"predecessor-version":[{"id":35783,"href":"https:\/\/joyasyasmin.com\/fr\/wp-json\/wp\/v2\/product\/20359\/revisions\/35783"}],"wp:featuredmedia":[{"embeddable":true,"href":"https:\/\/joyasyasmin.com\/fr\/wp-json\/wp\/v2\/media\/20366"}],"wp:attachment":[{"href":"https:\/\/joyasyasmin.com\/fr\/wp-json\/wp\/v2\/media?parent=20359"}],"wp:term":[{"taxonomy":"product_brand","embeddable":true,"href":"https:\/\/joyasyasmin.com\/fr\/wp-json\/wp\/v2\/product_brand?post=20359"},{"taxonomy":"product_cat","embeddable":true,"href":"https:\/\/joyasyasmin.com\/fr\/wp-json\/wp\/v2\/product_cat?post=20359"},{"taxonomy":"product_tag","embeddable":true,"href":"https:\/\/joyasyasmin.com\/fr\/wp-json\/wp\/v2\/product_tag?post=20359"}],"curies":[{"name":"wp","href":"https:\/\/api.w.org\/{rel}","templated":true}]}}