{"id":20424,"date":"2024-07-29T12:47:33","date_gmt":"2024-07-29T12:47:33","guid":{"rendered":"https:\/\/joyasyasmin.com\/producto\/turquoise-protection-bracelet\/"},"modified":"2025-09-01T07:44:39","modified_gmt":"2025-09-01T07:44:39","slug":"turquoise-protection-bracelet","status":"publish","type":"product","link":"https:\/\/joyasyasmin.com\/fr\/producto\/turquoise-protection-bracelet\/","title":{"rendered":"Turquoise Protection Bracelet"},"content":{"rendered":"","protected":false},"excerpt":{"rendered":"<p>Il mesure 17 cm plus 3 cm suppl\u00e9mentaires, assurant un ajustement confortable et polyvalent pour n\u2019importe quelle taille de poignet.<\/p>\n<p>Chaque bracelet est fabriqu\u00e9 \u00e0 la main avec une attention m\u00e9ticuleuse aux d\u00e9tails et comporte des composants en argent sterling 925, garantissant la plus haute qualit\u00e9 et durabilit\u00e9. La turquoise est connue pour \u00eatre une pierre de protection, de s\u00e9r\u00e9nit\u00e9 et d\u2019\u00e9quilibre. On pense que cette pierre a la capacit\u00e9 de prot\u00e9ger le porteur des \u00e9nergies n\u00e9gatives et des dangers ext\u00e9rieurs, favorisant ainsi un environnement de paix et de bien-\u00eatre. De plus, la turquoise est appr\u00e9ci\u00e9e pour ses propri\u00e9t\u00e9s curatives, \u00e0 la fois physiques et \u00e9motionnelles, aidant \u00e0 soulager le stress et l\u2019anxi\u00e9t\u00e9.   <\/p>\n<p>Vous pouvez personnaliser votre Bracelet de Protection Turquoise en fonction de votre style et de vos pr\u00e9f\u00e9rences. Nous offrons la possibilit\u00e9 de le commander seul, en conservant son design minimaliste et raffin\u00e9, ou avec un revers de 2 cm, ajoutant une touche de distinction et de pr\u00e9sence. Cette polyvalence permet au bracelet de s\u2019adapter \u00e0 toutes les occasions, que ce soit pour un usage quotidien ou pour des \u00e9v\u00e9nements sp\u00e9ciaux.  <\/p>\n","protected":false},"featured_media":20432,"comment_status":"open","ping_status":"closed","template":"","meta":{"_acf_changed":false,"_joinchat":[]},"product_brand":[],"product_cat":[1790],"product_tag":[],"class_list":{"0":"post-20424","1":"product","2":"type-product","3":"status-publish","4":"has-post-thumbnail","6":"product_cat-bracelets","8":"first","9":"instock","10":"shipping-taxable","11":"purchasable","12":"product-type-variable"},"acf":[],"yoast_head":"<!-- This site is optimized with the Yoast SEO plugin v27.2 - https:\/\/yoast.com\/product\/yoast-seo-wordpress\/ -->\n<title>Turquoise Protection Bracelet - Yasmin<\/title>\n<meta name=\"description\" content=\"Le Bracelet de Protection Turquoise est plus qu\u2019un accessoire ; C\u2019est une amulette qui vous accompagne et vous donne un sentiment de s\u00e9curit\u00e9 et de calme. Argent 925.\" \/>\n<meta name=\"robots\" content=\"index, follow, max-snippet:-1, max-image-preview:large, max-video-preview:-1\" \/>\n<link rel=\"canonical\" href=\"https:\/\/joyasyasmin.com\/fr\/producto\/turquoise-protection-bracelet\/\" \/>\n<meta property=\"og:locale\" content=\"fr_FR\" \/>\n<meta property=\"og:title\" content=\"Turquoise Protection Bracelet - Yasmin\" \/>\n<meta property=\"og:description\" content=\"Le Bracelet de Protection Turquoise est plus qu\u2019un accessoire ; C\u2019est une amulette qui vous accompagne et vous donne un sentiment de s\u00e9curit\u00e9 et de calme. Argent 925.\" \/>\n<meta property=\"og:url\" content=\"https:\/\/joyasyasmin.com\/fr\/producto\/turquoise-protection-bracelet\/\" \/>\n<meta property=\"og:site_name\" content=\"Yasmin\" \/>\n<meta property=\"article:publisher\" content=\"https:\/\/www.facebook.com\/Joyas-Yasmin-217664058934169\/\" \/>\n<meta property=\"article:modified_time\" content=\"2025-09-01T07:44:39+00:00\" \/>\n<meta property=\"og:image\" content=\"https:\/\/joyasyasmin.com\/wp-content\/uploads\/2024\/07\/pulsera-proteccion-turquesa.jpg\" \/>\n\t<meta property=\"og:image:width\" content=\"1000\" \/>\n\t<meta property=\"og:image:height\" content=\"1000\" \/>\n\t<meta property=\"og:image:type\" content=\"image\/jpeg\" \/>\n<meta name=\"twitter:card\" content=\"summary_large_image\" \/>\n<script type=\"application\/ld+json\" class=\"yoast-schema-graph\">{\"@context\":\"https:\/\/schema.org\",\"@graph\":[{\"@type\":[\"WebPage\",\"ItemPage\"],\"@id\":\"https:\/\/joyasyasmin.com\/fr\/producto\/turquoise-protection-bracelet\/\",\"url\":\"https:\/\/joyasyasmin.com\/fr\/producto\/turquoise-protection-bracelet\/\",\"name\":\"Turquoise Protection Bracelet - Yasmin\",\"isPartOf\":{\"@id\":\"https:\/\/joyasyasmin.com\/fr\/#website\"},\"primaryImageOfPage\":{\"@id\":\"https:\/\/joyasyasmin.com\/fr\/producto\/turquoise-protection-bracelet\/#primaryimage\"},\"image\":{\"@id\":\"https:\/\/joyasyasmin.com\/fr\/producto\/turquoise-protection-bracelet\/#primaryimage\"},\"thumbnailUrl\":\"https:\/\/joyasyasmin.com\/wp-content\/uploads\/2024\/07\/pulsera-proteccion-turquesa.jpg\",\"datePublished\":\"2024-07-29T12:47:33+00:00\",\"dateModified\":\"2025-09-01T07:44:39+00:00\",\"description\":\"Le Bracelet de Protection Turquoise est plus qu\u2019un accessoire ; C\u2019est une amulette qui vous accompagne et vous donne un sentiment de s\u00e9curit\u00e9 et de calme. Argent 925.\",\"breadcrumb\":{\"@id\":\"https:\/\/joyasyasmin.com\/fr\/producto\/turquoise-protection-bracelet\/#breadcrumb\"},\"inLanguage\":\"fr-FR\",\"potentialAction\":[{\"@type\":\"ReadAction\",\"target\":[\"https:\/\/joyasyasmin.com\/fr\/producto\/turquoise-protection-bracelet\/\"]}]},{\"@type\":\"ImageObject\",\"inLanguage\":\"fr-FR\",\"@id\":\"https:\/\/joyasyasmin.com\/fr\/producto\/turquoise-protection-bracelet\/#primaryimage\",\"url\":\"https:\/\/joyasyasmin.com\/wp-content\/uploads\/2024\/07\/pulsera-proteccion-turquesa.jpg\",\"contentUrl\":\"https:\/\/joyasyasmin.com\/wp-content\/uploads\/2024\/07\/pulsera-proteccion-turquesa.jpg\",\"width\":1000,\"height\":1000,\"caption\":\"Bracelet de protection turquoise en argent sterling 925 \u00e0 vendre\"},{\"@type\":\"BreadcrumbList\",\"@id\":\"https:\/\/joyasyasmin.com\/fr\/producto\/turquoise-protection-bracelet\/#breadcrumb\",\"itemListElement\":[{\"@type\":\"ListItem\",\"position\":1,\"name\":\"Portada\",\"item\":\"https:\/\/joyasyasmin.com\/fr\/domicile\/\"},{\"@type\":\"ListItem\",\"position\":2,\"name\":\"Boutique\",\"item\":\"https:\/\/joyasyasmin.com\/fr\/boutique\/\"},{\"@type\":\"ListItem\",\"position\":3,\"name\":\"Turquoise Protection Bracelet\"}]},{\"@type\":\"WebSite\",\"@id\":\"https:\/\/joyasyasmin.com\/fr\/#website\",\"url\":\"https:\/\/joyasyasmin.com\/fr\/\",\"name\":\"Yasmin\",\"description\":\"Joyer\u00eda de Plata 925 - Pendientes, pulseras, anillos, colgantes y m\u00e1s!\",\"publisher\":{\"@id\":\"https:\/\/joyasyasmin.com\/fr\/#organization\"},\"potentialAction\":[{\"@type\":\"SearchAction\",\"target\":{\"@type\":\"EntryPoint\",\"urlTemplate\":\"https:\/\/joyasyasmin.com\/fr\/?s={search_term_string}\"},\"query-input\":{\"@type\":\"PropertyValueSpecification\",\"valueRequired\":true,\"valueName\":\"search_term_string\"}}],\"inLanguage\":\"fr-FR\"},{\"@type\":\"Organization\",\"@id\":\"https:\/\/joyasyasmin.com\/fr\/#organization\",\"name\":\"joyas yasmin\",\"url\":\"https:\/\/joyasyasmin.com\/fr\/\",\"logo\":{\"@type\":\"ImageObject\",\"inLanguage\":\"fr-FR\",\"@id\":\"https:\/\/joyasyasmin.com\/fr\/#\/schema\/logo\/image\/\",\"url\":\"https:\/\/joyasyasmin.com\/wp-content\/uploads\/2017\/06\/IMG-20200429-WA0051.jpg\",\"contentUrl\":\"https:\/\/joyasyasmin.com\/wp-content\/uploads\/2017\/06\/IMG-20200429-WA0051.jpg\",\"width\":1080,\"height\":545,\"caption\":\"joyas yasmin\"},\"image\":{\"@id\":\"https:\/\/joyasyasmin.com\/fr\/#\/schema\/logo\/image\/\"},\"sameAs\":[\"https:\/\/www.facebook.com\/Joyas-Yasmin-217664058934169\/\",\"https:\/\/www.instagram.com\/invites\/contact\/\"]}]}<\/script>\n<!-- \/ Yoast SEO plugin. -->","yoast_head_json":{"title":"Turquoise Protection Bracelet - Yasmin","description":"Le Bracelet de Protection Turquoise est plus qu\u2019un accessoire ; C\u2019est une amulette qui vous accompagne et vous donne un sentiment de s\u00e9curit\u00e9 et de calme. Argent 925.","robots":{"index":"index","follow":"follow","max-snippet":"max-snippet:-1","max-image-preview":"max-image-preview:large","max-video-preview":"max-video-preview:-1"},"canonical":"https:\/\/joyasyasmin.com\/fr\/producto\/turquoise-protection-bracelet\/","og_locale":"fr_FR","og_title":"Turquoise Protection Bracelet - Yasmin","og_description":"Le Bracelet de Protection Turquoise est plus qu\u2019un accessoire ; C\u2019est une amulette qui vous accompagne et vous donne un sentiment de s\u00e9curit\u00e9 et de calme. Argent 925.","og_url":"https:\/\/joyasyasmin.com\/fr\/producto\/turquoise-protection-bracelet\/","og_site_name":"Yasmin","article_publisher":"https:\/\/www.facebook.com\/Joyas-Yasmin-217664058934169\/","article_modified_time":"2025-09-01T07:44:39+00:00","og_image":[{"width":1000,"height":1000,"url":"https:\/\/joyasyasmin.com\/wp-content\/uploads\/2024\/07\/pulsera-proteccion-turquesa.jpg","type":"image\/jpeg"}],"twitter_card":"summary_large_image","schema":{"@context":"https:\/\/schema.org","@graph":[{"@type":["WebPage","ItemPage"],"@id":"https:\/\/joyasyasmin.com\/fr\/producto\/turquoise-protection-bracelet\/","url":"https:\/\/joyasyasmin.com\/fr\/producto\/turquoise-protection-bracelet\/","name":"Turquoise Protection Bracelet - Yasmin","isPartOf":{"@id":"https:\/\/joyasyasmin.com\/fr\/#website"},"primaryImageOfPage":{"@id":"https:\/\/joyasyasmin.com\/fr\/producto\/turquoise-protection-bracelet\/#primaryimage"},"image":{"@id":"https:\/\/joyasyasmin.com\/fr\/producto\/turquoise-protection-bracelet\/#primaryimage"},"thumbnailUrl":"https:\/\/joyasyasmin.com\/wp-content\/uploads\/2024\/07\/pulsera-proteccion-turquesa.jpg","datePublished":"2024-07-29T12:47:33+00:00","dateModified":"2025-09-01T07:44:39+00:00","description":"Le Bracelet de Protection Turquoise est plus qu\u2019un accessoire ; C\u2019est une amulette qui vous accompagne et vous donne un sentiment de s\u00e9curit\u00e9 et de calme. Argent 925.","breadcrumb":{"@id":"https:\/\/joyasyasmin.com\/fr\/producto\/turquoise-protection-bracelet\/#breadcrumb"},"inLanguage":"fr-FR","potentialAction":[{"@type":"ReadAction","target":["https:\/\/joyasyasmin.com\/fr\/producto\/turquoise-protection-bracelet\/"]}]},{"@type":"ImageObject","inLanguage":"fr-FR","@id":"https:\/\/joyasyasmin.com\/fr\/producto\/turquoise-protection-bracelet\/#primaryimage","url":"https:\/\/joyasyasmin.com\/wp-content\/uploads\/2024\/07\/pulsera-proteccion-turquesa.jpg","contentUrl":"https:\/\/joyasyasmin.com\/wp-content\/uploads\/2024\/07\/pulsera-proteccion-turquesa.jpg","width":1000,"height":1000,"caption":"Bracelet de protection turquoise en argent sterling 925 \u00e0 vendre"},{"@type":"BreadcrumbList","@id":"https:\/\/joyasyasmin.com\/fr\/producto\/turquoise-protection-bracelet\/#breadcrumb","itemListElement":[{"@type":"ListItem","position":1,"name":"Portada","item":"https:\/\/joyasyasmin.com\/fr\/domicile\/"},{"@type":"ListItem","position":2,"name":"Boutique","item":"https:\/\/joyasyasmin.com\/fr\/boutique\/"},{"@type":"ListItem","position":3,"name":"Turquoise Protection Bracelet"}]},{"@type":"WebSite","@id":"https:\/\/joyasyasmin.com\/fr\/#website","url":"https:\/\/joyasyasmin.com\/fr\/","name":"Yasmin","description":"Joyer\u00eda de Plata 925 - Pendientes, pulseras, anillos, colgantes y m\u00e1s!","publisher":{"@id":"https:\/\/joyasyasmin.com\/fr\/#organization"},"potentialAction":[{"@type":"SearchAction","target":{"@type":"EntryPoint","urlTemplate":"https:\/\/joyasyasmin.com\/fr\/?s={search_term_string}"},"query-input":{"@type":"PropertyValueSpecification","valueRequired":true,"valueName":"search_term_string"}}],"inLanguage":"fr-FR"},{"@type":"Organization","@id":"https:\/\/joyasyasmin.com\/fr\/#organization","name":"joyas yasmin","url":"https:\/\/joyasyasmin.com\/fr\/","logo":{"@type":"ImageObject","inLanguage":"fr-FR","@id":"https:\/\/joyasyasmin.com\/fr\/#\/schema\/logo\/image\/","url":"https:\/\/joyasyasmin.com\/wp-content\/uploads\/2017\/06\/IMG-20200429-WA0051.jpg","contentUrl":"https:\/\/joyasyasmin.com\/wp-content\/uploads\/2017\/06\/IMG-20200429-WA0051.jpg","width":1080,"height":545,"caption":"joyas yasmin"},"image":{"@id":"https:\/\/joyasyasmin.com\/fr\/#\/schema\/logo\/image\/"},"sameAs":["https:\/\/www.facebook.com\/Joyas-Yasmin-217664058934169\/","https:\/\/www.instagram.com\/invites\/contact\/"]}]}},"_links":{"self":[{"href":"https:\/\/joyasyasmin.com\/fr\/wp-json\/wp\/v2\/product\/20424","targetHints":{"allow":["GET"]}}],"collection":[{"href":"https:\/\/joyasyasmin.com\/fr\/wp-json\/wp\/v2\/product"}],"about":[{"href":"https:\/\/joyasyasmin.com\/fr\/wp-json\/wp\/v2\/types\/product"}],"replies":[{"embeddable":true,"href":"https:\/\/joyasyasmin.com\/fr\/wp-json\/wp\/v2\/comments?post=20424"}],"version-history":[{"count":1,"href":"https:\/\/joyasyasmin.com\/fr\/wp-json\/wp\/v2\/product\/20424\/revisions"}],"predecessor-version":[{"id":34614,"href":"https:\/\/joyasyasmin.com\/fr\/wp-json\/wp\/v2\/product\/20424\/revisions\/34614"}],"wp:featuredmedia":[{"embeddable":true,"href":"https:\/\/joyasyasmin.com\/fr\/wp-json\/wp\/v2\/media\/20432"}],"wp:attachment":[{"href":"https:\/\/joyasyasmin.com\/fr\/wp-json\/wp\/v2\/media?parent=20424"}],"wp:term":[{"taxonomy":"product_brand","embeddable":true,"href":"https:\/\/joyasyasmin.com\/fr\/wp-json\/wp\/v2\/product_brand?post=20424"},{"taxonomy":"product_cat","embeddable":true,"href":"https:\/\/joyasyasmin.com\/fr\/wp-json\/wp\/v2\/product_cat?post=20424"},{"taxonomy":"product_tag","embeddable":true,"href":"https:\/\/joyasyasmin.com\/fr\/wp-json\/wp\/v2\/product_tag?post=20424"}],"curies":[{"name":"wp","href":"https:\/\/api.w.org\/{rel}","templated":true}]}}