{"id":20440,"date":"2024-07-29T13:26:51","date_gmt":"2024-07-29T13:26:51","guid":{"rendered":"https:\/\/joyasyasmin.com\/producto\/bague-noeud-en-argent\/"},"modified":"2024-07-29T13:26:51","modified_gmt":"2024-07-29T13:26:51","slug":"bague-noeud-en-argent","status":"publish","type":"product","link":"https:\/\/joyasyasmin.com\/fr\/producto\/bague-noeud-en-argent\/","title":{"rendered":"Bague noeud en argent"},"content":{"rendered":"","protected":false},"excerpt":{"rendered":"<p>La bague noeud en argent est un bijou exceptionnel fabriqu\u00e9 avec de l\u2019argent sterling 925 \u00e0 l\u2019aide de la technique avanc\u00e9e d\u2019\u00e9lectroformage. D\u2019une largeur de 12 mm, cette bague pr\u00e9sente un design distinctif et \u00e9l\u00e9gant qui rappelle un n\u0153ud d\u00e9licatement form\u00e9, comme on le voit sur l\u2019image. Le design de cette bague, avec ses courbes douces et sa finition brillante, ajoute une touche de sophistication et de style \u00e0 n\u2019importe quelle tenue. Id\u00e9ale pour les occasions sp\u00e9ciales ou pour un usage quotidien, la **Silver Knot Ring** est une d\u00e9claration d\u2019\u00e9l\u00e9gance et de raffinement. La technique d\u2019\u00e9lectroformage garantit que chaque bague est une pi\u00e8ce unique, avec une attention m\u00e9ticuleuse aux d\u00e9tails et une qualit\u00e9 sup\u00e9rieure. L\u2019argent sterling 925 assure la durabilit\u00e9 et la r\u00e9sistance de la bague, tandis que son design ergonomique offre un ajustement confortable et agr\u00e9able. <\/p>\n","protected":false},"featured_media":20445,"comment_status":"open","ping_status":"closed","template":"","meta":{"_acf_changed":false,"_joinchat":[]},"product_brand":[],"product_cat":[1855],"product_tag":[],"class_list":{"0":"post-20440","1":"product","2":"type-product","3":"status-publish","4":"has-post-thumbnail","6":"product_cat-bagues-et-bagues","8":"first","9":"instock","10":"shipping-taxable","11":"purchasable","12":"product-type-variable"},"acf":[],"yoast_head":"<!-- This site is optimized with the Yoast SEO plugin v27.2 - https:\/\/yoast.com\/product\/yoast-seo-wordpress\/ -->\n<title>Bague noeud en argent - Yasmin<\/title>\n<meta name=\"description\" content=\"La bague noeud en argent est un bijou exceptionnel fabriqu\u00e9 avec de l\u2019argent sterling 925 \u00e0 l\u2019aide de la technique avanc\u00e9e d\u2019\u00e9lectroformage. Largeur 12mm.\" \/>\n<meta name=\"robots\" content=\"index, follow, max-snippet:-1, max-image-preview:large, max-video-preview:-1\" \/>\n<link rel=\"canonical\" href=\"https:\/\/joyasyasmin.com\/fr\/producto\/bague-noeud-en-argent\/\" \/>\n<meta property=\"og:locale\" content=\"fr_FR\" \/>\n<meta property=\"og:title\" content=\"Bague noeud en argent - Yasmin\" \/>\n<meta property=\"og:description\" content=\"La bague noeud en argent est un bijou exceptionnel fabriqu\u00e9 avec de l\u2019argent sterling 925 \u00e0 l\u2019aide de la technique avanc\u00e9e d\u2019\u00e9lectroformage. Largeur 12mm.\" \/>\n<meta property=\"og:url\" content=\"https:\/\/joyasyasmin.com\/fr\/producto\/bague-noeud-en-argent\/\" \/>\n<meta property=\"og:site_name\" content=\"Yasmin\" \/>\n<meta property=\"article:publisher\" content=\"https:\/\/www.facebook.com\/Joyas-Yasmin-217664058934169\/\" \/>\n<meta property=\"og:image\" content=\"https:\/\/joyasyasmin.com\/wp-content\/uploads\/2024\/07\/anillo-panuelo-de-plata.jpg\" \/>\n\t<meta property=\"og:image:width\" content=\"1000\" \/>\n\t<meta property=\"og:image:height\" content=\"1000\" \/>\n\t<meta property=\"og:image:type\" content=\"image\/jpeg\" \/>\n<meta name=\"twitter:card\" content=\"summary_large_image\" \/>\n<script type=\"application\/ld+json\" class=\"yoast-schema-graph\">{\"@context\":\"https:\/\/schema.org\",\"@graph\":[{\"@type\":[\"WebPage\",\"ItemPage\"],\"@id\":\"https:\/\/joyasyasmin.com\/fr\/producto\/bague-noeud-en-argent\/\",\"url\":\"https:\/\/joyasyasmin.com\/fr\/producto\/bague-noeud-en-argent\/\",\"name\":\"Bague noeud en argent - Yasmin\",\"isPartOf\":{\"@id\":\"https:\/\/joyasyasmin.com\/fr\/#website\"},\"primaryImageOfPage\":{\"@id\":\"https:\/\/joyasyasmin.com\/fr\/producto\/bague-noeud-en-argent\/#primaryimage\"},\"image\":{\"@id\":\"https:\/\/joyasyasmin.com\/fr\/producto\/bague-noeud-en-argent\/#primaryimage\"},\"thumbnailUrl\":\"https:\/\/joyasyasmin.com\/wp-content\/uploads\/2024\/07\/anillo-panuelo-de-plata.jpg\",\"datePublished\":\"2024-07-29T13:26:51+00:00\",\"description\":\"La bague noeud en argent est un bijou exceptionnel fabriqu\u00e9 avec de l\u2019argent sterling 925 \u00e0 l\u2019aide de la technique avanc\u00e9e d\u2019\u00e9lectroformage. Largeur 12mm.\",\"breadcrumb\":{\"@id\":\"https:\/\/joyasyasmin.com\/fr\/producto\/bague-noeud-en-argent\/#breadcrumb\"},\"inLanguage\":\"fr-FR\",\"potentialAction\":[{\"@type\":\"ReadAction\",\"target\":[\"https:\/\/joyasyasmin.com\/fr\/producto\/bague-noeud-en-argent\/\"]}]},{\"@type\":\"ImageObject\",\"inLanguage\":\"fr-FR\",\"@id\":\"https:\/\/joyasyasmin.com\/fr\/producto\/bague-noeud-en-argent\/#primaryimage\",\"url\":\"https:\/\/joyasyasmin.com\/wp-content\/uploads\/2024\/07\/anillo-panuelo-de-plata.jpg\",\"contentUrl\":\"https:\/\/joyasyasmin.com\/wp-content\/uploads\/2024\/07\/anillo-panuelo-de-plata.jpg\",\"width\":1000,\"height\":1000},{\"@type\":\"BreadcrumbList\",\"@id\":\"https:\/\/joyasyasmin.com\/fr\/producto\/bague-noeud-en-argent\/#breadcrumb\",\"itemListElement\":[{\"@type\":\"ListItem\",\"position\":1,\"name\":\"Portada\",\"item\":\"https:\/\/joyasyasmin.com\/fr\/domicile\/\"},{\"@type\":\"ListItem\",\"position\":2,\"name\":\"Boutique\",\"item\":\"https:\/\/joyasyasmin.com\/fr\/boutique\/\"},{\"@type\":\"ListItem\",\"position\":3,\"name\":\"Bague noeud en argent\"}]},{\"@type\":\"WebSite\",\"@id\":\"https:\/\/joyasyasmin.com\/fr\/#website\",\"url\":\"https:\/\/joyasyasmin.com\/fr\/\",\"name\":\"Yasmin\",\"description\":\"Joyer\u00eda de Plata 925 - Pendientes, pulseras, anillos, colgantes y m\u00e1s!\",\"publisher\":{\"@id\":\"https:\/\/joyasyasmin.com\/fr\/#organization\"},\"potentialAction\":[{\"@type\":\"SearchAction\",\"target\":{\"@type\":\"EntryPoint\",\"urlTemplate\":\"https:\/\/joyasyasmin.com\/fr\/?s={search_term_string}\"},\"query-input\":{\"@type\":\"PropertyValueSpecification\",\"valueRequired\":true,\"valueName\":\"search_term_string\"}}],\"inLanguage\":\"fr-FR\"},{\"@type\":\"Organization\",\"@id\":\"https:\/\/joyasyasmin.com\/fr\/#organization\",\"name\":\"joyas yasmin\",\"url\":\"https:\/\/joyasyasmin.com\/fr\/\",\"logo\":{\"@type\":\"ImageObject\",\"inLanguage\":\"fr-FR\",\"@id\":\"https:\/\/joyasyasmin.com\/fr\/#\/schema\/logo\/image\/\",\"url\":\"https:\/\/joyasyasmin.com\/wp-content\/uploads\/2017\/06\/IMG-20200429-WA0051.jpg\",\"contentUrl\":\"https:\/\/joyasyasmin.com\/wp-content\/uploads\/2017\/06\/IMG-20200429-WA0051.jpg\",\"width\":1080,\"height\":545,\"caption\":\"joyas yasmin\"},\"image\":{\"@id\":\"https:\/\/joyasyasmin.com\/fr\/#\/schema\/logo\/image\/\"},\"sameAs\":[\"https:\/\/www.facebook.com\/Joyas-Yasmin-217664058934169\/\",\"https:\/\/www.instagram.com\/invites\/contact\/\"]}]}<\/script>\n<!-- \/ Yoast SEO plugin. -->","yoast_head_json":{"title":"Bague noeud en argent - Yasmin","description":"La bague noeud en argent est un bijou exceptionnel fabriqu\u00e9 avec de l\u2019argent sterling 925 \u00e0 l\u2019aide de la technique avanc\u00e9e d\u2019\u00e9lectroformage. Largeur 12mm.","robots":{"index":"index","follow":"follow","max-snippet":"max-snippet:-1","max-image-preview":"max-image-preview:large","max-video-preview":"max-video-preview:-1"},"canonical":"https:\/\/joyasyasmin.com\/fr\/producto\/bague-noeud-en-argent\/","og_locale":"fr_FR","og_title":"Bague noeud en argent - Yasmin","og_description":"La bague noeud en argent est un bijou exceptionnel fabriqu\u00e9 avec de l\u2019argent sterling 925 \u00e0 l\u2019aide de la technique avanc\u00e9e d\u2019\u00e9lectroformage. Largeur 12mm.","og_url":"https:\/\/joyasyasmin.com\/fr\/producto\/bague-noeud-en-argent\/","og_site_name":"Yasmin","article_publisher":"https:\/\/www.facebook.com\/Joyas-Yasmin-217664058934169\/","og_image":[{"width":1000,"height":1000,"url":"https:\/\/joyasyasmin.com\/wp-content\/uploads\/2024\/07\/anillo-panuelo-de-plata.jpg","type":"image\/jpeg"}],"twitter_card":"summary_large_image","schema":{"@context":"https:\/\/schema.org","@graph":[{"@type":["WebPage","ItemPage"],"@id":"https:\/\/joyasyasmin.com\/fr\/producto\/bague-noeud-en-argent\/","url":"https:\/\/joyasyasmin.com\/fr\/producto\/bague-noeud-en-argent\/","name":"Bague noeud en argent - Yasmin","isPartOf":{"@id":"https:\/\/joyasyasmin.com\/fr\/#website"},"primaryImageOfPage":{"@id":"https:\/\/joyasyasmin.com\/fr\/producto\/bague-noeud-en-argent\/#primaryimage"},"image":{"@id":"https:\/\/joyasyasmin.com\/fr\/producto\/bague-noeud-en-argent\/#primaryimage"},"thumbnailUrl":"https:\/\/joyasyasmin.com\/wp-content\/uploads\/2024\/07\/anillo-panuelo-de-plata.jpg","datePublished":"2024-07-29T13:26:51+00:00","description":"La bague noeud en argent est un bijou exceptionnel fabriqu\u00e9 avec de l\u2019argent sterling 925 \u00e0 l\u2019aide de la technique avanc\u00e9e d\u2019\u00e9lectroformage. Largeur 12mm.","breadcrumb":{"@id":"https:\/\/joyasyasmin.com\/fr\/producto\/bague-noeud-en-argent\/#breadcrumb"},"inLanguage":"fr-FR","potentialAction":[{"@type":"ReadAction","target":["https:\/\/joyasyasmin.com\/fr\/producto\/bague-noeud-en-argent\/"]}]},{"@type":"ImageObject","inLanguage":"fr-FR","@id":"https:\/\/joyasyasmin.com\/fr\/producto\/bague-noeud-en-argent\/#primaryimage","url":"https:\/\/joyasyasmin.com\/wp-content\/uploads\/2024\/07\/anillo-panuelo-de-plata.jpg","contentUrl":"https:\/\/joyasyasmin.com\/wp-content\/uploads\/2024\/07\/anillo-panuelo-de-plata.jpg","width":1000,"height":1000},{"@type":"BreadcrumbList","@id":"https:\/\/joyasyasmin.com\/fr\/producto\/bague-noeud-en-argent\/#breadcrumb","itemListElement":[{"@type":"ListItem","position":1,"name":"Portada","item":"https:\/\/joyasyasmin.com\/fr\/domicile\/"},{"@type":"ListItem","position":2,"name":"Boutique","item":"https:\/\/joyasyasmin.com\/fr\/boutique\/"},{"@type":"ListItem","position":3,"name":"Bague noeud en argent"}]},{"@type":"WebSite","@id":"https:\/\/joyasyasmin.com\/fr\/#website","url":"https:\/\/joyasyasmin.com\/fr\/","name":"Yasmin","description":"Joyer\u00eda de Plata 925 - Pendientes, pulseras, anillos, colgantes y m\u00e1s!","publisher":{"@id":"https:\/\/joyasyasmin.com\/fr\/#organization"},"potentialAction":[{"@type":"SearchAction","target":{"@type":"EntryPoint","urlTemplate":"https:\/\/joyasyasmin.com\/fr\/?s={search_term_string}"},"query-input":{"@type":"PropertyValueSpecification","valueRequired":true,"valueName":"search_term_string"}}],"inLanguage":"fr-FR"},{"@type":"Organization","@id":"https:\/\/joyasyasmin.com\/fr\/#organization","name":"joyas yasmin","url":"https:\/\/joyasyasmin.com\/fr\/","logo":{"@type":"ImageObject","inLanguage":"fr-FR","@id":"https:\/\/joyasyasmin.com\/fr\/#\/schema\/logo\/image\/","url":"https:\/\/joyasyasmin.com\/wp-content\/uploads\/2017\/06\/IMG-20200429-WA0051.jpg","contentUrl":"https:\/\/joyasyasmin.com\/wp-content\/uploads\/2017\/06\/IMG-20200429-WA0051.jpg","width":1080,"height":545,"caption":"joyas yasmin"},"image":{"@id":"https:\/\/joyasyasmin.com\/fr\/#\/schema\/logo\/image\/"},"sameAs":["https:\/\/www.facebook.com\/Joyas-Yasmin-217664058934169\/","https:\/\/www.instagram.com\/invites\/contact\/"]}]}},"_links":{"self":[{"href":"https:\/\/joyasyasmin.com\/fr\/wp-json\/wp\/v2\/product\/20440","targetHints":{"allow":["GET"]}}],"collection":[{"href":"https:\/\/joyasyasmin.com\/fr\/wp-json\/wp\/v2\/product"}],"about":[{"href":"https:\/\/joyasyasmin.com\/fr\/wp-json\/wp\/v2\/types\/product"}],"replies":[{"embeddable":true,"href":"https:\/\/joyasyasmin.com\/fr\/wp-json\/wp\/v2\/comments?post=20440"}],"version-history":[{"count":0,"href":"https:\/\/joyasyasmin.com\/fr\/wp-json\/wp\/v2\/product\/20440\/revisions"}],"wp:featuredmedia":[{"embeddable":true,"href":"https:\/\/joyasyasmin.com\/fr\/wp-json\/wp\/v2\/media\/20445"}],"wp:attachment":[{"href":"https:\/\/joyasyasmin.com\/fr\/wp-json\/wp\/v2\/media?parent=20440"}],"wp:term":[{"taxonomy":"product_brand","embeddable":true,"href":"https:\/\/joyasyasmin.com\/fr\/wp-json\/wp\/v2\/product_brand?post=20440"},{"taxonomy":"product_cat","embeddable":true,"href":"https:\/\/joyasyasmin.com\/fr\/wp-json\/wp\/v2\/product_cat?post=20440"},{"taxonomy":"product_tag","embeddable":true,"href":"https:\/\/joyasyasmin.com\/fr\/wp-json\/wp\/v2\/product_tag?post=20440"}],"curies":[{"name":"wp","href":"https:\/\/api.w.org\/{rel}","templated":true}]}}