{"id":20526,"date":"2024-08-23T18:25:18","date_gmt":"2024-08-23T18:25:18","guid":{"rendered":"https:\/\/joyasyasmin.com\/producto\/attelle-de-cheville-sea-pearl\/"},"modified":"2025-09-01T07:44:38","modified_gmt":"2025-09-01T07:44:38","slug":"attelle-de-cheville-sea-pearl","status":"publish","type":"product","link":"https:\/\/joyasyasmin.com\/fr\/producto\/attelle-de-cheville-sea-pearl\/","title":{"rendered":"Attelle de cheville Sea Pearl"},"content":{"rendered":"","protected":false},"excerpt":{"rendered":"<p>Le bracelet de cheville Sea Pearl est une pi\u00e8ce exquise qui allie \u00e9l\u00e9gance et style, parfaite pour rehausser la beaut\u00e9 de vos chevilles avec une touche sophistiqu\u00e9e. Ce bracelet de cheville se distingue par sa d\u00e9licate alternance de perles de culture Shell de 4 mm, qui apportent une brillance subtile et naturelle, ainsi que par une fine cha\u00eene \u00e0 maillons de 1 mm, en argent 925. Ce mat\u00e9riau, r\u00e9put\u00e9 pour sa durabilit\u00e9 et sa brillance, permet au bracelet de cheville de conserver sa splendeur dans le temps. <\/p>\n<p>Avec une longueur r\u00e9glable de 23 cm plus une extension de 3 cm, l\u2019attelle de cheville Sea Pearl s\u2019adapte parfaitement aux diff\u00e9rentes tailles de cheville, assurant un ajustement s\u00fbr et personnalis\u00e9. L\u2019association des perles et de la cha\u00eene en argent 925 cr\u00e9e un \u00e9quilibre harmonieux entre douceur et d\u00e9licatesse, faisant de ce bracelet de cheville un accessoire incontournable de toute collection de bijoux. <\/p>\n","protected":false},"featured_media":20527,"comment_status":"open","ping_status":"closed","template":"","meta":{"_acf_changed":false,"_joinchat":[]},"product_brand":[],"product_cat":[1909],"product_tag":[],"class_list":{"0":"post-20526","1":"product","2":"type-product","3":"status-publish","4":"has-post-thumbnail","6":"product_cat-cheville","8":"first","9":"instock","10":"shipping-taxable","11":"purchasable","12":"product-type-simple"},"acf":[],"yoast_head":"<!-- This site is optimized with the Yoast SEO plugin v27.2 - https:\/\/yoast.com\/product\/yoast-seo-wordpress\/ -->\n<title>Attelle de cheville Sea Pearl - Yasmin<\/title>\n<meta name=\"description\" content=\"Le bracelet de cheville Sea Pearl est une pi\u00e8ce exquise qui allie \u00e9l\u00e9gance et style, parfaite pour rehausser la beaut\u00e9 de vos chevilles avec une touche sophistiqu\u00e9e.\" \/>\n<meta name=\"robots\" content=\"index, follow, max-snippet:-1, max-image-preview:large, max-video-preview:-1\" \/>\n<link rel=\"canonical\" href=\"https:\/\/joyasyasmin.com\/fr\/producto\/attelle-de-cheville-sea-pearl\/\" \/>\n<meta property=\"og:locale\" content=\"fr_FR\" \/>\n<meta property=\"og:title\" content=\"Attelle de cheville Sea Pearl - Yasmin\" \/>\n<meta property=\"og:description\" content=\"Le bracelet de cheville Sea Pearl est une pi\u00e8ce exquise qui allie \u00e9l\u00e9gance et style, parfaite pour rehausser la beaut\u00e9 de vos chevilles avec une touche sophistiqu\u00e9e.\" \/>\n<meta property=\"og:url\" content=\"https:\/\/joyasyasmin.com\/fr\/producto\/attelle-de-cheville-sea-pearl\/\" \/>\n<meta property=\"og:site_name\" content=\"Yasmin\" \/>\n<meta property=\"article:publisher\" content=\"https:\/\/www.facebook.com\/Joyas-Yasmin-217664058934169\/\" \/>\n<meta property=\"article:modified_time\" content=\"2025-09-01T07:44:38+00:00\" \/>\n<meta property=\"og:image\" content=\"https:\/\/joyasyasmin.com\/wp-content\/uploads\/2024\/08\/tobillera-de-plata-con-perla.jpg\" \/>\n\t<meta property=\"og:image:width\" content=\"1000\" \/>\n\t<meta property=\"og:image:height\" content=\"1000\" \/>\n\t<meta property=\"og:image:type\" content=\"image\/jpeg\" \/>\n<meta name=\"twitter:card\" content=\"summary_large_image\" \/>\n<script type=\"application\/ld+json\" class=\"yoast-schema-graph\">{\"@context\":\"https:\/\/schema.org\",\"@graph\":[{\"@type\":[\"WebPage\",\"ItemPage\"],\"@id\":\"https:\/\/joyasyasmin.com\/fr\/producto\/attelle-de-cheville-sea-pearl\/\",\"url\":\"https:\/\/joyasyasmin.com\/fr\/producto\/attelle-de-cheville-sea-pearl\/\",\"name\":\"Attelle de cheville Sea Pearl - Yasmin\",\"isPartOf\":{\"@id\":\"https:\/\/joyasyasmin.com\/fr\/#website\"},\"primaryImageOfPage\":{\"@id\":\"https:\/\/joyasyasmin.com\/fr\/producto\/attelle-de-cheville-sea-pearl\/#primaryimage\"},\"image\":{\"@id\":\"https:\/\/joyasyasmin.com\/fr\/producto\/attelle-de-cheville-sea-pearl\/#primaryimage\"},\"thumbnailUrl\":\"https:\/\/joyasyasmin.com\/wp-content\/uploads\/2024\/08\/tobillera-de-plata-con-perla.jpg\",\"datePublished\":\"2024-08-23T18:25:18+00:00\",\"dateModified\":\"2025-09-01T07:44:38+00:00\",\"description\":\"Le bracelet de cheville Sea Pearl est une pi\u00e8ce exquise qui allie \u00e9l\u00e9gance et style, parfaite pour rehausser la beaut\u00e9 de vos chevilles avec une touche sophistiqu\u00e9e.\",\"breadcrumb\":{\"@id\":\"https:\/\/joyasyasmin.com\/fr\/producto\/attelle-de-cheville-sea-pearl\/#breadcrumb\"},\"inLanguage\":\"fr-FR\",\"potentialAction\":[{\"@type\":\"ReadAction\",\"target\":[\"https:\/\/joyasyasmin.com\/fr\/producto\/attelle-de-cheville-sea-pearl\/\"]}]},{\"@type\":\"ImageObject\",\"inLanguage\":\"fr-FR\",\"@id\":\"https:\/\/joyasyasmin.com\/fr\/producto\/attelle-de-cheville-sea-pearl\/#primaryimage\",\"url\":\"https:\/\/joyasyasmin.com\/wp-content\/uploads\/2024\/08\/tobillera-de-plata-con-perla.jpg\",\"contentUrl\":\"https:\/\/joyasyasmin.com\/wp-content\/uploads\/2024\/08\/tobillera-de-plata-con-perla.jpg\",\"width\":1000,\"height\":1000,\"caption\":\"925 argent sterling Sea Pearl bracelet de cheville \u00e0 vendre\"},{\"@type\":\"BreadcrumbList\",\"@id\":\"https:\/\/joyasyasmin.com\/fr\/producto\/attelle-de-cheville-sea-pearl\/#breadcrumb\",\"itemListElement\":[{\"@type\":\"ListItem\",\"position\":1,\"name\":\"Portada\",\"item\":\"https:\/\/joyasyasmin.com\/fr\/domicile\/\"},{\"@type\":\"ListItem\",\"position\":2,\"name\":\"Boutique\",\"item\":\"https:\/\/joyasyasmin.com\/fr\/boutique\/\"},{\"@type\":\"ListItem\",\"position\":3,\"name\":\"Attelle de cheville Sea Pearl\"}]},{\"@type\":\"WebSite\",\"@id\":\"https:\/\/joyasyasmin.com\/fr\/#website\",\"url\":\"https:\/\/joyasyasmin.com\/fr\/\",\"name\":\"Yasmin\",\"description\":\"Joyer\u00eda de Plata 925 - Pendientes, pulseras, anillos, colgantes y m\u00e1s!\",\"publisher\":{\"@id\":\"https:\/\/joyasyasmin.com\/fr\/#organization\"},\"potentialAction\":[{\"@type\":\"SearchAction\",\"target\":{\"@type\":\"EntryPoint\",\"urlTemplate\":\"https:\/\/joyasyasmin.com\/fr\/?s={search_term_string}\"},\"query-input\":{\"@type\":\"PropertyValueSpecification\",\"valueRequired\":true,\"valueName\":\"search_term_string\"}}],\"inLanguage\":\"fr-FR\"},{\"@type\":\"Organization\",\"@id\":\"https:\/\/joyasyasmin.com\/fr\/#organization\",\"name\":\"joyas yasmin\",\"url\":\"https:\/\/joyasyasmin.com\/fr\/\",\"logo\":{\"@type\":\"ImageObject\",\"inLanguage\":\"fr-FR\",\"@id\":\"https:\/\/joyasyasmin.com\/fr\/#\/schema\/logo\/image\/\",\"url\":\"https:\/\/joyasyasmin.com\/wp-content\/uploads\/2017\/06\/IMG-20200429-WA0051.jpg\",\"contentUrl\":\"https:\/\/joyasyasmin.com\/wp-content\/uploads\/2017\/06\/IMG-20200429-WA0051.jpg\",\"width\":1080,\"height\":545,\"caption\":\"joyas yasmin\"},\"image\":{\"@id\":\"https:\/\/joyasyasmin.com\/fr\/#\/schema\/logo\/image\/\"},\"sameAs\":[\"https:\/\/www.facebook.com\/Joyas-Yasmin-217664058934169\/\",\"https:\/\/www.instagram.com\/invites\/contact\/\"]}]}<\/script>\n<!-- \/ Yoast SEO plugin. -->","yoast_head_json":{"title":"Attelle de cheville Sea Pearl - Yasmin","description":"Le bracelet de cheville Sea Pearl est une pi\u00e8ce exquise qui allie \u00e9l\u00e9gance et style, parfaite pour rehausser la beaut\u00e9 de vos chevilles avec une touche sophistiqu\u00e9e.","robots":{"index":"index","follow":"follow","max-snippet":"max-snippet:-1","max-image-preview":"max-image-preview:large","max-video-preview":"max-video-preview:-1"},"canonical":"https:\/\/joyasyasmin.com\/fr\/producto\/attelle-de-cheville-sea-pearl\/","og_locale":"fr_FR","og_title":"Attelle de cheville Sea Pearl - Yasmin","og_description":"Le bracelet de cheville Sea Pearl est une pi\u00e8ce exquise qui allie \u00e9l\u00e9gance et style, parfaite pour rehausser la beaut\u00e9 de vos chevilles avec une touche sophistiqu\u00e9e.","og_url":"https:\/\/joyasyasmin.com\/fr\/producto\/attelle-de-cheville-sea-pearl\/","og_site_name":"Yasmin","article_publisher":"https:\/\/www.facebook.com\/Joyas-Yasmin-217664058934169\/","article_modified_time":"2025-09-01T07:44:38+00:00","og_image":[{"width":1000,"height":1000,"url":"https:\/\/joyasyasmin.com\/wp-content\/uploads\/2024\/08\/tobillera-de-plata-con-perla.jpg","type":"image\/jpeg"}],"twitter_card":"summary_large_image","schema":{"@context":"https:\/\/schema.org","@graph":[{"@type":["WebPage","ItemPage"],"@id":"https:\/\/joyasyasmin.com\/fr\/producto\/attelle-de-cheville-sea-pearl\/","url":"https:\/\/joyasyasmin.com\/fr\/producto\/attelle-de-cheville-sea-pearl\/","name":"Attelle de cheville Sea Pearl - Yasmin","isPartOf":{"@id":"https:\/\/joyasyasmin.com\/fr\/#website"},"primaryImageOfPage":{"@id":"https:\/\/joyasyasmin.com\/fr\/producto\/attelle-de-cheville-sea-pearl\/#primaryimage"},"image":{"@id":"https:\/\/joyasyasmin.com\/fr\/producto\/attelle-de-cheville-sea-pearl\/#primaryimage"},"thumbnailUrl":"https:\/\/joyasyasmin.com\/wp-content\/uploads\/2024\/08\/tobillera-de-plata-con-perla.jpg","datePublished":"2024-08-23T18:25:18+00:00","dateModified":"2025-09-01T07:44:38+00:00","description":"Le bracelet de cheville Sea Pearl est une pi\u00e8ce exquise qui allie \u00e9l\u00e9gance et style, parfaite pour rehausser la beaut\u00e9 de vos chevilles avec une touche sophistiqu\u00e9e.","breadcrumb":{"@id":"https:\/\/joyasyasmin.com\/fr\/producto\/attelle-de-cheville-sea-pearl\/#breadcrumb"},"inLanguage":"fr-FR","potentialAction":[{"@type":"ReadAction","target":["https:\/\/joyasyasmin.com\/fr\/producto\/attelle-de-cheville-sea-pearl\/"]}]},{"@type":"ImageObject","inLanguage":"fr-FR","@id":"https:\/\/joyasyasmin.com\/fr\/producto\/attelle-de-cheville-sea-pearl\/#primaryimage","url":"https:\/\/joyasyasmin.com\/wp-content\/uploads\/2024\/08\/tobillera-de-plata-con-perla.jpg","contentUrl":"https:\/\/joyasyasmin.com\/wp-content\/uploads\/2024\/08\/tobillera-de-plata-con-perla.jpg","width":1000,"height":1000,"caption":"925 argent sterling Sea Pearl bracelet de cheville \u00e0 vendre"},{"@type":"BreadcrumbList","@id":"https:\/\/joyasyasmin.com\/fr\/producto\/attelle-de-cheville-sea-pearl\/#breadcrumb","itemListElement":[{"@type":"ListItem","position":1,"name":"Portada","item":"https:\/\/joyasyasmin.com\/fr\/domicile\/"},{"@type":"ListItem","position":2,"name":"Boutique","item":"https:\/\/joyasyasmin.com\/fr\/boutique\/"},{"@type":"ListItem","position":3,"name":"Attelle de cheville Sea Pearl"}]},{"@type":"WebSite","@id":"https:\/\/joyasyasmin.com\/fr\/#website","url":"https:\/\/joyasyasmin.com\/fr\/","name":"Yasmin","description":"Joyer\u00eda de Plata 925 - Pendientes, pulseras, anillos, colgantes y m\u00e1s!","publisher":{"@id":"https:\/\/joyasyasmin.com\/fr\/#organization"},"potentialAction":[{"@type":"SearchAction","target":{"@type":"EntryPoint","urlTemplate":"https:\/\/joyasyasmin.com\/fr\/?s={search_term_string}"},"query-input":{"@type":"PropertyValueSpecification","valueRequired":true,"valueName":"search_term_string"}}],"inLanguage":"fr-FR"},{"@type":"Organization","@id":"https:\/\/joyasyasmin.com\/fr\/#organization","name":"joyas yasmin","url":"https:\/\/joyasyasmin.com\/fr\/","logo":{"@type":"ImageObject","inLanguage":"fr-FR","@id":"https:\/\/joyasyasmin.com\/fr\/#\/schema\/logo\/image\/","url":"https:\/\/joyasyasmin.com\/wp-content\/uploads\/2017\/06\/IMG-20200429-WA0051.jpg","contentUrl":"https:\/\/joyasyasmin.com\/wp-content\/uploads\/2017\/06\/IMG-20200429-WA0051.jpg","width":1080,"height":545,"caption":"joyas yasmin"},"image":{"@id":"https:\/\/joyasyasmin.com\/fr\/#\/schema\/logo\/image\/"},"sameAs":["https:\/\/www.facebook.com\/Joyas-Yasmin-217664058934169\/","https:\/\/www.instagram.com\/invites\/contact\/"]}]}},"_links":{"self":[{"href":"https:\/\/joyasyasmin.com\/fr\/wp-json\/wp\/v2\/product\/20526","targetHints":{"allow":["GET"]}}],"collection":[{"href":"https:\/\/joyasyasmin.com\/fr\/wp-json\/wp\/v2\/product"}],"about":[{"href":"https:\/\/joyasyasmin.com\/fr\/wp-json\/wp\/v2\/types\/product"}],"replies":[{"embeddable":true,"href":"https:\/\/joyasyasmin.com\/fr\/wp-json\/wp\/v2\/comments?post=20526"}],"version-history":[{"count":1,"href":"https:\/\/joyasyasmin.com\/fr\/wp-json\/wp\/v2\/product\/20526\/revisions"}],"predecessor-version":[{"id":34612,"href":"https:\/\/joyasyasmin.com\/fr\/wp-json\/wp\/v2\/product\/20526\/revisions\/34612"}],"wp:featuredmedia":[{"embeddable":true,"href":"https:\/\/joyasyasmin.com\/fr\/wp-json\/wp\/v2\/media\/20527"}],"wp:attachment":[{"href":"https:\/\/joyasyasmin.com\/fr\/wp-json\/wp\/v2\/media?parent=20526"}],"wp:term":[{"taxonomy":"product_brand","embeddable":true,"href":"https:\/\/joyasyasmin.com\/fr\/wp-json\/wp\/v2\/product_brand?post=20526"},{"taxonomy":"product_cat","embeddable":true,"href":"https:\/\/joyasyasmin.com\/fr\/wp-json\/wp\/v2\/product_cat?post=20526"},{"taxonomy":"product_tag","embeddable":true,"href":"https:\/\/joyasyasmin.com\/fr\/wp-json\/wp\/v2\/product_tag?post=20526"}],"curies":[{"name":"wp","href":"https:\/\/api.w.org\/{rel}","templated":true}]}}