{"id":20572,"date":"2024-08-26T17:03:53","date_gmt":"2024-08-26T17:03:53","guid":{"rendered":"https:\/\/joyasyasmin.com\/producto\/twin-moon-bracelet\/"},"modified":"2025-11-10T11:31:57","modified_gmt":"2025-11-10T11:31:57","slug":"twin-moon-bracelet","status":"publish","type":"product","link":"https:\/\/joyasyasmin.com\/fr\/producto\/twin-moon-bracelet\/","title":{"rendered":"Twin Moon Bracelet"},"content":{"rendered":"","protected":false},"excerpt":{"rendered":"<p>Le bracelet est compos\u00e9 d\u2019une s\u00e9rie de petites boules de 3 mm qui courent le long de toute sa structure, offrant un look \u00e9pur\u00e9 et contemporain. \u00c0 chaque extr\u00e9mit\u00e9 du bracelet ouvert, il y a deux boules plus grandes de 5 mm, qui non seulement ajoutent une touche de classe, mais \u00e9quilibrent \u00e9galement le design, cr\u00e9ant une fermeture visuelle harmonieuse. Cette structure ouverte permet au bracelet de s\u2019adapter confortablement \u00e0 diff\u00e9rentes tailles de poignet, offrant flexibilit\u00e9 et confort.<\/p>\n<p>Avec un diam\u00e8tre de 60 mm, le bracelet Twin Moon est parfait pour la plupart des poignets, hommes comme femmes. Son design unisexe et ouvert en fait un choix id\u00e9al pour ceux qui recherchent un accessoire qui peut compl\u00e9ter n\u2019importe quel style, du plus d\u00e9contract\u00e9 au plus formel. L\u2019argent utilis\u00e9 dans sa fabrication assure non seulement une brillance durable et un aspect poli, mais aussi une excellente r\u00e9sistance et une durabilit\u00e9 dans le temps.<\/p>\n","protected":false},"featured_media":20575,"comment_status":"open","ping_status":"closed","template":"","meta":{"_acf_changed":false,"_joinchat":[]},"product_brand":[],"product_cat":[1790],"product_tag":[],"class_list":{"0":"post-20572","1":"product","2":"type-product","3":"status-publish","4":"has-post-thumbnail","6":"product_cat-bracelets","8":"first","9":"instock","10":"shipping-taxable","11":"purchasable","12":"product-type-simple"},"acf":[],"yoast_head":"<!-- This site is optimized with the Yoast SEO plugin v27.2 - https:\/\/yoast.com\/product\/yoast-seo-wordpress\/ -->\n<title>Twin Moon Bracelet - Yasmin<\/title>\n<meta name=\"description\" content=\"Twin Moon Bracelet ouvert, il y a deux boules plus grandes de 5 mm, qui ajoutent non seulement une touche de distinction, mais \u00e9quilibrent \u00e9galement le design.\" \/>\n<meta name=\"robots\" content=\"index, follow, max-snippet:-1, max-image-preview:large, max-video-preview:-1\" \/>\n<link rel=\"canonical\" href=\"https:\/\/joyasyasmin.com\/fr\/producto\/twin-moon-bracelet\/\" \/>\n<meta property=\"og:locale\" content=\"fr_FR\" \/>\n<meta property=\"og:title\" content=\"Twin Moon Bracelet - Yasmin\" \/>\n<meta property=\"og:description\" content=\"Twin Moon Bracelet ouvert, il y a deux boules plus grandes de 5 mm, qui ajoutent non seulement une touche de distinction, mais \u00e9quilibrent \u00e9galement le design.\" \/>\n<meta property=\"og:url\" content=\"https:\/\/joyasyasmin.com\/fr\/producto\/twin-moon-bracelet\/\" \/>\n<meta property=\"og:site_name\" content=\"Yasmin\" \/>\n<meta property=\"article:publisher\" content=\"https:\/\/www.facebook.com\/Joyas-Yasmin-217664058934169\/\" \/>\n<meta property=\"article:modified_time\" content=\"2025-11-10T11:31:57+00:00\" \/>\n<meta property=\"og:image\" content=\"https:\/\/joyasyasmin.com\/wp-content\/uploads\/2024\/08\/pulsera-luna-gemela-de-bolas.jpg\" \/>\n\t<meta property=\"og:image:width\" content=\"1000\" \/>\n\t<meta property=\"og:image:height\" content=\"1000\" \/>\n\t<meta property=\"og:image:type\" content=\"image\/jpeg\" \/>\n<meta name=\"twitter:card\" content=\"summary_large_image\" \/>\n<script type=\"application\/ld+json\" class=\"yoast-schema-graph\">{\"@context\":\"https:\/\/schema.org\",\"@graph\":[{\"@type\":[\"WebPage\",\"ItemPage\"],\"@id\":\"https:\/\/joyasyasmin.com\/fr\/producto\/twin-moon-bracelet\/\",\"url\":\"https:\/\/joyasyasmin.com\/fr\/producto\/twin-moon-bracelet\/\",\"name\":\"Twin Moon Bracelet - Yasmin\",\"isPartOf\":{\"@id\":\"https:\/\/joyasyasmin.com\/fr\/#website\"},\"primaryImageOfPage\":{\"@id\":\"https:\/\/joyasyasmin.com\/fr\/producto\/twin-moon-bracelet\/#primaryimage\"},\"image\":{\"@id\":\"https:\/\/joyasyasmin.com\/fr\/producto\/twin-moon-bracelet\/#primaryimage\"},\"thumbnailUrl\":\"https:\/\/joyasyasmin.com\/wp-content\/uploads\/2024\/08\/pulsera-luna-gemela-de-bolas.jpg\",\"datePublished\":\"2024-08-26T17:03:53+00:00\",\"dateModified\":\"2025-11-10T11:31:57+00:00\",\"description\":\"Twin Moon Bracelet ouvert, il y a deux boules plus grandes de 5 mm, qui ajoutent non seulement une touche de distinction, mais \u00e9quilibrent \u00e9galement le design.\",\"breadcrumb\":{\"@id\":\"https:\/\/joyasyasmin.com\/fr\/producto\/twin-moon-bracelet\/#breadcrumb\"},\"inLanguage\":\"fr-FR\",\"potentialAction\":[{\"@type\":\"ReadAction\",\"target\":[\"https:\/\/joyasyasmin.com\/fr\/producto\/twin-moon-bracelet\/\"]}]},{\"@type\":\"ImageObject\",\"inLanguage\":\"fr-FR\",\"@id\":\"https:\/\/joyasyasmin.com\/fr\/producto\/twin-moon-bracelet\/#primaryimage\",\"url\":\"https:\/\/joyasyasmin.com\/wp-content\/uploads\/2024\/08\/pulsera-luna-gemela-de-bolas.jpg\",\"contentUrl\":\"https:\/\/joyasyasmin.com\/wp-content\/uploads\/2024\/08\/pulsera-luna-gemela-de-bolas.jpg\",\"width\":1000,\"height\":1000,\"caption\":\"Bracelet en argent sterling 925 twin moon \u00e0 vendre\"},{\"@type\":\"BreadcrumbList\",\"@id\":\"https:\/\/joyasyasmin.com\/fr\/producto\/twin-moon-bracelet\/#breadcrumb\",\"itemListElement\":[{\"@type\":\"ListItem\",\"position\":1,\"name\":\"Portada\",\"item\":\"https:\/\/joyasyasmin.com\/fr\/domicile\/\"},{\"@type\":\"ListItem\",\"position\":2,\"name\":\"Boutique\",\"item\":\"https:\/\/joyasyasmin.com\/fr\/boutique\/\"},{\"@type\":\"ListItem\",\"position\":3,\"name\":\"Twin Moon Bracelet\"}]},{\"@type\":\"WebSite\",\"@id\":\"https:\/\/joyasyasmin.com\/fr\/#website\",\"url\":\"https:\/\/joyasyasmin.com\/fr\/\",\"name\":\"Yasmin\",\"description\":\"Joyer\u00eda de Plata 925 - Pendientes, pulseras, anillos, colgantes y m\u00e1s!\",\"publisher\":{\"@id\":\"https:\/\/joyasyasmin.com\/fr\/#organization\"},\"potentialAction\":[{\"@type\":\"SearchAction\",\"target\":{\"@type\":\"EntryPoint\",\"urlTemplate\":\"https:\/\/joyasyasmin.com\/fr\/?s={search_term_string}\"},\"query-input\":{\"@type\":\"PropertyValueSpecification\",\"valueRequired\":true,\"valueName\":\"search_term_string\"}}],\"inLanguage\":\"fr-FR\"},{\"@type\":\"Organization\",\"@id\":\"https:\/\/joyasyasmin.com\/fr\/#organization\",\"name\":\"joyas yasmin\",\"url\":\"https:\/\/joyasyasmin.com\/fr\/\",\"logo\":{\"@type\":\"ImageObject\",\"inLanguage\":\"fr-FR\",\"@id\":\"https:\/\/joyasyasmin.com\/fr\/#\/schema\/logo\/image\/\",\"url\":\"https:\/\/joyasyasmin.com\/wp-content\/uploads\/2017\/06\/IMG-20200429-WA0051.jpg\",\"contentUrl\":\"https:\/\/joyasyasmin.com\/wp-content\/uploads\/2017\/06\/IMG-20200429-WA0051.jpg\",\"width\":1080,\"height\":545,\"caption\":\"joyas yasmin\"},\"image\":{\"@id\":\"https:\/\/joyasyasmin.com\/fr\/#\/schema\/logo\/image\/\"},\"sameAs\":[\"https:\/\/www.facebook.com\/Joyas-Yasmin-217664058934169\/\",\"https:\/\/www.instagram.com\/invites\/contact\/\"]}]}<\/script>\n<!-- \/ Yoast SEO plugin. -->","yoast_head_json":{"title":"Twin Moon Bracelet - Yasmin","description":"Twin Moon Bracelet ouvert, il y a deux boules plus grandes de 5 mm, qui ajoutent non seulement une touche de distinction, mais \u00e9quilibrent \u00e9galement le design.","robots":{"index":"index","follow":"follow","max-snippet":"max-snippet:-1","max-image-preview":"max-image-preview:large","max-video-preview":"max-video-preview:-1"},"canonical":"https:\/\/joyasyasmin.com\/fr\/producto\/twin-moon-bracelet\/","og_locale":"fr_FR","og_title":"Twin Moon Bracelet - Yasmin","og_description":"Twin Moon Bracelet ouvert, il y a deux boules plus grandes de 5 mm, qui ajoutent non seulement une touche de distinction, mais \u00e9quilibrent \u00e9galement le design.","og_url":"https:\/\/joyasyasmin.com\/fr\/producto\/twin-moon-bracelet\/","og_site_name":"Yasmin","article_publisher":"https:\/\/www.facebook.com\/Joyas-Yasmin-217664058934169\/","article_modified_time":"2025-11-10T11:31:57+00:00","og_image":[{"width":1000,"height":1000,"url":"https:\/\/joyasyasmin.com\/wp-content\/uploads\/2024\/08\/pulsera-luna-gemela-de-bolas.jpg","type":"image\/jpeg"}],"twitter_card":"summary_large_image","schema":{"@context":"https:\/\/schema.org","@graph":[{"@type":["WebPage","ItemPage"],"@id":"https:\/\/joyasyasmin.com\/fr\/producto\/twin-moon-bracelet\/","url":"https:\/\/joyasyasmin.com\/fr\/producto\/twin-moon-bracelet\/","name":"Twin Moon Bracelet - Yasmin","isPartOf":{"@id":"https:\/\/joyasyasmin.com\/fr\/#website"},"primaryImageOfPage":{"@id":"https:\/\/joyasyasmin.com\/fr\/producto\/twin-moon-bracelet\/#primaryimage"},"image":{"@id":"https:\/\/joyasyasmin.com\/fr\/producto\/twin-moon-bracelet\/#primaryimage"},"thumbnailUrl":"https:\/\/joyasyasmin.com\/wp-content\/uploads\/2024\/08\/pulsera-luna-gemela-de-bolas.jpg","datePublished":"2024-08-26T17:03:53+00:00","dateModified":"2025-11-10T11:31:57+00:00","description":"Twin Moon Bracelet ouvert, il y a deux boules plus grandes de 5 mm, qui ajoutent non seulement une touche de distinction, mais \u00e9quilibrent \u00e9galement le design.","breadcrumb":{"@id":"https:\/\/joyasyasmin.com\/fr\/producto\/twin-moon-bracelet\/#breadcrumb"},"inLanguage":"fr-FR","potentialAction":[{"@type":"ReadAction","target":["https:\/\/joyasyasmin.com\/fr\/producto\/twin-moon-bracelet\/"]}]},{"@type":"ImageObject","inLanguage":"fr-FR","@id":"https:\/\/joyasyasmin.com\/fr\/producto\/twin-moon-bracelet\/#primaryimage","url":"https:\/\/joyasyasmin.com\/wp-content\/uploads\/2024\/08\/pulsera-luna-gemela-de-bolas.jpg","contentUrl":"https:\/\/joyasyasmin.com\/wp-content\/uploads\/2024\/08\/pulsera-luna-gemela-de-bolas.jpg","width":1000,"height":1000,"caption":"Bracelet en argent sterling 925 twin moon \u00e0 vendre"},{"@type":"BreadcrumbList","@id":"https:\/\/joyasyasmin.com\/fr\/producto\/twin-moon-bracelet\/#breadcrumb","itemListElement":[{"@type":"ListItem","position":1,"name":"Portada","item":"https:\/\/joyasyasmin.com\/fr\/domicile\/"},{"@type":"ListItem","position":2,"name":"Boutique","item":"https:\/\/joyasyasmin.com\/fr\/boutique\/"},{"@type":"ListItem","position":3,"name":"Twin Moon Bracelet"}]},{"@type":"WebSite","@id":"https:\/\/joyasyasmin.com\/fr\/#website","url":"https:\/\/joyasyasmin.com\/fr\/","name":"Yasmin","description":"Joyer\u00eda de Plata 925 - Pendientes, pulseras, anillos, colgantes y m\u00e1s!","publisher":{"@id":"https:\/\/joyasyasmin.com\/fr\/#organization"},"potentialAction":[{"@type":"SearchAction","target":{"@type":"EntryPoint","urlTemplate":"https:\/\/joyasyasmin.com\/fr\/?s={search_term_string}"},"query-input":{"@type":"PropertyValueSpecification","valueRequired":true,"valueName":"search_term_string"}}],"inLanguage":"fr-FR"},{"@type":"Organization","@id":"https:\/\/joyasyasmin.com\/fr\/#organization","name":"joyas yasmin","url":"https:\/\/joyasyasmin.com\/fr\/","logo":{"@type":"ImageObject","inLanguage":"fr-FR","@id":"https:\/\/joyasyasmin.com\/fr\/#\/schema\/logo\/image\/","url":"https:\/\/joyasyasmin.com\/wp-content\/uploads\/2017\/06\/IMG-20200429-WA0051.jpg","contentUrl":"https:\/\/joyasyasmin.com\/wp-content\/uploads\/2017\/06\/IMG-20200429-WA0051.jpg","width":1080,"height":545,"caption":"joyas yasmin"},"image":{"@id":"https:\/\/joyasyasmin.com\/fr\/#\/schema\/logo\/image\/"},"sameAs":["https:\/\/www.facebook.com\/Joyas-Yasmin-217664058934169\/","https:\/\/www.instagram.com\/invites\/contact\/"]}]}},"_links":{"self":[{"href":"https:\/\/joyasyasmin.com\/fr\/wp-json\/wp\/v2\/product\/20572","targetHints":{"allow":["GET"]}}],"collection":[{"href":"https:\/\/joyasyasmin.com\/fr\/wp-json\/wp\/v2\/product"}],"about":[{"href":"https:\/\/joyasyasmin.com\/fr\/wp-json\/wp\/v2\/types\/product"}],"replies":[{"embeddable":true,"href":"https:\/\/joyasyasmin.com\/fr\/wp-json\/wp\/v2\/comments?post=20572"}],"version-history":[{"count":1,"href":"https:\/\/joyasyasmin.com\/fr\/wp-json\/wp\/v2\/product\/20572\/revisions"}],"predecessor-version":[{"id":35784,"href":"https:\/\/joyasyasmin.com\/fr\/wp-json\/wp\/v2\/product\/20572\/revisions\/35784"}],"wp:featuredmedia":[{"embeddable":true,"href":"https:\/\/joyasyasmin.com\/fr\/wp-json\/wp\/v2\/media\/20575"}],"wp:attachment":[{"href":"https:\/\/joyasyasmin.com\/fr\/wp-json\/wp\/v2\/media?parent=20572"}],"wp:term":[{"taxonomy":"product_brand","embeddable":true,"href":"https:\/\/joyasyasmin.com\/fr\/wp-json\/wp\/v2\/product_brand?post=20572"},{"taxonomy":"product_cat","embeddable":true,"href":"https:\/\/joyasyasmin.com\/fr\/wp-json\/wp\/v2\/product_cat?post=20572"},{"taxonomy":"product_tag","embeddable":true,"href":"https:\/\/joyasyasmin.com\/fr\/wp-json\/wp\/v2\/product_tag?post=20572"}],"curies":[{"name":"wp","href":"https:\/\/api.w.org\/{rel}","templated":true}]}}