{"id":20605,"date":"2024-06-24T20:46:41","date_gmt":"2024-06-24T20:46:41","guid":{"rendered":"https:\/\/joyasyasmin.com\/producto\/attelle-de-cheville-travel-adventures\/"},"modified":"2025-11-10T11:31:49","modified_gmt":"2025-11-10T11:31:49","slug":"attelle-de-cheville-travel-adventures","status":"publish","type":"product","link":"https:\/\/joyasyasmin.com\/fr\/producto\/attelle-de-cheville-travel-adventures\/","title":{"rendered":"Attelle de cheville Travel Adventures"},"content":{"rendered":"","protected":false},"excerpt":{"rendered":"<p>Le bracelet de cheville Travel Adventures est un bijou d\u00e9licat et moderne, fabriqu\u00e9 en argent sterling 925. Son design se caract\u00e9rise par une cha\u00eene de maillons allong\u00e9s, se combinant \u00e9l\u00e9gamment avec de petites boules argent\u00e9es de 2 mm, qui lui donnent une touche subtile et sophistiqu\u00e9e. Avec une longueur de 22 cm, plus une extension suppl\u00e9mentaire de 3 cm, cette attelle de cheville offre un ajustement confortable et flexible, adapt\u00e9 \u00e0 toutes les tailles de cheville.  <\/p>\n<p>L\u2019un des points forts de ce bracelet de cheville est ses trois pendentifs uniques et significatifs : deux avions et une carte du monde. Non seulement ces pendentifs ajoutent un attrait visuel, mais ils \u00e9voquent \u00e9galement un esprit aventureux et l\u2019amour des voyages. L\u2019Anklet est id\u00e9al pour ceux qui veulent emporter avec eux un symbole de leurs explorations et de leurs r\u00eaves de parcourir le monde.  <\/p>\n","protected":false},"featured_media":20610,"comment_status":"open","ping_status":"closed","template":"elementor_header_footer","meta":{"_acf_changed":false,"_joinchat":[]},"product_brand":[],"product_cat":[1909],"product_tag":[],"class_list":{"0":"post-20605","1":"product","2":"type-product","3":"status-publish","4":"has-post-thumbnail","6":"product_cat-cheville","8":"first","9":"instock","10":"shipping-taxable","11":"purchasable","12":"product-type-simple"},"acf":[],"yoast_head":"<!-- This site is optimized with the Yoast SEO plugin v27.2 - https:\/\/yoast.com\/product\/yoast-seo-wordpress\/ -->\n<title>Attelle de cheville Travel Adventures - Yasmin<\/title>\n<meta name=\"description\" content=\"Attelle de cheville Travel Adventures, son design ajoute un attrait visuel, mais \u00e9voque \u00e9galement un esprit aventureux et l\u2019amour du voyage. Argent sterling.\" \/>\n<meta name=\"robots\" content=\"index, follow, max-snippet:-1, max-image-preview:large, max-video-preview:-1\" \/>\n<link rel=\"canonical\" href=\"https:\/\/joyasyasmin.com\/fr\/producto\/attelle-de-cheville-travel-adventures\/\" \/>\n<meta property=\"og:locale\" content=\"fr_FR\" \/>\n<meta property=\"og:title\" content=\"Attelle de cheville Travel Adventures - Yasmin\" \/>\n<meta property=\"og:description\" content=\"Attelle de cheville Travel Adventures, son design ajoute un attrait visuel, mais \u00e9voque \u00e9galement un esprit aventureux et l\u2019amour du voyage. Argent sterling.\" \/>\n<meta property=\"og:url\" content=\"https:\/\/joyasyasmin.com\/fr\/producto\/attelle-de-cheville-travel-adventures\/\" \/>\n<meta property=\"og:site_name\" content=\"Yasmin\" \/>\n<meta property=\"article:publisher\" content=\"https:\/\/www.facebook.com\/Joyas-Yasmin-217664058934169\/\" \/>\n<meta property=\"article:modified_time\" content=\"2025-11-10T11:31:49+00:00\" \/>\n<meta property=\"og:image\" content=\"https:\/\/joyasyasmin.com\/wp-content\/uploads\/2024\/06\/tobillera-mundo.jpg\" \/>\n\t<meta property=\"og:image:width\" content=\"1000\" \/>\n\t<meta property=\"og:image:height\" content=\"1000\" \/>\n\t<meta property=\"og:image:type\" content=\"image\/jpeg\" \/>\n<meta name=\"twitter:card\" content=\"summary_large_image\" \/>\n<script type=\"application\/ld+json\" class=\"yoast-schema-graph\">{\"@context\":\"https:\/\/schema.org\",\"@graph\":[{\"@type\":[\"WebPage\",\"ItemPage\"],\"@id\":\"https:\/\/joyasyasmin.com\/fr\/producto\/attelle-de-cheville-travel-adventures\/\",\"url\":\"https:\/\/joyasyasmin.com\/fr\/producto\/attelle-de-cheville-travel-adventures\/\",\"name\":\"Attelle de cheville Travel Adventures - Yasmin\",\"isPartOf\":{\"@id\":\"https:\/\/joyasyasmin.com\/fr\/#website\"},\"primaryImageOfPage\":{\"@id\":\"https:\/\/joyasyasmin.com\/fr\/producto\/attelle-de-cheville-travel-adventures\/#primaryimage\"},\"image\":{\"@id\":\"https:\/\/joyasyasmin.com\/fr\/producto\/attelle-de-cheville-travel-adventures\/#primaryimage\"},\"thumbnailUrl\":\"https:\/\/joyasyasmin.com\/wp-content\/uploads\/2024\/06\/tobillera-mundo.jpg\",\"datePublished\":\"2024-06-24T20:46:41+00:00\",\"dateModified\":\"2025-11-10T11:31:49+00:00\",\"description\":\"Attelle de cheville Travel Adventures, son design ajoute un attrait visuel, mais \u00e9voque \u00e9galement un esprit aventureux et l\u2019amour du voyage. Argent sterling.\",\"breadcrumb\":{\"@id\":\"https:\/\/joyasyasmin.com\/fr\/producto\/attelle-de-cheville-travel-adventures\/#breadcrumb\"},\"inLanguage\":\"fr-FR\",\"potentialAction\":[{\"@type\":\"ReadAction\",\"target\":[\"https:\/\/joyasyasmin.com\/fr\/producto\/attelle-de-cheville-travel-adventures\/\"]}]},{\"@type\":\"ImageObject\",\"inLanguage\":\"fr-FR\",\"@id\":\"https:\/\/joyasyasmin.com\/fr\/producto\/attelle-de-cheville-travel-adventures\/#primaryimage\",\"url\":\"https:\/\/joyasyasmin.com\/wp-content\/uploads\/2024\/06\/tobillera-mundo.jpg\",\"contentUrl\":\"https:\/\/joyasyasmin.com\/wp-content\/uploads\/2024\/06\/tobillera-mundo.jpg\",\"width\":1000,\"height\":1000,\"caption\":\"Bracelet de cheville en argent sterling 925 Travel Adventure \u00e0 vendre\"},{\"@type\":\"BreadcrumbList\",\"@id\":\"https:\/\/joyasyasmin.com\/fr\/producto\/attelle-de-cheville-travel-adventures\/#breadcrumb\",\"itemListElement\":[{\"@type\":\"ListItem\",\"position\":1,\"name\":\"Portada\",\"item\":\"https:\/\/joyasyasmin.com\/fr\/domicile\/\"},{\"@type\":\"ListItem\",\"position\":2,\"name\":\"Boutique\",\"item\":\"https:\/\/joyasyasmin.com\/fr\/boutique\/\"},{\"@type\":\"ListItem\",\"position\":3,\"name\":\"Attelle de cheville Travel Adventures\"}]},{\"@type\":\"WebSite\",\"@id\":\"https:\/\/joyasyasmin.com\/fr\/#website\",\"url\":\"https:\/\/joyasyasmin.com\/fr\/\",\"name\":\"Yasmin\",\"description\":\"Joyer\u00eda de Plata 925 - Pendientes, pulseras, anillos, colgantes y m\u00e1s!\",\"publisher\":{\"@id\":\"https:\/\/joyasyasmin.com\/fr\/#organization\"},\"potentialAction\":[{\"@type\":\"SearchAction\",\"target\":{\"@type\":\"EntryPoint\",\"urlTemplate\":\"https:\/\/joyasyasmin.com\/fr\/?s={search_term_string}\"},\"query-input\":{\"@type\":\"PropertyValueSpecification\",\"valueRequired\":true,\"valueName\":\"search_term_string\"}}],\"inLanguage\":\"fr-FR\"},{\"@type\":\"Organization\",\"@id\":\"https:\/\/joyasyasmin.com\/fr\/#organization\",\"name\":\"joyas yasmin\",\"url\":\"https:\/\/joyasyasmin.com\/fr\/\",\"logo\":{\"@type\":\"ImageObject\",\"inLanguage\":\"fr-FR\",\"@id\":\"https:\/\/joyasyasmin.com\/fr\/#\/schema\/logo\/image\/\",\"url\":\"https:\/\/joyasyasmin.com\/wp-content\/uploads\/2017\/06\/IMG-20200429-WA0051.jpg\",\"contentUrl\":\"https:\/\/joyasyasmin.com\/wp-content\/uploads\/2017\/06\/IMG-20200429-WA0051.jpg\",\"width\":1080,\"height\":545,\"caption\":\"joyas yasmin\"},\"image\":{\"@id\":\"https:\/\/joyasyasmin.com\/fr\/#\/schema\/logo\/image\/\"},\"sameAs\":[\"https:\/\/www.facebook.com\/Joyas-Yasmin-217664058934169\/\",\"https:\/\/www.instagram.com\/invites\/contact\/\"]}]}<\/script>\n<!-- \/ Yoast SEO plugin. -->","yoast_head_json":{"title":"Attelle de cheville Travel Adventures - Yasmin","description":"Attelle de cheville Travel Adventures, son design ajoute un attrait visuel, mais \u00e9voque \u00e9galement un esprit aventureux et l\u2019amour du voyage. Argent sterling.","robots":{"index":"index","follow":"follow","max-snippet":"max-snippet:-1","max-image-preview":"max-image-preview:large","max-video-preview":"max-video-preview:-1"},"canonical":"https:\/\/joyasyasmin.com\/fr\/producto\/attelle-de-cheville-travel-adventures\/","og_locale":"fr_FR","og_title":"Attelle de cheville Travel Adventures - Yasmin","og_description":"Attelle de cheville Travel Adventures, son design ajoute un attrait visuel, mais \u00e9voque \u00e9galement un esprit aventureux et l\u2019amour du voyage. Argent sterling.","og_url":"https:\/\/joyasyasmin.com\/fr\/producto\/attelle-de-cheville-travel-adventures\/","og_site_name":"Yasmin","article_publisher":"https:\/\/www.facebook.com\/Joyas-Yasmin-217664058934169\/","article_modified_time":"2025-11-10T11:31:49+00:00","og_image":[{"width":1000,"height":1000,"url":"https:\/\/joyasyasmin.com\/wp-content\/uploads\/2024\/06\/tobillera-mundo.jpg","type":"image\/jpeg"}],"twitter_card":"summary_large_image","schema":{"@context":"https:\/\/schema.org","@graph":[{"@type":["WebPage","ItemPage"],"@id":"https:\/\/joyasyasmin.com\/fr\/producto\/attelle-de-cheville-travel-adventures\/","url":"https:\/\/joyasyasmin.com\/fr\/producto\/attelle-de-cheville-travel-adventures\/","name":"Attelle de cheville Travel Adventures - Yasmin","isPartOf":{"@id":"https:\/\/joyasyasmin.com\/fr\/#website"},"primaryImageOfPage":{"@id":"https:\/\/joyasyasmin.com\/fr\/producto\/attelle-de-cheville-travel-adventures\/#primaryimage"},"image":{"@id":"https:\/\/joyasyasmin.com\/fr\/producto\/attelle-de-cheville-travel-adventures\/#primaryimage"},"thumbnailUrl":"https:\/\/joyasyasmin.com\/wp-content\/uploads\/2024\/06\/tobillera-mundo.jpg","datePublished":"2024-06-24T20:46:41+00:00","dateModified":"2025-11-10T11:31:49+00:00","description":"Attelle de cheville Travel Adventures, son design ajoute un attrait visuel, mais \u00e9voque \u00e9galement un esprit aventureux et l\u2019amour du voyage. Argent sterling.","breadcrumb":{"@id":"https:\/\/joyasyasmin.com\/fr\/producto\/attelle-de-cheville-travel-adventures\/#breadcrumb"},"inLanguage":"fr-FR","potentialAction":[{"@type":"ReadAction","target":["https:\/\/joyasyasmin.com\/fr\/producto\/attelle-de-cheville-travel-adventures\/"]}]},{"@type":"ImageObject","inLanguage":"fr-FR","@id":"https:\/\/joyasyasmin.com\/fr\/producto\/attelle-de-cheville-travel-adventures\/#primaryimage","url":"https:\/\/joyasyasmin.com\/wp-content\/uploads\/2024\/06\/tobillera-mundo.jpg","contentUrl":"https:\/\/joyasyasmin.com\/wp-content\/uploads\/2024\/06\/tobillera-mundo.jpg","width":1000,"height":1000,"caption":"Bracelet de cheville en argent sterling 925 Travel Adventure \u00e0 vendre"},{"@type":"BreadcrumbList","@id":"https:\/\/joyasyasmin.com\/fr\/producto\/attelle-de-cheville-travel-adventures\/#breadcrumb","itemListElement":[{"@type":"ListItem","position":1,"name":"Portada","item":"https:\/\/joyasyasmin.com\/fr\/domicile\/"},{"@type":"ListItem","position":2,"name":"Boutique","item":"https:\/\/joyasyasmin.com\/fr\/boutique\/"},{"@type":"ListItem","position":3,"name":"Attelle de cheville Travel Adventures"}]},{"@type":"WebSite","@id":"https:\/\/joyasyasmin.com\/fr\/#website","url":"https:\/\/joyasyasmin.com\/fr\/","name":"Yasmin","description":"Joyer\u00eda de Plata 925 - Pendientes, pulseras, anillos, colgantes y m\u00e1s!","publisher":{"@id":"https:\/\/joyasyasmin.com\/fr\/#organization"},"potentialAction":[{"@type":"SearchAction","target":{"@type":"EntryPoint","urlTemplate":"https:\/\/joyasyasmin.com\/fr\/?s={search_term_string}"},"query-input":{"@type":"PropertyValueSpecification","valueRequired":true,"valueName":"search_term_string"}}],"inLanguage":"fr-FR"},{"@type":"Organization","@id":"https:\/\/joyasyasmin.com\/fr\/#organization","name":"joyas yasmin","url":"https:\/\/joyasyasmin.com\/fr\/","logo":{"@type":"ImageObject","inLanguage":"fr-FR","@id":"https:\/\/joyasyasmin.com\/fr\/#\/schema\/logo\/image\/","url":"https:\/\/joyasyasmin.com\/wp-content\/uploads\/2017\/06\/IMG-20200429-WA0051.jpg","contentUrl":"https:\/\/joyasyasmin.com\/wp-content\/uploads\/2017\/06\/IMG-20200429-WA0051.jpg","width":1080,"height":545,"caption":"joyas yasmin"},"image":{"@id":"https:\/\/joyasyasmin.com\/fr\/#\/schema\/logo\/image\/"},"sameAs":["https:\/\/www.facebook.com\/Joyas-Yasmin-217664058934169\/","https:\/\/www.instagram.com\/invites\/contact\/"]}]}},"_links":{"self":[{"href":"https:\/\/joyasyasmin.com\/fr\/wp-json\/wp\/v2\/product\/20605","targetHints":{"allow":["GET"]}}],"collection":[{"href":"https:\/\/joyasyasmin.com\/fr\/wp-json\/wp\/v2\/product"}],"about":[{"href":"https:\/\/joyasyasmin.com\/fr\/wp-json\/wp\/v2\/types\/product"}],"replies":[{"embeddable":true,"href":"https:\/\/joyasyasmin.com\/fr\/wp-json\/wp\/v2\/comments?post=20605"}],"version-history":[{"count":1,"href":"https:\/\/joyasyasmin.com\/fr\/wp-json\/wp\/v2\/product\/20605\/revisions"}],"predecessor-version":[{"id":34583,"href":"https:\/\/joyasyasmin.com\/fr\/wp-json\/wp\/v2\/product\/20605\/revisions\/34583"}],"wp:featuredmedia":[{"embeddable":true,"href":"https:\/\/joyasyasmin.com\/fr\/wp-json\/wp\/v2\/media\/20610"}],"wp:attachment":[{"href":"https:\/\/joyasyasmin.com\/fr\/wp-json\/wp\/v2\/media?parent=20605"}],"wp:term":[{"taxonomy":"product_brand","embeddable":true,"href":"https:\/\/joyasyasmin.com\/fr\/wp-json\/wp\/v2\/product_brand?post=20605"},{"taxonomy":"product_cat","embeddable":true,"href":"https:\/\/joyasyasmin.com\/fr\/wp-json\/wp\/v2\/product_cat?post=20605"},{"taxonomy":"product_tag","embeddable":true,"href":"https:\/\/joyasyasmin.com\/fr\/wp-json\/wp\/v2\/product_tag?post=20605"}],"curies":[{"name":"wp","href":"https:\/\/api.w.org\/{rel}","templated":true}]}}