{"id":20634,"date":"2024-07-07T12:37:25","date_gmt":"2024-07-07T12:37:25","guid":{"rendered":"https:\/\/joyasyasmin.com\/producto\/magie-eternelle-du-noeud-de-sorciere\/"},"modified":"2025-05-20T09:01:03","modified_gmt":"2025-05-20T09:01:03","slug":"magie-eternelle-du-noeud-de-sorciere","status":"publish","type":"product","link":"https:\/\/joyasyasmin.com\/fr\/producto\/magie-eternelle-du-noeud-de-sorciere\/","title":{"rendered":"Magie \u00e9ternelle du n\u0153ud de sorci\u00e8re"},"content":{"rendered":"","protected":false},"excerpt":{"rendered":"<p>D\u00e9couvrez le myst\u00e8re et l\u2019\u00e9l\u00e9gance avec notre pendentif N\u0153ud de Sorci\u00e8re \u00ab&nbsp;Magie \u00c9ternelle&nbsp;\u00bb. Ce pendentif exquis, d\u2019une longueur de 3,5 cm et d\u2019une largeur de 3 cm, est con\u00e7u avec une pierre centrale que vous pouvez personnaliser en trois options \u00e9blouissantes : rubis, turquoise ou pierre de lune. La pi\u00e8ce est fabriqu\u00e9e en argent sterling 925, gage de qualit\u00e9 et de durabilit\u00e9.  <\/p>\n<p>Le pendentif Witch\u2019s Knot \u00ab&nbsp;Eternal Magic&nbsp;\u00bb est livr\u00e9 avec une d\u00e9licate cha\u00eene rolo de 45 cm, qui compl\u00e8te parfaitement son charmant design. Le n\u0153ud de sorci\u00e8re, symbole ancestral de protection et de puissance, repr\u00e9sente la connexion infinie et la continuit\u00e9 de la vie, offrant non seulement de la beaut\u00e9, mais aussi une signification profonde et mystique. <\/p>\n<p>Id\u00e9al pour toutes les occasions, ce pendentif est parfait pour ceux qui cherchent \u00e0 ajouter une touche de magie et de sens \u00e0 leur style quotidien. N\u2019attendez plus pour vous approprier ce symbole de protection et d\u2019\u00e9l\u00e9gance. <\/p>\n","protected":false},"featured_media":31363,"comment_status":"open","ping_status":"closed","template":"","meta":{"_acf_changed":false,"_joinchat":[]},"product_brand":[],"product_cat":[1875],"product_tag":[],"class_list":{"0":"post-20634","1":"product","2":"type-product","3":"status-publish","4":"has-post-thumbnail","6":"product_cat-pendentifs","8":"first","9":"instock","10":"shipping-taxable","11":"purchasable","12":"product-type-variable"},"acf":[],"yoast_head":"<!-- This site is optimized with the Yoast SEO plugin v27.2 - https:\/\/yoast.com\/product\/yoast-seo-wordpress\/ -->\n<title>Magie \u00e9ternelle du n\u0153ud de sorci\u00e8re - Yasmin<\/title>\n<meta name=\"description\" content=\"Le pendentif noeud de sorci\u00e8re magique \u00e9ternel est un puissant charme de protection, utilis\u00e9 pour se prot\u00e9ger contre le mal et attirer les \u00e9nergies positives.\" \/>\n<meta name=\"robots\" content=\"index, follow, max-snippet:-1, max-image-preview:large, max-video-preview:-1\" \/>\n<link rel=\"canonical\" href=\"https:\/\/joyasyasmin.com\/fr\/producto\/magie-eternelle-du-noeud-de-sorciere\/\" \/>\n<meta property=\"og:locale\" content=\"fr_FR\" \/>\n<meta property=\"og:title\" content=\"Magie \u00e9ternelle du n\u0153ud de sorci\u00e8re - Yasmin\" \/>\n<meta property=\"og:description\" content=\"Le pendentif noeud de sorci\u00e8re magique \u00e9ternel est un puissant charme de protection, utilis\u00e9 pour se prot\u00e9ger contre le mal et attirer les \u00e9nergies positives.\" \/>\n<meta property=\"og:url\" content=\"https:\/\/joyasyasmin.com\/fr\/producto\/magie-eternelle-du-noeud-de-sorciere\/\" \/>\n<meta property=\"og:site_name\" content=\"Yasmin\" \/>\n<meta property=\"article:publisher\" content=\"https:\/\/www.facebook.com\/Joyas-Yasmin-217664058934169\/\" \/>\n<meta property=\"article:modified_time\" content=\"2025-05-20T09:01:03+00:00\" \/>\n<meta property=\"og:image\" content=\"https:\/\/joyasyasmin.com\/wp-content\/uploads\/2024\/07\/coglante-turquesa-nudo-de-bruja.jpg\" \/>\n\t<meta property=\"og:image:width\" content=\"1000\" \/>\n\t<meta property=\"og:image:height\" content=\"1000\" \/>\n\t<meta property=\"og:image:type\" content=\"image\/jpeg\" \/>\n<meta name=\"twitter:card\" content=\"summary_large_image\" \/>\n<script type=\"application\/ld+json\" class=\"yoast-schema-graph\">{\"@context\":\"https:\/\/schema.org\",\"@graph\":[{\"@type\":[\"WebPage\",\"ItemPage\"],\"@id\":\"https:\/\/joyasyasmin.com\/fr\/producto\/magie-eternelle-du-noeud-de-sorciere\/\",\"url\":\"https:\/\/joyasyasmin.com\/fr\/producto\/magie-eternelle-du-noeud-de-sorciere\/\",\"name\":\"Magie \u00e9ternelle du n\u0153ud de sorci\u00e8re - Yasmin\",\"isPartOf\":{\"@id\":\"https:\/\/joyasyasmin.com\/fr\/#website\"},\"primaryImageOfPage\":{\"@id\":\"https:\/\/joyasyasmin.com\/fr\/producto\/magie-eternelle-du-noeud-de-sorciere\/#primaryimage\"},\"image\":{\"@id\":\"https:\/\/joyasyasmin.com\/fr\/producto\/magie-eternelle-du-noeud-de-sorciere\/#primaryimage\"},\"thumbnailUrl\":\"https:\/\/joyasyasmin.com\/wp-content\/uploads\/2024\/07\/coglante-turquesa-nudo-de-bruja.jpg\",\"datePublished\":\"2024-07-07T12:37:25+00:00\",\"dateModified\":\"2025-05-20T09:01:03+00:00\",\"description\":\"Le pendentif noeud de sorci\u00e8re magique \u00e9ternel est un puissant charme de protection, utilis\u00e9 pour se prot\u00e9ger contre le mal et attirer les \u00e9nergies positives.\",\"breadcrumb\":{\"@id\":\"https:\/\/joyasyasmin.com\/fr\/producto\/magie-eternelle-du-noeud-de-sorciere\/#breadcrumb\"},\"inLanguage\":\"fr-FR\",\"potentialAction\":[{\"@type\":\"ReadAction\",\"target\":[\"https:\/\/joyasyasmin.com\/fr\/producto\/magie-eternelle-du-noeud-de-sorciere\/\"]}]},{\"@type\":\"ImageObject\",\"inLanguage\":\"fr-FR\",\"@id\":\"https:\/\/joyasyasmin.com\/fr\/producto\/magie-eternelle-du-noeud-de-sorciere\/#primaryimage\",\"url\":\"https:\/\/joyasyasmin.com\/wp-content\/uploads\/2024\/07\/coglante-turquesa-nudo-de-bruja.jpg\",\"contentUrl\":\"https:\/\/joyasyasmin.com\/wp-content\/uploads\/2024\/07\/coglante-turquesa-nudo-de-bruja.jpg\",\"width\":1000,\"height\":1000,\"caption\":\"Vente noeud de sorci\u00e8re pendentif avec Turquoise\"},{\"@type\":\"BreadcrumbList\",\"@id\":\"https:\/\/joyasyasmin.com\/fr\/producto\/magie-eternelle-du-noeud-de-sorciere\/#breadcrumb\",\"itemListElement\":[{\"@type\":\"ListItem\",\"position\":1,\"name\":\"Portada\",\"item\":\"https:\/\/joyasyasmin.com\/fr\/domicile\/\"},{\"@type\":\"ListItem\",\"position\":2,\"name\":\"Boutique\",\"item\":\"https:\/\/joyasyasmin.com\/fr\/boutique\/\"},{\"@type\":\"ListItem\",\"position\":3,\"name\":\"Magie \u00e9ternelle du n\u0153ud de sorci\u00e8re\"}]},{\"@type\":\"WebSite\",\"@id\":\"https:\/\/joyasyasmin.com\/fr\/#website\",\"url\":\"https:\/\/joyasyasmin.com\/fr\/\",\"name\":\"Yasmin\",\"description\":\"Joyer\u00eda de Plata 925 - Pendientes, pulseras, anillos, colgantes y m\u00e1s!\",\"publisher\":{\"@id\":\"https:\/\/joyasyasmin.com\/fr\/#organization\"},\"potentialAction\":[{\"@type\":\"SearchAction\",\"target\":{\"@type\":\"EntryPoint\",\"urlTemplate\":\"https:\/\/joyasyasmin.com\/fr\/?s={search_term_string}\"},\"query-input\":{\"@type\":\"PropertyValueSpecification\",\"valueRequired\":true,\"valueName\":\"search_term_string\"}}],\"inLanguage\":\"fr-FR\"},{\"@type\":\"Organization\",\"@id\":\"https:\/\/joyasyasmin.com\/fr\/#organization\",\"name\":\"joyas yasmin\",\"url\":\"https:\/\/joyasyasmin.com\/fr\/\",\"logo\":{\"@type\":\"ImageObject\",\"inLanguage\":\"fr-FR\",\"@id\":\"https:\/\/joyasyasmin.com\/fr\/#\/schema\/logo\/image\/\",\"url\":\"https:\/\/joyasyasmin.com\/wp-content\/uploads\/2017\/06\/IMG-20200429-WA0051.jpg\",\"contentUrl\":\"https:\/\/joyasyasmin.com\/wp-content\/uploads\/2017\/06\/IMG-20200429-WA0051.jpg\",\"width\":1080,\"height\":545,\"caption\":\"joyas yasmin\"},\"image\":{\"@id\":\"https:\/\/joyasyasmin.com\/fr\/#\/schema\/logo\/image\/\"},\"sameAs\":[\"https:\/\/www.facebook.com\/Joyas-Yasmin-217664058934169\/\",\"https:\/\/www.instagram.com\/invites\/contact\/\"]}]}<\/script>\n<!-- \/ Yoast SEO plugin. -->","yoast_head_json":{"title":"Magie \u00e9ternelle du n\u0153ud de sorci\u00e8re - Yasmin","description":"Le pendentif noeud de sorci\u00e8re magique \u00e9ternel est un puissant charme de protection, utilis\u00e9 pour se prot\u00e9ger contre le mal et attirer les \u00e9nergies positives.","robots":{"index":"index","follow":"follow","max-snippet":"max-snippet:-1","max-image-preview":"max-image-preview:large","max-video-preview":"max-video-preview:-1"},"canonical":"https:\/\/joyasyasmin.com\/fr\/producto\/magie-eternelle-du-noeud-de-sorciere\/","og_locale":"fr_FR","og_title":"Magie \u00e9ternelle du n\u0153ud de sorci\u00e8re - Yasmin","og_description":"Le pendentif noeud de sorci\u00e8re magique \u00e9ternel est un puissant charme de protection, utilis\u00e9 pour se prot\u00e9ger contre le mal et attirer les \u00e9nergies positives.","og_url":"https:\/\/joyasyasmin.com\/fr\/producto\/magie-eternelle-du-noeud-de-sorciere\/","og_site_name":"Yasmin","article_publisher":"https:\/\/www.facebook.com\/Joyas-Yasmin-217664058934169\/","article_modified_time":"2025-05-20T09:01:03+00:00","og_image":[{"width":1000,"height":1000,"url":"https:\/\/joyasyasmin.com\/wp-content\/uploads\/2024\/07\/coglante-turquesa-nudo-de-bruja.jpg","type":"image\/jpeg"}],"twitter_card":"summary_large_image","schema":{"@context":"https:\/\/schema.org","@graph":[{"@type":["WebPage","ItemPage"],"@id":"https:\/\/joyasyasmin.com\/fr\/producto\/magie-eternelle-du-noeud-de-sorciere\/","url":"https:\/\/joyasyasmin.com\/fr\/producto\/magie-eternelle-du-noeud-de-sorciere\/","name":"Magie \u00e9ternelle du n\u0153ud de sorci\u00e8re - Yasmin","isPartOf":{"@id":"https:\/\/joyasyasmin.com\/fr\/#website"},"primaryImageOfPage":{"@id":"https:\/\/joyasyasmin.com\/fr\/producto\/magie-eternelle-du-noeud-de-sorciere\/#primaryimage"},"image":{"@id":"https:\/\/joyasyasmin.com\/fr\/producto\/magie-eternelle-du-noeud-de-sorciere\/#primaryimage"},"thumbnailUrl":"https:\/\/joyasyasmin.com\/wp-content\/uploads\/2024\/07\/coglante-turquesa-nudo-de-bruja.jpg","datePublished":"2024-07-07T12:37:25+00:00","dateModified":"2025-05-20T09:01:03+00:00","description":"Le pendentif noeud de sorci\u00e8re magique \u00e9ternel est un puissant charme de protection, utilis\u00e9 pour se prot\u00e9ger contre le mal et attirer les \u00e9nergies positives.","breadcrumb":{"@id":"https:\/\/joyasyasmin.com\/fr\/producto\/magie-eternelle-du-noeud-de-sorciere\/#breadcrumb"},"inLanguage":"fr-FR","potentialAction":[{"@type":"ReadAction","target":["https:\/\/joyasyasmin.com\/fr\/producto\/magie-eternelle-du-noeud-de-sorciere\/"]}]},{"@type":"ImageObject","inLanguage":"fr-FR","@id":"https:\/\/joyasyasmin.com\/fr\/producto\/magie-eternelle-du-noeud-de-sorciere\/#primaryimage","url":"https:\/\/joyasyasmin.com\/wp-content\/uploads\/2024\/07\/coglante-turquesa-nudo-de-bruja.jpg","contentUrl":"https:\/\/joyasyasmin.com\/wp-content\/uploads\/2024\/07\/coglante-turquesa-nudo-de-bruja.jpg","width":1000,"height":1000,"caption":"Vente noeud de sorci\u00e8re pendentif avec Turquoise"},{"@type":"BreadcrumbList","@id":"https:\/\/joyasyasmin.com\/fr\/producto\/magie-eternelle-du-noeud-de-sorciere\/#breadcrumb","itemListElement":[{"@type":"ListItem","position":1,"name":"Portada","item":"https:\/\/joyasyasmin.com\/fr\/domicile\/"},{"@type":"ListItem","position":2,"name":"Boutique","item":"https:\/\/joyasyasmin.com\/fr\/boutique\/"},{"@type":"ListItem","position":3,"name":"Magie \u00e9ternelle du n\u0153ud de sorci\u00e8re"}]},{"@type":"WebSite","@id":"https:\/\/joyasyasmin.com\/fr\/#website","url":"https:\/\/joyasyasmin.com\/fr\/","name":"Yasmin","description":"Joyer\u00eda de Plata 925 - Pendientes, pulseras, anillos, colgantes y m\u00e1s!","publisher":{"@id":"https:\/\/joyasyasmin.com\/fr\/#organization"},"potentialAction":[{"@type":"SearchAction","target":{"@type":"EntryPoint","urlTemplate":"https:\/\/joyasyasmin.com\/fr\/?s={search_term_string}"},"query-input":{"@type":"PropertyValueSpecification","valueRequired":true,"valueName":"search_term_string"}}],"inLanguage":"fr-FR"},{"@type":"Organization","@id":"https:\/\/joyasyasmin.com\/fr\/#organization","name":"joyas yasmin","url":"https:\/\/joyasyasmin.com\/fr\/","logo":{"@type":"ImageObject","inLanguage":"fr-FR","@id":"https:\/\/joyasyasmin.com\/fr\/#\/schema\/logo\/image\/","url":"https:\/\/joyasyasmin.com\/wp-content\/uploads\/2017\/06\/IMG-20200429-WA0051.jpg","contentUrl":"https:\/\/joyasyasmin.com\/wp-content\/uploads\/2017\/06\/IMG-20200429-WA0051.jpg","width":1080,"height":545,"caption":"joyas yasmin"},"image":{"@id":"https:\/\/joyasyasmin.com\/fr\/#\/schema\/logo\/image\/"},"sameAs":["https:\/\/www.facebook.com\/Joyas-Yasmin-217664058934169\/","https:\/\/www.instagram.com\/invites\/contact\/"]}]}},"_links":{"self":[{"href":"https:\/\/joyasyasmin.com\/fr\/wp-json\/wp\/v2\/product\/20634","targetHints":{"allow":["GET"]}}],"collection":[{"href":"https:\/\/joyasyasmin.com\/fr\/wp-json\/wp\/v2\/product"}],"about":[{"href":"https:\/\/joyasyasmin.com\/fr\/wp-json\/wp\/v2\/types\/product"}],"replies":[{"embeddable":true,"href":"https:\/\/joyasyasmin.com\/fr\/wp-json\/wp\/v2\/comments?post=20634"}],"version-history":[{"count":2,"href":"https:\/\/joyasyasmin.com\/fr\/wp-json\/wp\/v2\/product\/20634\/revisions"}],"predecessor-version":[{"id":32460,"href":"https:\/\/joyasyasmin.com\/fr\/wp-json\/wp\/v2\/product\/20634\/revisions\/32460"}],"wp:featuredmedia":[{"embeddable":true,"href":"https:\/\/joyasyasmin.com\/fr\/wp-json\/wp\/v2\/media\/31363"}],"wp:attachment":[{"href":"https:\/\/joyasyasmin.com\/fr\/wp-json\/wp\/v2\/media?parent=20634"}],"wp:term":[{"taxonomy":"product_brand","embeddable":true,"href":"https:\/\/joyasyasmin.com\/fr\/wp-json\/wp\/v2\/product_brand?post=20634"},{"taxonomy":"product_cat","embeddable":true,"href":"https:\/\/joyasyasmin.com\/fr\/wp-json\/wp\/v2\/product_cat?post=20634"},{"taxonomy":"product_tag","embeddable":true,"href":"https:\/\/joyasyasmin.com\/fr\/wp-json\/wp\/v2\/product_tag?post=20634"}],"curies":[{"name":"wp","href":"https:\/\/api.w.org\/{rel}","templated":true}]}}