{"id":20806,"date":"2024-06-16T15:10:29","date_gmt":"2024-06-16T15:10:29","guid":{"rendered":"https:\/\/joyasyasmin.com\/producto\/bracelet-en-argent-avec-vierge-miraculeuse\/"},"modified":"2025-09-04T08:58:48","modified_gmt":"2025-09-04T08:58:48","slug":"bracelet-en-argent-avec-vierge-miraculeuse","status":"publish","type":"product","link":"https:\/\/joyasyasmin.com\/fr\/producto\/bracelet-en-argent-avec-vierge-miraculeuse\/","title":{"rendered":"Bracelet en argent avec Vierge miraculeuse"},"content":{"rendered":"","protected":false},"excerpt":{"rendered":"<p>Cet \u00e9l\u00e9gant bracelet en argent avec une vierge miraculeuse et des maillons Calabrot est une pi\u00e8ce unique et pleine de sens, id\u00e9ale pour ceux qui recherchent un accessoire qui allie foi et style. Fabriqu\u00e9 en argent sterling 925, il garantit une qualit\u00e9 et une durabilit\u00e9 exceptionnelles. Le bracelet est dot\u00e9 de mousquetons de 9 mm de large sur 12 mm de long, offrant un design robuste et attrayant.  <\/p>\n<p>Le point central de ce bracelet est la m\u00e9daille de la Vierge Miraculeuse, soigneusement d\u00e9taill\u00e9e et mesurant 15 mm de large. Cet ornement distinctif n\u2019est pas seulement un symbole de protection et de foi, mais ajoute \u00e9galement une touche d\u2019\u00e9l\u00e9gance et de sophistication au design. <\/p>\n<p>D\u2019une longueur totale de 19,5 cm plus une extension de 3 cm, le bracelet est r\u00e9glable, assurant un ajustement parfait pour n\u2019importe quel poignet. La combinaison des liens du calabrot et de la Vierge Miraculeuse cr\u00e9e un \u00e9quilibre parfait entre modernit\u00e9 et tradition. <\/p>\n","protected":false},"featured_media":20809,"comment_status":"open","ping_status":"closed","template":"","meta":{"_acf_changed":false,"_joinchat":[]},"product_brand":[],"product_cat":[1790],"product_tag":[1920],"class_list":{"0":"post-20806","1":"product","2":"type-product","3":"status-publish","4":"has-post-thumbnail","6":"product_cat-bracelets","7":"product_tag-nouvelles","9":"first","10":"instock","11":"shipping-taxable","12":"purchasable","13":"product-type-simple"},"acf":[],"yoast_head":"<!-- This site is optimized with the Yoast SEO plugin v27.2 - https:\/\/yoast.com\/product\/yoast-seo-wordpress\/ -->\n<title>Bracelet en argent avec Vierge miraculeuse - Yasmin<\/title>\n<meta name=\"description\" content=\"le bracelet en argent avec une vierge miraculeuse et des maillons Calabrot est plus qu\u2019un bijou, c\u2019est une expression de foi et de style. Il est fabriqu\u00e9 en argent 925.\" \/>\n<meta name=\"robots\" content=\"index, follow, max-snippet:-1, max-image-preview:large, max-video-preview:-1\" \/>\n<link rel=\"canonical\" href=\"https:\/\/joyasyasmin.com\/fr\/producto\/bracelet-en-argent-avec-vierge-miraculeuse\/\" \/>\n<meta property=\"og:locale\" content=\"fr_FR\" \/>\n<meta property=\"og:title\" content=\"Bracelet en argent avec Vierge miraculeuse - Yasmin\" \/>\n<meta property=\"og:description\" content=\"le bracelet en argent avec une vierge miraculeuse et des maillons Calabrot est plus qu\u2019un bijou, c\u2019est une expression de foi et de style. Il est fabriqu\u00e9 en argent 925.\" \/>\n<meta property=\"og:url\" content=\"https:\/\/joyasyasmin.com\/fr\/producto\/bracelet-en-argent-avec-vierge-miraculeuse\/\" \/>\n<meta property=\"og:site_name\" content=\"Yasmin\" \/>\n<meta property=\"article:publisher\" content=\"https:\/\/www.facebook.com\/Joyas-Yasmin-217664058934169\/\" \/>\n<meta property=\"article:modified_time\" content=\"2025-09-04T08:58:48+00:00\" \/>\n<meta property=\"og:image\" content=\"https:\/\/joyasyasmin.com\/wp-content\/uploads\/2024\/06\/pulsera-calabrote-virgen-milagrosa-de-plata.jpg\" \/>\n\t<meta property=\"og:image:width\" content=\"1000\" \/>\n\t<meta property=\"og:image:height\" content=\"1000\" \/>\n\t<meta property=\"og:image:type\" content=\"image\/jpeg\" \/>\n<meta name=\"twitter:card\" content=\"summary_large_image\" \/>\n<script type=\"application\/ld+json\" class=\"yoast-schema-graph\">{\"@context\":\"https:\/\/schema.org\",\"@graph\":[{\"@type\":[\"WebPage\",\"ItemPage\"],\"@id\":\"https:\/\/joyasyasmin.com\/fr\/producto\/bracelet-en-argent-avec-vierge-miraculeuse\/\",\"url\":\"https:\/\/joyasyasmin.com\/fr\/producto\/bracelet-en-argent-avec-vierge-miraculeuse\/\",\"name\":\"Bracelet en argent avec Vierge miraculeuse - Yasmin\",\"isPartOf\":{\"@id\":\"https:\/\/joyasyasmin.com\/fr\/#website\"},\"primaryImageOfPage\":{\"@id\":\"https:\/\/joyasyasmin.com\/fr\/producto\/bracelet-en-argent-avec-vierge-miraculeuse\/#primaryimage\"},\"image\":{\"@id\":\"https:\/\/joyasyasmin.com\/fr\/producto\/bracelet-en-argent-avec-vierge-miraculeuse\/#primaryimage\"},\"thumbnailUrl\":\"https:\/\/joyasyasmin.com\/wp-content\/uploads\/2024\/06\/pulsera-calabrote-virgen-milagrosa-de-plata.jpg\",\"datePublished\":\"2024-06-16T15:10:29+00:00\",\"dateModified\":\"2025-09-04T08:58:48+00:00\",\"description\":\"le bracelet en argent avec une vierge miraculeuse et des maillons Calabrot est plus qu\u2019un bijou, c\u2019est une expression de foi et de style. Il est fabriqu\u00e9 en argent 925.\",\"breadcrumb\":{\"@id\":\"https:\/\/joyasyasmin.com\/fr\/producto\/bracelet-en-argent-avec-vierge-miraculeuse\/#breadcrumb\"},\"inLanguage\":\"fr-FR\",\"potentialAction\":[{\"@type\":\"ReadAction\",\"target\":[\"https:\/\/joyasyasmin.com\/fr\/producto\/bracelet-en-argent-avec-vierge-miraculeuse\/\"]}]},{\"@type\":\"ImageObject\",\"inLanguage\":\"fr-FR\",\"@id\":\"https:\/\/joyasyasmin.com\/fr\/producto\/bracelet-en-argent-avec-vierge-miraculeuse\/#primaryimage\",\"url\":\"https:\/\/joyasyasmin.com\/wp-content\/uploads\/2024\/06\/pulsera-calabrote-virgen-milagrosa-de-plata.jpg\",\"contentUrl\":\"https:\/\/joyasyasmin.com\/wp-content\/uploads\/2024\/06\/pulsera-calabrote-virgen-milagrosa-de-plata.jpg\",\"width\":1000,\"height\":1000,\"caption\":\"Bracelet en argent avec la Vierge miraculeuse et Calabrot en argent sterling 925 \u00e0 vendre\"},{\"@type\":\"BreadcrumbList\",\"@id\":\"https:\/\/joyasyasmin.com\/fr\/producto\/bracelet-en-argent-avec-vierge-miraculeuse\/#breadcrumb\",\"itemListElement\":[{\"@type\":\"ListItem\",\"position\":1,\"name\":\"Portada\",\"item\":\"https:\/\/joyasyasmin.com\/fr\/domicile\/\"},{\"@type\":\"ListItem\",\"position\":2,\"name\":\"Boutique\",\"item\":\"https:\/\/joyasyasmin.com\/fr\/boutique\/\"},{\"@type\":\"ListItem\",\"position\":3,\"name\":\"Bracelet en argent avec Vierge miraculeuse\"}]},{\"@type\":\"WebSite\",\"@id\":\"https:\/\/joyasyasmin.com\/fr\/#website\",\"url\":\"https:\/\/joyasyasmin.com\/fr\/\",\"name\":\"Yasmin\",\"description\":\"Joyer\u00eda de Plata 925 - Pendientes, pulseras, anillos, colgantes y m\u00e1s!\",\"publisher\":{\"@id\":\"https:\/\/joyasyasmin.com\/fr\/#organization\"},\"potentialAction\":[{\"@type\":\"SearchAction\",\"target\":{\"@type\":\"EntryPoint\",\"urlTemplate\":\"https:\/\/joyasyasmin.com\/fr\/?s={search_term_string}\"},\"query-input\":{\"@type\":\"PropertyValueSpecification\",\"valueRequired\":true,\"valueName\":\"search_term_string\"}}],\"inLanguage\":\"fr-FR\"},{\"@type\":\"Organization\",\"@id\":\"https:\/\/joyasyasmin.com\/fr\/#organization\",\"name\":\"joyas yasmin\",\"url\":\"https:\/\/joyasyasmin.com\/fr\/\",\"logo\":{\"@type\":\"ImageObject\",\"inLanguage\":\"fr-FR\",\"@id\":\"https:\/\/joyasyasmin.com\/fr\/#\/schema\/logo\/image\/\",\"url\":\"https:\/\/joyasyasmin.com\/wp-content\/uploads\/2017\/06\/IMG-20200429-WA0051.jpg\",\"contentUrl\":\"https:\/\/joyasyasmin.com\/wp-content\/uploads\/2017\/06\/IMG-20200429-WA0051.jpg\",\"width\":1080,\"height\":545,\"caption\":\"joyas yasmin\"},\"image\":{\"@id\":\"https:\/\/joyasyasmin.com\/fr\/#\/schema\/logo\/image\/\"},\"sameAs\":[\"https:\/\/www.facebook.com\/Joyas-Yasmin-217664058934169\/\",\"https:\/\/www.instagram.com\/invites\/contact\/\"]}]}<\/script>\n<!-- \/ Yoast SEO plugin. -->","yoast_head_json":{"title":"Bracelet en argent avec Vierge miraculeuse - Yasmin","description":"le bracelet en argent avec une vierge miraculeuse et des maillons Calabrot est plus qu\u2019un bijou, c\u2019est une expression de foi et de style. Il est fabriqu\u00e9 en argent 925.","robots":{"index":"index","follow":"follow","max-snippet":"max-snippet:-1","max-image-preview":"max-image-preview:large","max-video-preview":"max-video-preview:-1"},"canonical":"https:\/\/joyasyasmin.com\/fr\/producto\/bracelet-en-argent-avec-vierge-miraculeuse\/","og_locale":"fr_FR","og_title":"Bracelet en argent avec Vierge miraculeuse - Yasmin","og_description":"le bracelet en argent avec une vierge miraculeuse et des maillons Calabrot est plus qu\u2019un bijou, c\u2019est une expression de foi et de style. Il est fabriqu\u00e9 en argent 925.","og_url":"https:\/\/joyasyasmin.com\/fr\/producto\/bracelet-en-argent-avec-vierge-miraculeuse\/","og_site_name":"Yasmin","article_publisher":"https:\/\/www.facebook.com\/Joyas-Yasmin-217664058934169\/","article_modified_time":"2025-09-04T08:58:48+00:00","og_image":[{"width":1000,"height":1000,"url":"https:\/\/joyasyasmin.com\/wp-content\/uploads\/2024\/06\/pulsera-calabrote-virgen-milagrosa-de-plata.jpg","type":"image\/jpeg"}],"twitter_card":"summary_large_image","schema":{"@context":"https:\/\/schema.org","@graph":[{"@type":["WebPage","ItemPage"],"@id":"https:\/\/joyasyasmin.com\/fr\/producto\/bracelet-en-argent-avec-vierge-miraculeuse\/","url":"https:\/\/joyasyasmin.com\/fr\/producto\/bracelet-en-argent-avec-vierge-miraculeuse\/","name":"Bracelet en argent avec Vierge miraculeuse - Yasmin","isPartOf":{"@id":"https:\/\/joyasyasmin.com\/fr\/#website"},"primaryImageOfPage":{"@id":"https:\/\/joyasyasmin.com\/fr\/producto\/bracelet-en-argent-avec-vierge-miraculeuse\/#primaryimage"},"image":{"@id":"https:\/\/joyasyasmin.com\/fr\/producto\/bracelet-en-argent-avec-vierge-miraculeuse\/#primaryimage"},"thumbnailUrl":"https:\/\/joyasyasmin.com\/wp-content\/uploads\/2024\/06\/pulsera-calabrote-virgen-milagrosa-de-plata.jpg","datePublished":"2024-06-16T15:10:29+00:00","dateModified":"2025-09-04T08:58:48+00:00","description":"le bracelet en argent avec une vierge miraculeuse et des maillons Calabrot est plus qu\u2019un bijou, c\u2019est une expression de foi et de style. Il est fabriqu\u00e9 en argent 925.","breadcrumb":{"@id":"https:\/\/joyasyasmin.com\/fr\/producto\/bracelet-en-argent-avec-vierge-miraculeuse\/#breadcrumb"},"inLanguage":"fr-FR","potentialAction":[{"@type":"ReadAction","target":["https:\/\/joyasyasmin.com\/fr\/producto\/bracelet-en-argent-avec-vierge-miraculeuse\/"]}]},{"@type":"ImageObject","inLanguage":"fr-FR","@id":"https:\/\/joyasyasmin.com\/fr\/producto\/bracelet-en-argent-avec-vierge-miraculeuse\/#primaryimage","url":"https:\/\/joyasyasmin.com\/wp-content\/uploads\/2024\/06\/pulsera-calabrote-virgen-milagrosa-de-plata.jpg","contentUrl":"https:\/\/joyasyasmin.com\/wp-content\/uploads\/2024\/06\/pulsera-calabrote-virgen-milagrosa-de-plata.jpg","width":1000,"height":1000,"caption":"Bracelet en argent avec la Vierge miraculeuse et Calabrot en argent sterling 925 \u00e0 vendre"},{"@type":"BreadcrumbList","@id":"https:\/\/joyasyasmin.com\/fr\/producto\/bracelet-en-argent-avec-vierge-miraculeuse\/#breadcrumb","itemListElement":[{"@type":"ListItem","position":1,"name":"Portada","item":"https:\/\/joyasyasmin.com\/fr\/domicile\/"},{"@type":"ListItem","position":2,"name":"Boutique","item":"https:\/\/joyasyasmin.com\/fr\/boutique\/"},{"@type":"ListItem","position":3,"name":"Bracelet en argent avec Vierge miraculeuse"}]},{"@type":"WebSite","@id":"https:\/\/joyasyasmin.com\/fr\/#website","url":"https:\/\/joyasyasmin.com\/fr\/","name":"Yasmin","description":"Joyer\u00eda de Plata 925 - Pendientes, pulseras, anillos, colgantes y m\u00e1s!","publisher":{"@id":"https:\/\/joyasyasmin.com\/fr\/#organization"},"potentialAction":[{"@type":"SearchAction","target":{"@type":"EntryPoint","urlTemplate":"https:\/\/joyasyasmin.com\/fr\/?s={search_term_string}"},"query-input":{"@type":"PropertyValueSpecification","valueRequired":true,"valueName":"search_term_string"}}],"inLanguage":"fr-FR"},{"@type":"Organization","@id":"https:\/\/joyasyasmin.com\/fr\/#organization","name":"joyas yasmin","url":"https:\/\/joyasyasmin.com\/fr\/","logo":{"@type":"ImageObject","inLanguage":"fr-FR","@id":"https:\/\/joyasyasmin.com\/fr\/#\/schema\/logo\/image\/","url":"https:\/\/joyasyasmin.com\/wp-content\/uploads\/2017\/06\/IMG-20200429-WA0051.jpg","contentUrl":"https:\/\/joyasyasmin.com\/wp-content\/uploads\/2017\/06\/IMG-20200429-WA0051.jpg","width":1080,"height":545,"caption":"joyas yasmin"},"image":{"@id":"https:\/\/joyasyasmin.com\/fr\/#\/schema\/logo\/image\/"},"sameAs":["https:\/\/www.facebook.com\/Joyas-Yasmin-217664058934169\/","https:\/\/www.instagram.com\/invites\/contact\/"]}]}},"_links":{"self":[{"href":"https:\/\/joyasyasmin.com\/fr\/wp-json\/wp\/v2\/product\/20806","targetHints":{"allow":["GET"]}}],"collection":[{"href":"https:\/\/joyasyasmin.com\/fr\/wp-json\/wp\/v2\/product"}],"about":[{"href":"https:\/\/joyasyasmin.com\/fr\/wp-json\/wp\/v2\/types\/product"}],"replies":[{"embeddable":true,"href":"https:\/\/joyasyasmin.com\/fr\/wp-json\/wp\/v2\/comments?post=20806"}],"version-history":[{"count":2,"href":"https:\/\/joyasyasmin.com\/fr\/wp-json\/wp\/v2\/product\/20806\/revisions"}],"predecessor-version":[{"id":34564,"href":"https:\/\/joyasyasmin.com\/fr\/wp-json\/wp\/v2\/product\/20806\/revisions\/34564"}],"wp:featuredmedia":[{"embeddable":true,"href":"https:\/\/joyasyasmin.com\/fr\/wp-json\/wp\/v2\/media\/20809"}],"wp:attachment":[{"href":"https:\/\/joyasyasmin.com\/fr\/wp-json\/wp\/v2\/media?parent=20806"}],"wp:term":[{"taxonomy":"product_brand","embeddable":true,"href":"https:\/\/joyasyasmin.com\/fr\/wp-json\/wp\/v2\/product_brand?post=20806"},{"taxonomy":"product_cat","embeddable":true,"href":"https:\/\/joyasyasmin.com\/fr\/wp-json\/wp\/v2\/product_cat?post=20806"},{"taxonomy":"product_tag","embeddable":true,"href":"https:\/\/joyasyasmin.com\/fr\/wp-json\/wp\/v2\/product_tag?post=20806"}],"curies":[{"name":"wp","href":"https:\/\/api.w.org\/{rel}","templated":true}]}}