{"id":21075,"date":"2024-01-23T18:32:28","date_gmt":"2024-01-23T18:32:28","guid":{"rendered":"https:\/\/joyasyasmin.com\/producto\/cle-de-saint-benoit\/"},"modified":"2025-11-10T11:35:59","modified_gmt":"2025-11-10T11:35:59","slug":"cle-de-saint-benoit","status":"publish","type":"product","link":"https:\/\/joyasyasmin.com\/fr\/producto\/cle-de-saint-benoit\/","title":{"rendered":"Cl\u00e9 de Saint-Beno\u00eet"},"content":{"rendered":"","protected":false},"excerpt":{"rendered":"<p>Explorez l\u2019essence de la protection divine avec notre cl\u00e9 de Saint-Beno\u00eet, disponible en deux tailles pour s\u2019adapter \u00e0 votre style. Ce bijou en argent sterling 925, avec son design d\u00e9taill\u00e9, n\u2019est pas seulement un symbole de foi, mais aussi une expression d\u2019\u00e9l\u00e9gance. Choisissez entre la grande taille avec une cha\u00eene d\u2019ancre ou la petite taille avec une cha\u00eene rolo, et laissez la b\u00e9n\u00e9diction de saint Beno\u00eet vous accompagner partout o\u00f9 vous allez.  <\/p>\n<ul>\n<li>Mat\u00e9riau : Argent sterling 925<\/li>\n<li>Grande taille&nbsp;: 4 cm de long avec une ancre \u00e0 cha\u00eene de 3 mm de large et 45 cm de long.<\/li>\n<li>Petite taille : 3 cm de long avec une cha\u00eene rolo de 45 cm de long.<\/li>\n<\/ul>\n","protected":false},"featured_media":21085,"comment_status":"open","ping_status":"closed","template":"","meta":{"_acf_changed":false,"_joinchat":[]},"product_brand":[],"product_cat":[1875],"product_tag":[2001,2002],"class_list":{"0":"post-21075","1":"product","2":"type-product","3":"status-publish","4":"has-post-thumbnail","6":"product_cat-pendentifs","7":"product_tag-cle-de-saint-benoit","8":"product_tag-pendentif-saint-benoit-en-cle-dargent","10":"first","11":"instock","12":"shipping-taxable","13":"purchasable","14":"product-type-variable"},"acf":[],"yoast_head":"<!-- This site is optimized with the Yoast SEO plugin v27.2 - https:\/\/yoast.com\/product\/yoast-seo-wordpress\/ -->\n<title>Cl\u00e9 de Saint-Beno\u00eet - Yasmin<\/title>\n<meta name=\"description\" content=\"La protection divine avec notre cl\u00e9 de Saint-Beno\u00eet, portez avec vous le pouvoir de la protection et de la connexion spirituelle dans les bijoux en argent sterling.\" \/>\n<meta name=\"robots\" content=\"index, follow, max-snippet:-1, max-image-preview:large, max-video-preview:-1\" \/>\n<link rel=\"canonical\" href=\"https:\/\/joyasyasmin.com\/fr\/producto\/cle-de-saint-benoit\/\" \/>\n<meta property=\"og:locale\" content=\"fr_FR\" \/>\n<meta property=\"og:title\" content=\"Cl\u00e9 de Saint-Beno\u00eet - Yasmin\" \/>\n<meta property=\"og:description\" content=\"La protection divine avec notre cl\u00e9 de Saint-Beno\u00eet, portez avec vous le pouvoir de la protection et de la connexion spirituelle dans les bijoux en argent sterling.\" \/>\n<meta property=\"og:url\" content=\"https:\/\/joyasyasmin.com\/fr\/producto\/cle-de-saint-benoit\/\" \/>\n<meta property=\"og:site_name\" content=\"Yasmin\" \/>\n<meta property=\"article:publisher\" content=\"https:\/\/www.facebook.com\/Joyas-Yasmin-217664058934169\/\" \/>\n<meta property=\"article:modified_time\" content=\"2025-11-10T11:35:59+00:00\" \/>\n<meta property=\"og:image\" content=\"https:\/\/joyasyasmin.com\/wp-content\/uploads\/2024\/01\/colgante-llave-San-Benito-de-plata.jpg\" \/>\n\t<meta property=\"og:image:width\" content=\"1000\" \/>\n\t<meta property=\"og:image:height\" content=\"1000\" \/>\n\t<meta property=\"og:image:type\" content=\"image\/jpeg\" \/>\n<meta name=\"twitter:card\" content=\"summary_large_image\" \/>\n<script type=\"application\/ld+json\" class=\"yoast-schema-graph\">{\"@context\":\"https:\/\/schema.org\",\"@graph\":[{\"@type\":[\"WebPage\",\"ItemPage\"],\"@id\":\"https:\/\/joyasyasmin.com\/fr\/producto\/cle-de-saint-benoit\/\",\"url\":\"https:\/\/joyasyasmin.com\/fr\/producto\/cle-de-saint-benoit\/\",\"name\":\"Cl\u00e9 de Saint-Beno\u00eet - Yasmin\",\"isPartOf\":{\"@id\":\"https:\/\/joyasyasmin.com\/fr\/#website\"},\"primaryImageOfPage\":{\"@id\":\"https:\/\/joyasyasmin.com\/fr\/producto\/cle-de-saint-benoit\/#primaryimage\"},\"image\":{\"@id\":\"https:\/\/joyasyasmin.com\/fr\/producto\/cle-de-saint-benoit\/#primaryimage\"},\"thumbnailUrl\":\"https:\/\/joyasyasmin.com\/wp-content\/uploads\/2024\/01\/colgante-llave-San-Benito-de-plata.jpg\",\"datePublished\":\"2024-01-23T18:32:28+00:00\",\"dateModified\":\"2025-11-10T11:35:59+00:00\",\"description\":\"La protection divine avec notre cl\u00e9 de Saint-Beno\u00eet, portez avec vous le pouvoir de la protection et de la connexion spirituelle dans les bijoux en argent sterling.\",\"breadcrumb\":{\"@id\":\"https:\/\/joyasyasmin.com\/fr\/producto\/cle-de-saint-benoit\/#breadcrumb\"},\"inLanguage\":\"fr-FR\",\"potentialAction\":[{\"@type\":\"ReadAction\",\"target\":[\"https:\/\/joyasyasmin.com\/fr\/producto\/cle-de-saint-benoit\/\"]}]},{\"@type\":\"ImageObject\",\"inLanguage\":\"fr-FR\",\"@id\":\"https:\/\/joyasyasmin.com\/fr\/producto\/cle-de-saint-benoit\/#primaryimage\",\"url\":\"https:\/\/joyasyasmin.com\/wp-content\/uploads\/2024\/01\/colgante-llave-San-Benito-de-plata.jpg\",\"contentUrl\":\"https:\/\/joyasyasmin.com\/wp-content\/uploads\/2024\/01\/colgante-llave-San-Benito-de-plata.jpg\",\"width\":1000,\"height\":1000,\"caption\":\"Pendentif cl\u00e9 San Benito \u00e0 vendre en argent sterling 925\"},{\"@type\":\"BreadcrumbList\",\"@id\":\"https:\/\/joyasyasmin.com\/fr\/producto\/cle-de-saint-benoit\/#breadcrumb\",\"itemListElement\":[{\"@type\":\"ListItem\",\"position\":1,\"name\":\"Portada\",\"item\":\"https:\/\/joyasyasmin.com\/fr\/domicile\/\"},{\"@type\":\"ListItem\",\"position\":2,\"name\":\"Boutique\",\"item\":\"https:\/\/joyasyasmin.com\/fr\/boutique\/\"},{\"@type\":\"ListItem\",\"position\":3,\"name\":\"Cl\u00e9 de Saint-Beno\u00eet\"}]},{\"@type\":\"WebSite\",\"@id\":\"https:\/\/joyasyasmin.com\/fr\/#website\",\"url\":\"https:\/\/joyasyasmin.com\/fr\/\",\"name\":\"Yasmin\",\"description\":\"Joyer\u00eda de Plata 925 - Pendientes, pulseras, anillos, colgantes y m\u00e1s!\",\"publisher\":{\"@id\":\"https:\/\/joyasyasmin.com\/fr\/#organization\"},\"potentialAction\":[{\"@type\":\"SearchAction\",\"target\":{\"@type\":\"EntryPoint\",\"urlTemplate\":\"https:\/\/joyasyasmin.com\/fr\/?s={search_term_string}\"},\"query-input\":{\"@type\":\"PropertyValueSpecification\",\"valueRequired\":true,\"valueName\":\"search_term_string\"}}],\"inLanguage\":\"fr-FR\"},{\"@type\":\"Organization\",\"@id\":\"https:\/\/joyasyasmin.com\/fr\/#organization\",\"name\":\"joyas yasmin\",\"url\":\"https:\/\/joyasyasmin.com\/fr\/\",\"logo\":{\"@type\":\"ImageObject\",\"inLanguage\":\"fr-FR\",\"@id\":\"https:\/\/joyasyasmin.com\/fr\/#\/schema\/logo\/image\/\",\"url\":\"https:\/\/joyasyasmin.com\/wp-content\/uploads\/2017\/06\/IMG-20200429-WA0051.jpg\",\"contentUrl\":\"https:\/\/joyasyasmin.com\/wp-content\/uploads\/2017\/06\/IMG-20200429-WA0051.jpg\",\"width\":1080,\"height\":545,\"caption\":\"joyas yasmin\"},\"image\":{\"@id\":\"https:\/\/joyasyasmin.com\/fr\/#\/schema\/logo\/image\/\"},\"sameAs\":[\"https:\/\/www.facebook.com\/Joyas-Yasmin-217664058934169\/\",\"https:\/\/www.instagram.com\/invites\/contact\/\"]}]}<\/script>\n<!-- \/ Yoast SEO plugin. -->","yoast_head_json":{"title":"Cl\u00e9 de Saint-Beno\u00eet - Yasmin","description":"La protection divine avec notre cl\u00e9 de Saint-Beno\u00eet, portez avec vous le pouvoir de la protection et de la connexion spirituelle dans les bijoux en argent sterling.","robots":{"index":"index","follow":"follow","max-snippet":"max-snippet:-1","max-image-preview":"max-image-preview:large","max-video-preview":"max-video-preview:-1"},"canonical":"https:\/\/joyasyasmin.com\/fr\/producto\/cle-de-saint-benoit\/","og_locale":"fr_FR","og_title":"Cl\u00e9 de Saint-Beno\u00eet - Yasmin","og_description":"La protection divine avec notre cl\u00e9 de Saint-Beno\u00eet, portez avec vous le pouvoir de la protection et de la connexion spirituelle dans les bijoux en argent sterling.","og_url":"https:\/\/joyasyasmin.com\/fr\/producto\/cle-de-saint-benoit\/","og_site_name":"Yasmin","article_publisher":"https:\/\/www.facebook.com\/Joyas-Yasmin-217664058934169\/","article_modified_time":"2025-11-10T11:35:59+00:00","og_image":[{"width":1000,"height":1000,"url":"https:\/\/joyasyasmin.com\/wp-content\/uploads\/2024\/01\/colgante-llave-San-Benito-de-plata.jpg","type":"image\/jpeg"}],"twitter_card":"summary_large_image","schema":{"@context":"https:\/\/schema.org","@graph":[{"@type":["WebPage","ItemPage"],"@id":"https:\/\/joyasyasmin.com\/fr\/producto\/cle-de-saint-benoit\/","url":"https:\/\/joyasyasmin.com\/fr\/producto\/cle-de-saint-benoit\/","name":"Cl\u00e9 de Saint-Beno\u00eet - Yasmin","isPartOf":{"@id":"https:\/\/joyasyasmin.com\/fr\/#website"},"primaryImageOfPage":{"@id":"https:\/\/joyasyasmin.com\/fr\/producto\/cle-de-saint-benoit\/#primaryimage"},"image":{"@id":"https:\/\/joyasyasmin.com\/fr\/producto\/cle-de-saint-benoit\/#primaryimage"},"thumbnailUrl":"https:\/\/joyasyasmin.com\/wp-content\/uploads\/2024\/01\/colgante-llave-San-Benito-de-plata.jpg","datePublished":"2024-01-23T18:32:28+00:00","dateModified":"2025-11-10T11:35:59+00:00","description":"La protection divine avec notre cl\u00e9 de Saint-Beno\u00eet, portez avec vous le pouvoir de la protection et de la connexion spirituelle dans les bijoux en argent sterling.","breadcrumb":{"@id":"https:\/\/joyasyasmin.com\/fr\/producto\/cle-de-saint-benoit\/#breadcrumb"},"inLanguage":"fr-FR","potentialAction":[{"@type":"ReadAction","target":["https:\/\/joyasyasmin.com\/fr\/producto\/cle-de-saint-benoit\/"]}]},{"@type":"ImageObject","inLanguage":"fr-FR","@id":"https:\/\/joyasyasmin.com\/fr\/producto\/cle-de-saint-benoit\/#primaryimage","url":"https:\/\/joyasyasmin.com\/wp-content\/uploads\/2024\/01\/colgante-llave-San-Benito-de-plata.jpg","contentUrl":"https:\/\/joyasyasmin.com\/wp-content\/uploads\/2024\/01\/colgante-llave-San-Benito-de-plata.jpg","width":1000,"height":1000,"caption":"Pendentif cl\u00e9 San Benito \u00e0 vendre en argent sterling 925"},{"@type":"BreadcrumbList","@id":"https:\/\/joyasyasmin.com\/fr\/producto\/cle-de-saint-benoit\/#breadcrumb","itemListElement":[{"@type":"ListItem","position":1,"name":"Portada","item":"https:\/\/joyasyasmin.com\/fr\/domicile\/"},{"@type":"ListItem","position":2,"name":"Boutique","item":"https:\/\/joyasyasmin.com\/fr\/boutique\/"},{"@type":"ListItem","position":3,"name":"Cl\u00e9 de Saint-Beno\u00eet"}]},{"@type":"WebSite","@id":"https:\/\/joyasyasmin.com\/fr\/#website","url":"https:\/\/joyasyasmin.com\/fr\/","name":"Yasmin","description":"Joyer\u00eda de Plata 925 - Pendientes, pulseras, anillos, colgantes y m\u00e1s!","publisher":{"@id":"https:\/\/joyasyasmin.com\/fr\/#organization"},"potentialAction":[{"@type":"SearchAction","target":{"@type":"EntryPoint","urlTemplate":"https:\/\/joyasyasmin.com\/fr\/?s={search_term_string}"},"query-input":{"@type":"PropertyValueSpecification","valueRequired":true,"valueName":"search_term_string"}}],"inLanguage":"fr-FR"},{"@type":"Organization","@id":"https:\/\/joyasyasmin.com\/fr\/#organization","name":"joyas yasmin","url":"https:\/\/joyasyasmin.com\/fr\/","logo":{"@type":"ImageObject","inLanguage":"fr-FR","@id":"https:\/\/joyasyasmin.com\/fr\/#\/schema\/logo\/image\/","url":"https:\/\/joyasyasmin.com\/wp-content\/uploads\/2017\/06\/IMG-20200429-WA0051.jpg","contentUrl":"https:\/\/joyasyasmin.com\/wp-content\/uploads\/2017\/06\/IMG-20200429-WA0051.jpg","width":1080,"height":545,"caption":"joyas yasmin"},"image":{"@id":"https:\/\/joyasyasmin.com\/fr\/#\/schema\/logo\/image\/"},"sameAs":["https:\/\/www.facebook.com\/Joyas-Yasmin-217664058934169\/","https:\/\/www.instagram.com\/invites\/contact\/"]}]}},"_links":{"self":[{"href":"https:\/\/joyasyasmin.com\/fr\/wp-json\/wp\/v2\/product\/21075","targetHints":{"allow":["GET"]}}],"collection":[{"href":"https:\/\/joyasyasmin.com\/fr\/wp-json\/wp\/v2\/product"}],"about":[{"href":"https:\/\/joyasyasmin.com\/fr\/wp-json\/wp\/v2\/types\/product"}],"replies":[{"embeddable":true,"href":"https:\/\/joyasyasmin.com\/fr\/wp-json\/wp\/v2\/comments?post=21075"}],"version-history":[{"count":1,"href":"https:\/\/joyasyasmin.com\/fr\/wp-json\/wp\/v2\/product\/21075\/revisions"}],"predecessor-version":[{"id":35879,"href":"https:\/\/joyasyasmin.com\/fr\/wp-json\/wp\/v2\/product\/21075\/revisions\/35879"}],"wp:featuredmedia":[{"embeddable":true,"href":"https:\/\/joyasyasmin.com\/fr\/wp-json\/wp\/v2\/media\/21085"}],"wp:attachment":[{"href":"https:\/\/joyasyasmin.com\/fr\/wp-json\/wp\/v2\/media?parent=21075"}],"wp:term":[{"taxonomy":"product_brand","embeddable":true,"href":"https:\/\/joyasyasmin.com\/fr\/wp-json\/wp\/v2\/product_brand?post=21075"},{"taxonomy":"product_cat","embeddable":true,"href":"https:\/\/joyasyasmin.com\/fr\/wp-json\/wp\/v2\/product_cat?post=21075"},{"taxonomy":"product_tag","embeddable":true,"href":"https:\/\/joyasyasmin.com\/fr\/wp-json\/wp\/v2\/product_tag?post=21075"}],"curies":[{"name":"wp","href":"https:\/\/api.w.org\/{rel}","templated":true}]}}