{"id":21121,"date":"2024-01-23T19:46:16","date_gmt":"2024-01-23T19:46:16","guid":{"rendered":"https:\/\/joyasyasmin.com\/producto\/medaille-saint-jude-thaddee\/"},"modified":"2026-01-26T07:19:42","modified_gmt":"2026-01-26T07:19:42","slug":"medaille-saint-jude-thaddee","status":"publish","type":"product","link":"https:\/\/joyasyasmin.com\/fr\/producto\/medaille-saint-jude-thaddee\/","title":{"rendered":"M\u00e9daille Saint-Jude Thadd\u00e9e"},"content":{"rendered":"","protected":false},"excerpt":{"rendered":"<p>Saint Jude Thadd\u00e9e avec notre m\u00e9daille de 2 cm, un bijou en argent sterling 925 qui rend hommage au saint patron des causes difficiles. Avec des d\u00e9tails finement travaill\u00e9s, cette m\u00e9daille peut \u00eatre choisie seule pour une touche subtile ou avec notre cha\u00eene rolo de 45 cm pour porter la foi suspendue avec style. <\/p>\n<ul>\n<li>Mat\u00e9riau : Argent sterling 925<\/li>\n<li>Taille de la m\u00e9daille : 2 cm de diam\u00e8tre<\/li>\n<li>Option d\u2019achat : Disponible sous forme de m\u00e9daille seule ou avec une cha\u00eene rolo de 45 cm.<\/li>\n<\/ul>\n","protected":false},"featured_media":21126,"comment_status":"open","ping_status":"closed","template":"","meta":{"_acf_changed":false,"_joinchat":[]},"product_brand":[],"product_cat":[1875],"product_tag":[2025,2026],"class_list":{"0":"post-21121","1":"product","2":"type-product","3":"status-publish","4":"has-post-thumbnail","6":"product_cat-pendentifs","7":"product_tag-medaille-saint-jude-thaddee","8":"product_tag-medailles-de-protection-dargent-fr","10":"first","11":"outofstock","12":"shipping-taxable","13":"product-type-variable"},"acf":[],"yoast_head":"<!-- This site is optimized with the Yoast SEO plugin v27.2 - https:\/\/yoast.com\/product\/yoast-seo-wordpress\/ -->\n<title>M\u00e9daille Saint-Jude Thadd\u00e9e - Yasmin<\/title>\n<meta name=\"description\" content=\"Saint Jude Thadd\u00e9e avec notre m\u00e9daille de 2 cm, un bijou en argent sterling 925 qui rend hommage au saint patron des causes difficiles.\" \/>\n<meta name=\"robots\" content=\"index, follow, max-snippet:-1, max-image-preview:large, max-video-preview:-1\" \/>\n<link rel=\"canonical\" href=\"https:\/\/joyasyasmin.com\/fr\/producto\/medaille-saint-jude-thaddee\/\" \/>\n<meta property=\"og:locale\" content=\"fr_FR\" \/>\n<meta property=\"og:title\" content=\"M\u00e9daille Saint-Jude Thadd\u00e9e - Yasmin\" \/>\n<meta property=\"og:description\" content=\"Saint Jude Thadd\u00e9e avec notre m\u00e9daille de 2 cm, un bijou en argent sterling 925 qui rend hommage au saint patron des causes difficiles.\" \/>\n<meta property=\"og:url\" content=\"https:\/\/joyasyasmin.com\/fr\/producto\/medaille-saint-jude-thaddee\/\" \/>\n<meta property=\"og:site_name\" content=\"Yasmin\" \/>\n<meta property=\"article:publisher\" content=\"https:\/\/www.facebook.com\/Joyas-Yasmin-217664058934169\/\" \/>\n<meta property=\"article:modified_time\" content=\"2026-01-26T07:19:42+00:00\" \/>\n<meta property=\"og:image\" content=\"https:\/\/joyasyasmin.com\/wp-content\/uploads\/2024\/01\/colgante-san-juda-tadeo-de-plata.jpg\" \/>\n\t<meta property=\"og:image:width\" content=\"1000\" \/>\n\t<meta property=\"og:image:height\" content=\"1000\" \/>\n\t<meta property=\"og:image:type\" content=\"image\/jpeg\" \/>\n<meta name=\"twitter:card\" content=\"summary_large_image\" \/>\n<script type=\"application\/ld+json\" class=\"yoast-schema-graph\">{\"@context\":\"https:\/\/schema.org\",\"@graph\":[{\"@type\":[\"WebPage\",\"ItemPage\"],\"@id\":\"https:\/\/joyasyasmin.com\/fr\/producto\/medaille-saint-jude-thaddee\/\",\"url\":\"https:\/\/joyasyasmin.com\/fr\/producto\/medaille-saint-jude-thaddee\/\",\"name\":\"M\u00e9daille Saint-Jude Thadd\u00e9e - Yasmin\",\"isPartOf\":{\"@id\":\"https:\/\/joyasyasmin.com\/fr\/#website\"},\"primaryImageOfPage\":{\"@id\":\"https:\/\/joyasyasmin.com\/fr\/producto\/medaille-saint-jude-thaddee\/#primaryimage\"},\"image\":{\"@id\":\"https:\/\/joyasyasmin.com\/fr\/producto\/medaille-saint-jude-thaddee\/#primaryimage\"},\"thumbnailUrl\":\"https:\/\/joyasyasmin.com\/wp-content\/uploads\/2024\/01\/colgante-san-juda-tadeo-de-plata.jpg\",\"datePublished\":\"2024-01-23T19:46:16+00:00\",\"dateModified\":\"2026-01-26T07:19:42+00:00\",\"description\":\"Saint Jude Thadd\u00e9e avec notre m\u00e9daille de 2 cm, un bijou en argent sterling 925 qui rend hommage au saint patron des causes difficiles.\",\"breadcrumb\":{\"@id\":\"https:\/\/joyasyasmin.com\/fr\/producto\/medaille-saint-jude-thaddee\/#breadcrumb\"},\"inLanguage\":\"fr-FR\",\"potentialAction\":[{\"@type\":\"ReadAction\",\"target\":[\"https:\/\/joyasyasmin.com\/fr\/producto\/medaille-saint-jude-thaddee\/\"]}]},{\"@type\":\"ImageObject\",\"inLanguage\":\"fr-FR\",\"@id\":\"https:\/\/joyasyasmin.com\/fr\/producto\/medaille-saint-jude-thaddee\/#primaryimage\",\"url\":\"https:\/\/joyasyasmin.com\/wp-content\/uploads\/2024\/01\/colgante-san-juda-tadeo-de-plata.jpg\",\"contentUrl\":\"https:\/\/joyasyasmin.com\/wp-content\/uploads\/2024\/01\/colgante-san-juda-tadeo-de-plata.jpg\",\"width\":1000,\"height\":1000,\"caption\":\"vente de la m\u00e9daille San Judas Tadeo en argent sterling 925\"},{\"@type\":\"BreadcrumbList\",\"@id\":\"https:\/\/joyasyasmin.com\/fr\/producto\/medaille-saint-jude-thaddee\/#breadcrumb\",\"itemListElement\":[{\"@type\":\"ListItem\",\"position\":1,\"name\":\"Portada\",\"item\":\"https:\/\/joyasyasmin.com\/fr\/domicile\/\"},{\"@type\":\"ListItem\",\"position\":2,\"name\":\"Boutique\",\"item\":\"https:\/\/joyasyasmin.com\/fr\/boutique\/\"},{\"@type\":\"ListItem\",\"position\":3,\"name\":\"M\u00e9daille Saint-Jude Thadd\u00e9e\"}]},{\"@type\":\"WebSite\",\"@id\":\"https:\/\/joyasyasmin.com\/fr\/#website\",\"url\":\"https:\/\/joyasyasmin.com\/fr\/\",\"name\":\"Yasmin\",\"description\":\"Joyer\u00eda de Plata 925 - Pendientes, pulseras, anillos, colgantes y m\u00e1s!\",\"publisher\":{\"@id\":\"https:\/\/joyasyasmin.com\/fr\/#organization\"},\"potentialAction\":[{\"@type\":\"SearchAction\",\"target\":{\"@type\":\"EntryPoint\",\"urlTemplate\":\"https:\/\/joyasyasmin.com\/fr\/?s={search_term_string}\"},\"query-input\":{\"@type\":\"PropertyValueSpecification\",\"valueRequired\":true,\"valueName\":\"search_term_string\"}}],\"inLanguage\":\"fr-FR\"},{\"@type\":\"Organization\",\"@id\":\"https:\/\/joyasyasmin.com\/fr\/#organization\",\"name\":\"joyas yasmin\",\"url\":\"https:\/\/joyasyasmin.com\/fr\/\",\"logo\":{\"@type\":\"ImageObject\",\"inLanguage\":\"fr-FR\",\"@id\":\"https:\/\/joyasyasmin.com\/fr\/#\/schema\/logo\/image\/\",\"url\":\"https:\/\/joyasyasmin.com\/wp-content\/uploads\/2017\/06\/IMG-20200429-WA0051.jpg\",\"contentUrl\":\"https:\/\/joyasyasmin.com\/wp-content\/uploads\/2017\/06\/IMG-20200429-WA0051.jpg\",\"width\":1080,\"height\":545,\"caption\":\"joyas yasmin\"},\"image\":{\"@id\":\"https:\/\/joyasyasmin.com\/fr\/#\/schema\/logo\/image\/\"},\"sameAs\":[\"https:\/\/www.facebook.com\/Joyas-Yasmin-217664058934169\/\",\"https:\/\/www.instagram.com\/invites\/contact\/\"]}]}<\/script>\n<!-- \/ Yoast SEO plugin. -->","yoast_head_json":{"title":"M\u00e9daille Saint-Jude Thadd\u00e9e - Yasmin","description":"Saint Jude Thadd\u00e9e avec notre m\u00e9daille de 2 cm, un bijou en argent sterling 925 qui rend hommage au saint patron des causes difficiles.","robots":{"index":"index","follow":"follow","max-snippet":"max-snippet:-1","max-image-preview":"max-image-preview:large","max-video-preview":"max-video-preview:-1"},"canonical":"https:\/\/joyasyasmin.com\/fr\/producto\/medaille-saint-jude-thaddee\/","og_locale":"fr_FR","og_title":"M\u00e9daille Saint-Jude Thadd\u00e9e - Yasmin","og_description":"Saint Jude Thadd\u00e9e avec notre m\u00e9daille de 2 cm, un bijou en argent sterling 925 qui rend hommage au saint patron des causes difficiles.","og_url":"https:\/\/joyasyasmin.com\/fr\/producto\/medaille-saint-jude-thaddee\/","og_site_name":"Yasmin","article_publisher":"https:\/\/www.facebook.com\/Joyas-Yasmin-217664058934169\/","article_modified_time":"2026-01-26T07:19:42+00:00","og_image":[{"width":1000,"height":1000,"url":"https:\/\/joyasyasmin.com\/wp-content\/uploads\/2024\/01\/colgante-san-juda-tadeo-de-plata.jpg","type":"image\/jpeg"}],"twitter_card":"summary_large_image","schema":{"@context":"https:\/\/schema.org","@graph":[{"@type":["WebPage","ItemPage"],"@id":"https:\/\/joyasyasmin.com\/fr\/producto\/medaille-saint-jude-thaddee\/","url":"https:\/\/joyasyasmin.com\/fr\/producto\/medaille-saint-jude-thaddee\/","name":"M\u00e9daille Saint-Jude Thadd\u00e9e - Yasmin","isPartOf":{"@id":"https:\/\/joyasyasmin.com\/fr\/#website"},"primaryImageOfPage":{"@id":"https:\/\/joyasyasmin.com\/fr\/producto\/medaille-saint-jude-thaddee\/#primaryimage"},"image":{"@id":"https:\/\/joyasyasmin.com\/fr\/producto\/medaille-saint-jude-thaddee\/#primaryimage"},"thumbnailUrl":"https:\/\/joyasyasmin.com\/wp-content\/uploads\/2024\/01\/colgante-san-juda-tadeo-de-plata.jpg","datePublished":"2024-01-23T19:46:16+00:00","dateModified":"2026-01-26T07:19:42+00:00","description":"Saint Jude Thadd\u00e9e avec notre m\u00e9daille de 2 cm, un bijou en argent sterling 925 qui rend hommage au saint patron des causes difficiles.","breadcrumb":{"@id":"https:\/\/joyasyasmin.com\/fr\/producto\/medaille-saint-jude-thaddee\/#breadcrumb"},"inLanguage":"fr-FR","potentialAction":[{"@type":"ReadAction","target":["https:\/\/joyasyasmin.com\/fr\/producto\/medaille-saint-jude-thaddee\/"]}]},{"@type":"ImageObject","inLanguage":"fr-FR","@id":"https:\/\/joyasyasmin.com\/fr\/producto\/medaille-saint-jude-thaddee\/#primaryimage","url":"https:\/\/joyasyasmin.com\/wp-content\/uploads\/2024\/01\/colgante-san-juda-tadeo-de-plata.jpg","contentUrl":"https:\/\/joyasyasmin.com\/wp-content\/uploads\/2024\/01\/colgante-san-juda-tadeo-de-plata.jpg","width":1000,"height":1000,"caption":"vente de la m\u00e9daille San Judas Tadeo en argent sterling 925"},{"@type":"BreadcrumbList","@id":"https:\/\/joyasyasmin.com\/fr\/producto\/medaille-saint-jude-thaddee\/#breadcrumb","itemListElement":[{"@type":"ListItem","position":1,"name":"Portada","item":"https:\/\/joyasyasmin.com\/fr\/domicile\/"},{"@type":"ListItem","position":2,"name":"Boutique","item":"https:\/\/joyasyasmin.com\/fr\/boutique\/"},{"@type":"ListItem","position":3,"name":"M\u00e9daille Saint-Jude Thadd\u00e9e"}]},{"@type":"WebSite","@id":"https:\/\/joyasyasmin.com\/fr\/#website","url":"https:\/\/joyasyasmin.com\/fr\/","name":"Yasmin","description":"Joyer\u00eda de Plata 925 - Pendientes, pulseras, anillos, colgantes y m\u00e1s!","publisher":{"@id":"https:\/\/joyasyasmin.com\/fr\/#organization"},"potentialAction":[{"@type":"SearchAction","target":{"@type":"EntryPoint","urlTemplate":"https:\/\/joyasyasmin.com\/fr\/?s={search_term_string}"},"query-input":{"@type":"PropertyValueSpecification","valueRequired":true,"valueName":"search_term_string"}}],"inLanguage":"fr-FR"},{"@type":"Organization","@id":"https:\/\/joyasyasmin.com\/fr\/#organization","name":"joyas yasmin","url":"https:\/\/joyasyasmin.com\/fr\/","logo":{"@type":"ImageObject","inLanguage":"fr-FR","@id":"https:\/\/joyasyasmin.com\/fr\/#\/schema\/logo\/image\/","url":"https:\/\/joyasyasmin.com\/wp-content\/uploads\/2017\/06\/IMG-20200429-WA0051.jpg","contentUrl":"https:\/\/joyasyasmin.com\/wp-content\/uploads\/2017\/06\/IMG-20200429-WA0051.jpg","width":1080,"height":545,"caption":"joyas yasmin"},"image":{"@id":"https:\/\/joyasyasmin.com\/fr\/#\/schema\/logo\/image\/"},"sameAs":["https:\/\/www.facebook.com\/Joyas-Yasmin-217664058934169\/","https:\/\/www.instagram.com\/invites\/contact\/"]}]}},"_links":{"self":[{"href":"https:\/\/joyasyasmin.com\/fr\/wp-json\/wp\/v2\/product\/21121","targetHints":{"allow":["GET"]}}],"collection":[{"href":"https:\/\/joyasyasmin.com\/fr\/wp-json\/wp\/v2\/product"}],"about":[{"href":"https:\/\/joyasyasmin.com\/fr\/wp-json\/wp\/v2\/types\/product"}],"replies":[{"embeddable":true,"href":"https:\/\/joyasyasmin.com\/fr\/wp-json\/wp\/v2\/comments?post=21121"}],"version-history":[{"count":1,"href":"https:\/\/joyasyasmin.com\/fr\/wp-json\/wp\/v2\/product\/21121\/revisions"}],"predecessor-version":[{"id":37467,"href":"https:\/\/joyasyasmin.com\/fr\/wp-json\/wp\/v2\/product\/21121\/revisions\/37467"}],"wp:featuredmedia":[{"embeddable":true,"href":"https:\/\/joyasyasmin.com\/fr\/wp-json\/wp\/v2\/media\/21126"}],"wp:attachment":[{"href":"https:\/\/joyasyasmin.com\/fr\/wp-json\/wp\/v2\/media?parent=21121"}],"wp:term":[{"taxonomy":"product_brand","embeddable":true,"href":"https:\/\/joyasyasmin.com\/fr\/wp-json\/wp\/v2\/product_brand?post=21121"},{"taxonomy":"product_cat","embeddable":true,"href":"https:\/\/joyasyasmin.com\/fr\/wp-json\/wp\/v2\/product_cat?post=21121"},{"taxonomy":"product_tag","embeddable":true,"href":"https:\/\/joyasyasmin.com\/fr\/wp-json\/wp\/v2\/product_tag?post=21121"}],"curies":[{"name":"wp","href":"https:\/\/api.w.org\/{rel}","templated":true}]}}