{"id":21225,"date":"2024-01-30T21:54:09","date_gmt":"2024-01-30T21:54:09","guid":{"rendered":"https:\/\/joyasyasmin.com\/producto\/bracelet-celeste-virgen-del-rocio\/"},"modified":"2025-11-10T11:36:31","modified_gmt":"2025-11-10T11:36:31","slug":"bracelet-celeste-virgen-del-rocio","status":"publish","type":"product","link":"https:\/\/joyasyasmin.com\/fr\/producto\/bracelet-celeste-virgen-del-rocio\/","title":{"rendered":"Bracelet C\u00e9leste Virgen del Roc\u00edo"},"content":{"rendered":"","protected":false},"excerpt":{"rendered":"<p>Embarquez pour un voyage de spiritualit\u00e9 et d\u2019\u00e9l\u00e9gance avec notre bracelet c\u00e9leste Virgen del Roc\u00edo. Orn\u00e9e de zircone de 5 mm dans une palette de couleurs vives, chaque pierre pr\u00e9cieuse repr\u00e9sente un \u00e9clair de lumi\u00e8re sur votre chemin. Au centre, la silhouette d\u00e9licate de la Virgen del Roc\u00edo brille de d\u00e9votion et de gr\u00e2ce. Fabriqu\u00e9 en argent sterling 925, ce bracelet offre une connexion divine dans les moindres d\u00e9tails.   <\/p>\n","protected":false},"featured_media":21227,"comment_status":"open","ping_status":"closed","template":"","meta":{"_acf_changed":false,"_joinchat":[]},"product_brand":[],"product_cat":[1790],"product_tag":[2094,2096],"class_list":{"0":"post-21225","1":"product","2":"type-product","3":"status-publish","4":"has-post-thumbnail","6":"product_cat-bracelets","7":"product_tag-bracelet-celeste-virgen-del-rocio","8":"product_tag-bracelet-en-argent-de-la-virgen-del-rocio","10":"first","11":"instock","12":"shipping-taxable","13":"purchasable","14":"product-type-simple"},"acf":[],"yoast_head":"<!-- This site is optimized with the Yoast SEO plugin v27.2 - https:\/\/yoast.com\/product\/yoast-seo-wordpress\/ -->\n<title>Bracelet C\u00e9leste Virgen del Roc\u00edo - Yasmin<\/title>\n<meta name=\"description\" content=\"Bracelet C\u00e9leste Virgen del Roc\u00edo. Orn\u00e9e de zircone de 5 mm dans une palette de couleurs vives, chaque pierre pr\u00e9cieuse repr\u00e9sente un \u00e9clair de lumi\u00e8re sur votre chemin.\" \/>\n<meta name=\"robots\" content=\"index, follow, max-snippet:-1, max-image-preview:large, max-video-preview:-1\" \/>\n<link rel=\"canonical\" href=\"https:\/\/joyasyasmin.com\/fr\/producto\/bracelet-celeste-virgen-del-rocio\/\" \/>\n<meta property=\"og:locale\" content=\"fr_FR\" \/>\n<meta property=\"og:title\" content=\"Bracelet C\u00e9leste Virgen del Roc\u00edo - Yasmin\" \/>\n<meta property=\"og:description\" content=\"Bracelet C\u00e9leste Virgen del Roc\u00edo. Orn\u00e9e de zircone de 5 mm dans une palette de couleurs vives, chaque pierre pr\u00e9cieuse repr\u00e9sente un \u00e9clair de lumi\u00e8re sur votre chemin.\" \/>\n<meta property=\"og:url\" content=\"https:\/\/joyasyasmin.com\/fr\/producto\/bracelet-celeste-virgen-del-rocio\/\" \/>\n<meta property=\"og:site_name\" content=\"Yasmin\" \/>\n<meta property=\"article:publisher\" content=\"https:\/\/www.facebook.com\/Joyas-Yasmin-217664058934169\/\" \/>\n<meta property=\"article:modified_time\" content=\"2025-11-10T11:36:31+00:00\" \/>\n<meta property=\"og:image\" content=\"https:\/\/joyasyasmin.com\/wp-content\/uploads\/2024\/01\/pulsera-virgen-del-rocio-con-piedras.jpg\" \/>\n\t<meta property=\"og:image:width\" content=\"1000\" \/>\n\t<meta property=\"og:image:height\" content=\"1000\" \/>\n\t<meta property=\"og:image:type\" content=\"image\/jpeg\" \/>\n<meta name=\"twitter:card\" content=\"summary_large_image\" \/>\n<script type=\"application\/ld+json\" class=\"yoast-schema-graph\">{\"@context\":\"https:\/\/schema.org\",\"@graph\":[{\"@type\":[\"WebPage\",\"ItemPage\"],\"@id\":\"https:\/\/joyasyasmin.com\/fr\/producto\/bracelet-celeste-virgen-del-rocio\/\",\"url\":\"https:\/\/joyasyasmin.com\/fr\/producto\/bracelet-celeste-virgen-del-rocio\/\",\"name\":\"Bracelet C\u00e9leste Virgen del Roc\u00edo - Yasmin\",\"isPartOf\":{\"@id\":\"https:\/\/joyasyasmin.com\/fr\/#website\"},\"primaryImageOfPage\":{\"@id\":\"https:\/\/joyasyasmin.com\/fr\/producto\/bracelet-celeste-virgen-del-rocio\/#primaryimage\"},\"image\":{\"@id\":\"https:\/\/joyasyasmin.com\/fr\/producto\/bracelet-celeste-virgen-del-rocio\/#primaryimage\"},\"thumbnailUrl\":\"https:\/\/joyasyasmin.com\/wp-content\/uploads\/2024\/01\/pulsera-virgen-del-rocio-con-piedras.jpg\",\"datePublished\":\"2024-01-30T21:54:09+00:00\",\"dateModified\":\"2025-11-10T11:36:31+00:00\",\"description\":\"Bracelet C\u00e9leste Virgen del Roc\u00edo. Orn\u00e9e de zircone de 5 mm dans une palette de couleurs vives, chaque pierre pr\u00e9cieuse repr\u00e9sente un \u00e9clair de lumi\u00e8re sur votre chemin.\",\"breadcrumb\":{\"@id\":\"https:\/\/joyasyasmin.com\/fr\/producto\/bracelet-celeste-virgen-del-rocio\/#breadcrumb\"},\"inLanguage\":\"fr-FR\",\"potentialAction\":[{\"@type\":\"ReadAction\",\"target\":[\"https:\/\/joyasyasmin.com\/fr\/producto\/bracelet-celeste-virgen-del-rocio\/\"]}]},{\"@type\":\"ImageObject\",\"inLanguage\":\"fr-FR\",\"@id\":\"https:\/\/joyasyasmin.com\/fr\/producto\/bracelet-celeste-virgen-del-rocio\/#primaryimage\",\"url\":\"https:\/\/joyasyasmin.com\/wp-content\/uploads\/2024\/01\/pulsera-virgen-del-rocio-con-piedras.jpg\",\"contentUrl\":\"https:\/\/joyasyasmin.com\/wp-content\/uploads\/2024\/01\/pulsera-virgen-del-rocio-con-piedras.jpg\",\"width\":1000,\"height\":1000,\"caption\":\"vente du bracelet Virgen del Roc\u00edo en argent sterling 925 avec zircons\"},{\"@type\":\"BreadcrumbList\",\"@id\":\"https:\/\/joyasyasmin.com\/fr\/producto\/bracelet-celeste-virgen-del-rocio\/#breadcrumb\",\"itemListElement\":[{\"@type\":\"ListItem\",\"position\":1,\"name\":\"Portada\",\"item\":\"https:\/\/joyasyasmin.com\/fr\/domicile\/\"},{\"@type\":\"ListItem\",\"position\":2,\"name\":\"Boutique\",\"item\":\"https:\/\/joyasyasmin.com\/fr\/boutique\/\"},{\"@type\":\"ListItem\",\"position\":3,\"name\":\"Bracelet C\u00e9leste Virgen del Roc\u00edo\"}]},{\"@type\":\"WebSite\",\"@id\":\"https:\/\/joyasyasmin.com\/fr\/#website\",\"url\":\"https:\/\/joyasyasmin.com\/fr\/\",\"name\":\"Yasmin\",\"description\":\"Joyer\u00eda de Plata 925 - Pendientes, pulseras, anillos, colgantes y m\u00e1s!\",\"publisher\":{\"@id\":\"https:\/\/joyasyasmin.com\/fr\/#organization\"},\"potentialAction\":[{\"@type\":\"SearchAction\",\"target\":{\"@type\":\"EntryPoint\",\"urlTemplate\":\"https:\/\/joyasyasmin.com\/fr\/?s={search_term_string}\"},\"query-input\":{\"@type\":\"PropertyValueSpecification\",\"valueRequired\":true,\"valueName\":\"search_term_string\"}}],\"inLanguage\":\"fr-FR\"},{\"@type\":\"Organization\",\"@id\":\"https:\/\/joyasyasmin.com\/fr\/#organization\",\"name\":\"joyas yasmin\",\"url\":\"https:\/\/joyasyasmin.com\/fr\/\",\"logo\":{\"@type\":\"ImageObject\",\"inLanguage\":\"fr-FR\",\"@id\":\"https:\/\/joyasyasmin.com\/fr\/#\/schema\/logo\/image\/\",\"url\":\"https:\/\/joyasyasmin.com\/wp-content\/uploads\/2017\/06\/IMG-20200429-WA0051.jpg\",\"contentUrl\":\"https:\/\/joyasyasmin.com\/wp-content\/uploads\/2017\/06\/IMG-20200429-WA0051.jpg\",\"width\":1080,\"height\":545,\"caption\":\"joyas yasmin\"},\"image\":{\"@id\":\"https:\/\/joyasyasmin.com\/fr\/#\/schema\/logo\/image\/\"},\"sameAs\":[\"https:\/\/www.facebook.com\/Joyas-Yasmin-217664058934169\/\",\"https:\/\/www.instagram.com\/invites\/contact\/\"]}]}<\/script>\n<!-- \/ Yoast SEO plugin. -->","yoast_head_json":{"title":"Bracelet C\u00e9leste Virgen del Roc\u00edo - Yasmin","description":"Bracelet C\u00e9leste Virgen del Roc\u00edo. Orn\u00e9e de zircone de 5 mm dans une palette de couleurs vives, chaque pierre pr\u00e9cieuse repr\u00e9sente un \u00e9clair de lumi\u00e8re sur votre chemin.","robots":{"index":"index","follow":"follow","max-snippet":"max-snippet:-1","max-image-preview":"max-image-preview:large","max-video-preview":"max-video-preview:-1"},"canonical":"https:\/\/joyasyasmin.com\/fr\/producto\/bracelet-celeste-virgen-del-rocio\/","og_locale":"fr_FR","og_title":"Bracelet C\u00e9leste Virgen del Roc\u00edo - Yasmin","og_description":"Bracelet C\u00e9leste Virgen del Roc\u00edo. Orn\u00e9e de zircone de 5 mm dans une palette de couleurs vives, chaque pierre pr\u00e9cieuse repr\u00e9sente un \u00e9clair de lumi\u00e8re sur votre chemin.","og_url":"https:\/\/joyasyasmin.com\/fr\/producto\/bracelet-celeste-virgen-del-rocio\/","og_site_name":"Yasmin","article_publisher":"https:\/\/www.facebook.com\/Joyas-Yasmin-217664058934169\/","article_modified_time":"2025-11-10T11:36:31+00:00","og_image":[{"width":1000,"height":1000,"url":"https:\/\/joyasyasmin.com\/wp-content\/uploads\/2024\/01\/pulsera-virgen-del-rocio-con-piedras.jpg","type":"image\/jpeg"}],"twitter_card":"summary_large_image","schema":{"@context":"https:\/\/schema.org","@graph":[{"@type":["WebPage","ItemPage"],"@id":"https:\/\/joyasyasmin.com\/fr\/producto\/bracelet-celeste-virgen-del-rocio\/","url":"https:\/\/joyasyasmin.com\/fr\/producto\/bracelet-celeste-virgen-del-rocio\/","name":"Bracelet C\u00e9leste Virgen del Roc\u00edo - Yasmin","isPartOf":{"@id":"https:\/\/joyasyasmin.com\/fr\/#website"},"primaryImageOfPage":{"@id":"https:\/\/joyasyasmin.com\/fr\/producto\/bracelet-celeste-virgen-del-rocio\/#primaryimage"},"image":{"@id":"https:\/\/joyasyasmin.com\/fr\/producto\/bracelet-celeste-virgen-del-rocio\/#primaryimage"},"thumbnailUrl":"https:\/\/joyasyasmin.com\/wp-content\/uploads\/2024\/01\/pulsera-virgen-del-rocio-con-piedras.jpg","datePublished":"2024-01-30T21:54:09+00:00","dateModified":"2025-11-10T11:36:31+00:00","description":"Bracelet C\u00e9leste Virgen del Roc\u00edo. Orn\u00e9e de zircone de 5 mm dans une palette de couleurs vives, chaque pierre pr\u00e9cieuse repr\u00e9sente un \u00e9clair de lumi\u00e8re sur votre chemin.","breadcrumb":{"@id":"https:\/\/joyasyasmin.com\/fr\/producto\/bracelet-celeste-virgen-del-rocio\/#breadcrumb"},"inLanguage":"fr-FR","potentialAction":[{"@type":"ReadAction","target":["https:\/\/joyasyasmin.com\/fr\/producto\/bracelet-celeste-virgen-del-rocio\/"]}]},{"@type":"ImageObject","inLanguage":"fr-FR","@id":"https:\/\/joyasyasmin.com\/fr\/producto\/bracelet-celeste-virgen-del-rocio\/#primaryimage","url":"https:\/\/joyasyasmin.com\/wp-content\/uploads\/2024\/01\/pulsera-virgen-del-rocio-con-piedras.jpg","contentUrl":"https:\/\/joyasyasmin.com\/wp-content\/uploads\/2024\/01\/pulsera-virgen-del-rocio-con-piedras.jpg","width":1000,"height":1000,"caption":"vente du bracelet Virgen del Roc\u00edo en argent sterling 925 avec zircons"},{"@type":"BreadcrumbList","@id":"https:\/\/joyasyasmin.com\/fr\/producto\/bracelet-celeste-virgen-del-rocio\/#breadcrumb","itemListElement":[{"@type":"ListItem","position":1,"name":"Portada","item":"https:\/\/joyasyasmin.com\/fr\/domicile\/"},{"@type":"ListItem","position":2,"name":"Boutique","item":"https:\/\/joyasyasmin.com\/fr\/boutique\/"},{"@type":"ListItem","position":3,"name":"Bracelet C\u00e9leste Virgen del Roc\u00edo"}]},{"@type":"WebSite","@id":"https:\/\/joyasyasmin.com\/fr\/#website","url":"https:\/\/joyasyasmin.com\/fr\/","name":"Yasmin","description":"Joyer\u00eda de Plata 925 - Pendientes, pulseras, anillos, colgantes y m\u00e1s!","publisher":{"@id":"https:\/\/joyasyasmin.com\/fr\/#organization"},"potentialAction":[{"@type":"SearchAction","target":{"@type":"EntryPoint","urlTemplate":"https:\/\/joyasyasmin.com\/fr\/?s={search_term_string}"},"query-input":{"@type":"PropertyValueSpecification","valueRequired":true,"valueName":"search_term_string"}}],"inLanguage":"fr-FR"},{"@type":"Organization","@id":"https:\/\/joyasyasmin.com\/fr\/#organization","name":"joyas yasmin","url":"https:\/\/joyasyasmin.com\/fr\/","logo":{"@type":"ImageObject","inLanguage":"fr-FR","@id":"https:\/\/joyasyasmin.com\/fr\/#\/schema\/logo\/image\/","url":"https:\/\/joyasyasmin.com\/wp-content\/uploads\/2017\/06\/IMG-20200429-WA0051.jpg","contentUrl":"https:\/\/joyasyasmin.com\/wp-content\/uploads\/2017\/06\/IMG-20200429-WA0051.jpg","width":1080,"height":545,"caption":"joyas yasmin"},"image":{"@id":"https:\/\/joyasyasmin.com\/fr\/#\/schema\/logo\/image\/"},"sameAs":["https:\/\/www.facebook.com\/Joyas-Yasmin-217664058934169\/","https:\/\/www.instagram.com\/invites\/contact\/"]}]}},"_links":{"self":[{"href":"https:\/\/joyasyasmin.com\/fr\/wp-json\/wp\/v2\/product\/21225","targetHints":{"allow":["GET"]}}],"collection":[{"href":"https:\/\/joyasyasmin.com\/fr\/wp-json\/wp\/v2\/product"}],"about":[{"href":"https:\/\/joyasyasmin.com\/fr\/wp-json\/wp\/v2\/types\/product"}],"replies":[{"embeddable":true,"href":"https:\/\/joyasyasmin.com\/fr\/wp-json\/wp\/v2\/comments?post=21225"}],"version-history":[{"count":1,"href":"https:\/\/joyasyasmin.com\/fr\/wp-json\/wp\/v2\/product\/21225\/revisions"}],"predecessor-version":[{"id":29549,"href":"https:\/\/joyasyasmin.com\/fr\/wp-json\/wp\/v2\/product\/21225\/revisions\/29549"}],"wp:featuredmedia":[{"embeddable":true,"href":"https:\/\/joyasyasmin.com\/fr\/wp-json\/wp\/v2\/media\/21227"}],"wp:attachment":[{"href":"https:\/\/joyasyasmin.com\/fr\/wp-json\/wp\/v2\/media?parent=21225"}],"wp:term":[{"taxonomy":"product_brand","embeddable":true,"href":"https:\/\/joyasyasmin.com\/fr\/wp-json\/wp\/v2\/product_brand?post=21225"},{"taxonomy":"product_cat","embeddable":true,"href":"https:\/\/joyasyasmin.com\/fr\/wp-json\/wp\/v2\/product_cat?post=21225"},{"taxonomy":"product_tag","embeddable":true,"href":"https:\/\/joyasyasmin.com\/fr\/wp-json\/wp\/v2\/product_tag?post=21225"}],"curies":[{"name":"wp","href":"https:\/\/api.w.org\/{rel}","templated":true}]}}