{"id":21423,"date":"2024-02-18T21:09:38","date_gmt":"2024-02-18T21:09:38","guid":{"rendered":"https:\/\/joyasyasmin.com\/producto\/bracelet-a-maillons-spirales\/"},"modified":"2025-11-10T11:36:59","modified_gmt":"2025-11-10T11:36:59","slug":"bracelet-a-maillons-spirales","status":"publish","type":"product","link":"https:\/\/joyasyasmin.com\/fr\/producto\/bracelet-a-maillons-spirales\/","title":{"rendered":"Bracelet \u00e0 maillons spiral\u00e9s"},"content":{"rendered":"","protected":false},"excerpt":{"rendered":"<p>Exprimez votre style unique avec notre bracelet \u00e0 maillons spirale en argent sterling 925, un v\u00e9ritable chef-d\u2019\u0153uvre d\u2019\u00e9l\u00e9gance et de sophistication ! Ce bracelet pr\u00e9sente un design exceptionnellement charmant, avec des maillons allong\u00e9s qui s\u2019embo\u00eetent harmonieusement pour cr\u00e9er un look distinctif et accrocheur.<\/p>\n<p>Chaque maillon est m\u00e9ticuleusement assembl\u00e9 par une d\u00e9licate boule en argent de 4 mm, ajoutant une touche de raffinement et de subtilit\u00e9 \u00e0 la pi\u00e8ce. Ensuite, un \u00e9l\u00e9gant maillon en spirale compl\u00e8te le design, ajoutant un \u00e9l\u00e9ment d\u2019intrigue et de dynamisme au bracelet. 18 cm de long.<\/p>\n","protected":false},"featured_media":21426,"comment_status":"open","ping_status":"closed","template":"","meta":{"_acf_changed":false,"_joinchat":[]},"product_brand":[],"product_cat":[1790],"product_tag":[2212,2211],"class_list":{"0":"post-21423","1":"product","2":"type-product","3":"status-publish","4":"has-post-thumbnail","6":"product_cat-bracelets","7":"product_tag-bracelet-a-maillons-spirale","8":"product_tag-bracelet-en-argent-sterling","10":"first","11":"instock","12":"shipping-taxable","13":"purchasable","14":"product-type-simple"},"acf":[],"yoast_head":"<!-- This site is optimized with the Yoast SEO plugin v27.2 - https:\/\/yoast.com\/product\/yoast-seo-wordpress\/ -->\n<title>Bracelet \u00e0 maillons spiral\u00e9s - Yasmin<\/title>\n<meta name=\"description\" content=\"V\u00e9ritable chef-d\u2019\u0153uvre d\u2019\u00e9l\u00e9gance et de sophistication, le bracelet \u00e0 maillons spirale en argent sterling 925 pr\u00e9sente un design exceptionnellement charmant.\" \/>\n<meta name=\"robots\" content=\"index, follow, max-snippet:-1, max-image-preview:large, max-video-preview:-1\" \/>\n<link rel=\"canonical\" href=\"https:\/\/joyasyasmin.com\/fr\/producto\/bracelet-a-maillons-spirales\/\" \/>\n<meta property=\"og:locale\" content=\"fr_FR\" \/>\n<meta property=\"og:title\" content=\"Bracelet \u00e0 maillons spiral\u00e9s - Yasmin\" \/>\n<meta property=\"og:description\" content=\"V\u00e9ritable chef-d\u2019\u0153uvre d\u2019\u00e9l\u00e9gance et de sophistication, le bracelet \u00e0 maillons spirale en argent sterling 925 pr\u00e9sente un design exceptionnellement charmant.\" \/>\n<meta property=\"og:url\" content=\"https:\/\/joyasyasmin.com\/fr\/producto\/bracelet-a-maillons-spirales\/\" \/>\n<meta property=\"og:site_name\" content=\"Yasmin\" \/>\n<meta property=\"article:publisher\" content=\"https:\/\/www.facebook.com\/Joyas-Yasmin-217664058934169\/\" \/>\n<meta property=\"article:modified_time\" content=\"2025-11-10T11:36:59+00:00\" \/>\n<meta property=\"og:image\" content=\"https:\/\/joyasyasmin.com\/wp-content\/uploads\/2024\/02\/pulsera-eslabon-espiral-de-plata.jpg\" \/>\n\t<meta property=\"og:image:width\" content=\"1000\" \/>\n\t<meta property=\"og:image:height\" content=\"1000\" \/>\n\t<meta property=\"og:image:type\" content=\"image\/jpeg\" \/>\n<meta name=\"twitter:card\" content=\"summary_large_image\" \/>\n<script type=\"application\/ld+json\" class=\"yoast-schema-graph\">{\"@context\":\"https:\/\/schema.org\",\"@graph\":[{\"@type\":[\"WebPage\",\"ItemPage\"],\"@id\":\"https:\/\/joyasyasmin.com\/fr\/producto\/bracelet-a-maillons-spirales\/\",\"url\":\"https:\/\/joyasyasmin.com\/fr\/producto\/bracelet-a-maillons-spirales\/\",\"name\":\"Bracelet \u00e0 maillons spiral\u00e9s - Yasmin\",\"isPartOf\":{\"@id\":\"https:\/\/joyasyasmin.com\/fr\/#website\"},\"primaryImageOfPage\":{\"@id\":\"https:\/\/joyasyasmin.com\/fr\/producto\/bracelet-a-maillons-spirales\/#primaryimage\"},\"image\":{\"@id\":\"https:\/\/joyasyasmin.com\/fr\/producto\/bracelet-a-maillons-spirales\/#primaryimage\"},\"thumbnailUrl\":\"https:\/\/joyasyasmin.com\/wp-content\/uploads\/2024\/02\/pulsera-eslabon-espiral-de-plata.jpg\",\"datePublished\":\"2024-02-18T21:09:38+00:00\",\"dateModified\":\"2025-11-10T11:36:59+00:00\",\"description\":\"V\u00e9ritable chef-d\u2019\u0153uvre d\u2019\u00e9l\u00e9gance et de sophistication, le bracelet \u00e0 maillons spirale en argent sterling 925 pr\u00e9sente un design exceptionnellement charmant.\",\"breadcrumb\":{\"@id\":\"https:\/\/joyasyasmin.com\/fr\/producto\/bracelet-a-maillons-spirales\/#breadcrumb\"},\"inLanguage\":\"fr-FR\",\"potentialAction\":[{\"@type\":\"ReadAction\",\"target\":[\"https:\/\/joyasyasmin.com\/fr\/producto\/bracelet-a-maillons-spirales\/\"]}]},{\"@type\":\"ImageObject\",\"inLanguage\":\"fr-FR\",\"@id\":\"https:\/\/joyasyasmin.com\/fr\/producto\/bracelet-a-maillons-spirales\/#primaryimage\",\"url\":\"https:\/\/joyasyasmin.com\/wp-content\/uploads\/2024\/02\/pulsera-eslabon-espiral-de-plata.jpg\",\"contentUrl\":\"https:\/\/joyasyasmin.com\/wp-content\/uploads\/2024\/02\/pulsera-eslabon-espiral-de-plata.jpg\",\"width\":1000,\"height\":1000,\"caption\":\"Bracelet \u00e0 maillons en spirale en argent sterling 925 \u00e0 vendre, 18 cm de long\"},{\"@type\":\"BreadcrumbList\",\"@id\":\"https:\/\/joyasyasmin.com\/fr\/producto\/bracelet-a-maillons-spirales\/#breadcrumb\",\"itemListElement\":[{\"@type\":\"ListItem\",\"position\":1,\"name\":\"Portada\",\"item\":\"https:\/\/joyasyasmin.com\/fr\/domicile\/\"},{\"@type\":\"ListItem\",\"position\":2,\"name\":\"Boutique\",\"item\":\"https:\/\/joyasyasmin.com\/fr\/boutique\/\"},{\"@type\":\"ListItem\",\"position\":3,\"name\":\"Bracelet \u00e0 maillons spiral\u00e9s\"}]},{\"@type\":\"WebSite\",\"@id\":\"https:\/\/joyasyasmin.com\/fr\/#website\",\"url\":\"https:\/\/joyasyasmin.com\/fr\/\",\"name\":\"Yasmin\",\"description\":\"Joyer\u00eda de Plata 925 - Pendientes, pulseras, anillos, colgantes y m\u00e1s!\",\"publisher\":{\"@id\":\"https:\/\/joyasyasmin.com\/fr\/#organization\"},\"potentialAction\":[{\"@type\":\"SearchAction\",\"target\":{\"@type\":\"EntryPoint\",\"urlTemplate\":\"https:\/\/joyasyasmin.com\/fr\/?s={search_term_string}\"},\"query-input\":{\"@type\":\"PropertyValueSpecification\",\"valueRequired\":true,\"valueName\":\"search_term_string\"}}],\"inLanguage\":\"fr-FR\"},{\"@type\":\"Organization\",\"@id\":\"https:\/\/joyasyasmin.com\/fr\/#organization\",\"name\":\"joyas yasmin\",\"url\":\"https:\/\/joyasyasmin.com\/fr\/\",\"logo\":{\"@type\":\"ImageObject\",\"inLanguage\":\"fr-FR\",\"@id\":\"https:\/\/joyasyasmin.com\/fr\/#\/schema\/logo\/image\/\",\"url\":\"https:\/\/joyasyasmin.com\/wp-content\/uploads\/2017\/06\/IMG-20200429-WA0051.jpg\",\"contentUrl\":\"https:\/\/joyasyasmin.com\/wp-content\/uploads\/2017\/06\/IMG-20200429-WA0051.jpg\",\"width\":1080,\"height\":545,\"caption\":\"joyas yasmin\"},\"image\":{\"@id\":\"https:\/\/joyasyasmin.com\/fr\/#\/schema\/logo\/image\/\"},\"sameAs\":[\"https:\/\/www.facebook.com\/Joyas-Yasmin-217664058934169\/\",\"https:\/\/www.instagram.com\/invites\/contact\/\"]}]}<\/script>\n<!-- \/ Yoast SEO plugin. -->","yoast_head_json":{"title":"Bracelet \u00e0 maillons spiral\u00e9s - Yasmin","description":"V\u00e9ritable chef-d\u2019\u0153uvre d\u2019\u00e9l\u00e9gance et de sophistication, le bracelet \u00e0 maillons spirale en argent sterling 925 pr\u00e9sente un design exceptionnellement charmant.","robots":{"index":"index","follow":"follow","max-snippet":"max-snippet:-1","max-image-preview":"max-image-preview:large","max-video-preview":"max-video-preview:-1"},"canonical":"https:\/\/joyasyasmin.com\/fr\/producto\/bracelet-a-maillons-spirales\/","og_locale":"fr_FR","og_title":"Bracelet \u00e0 maillons spiral\u00e9s - Yasmin","og_description":"V\u00e9ritable chef-d\u2019\u0153uvre d\u2019\u00e9l\u00e9gance et de sophistication, le bracelet \u00e0 maillons spirale en argent sterling 925 pr\u00e9sente un design exceptionnellement charmant.","og_url":"https:\/\/joyasyasmin.com\/fr\/producto\/bracelet-a-maillons-spirales\/","og_site_name":"Yasmin","article_publisher":"https:\/\/www.facebook.com\/Joyas-Yasmin-217664058934169\/","article_modified_time":"2025-11-10T11:36:59+00:00","og_image":[{"width":1000,"height":1000,"url":"https:\/\/joyasyasmin.com\/wp-content\/uploads\/2024\/02\/pulsera-eslabon-espiral-de-plata.jpg","type":"image\/jpeg"}],"twitter_card":"summary_large_image","schema":{"@context":"https:\/\/schema.org","@graph":[{"@type":["WebPage","ItemPage"],"@id":"https:\/\/joyasyasmin.com\/fr\/producto\/bracelet-a-maillons-spirales\/","url":"https:\/\/joyasyasmin.com\/fr\/producto\/bracelet-a-maillons-spirales\/","name":"Bracelet \u00e0 maillons spiral\u00e9s - Yasmin","isPartOf":{"@id":"https:\/\/joyasyasmin.com\/fr\/#website"},"primaryImageOfPage":{"@id":"https:\/\/joyasyasmin.com\/fr\/producto\/bracelet-a-maillons-spirales\/#primaryimage"},"image":{"@id":"https:\/\/joyasyasmin.com\/fr\/producto\/bracelet-a-maillons-spirales\/#primaryimage"},"thumbnailUrl":"https:\/\/joyasyasmin.com\/wp-content\/uploads\/2024\/02\/pulsera-eslabon-espiral-de-plata.jpg","datePublished":"2024-02-18T21:09:38+00:00","dateModified":"2025-11-10T11:36:59+00:00","description":"V\u00e9ritable chef-d\u2019\u0153uvre d\u2019\u00e9l\u00e9gance et de sophistication, le bracelet \u00e0 maillons spirale en argent sterling 925 pr\u00e9sente un design exceptionnellement charmant.","breadcrumb":{"@id":"https:\/\/joyasyasmin.com\/fr\/producto\/bracelet-a-maillons-spirales\/#breadcrumb"},"inLanguage":"fr-FR","potentialAction":[{"@type":"ReadAction","target":["https:\/\/joyasyasmin.com\/fr\/producto\/bracelet-a-maillons-spirales\/"]}]},{"@type":"ImageObject","inLanguage":"fr-FR","@id":"https:\/\/joyasyasmin.com\/fr\/producto\/bracelet-a-maillons-spirales\/#primaryimage","url":"https:\/\/joyasyasmin.com\/wp-content\/uploads\/2024\/02\/pulsera-eslabon-espiral-de-plata.jpg","contentUrl":"https:\/\/joyasyasmin.com\/wp-content\/uploads\/2024\/02\/pulsera-eslabon-espiral-de-plata.jpg","width":1000,"height":1000,"caption":"Bracelet \u00e0 maillons en spirale en argent sterling 925 \u00e0 vendre, 18 cm de long"},{"@type":"BreadcrumbList","@id":"https:\/\/joyasyasmin.com\/fr\/producto\/bracelet-a-maillons-spirales\/#breadcrumb","itemListElement":[{"@type":"ListItem","position":1,"name":"Portada","item":"https:\/\/joyasyasmin.com\/fr\/domicile\/"},{"@type":"ListItem","position":2,"name":"Boutique","item":"https:\/\/joyasyasmin.com\/fr\/boutique\/"},{"@type":"ListItem","position":3,"name":"Bracelet \u00e0 maillons spiral\u00e9s"}]},{"@type":"WebSite","@id":"https:\/\/joyasyasmin.com\/fr\/#website","url":"https:\/\/joyasyasmin.com\/fr\/","name":"Yasmin","description":"Joyer\u00eda de Plata 925 - Pendientes, pulseras, anillos, colgantes y m\u00e1s!","publisher":{"@id":"https:\/\/joyasyasmin.com\/fr\/#organization"},"potentialAction":[{"@type":"SearchAction","target":{"@type":"EntryPoint","urlTemplate":"https:\/\/joyasyasmin.com\/fr\/?s={search_term_string}"},"query-input":{"@type":"PropertyValueSpecification","valueRequired":true,"valueName":"search_term_string"}}],"inLanguage":"fr-FR"},{"@type":"Organization","@id":"https:\/\/joyasyasmin.com\/fr\/#organization","name":"joyas yasmin","url":"https:\/\/joyasyasmin.com\/fr\/","logo":{"@type":"ImageObject","inLanguage":"fr-FR","@id":"https:\/\/joyasyasmin.com\/fr\/#\/schema\/logo\/image\/","url":"https:\/\/joyasyasmin.com\/wp-content\/uploads\/2017\/06\/IMG-20200429-WA0051.jpg","contentUrl":"https:\/\/joyasyasmin.com\/wp-content\/uploads\/2017\/06\/IMG-20200429-WA0051.jpg","width":1080,"height":545,"caption":"joyas yasmin"},"image":{"@id":"https:\/\/joyasyasmin.com\/fr\/#\/schema\/logo\/image\/"},"sameAs":["https:\/\/www.facebook.com\/Joyas-Yasmin-217664058934169\/","https:\/\/www.instagram.com\/invites\/contact\/"]}]}},"_links":{"self":[{"href":"https:\/\/joyasyasmin.com\/fr\/wp-json\/wp\/v2\/product\/21423","targetHints":{"allow":["GET"]}}],"collection":[{"href":"https:\/\/joyasyasmin.com\/fr\/wp-json\/wp\/v2\/product"}],"about":[{"href":"https:\/\/joyasyasmin.com\/fr\/wp-json\/wp\/v2\/types\/product"}],"replies":[{"embeddable":true,"href":"https:\/\/joyasyasmin.com\/fr\/wp-json\/wp\/v2\/comments?post=21423"}],"version-history":[{"count":1,"href":"https:\/\/joyasyasmin.com\/fr\/wp-json\/wp\/v2\/product\/21423\/revisions"}],"predecessor-version":[{"id":35910,"href":"https:\/\/joyasyasmin.com\/fr\/wp-json\/wp\/v2\/product\/21423\/revisions\/35910"}],"wp:featuredmedia":[{"embeddable":true,"href":"https:\/\/joyasyasmin.com\/fr\/wp-json\/wp\/v2\/media\/21426"}],"wp:attachment":[{"href":"https:\/\/joyasyasmin.com\/fr\/wp-json\/wp\/v2\/media?parent=21423"}],"wp:term":[{"taxonomy":"product_brand","embeddable":true,"href":"https:\/\/joyasyasmin.com\/fr\/wp-json\/wp\/v2\/product_brand?post=21423"},{"taxonomy":"product_cat","embeddable":true,"href":"https:\/\/joyasyasmin.com\/fr\/wp-json\/wp\/v2\/product_cat?post=21423"},{"taxonomy":"product_tag","embeddable":true,"href":"https:\/\/joyasyasmin.com\/fr\/wp-json\/wp\/v2\/product_tag?post=21423"}],"curies":[{"name":"wp","href":"https:\/\/api.w.org\/{rel}","templated":true}]}}