{"id":21479,"date":"2024-02-26T10:20:25","date_gmt":"2024-02-26T10:20:25","guid":{"rendered":"https:\/\/joyasyasmin.com\/producto\/boucle-doreille-omega-moonlight\/"},"modified":"2025-11-10T11:36:59","modified_gmt":"2025-11-10T11:36:59","slug":"boucle-doreille-omega-moonlight","status":"publish","type":"product","link":"https:\/\/joyasyasmin.com\/fr\/producto\/boucle-doreille-omega-moonlight\/","title":{"rendered":"Boucle d\u2019oreille Omega Moonlight"},"content":{"rendered":"","protected":false},"excerpt":{"rendered":"<p>Boucle d\u2019oreille \u00ab&nbsp;Omega Moonlight&nbsp;\u00bb en argent sterling 925 et 1cm de large. Ce design exquis combine la puret\u00e9 de l\u2019argent avec la magie des pierres color\u00e9es et l\u2019\u00e9clat de la zircone blanche.<\/p>\n<p>Chaque boucle d\u2019oreille est orn\u00e9e d\u2019un ensemble \u00e9blouissant de pierres color\u00e9es soigneusement s\u00e9lectionn\u00e9es, refl\u00e9tant le myst\u00e9rieux clair de lune. De plus, deux rails incurv\u00e9s de zircone blanche s\u2019enroulent autour des pierres, ajoutant une touche de sophistication et de luminosit\u00e9.<\/p>\n<p>Le fermoir om\u00e9ga, d\u00e9tail d\u2019ing\u00e9nierie et de confort, assure un maintien s\u00fbr et confortable de la boucle d\u2019oreille. Ce type de fermeture, caract\u00e9ris\u00e9 par sa forme om\u00e9ga, glisse en douceur sur l\u2019oreille et se ferme d\u2019un clic, offrant une fermet\u00e9 et une stabilit\u00e9 qui vous permettent de porter vos boucles d\u2019oreilles en toute confiance tout au long de la journ\u00e9e.<\/p>\n<p>&nbsp;<\/p>\n","protected":false},"featured_media":21483,"comment_status":"open","ping_status":"closed","template":"","meta":{"_acf_changed":false,"_joinchat":[]},"product_brand":[],"product_cat":[1775],"product_tag":[2239,2240],"class_list":{"0":"post-21479","1":"product","2":"type-product","3":"status-publish","4":"has-post-thumbnail","6":"product_cat-boucles-doreilles-et-boucles-doreilles","7":"product_tag-boucle-doreille-omega-moonlight","8":"product_tag-boucles-doreilles-omega-en-argent-avec-pierres-de-couleur","10":"first","11":"instock","12":"shipping-taxable","13":"purchasable","14":"product-type-simple"},"acf":[],"yoast_head":"<!-- This site is optimized with the Yoast SEO plugin v27.2 - https:\/\/yoast.com\/product\/yoast-seo-wordpress\/ -->\n<title>Boucle d\u2019oreille Omega Moonlight - Yasmin<\/title>\n<meta name=\"description\" content=\"Boucle d\u2019oreille \u00ab\u00a0Omega Moonlight\u00a0\u00bb en argent sterling 925. Ce design combine la puret\u00e9 de l\u2019argent avec la magie des pierres color\u00e9es.\" \/>\n<meta name=\"robots\" content=\"index, follow, max-snippet:-1, max-image-preview:large, max-video-preview:-1\" \/>\n<link rel=\"canonical\" href=\"https:\/\/joyasyasmin.com\/fr\/producto\/boucle-doreille-omega-moonlight\/\" \/>\n<meta property=\"og:locale\" content=\"fr_FR\" \/>\n<meta property=\"og:title\" content=\"Boucle d\u2019oreille Omega Moonlight - Yasmin\" \/>\n<meta property=\"og:description\" content=\"Boucle d\u2019oreille \u00ab\u00a0Omega Moonlight\u00a0\u00bb en argent sterling 925. Ce design combine la puret\u00e9 de l\u2019argent avec la magie des pierres color\u00e9es.\" \/>\n<meta property=\"og:url\" content=\"https:\/\/joyasyasmin.com\/fr\/producto\/boucle-doreille-omega-moonlight\/\" \/>\n<meta property=\"og:site_name\" content=\"Yasmin\" \/>\n<meta property=\"article:publisher\" content=\"https:\/\/www.facebook.com\/Joyas-Yasmin-217664058934169\/\" \/>\n<meta property=\"article:modified_time\" content=\"2025-11-10T11:36:59+00:00\" \/>\n<meta property=\"og:image\" content=\"https:\/\/joyasyasmin.com\/wp-content\/uploads\/2024\/02\/pendiente-omega-luz-lunar-de-plata.jpg\" \/>\n\t<meta property=\"og:image:width\" content=\"1000\" \/>\n\t<meta property=\"og:image:height\" content=\"1000\" \/>\n\t<meta property=\"og:image:type\" content=\"image\/jpeg\" \/>\n<meta name=\"twitter:card\" content=\"summary_large_image\" \/>\n<script type=\"application\/ld+json\" class=\"yoast-schema-graph\">{\"@context\":\"https:\/\/schema.org\",\"@graph\":[{\"@type\":[\"WebPage\",\"ItemPage\"],\"@id\":\"https:\/\/joyasyasmin.com\/fr\/producto\/boucle-doreille-omega-moonlight\/\",\"url\":\"https:\/\/joyasyasmin.com\/fr\/producto\/boucle-doreille-omega-moonlight\/\",\"name\":\"Boucle d\u2019oreille Omega Moonlight - Yasmin\",\"isPartOf\":{\"@id\":\"https:\/\/joyasyasmin.com\/fr\/#website\"},\"primaryImageOfPage\":{\"@id\":\"https:\/\/joyasyasmin.com\/fr\/producto\/boucle-doreille-omega-moonlight\/#primaryimage\"},\"image\":{\"@id\":\"https:\/\/joyasyasmin.com\/fr\/producto\/boucle-doreille-omega-moonlight\/#primaryimage\"},\"thumbnailUrl\":\"https:\/\/joyasyasmin.com\/wp-content\/uploads\/2024\/02\/pendiente-omega-luz-lunar-de-plata.jpg\",\"datePublished\":\"2024-02-26T10:20:25+00:00\",\"dateModified\":\"2025-11-10T11:36:59+00:00\",\"description\":\"Boucle d\u2019oreille \u00ab\u00a0Omega Moonlight\u00a0\u00bb en argent sterling 925. Ce design combine la puret\u00e9 de l\u2019argent avec la magie des pierres color\u00e9es.\",\"breadcrumb\":{\"@id\":\"https:\/\/joyasyasmin.com\/fr\/producto\/boucle-doreille-omega-moonlight\/#breadcrumb\"},\"inLanguage\":\"fr-FR\",\"potentialAction\":[{\"@type\":\"ReadAction\",\"target\":[\"https:\/\/joyasyasmin.com\/fr\/producto\/boucle-doreille-omega-moonlight\/\"]}]},{\"@type\":\"ImageObject\",\"inLanguage\":\"fr-FR\",\"@id\":\"https:\/\/joyasyasmin.com\/fr\/producto\/boucle-doreille-omega-moonlight\/#primaryimage\",\"url\":\"https:\/\/joyasyasmin.com\/wp-content\/uploads\/2024\/02\/pendiente-omega-luz-lunar-de-plata.jpg\",\"contentUrl\":\"https:\/\/joyasyasmin.com\/wp-content\/uploads\/2024\/02\/pendiente-omega-luz-lunar-de-plata.jpg\",\"width\":1000,\"height\":1000,\"caption\":\"Vente de boucle d\u2019oreille om\u00e9ga en argent sterling 925 avec pierres de couleur\"},{\"@type\":\"BreadcrumbList\",\"@id\":\"https:\/\/joyasyasmin.com\/fr\/producto\/boucle-doreille-omega-moonlight\/#breadcrumb\",\"itemListElement\":[{\"@type\":\"ListItem\",\"position\":1,\"name\":\"Portada\",\"item\":\"https:\/\/joyasyasmin.com\/fr\/domicile\/\"},{\"@type\":\"ListItem\",\"position\":2,\"name\":\"Boutique\",\"item\":\"https:\/\/joyasyasmin.com\/fr\/boutique\/\"},{\"@type\":\"ListItem\",\"position\":3,\"name\":\"Boucle d\u2019oreille Omega Moonlight\"}]},{\"@type\":\"WebSite\",\"@id\":\"https:\/\/joyasyasmin.com\/fr\/#website\",\"url\":\"https:\/\/joyasyasmin.com\/fr\/\",\"name\":\"Yasmin\",\"description\":\"Joyer\u00eda de Plata 925 - Pendientes, pulseras, anillos, colgantes y m\u00e1s!\",\"publisher\":{\"@id\":\"https:\/\/joyasyasmin.com\/fr\/#organization\"},\"potentialAction\":[{\"@type\":\"SearchAction\",\"target\":{\"@type\":\"EntryPoint\",\"urlTemplate\":\"https:\/\/joyasyasmin.com\/fr\/?s={search_term_string}\"},\"query-input\":{\"@type\":\"PropertyValueSpecification\",\"valueRequired\":true,\"valueName\":\"search_term_string\"}}],\"inLanguage\":\"fr-FR\"},{\"@type\":\"Organization\",\"@id\":\"https:\/\/joyasyasmin.com\/fr\/#organization\",\"name\":\"joyas yasmin\",\"url\":\"https:\/\/joyasyasmin.com\/fr\/\",\"logo\":{\"@type\":\"ImageObject\",\"inLanguage\":\"fr-FR\",\"@id\":\"https:\/\/joyasyasmin.com\/fr\/#\/schema\/logo\/image\/\",\"url\":\"https:\/\/joyasyasmin.com\/wp-content\/uploads\/2017\/06\/IMG-20200429-WA0051.jpg\",\"contentUrl\":\"https:\/\/joyasyasmin.com\/wp-content\/uploads\/2017\/06\/IMG-20200429-WA0051.jpg\",\"width\":1080,\"height\":545,\"caption\":\"joyas yasmin\"},\"image\":{\"@id\":\"https:\/\/joyasyasmin.com\/fr\/#\/schema\/logo\/image\/\"},\"sameAs\":[\"https:\/\/www.facebook.com\/Joyas-Yasmin-217664058934169\/\",\"https:\/\/www.instagram.com\/invites\/contact\/\"]}]}<\/script>\n<!-- \/ Yoast SEO plugin. -->","yoast_head_json":{"title":"Boucle d\u2019oreille Omega Moonlight - Yasmin","description":"Boucle d\u2019oreille \u00ab\u00a0Omega Moonlight\u00a0\u00bb en argent sterling 925. Ce design combine la puret\u00e9 de l\u2019argent avec la magie des pierres color\u00e9es.","robots":{"index":"index","follow":"follow","max-snippet":"max-snippet:-1","max-image-preview":"max-image-preview:large","max-video-preview":"max-video-preview:-1"},"canonical":"https:\/\/joyasyasmin.com\/fr\/producto\/boucle-doreille-omega-moonlight\/","og_locale":"fr_FR","og_title":"Boucle d\u2019oreille Omega Moonlight - Yasmin","og_description":"Boucle d\u2019oreille \u00ab\u00a0Omega Moonlight\u00a0\u00bb en argent sterling 925. Ce design combine la puret\u00e9 de l\u2019argent avec la magie des pierres color\u00e9es.","og_url":"https:\/\/joyasyasmin.com\/fr\/producto\/boucle-doreille-omega-moonlight\/","og_site_name":"Yasmin","article_publisher":"https:\/\/www.facebook.com\/Joyas-Yasmin-217664058934169\/","article_modified_time":"2025-11-10T11:36:59+00:00","og_image":[{"width":1000,"height":1000,"url":"https:\/\/joyasyasmin.com\/wp-content\/uploads\/2024\/02\/pendiente-omega-luz-lunar-de-plata.jpg","type":"image\/jpeg"}],"twitter_card":"summary_large_image","schema":{"@context":"https:\/\/schema.org","@graph":[{"@type":["WebPage","ItemPage"],"@id":"https:\/\/joyasyasmin.com\/fr\/producto\/boucle-doreille-omega-moonlight\/","url":"https:\/\/joyasyasmin.com\/fr\/producto\/boucle-doreille-omega-moonlight\/","name":"Boucle d\u2019oreille Omega Moonlight - Yasmin","isPartOf":{"@id":"https:\/\/joyasyasmin.com\/fr\/#website"},"primaryImageOfPage":{"@id":"https:\/\/joyasyasmin.com\/fr\/producto\/boucle-doreille-omega-moonlight\/#primaryimage"},"image":{"@id":"https:\/\/joyasyasmin.com\/fr\/producto\/boucle-doreille-omega-moonlight\/#primaryimage"},"thumbnailUrl":"https:\/\/joyasyasmin.com\/wp-content\/uploads\/2024\/02\/pendiente-omega-luz-lunar-de-plata.jpg","datePublished":"2024-02-26T10:20:25+00:00","dateModified":"2025-11-10T11:36:59+00:00","description":"Boucle d\u2019oreille \u00ab\u00a0Omega Moonlight\u00a0\u00bb en argent sterling 925. Ce design combine la puret\u00e9 de l\u2019argent avec la magie des pierres color\u00e9es.","breadcrumb":{"@id":"https:\/\/joyasyasmin.com\/fr\/producto\/boucle-doreille-omega-moonlight\/#breadcrumb"},"inLanguage":"fr-FR","potentialAction":[{"@type":"ReadAction","target":["https:\/\/joyasyasmin.com\/fr\/producto\/boucle-doreille-omega-moonlight\/"]}]},{"@type":"ImageObject","inLanguage":"fr-FR","@id":"https:\/\/joyasyasmin.com\/fr\/producto\/boucle-doreille-omega-moonlight\/#primaryimage","url":"https:\/\/joyasyasmin.com\/wp-content\/uploads\/2024\/02\/pendiente-omega-luz-lunar-de-plata.jpg","contentUrl":"https:\/\/joyasyasmin.com\/wp-content\/uploads\/2024\/02\/pendiente-omega-luz-lunar-de-plata.jpg","width":1000,"height":1000,"caption":"Vente de boucle d\u2019oreille om\u00e9ga en argent sterling 925 avec pierres de couleur"},{"@type":"BreadcrumbList","@id":"https:\/\/joyasyasmin.com\/fr\/producto\/boucle-doreille-omega-moonlight\/#breadcrumb","itemListElement":[{"@type":"ListItem","position":1,"name":"Portada","item":"https:\/\/joyasyasmin.com\/fr\/domicile\/"},{"@type":"ListItem","position":2,"name":"Boutique","item":"https:\/\/joyasyasmin.com\/fr\/boutique\/"},{"@type":"ListItem","position":3,"name":"Boucle d\u2019oreille Omega Moonlight"}]},{"@type":"WebSite","@id":"https:\/\/joyasyasmin.com\/fr\/#website","url":"https:\/\/joyasyasmin.com\/fr\/","name":"Yasmin","description":"Joyer\u00eda de Plata 925 - Pendientes, pulseras, anillos, colgantes y m\u00e1s!","publisher":{"@id":"https:\/\/joyasyasmin.com\/fr\/#organization"},"potentialAction":[{"@type":"SearchAction","target":{"@type":"EntryPoint","urlTemplate":"https:\/\/joyasyasmin.com\/fr\/?s={search_term_string}"},"query-input":{"@type":"PropertyValueSpecification","valueRequired":true,"valueName":"search_term_string"}}],"inLanguage":"fr-FR"},{"@type":"Organization","@id":"https:\/\/joyasyasmin.com\/fr\/#organization","name":"joyas yasmin","url":"https:\/\/joyasyasmin.com\/fr\/","logo":{"@type":"ImageObject","inLanguage":"fr-FR","@id":"https:\/\/joyasyasmin.com\/fr\/#\/schema\/logo\/image\/","url":"https:\/\/joyasyasmin.com\/wp-content\/uploads\/2017\/06\/IMG-20200429-WA0051.jpg","contentUrl":"https:\/\/joyasyasmin.com\/wp-content\/uploads\/2017\/06\/IMG-20200429-WA0051.jpg","width":1080,"height":545,"caption":"joyas yasmin"},"image":{"@id":"https:\/\/joyasyasmin.com\/fr\/#\/schema\/logo\/image\/"},"sameAs":["https:\/\/www.facebook.com\/Joyas-Yasmin-217664058934169\/","https:\/\/www.instagram.com\/invites\/contact\/"]}]}},"_links":{"self":[{"href":"https:\/\/joyasyasmin.com\/fr\/wp-json\/wp\/v2\/product\/21479","targetHints":{"allow":["GET"]}}],"collection":[{"href":"https:\/\/joyasyasmin.com\/fr\/wp-json\/wp\/v2\/product"}],"about":[{"href":"https:\/\/joyasyasmin.com\/fr\/wp-json\/wp\/v2\/types\/product"}],"replies":[{"embeddable":true,"href":"https:\/\/joyasyasmin.com\/fr\/wp-json\/wp\/v2\/comments?post=21479"}],"version-history":[{"count":1,"href":"https:\/\/joyasyasmin.com\/fr\/wp-json\/wp\/v2\/product\/21479\/revisions"}],"predecessor-version":[{"id":35909,"href":"https:\/\/joyasyasmin.com\/fr\/wp-json\/wp\/v2\/product\/21479\/revisions\/35909"}],"wp:featuredmedia":[{"embeddable":true,"href":"https:\/\/joyasyasmin.com\/fr\/wp-json\/wp\/v2\/media\/21483"}],"wp:attachment":[{"href":"https:\/\/joyasyasmin.com\/fr\/wp-json\/wp\/v2\/media?parent=21479"}],"wp:term":[{"taxonomy":"product_brand","embeddable":true,"href":"https:\/\/joyasyasmin.com\/fr\/wp-json\/wp\/v2\/product_brand?post=21479"},{"taxonomy":"product_cat","embeddable":true,"href":"https:\/\/joyasyasmin.com\/fr\/wp-json\/wp\/v2\/product_cat?post=21479"},{"taxonomy":"product_tag","embeddable":true,"href":"https:\/\/joyasyasmin.com\/fr\/wp-json\/wp\/v2\/product_tag?post=21479"}],"curies":[{"name":"wp","href":"https:\/\/api.w.org\/{rel}","templated":true}]}}