{"id":21480,"date":"2024-02-26T10:39:30","date_gmt":"2024-02-26T10:39:30","guid":{"rendered":"https:\/\/joyasyasmin.com\/producto\/boucle-doreille-omega-stellar-evano\/"},"modified":"2026-01-02T13:39:35","modified_gmt":"2026-01-02T13:39:35","slug":"boucle-doreille-omega-stellar-evano","status":"publish","type":"product","link":"https:\/\/joyasyasmin.com\/fr\/producto\/boucle-doreille-omega-stellar-evano\/","title":{"rendered":"Boucle d\u2019oreille Omega Stellar Evano"},"content":{"rendered":"","protected":false},"excerpt":{"rendered":"<p>Plongez dans l\u2019univers de l\u2019\u00e9l\u00e9gance avec notre boucle d\u2019oreille \u00ab&nbsp;Omega \u00c9vano Estelar&nbsp;\u00bb. Ce design \u00e9blouissant, d\u2019une largeur de 7 mm, capture l\u2019essence m\u00eame de la beaut\u00e9 c\u00e9leste. De plus, ce design captivant est disponible en deux options : argent et or. La version en or est dot\u00e9e d\u2019un luxueux placage de 3 microns en or 18 carats, ajoutant une touche d\u2019opulence et de glamour \u00e0 votre style. Qu\u2019elle soit en argent ou en or, la boucle d\u2019oreille Omega Stellar Evano est le choix parfait pour rehausser n\u2019importe quelle tenue d\u2019une touche de sophistication c\u00e9leste.    <\/p>\n<p>&nbsp;<\/p>\n","protected":false},"featured_media":21487,"comment_status":"open","ping_status":"closed","template":"","meta":{"_acf_changed":false,"_joinchat":[]},"product_brand":[],"product_cat":[1775],"product_tag":[2241,2242],"class_list":{"0":"post-21480","1":"product","2":"type-product","3":"status-publish","4":"has-post-thumbnail","6":"product_cat-boucles-doreilles-et-boucles-doreilles","7":"product_tag-boucle-doreille-omega-en-argent-avec-zircone","8":"product_tag-boucle-doreille-omega-stellar-evano","10":"first","11":"instock","12":"shipping-taxable","13":"purchasable","14":"product-type-variable"},"acf":[],"yoast_head":"<!-- This site is optimized with the Yoast SEO plugin v27.2 - https:\/\/yoast.com\/product\/yoast-seo-wordpress\/ -->\n<title>Boucle d\u2019oreille Omega Stellar Evano - Yasmin<\/title>\n<meta name=\"description\" content=\"Boucle d\u2019oreille \u00ab\u00a0Stellar Omega Eva\u00a0\u00bb. Ce design \u00e9blouissant, d\u2019une largeur de 7 mm, capture l\u2019essence m\u00eame de la beaut\u00e9 c\u00e9leste, l\u2019argent sterling 925.\" \/>\n<meta name=\"robots\" content=\"index, follow, max-snippet:-1, max-image-preview:large, max-video-preview:-1\" \/>\n<link rel=\"canonical\" href=\"https:\/\/joyasyasmin.com\/fr\/producto\/boucle-doreille-omega-stellar-evano\/\" \/>\n<meta property=\"og:locale\" content=\"fr_FR\" \/>\n<meta property=\"og:title\" content=\"Boucle d\u2019oreille Omega Stellar Evano - Yasmin\" \/>\n<meta property=\"og:description\" content=\"Boucle d\u2019oreille \u00ab\u00a0Stellar Omega Eva\u00a0\u00bb. Ce design \u00e9blouissant, d\u2019une largeur de 7 mm, capture l\u2019essence m\u00eame de la beaut\u00e9 c\u00e9leste, l\u2019argent sterling 925.\" \/>\n<meta property=\"og:url\" content=\"https:\/\/joyasyasmin.com\/fr\/producto\/boucle-doreille-omega-stellar-evano\/\" \/>\n<meta property=\"og:site_name\" content=\"Yasmin\" \/>\n<meta property=\"article:publisher\" content=\"https:\/\/www.facebook.com\/Joyas-Yasmin-217664058934169\/\" \/>\n<meta property=\"article:modified_time\" content=\"2026-01-02T13:39:35+00:00\" \/>\n<meta property=\"og:image\" content=\"https:\/\/joyasyasmin.com\/wp-content\/uploads\/2024\/02\/pendiente-omega-ebano-estelar-silver.jpg\" \/>\n\t<meta property=\"og:image:width\" content=\"1000\" \/>\n\t<meta property=\"og:image:height\" content=\"1000\" \/>\n\t<meta property=\"og:image:type\" content=\"image\/jpeg\" \/>\n<meta name=\"twitter:card\" content=\"summary_large_image\" \/>\n<script type=\"application\/ld+json\" class=\"yoast-schema-graph\">{\"@context\":\"https:\/\/schema.org\",\"@graph\":[{\"@type\":[\"WebPage\",\"ItemPage\"],\"@id\":\"https:\/\/joyasyasmin.com\/fr\/producto\/boucle-doreille-omega-stellar-evano\/\",\"url\":\"https:\/\/joyasyasmin.com\/fr\/producto\/boucle-doreille-omega-stellar-evano\/\",\"name\":\"Boucle d\u2019oreille Omega Stellar Evano - Yasmin\",\"isPartOf\":{\"@id\":\"https:\/\/joyasyasmin.com\/fr\/#website\"},\"primaryImageOfPage\":{\"@id\":\"https:\/\/joyasyasmin.com\/fr\/producto\/boucle-doreille-omega-stellar-evano\/#primaryimage\"},\"image\":{\"@id\":\"https:\/\/joyasyasmin.com\/fr\/producto\/boucle-doreille-omega-stellar-evano\/#primaryimage\"},\"thumbnailUrl\":\"https:\/\/joyasyasmin.com\/wp-content\/uploads\/2024\/02\/pendiente-omega-ebano-estelar-silver.jpg\",\"datePublished\":\"2024-02-26T10:39:30+00:00\",\"dateModified\":\"2026-01-02T13:39:35+00:00\",\"description\":\"Boucle d\u2019oreille \u00ab\u00a0Stellar Omega Eva\u00a0\u00bb. Ce design \u00e9blouissant, d\u2019une largeur de 7 mm, capture l\u2019essence m\u00eame de la beaut\u00e9 c\u00e9leste, l\u2019argent sterling 925.\",\"breadcrumb\":{\"@id\":\"https:\/\/joyasyasmin.com\/fr\/producto\/boucle-doreille-omega-stellar-evano\/#breadcrumb\"},\"inLanguage\":\"fr-FR\",\"potentialAction\":[{\"@type\":\"ReadAction\",\"target\":[\"https:\/\/joyasyasmin.com\/fr\/producto\/boucle-doreille-omega-stellar-evano\/\"]}]},{\"@type\":\"ImageObject\",\"inLanguage\":\"fr-FR\",\"@id\":\"https:\/\/joyasyasmin.com\/fr\/producto\/boucle-doreille-omega-stellar-evano\/#primaryimage\",\"url\":\"https:\/\/joyasyasmin.com\/wp-content\/uploads\/2024\/02\/pendiente-omega-ebano-estelar-silver.jpg\",\"contentUrl\":\"https:\/\/joyasyasmin.com\/wp-content\/uploads\/2024\/02\/pendiente-omega-ebano-estelar-silver.jpg\",\"width\":1000,\"height\":1000,\"caption\":\"Vente de Boucle d\u2019oreille en argent Omega Estelar en argent sterling 925, avec zircon color\u00e9\"},{\"@type\":\"BreadcrumbList\",\"@id\":\"https:\/\/joyasyasmin.com\/fr\/producto\/boucle-doreille-omega-stellar-evano\/#breadcrumb\",\"itemListElement\":[{\"@type\":\"ListItem\",\"position\":1,\"name\":\"Portada\",\"item\":\"https:\/\/joyasyasmin.com\/fr\/domicile\/\"},{\"@type\":\"ListItem\",\"position\":2,\"name\":\"Boutique\",\"item\":\"https:\/\/joyasyasmin.com\/fr\/boutique\/\"},{\"@type\":\"ListItem\",\"position\":3,\"name\":\"Boucle d\u2019oreille Omega Stellar Evano\"}]},{\"@type\":\"WebSite\",\"@id\":\"https:\/\/joyasyasmin.com\/fr\/#website\",\"url\":\"https:\/\/joyasyasmin.com\/fr\/\",\"name\":\"Yasmin\",\"description\":\"Joyer\u00eda de Plata 925 - Pendientes, pulseras, anillos, colgantes y m\u00e1s!\",\"publisher\":{\"@id\":\"https:\/\/joyasyasmin.com\/fr\/#organization\"},\"potentialAction\":[{\"@type\":\"SearchAction\",\"target\":{\"@type\":\"EntryPoint\",\"urlTemplate\":\"https:\/\/joyasyasmin.com\/fr\/?s={search_term_string}\"},\"query-input\":{\"@type\":\"PropertyValueSpecification\",\"valueRequired\":true,\"valueName\":\"search_term_string\"}}],\"inLanguage\":\"fr-FR\"},{\"@type\":\"Organization\",\"@id\":\"https:\/\/joyasyasmin.com\/fr\/#organization\",\"name\":\"joyas yasmin\",\"url\":\"https:\/\/joyasyasmin.com\/fr\/\",\"logo\":{\"@type\":\"ImageObject\",\"inLanguage\":\"fr-FR\",\"@id\":\"https:\/\/joyasyasmin.com\/fr\/#\/schema\/logo\/image\/\",\"url\":\"https:\/\/joyasyasmin.com\/wp-content\/uploads\/2017\/06\/IMG-20200429-WA0051.jpg\",\"contentUrl\":\"https:\/\/joyasyasmin.com\/wp-content\/uploads\/2017\/06\/IMG-20200429-WA0051.jpg\",\"width\":1080,\"height\":545,\"caption\":\"joyas yasmin\"},\"image\":{\"@id\":\"https:\/\/joyasyasmin.com\/fr\/#\/schema\/logo\/image\/\"},\"sameAs\":[\"https:\/\/www.facebook.com\/Joyas-Yasmin-217664058934169\/\",\"https:\/\/www.instagram.com\/invites\/contact\/\"]}]}<\/script>\n<!-- \/ Yoast SEO plugin. -->","yoast_head_json":{"title":"Boucle d\u2019oreille Omega Stellar Evano - Yasmin","description":"Boucle d\u2019oreille \u00ab\u00a0Stellar Omega Eva\u00a0\u00bb. Ce design \u00e9blouissant, d\u2019une largeur de 7 mm, capture l\u2019essence m\u00eame de la beaut\u00e9 c\u00e9leste, l\u2019argent sterling 925.","robots":{"index":"index","follow":"follow","max-snippet":"max-snippet:-1","max-image-preview":"max-image-preview:large","max-video-preview":"max-video-preview:-1"},"canonical":"https:\/\/joyasyasmin.com\/fr\/producto\/boucle-doreille-omega-stellar-evano\/","og_locale":"fr_FR","og_title":"Boucle d\u2019oreille Omega Stellar Evano - Yasmin","og_description":"Boucle d\u2019oreille \u00ab\u00a0Stellar Omega Eva\u00a0\u00bb. Ce design \u00e9blouissant, d\u2019une largeur de 7 mm, capture l\u2019essence m\u00eame de la beaut\u00e9 c\u00e9leste, l\u2019argent sterling 925.","og_url":"https:\/\/joyasyasmin.com\/fr\/producto\/boucle-doreille-omega-stellar-evano\/","og_site_name":"Yasmin","article_publisher":"https:\/\/www.facebook.com\/Joyas-Yasmin-217664058934169\/","article_modified_time":"2026-01-02T13:39:35+00:00","og_image":[{"width":1000,"height":1000,"url":"https:\/\/joyasyasmin.com\/wp-content\/uploads\/2024\/02\/pendiente-omega-ebano-estelar-silver.jpg","type":"image\/jpeg"}],"twitter_card":"summary_large_image","schema":{"@context":"https:\/\/schema.org","@graph":[{"@type":["WebPage","ItemPage"],"@id":"https:\/\/joyasyasmin.com\/fr\/producto\/boucle-doreille-omega-stellar-evano\/","url":"https:\/\/joyasyasmin.com\/fr\/producto\/boucle-doreille-omega-stellar-evano\/","name":"Boucle d\u2019oreille Omega Stellar Evano - Yasmin","isPartOf":{"@id":"https:\/\/joyasyasmin.com\/fr\/#website"},"primaryImageOfPage":{"@id":"https:\/\/joyasyasmin.com\/fr\/producto\/boucle-doreille-omega-stellar-evano\/#primaryimage"},"image":{"@id":"https:\/\/joyasyasmin.com\/fr\/producto\/boucle-doreille-omega-stellar-evano\/#primaryimage"},"thumbnailUrl":"https:\/\/joyasyasmin.com\/wp-content\/uploads\/2024\/02\/pendiente-omega-ebano-estelar-silver.jpg","datePublished":"2024-02-26T10:39:30+00:00","dateModified":"2026-01-02T13:39:35+00:00","description":"Boucle d\u2019oreille \u00ab\u00a0Stellar Omega Eva\u00a0\u00bb. Ce design \u00e9blouissant, d\u2019une largeur de 7 mm, capture l\u2019essence m\u00eame de la beaut\u00e9 c\u00e9leste, l\u2019argent sterling 925.","breadcrumb":{"@id":"https:\/\/joyasyasmin.com\/fr\/producto\/boucle-doreille-omega-stellar-evano\/#breadcrumb"},"inLanguage":"fr-FR","potentialAction":[{"@type":"ReadAction","target":["https:\/\/joyasyasmin.com\/fr\/producto\/boucle-doreille-omega-stellar-evano\/"]}]},{"@type":"ImageObject","inLanguage":"fr-FR","@id":"https:\/\/joyasyasmin.com\/fr\/producto\/boucle-doreille-omega-stellar-evano\/#primaryimage","url":"https:\/\/joyasyasmin.com\/wp-content\/uploads\/2024\/02\/pendiente-omega-ebano-estelar-silver.jpg","contentUrl":"https:\/\/joyasyasmin.com\/wp-content\/uploads\/2024\/02\/pendiente-omega-ebano-estelar-silver.jpg","width":1000,"height":1000,"caption":"Vente de Boucle d\u2019oreille en argent Omega Estelar en argent sterling 925, avec zircon color\u00e9"},{"@type":"BreadcrumbList","@id":"https:\/\/joyasyasmin.com\/fr\/producto\/boucle-doreille-omega-stellar-evano\/#breadcrumb","itemListElement":[{"@type":"ListItem","position":1,"name":"Portada","item":"https:\/\/joyasyasmin.com\/fr\/domicile\/"},{"@type":"ListItem","position":2,"name":"Boutique","item":"https:\/\/joyasyasmin.com\/fr\/boutique\/"},{"@type":"ListItem","position":3,"name":"Boucle d\u2019oreille Omega Stellar Evano"}]},{"@type":"WebSite","@id":"https:\/\/joyasyasmin.com\/fr\/#website","url":"https:\/\/joyasyasmin.com\/fr\/","name":"Yasmin","description":"Joyer\u00eda de Plata 925 - Pendientes, pulseras, anillos, colgantes y m\u00e1s!","publisher":{"@id":"https:\/\/joyasyasmin.com\/fr\/#organization"},"potentialAction":[{"@type":"SearchAction","target":{"@type":"EntryPoint","urlTemplate":"https:\/\/joyasyasmin.com\/fr\/?s={search_term_string}"},"query-input":{"@type":"PropertyValueSpecification","valueRequired":true,"valueName":"search_term_string"}}],"inLanguage":"fr-FR"},{"@type":"Organization","@id":"https:\/\/joyasyasmin.com\/fr\/#organization","name":"joyas yasmin","url":"https:\/\/joyasyasmin.com\/fr\/","logo":{"@type":"ImageObject","inLanguage":"fr-FR","@id":"https:\/\/joyasyasmin.com\/fr\/#\/schema\/logo\/image\/","url":"https:\/\/joyasyasmin.com\/wp-content\/uploads\/2017\/06\/IMG-20200429-WA0051.jpg","contentUrl":"https:\/\/joyasyasmin.com\/wp-content\/uploads\/2017\/06\/IMG-20200429-WA0051.jpg","width":1080,"height":545,"caption":"joyas yasmin"},"image":{"@id":"https:\/\/joyasyasmin.com\/fr\/#\/schema\/logo\/image\/"},"sameAs":["https:\/\/www.facebook.com\/Joyas-Yasmin-217664058934169\/","https:\/\/www.instagram.com\/invites\/contact\/"]}]}},"_links":{"self":[{"href":"https:\/\/joyasyasmin.com\/fr\/wp-json\/wp\/v2\/product\/21480","targetHints":{"allow":["GET"]}}],"collection":[{"href":"https:\/\/joyasyasmin.com\/fr\/wp-json\/wp\/v2\/product"}],"about":[{"href":"https:\/\/joyasyasmin.com\/fr\/wp-json\/wp\/v2\/types\/product"}],"replies":[{"embeddable":true,"href":"https:\/\/joyasyasmin.com\/fr\/wp-json\/wp\/v2\/comments?post=21480"}],"version-history":[{"count":1,"href":"https:\/\/joyasyasmin.com\/fr\/wp-json\/wp\/v2\/product\/21480\/revisions"}],"predecessor-version":[{"id":36892,"href":"https:\/\/joyasyasmin.com\/fr\/wp-json\/wp\/v2\/product\/21480\/revisions\/36892"}],"wp:featuredmedia":[{"embeddable":true,"href":"https:\/\/joyasyasmin.com\/fr\/wp-json\/wp\/v2\/media\/21487"}],"wp:attachment":[{"href":"https:\/\/joyasyasmin.com\/fr\/wp-json\/wp\/v2\/media?parent=21480"}],"wp:term":[{"taxonomy":"product_brand","embeddable":true,"href":"https:\/\/joyasyasmin.com\/fr\/wp-json\/wp\/v2\/product_brand?post=21480"},{"taxonomy":"product_cat","embeddable":true,"href":"https:\/\/joyasyasmin.com\/fr\/wp-json\/wp\/v2\/product_cat?post=21480"},{"taxonomy":"product_tag","embeddable":true,"href":"https:\/\/joyasyasmin.com\/fr\/wp-json\/wp\/v2\/product_tag?post=21480"}],"curies":[{"name":"wp","href":"https:\/\/api.w.org\/{rel}","templated":true}]}}