{"id":21514,"date":"2024-02-26T10:59:00","date_gmt":"2024-02-26T10:59:00","guid":{"rendered":"https:\/\/joyasyasmin.com\/producto\/boucle-doreille-omega-night-glow\/"},"modified":"2025-01-16T19:22:00","modified_gmt":"2025-01-16T19:22:00","slug":"boucle-doreille-omega-night-glow","status":"publish","type":"product","link":"https:\/\/joyasyasmin.com\/fr\/producto\/boucle-doreille-omega-night-glow\/","title":{"rendered":"Boucle d\u2019oreille Omega Night Glow"},"content":{"rendered":"","protected":false},"excerpt":{"rendered":"<p>Laissez-vous s\u00e9duire par le charme paradisiaque de notre boucle d\u2019oreille \u00ab&nbsp;Omega Night Glow&nbsp;\u00bb. Le nom \u00ab Omega \u00bb \u00e9voque l\u2019\u00e9ternit\u00e9 et la perfection, tandis que \u00ab Night Glow \u00bb sugg\u00e8re la fascination de la nuit et sa beaut\u00e9 myst\u00e9rieuse. D\u2019une largeur de 8mm, cet accessoire en argent \u00e9blouissant vous transportera dans un monde d\u2019\u00e9l\u00e9gance et de myst\u00e8re, sa mati\u00e8re en argent sterling 925. Le design de cette boucle d\u2019oreille pr\u00e9sente une s\u00e9rie de pierres ovales color\u00e9es, soigneusement s\u00e9lectionn\u00e9es pour \u00e9voquer la magie de la nuit \u00e9toil\u00e9e. Ces pierres scintillent avec des teintes profondes et envo\u00fbtantes, ajoutant une touche de myst\u00e8re et de sophistication \u00e0 votre look.  <\/p>\n<p>&nbsp;<\/p>\n","protected":false},"featured_media":21518,"comment_status":"open","ping_status":"closed","template":"","meta":{"_acf_changed":false,"_joinchat":[]},"product_brand":[],"product_cat":[1775],"product_tag":[2260,2259],"class_list":{"0":"post-21514","1":"product","2":"type-product","3":"status-publish","4":"has-post-thumbnail","6":"product_cat-boucles-doreilles-et-boucles-doreilles","7":"product_tag-boucle-doreille-fermoir-omega-en-argent","8":"product_tag-boucle-doreille-omega-night-glow","10":"first","11":"instock","12":"shipping-taxable","13":"purchasable","14":"product-type-simple"},"acf":[],"yoast_head":"<!-- This site is optimized with the Yoast SEO plugin v27.2 - https:\/\/yoast.com\/product\/yoast-seo-wordpress\/ -->\n<title>Boucle d\u2019oreille Omega Night Glow - Yasmin<\/title>\n<meta name=\"description\" content=\"Boucle d\u2019oreille \u00ab\u00a0Omega Night Glow\u00a0\u00bb. Le nom \u00ab Omega \u00bb \u00e9voque l\u2019\u00e9ternit\u00e9 et la perfection, tandis que \u00ab Night Glow \u00bb sugg\u00e8re la fascination de la nuit.\" \/>\n<meta name=\"robots\" content=\"index, follow, max-snippet:-1, max-image-preview:large, max-video-preview:-1\" \/>\n<link rel=\"canonical\" href=\"https:\/\/joyasyasmin.com\/fr\/producto\/boucle-doreille-omega-night-glow\/\" \/>\n<meta property=\"og:locale\" content=\"fr_FR\" \/>\n<meta property=\"og:title\" content=\"Boucle d\u2019oreille Omega Night Glow - Yasmin\" \/>\n<meta property=\"og:description\" content=\"Boucle d\u2019oreille \u00ab\u00a0Omega Night Glow\u00a0\u00bb. Le nom \u00ab Omega \u00bb \u00e9voque l\u2019\u00e9ternit\u00e9 et la perfection, tandis que \u00ab Night Glow \u00bb sugg\u00e8re la fascination de la nuit.\" \/>\n<meta property=\"og:url\" content=\"https:\/\/joyasyasmin.com\/fr\/producto\/boucle-doreille-omega-night-glow\/\" \/>\n<meta property=\"og:site_name\" content=\"Yasmin\" \/>\n<meta property=\"article:publisher\" content=\"https:\/\/www.facebook.com\/Joyas-Yasmin-217664058934169\/\" \/>\n<meta property=\"article:modified_time\" content=\"2025-01-16T19:22:00+00:00\" \/>\n<meta property=\"og:image\" content=\"https:\/\/joyasyasmin.com\/wp-content\/uploads\/2024\/02\/pendiente-omega-brillo-nocturno-de-plata.jpg\" \/>\n\t<meta property=\"og:image:width\" content=\"1000\" \/>\n\t<meta property=\"og:image:height\" content=\"1000\" \/>\n\t<meta property=\"og:image:type\" content=\"image\/jpeg\" \/>\n<meta name=\"twitter:card\" content=\"summary_large_image\" \/>\n<script type=\"application\/ld+json\" class=\"yoast-schema-graph\">{\"@context\":\"https:\/\/schema.org\",\"@graph\":[{\"@type\":[\"WebPage\",\"ItemPage\"],\"@id\":\"https:\/\/joyasyasmin.com\/fr\/producto\/boucle-doreille-omega-night-glow\/\",\"url\":\"https:\/\/joyasyasmin.com\/fr\/producto\/boucle-doreille-omega-night-glow\/\",\"name\":\"Boucle d\u2019oreille Omega Night Glow - Yasmin\",\"isPartOf\":{\"@id\":\"https:\/\/joyasyasmin.com\/fr\/#website\"},\"primaryImageOfPage\":{\"@id\":\"https:\/\/joyasyasmin.com\/fr\/producto\/boucle-doreille-omega-night-glow\/#primaryimage\"},\"image\":{\"@id\":\"https:\/\/joyasyasmin.com\/fr\/producto\/boucle-doreille-omega-night-glow\/#primaryimage\"},\"thumbnailUrl\":\"https:\/\/joyasyasmin.com\/wp-content\/uploads\/2024\/02\/pendiente-omega-brillo-nocturno-de-plata.jpg\",\"datePublished\":\"2024-02-26T10:59:00+00:00\",\"dateModified\":\"2025-01-16T19:22:00+00:00\",\"description\":\"Boucle d\u2019oreille \u00ab\u00a0Omega Night Glow\u00a0\u00bb. Le nom \u00ab Omega \u00bb \u00e9voque l\u2019\u00e9ternit\u00e9 et la perfection, tandis que \u00ab Night Glow \u00bb sugg\u00e8re la fascination de la nuit.\",\"breadcrumb\":{\"@id\":\"https:\/\/joyasyasmin.com\/fr\/producto\/boucle-doreille-omega-night-glow\/#breadcrumb\"},\"inLanguage\":\"fr-FR\",\"potentialAction\":[{\"@type\":\"ReadAction\",\"target\":[\"https:\/\/joyasyasmin.com\/fr\/producto\/boucle-doreille-omega-night-glow\/\"]}]},{\"@type\":\"ImageObject\",\"inLanguage\":\"fr-FR\",\"@id\":\"https:\/\/joyasyasmin.com\/fr\/producto\/boucle-doreille-omega-night-glow\/#primaryimage\",\"url\":\"https:\/\/joyasyasmin.com\/wp-content\/uploads\/2024\/02\/pendiente-omega-brillo-nocturno-de-plata.jpg\",\"contentUrl\":\"https:\/\/joyasyasmin.com\/wp-content\/uploads\/2024\/02\/pendiente-omega-brillo-nocturno-de-plata.jpg\",\"width\":1000,\"height\":1000,\"caption\":\"Boucle d\u2019oreille Omega Night Shine en vente en argent sterling 925 avec pierres de couleur\"},{\"@type\":\"BreadcrumbList\",\"@id\":\"https:\/\/joyasyasmin.com\/fr\/producto\/boucle-doreille-omega-night-glow\/#breadcrumb\",\"itemListElement\":[{\"@type\":\"ListItem\",\"position\":1,\"name\":\"Portada\",\"item\":\"https:\/\/joyasyasmin.com\/fr\/domicile\/\"},{\"@type\":\"ListItem\",\"position\":2,\"name\":\"Boutique\",\"item\":\"https:\/\/joyasyasmin.com\/fr\/boutique\/\"},{\"@type\":\"ListItem\",\"position\":3,\"name\":\"Boucle d\u2019oreille Omega Night Glow\"}]},{\"@type\":\"WebSite\",\"@id\":\"https:\/\/joyasyasmin.com\/fr\/#website\",\"url\":\"https:\/\/joyasyasmin.com\/fr\/\",\"name\":\"Yasmin\",\"description\":\"Joyer\u00eda de Plata 925 - Pendientes, pulseras, anillos, colgantes y m\u00e1s!\",\"publisher\":{\"@id\":\"https:\/\/joyasyasmin.com\/fr\/#organization\"},\"potentialAction\":[{\"@type\":\"SearchAction\",\"target\":{\"@type\":\"EntryPoint\",\"urlTemplate\":\"https:\/\/joyasyasmin.com\/fr\/?s={search_term_string}\"},\"query-input\":{\"@type\":\"PropertyValueSpecification\",\"valueRequired\":true,\"valueName\":\"search_term_string\"}}],\"inLanguage\":\"fr-FR\"},{\"@type\":\"Organization\",\"@id\":\"https:\/\/joyasyasmin.com\/fr\/#organization\",\"name\":\"joyas yasmin\",\"url\":\"https:\/\/joyasyasmin.com\/fr\/\",\"logo\":{\"@type\":\"ImageObject\",\"inLanguage\":\"fr-FR\",\"@id\":\"https:\/\/joyasyasmin.com\/fr\/#\/schema\/logo\/image\/\",\"url\":\"https:\/\/joyasyasmin.com\/wp-content\/uploads\/2017\/06\/IMG-20200429-WA0051.jpg\",\"contentUrl\":\"https:\/\/joyasyasmin.com\/wp-content\/uploads\/2017\/06\/IMG-20200429-WA0051.jpg\",\"width\":1080,\"height\":545,\"caption\":\"joyas yasmin\"},\"image\":{\"@id\":\"https:\/\/joyasyasmin.com\/fr\/#\/schema\/logo\/image\/\"},\"sameAs\":[\"https:\/\/www.facebook.com\/Joyas-Yasmin-217664058934169\/\",\"https:\/\/www.instagram.com\/invites\/contact\/\"]}]}<\/script>\n<!-- \/ Yoast SEO plugin. -->","yoast_head_json":{"title":"Boucle d\u2019oreille Omega Night Glow - Yasmin","description":"Boucle d\u2019oreille \u00ab\u00a0Omega Night Glow\u00a0\u00bb. Le nom \u00ab Omega \u00bb \u00e9voque l\u2019\u00e9ternit\u00e9 et la perfection, tandis que \u00ab Night Glow \u00bb sugg\u00e8re la fascination de la nuit.","robots":{"index":"index","follow":"follow","max-snippet":"max-snippet:-1","max-image-preview":"max-image-preview:large","max-video-preview":"max-video-preview:-1"},"canonical":"https:\/\/joyasyasmin.com\/fr\/producto\/boucle-doreille-omega-night-glow\/","og_locale":"fr_FR","og_title":"Boucle d\u2019oreille Omega Night Glow - Yasmin","og_description":"Boucle d\u2019oreille \u00ab\u00a0Omega Night Glow\u00a0\u00bb. Le nom \u00ab Omega \u00bb \u00e9voque l\u2019\u00e9ternit\u00e9 et la perfection, tandis que \u00ab Night Glow \u00bb sugg\u00e8re la fascination de la nuit.","og_url":"https:\/\/joyasyasmin.com\/fr\/producto\/boucle-doreille-omega-night-glow\/","og_site_name":"Yasmin","article_publisher":"https:\/\/www.facebook.com\/Joyas-Yasmin-217664058934169\/","article_modified_time":"2025-01-16T19:22:00+00:00","og_image":[{"width":1000,"height":1000,"url":"https:\/\/joyasyasmin.com\/wp-content\/uploads\/2024\/02\/pendiente-omega-brillo-nocturno-de-plata.jpg","type":"image\/jpeg"}],"twitter_card":"summary_large_image","schema":{"@context":"https:\/\/schema.org","@graph":[{"@type":["WebPage","ItemPage"],"@id":"https:\/\/joyasyasmin.com\/fr\/producto\/boucle-doreille-omega-night-glow\/","url":"https:\/\/joyasyasmin.com\/fr\/producto\/boucle-doreille-omega-night-glow\/","name":"Boucle d\u2019oreille Omega Night Glow - Yasmin","isPartOf":{"@id":"https:\/\/joyasyasmin.com\/fr\/#website"},"primaryImageOfPage":{"@id":"https:\/\/joyasyasmin.com\/fr\/producto\/boucle-doreille-omega-night-glow\/#primaryimage"},"image":{"@id":"https:\/\/joyasyasmin.com\/fr\/producto\/boucle-doreille-omega-night-glow\/#primaryimage"},"thumbnailUrl":"https:\/\/joyasyasmin.com\/wp-content\/uploads\/2024\/02\/pendiente-omega-brillo-nocturno-de-plata.jpg","datePublished":"2024-02-26T10:59:00+00:00","dateModified":"2025-01-16T19:22:00+00:00","description":"Boucle d\u2019oreille \u00ab\u00a0Omega Night Glow\u00a0\u00bb. Le nom \u00ab Omega \u00bb \u00e9voque l\u2019\u00e9ternit\u00e9 et la perfection, tandis que \u00ab Night Glow \u00bb sugg\u00e8re la fascination de la nuit.","breadcrumb":{"@id":"https:\/\/joyasyasmin.com\/fr\/producto\/boucle-doreille-omega-night-glow\/#breadcrumb"},"inLanguage":"fr-FR","potentialAction":[{"@type":"ReadAction","target":["https:\/\/joyasyasmin.com\/fr\/producto\/boucle-doreille-omega-night-glow\/"]}]},{"@type":"ImageObject","inLanguage":"fr-FR","@id":"https:\/\/joyasyasmin.com\/fr\/producto\/boucle-doreille-omega-night-glow\/#primaryimage","url":"https:\/\/joyasyasmin.com\/wp-content\/uploads\/2024\/02\/pendiente-omega-brillo-nocturno-de-plata.jpg","contentUrl":"https:\/\/joyasyasmin.com\/wp-content\/uploads\/2024\/02\/pendiente-omega-brillo-nocturno-de-plata.jpg","width":1000,"height":1000,"caption":"Boucle d\u2019oreille Omega Night Shine en vente en argent sterling 925 avec pierres de couleur"},{"@type":"BreadcrumbList","@id":"https:\/\/joyasyasmin.com\/fr\/producto\/boucle-doreille-omega-night-glow\/#breadcrumb","itemListElement":[{"@type":"ListItem","position":1,"name":"Portada","item":"https:\/\/joyasyasmin.com\/fr\/domicile\/"},{"@type":"ListItem","position":2,"name":"Boutique","item":"https:\/\/joyasyasmin.com\/fr\/boutique\/"},{"@type":"ListItem","position":3,"name":"Boucle d\u2019oreille Omega Night Glow"}]},{"@type":"WebSite","@id":"https:\/\/joyasyasmin.com\/fr\/#website","url":"https:\/\/joyasyasmin.com\/fr\/","name":"Yasmin","description":"Joyer\u00eda de Plata 925 - Pendientes, pulseras, anillos, colgantes y m\u00e1s!","publisher":{"@id":"https:\/\/joyasyasmin.com\/fr\/#organization"},"potentialAction":[{"@type":"SearchAction","target":{"@type":"EntryPoint","urlTemplate":"https:\/\/joyasyasmin.com\/fr\/?s={search_term_string}"},"query-input":{"@type":"PropertyValueSpecification","valueRequired":true,"valueName":"search_term_string"}}],"inLanguage":"fr-FR"},{"@type":"Organization","@id":"https:\/\/joyasyasmin.com\/fr\/#organization","name":"joyas yasmin","url":"https:\/\/joyasyasmin.com\/fr\/","logo":{"@type":"ImageObject","inLanguage":"fr-FR","@id":"https:\/\/joyasyasmin.com\/fr\/#\/schema\/logo\/image\/","url":"https:\/\/joyasyasmin.com\/wp-content\/uploads\/2017\/06\/IMG-20200429-WA0051.jpg","contentUrl":"https:\/\/joyasyasmin.com\/wp-content\/uploads\/2017\/06\/IMG-20200429-WA0051.jpg","width":1080,"height":545,"caption":"joyas yasmin"},"image":{"@id":"https:\/\/joyasyasmin.com\/fr\/#\/schema\/logo\/image\/"},"sameAs":["https:\/\/www.facebook.com\/Joyas-Yasmin-217664058934169\/","https:\/\/www.instagram.com\/invites\/contact\/"]}]}},"_links":{"self":[{"href":"https:\/\/joyasyasmin.com\/fr\/wp-json\/wp\/v2\/product\/21514","targetHints":{"allow":["GET"]}}],"collection":[{"href":"https:\/\/joyasyasmin.com\/fr\/wp-json\/wp\/v2\/product"}],"about":[{"href":"https:\/\/joyasyasmin.com\/fr\/wp-json\/wp\/v2\/types\/product"}],"replies":[{"embeddable":true,"href":"https:\/\/joyasyasmin.com\/fr\/wp-json\/wp\/v2\/comments?post=21514"}],"version-history":[{"count":1,"href":"https:\/\/joyasyasmin.com\/fr\/wp-json\/wp\/v2\/product\/21514\/revisions"}],"predecessor-version":[{"id":29560,"href":"https:\/\/joyasyasmin.com\/fr\/wp-json\/wp\/v2\/product\/21514\/revisions\/29560"}],"wp:featuredmedia":[{"embeddable":true,"href":"https:\/\/joyasyasmin.com\/fr\/wp-json\/wp\/v2\/media\/21518"}],"wp:attachment":[{"href":"https:\/\/joyasyasmin.com\/fr\/wp-json\/wp\/v2\/media?parent=21514"}],"wp:term":[{"taxonomy":"product_brand","embeddable":true,"href":"https:\/\/joyasyasmin.com\/fr\/wp-json\/wp\/v2\/product_brand?post=21514"},{"taxonomy":"product_cat","embeddable":true,"href":"https:\/\/joyasyasmin.com\/fr\/wp-json\/wp\/v2\/product_cat?post=21514"},{"taxonomy":"product_tag","embeddable":true,"href":"https:\/\/joyasyasmin.com\/fr\/wp-json\/wp\/v2\/product_tag?post=21514"}],"curies":[{"name":"wp","href":"https:\/\/api.w.org\/{rel}","templated":true}]}}