{"id":21547,"date":"2024-03-31T16:12:20","date_gmt":"2024-03-31T16:12:20","guid":{"rendered":"https:\/\/joyasyasmin.com\/producto\/boucle-doreille-creole-coeur-avec-zircone\/"},"modified":"2024-03-31T16:12:20","modified_gmt":"2024-03-31T16:12:20","slug":"boucle-doreille-creole-coeur-avec-zircone","status":"publish","type":"product","link":"https:\/\/joyasyasmin.com\/fr\/producto\/boucle-doreille-creole-coeur-avec-zircone\/","title":{"rendered":"Boucle d\u2019oreille cr\u00e9ole c\u0153ur avec zircone"},"content":{"rendered":"","protected":false},"excerpt":{"rendered":"<p>Ajoutez une touche d\u2019\u00e9l\u00e9gance et de romantisme \u00e0 votre look avec notre boucle d\u2019oreille en forme de c\u0153ur avec zircon. Fabriqu\u00e9 en argent sterling 925 v\u00e9ritable, cet accessoire \u00e9blouissant pr\u00e9sente un cr\u00e9ole en forme de c\u0153ur d\u00e9licatement orn\u00e9 de zircons sur une face, ajoutant un \u00e9clat subtil mais saisissant. Avec une taille de 12mm de diam\u00e8tre, cette boucle d\u2019oreille est parfaite pour se d\u00e9marquer sans \u00eatre \u00e9crasante. Sa fermeture \u00e0 bouton-pression assure une prise en main s\u00fbre et confortable tout au long de la journ\u00e9e, tandis que sa finition en argent sterling 925 assure durabilit\u00e9 et brillance durable. <\/p>\n","protected":false},"featured_media":21549,"comment_status":"open","ping_status":"closed","template":"","meta":{"_acf_changed":false,"_joinchat":[]},"product_brand":[],"product_cat":[1775],"product_tag":[],"class_list":{"0":"post-21547","1":"product","2":"type-product","3":"status-publish","4":"has-post-thumbnail","6":"product_cat-boucles-doreilles-et-boucles-doreilles","8":"first","9":"instock","10":"shipping-taxable","11":"purchasable","12":"product-type-simple"},"acf":[],"yoast_head":"<!-- This site is optimized with the Yoast SEO plugin v27.2 - https:\/\/yoast.com\/product\/yoast-seo-wordpress\/ -->\n<title>Boucle d\u2019oreille cr\u00e9ole c\u0153ur avec zircone - Yasmin<\/title>\n<meta name=\"description\" content=\"Boucle d\u2019oreille cerceau en forme de c\u0153ur avec zircone. Fabriqu\u00e9 en argent sterling 925 v\u00e9ritable, cet accessoire \u00e9blouissant de 12 mm est id\u00e9al pour votre look.\" \/>\n<meta name=\"robots\" content=\"index, follow, max-snippet:-1, max-image-preview:large, max-video-preview:-1\" \/>\n<link rel=\"canonical\" href=\"https:\/\/joyasyasmin.com\/fr\/producto\/boucle-doreille-creole-coeur-avec-zircone\/\" \/>\n<meta property=\"og:locale\" content=\"fr_FR\" \/>\n<meta property=\"og:title\" content=\"Boucle d\u2019oreille cr\u00e9ole c\u0153ur avec zircone - Yasmin\" \/>\n<meta property=\"og:description\" content=\"Boucle d\u2019oreille cerceau en forme de c\u0153ur avec zircone. Fabriqu\u00e9 en argent sterling 925 v\u00e9ritable, cet accessoire \u00e9blouissant de 12 mm est id\u00e9al pour votre look.\" \/>\n<meta property=\"og:url\" content=\"https:\/\/joyasyasmin.com\/fr\/producto\/boucle-doreille-creole-coeur-avec-zircone\/\" \/>\n<meta property=\"og:site_name\" content=\"Yasmin\" \/>\n<meta property=\"article:publisher\" content=\"https:\/\/www.facebook.com\/Joyas-Yasmin-217664058934169\/\" \/>\n<meta property=\"og:image\" content=\"https:\/\/joyasyasmin.com\/wp-content\/uploads\/2024\/03\/pendiente-aro-corazon-.jpg\" \/>\n\t<meta property=\"og:image:width\" content=\"1000\" \/>\n\t<meta property=\"og:image:height\" content=\"1000\" \/>\n\t<meta property=\"og:image:type\" content=\"image\/jpeg\" \/>\n<meta name=\"twitter:card\" content=\"summary_large_image\" \/>\n<script type=\"application\/ld+json\" class=\"yoast-schema-graph\">{\"@context\":\"https:\/\/schema.org\",\"@graph\":[{\"@type\":[\"WebPage\",\"ItemPage\"],\"@id\":\"https:\/\/joyasyasmin.com\/fr\/producto\/boucle-doreille-creole-coeur-avec-zircone\/\",\"url\":\"https:\/\/joyasyasmin.com\/fr\/producto\/boucle-doreille-creole-coeur-avec-zircone\/\",\"name\":\"Boucle d\u2019oreille cr\u00e9ole c\u0153ur avec zircone - Yasmin\",\"isPartOf\":{\"@id\":\"https:\/\/joyasyasmin.com\/fr\/#website\"},\"primaryImageOfPage\":{\"@id\":\"https:\/\/joyasyasmin.com\/fr\/producto\/boucle-doreille-creole-coeur-avec-zircone\/#primaryimage\"},\"image\":{\"@id\":\"https:\/\/joyasyasmin.com\/fr\/producto\/boucle-doreille-creole-coeur-avec-zircone\/#primaryimage\"},\"thumbnailUrl\":\"https:\/\/joyasyasmin.com\/wp-content\/uploads\/2024\/03\/pendiente-aro-corazon-.jpg\",\"datePublished\":\"2024-03-31T16:12:20+00:00\",\"description\":\"Boucle d\u2019oreille cerceau en forme de c\u0153ur avec zircone. Fabriqu\u00e9 en argent sterling 925 v\u00e9ritable, cet accessoire \u00e9blouissant de 12 mm est id\u00e9al pour votre look.\",\"breadcrumb\":{\"@id\":\"https:\/\/joyasyasmin.com\/fr\/producto\/boucle-doreille-creole-coeur-avec-zircone\/#breadcrumb\"},\"inLanguage\":\"fr-FR\",\"potentialAction\":[{\"@type\":\"ReadAction\",\"target\":[\"https:\/\/joyasyasmin.com\/fr\/producto\/boucle-doreille-creole-coeur-avec-zircone\/\"]}]},{\"@type\":\"ImageObject\",\"inLanguage\":\"fr-FR\",\"@id\":\"https:\/\/joyasyasmin.com\/fr\/producto\/boucle-doreille-creole-coeur-avec-zircone\/#primaryimage\",\"url\":\"https:\/\/joyasyasmin.com\/wp-content\/uploads\/2024\/03\/pendiente-aro-corazon-.jpg\",\"contentUrl\":\"https:\/\/joyasyasmin.com\/wp-content\/uploads\/2024\/03\/pendiente-aro-corazon-.jpg\",\"width\":1000,\"height\":1000},{\"@type\":\"BreadcrumbList\",\"@id\":\"https:\/\/joyasyasmin.com\/fr\/producto\/boucle-doreille-creole-coeur-avec-zircone\/#breadcrumb\",\"itemListElement\":[{\"@type\":\"ListItem\",\"position\":1,\"name\":\"Portada\",\"item\":\"https:\/\/joyasyasmin.com\/fr\/domicile\/\"},{\"@type\":\"ListItem\",\"position\":2,\"name\":\"Boutique\",\"item\":\"https:\/\/joyasyasmin.com\/fr\/boutique\/\"},{\"@type\":\"ListItem\",\"position\":3,\"name\":\"Boucle d\u2019oreille cr\u00e9ole c\u0153ur avec zircone\"}]},{\"@type\":\"WebSite\",\"@id\":\"https:\/\/joyasyasmin.com\/fr\/#website\",\"url\":\"https:\/\/joyasyasmin.com\/fr\/\",\"name\":\"Yasmin\",\"description\":\"Joyer\u00eda de Plata 925 - Pendientes, pulseras, anillos, colgantes y m\u00e1s!\",\"publisher\":{\"@id\":\"https:\/\/joyasyasmin.com\/fr\/#organization\"},\"potentialAction\":[{\"@type\":\"SearchAction\",\"target\":{\"@type\":\"EntryPoint\",\"urlTemplate\":\"https:\/\/joyasyasmin.com\/fr\/?s={search_term_string}\"},\"query-input\":{\"@type\":\"PropertyValueSpecification\",\"valueRequired\":true,\"valueName\":\"search_term_string\"}}],\"inLanguage\":\"fr-FR\"},{\"@type\":\"Organization\",\"@id\":\"https:\/\/joyasyasmin.com\/fr\/#organization\",\"name\":\"joyas yasmin\",\"url\":\"https:\/\/joyasyasmin.com\/fr\/\",\"logo\":{\"@type\":\"ImageObject\",\"inLanguage\":\"fr-FR\",\"@id\":\"https:\/\/joyasyasmin.com\/fr\/#\/schema\/logo\/image\/\",\"url\":\"https:\/\/joyasyasmin.com\/wp-content\/uploads\/2017\/06\/IMG-20200429-WA0051.jpg\",\"contentUrl\":\"https:\/\/joyasyasmin.com\/wp-content\/uploads\/2017\/06\/IMG-20200429-WA0051.jpg\",\"width\":1080,\"height\":545,\"caption\":\"joyas yasmin\"},\"image\":{\"@id\":\"https:\/\/joyasyasmin.com\/fr\/#\/schema\/logo\/image\/\"},\"sameAs\":[\"https:\/\/www.facebook.com\/Joyas-Yasmin-217664058934169\/\",\"https:\/\/www.instagram.com\/invites\/contact\/\"]}]}<\/script>\n<!-- \/ Yoast SEO plugin. -->","yoast_head_json":{"title":"Boucle d\u2019oreille cr\u00e9ole c\u0153ur avec zircone - Yasmin","description":"Boucle d\u2019oreille cerceau en forme de c\u0153ur avec zircone. Fabriqu\u00e9 en argent sterling 925 v\u00e9ritable, cet accessoire \u00e9blouissant de 12 mm est id\u00e9al pour votre look.","robots":{"index":"index","follow":"follow","max-snippet":"max-snippet:-1","max-image-preview":"max-image-preview:large","max-video-preview":"max-video-preview:-1"},"canonical":"https:\/\/joyasyasmin.com\/fr\/producto\/boucle-doreille-creole-coeur-avec-zircone\/","og_locale":"fr_FR","og_title":"Boucle d\u2019oreille cr\u00e9ole c\u0153ur avec zircone - Yasmin","og_description":"Boucle d\u2019oreille cerceau en forme de c\u0153ur avec zircone. Fabriqu\u00e9 en argent sterling 925 v\u00e9ritable, cet accessoire \u00e9blouissant de 12 mm est id\u00e9al pour votre look.","og_url":"https:\/\/joyasyasmin.com\/fr\/producto\/boucle-doreille-creole-coeur-avec-zircone\/","og_site_name":"Yasmin","article_publisher":"https:\/\/www.facebook.com\/Joyas-Yasmin-217664058934169\/","og_image":[{"width":1000,"height":1000,"url":"https:\/\/joyasyasmin.com\/wp-content\/uploads\/2024\/03\/pendiente-aro-corazon-.jpg","type":"image\/jpeg"}],"twitter_card":"summary_large_image","schema":{"@context":"https:\/\/schema.org","@graph":[{"@type":["WebPage","ItemPage"],"@id":"https:\/\/joyasyasmin.com\/fr\/producto\/boucle-doreille-creole-coeur-avec-zircone\/","url":"https:\/\/joyasyasmin.com\/fr\/producto\/boucle-doreille-creole-coeur-avec-zircone\/","name":"Boucle d\u2019oreille cr\u00e9ole c\u0153ur avec zircone - Yasmin","isPartOf":{"@id":"https:\/\/joyasyasmin.com\/fr\/#website"},"primaryImageOfPage":{"@id":"https:\/\/joyasyasmin.com\/fr\/producto\/boucle-doreille-creole-coeur-avec-zircone\/#primaryimage"},"image":{"@id":"https:\/\/joyasyasmin.com\/fr\/producto\/boucle-doreille-creole-coeur-avec-zircone\/#primaryimage"},"thumbnailUrl":"https:\/\/joyasyasmin.com\/wp-content\/uploads\/2024\/03\/pendiente-aro-corazon-.jpg","datePublished":"2024-03-31T16:12:20+00:00","description":"Boucle d\u2019oreille cerceau en forme de c\u0153ur avec zircone. Fabriqu\u00e9 en argent sterling 925 v\u00e9ritable, cet accessoire \u00e9blouissant de 12 mm est id\u00e9al pour votre look.","breadcrumb":{"@id":"https:\/\/joyasyasmin.com\/fr\/producto\/boucle-doreille-creole-coeur-avec-zircone\/#breadcrumb"},"inLanguage":"fr-FR","potentialAction":[{"@type":"ReadAction","target":["https:\/\/joyasyasmin.com\/fr\/producto\/boucle-doreille-creole-coeur-avec-zircone\/"]}]},{"@type":"ImageObject","inLanguage":"fr-FR","@id":"https:\/\/joyasyasmin.com\/fr\/producto\/boucle-doreille-creole-coeur-avec-zircone\/#primaryimage","url":"https:\/\/joyasyasmin.com\/wp-content\/uploads\/2024\/03\/pendiente-aro-corazon-.jpg","contentUrl":"https:\/\/joyasyasmin.com\/wp-content\/uploads\/2024\/03\/pendiente-aro-corazon-.jpg","width":1000,"height":1000},{"@type":"BreadcrumbList","@id":"https:\/\/joyasyasmin.com\/fr\/producto\/boucle-doreille-creole-coeur-avec-zircone\/#breadcrumb","itemListElement":[{"@type":"ListItem","position":1,"name":"Portada","item":"https:\/\/joyasyasmin.com\/fr\/domicile\/"},{"@type":"ListItem","position":2,"name":"Boutique","item":"https:\/\/joyasyasmin.com\/fr\/boutique\/"},{"@type":"ListItem","position":3,"name":"Boucle d\u2019oreille cr\u00e9ole c\u0153ur avec zircone"}]},{"@type":"WebSite","@id":"https:\/\/joyasyasmin.com\/fr\/#website","url":"https:\/\/joyasyasmin.com\/fr\/","name":"Yasmin","description":"Joyer\u00eda de Plata 925 - Pendientes, pulseras, anillos, colgantes y m\u00e1s!","publisher":{"@id":"https:\/\/joyasyasmin.com\/fr\/#organization"},"potentialAction":[{"@type":"SearchAction","target":{"@type":"EntryPoint","urlTemplate":"https:\/\/joyasyasmin.com\/fr\/?s={search_term_string}"},"query-input":{"@type":"PropertyValueSpecification","valueRequired":true,"valueName":"search_term_string"}}],"inLanguage":"fr-FR"},{"@type":"Organization","@id":"https:\/\/joyasyasmin.com\/fr\/#organization","name":"joyas yasmin","url":"https:\/\/joyasyasmin.com\/fr\/","logo":{"@type":"ImageObject","inLanguage":"fr-FR","@id":"https:\/\/joyasyasmin.com\/fr\/#\/schema\/logo\/image\/","url":"https:\/\/joyasyasmin.com\/wp-content\/uploads\/2017\/06\/IMG-20200429-WA0051.jpg","contentUrl":"https:\/\/joyasyasmin.com\/wp-content\/uploads\/2017\/06\/IMG-20200429-WA0051.jpg","width":1080,"height":545,"caption":"joyas yasmin"},"image":{"@id":"https:\/\/joyasyasmin.com\/fr\/#\/schema\/logo\/image\/"},"sameAs":["https:\/\/www.facebook.com\/Joyas-Yasmin-217664058934169\/","https:\/\/www.instagram.com\/invites\/contact\/"]}]}},"_links":{"self":[{"href":"https:\/\/joyasyasmin.com\/fr\/wp-json\/wp\/v2\/product\/21547","targetHints":{"allow":["GET"]}}],"collection":[{"href":"https:\/\/joyasyasmin.com\/fr\/wp-json\/wp\/v2\/product"}],"about":[{"href":"https:\/\/joyasyasmin.com\/fr\/wp-json\/wp\/v2\/types\/product"}],"replies":[{"embeddable":true,"href":"https:\/\/joyasyasmin.com\/fr\/wp-json\/wp\/v2\/comments?post=21547"}],"version-history":[{"count":0,"href":"https:\/\/joyasyasmin.com\/fr\/wp-json\/wp\/v2\/product\/21547\/revisions"}],"wp:featuredmedia":[{"embeddable":true,"href":"https:\/\/joyasyasmin.com\/fr\/wp-json\/wp\/v2\/media\/21549"}],"wp:attachment":[{"href":"https:\/\/joyasyasmin.com\/fr\/wp-json\/wp\/v2\/media?parent=21547"}],"wp:term":[{"taxonomy":"product_brand","embeddable":true,"href":"https:\/\/joyasyasmin.com\/fr\/wp-json\/wp\/v2\/product_brand?post=21547"},{"taxonomy":"product_cat","embeddable":true,"href":"https:\/\/joyasyasmin.com\/fr\/wp-json\/wp\/v2\/product_cat?post=21547"},{"taxonomy":"product_tag","embeddable":true,"href":"https:\/\/joyasyasmin.com\/fr\/wp-json\/wp\/v2\/product_tag?post=21547"}],"curies":[{"name":"wp","href":"https:\/\/api.w.org\/{rel}","templated":true}]}}