{"id":21582,"date":"2024-04-09T09:38:48","date_gmt":"2024-04-09T09:38:48","guid":{"rendered":"https:\/\/joyasyasmin.com\/producto\/pendentif-porte-photo-memoire-argent\/"},"modified":"2025-11-10T11:30:54","modified_gmt":"2025-11-10T11:30:54","slug":"pendentif-porte-photo-memoire-argent","status":"publish","type":"product","link":"https:\/\/joyasyasmin.com\/fr\/producto\/pendentif-porte-photo-memoire-argent\/","title":{"rendered":"Pendentif porte-photo m\u00e9moire argent"},"content":{"rendered":"","protected":false},"excerpt":{"rendered":"<p>Pr\u00e9sentation de l\u2019exquis pendentif photo \u00ab&nbsp;Silver Memory&nbsp;\u00bb&nbsp;! Ce d\u00e9licat accessoire en argent 925, aux dimensions de 2 cm, est un v\u00e9ritable bijou qui allie \u00e9l\u00e9gance et fonctionnalit\u00e9. Son design unique lui permet d\u2019\u00eatre facilement ouvert pour y ins\u00e9rer votre photo pr\u00e9f\u00e9r\u00e9e, ce qui en fait un tr\u00e9sor sentimental que vous pouvez emporter partout avec vous.<\/p>\n<p>Le pendentif \u00ab&nbsp;Silver Memory&nbsp;\u00bb peut \u00eatre achet\u00e9 de deux mani\u00e8res : en tant que pi\u00e8ce unique ou accompagn\u00e9 d\u2019une cha\u00eene de 45 cm de long. Cette option suppl\u00e9mentaire met en valeur sa beaut\u00e9 et le rend parfait \u00e0 porter en toute occasion. Avec sa finition brillante et polie, ce pendentif n\u2019est pas seulement un accessoire \u00e9poustouflant, mais aussi un cadeau significatif pour vos proches.<\/p>\n","protected":false},"featured_media":21585,"comment_status":"open","ping_status":"closed","template":"","meta":{"_acf_changed":false,"_joinchat":[]},"product_brand":[],"product_cat":[1875],"product_tag":[],"class_list":{"0":"post-21582","1":"product","2":"type-product","3":"status-publish","4":"has-post-thumbnail","6":"product_cat-pendentifs","8":"first","9":"instock","10":"shipping-taxable","11":"purchasable","12":"product-type-variable"},"acf":[],"yoast_head":"<!-- This site is optimized with the Yoast SEO plugin v27.2 - https:\/\/yoast.com\/product\/yoast-seo-wordpress\/ -->\n<title>Pendentif porte-photo m\u00e9moire argent - Yasmin<\/title>\n<meta name=\"description\" content=\"Pendentif Porte-Photo M\u00e9moire Argent Ce d\u00e9licat accessoire en argent 925, d\u2019une taille de 2 cm, est un v\u00e9ritable bijou qui allie \u00e9l\u00e9gance et style.\" \/>\n<meta name=\"robots\" content=\"index, follow, max-snippet:-1, max-image-preview:large, max-video-preview:-1\" \/>\n<link rel=\"canonical\" href=\"https:\/\/joyasyasmin.com\/fr\/producto\/pendentif-porte-photo-memoire-argent\/\" \/>\n<meta property=\"og:locale\" content=\"fr_FR\" \/>\n<meta property=\"og:title\" content=\"Pendentif porte-photo m\u00e9moire argent - Yasmin\" \/>\n<meta property=\"og:description\" content=\"Pendentif Porte-Photo M\u00e9moire Argent Ce d\u00e9licat accessoire en argent 925, d\u2019une taille de 2 cm, est un v\u00e9ritable bijou qui allie \u00e9l\u00e9gance et style.\" \/>\n<meta property=\"og:url\" content=\"https:\/\/joyasyasmin.com\/fr\/producto\/pendentif-porte-photo-memoire-argent\/\" \/>\n<meta property=\"og:site_name\" content=\"Yasmin\" \/>\n<meta property=\"article:publisher\" content=\"https:\/\/www.facebook.com\/Joyas-Yasmin-217664058934169\/\" \/>\n<meta property=\"article:modified_time\" content=\"2025-11-10T11:30:54+00:00\" \/>\n<meta property=\"og:image\" content=\"https:\/\/joyasyasmin.com\/wp-content\/uploads\/2024\/04\/portafoto-corazon-de-plata.jpg\" \/>\n\t<meta property=\"og:image:width\" content=\"1000\" \/>\n\t<meta property=\"og:image:height\" content=\"1000\" \/>\n\t<meta property=\"og:image:type\" content=\"image\/jpeg\" \/>\n<meta name=\"twitter:card\" content=\"summary_large_image\" \/>\n<script type=\"application\/ld+json\" class=\"yoast-schema-graph\">{\"@context\":\"https:\/\/schema.org\",\"@graph\":[{\"@type\":[\"WebPage\",\"ItemPage\"],\"@id\":\"https:\/\/joyasyasmin.com\/fr\/producto\/pendentif-porte-photo-memoire-argent\/\",\"url\":\"https:\/\/joyasyasmin.com\/fr\/producto\/pendentif-porte-photo-memoire-argent\/\",\"name\":\"Pendentif porte-photo m\u00e9moire argent - Yasmin\",\"isPartOf\":{\"@id\":\"https:\/\/joyasyasmin.com\/fr\/#website\"},\"primaryImageOfPage\":{\"@id\":\"https:\/\/joyasyasmin.com\/fr\/producto\/pendentif-porte-photo-memoire-argent\/#primaryimage\"},\"image\":{\"@id\":\"https:\/\/joyasyasmin.com\/fr\/producto\/pendentif-porte-photo-memoire-argent\/#primaryimage\"},\"thumbnailUrl\":\"https:\/\/joyasyasmin.com\/wp-content\/uploads\/2024\/04\/portafoto-corazon-de-plata.jpg\",\"datePublished\":\"2024-04-09T09:38:48+00:00\",\"dateModified\":\"2025-11-10T11:30:54+00:00\",\"description\":\"Pendentif Porte-Photo M\u00e9moire Argent Ce d\u00e9licat accessoire en argent 925, d\u2019une taille de 2 cm, est un v\u00e9ritable bijou qui allie \u00e9l\u00e9gance et style.\",\"breadcrumb\":{\"@id\":\"https:\/\/joyasyasmin.com\/fr\/producto\/pendentif-porte-photo-memoire-argent\/#breadcrumb\"},\"inLanguage\":\"fr-FR\",\"potentialAction\":[{\"@type\":\"ReadAction\",\"target\":[\"https:\/\/joyasyasmin.com\/fr\/producto\/pendentif-porte-photo-memoire-argent\/\"]}]},{\"@type\":\"ImageObject\",\"inLanguage\":\"fr-FR\",\"@id\":\"https:\/\/joyasyasmin.com\/fr\/producto\/pendentif-porte-photo-memoire-argent\/#primaryimage\",\"url\":\"https:\/\/joyasyasmin.com\/wp-content\/uploads\/2024\/04\/portafoto-corazon-de-plata.jpg\",\"contentUrl\":\"https:\/\/joyasyasmin.com\/wp-content\/uploads\/2024\/04\/portafoto-corazon-de-plata.jpg\",\"width\":1000,\"height\":1000,\"caption\":\"Le pendentif photo pendentif m\u00e9moire en argent est un bijou en argent sterling 925\"},{\"@type\":\"BreadcrumbList\",\"@id\":\"https:\/\/joyasyasmin.com\/fr\/producto\/pendentif-porte-photo-memoire-argent\/#breadcrumb\",\"itemListElement\":[{\"@type\":\"ListItem\",\"position\":1,\"name\":\"Portada\",\"item\":\"https:\/\/joyasyasmin.com\/fr\/domicile\/\"},{\"@type\":\"ListItem\",\"position\":2,\"name\":\"Boutique\",\"item\":\"https:\/\/joyasyasmin.com\/fr\/boutique\/\"},{\"@type\":\"ListItem\",\"position\":3,\"name\":\"Pendentif porte-photo m\u00e9moire argent\"}]},{\"@type\":\"WebSite\",\"@id\":\"https:\/\/joyasyasmin.com\/fr\/#website\",\"url\":\"https:\/\/joyasyasmin.com\/fr\/\",\"name\":\"Yasmin\",\"description\":\"Joyer\u00eda de Plata 925 - Pendientes, pulseras, anillos, colgantes y m\u00e1s!\",\"publisher\":{\"@id\":\"https:\/\/joyasyasmin.com\/fr\/#organization\"},\"potentialAction\":[{\"@type\":\"SearchAction\",\"target\":{\"@type\":\"EntryPoint\",\"urlTemplate\":\"https:\/\/joyasyasmin.com\/fr\/?s={search_term_string}\"},\"query-input\":{\"@type\":\"PropertyValueSpecification\",\"valueRequired\":true,\"valueName\":\"search_term_string\"}}],\"inLanguage\":\"fr-FR\"},{\"@type\":\"Organization\",\"@id\":\"https:\/\/joyasyasmin.com\/fr\/#organization\",\"name\":\"joyas yasmin\",\"url\":\"https:\/\/joyasyasmin.com\/fr\/\",\"logo\":{\"@type\":\"ImageObject\",\"inLanguage\":\"fr-FR\",\"@id\":\"https:\/\/joyasyasmin.com\/fr\/#\/schema\/logo\/image\/\",\"url\":\"https:\/\/joyasyasmin.com\/wp-content\/uploads\/2017\/06\/IMG-20200429-WA0051.jpg\",\"contentUrl\":\"https:\/\/joyasyasmin.com\/wp-content\/uploads\/2017\/06\/IMG-20200429-WA0051.jpg\",\"width\":1080,\"height\":545,\"caption\":\"joyas yasmin\"},\"image\":{\"@id\":\"https:\/\/joyasyasmin.com\/fr\/#\/schema\/logo\/image\/\"},\"sameAs\":[\"https:\/\/www.facebook.com\/Joyas-Yasmin-217664058934169\/\",\"https:\/\/www.instagram.com\/invites\/contact\/\"]}]}<\/script>\n<!-- \/ Yoast SEO plugin. -->","yoast_head_json":{"title":"Pendentif porte-photo m\u00e9moire argent - Yasmin","description":"Pendentif Porte-Photo M\u00e9moire Argent Ce d\u00e9licat accessoire en argent 925, d\u2019une taille de 2 cm, est un v\u00e9ritable bijou qui allie \u00e9l\u00e9gance et style.","robots":{"index":"index","follow":"follow","max-snippet":"max-snippet:-1","max-image-preview":"max-image-preview:large","max-video-preview":"max-video-preview:-1"},"canonical":"https:\/\/joyasyasmin.com\/fr\/producto\/pendentif-porte-photo-memoire-argent\/","og_locale":"fr_FR","og_title":"Pendentif porte-photo m\u00e9moire argent - Yasmin","og_description":"Pendentif Porte-Photo M\u00e9moire Argent Ce d\u00e9licat accessoire en argent 925, d\u2019une taille de 2 cm, est un v\u00e9ritable bijou qui allie \u00e9l\u00e9gance et style.","og_url":"https:\/\/joyasyasmin.com\/fr\/producto\/pendentif-porte-photo-memoire-argent\/","og_site_name":"Yasmin","article_publisher":"https:\/\/www.facebook.com\/Joyas-Yasmin-217664058934169\/","article_modified_time":"2025-11-10T11:30:54+00:00","og_image":[{"width":1000,"height":1000,"url":"https:\/\/joyasyasmin.com\/wp-content\/uploads\/2024\/04\/portafoto-corazon-de-plata.jpg","type":"image\/jpeg"}],"twitter_card":"summary_large_image","schema":{"@context":"https:\/\/schema.org","@graph":[{"@type":["WebPage","ItemPage"],"@id":"https:\/\/joyasyasmin.com\/fr\/producto\/pendentif-porte-photo-memoire-argent\/","url":"https:\/\/joyasyasmin.com\/fr\/producto\/pendentif-porte-photo-memoire-argent\/","name":"Pendentif porte-photo m\u00e9moire argent - Yasmin","isPartOf":{"@id":"https:\/\/joyasyasmin.com\/fr\/#website"},"primaryImageOfPage":{"@id":"https:\/\/joyasyasmin.com\/fr\/producto\/pendentif-porte-photo-memoire-argent\/#primaryimage"},"image":{"@id":"https:\/\/joyasyasmin.com\/fr\/producto\/pendentif-porte-photo-memoire-argent\/#primaryimage"},"thumbnailUrl":"https:\/\/joyasyasmin.com\/wp-content\/uploads\/2024\/04\/portafoto-corazon-de-plata.jpg","datePublished":"2024-04-09T09:38:48+00:00","dateModified":"2025-11-10T11:30:54+00:00","description":"Pendentif Porte-Photo M\u00e9moire Argent Ce d\u00e9licat accessoire en argent 925, d\u2019une taille de 2 cm, est un v\u00e9ritable bijou qui allie \u00e9l\u00e9gance et style.","breadcrumb":{"@id":"https:\/\/joyasyasmin.com\/fr\/producto\/pendentif-porte-photo-memoire-argent\/#breadcrumb"},"inLanguage":"fr-FR","potentialAction":[{"@type":"ReadAction","target":["https:\/\/joyasyasmin.com\/fr\/producto\/pendentif-porte-photo-memoire-argent\/"]}]},{"@type":"ImageObject","inLanguage":"fr-FR","@id":"https:\/\/joyasyasmin.com\/fr\/producto\/pendentif-porte-photo-memoire-argent\/#primaryimage","url":"https:\/\/joyasyasmin.com\/wp-content\/uploads\/2024\/04\/portafoto-corazon-de-plata.jpg","contentUrl":"https:\/\/joyasyasmin.com\/wp-content\/uploads\/2024\/04\/portafoto-corazon-de-plata.jpg","width":1000,"height":1000,"caption":"Le pendentif photo pendentif m\u00e9moire en argent est un bijou en argent sterling 925"},{"@type":"BreadcrumbList","@id":"https:\/\/joyasyasmin.com\/fr\/producto\/pendentif-porte-photo-memoire-argent\/#breadcrumb","itemListElement":[{"@type":"ListItem","position":1,"name":"Portada","item":"https:\/\/joyasyasmin.com\/fr\/domicile\/"},{"@type":"ListItem","position":2,"name":"Boutique","item":"https:\/\/joyasyasmin.com\/fr\/boutique\/"},{"@type":"ListItem","position":3,"name":"Pendentif porte-photo m\u00e9moire argent"}]},{"@type":"WebSite","@id":"https:\/\/joyasyasmin.com\/fr\/#website","url":"https:\/\/joyasyasmin.com\/fr\/","name":"Yasmin","description":"Joyer\u00eda de Plata 925 - Pendientes, pulseras, anillos, colgantes y m\u00e1s!","publisher":{"@id":"https:\/\/joyasyasmin.com\/fr\/#organization"},"potentialAction":[{"@type":"SearchAction","target":{"@type":"EntryPoint","urlTemplate":"https:\/\/joyasyasmin.com\/fr\/?s={search_term_string}"},"query-input":{"@type":"PropertyValueSpecification","valueRequired":true,"valueName":"search_term_string"}}],"inLanguage":"fr-FR"},{"@type":"Organization","@id":"https:\/\/joyasyasmin.com\/fr\/#organization","name":"joyas yasmin","url":"https:\/\/joyasyasmin.com\/fr\/","logo":{"@type":"ImageObject","inLanguage":"fr-FR","@id":"https:\/\/joyasyasmin.com\/fr\/#\/schema\/logo\/image\/","url":"https:\/\/joyasyasmin.com\/wp-content\/uploads\/2017\/06\/IMG-20200429-WA0051.jpg","contentUrl":"https:\/\/joyasyasmin.com\/wp-content\/uploads\/2017\/06\/IMG-20200429-WA0051.jpg","width":1080,"height":545,"caption":"joyas yasmin"},"image":{"@id":"https:\/\/joyasyasmin.com\/fr\/#\/schema\/logo\/image\/"},"sameAs":["https:\/\/www.facebook.com\/Joyas-Yasmin-217664058934169\/","https:\/\/www.instagram.com\/invites\/contact\/"]}]}},"_links":{"self":[{"href":"https:\/\/joyasyasmin.com\/fr\/wp-json\/wp\/v2\/product\/21582","targetHints":{"allow":["GET"]}}],"collection":[{"href":"https:\/\/joyasyasmin.com\/fr\/wp-json\/wp\/v2\/product"}],"about":[{"href":"https:\/\/joyasyasmin.com\/fr\/wp-json\/wp\/v2\/types\/product"}],"replies":[{"embeddable":true,"href":"https:\/\/joyasyasmin.com\/fr\/wp-json\/wp\/v2\/comments?post=21582"}],"version-history":[{"count":1,"href":"https:\/\/joyasyasmin.com\/fr\/wp-json\/wp\/v2\/product\/21582\/revisions"}],"predecessor-version":[{"id":35728,"href":"https:\/\/joyasyasmin.com\/fr\/wp-json\/wp\/v2\/product\/21582\/revisions\/35728"}],"wp:featuredmedia":[{"embeddable":true,"href":"https:\/\/joyasyasmin.com\/fr\/wp-json\/wp\/v2\/media\/21585"}],"wp:attachment":[{"href":"https:\/\/joyasyasmin.com\/fr\/wp-json\/wp\/v2\/media?parent=21582"}],"wp:term":[{"taxonomy":"product_brand","embeddable":true,"href":"https:\/\/joyasyasmin.com\/fr\/wp-json\/wp\/v2\/product_brand?post=21582"},{"taxonomy":"product_cat","embeddable":true,"href":"https:\/\/joyasyasmin.com\/fr\/wp-json\/wp\/v2\/product_cat?post=21582"},{"taxonomy":"product_tag","embeddable":true,"href":"https:\/\/joyasyasmin.com\/fr\/wp-json\/wp\/v2\/product_tag?post=21582"}],"curies":[{"name":"wp","href":"https:\/\/api.w.org\/{rel}","templated":true}]}}