{"id":21650,"date":"2024-04-19T20:29:46","date_gmt":"2024-04-19T20:29:46","guid":{"rendered":"https:\/\/joyasyasmin.com\/producto\/bracelet-macrame-noeud-de-sorciere\/"},"modified":"2025-11-10T11:31:02","modified_gmt":"2025-11-10T11:31:02","slug":"bracelet-macrame-noeud-de-sorciere","status":"publish","type":"product","link":"https:\/\/joyasyasmin.com\/fr\/producto\/bracelet-macrame-noeud-de-sorciere\/","title":{"rendered":"Bracelet Macram\u00e9 Noeud de Sorci\u00e8re"},"content":{"rendered":"","protected":false},"excerpt":{"rendered":"<p>Le n\u0153ud de sorci\u00e8re, \u00e9galement connu sous le nom de n\u0153ud d\u2019\u00e9ternit\u00e9, est un ancien symbole de protection et de bonne fortune. On dit que ce n\u0153ud a le pouvoir de sceller l\u2019amour et la loyaut\u00e9 \u00e9ternels. En incorporant ce n\u0153ud significatif dans notre bracelet, nous ajoutons non seulement une touche de mysticisme, mais nous portons \u00e9galement avec nous la promesse d\u2019une protection et de liens durables.<\/p>\n<p>Chaque d\u00e9tail de ce bracelet a \u00e9t\u00e9 soigneusement con\u00e7u pour mettre en valeur sa beaut\u00e9 et sa signification. Le n\u0153ud de sorci\u00e8re central, d\u2019une taille impressionnante de 14 mm, devient le point central de la pi\u00e8ce, attirant tous les regards sur lui. De chaque c\u00f4t\u00e9 du n\u0153ud, cinq boules en argent sterling 925 ajoutent un \u00e9clat subtil et une touche d\u2019\u00e9l\u00e9gance.<\/p>\n","protected":false},"featured_media":21657,"comment_status":"open","ping_status":"closed","template":"","meta":{"_acf_changed":false,"_joinchat":[]},"product_brand":[],"product_cat":[1790],"product_tag":[],"class_list":{"0":"post-21650","1":"product","2":"type-product","3":"status-publish","4":"has-post-thumbnail","6":"product_cat-bracelets","8":"first","9":"instock","10":"shipping-taxable","11":"purchasable","12":"product-type-simple"},"acf":[],"yoast_head":"<!-- This site is optimized with the Yoast SEO plugin v27.2 - https:\/\/yoast.com\/product\/yoast-seo-wordpress\/ -->\n<title>Bracelet Macram\u00e9 Noeud de Sorci\u00e8re - Yasmin<\/title>\n<meta name=\"description\" content=\"Le bracelet noeud de sorci\u00e8re en macram\u00e9, \u00e9galement connu sous le nom de noeud d\u2019\u00e9ternit\u00e9, est un ancien symbole de protection et de bonne fortune. Argent 925.\" \/>\n<meta name=\"robots\" content=\"index, follow, max-snippet:-1, max-image-preview:large, max-video-preview:-1\" \/>\n<link rel=\"canonical\" href=\"https:\/\/joyasyasmin.com\/fr\/producto\/bracelet-macrame-noeud-de-sorciere\/\" \/>\n<meta property=\"og:locale\" content=\"fr_FR\" \/>\n<meta property=\"og:title\" content=\"Bracelet Macram\u00e9 Noeud de Sorci\u00e8re - Yasmin\" \/>\n<meta property=\"og:description\" content=\"Le bracelet noeud de sorci\u00e8re en macram\u00e9, \u00e9galement connu sous le nom de noeud d\u2019\u00e9ternit\u00e9, est un ancien symbole de protection et de bonne fortune. Argent 925.\" \/>\n<meta property=\"og:url\" content=\"https:\/\/joyasyasmin.com\/fr\/producto\/bracelet-macrame-noeud-de-sorciere\/\" \/>\n<meta property=\"og:site_name\" content=\"Yasmin\" \/>\n<meta property=\"article:publisher\" content=\"https:\/\/www.facebook.com\/Joyas-Yasmin-217664058934169\/\" \/>\n<meta property=\"article:modified_time\" content=\"2025-11-10T11:31:02+00:00\" \/>\n<meta property=\"og:image\" content=\"https:\/\/joyasyasmin.com\/wp-content\/uploads\/2024\/04\/pulsera-macrame-con-nudo-de-bruja-en-plata.jpg\" \/>\n\t<meta property=\"og:image:width\" content=\"1000\" \/>\n\t<meta property=\"og:image:height\" content=\"1000\" \/>\n\t<meta property=\"og:image:type\" content=\"image\/jpeg\" \/>\n<meta name=\"twitter:card\" content=\"summary_large_image\" \/>\n<script type=\"application\/ld+json\" class=\"yoast-schema-graph\">{\"@context\":\"https:\/\/schema.org\",\"@graph\":[{\"@type\":[\"WebPage\",\"ItemPage\"],\"@id\":\"https:\/\/joyasyasmin.com\/fr\/producto\/bracelet-macrame-noeud-de-sorciere\/\",\"url\":\"https:\/\/joyasyasmin.com\/fr\/producto\/bracelet-macrame-noeud-de-sorciere\/\",\"name\":\"Bracelet Macram\u00e9 Noeud de Sorci\u00e8re - Yasmin\",\"isPartOf\":{\"@id\":\"https:\/\/joyasyasmin.com\/fr\/#website\"},\"primaryImageOfPage\":{\"@id\":\"https:\/\/joyasyasmin.com\/fr\/producto\/bracelet-macrame-noeud-de-sorciere\/#primaryimage\"},\"image\":{\"@id\":\"https:\/\/joyasyasmin.com\/fr\/producto\/bracelet-macrame-noeud-de-sorciere\/#primaryimage\"},\"thumbnailUrl\":\"https:\/\/joyasyasmin.com\/wp-content\/uploads\/2024\/04\/pulsera-macrame-con-nudo-de-bruja-en-plata.jpg\",\"datePublished\":\"2024-04-19T20:29:46+00:00\",\"dateModified\":\"2025-11-10T11:31:02+00:00\",\"description\":\"Le bracelet noeud de sorci\u00e8re en macram\u00e9, \u00e9galement connu sous le nom de noeud d\u2019\u00e9ternit\u00e9, est un ancien symbole de protection et de bonne fortune. Argent 925.\",\"breadcrumb\":{\"@id\":\"https:\/\/joyasyasmin.com\/fr\/producto\/bracelet-macrame-noeud-de-sorciere\/#breadcrumb\"},\"inLanguage\":\"fr-FR\",\"potentialAction\":[{\"@type\":\"ReadAction\",\"target\":[\"https:\/\/joyasyasmin.com\/fr\/producto\/bracelet-macrame-noeud-de-sorciere\/\"]}]},{\"@type\":\"ImageObject\",\"inLanguage\":\"fr-FR\",\"@id\":\"https:\/\/joyasyasmin.com\/fr\/producto\/bracelet-macrame-noeud-de-sorciere\/#primaryimage\",\"url\":\"https:\/\/joyasyasmin.com\/wp-content\/uploads\/2024\/04\/pulsera-macrame-con-nudo-de-bruja-en-plata.jpg\",\"contentUrl\":\"https:\/\/joyasyasmin.com\/wp-content\/uploads\/2024\/04\/pulsera-macrame-con-nudo-de-bruja-en-plata.jpg\",\"width\":1000,\"height\":1000,\"caption\":\"Vente Bracelet en macram\u00e9 en argent sterling 925 avec noeud de sorci\u00e8re\"},{\"@type\":\"BreadcrumbList\",\"@id\":\"https:\/\/joyasyasmin.com\/fr\/producto\/bracelet-macrame-noeud-de-sorciere\/#breadcrumb\",\"itemListElement\":[{\"@type\":\"ListItem\",\"position\":1,\"name\":\"Portada\",\"item\":\"https:\/\/joyasyasmin.com\/fr\/domicile\/\"},{\"@type\":\"ListItem\",\"position\":2,\"name\":\"Boutique\",\"item\":\"https:\/\/joyasyasmin.com\/fr\/boutique\/\"},{\"@type\":\"ListItem\",\"position\":3,\"name\":\"Bracelet Macram\u00e9 Noeud de Sorci\u00e8re\"}]},{\"@type\":\"WebSite\",\"@id\":\"https:\/\/joyasyasmin.com\/fr\/#website\",\"url\":\"https:\/\/joyasyasmin.com\/fr\/\",\"name\":\"Yasmin\",\"description\":\"Joyer\u00eda de Plata 925 - Pendientes, pulseras, anillos, colgantes y m\u00e1s!\",\"publisher\":{\"@id\":\"https:\/\/joyasyasmin.com\/fr\/#organization\"},\"potentialAction\":[{\"@type\":\"SearchAction\",\"target\":{\"@type\":\"EntryPoint\",\"urlTemplate\":\"https:\/\/joyasyasmin.com\/fr\/?s={search_term_string}\"},\"query-input\":{\"@type\":\"PropertyValueSpecification\",\"valueRequired\":true,\"valueName\":\"search_term_string\"}}],\"inLanguage\":\"fr-FR\"},{\"@type\":\"Organization\",\"@id\":\"https:\/\/joyasyasmin.com\/fr\/#organization\",\"name\":\"joyas yasmin\",\"url\":\"https:\/\/joyasyasmin.com\/fr\/\",\"logo\":{\"@type\":\"ImageObject\",\"inLanguage\":\"fr-FR\",\"@id\":\"https:\/\/joyasyasmin.com\/fr\/#\/schema\/logo\/image\/\",\"url\":\"https:\/\/joyasyasmin.com\/wp-content\/uploads\/2017\/06\/IMG-20200429-WA0051.jpg\",\"contentUrl\":\"https:\/\/joyasyasmin.com\/wp-content\/uploads\/2017\/06\/IMG-20200429-WA0051.jpg\",\"width\":1080,\"height\":545,\"caption\":\"joyas yasmin\"},\"image\":{\"@id\":\"https:\/\/joyasyasmin.com\/fr\/#\/schema\/logo\/image\/\"},\"sameAs\":[\"https:\/\/www.facebook.com\/Joyas-Yasmin-217664058934169\/\",\"https:\/\/www.instagram.com\/invites\/contact\/\"]}]}<\/script>\n<!-- \/ Yoast SEO plugin. -->","yoast_head_json":{"title":"Bracelet Macram\u00e9 Noeud de Sorci\u00e8re - Yasmin","description":"Le bracelet noeud de sorci\u00e8re en macram\u00e9, \u00e9galement connu sous le nom de noeud d\u2019\u00e9ternit\u00e9, est un ancien symbole de protection et de bonne fortune. Argent 925.","robots":{"index":"index","follow":"follow","max-snippet":"max-snippet:-1","max-image-preview":"max-image-preview:large","max-video-preview":"max-video-preview:-1"},"canonical":"https:\/\/joyasyasmin.com\/fr\/producto\/bracelet-macrame-noeud-de-sorciere\/","og_locale":"fr_FR","og_title":"Bracelet Macram\u00e9 Noeud de Sorci\u00e8re - Yasmin","og_description":"Le bracelet noeud de sorci\u00e8re en macram\u00e9, \u00e9galement connu sous le nom de noeud d\u2019\u00e9ternit\u00e9, est un ancien symbole de protection et de bonne fortune. Argent 925.","og_url":"https:\/\/joyasyasmin.com\/fr\/producto\/bracelet-macrame-noeud-de-sorciere\/","og_site_name":"Yasmin","article_publisher":"https:\/\/www.facebook.com\/Joyas-Yasmin-217664058934169\/","article_modified_time":"2025-11-10T11:31:02+00:00","og_image":[{"width":1000,"height":1000,"url":"https:\/\/joyasyasmin.com\/wp-content\/uploads\/2024\/04\/pulsera-macrame-con-nudo-de-bruja-en-plata.jpg","type":"image\/jpeg"}],"twitter_card":"summary_large_image","schema":{"@context":"https:\/\/schema.org","@graph":[{"@type":["WebPage","ItemPage"],"@id":"https:\/\/joyasyasmin.com\/fr\/producto\/bracelet-macrame-noeud-de-sorciere\/","url":"https:\/\/joyasyasmin.com\/fr\/producto\/bracelet-macrame-noeud-de-sorciere\/","name":"Bracelet Macram\u00e9 Noeud de Sorci\u00e8re - Yasmin","isPartOf":{"@id":"https:\/\/joyasyasmin.com\/fr\/#website"},"primaryImageOfPage":{"@id":"https:\/\/joyasyasmin.com\/fr\/producto\/bracelet-macrame-noeud-de-sorciere\/#primaryimage"},"image":{"@id":"https:\/\/joyasyasmin.com\/fr\/producto\/bracelet-macrame-noeud-de-sorciere\/#primaryimage"},"thumbnailUrl":"https:\/\/joyasyasmin.com\/wp-content\/uploads\/2024\/04\/pulsera-macrame-con-nudo-de-bruja-en-plata.jpg","datePublished":"2024-04-19T20:29:46+00:00","dateModified":"2025-11-10T11:31:02+00:00","description":"Le bracelet noeud de sorci\u00e8re en macram\u00e9, \u00e9galement connu sous le nom de noeud d\u2019\u00e9ternit\u00e9, est un ancien symbole de protection et de bonne fortune. Argent 925.","breadcrumb":{"@id":"https:\/\/joyasyasmin.com\/fr\/producto\/bracelet-macrame-noeud-de-sorciere\/#breadcrumb"},"inLanguage":"fr-FR","potentialAction":[{"@type":"ReadAction","target":["https:\/\/joyasyasmin.com\/fr\/producto\/bracelet-macrame-noeud-de-sorciere\/"]}]},{"@type":"ImageObject","inLanguage":"fr-FR","@id":"https:\/\/joyasyasmin.com\/fr\/producto\/bracelet-macrame-noeud-de-sorciere\/#primaryimage","url":"https:\/\/joyasyasmin.com\/wp-content\/uploads\/2024\/04\/pulsera-macrame-con-nudo-de-bruja-en-plata.jpg","contentUrl":"https:\/\/joyasyasmin.com\/wp-content\/uploads\/2024\/04\/pulsera-macrame-con-nudo-de-bruja-en-plata.jpg","width":1000,"height":1000,"caption":"Vente Bracelet en macram\u00e9 en argent sterling 925 avec noeud de sorci\u00e8re"},{"@type":"BreadcrumbList","@id":"https:\/\/joyasyasmin.com\/fr\/producto\/bracelet-macrame-noeud-de-sorciere\/#breadcrumb","itemListElement":[{"@type":"ListItem","position":1,"name":"Portada","item":"https:\/\/joyasyasmin.com\/fr\/domicile\/"},{"@type":"ListItem","position":2,"name":"Boutique","item":"https:\/\/joyasyasmin.com\/fr\/boutique\/"},{"@type":"ListItem","position":3,"name":"Bracelet Macram\u00e9 Noeud de Sorci\u00e8re"}]},{"@type":"WebSite","@id":"https:\/\/joyasyasmin.com\/fr\/#website","url":"https:\/\/joyasyasmin.com\/fr\/","name":"Yasmin","description":"Joyer\u00eda de Plata 925 - Pendientes, pulseras, anillos, colgantes y m\u00e1s!","publisher":{"@id":"https:\/\/joyasyasmin.com\/fr\/#organization"},"potentialAction":[{"@type":"SearchAction","target":{"@type":"EntryPoint","urlTemplate":"https:\/\/joyasyasmin.com\/fr\/?s={search_term_string}"},"query-input":{"@type":"PropertyValueSpecification","valueRequired":true,"valueName":"search_term_string"}}],"inLanguage":"fr-FR"},{"@type":"Organization","@id":"https:\/\/joyasyasmin.com\/fr\/#organization","name":"joyas yasmin","url":"https:\/\/joyasyasmin.com\/fr\/","logo":{"@type":"ImageObject","inLanguage":"fr-FR","@id":"https:\/\/joyasyasmin.com\/fr\/#\/schema\/logo\/image\/","url":"https:\/\/joyasyasmin.com\/wp-content\/uploads\/2017\/06\/IMG-20200429-WA0051.jpg","contentUrl":"https:\/\/joyasyasmin.com\/wp-content\/uploads\/2017\/06\/IMG-20200429-WA0051.jpg","width":1080,"height":545,"caption":"joyas yasmin"},"image":{"@id":"https:\/\/joyasyasmin.com\/fr\/#\/schema\/logo\/image\/"},"sameAs":["https:\/\/www.facebook.com\/Joyas-Yasmin-217664058934169\/","https:\/\/www.instagram.com\/invites\/contact\/"]}]}},"_links":{"self":[{"href":"https:\/\/joyasyasmin.com\/fr\/wp-json\/wp\/v2\/product\/21650","targetHints":{"allow":["GET"]}}],"collection":[{"href":"https:\/\/joyasyasmin.com\/fr\/wp-json\/wp\/v2\/product"}],"about":[{"href":"https:\/\/joyasyasmin.com\/fr\/wp-json\/wp\/v2\/types\/product"}],"replies":[{"embeddable":true,"href":"https:\/\/joyasyasmin.com\/fr\/wp-json\/wp\/v2\/comments?post=21650"}],"version-history":[{"count":2,"href":"https:\/\/joyasyasmin.com\/fr\/wp-json\/wp\/v2\/product\/21650\/revisions"}],"predecessor-version":[{"id":35738,"href":"https:\/\/joyasyasmin.com\/fr\/wp-json\/wp\/v2\/product\/21650\/revisions\/35738"}],"wp:featuredmedia":[{"embeddable":true,"href":"https:\/\/joyasyasmin.com\/fr\/wp-json\/wp\/v2\/media\/21657"}],"wp:attachment":[{"href":"https:\/\/joyasyasmin.com\/fr\/wp-json\/wp\/v2\/media?parent=21650"}],"wp:term":[{"taxonomy":"product_brand","embeddable":true,"href":"https:\/\/joyasyasmin.com\/fr\/wp-json\/wp\/v2\/product_brand?post=21650"},{"taxonomy":"product_cat","embeddable":true,"href":"https:\/\/joyasyasmin.com\/fr\/wp-json\/wp\/v2\/product_cat?post=21650"},{"taxonomy":"product_tag","embeddable":true,"href":"https:\/\/joyasyasmin.com\/fr\/wp-json\/wp\/v2\/product_tag?post=21650"}],"curies":[{"name":"wp","href":"https:\/\/api.w.org\/{rel}","templated":true}]}}