{"id":21750,"date":"2024-04-27T17:32:25","date_gmt":"2024-04-27T17:32:25","guid":{"rendered":"https:\/\/joyasyasmin.com\/producto\/bracelet-infini-toi-et-moi\/"},"modified":"2025-09-01T07:43:43","modified_gmt":"2025-09-01T07:43:43","slug":"bracelet-infini-toi-et-moi","status":"publish","type":"product","link":"https:\/\/joyasyasmin.com\/fr\/producto\/bracelet-infini-toi-et-moi\/","title":{"rendered":"Bracelet Infini Toi et Moi"},"content":{"rendered":"","protected":false},"excerpt":{"rendered":"<p>La cha\u00eene infinie, d\u2019une largeur de 5 mm, est compos\u00e9e d\u2019une s\u00e9rie de symboles de l\u2019infini qui s\u2019entrelacent \u00e0 l\u2019infini. Ces infinis sont reli\u00e9s par des cercles argent\u00e9s mats, cr\u00e9ant une composition visuellement captivante qui \u00e9voque l\u2019id\u00e9e d\u2019un cycle sans fin, d\u2019\u00e9ternit\u00e9 et de continuit\u00e9. <\/p>\n<p>D\u2019une longueur de 19 cm, ce bracelet s\u2019adapte confortablement au poignet, tandis que l\u2019extension de 3 cm permet de l\u2019adapter facilement \u00e0 diff\u00e9rentes tailles. La fermeture du mousqueton assure un ajustement s\u00fbr, offrant tranquillit\u00e9 d\u2019esprit et confiance \u00e0 celui qui le porte. <\/p>\n","protected":false},"featured_media":21754,"comment_status":"open","ping_status":"closed","template":"","meta":{"_acf_changed":false,"_joinchat":[]},"product_brand":[],"product_cat":[1790],"product_tag":[],"class_list":{"0":"post-21750","1":"product","2":"type-product","3":"status-publish","4":"has-post-thumbnail","6":"product_cat-bracelets","8":"first","9":"instock","10":"shipping-taxable","11":"purchasable","12":"product-type-simple"},"acf":[],"yoast_head":"<!-- This site is optimized with the Yoast SEO plugin v27.2 - https:\/\/yoast.com\/product\/yoast-seo-wordpress\/ -->\n<title>Bracelet Infini Toi et Moi - Yasmin<\/title>\n<meta name=\"description\" content=\"Le bracelet infini You and Me est une expression sublime de connexion et de continuit\u00e9 dans la vie. Son \u00e9laboration exquise en argent sterling 925 Gace est unique.\" \/>\n<meta name=\"robots\" content=\"index, follow, max-snippet:-1, max-image-preview:large, max-video-preview:-1\" \/>\n<link rel=\"canonical\" href=\"https:\/\/joyasyasmin.com\/fr\/producto\/bracelet-infini-toi-et-moi\/\" \/>\n<meta property=\"og:locale\" content=\"fr_FR\" \/>\n<meta property=\"og:title\" content=\"Bracelet Infini Toi et Moi - Yasmin\" \/>\n<meta property=\"og:description\" content=\"Le bracelet infini You and Me est une expression sublime de connexion et de continuit\u00e9 dans la vie. Son \u00e9laboration exquise en argent sterling 925 Gace est unique.\" \/>\n<meta property=\"og:url\" content=\"https:\/\/joyasyasmin.com\/fr\/producto\/bracelet-infini-toi-et-moi\/\" \/>\n<meta property=\"og:site_name\" content=\"Yasmin\" \/>\n<meta property=\"article:publisher\" content=\"https:\/\/www.facebook.com\/Joyas-Yasmin-217664058934169\/\" \/>\n<meta property=\"article:modified_time\" content=\"2025-09-01T07:43:43+00:00\" \/>\n<meta property=\"og:image\" content=\"https:\/\/joyasyasmin.com\/wp-content\/uploads\/2024\/04\/pulsera-infinito-tu-y-yo-lisa.jpg\" \/>\n\t<meta property=\"og:image:width\" content=\"1000\" \/>\n\t<meta property=\"og:image:height\" content=\"1000\" \/>\n\t<meta property=\"og:image:type\" content=\"image\/jpeg\" \/>\n<meta name=\"twitter:card\" content=\"summary_large_image\" \/>\n<script type=\"application\/ld+json\" class=\"yoast-schema-graph\">{\"@context\":\"https:\/\/schema.org\",\"@graph\":[{\"@type\":[\"WebPage\",\"ItemPage\"],\"@id\":\"https:\/\/joyasyasmin.com\/fr\/producto\/bracelet-infini-toi-et-moi\/\",\"url\":\"https:\/\/joyasyasmin.com\/fr\/producto\/bracelet-infini-toi-et-moi\/\",\"name\":\"Bracelet Infini Toi et Moi - Yasmin\",\"isPartOf\":{\"@id\":\"https:\/\/joyasyasmin.com\/fr\/#website\"},\"primaryImageOfPage\":{\"@id\":\"https:\/\/joyasyasmin.com\/fr\/producto\/bracelet-infini-toi-et-moi\/#primaryimage\"},\"image\":{\"@id\":\"https:\/\/joyasyasmin.com\/fr\/producto\/bracelet-infini-toi-et-moi\/#primaryimage\"},\"thumbnailUrl\":\"https:\/\/joyasyasmin.com\/wp-content\/uploads\/2024\/04\/pulsera-infinito-tu-y-yo-lisa.jpg\",\"datePublished\":\"2024-04-27T17:32:25+00:00\",\"dateModified\":\"2025-09-01T07:43:43+00:00\",\"description\":\"Le bracelet infini You and Me est une expression sublime de connexion et de continuit\u00e9 dans la vie. Son \u00e9laboration exquise en argent sterling 925 Gace est unique.\",\"breadcrumb\":{\"@id\":\"https:\/\/joyasyasmin.com\/fr\/producto\/bracelet-infini-toi-et-moi\/#breadcrumb\"},\"inLanguage\":\"fr-FR\",\"potentialAction\":[{\"@type\":\"ReadAction\",\"target\":[\"https:\/\/joyasyasmin.com\/fr\/producto\/bracelet-infini-toi-et-moi\/\"]}]},{\"@type\":\"ImageObject\",\"inLanguage\":\"fr-FR\",\"@id\":\"https:\/\/joyasyasmin.com\/fr\/producto\/bracelet-infini-toi-et-moi\/#primaryimage\",\"url\":\"https:\/\/joyasyasmin.com\/wp-content\/uploads\/2024\/04\/pulsera-infinito-tu-y-yo-lisa.jpg\",\"contentUrl\":\"https:\/\/joyasyasmin.com\/wp-content\/uploads\/2024\/04\/pulsera-infinito-tu-y-yo-lisa.jpg\",\"width\":1000,\"height\":1000,\"caption\":\"Vente de bo\u00eete infinie en argent sterling 925 d\u2019une largeur de 5mm\"},{\"@type\":\"BreadcrumbList\",\"@id\":\"https:\/\/joyasyasmin.com\/fr\/producto\/bracelet-infini-toi-et-moi\/#breadcrumb\",\"itemListElement\":[{\"@type\":\"ListItem\",\"position\":1,\"name\":\"Portada\",\"item\":\"https:\/\/joyasyasmin.com\/fr\/domicile\/\"},{\"@type\":\"ListItem\",\"position\":2,\"name\":\"Boutique\",\"item\":\"https:\/\/joyasyasmin.com\/fr\/boutique\/\"},{\"@type\":\"ListItem\",\"position\":3,\"name\":\"Bracelet Infini Toi et Moi\"}]},{\"@type\":\"WebSite\",\"@id\":\"https:\/\/joyasyasmin.com\/fr\/#website\",\"url\":\"https:\/\/joyasyasmin.com\/fr\/\",\"name\":\"Yasmin\",\"description\":\"Joyer\u00eda de Plata 925 - Pendientes, pulseras, anillos, colgantes y m\u00e1s!\",\"publisher\":{\"@id\":\"https:\/\/joyasyasmin.com\/fr\/#organization\"},\"potentialAction\":[{\"@type\":\"SearchAction\",\"target\":{\"@type\":\"EntryPoint\",\"urlTemplate\":\"https:\/\/joyasyasmin.com\/fr\/?s={search_term_string}\"},\"query-input\":{\"@type\":\"PropertyValueSpecification\",\"valueRequired\":true,\"valueName\":\"search_term_string\"}}],\"inLanguage\":\"fr-FR\"},{\"@type\":\"Organization\",\"@id\":\"https:\/\/joyasyasmin.com\/fr\/#organization\",\"name\":\"joyas yasmin\",\"url\":\"https:\/\/joyasyasmin.com\/fr\/\",\"logo\":{\"@type\":\"ImageObject\",\"inLanguage\":\"fr-FR\",\"@id\":\"https:\/\/joyasyasmin.com\/fr\/#\/schema\/logo\/image\/\",\"url\":\"https:\/\/joyasyasmin.com\/wp-content\/uploads\/2017\/06\/IMG-20200429-WA0051.jpg\",\"contentUrl\":\"https:\/\/joyasyasmin.com\/wp-content\/uploads\/2017\/06\/IMG-20200429-WA0051.jpg\",\"width\":1080,\"height\":545,\"caption\":\"joyas yasmin\"},\"image\":{\"@id\":\"https:\/\/joyasyasmin.com\/fr\/#\/schema\/logo\/image\/\"},\"sameAs\":[\"https:\/\/www.facebook.com\/Joyas-Yasmin-217664058934169\/\",\"https:\/\/www.instagram.com\/invites\/contact\/\"]}]}<\/script>\n<!-- \/ Yoast SEO plugin. -->","yoast_head_json":{"title":"Bracelet Infini Toi et Moi - Yasmin","description":"Le bracelet infini You and Me est une expression sublime de connexion et de continuit\u00e9 dans la vie. Son \u00e9laboration exquise en argent sterling 925 Gace est unique.","robots":{"index":"index","follow":"follow","max-snippet":"max-snippet:-1","max-image-preview":"max-image-preview:large","max-video-preview":"max-video-preview:-1"},"canonical":"https:\/\/joyasyasmin.com\/fr\/producto\/bracelet-infini-toi-et-moi\/","og_locale":"fr_FR","og_title":"Bracelet Infini Toi et Moi - Yasmin","og_description":"Le bracelet infini You and Me est une expression sublime de connexion et de continuit\u00e9 dans la vie. Son \u00e9laboration exquise en argent sterling 925 Gace est unique.","og_url":"https:\/\/joyasyasmin.com\/fr\/producto\/bracelet-infini-toi-et-moi\/","og_site_name":"Yasmin","article_publisher":"https:\/\/www.facebook.com\/Joyas-Yasmin-217664058934169\/","article_modified_time":"2025-09-01T07:43:43+00:00","og_image":[{"width":1000,"height":1000,"url":"https:\/\/joyasyasmin.com\/wp-content\/uploads\/2024\/04\/pulsera-infinito-tu-y-yo-lisa.jpg","type":"image\/jpeg"}],"twitter_card":"summary_large_image","schema":{"@context":"https:\/\/schema.org","@graph":[{"@type":["WebPage","ItemPage"],"@id":"https:\/\/joyasyasmin.com\/fr\/producto\/bracelet-infini-toi-et-moi\/","url":"https:\/\/joyasyasmin.com\/fr\/producto\/bracelet-infini-toi-et-moi\/","name":"Bracelet Infini Toi et Moi - Yasmin","isPartOf":{"@id":"https:\/\/joyasyasmin.com\/fr\/#website"},"primaryImageOfPage":{"@id":"https:\/\/joyasyasmin.com\/fr\/producto\/bracelet-infini-toi-et-moi\/#primaryimage"},"image":{"@id":"https:\/\/joyasyasmin.com\/fr\/producto\/bracelet-infini-toi-et-moi\/#primaryimage"},"thumbnailUrl":"https:\/\/joyasyasmin.com\/wp-content\/uploads\/2024\/04\/pulsera-infinito-tu-y-yo-lisa.jpg","datePublished":"2024-04-27T17:32:25+00:00","dateModified":"2025-09-01T07:43:43+00:00","description":"Le bracelet infini You and Me est une expression sublime de connexion et de continuit\u00e9 dans la vie. Son \u00e9laboration exquise en argent sterling 925 Gace est unique.","breadcrumb":{"@id":"https:\/\/joyasyasmin.com\/fr\/producto\/bracelet-infini-toi-et-moi\/#breadcrumb"},"inLanguage":"fr-FR","potentialAction":[{"@type":"ReadAction","target":["https:\/\/joyasyasmin.com\/fr\/producto\/bracelet-infini-toi-et-moi\/"]}]},{"@type":"ImageObject","inLanguage":"fr-FR","@id":"https:\/\/joyasyasmin.com\/fr\/producto\/bracelet-infini-toi-et-moi\/#primaryimage","url":"https:\/\/joyasyasmin.com\/wp-content\/uploads\/2024\/04\/pulsera-infinito-tu-y-yo-lisa.jpg","contentUrl":"https:\/\/joyasyasmin.com\/wp-content\/uploads\/2024\/04\/pulsera-infinito-tu-y-yo-lisa.jpg","width":1000,"height":1000,"caption":"Vente de bo\u00eete infinie en argent sterling 925 d\u2019une largeur de 5mm"},{"@type":"BreadcrumbList","@id":"https:\/\/joyasyasmin.com\/fr\/producto\/bracelet-infini-toi-et-moi\/#breadcrumb","itemListElement":[{"@type":"ListItem","position":1,"name":"Portada","item":"https:\/\/joyasyasmin.com\/fr\/domicile\/"},{"@type":"ListItem","position":2,"name":"Boutique","item":"https:\/\/joyasyasmin.com\/fr\/boutique\/"},{"@type":"ListItem","position":3,"name":"Bracelet Infini Toi et Moi"}]},{"@type":"WebSite","@id":"https:\/\/joyasyasmin.com\/fr\/#website","url":"https:\/\/joyasyasmin.com\/fr\/","name":"Yasmin","description":"Joyer\u00eda de Plata 925 - Pendientes, pulseras, anillos, colgantes y m\u00e1s!","publisher":{"@id":"https:\/\/joyasyasmin.com\/fr\/#organization"},"potentialAction":[{"@type":"SearchAction","target":{"@type":"EntryPoint","urlTemplate":"https:\/\/joyasyasmin.com\/fr\/?s={search_term_string}"},"query-input":{"@type":"PropertyValueSpecification","valueRequired":true,"valueName":"search_term_string"}}],"inLanguage":"fr-FR"},{"@type":"Organization","@id":"https:\/\/joyasyasmin.com\/fr\/#organization","name":"joyas yasmin","url":"https:\/\/joyasyasmin.com\/fr\/","logo":{"@type":"ImageObject","inLanguage":"fr-FR","@id":"https:\/\/joyasyasmin.com\/fr\/#\/schema\/logo\/image\/","url":"https:\/\/joyasyasmin.com\/wp-content\/uploads\/2017\/06\/IMG-20200429-WA0051.jpg","contentUrl":"https:\/\/joyasyasmin.com\/wp-content\/uploads\/2017\/06\/IMG-20200429-WA0051.jpg","width":1080,"height":545,"caption":"joyas yasmin"},"image":{"@id":"https:\/\/joyasyasmin.com\/fr\/#\/schema\/logo\/image\/"},"sameAs":["https:\/\/www.facebook.com\/Joyas-Yasmin-217664058934169\/","https:\/\/www.instagram.com\/invites\/contact\/"]}]}},"_links":{"self":[{"href":"https:\/\/joyasyasmin.com\/fr\/wp-json\/wp\/v2\/product\/21750","targetHints":{"allow":["GET"]}}],"collection":[{"href":"https:\/\/joyasyasmin.com\/fr\/wp-json\/wp\/v2\/product"}],"about":[{"href":"https:\/\/joyasyasmin.com\/fr\/wp-json\/wp\/v2\/types\/product"}],"replies":[{"embeddable":true,"href":"https:\/\/joyasyasmin.com\/fr\/wp-json\/wp\/v2\/comments?post=21750"}],"version-history":[{"count":1,"href":"https:\/\/joyasyasmin.com\/fr\/wp-json\/wp\/v2\/product\/21750\/revisions"}],"predecessor-version":[{"id":34543,"href":"https:\/\/joyasyasmin.com\/fr\/wp-json\/wp\/v2\/product\/21750\/revisions\/34543"}],"wp:featuredmedia":[{"embeddable":true,"href":"https:\/\/joyasyasmin.com\/fr\/wp-json\/wp\/v2\/media\/21754"}],"wp:attachment":[{"href":"https:\/\/joyasyasmin.com\/fr\/wp-json\/wp\/v2\/media?parent=21750"}],"wp:term":[{"taxonomy":"product_brand","embeddable":true,"href":"https:\/\/joyasyasmin.com\/fr\/wp-json\/wp\/v2\/product_brand?post=21750"},{"taxonomy":"product_cat","embeddable":true,"href":"https:\/\/joyasyasmin.com\/fr\/wp-json\/wp\/v2\/product_cat?post=21750"},{"taxonomy":"product_tag","embeddable":true,"href":"https:\/\/joyasyasmin.com\/fr\/wp-json\/wp\/v2\/product_tag?post=21750"}],"curies":[{"name":"wp","href":"https:\/\/api.w.org\/{rel}","templated":true}]}}